{"id":1099,"date":"2021-02-05T09:44:16","date_gmt":"2021-02-05T09:44:16","guid":{"rendered":"https:\/\/taizypackaging.com\/?p=1099"},"modified":"2024-07-17T17:42:13","modified_gmt":"2024-07-17T09:42:13","slug":"dip-tea-bags-packing-machine","status":"publish","type":"product","link":"https:\/\/taizypackaging.com\/fr\/dip-tea-bags-packing-machine\/","title":{"rendered":"Machine d'emballage de sachets de th\u00e9 avec ficelle et \u00e9tiquette"},"content":{"rendered":"<div class=\"kk-star-ratings kksr-auto kksr-align-left kksr-valign-top\"     data-payload='{&quot;align&quot;:&quot;left&quot;,&quot;id&quot;:&quot;1099&quot;,&quot;slug&quot;:&quot;default&quot;,&quot;valign&quot;:&quot;top&quot;,&quot;ignore&quot;:&quot;&quot;,&quot;reference&quot;:&quot;auto&quot;,&quot;class&quot;:&quot;&quot;,&quot;count&quot;:&quot;19&quot;,&quot;legendonly&quot;:&quot;&quot;,&quot;readonly&quot;:&quot;&quot;,&quot;score&quot;:&quot;4.8&quot;,&quot;starsonly&quot;:&quot;&quot;,&quot;best&quot;:&quot;5&quot;,&quot;gap&quot;:&quot;5&quot;,&quot;greet&quot;:&quot;Rate this product&quot;,&quot;legend&quot;:&quot;4.8\\\/5 - (19 votes)&quot;,&quot;size&quot;:&quot;24&quot;,&quot;title&quot;:&quot;Tea Pouch Packing Machine with String and Tag&quot;,&quot;width&quot;:&quot;136.7&quot;,&quot;_legend&quot;:&quot;{score}\\\/{best} - ({count} {votes})&quot;,&quot;font_factor&quot;:&quot;1.25&quot;}'>              <div class=\"kksr-stars\">      <div class=\"kksr-stars-inactive\">             <div class=\"kksr-star\" data-star=\"1\" style=\"padding-right: 5px\">               <div class=\"kksr-icon\" style=\"width: 24px; height: 24px;\"><\/div>         <\/div>             <div class=\"kksr-star\" data-star=\"2\" style=\"padding-right: 5px\">               <div class=\"kksr-icon\" style=\"width: 24px; height: 24px;\"><\/div>         <\/div>             <div class=\"kksr-star\" data-star=\"3\" style=\"padding-right: 5px\">               <div class=\"kksr-icon\" style=\"width: 24px; height: 24px;\"><\/div>         <\/div>             <div class=\"kksr-star\" data-star=\"4\" style=\"padding-right: 5px\">               <div class=\"kksr-icon\" style=\"width: 24px; height: 24px;\"><\/div>         <\/div>             <div class=\"kksr-star\" data-star=\"5\" style=\"padding-right: 5px\">               <div class=\"kksr-icon\" style=\"width: 24px; height: 24px;\"><\/div>         <\/div>     <\/div>      <div class=\"kksr-stars-active\" style=\"width: 136.7px;\">             <div class=\"kksr-star\" style=\"padding-right: 5px\">               <div class=\"kksr-icon\" style=\"width: 24px; height: 24px;\"><\/div>         <\/div>             <div class=\"kksr-star\" style=\"padding-right: 5px\">               <div class=\"kksr-icon\" style=\"width: 24px; height: 24px;\"><\/div>         <\/div>             <div class=\"kksr-star\" style=\"padding-right: 5px\">               <div class=\"kksr-icon\" style=\"width: 24px; height: 24px;\"><\/div>         <\/div>             <div class=\"kksr-star\" style=\"padding-right: 5px\">               <div class=\"kksr-icon\" style=\"width: 24px; height: 24px;\"><\/div>         <\/div>             <div class=\"kksr-star\" style=\"padding-right: 5px\">               <div class=\"kksr-icon\" style=\"width: 24px; height: 24px;\"><\/div>         <\/div>     <\/div> <\/div>                   <div class=\"kksr-legend\" style=\"font-size: 19.2px;\">             4,8\/5 - (19 votes)    <\/div>     <\/div>  <p class=\"translation-block\"><strong>La<\/strong> machine d'emballage de sachets de th\u00e9 permet l'emballage int\u00e9gr\u00e9 de sachets de th\u00e9 avec ficelle et \u00e9tiquette. Cette machine d'emballage de sachets de th\u00e9 infus\u00e9s avec \u00e9tiquette est diff\u00e9rente de la machine d'emballage de sachets de th\u00e9 int\u00e9rieurs et ext\u00e9rieurs, cette derni\u00e8re pouvant emballer le sachet int\u00e9rieur et le sachet ext\u00e9rieur. Cette machine est un \u00e9quipement d'emballage automatique multifonctionnel de sachets de th\u00e9 int\u00e9rieurs avec un nouveau type de thermosoudage. La ficelle et l'\u00e9tiquette sont connect\u00e9es au sachet int\u00e9rieur par un dispositif de thermosoudage. La formation de la ficelle et de l'\u00e9tiquette se fait en m\u00eame temps, ce qui \u00e9vite le contact direct avec le mat\u00e9riau d'emballage et am\u00e9liore l'efficacit\u00e9 du travail.<\/p>    <h2 class=\"wp-block-heading\" id=\"tea-packaging-machine-with-string-and-tag-working-video\">Machine d'emballage de th\u00e9 avec vid\u00e9o de travail avec ficelle et \u00e9tiquette<\/h2>   <figure class=\"wp-block-embed-youtube wp-block-embed is-type-video is-provider-youtube wp-embed-aspect-16-9 wp-has-aspect-ratio\"><div class=\"lyte-wrapper fourthree\" title=\"Machine d&#039;emballage de sachets de th\u00e9 avec ficelle et \u00e9tiquette automatique pour les petites entreprises\" style=\"width:960px;max-width:100%;margin:5px auto;\"><div class=\"lyMe hidef\" id=\"WYL_LG-3fs_L1ks\" itemprop=\"video\" itemscope itemtype=\"https:\/\/schema.org\/VideoObject\"><div><meta itemprop=\"thumbnailUrl\" content=\"https:\/\/taizypackaging.com\/wp-content\/plugins\/wp-youtube-lyte\/lyteCache.php?origThumbUrl=https%3A%2F%2Fi.ytimg.com%2Fvi%2FLG-3fs_L1ks%2Fmaxresdefault.jpg\" \/><meta itemprop=\"embedURL\" content=\"https:\/\/www.youtube.com\/embed\/LG-3fs_L1ks\" \/><meta itemprop=\"duration\" content=\"PT1M30S\" \/><meta itemprop=\"uploadDate\" content=\"2022-02-17T07:24:12Z\" \/><\/div><div id=\"lyte_LG-3fs_L1ks\" data-src=\"https:\/\/taizypackaging.com\/wp-content\/plugins\/wp-youtube-lyte\/lyteCache.php?origThumbUrl=https%3A%2F%2Fi.ytimg.com%2Fvi%2FLG-3fs_L1ks%2Fmaxresdefault.jpg\" class=\"pL\"><div class=\"tC\"><div class=\"tT\" itemprop=\"name\">Machine d'emballage de sachets de th\u00e9 avec ficelle et \u00e9tiquette automatique pour les petites entreprises<\/div><\/div><div class=\"play\"><\/div><div class=\"ctrl\"><div class=\"Lctrl\"><\/div><div class=\"Rctrl\"><\/div><\/div><\/div><noscript><a href=\"https:\/\/youtu.be\/LG-3fs_L1ks\" rel=\"nofollow noopener\" target=\"_blank\"><img loading=\"lazy\" decoding=\"async\" src=\"https:\/\/taizypackaging.com\/wp-content\/plugins\/wp-youtube-lyte\/lyteCache.php?origThumbUrl=https%3A%2F%2Fi.ytimg.com%2Fvi%2FLG-3fs_L1ks%2F0.jpg\" alt=\"Machine d&#039;emballage de sachets de th\u00e9 avec ficelle et \u00e9tiquette automatique pour les petites entreprises\" width=\"960\" height=\"700\" \/><br \/>Watch this video on YouTube<\/a><\/noscript><meta itemprop=\"description\" content=\"#teabagpacking #teapackingmachine EMAIL: info@taizypackaging.com TEL\/WHATSAPP: +86 18837171591 USEFUL LINK: https:\/\/taizypackaging.com\/dip-tea-bags-packing-machine\/ This tea bag packing machine with string and tag is a great tea pouch packaging solution. This machine realizes the integrated tea bag packing with string and tag. This machine is an automatic multi-functional inner tea bag packaging equipment with a new heat sealing type. The string and tag are connected to the inner bag through a heat sealing device. The string and tag forming are finished at the same time, which avoids direct contact with the packing material and improves working efficiency. This kind of tea pouch packing machine with string and tag mainly consists of two systems, a feeding system, and a packaging system. It is suitable for automatic packaging of lemongrass tea, broken tea, herbal tea, coffee, plant scented tea, green tea, black tea, grain tea, barley tea, rose tea, health care tea, loose tea, etc. You may also like these videos about tea packaging equipment: Pyramid tea bag packing machine: https:\/\/www.youtube.com\/watch?v=kbEO73W2QQQ Tea packing machine with outer bag: https:\/\/www.youtube.com\/watch?v=StbYeKbuokc EMAIL: info@taizypackaging.com TEL\/WHATSAPP: +86 18837171591 USEFUL LINK: https:\/\/taizypackaging.com\/dip-tea-bags-packing-machine\/\"><\/div><\/div><div class=\"lL\" style=\"max-width:100%;width:960px;margin:5px auto;\"><\/div><figcaption><\/figcaption><\/figure>   <h2 class=\"wp-block-heading\" id=\"h-application-of-tea-inner-bag-packing-machine-with-tag\">Application de la machine d'emballage de sachets de th\u00e9 avec ficelle et \u00e9tiquette<\/h2>    <p>Il convient \u00e0 l'emballage automatique de th\u00e9 \u00e0 la citronnelle, de th\u00e9 cass\u00e9, de tisane, de caf\u00e9, de th\u00e9 parfum\u00e9 aux plantes, de th\u00e9 vert, de th\u00e9 noir, de th\u00e9 aux c\u00e9r\u00e9ales, de th\u00e9 d'orge, de th\u00e9 \u00e0 la rose, de th\u00e9 de sant\u00e9, de th\u00e9 en vrac, etc.<\/p>    <figure class=\"wp-block-image size-full\"><img decoding=\"async\" src=\"https:\/\/taizypackaging.com\/wp-content\/uploads\/2021\/08\/\u5185\u888b\u7ebf\u8336\u53f6\u5305\u88c5\u673a_02.jpg\" alt=\"applications de machine d&#039;emballage de sachets de th\u00e9\" class=\"wp-image-2587\"\/><figcaption class=\"wp-element-caption\">applications de machine d'emballage de sachets de th\u00e9<\/figcaption><\/figure>    <h2 class=\"wp-block-heading\" id=\"h-technical-parameters\">Param\u00e8tres techniques de cette machine \u00e0 emballer le th\u00e9<\/h2>    <figure class=\"wp-block-table\"><table><tbody><tr><td>Port\u00e9e de la mesure<\/td><td>1-10g<\/td><\/tr><tr><td>taille du sac<\/td><td>50-80 mm (L), 45-80 mm (l)<\/td><\/tr><tr><td>Taille de l'\u00e9tiquette<\/td><td>(L*L) 20*28mm\/ 20*25mm\/20*20mm<\/td><\/tr><tr><td>Vitesse d'emballage<\/td><td>30-60 sacs\/min<\/td><\/tr><tr><td>Dimension (L*L*H)<\/td><td>1250*750*1750mm<\/td><\/tr><tr><td>Poids<\/td><td>380 kg<\/td><\/tr><tr><td>Pouvoir total<\/td><td>C.A. 220V50HZ 1,6KW<\/td><\/tr><\/tbody><\/table><\/figure>    <h2 class=\"wp-block-heading\" id=\"h-the-details-of-tea-inner-bag-packing-machine-with-tag\">Avantages de la machine d'emballage de sachets de th\u00e9 avec \u00e9tiquette et ficelle<\/h2>    <ol class=\"wp-block-list\"> <li>Panneau de commande intelligent, op\u00e9ration facile, contr\u00f4le pr\u00e9cis, s\u00fbr et pratique<\/li>    <li>Terminez automatiquement le processus d'alimentation, de pes\u00e9e, de remplissage, de scellage et de d\u00e9coupe.<\/li>    <li>Mat\u00e9riau en acier inoxydable 304 de qualit\u00e9 alimentaire, hygi\u00e9nique et fiable<\/li>    <li>Syst\u00e8me d'arr\u00eat d'urgence pour assurer la s\u00e9curit\u00e9 des op\u00e9rateurs<\/li>    <li>Services standards et personnalis\u00e9s disponibles <\/li> <\/ol>    <figure class=\"wp-block-image size-full\"><img decoding=\"async\" src=\"https:\/\/taizypackaging.com\/wp-content\/uploads\/2021\/08\/\u5185\u888b\u7ebf\u8336\u53f6\u5305\u88c5\u673a_05.jpg\" alt=\"D\u00e9tails de la machine d&#039;emballage de sachets de th\u00e9\" class=\"wp-image-2589\"\/><figcaption class=\"wp-element-caption\">D\u00e9tails de la machine d'emballage de sachets de th\u00e9<\/figcaption><\/figure>    <h2 class=\"wp-block-heading\" id=\"h-measurement-method\">M\u00e9thodes de mesure<\/h2>    <p>M\u00e9thode volum\u00e9trique. La tasse \u00e0 mesurer est fabriqu\u00e9e en acier inoxydable 304, durable et fiable. <\/p>   <div class=\"wp-block-image wp-image-1103 size-full\"> <figure class=\"aligncenter\"><img decoding=\"async\" src=\"https:\/\/taizypackaging.com\/wp-content\/uploads\/2021\/02\/tea-packing-machine-with-string-and-tag.jpg\" alt=\"machine \u00e0 emballer le th\u00e9 avec ficelle et \u00e9tiquette\" class=\"wp-image-3397\"\/><figcaption class=\"wp-element-caption\">machine \u00e0 emballer le th\u00e9 avec ficelle et \u00e9tiquette<\/figcaption><\/figure> <\/div>   <h2 class=\"wp-block-heading\" id=\"h-faq-of-tea-bags-packing-machine\">FAQ sur la machine de remplissage et de scellage de sachets de th\u00e9<\/h2>    <ul class=\"wp-block-list\"> <li>Comment trouver une machine d'emballage de sachets de th\u00e9 adapt\u00e9e\u00a0? <\/li> <\/ul>    <p>Parlez-nous des d\u00e9tails de votre produit\u00a0: quel type de mat\u00e9riaux devez-vous emballer, la taille de vos mat\u00e9riaux (vous pouvez me donner une photo).<\/p>    <ul class=\"wp-block-list\"> <li>\u00cates-vous une usine ou une soci\u00e9t\u00e9 commerciale\u00a0?<\/li> <\/ul>    <p>Nous sommes l'usine, et surtout la R&amp;D. Nous fabriquons et vendons \u00e9galement diverses machines d'emballage. Nous vendons actuellement cinq types de machines d'emballage, et nous avons \u00e9galement des machines d'emballage de poudre, des machines d'emballage de granul\u00e9s, des machines d'emballage de liquides, des machines d'emballage de p\u00e2te, etc.<\/p>    <ul class=\"wp-block-list\" start=\"3\"> <li>Quel est votre mode de paiement\u00a0?<\/li> <\/ul>    <p>\u00c0 l'heure actuelle, nos machines sont export\u00e9es dans le monde entier et nous prenons donc en charge diverses m\u00e9thodes de paiement.<\/p>    <ul class=\"wp-block-list\" start=\"4\"> <li>Comment pouvons-nous nous assurer de la qualit\u00e9 de la machine apr\u00e8s avoir pass\u00e9 la commande\u00a0?<\/li> <\/ul>    <p>Avant la livraison, nous vous enverrons des photos et des vid\u00e9os pour que vous puissiez tester la qualit\u00e9 de la machine. Et vous pouvez \u00e9galement demander \u00e0 vos amis en Chine de v\u00e9rifier par vous-m\u00eame.<\/p>    <ul class=\"wp-block-list\" start=\"5\"> <li>Pourquoi devrions-nous choisir votre entreprise\u00a0?<\/li> <\/ul>    <p>Nous sommes professionnels dans les machines d'emballage depuis plus de 10 ans et nous offrons un meilleur service apr\u00e8s-vente. Nous garantissons aucun risque pour notre transaction.<\/p>    <ul class=\"wp-block-list\"> <li>Qu\u2019en est-il du prix de la machine d\u2019emballage de sachets int\u00e9rieurs de th\u00e9\u00a0?<\/li> <\/ul>    <p>Comme mentionn\u00e9 ci-dessus, nous vendons actuellement de nombreux types de machines d'emballage de sachets de th\u00e9 de Taizy Company, les prix varient donc. De plus, les prix que nous indiquons sur Internet font \u00e9galement r\u00e9f\u00e9rence \u00e0 des prix. Parce que les mat\u00e9riaux d'emballage et la plage de poids de l'emballage d\u00e9termineront le prix de la machine. Si vous envisagez d'acheter une machine de conditionnement de th\u00e9, contactez notre responsable technique. Il vous fera un devis selon vos besoins.<\/p>    <h2 class=\"wp-block-heading\" id=\"structures-of-tea-packing-machine-with-string-and-tag\">Structures de machine \u00e0 emballer le th\u00e9 avec ficelle et \u00e9tiquette<\/h2>    <p>Ce type de machine d'emballage de sachets de th\u00e9 avec ficelle et \u00e9tiquette se compose principalement de deux syst\u00e8mes, un syst\u00e8me d'alimentation et un syst\u00e8me d'emballage. Pour compl\u00e9ter le processus automatique de conditionnement du th\u00e9, de nombreuses pi\u00e8ces fonctionnent ensemble, telles qu'une tr\u00e9mie d'alimentation, un plateau d'alimentation rotatif, un panneau de commande, un formeur de sachets, un convoyeur, etc. En outre, nous avons besoin de mati\u00e8res premi\u00e8res pour terminer la cha\u00eene de production compl\u00e8te de th\u00e9. comme le th\u00e9, les \u00e9tiquettes et les mat\u00e9riaux d'emballage. <\/p>    <figure class=\"wp-block-image size-full\"><img decoding=\"async\" src=\"https:\/\/taizypackaging.com\/wp-content\/uploads\/2021\/08\/\u5185\u888b\u7ebf\u8336\u53f6\u5305\u88c5\u673a_03.jpg\" alt=\"machine d&#039;emballage de th\u00e9 avec structure de ficelle et d&#039;\u00e9tiquette\" class=\"wp-image-2586\"\/><figcaption class=\"wp-element-caption\">machine d'emballage de th\u00e9 avec structure de ficelle et d'\u00e9tiquette<\/figcaption><\/figure>    <h2 class=\"wp-block-heading\" id=\"h-customer-case\">Cas client<\/h2>    <p class=\"translation-block\">Un client africain nous a command\u00e9 une machine d'emballage de sachets de th\u00e9 pour emballer du th\u00e9 en vrac. Elle souhaitait lancer sa propre entreprise. Apr\u00e8s avoir communiqu\u00e9 avec notre responsable technique sur les d\u00e9tails de l'emballage, la commande a \u00e9t\u00e9 pass\u00e9e. Apr\u00e8s r\u00e9ception de la machine, le client a effectu\u00e9 un test de machine. Il a \u00e9galement d\u00e9clar\u00e9 que l'effet d'emballage \u00e9tait tr\u00e8s bon. Le sachet de th\u00e9 emball\u00e9 avec une enveloppe ext\u00e9rieure qu'il emballe est tr\u00e8s populaire sur le march\u00e9. Enfin, le client a d\u00e9clar\u00e9 que lorsque l'activit\u00e9 actuelle se stabilisera, il nous commandera une autre <a href=\"https:\/\/taizypackaging.com\/fr\/tea-packaging-machine\/\">machine d'emballage de sachets de th\u00e9 int\u00e9rieurs et ext\u00e9rieurs<\/a> pour d\u00e9velopper son activit\u00e9.<\/p>    <figure class=\"wp-block-image size-full\"><img decoding=\"async\" src=\"https:\/\/taizypackaging.com\/wp-content\/uploads\/2021\/02\/customer-feedback-of-quality-tea-bag-packing-equipment.jpg\" alt=\"commentaires des clients sur l&#039;\u00e9quipement d&#039;emballage de sachets de th\u00e9 de qualit\u00e9\" class=\"wp-image-3398\"\/><figcaption class=\"wp-element-caption\">commentaires des clients sur l'\u00e9quipement d'emballage de sachets de th\u00e9 de qualit\u00e9<\/figcaption><\/figure>    <h2 class=\"wp-block-heading\" id=\"contact-us-today-to-start-your-tea-project\">Contactez-nous d\u00e8s aujourd'hui pour d\u00e9marrer votre projet de th\u00e9 !<\/h2>    <p class=\"translation-block\">Le th\u00e9 infus\u00e9 est aussi populaire que le caf\u00e9 et le th\u00e9 au lait. Et c'est une excellente opportunit\u00e9 pour l'activit\u00e9 d'emballage de th\u00e9. Une machine d'emballage de sachets de th\u00e9 avec ficelle et \u00e9tiquette est le principal type de solution d'emballage de th\u00e9. Elle a une petite taille et un faible co\u00fbt, elle convient donc tout \u00e0 fait \u00e0 votre petite entreprise. De plus, il existe des <a href=\"https:\/\/taizypackaging.com\/fr\/pyramid-tea-bag-packing-machine-price\/\">machines d'emballage de sachets de th\u00e9 pyramidaux<\/a> et des machines d'emballage de th\u00e9 int\u00e9rieures et ext\u00e9rieures de la soci\u00e9t\u00e9 <a href=\"https:\/\/taizypackaging.com\/fr\/\">Taizy Packaging Machinery<\/a>. Si vous recherchez une machine d'emballage de th\u00e9 fiable, contactez-nous pour obtenir plus d'informations utiles. <\/p>","protected":false},"excerpt":{"rendered":"<p>The tea pouch packing machine realizes the integrated tea bag packing with string and tag. This dip tea bag packing machine with tag unity is different from the tea inner and outer bag packaging machine, and the latter can package the inner bag and the outer bag. This machine is an automatic multi-functional inner tea [&hellip;]<\/p>\n","protected":false},"author":1,"featured_media":2584,"parent":0,"template":"","tags":[470,482,563],"product-type":[667],"class_list":["post-1099","product","type-product","status-publish","has-post-thumbnail","hentry","tag-tea-bag-packing-machine","tag-tea-packing-machine","tag-tea-pouch-packing-machine","product-type-tea-packing-machine"],"_links":{"self":[{"href":"https:\/\/taizypackaging.com\/fr\/wp-json\/wp\/v2\/product\/1099","targetHints":{"allow":["GET"]}}],"collection":[{"href":"https:\/\/taizypackaging.com\/fr\/wp-json\/wp\/v2\/product"}],"about":[{"href":"https:\/\/taizypackaging.com\/fr\/wp-json\/wp\/v2\/types\/product"}],"author":[{"embeddable":true,"href":"https:\/\/taizypackaging.com\/fr\/wp-json\/wp\/v2\/users\/1"}],"wp:featuredmedia":[{"embeddable":true,"href":"https:\/\/taizypackaging.com\/fr\/wp-json\/wp\/v2\/media\/2584"}],"wp:attachment":[{"href":"https:\/\/taizypackaging.com\/fr\/wp-json\/wp\/v2\/media?parent=1099"}],"wp:term":[{"taxonomy":"post_tag","embeddable":true,"href":"https:\/\/taizypackaging.com\/fr\/wp-json\/wp\/v2\/tags?post=1099"},{"taxonomy":"product-type","embeddable":true,"href":"https:\/\/taizypackaging.com\/fr\/wp-json\/wp\/v2\/product-type?post=1099"}],"curies":[{"name":"wp","href":"https:\/\/api.w.org\/{rel}","templated":true}]}}