{"id":1146,"date":"2021-03-08T10:41:07","date_gmt":"2021-03-08T10:41:07","guid":{"rendered":"https:\/\/taizypackaging.com\/?p=1146"},"modified":"2024-07-17T17:38:54","modified_gmt":"2024-07-17T09:38:54","slug":"pyramid-tea-bag-packing-machine-price","status":"publish","type":"product","link":"https:\/\/taizypackaging.com\/fr\/pyramid-tea-bag-packing-machine-price\/","title":{"rendered":"Machine d'emballage de sachets de th\u00e9 pyramidaux"},"content":{"rendered":"<div class=\"kk-star-ratings kksr-auto kksr-align-left kksr-valign-top\"     data-payload='{&quot;align&quot;:&quot;left&quot;,&quot;id&quot;:&quot;1146&quot;,&quot;slug&quot;:&quot;default&quot;,&quot;valign&quot;:&quot;top&quot;,&quot;ignore&quot;:&quot;&quot;,&quot;reference&quot;:&quot;auto&quot;,&quot;class&quot;:&quot;&quot;,&quot;count&quot;:&quot;11&quot;,&quot;legendonly&quot;:&quot;&quot;,&quot;readonly&quot;:&quot;&quot;,&quot;score&quot;:&quot;4.9&quot;,&quot;starsonly&quot;:&quot;&quot;,&quot;best&quot;:&quot;5&quot;,&quot;gap&quot;:&quot;5&quot;,&quot;greet&quot;:&quot;Rate this product&quot;,&quot;legend&quot;:&quot;4.9\\\/5 - (11 votes)&quot;,&quot;size&quot;:&quot;24&quot;,&quot;title&quot;:&quot;Pyramid Tea Bag Packing Machine&quot;,&quot;width&quot;:&quot;139.6&quot;,&quot;_legend&quot;:&quot;{score}\\\/{best} - ({count} {votes})&quot;,&quot;font_factor&quot;:&quot;1.25&quot;}'>              <div class=\"kksr-stars\">      <div class=\"kksr-stars-inactive\">             <div class=\"kksr-star\" data-star=\"1\" style=\"padding-right: 5px\">               <div class=\"kksr-icon\" style=\"width: 24px; height: 24px;\"><\/div>         <\/div>             <div class=\"kksr-star\" data-star=\"2\" style=\"padding-right: 5px\">               <div class=\"kksr-icon\" style=\"width: 24px; height: 24px;\"><\/div>         <\/div>             <div class=\"kksr-star\" data-star=\"3\" style=\"padding-right: 5px\">               <div class=\"kksr-icon\" style=\"width: 24px; height: 24px;\"><\/div>         <\/div>             <div class=\"kksr-star\" data-star=\"4\" style=\"padding-right: 5px\">               <div class=\"kksr-icon\" style=\"width: 24px; height: 24px;\"><\/div>         <\/div>             <div class=\"kksr-star\" data-star=\"5\" style=\"padding-right: 5px\">               <div class=\"kksr-icon\" style=\"width: 24px; height: 24px;\"><\/div>         <\/div>     <\/div>      <div class=\"kksr-stars-active\" style=\"width: 139.6px;\">             <div class=\"kksr-star\" style=\"padding-right: 5px\">               <div class=\"kksr-icon\" style=\"width: 24px; height: 24px;\"><\/div>         <\/div>             <div class=\"kksr-star\" style=\"padding-right: 5px\">               <div class=\"kksr-icon\" style=\"width: 24px; height: 24px;\"><\/div>         <\/div>             <div class=\"kksr-star\" style=\"padding-right: 5px\">               <div class=\"kksr-icon\" style=\"width: 24px; height: 24px;\"><\/div>         <\/div>             <div class=\"kksr-star\" style=\"padding-right: 5px\">               <div class=\"kksr-icon\" style=\"width: 24px; height: 24px;\"><\/div>         <\/div>             <div class=\"kksr-star\" style=\"padding-right: 5px\">               <div class=\"kksr-icon\" style=\"width: 24px; height: 24px;\"><\/div>         <\/div>     <\/div> <\/div>                   <div class=\"kksr-legend\" style=\"font-size: 19.2px;\">             4,9\/5 - (11 votes)    <\/div>     <\/div>  <p class=\"translation-block\"><strong>Machine \u00e0 emballer les sachets pyramidaux<\/strong>, ou machine d\u2019emballage triangle en nylon, est con\u00e7ue pour emballer des produits comme le th\u00e9 vert, le th\u00e9 noir, le th\u00e9 en vrac, le th\u00e9 florale, le th\u00e9 d\u2019herbes chinoises, etc. Elle peut automatiquement r\u00e9aliser le processus d\u2019alimentation, pesage, remplissage, scellement et coupe, de mani\u00e8re efficace et s\u00e9curis\u00e9e. <\/p>    <h2 class=\"wp-block-heading\">Vid\u00e9o de travail de la machine d'emballage de sachets de th\u00e9 Pyramid<\/h2>   <figure class=\"wp-block-embed-youtube wp-block-embed is-type-video is-provider-youtube wp-embed-aspect-16-9 wp-has-aspect-ratio\"><div class=\"lyte-wrapper fourthree\" title=\"Machine d&#039;emballage de th\u00e9 pyramidal\" style=\"width:960px;max-width:100%;margin:5px auto;\"><div class=\"lyMe hidef\" id=\"WYL_kbEO73W2QQQ\" itemprop=\"video\" itemscope itemtype=\"https:\/\/schema.org\/VideoObject\"><div><meta itemprop=\"thumbnailUrl\" content=\"https:\/\/taizypackaging.com\/wp-content\/plugins\/wp-youtube-lyte\/lyteCache.php?origThumbUrl=https%3A%2F%2Fi.ytimg.com%2Fvi%2FkbEO73W2QQQ%2Fmaxresdefault.jpg\" \/><meta itemprop=\"embedURL\" content=\"https:\/\/www.youtube.com\/embed\/kbEO73W2QQQ\" \/><meta itemprop=\"duration\" content=\"PT59S\" \/><meta itemprop=\"uploadDate\" content=\"2021-08-07T11:00:08Z\" \/><\/div><div id=\"lyte_kbEO73W2QQQ\" data-src=\"https:\/\/taizypackaging.com\/wp-content\/plugins\/wp-youtube-lyte\/lyteCache.php?origThumbUrl=https%3A%2F%2Fi.ytimg.com%2Fvi%2FkbEO73W2QQQ%2Fmaxresdefault.jpg\" class=\"pL\"><div class=\"tC\"><div class=\"tT\" itemprop=\"name\">Machine d'emballage de th\u00e9 pyramidal<\/div><\/div><div class=\"play\"><\/div><div class=\"ctrl\"><div class=\"Lctrl\"><\/div><div class=\"Rctrl\"><\/div><\/div><\/div><noscript><a href=\"https:\/\/youtu.be\/kbEO73W2QQQ\" rel=\"nofollow noopener\" target=\"_blank\"><img loading=\"lazy\" decoding=\"async\" src=\"https:\/\/taizypackaging.com\/wp-content\/plugins\/wp-youtube-lyte\/lyteCache.php?origThumbUrl=https%3A%2F%2Fi.ytimg.com%2Fvi%2FkbEO73W2QQQ%2F0.jpg\" alt=\"Machine d&#039;emballage de th\u00e9 pyramidal\" width=\"960\" height=\"700\" \/><br \/>Watch this video on YouTube<\/a><\/noscript><meta itemprop=\"description\" content=\"WhatsApp\/Wechat\/Tel:+86 19139754781 The nylon triangle tea bag is a popular style recently, and nowadays, pyramid tea bags can be purchased in various stores around the world. As its name suggests, when you take the teabag out of the box and place it on the counter, the teabag is like a triangular pyramid. It is very suitable for brewing a cup of tea quickly. Also, there is a convenient string for drinking from the cup.If you want to learn more:https:\/\/taizypackaging.com\/pyramid-tea-bag-packing-machine-price\/\"><\/div><\/div><div class=\"lL\" style=\"max-width:100%;width:960px;margin:5px auto;\"><\/div><figcaption><\/figcaption><\/figure>   <h2 class=\"wp-block-heading\" id=\"h-applicable-materials-of-nylon-triangle-tea-packaging-machine\">Applications de la machine d'emballage de sachets de th\u00e9 pyramidaux<\/h2>    <p>La machine d'emballage peut emballer du th\u00e9 \u00e0 la citronnelle, du th\u00e9 vert, du th\u00e9 noir, du th\u00e9 parfum\u00e9, du caf\u00e9, du th\u00e9 chinois, du th\u00e9 sain, des tisanes, du th\u00e9 oolong, du th\u00e9 aux fleurs, des granul\u00e9s, etc. Avec un dispositif de contr\u00f4le PLC intelligent, la petite machine \u00e0 emballer le th\u00e9 est tr\u00e8s facile \u00e0 utiliser et \u00e0 entretenir. De plus, il est de petite taille et son prix est abordable. Bref, un faible co\u00fbt et un rendement \u00e9lev\u00e9. <\/p>    <figure class=\"wp-block-image size-full\"><img decoding=\"async\" src=\"https:\/\/taizypackaging.com\/wp-content\/uploads\/2021\/08\/\u4e09\u89d2\u5305\u8336\u53f6\u5305\u88c5\u673a_02.jpg\" alt=\"Utilisations de la machine \u00e0 emballer les sachets de th\u00e9 pyramidaux\" class=\"wp-image-2604\"\/><figcaption class=\"wp-element-caption\">Utilisations de la machine \u00e0 emballer les sachets de th\u00e9 pyramidaux<\/figcaption><\/figure>    <h2 class=\"wp-block-heading\" id=\"h-the-design-features-of-pyramid-tea-bag-machine\">Caract\u00e9ristiques de conception de la machine \u00e0 sachets de th\u00e9 Pyramid<\/h2>    <ul class=\"wp-block-list\"> <li>Comme son nom l\u2019indique, le sachet de th\u00e9 pyramidal ressemble \u00e0 une pyramide triangulaire. Il dispose \u00e9galement d'un cordon pour faire du th\u00e9. Accrochez l'\u00e9tiquette \u00e0 l'ext\u00e9rieur de la tasse lorsque vous pr\u00e9parez du th\u00e9. En termes d'apparence, le sachet de th\u00e9 triangulaire est plus attractif pour les jeunes consommateurs.<\/li>    <li>Le sachet de th\u00e9 Triangle a de meilleures performances. Nous pouvons calculer cela sp\u00e9cifiquement pour deux sachets de th\u00e9 du m\u00eame volume. Le sachet de th\u00e9 triangulaire a une plus grande surface en contact avec l'eau chaude. Le sachet de th\u00e9 traditionnel ne peut avoir qu'environ la moiti\u00e9 de la surface de contact, tandis que le sachet de th\u00e9 triangulaire peut atteindre les 3\/4 de la surface de contact. Cette solution d'emballage am\u00e9liore l'effet de lib\u00e9ration du th\u00e9. Et il est plus facile de pr\u00e9parer du th\u00e9 en peu de temps. En outre, il est plus pratique pour le magasin de boissons d\u2019extraire rapidement le th\u00e9.<\/li>    <li>Processus de pr\u00e9paration du th\u00e9 plus \u00e9tendu. Le sachet de th\u00e9 pyramidal pr\u00e9sente un avantage \u00e9vident en termes d'apparence par rapport au sachet de th\u00e9 traditionnel. Le th\u00e9 est dans le sachet de th\u00e9 triangulaire afin que l'infuseur puisse sentir le flottement gracieux du go\u00fbt du th\u00e9 et de l'eau chaude. Et une exp\u00e9rience de pr\u00e9paration du th\u00e9 plus \u00e9l\u00e9gante qu'un emballage de th\u00e9 ordinaire.<\/li> <\/ul>   <div class=\"wp-block-image wp-image-1160 size-full\"> <figure class=\"aligncenter\"><img decoding=\"async\" src=\"https:\/\/taizypackaging.com\/wp-content\/uploads\/2021\/03\/pyramid-tea-bag-packing-machine.jpg\" alt=\"machine d&#039;emballage de sachets de th\u00e9 pyramidaux\" class=\"wp-image-3419\"\/><figcaption class=\"wp-element-caption\">machine d'emballage de sachets de th\u00e9 pyramidaux<\/figcaption><\/figure> <\/div>   <h2 class=\"wp-block-heading\" id=\"h-the-details-of-pyramid-tea-packing-machine\">D\u00e9tails de structure de la machine \u00e0 emballer le th\u00e9 pyramidal<\/h2>    <p>Une machine d'emballage pyramidale de sachets de th\u00e9 se compose principalement de trois syst\u00e8mes, un syst\u00e8me de contr\u00f4le automatis\u00e9, un syst\u00e8me de transmission \u00e0 m\u00e9canisme de pr\u00e9cision et un syst\u00e8me de transmission pneumatique. <\/p>    <figure class=\"wp-block-image size-full\"><img loading=\"lazy\" decoding=\"async\" width=\"720\" height=\"540\" src=\"https:\/\/taizypackaging.com\/wp-content\/uploads\/2021\/03\/pyramid-tea-bag-packing-machine-parts.jpg\" alt=\"Pi\u00e8ces de machine \u00e0 emballer de sachets de th\u00e9 pyramidauxPi\u00e8ces de machine \u00e0 emballer de sachets de th\u00e9 pyramidaux\" class=\"wp-image-4094\" srcset=\"https:\/\/taizypackaging.com\/wp-content\/uploads\/2021\/03\/pyramid-tea-bag-packing-machine-parts.jpg 720w, https:\/\/taizypackaging.com\/wp-content\/uploads\/2021\/03\/pyramid-tea-bag-packing-machine-parts-300x225.jpg 300w\" sizes=\"auto, (max-width: 720px) 100vw, 720px\" \/><figcaption class=\"wp-element-caption\">Pi\u00e8ces de machine \u00e0 emballer de sachets de th\u00e9 pyramidaux<\/figcaption><\/figure>    <h2 class=\"wp-block-heading\" id=\"h-packaging-form-and-materials\">Forme et mat\u00e9riaux d'emballage<\/h2>    <p class=\"translation-block\"><strong>Formes d\u2019emballage :<\/strong> Peut \u00eatre utilis\u00e9e pour l\u2019emballage en sachet plat, emballage triangulaire, etc.<\/p>    <p class=\"translation-block\"><strong>Mat\u00e9riaux d\u2019emballage :<\/strong> nylon, PET, non-tiss\u00e9, fibre de ma\u00efs.<\/p>    <figure class=\"wp-block-gallery has-nested-images columns-3 is-cropped wp-block-gallery-2 is-layout-flex wp-block-gallery-is-layout-flex\"> <figure class=\"wp-block-image size-large\"><a href=\"https:\/\/taizypackaging.com\/wp-content\/uploads\/2021\/03\/Nylon-filter-bag.jpg\"><img decoding=\"async\" data-id=\"1158\" src=\"https:\/\/taizypackaging.com\/wp-content\/uploads\/2021\/03\/Nylon-filter-bag.jpg\" alt=\"Sac filtrant en nylon\" class=\"wp-image-1158\"\/><\/a><\/figure>    <figure class=\"wp-block-image size-large\"><a href=\"https:\/\/taizypackaging.com\/wp-content\/uploads\/2021\/03\/nylon-tea-bag-2.jpg\"><img decoding=\"async\" data-id=\"1157\" src=\"https:\/\/taizypackaging.com\/wp-content\/uploads\/2021\/03\/nylon-tea-bag-2.jpg\" alt=\"sachet de th\u00e9 en nylon-2\" class=\"wp-image-1157\"\/><\/a><\/figure>    <figure class=\"wp-block-image size-large\"><a href=\"https:\/\/taizypackaging.com\/wp-content\/uploads\/2021\/03\/nylon-tea-bag.jpg\"><img decoding=\"async\" data-id=\"1156\" src=\"https:\/\/taizypackaging.com\/wp-content\/uploads\/2021\/03\/nylon-tea-bag.jpg\" alt=\"sachet de th\u00e9 en nylon\" class=\"wp-image-1156\"\/><\/a><\/figure> <\/figure>    <h2 class=\"wp-block-heading\" id=\"h-technical-parameters\">Param\u00e8tres techniques de la machine \u00e0 emballer le th\u00e9 pyramidal<\/h2>    <figure class=\"wp-block-table is-style-stripes\"><table><tbody><tr><td>Largeur du sac<\/td><td>60-80mm<\/td><\/tr><tr><td>Longueur de sac<\/td><td>&nbsp;40-80mm<\/td><\/tr><tr><td>Vitesse d'emballage<\/td><td>20, 40, 60 sacs\/min<\/td><\/tr><tr><td>Plage de pes\u00e9e<\/td><td>1-7g<\/td><\/tr><tr><td>Pouvoir<\/td><td>220V\/2KW<\/td><\/tr><tr><td>Pression de l'air<\/td><td>pompe \u00e0 air<\/td><\/tr><tr><td>Consommation d'air<\/td><td>0,6 m3\/min<\/td><\/tr><tr><td>Poids total<\/td><td>400 kg<\/td><\/tr><tr><td>Taille<\/td><td>&nbsp;1200*920*2060mm<\/td><\/tr><\/tbody><\/table><\/figure>    <h2 class=\"wp-block-heading\" id=\"h-difference-between-a-labeled-tea-bag-and-a-nylon-triangle-tea-bag\">Diff\u00e9rences entre un sachet de th\u00e9 \u00e9tiquet\u00e9 et un sachet de th\u00e9 triangulaire en nylon<\/h2>    <p>Le produit fini emball\u00e9 par la machine \u00e0 emballer le th\u00e9 pyramidal est diff\u00e9rent des autres emballages de th\u00e9. Les sachets de th\u00e9 \u00e9tiquet\u00e9s sont des sachets de th\u00e9 rectangulaires standard. Il est rempli de feuilles de th\u00e9, un cordon est cousu sur le dessus et une petite \u00e9tiquette est clou\u00e9e \u00e0 l'autre extr\u00e9mit\u00e9 du cordon. Il est pratique de pr\u00e9parer dans une tasse. Ces sachets de th\u00e9 sont g\u00e9n\u00e9ralement emball\u00e9s individuellement dans un sac ou une bo\u00eete en papier scell\u00e9 pour obtenir un th\u00e9 aussi frais que possible.<\/p>    <p>Le sachet de th\u00e9 triangulaire en nylon est un style populaire r\u00e9cemment et, de nos jours, les sachets de th\u00e9 pyramidaux peuvent \u00eatre achet\u00e9s dans divers magasins \u00e0 travers le monde. Comme son nom l\u2019indique, lorsque vous sortez le sachet de th\u00e9 de la bo\u00eete et que vous le placez sur le comptoir, le sachet de th\u00e9 ressemble \u00e0 une pyramide triangulaire. Il est tr\u00e8s appropri\u00e9 pour pr\u00e9parer une tasse de th\u00e9 rapidement. Il y a \u00e9galement une ficelle pratique pour boire dans la tasse.<\/p>   <div class=\"wp-block-image wp-image-1147 size-full\"> <figure class=\"aligncenter\"><img decoding=\"async\" src=\"https:\/\/taizypackaging.com\/wp-content\/uploads\/2021\/03\/nylon-triangle-tea-bag.jpg\" alt=\"sachet de th\u00e9 triangulaire en nylon\" class=\"wp-image-1147\"\/><figcaption class=\"wp-element-caption\">sachet de th\u00e9 triangulaire en nylon<\/figcaption><\/figure> <\/div>   <h2 class=\"wp-block-heading\" id=\"h-pyramid-tea-bag-packing-machine-price\">Quel est le prix de la machine \u00e0 emballer les sachets de th\u00e9 Pyramid\u00a0? <\/h2>    <p>Le prix de la machine \u00e0 emballer les sachets de th\u00e9 pyramidaux est assez diff\u00e9rent en raison de diff\u00e9rentes configurations. Nous \u00e9quipons la machine d'emballage de sachets triangulaires de th\u00e9 de balances. Actuellement, nous disposons d'une machine d'emballage de th\u00e9 pyramidale \u00e0 deux \u00e9chelles, d'une machine d'emballage de th\u00e9 triangulaire \u00e0 quatre \u00e9chelles et d'une machine d'emballage de th\u00e9 triangulaire en nylon \u00e0 six \u00e9chelles.<\/p>    <p>Leur vitesse d\u2019emballage est donc diff\u00e9rente.  En outre, le prix de la machine d'emballage de th\u00e9 pyramidal est li\u00e9 \u00e0 de nombreux autres facteurs tels que le mat\u00e9riau de la machine, la marque du moteur, les frais d'exp\u00e9dition, etc. Le prix de la machine d'emballage de th\u00e9 triangulaire n'est donc pas fixe. Si vous souhaitez conna\u00eetre une liste de prix d\u00e9taill\u00e9e, contactez-nous d\u00e8s maintenant. Nous vous recommanderons une machine de conditionnement de th\u00e9 pr\u00e9cise pour vos besoins r\u00e9els.<\/p>    <h2 class=\"wp-block-heading\" id=\"h-why-choose-a-nylon-triangle-tea-packaging-machine\">Pourquoi choisir une machine de conditionnement de th\u00e9 triangulaire en nylon\u00a0?<\/h2>    <ul class=\"wp-block-list\"> <li>Il peut produire un effet tridimensionnel. Et il y a de la place pour que les mati\u00e8res premi\u00e8res telles que le th\u00e9 original, les tisanes, le th\u00e9 au ginseng, le th\u00e9 aux fruits, etc. se d\u00e9ploient pleinement et exsudent leur saveur.<\/li>    <li>Il peut \u00eatre infus\u00e9 plusieurs fois et pendant une longue p\u00e9riode pour utiliser pleinement le th\u00e9 original.<\/li>    <li>Cela lib\u00e9rera le go\u00fbt du th\u00e9 en peu de temps.<\/li>    <li>Il adopte l'onde ultrasonique pour sceller sans aucune trace afin de cr\u00e9er l'image de sachets de th\u00e9 de haute qualit\u00e9.<\/li>    <li>Il est transparent, les consommateurs peuvent voir clairement les mat\u00e9riaux d'emballage \u00e0 l'int\u00e9rieur.<\/li> <\/ul>    <figure class=\"wp-block-image size-full\"><img decoding=\"async\" src=\"https:\/\/taizypackaging.com\/wp-content\/uploads\/2021\/03\/pyramid-tea-bag-machine.jpg\" alt=\"machine \u00e0 sachets de th\u00e9 pyramide\" class=\"wp-image-3422\"\/><figcaption class=\"wp-element-caption\">machine \u00e0 sachets de th\u00e9 pyramide<\/figcaption><\/figure>    <h2 class=\"wp-block-heading\" id=\"h-our-service\">Quels services proposons-nous ? <\/h2>    <p>Nous sommes l'un des principaux fabricants de machines d'emballage en Chine. En plus de la haute qualit\u00e9 et du bon prix de nos machines, nous proposons \u00e9galement ces services. <\/p>    <ol class=\"wp-block-list\"> <li><strong>CQ\u00a0:<\/strong>  Nous avons un syst\u00e8me de contr\u00f4le de qualit\u00e9 strict. Avant exp\u00e9dition, nous prendrons des photos et des vid\u00e9os pour vous.<\/li>    <li><strong>Service apr\u00e8s-vente:<\/strong> 24 heures en ligne, maintenance \u00e0 vie. Enseignement manuel et vid\u00e9o en anglais.<\/li>    <li><strong>Temps de production:<\/strong> 10-20 jours.<\/li>    <li><strong>tension:<\/strong> Personnalisez la tension pour votre pays.  <\/li> <\/ol>","protected":false},"excerpt":{"rendered":"<p>Pyramid tea bag packing machine, or nylon triangle tea packing machine, is designed for packing products like green tea, black tea, loose tea, flower tea, Chinese herb tea, etc. It can automatically finish the feeding, weighing, filling, sealing, and cutting process, efficiently and safely. Working Video of Pyramid Tea Bag Packing Machine Applications of Pyramid [&hellip;]<\/p>\n","protected":false},"author":1,"featured_media":2602,"parent":0,"template":"","tags":[307,309,383,385],"product-type":[667],"class_list":["post-1146","product","type-product","status-publish","has-post-thumbnail","hentry","tag-nylon-triangle-tea","tag-nylon-triangle-tea-packaging","tag-pyramid-tea-bag","tag-pyramid-tea-packing","product-type-tea-packing-machine"],"_links":{"self":[{"href":"https:\/\/taizypackaging.com\/fr\/wp-json\/wp\/v2\/product\/1146","targetHints":{"allow":["GET"]}}],"collection":[{"href":"https:\/\/taizypackaging.com\/fr\/wp-json\/wp\/v2\/product"}],"about":[{"href":"https:\/\/taizypackaging.com\/fr\/wp-json\/wp\/v2\/types\/product"}],"author":[{"embeddable":true,"href":"https:\/\/taizypackaging.com\/fr\/wp-json\/wp\/v2\/users\/1"}],"wp:featuredmedia":[{"embeddable":true,"href":"https:\/\/taizypackaging.com\/fr\/wp-json\/wp\/v2\/media\/2602"}],"wp:attachment":[{"href":"https:\/\/taizypackaging.com\/fr\/wp-json\/wp\/v2\/media?parent=1146"}],"wp:term":[{"taxonomy":"post_tag","embeddable":true,"href":"https:\/\/taizypackaging.com\/fr\/wp-json\/wp\/v2\/tags?post=1146"},{"taxonomy":"product-type","embeddable":true,"href":"https:\/\/taizypackaging.com\/fr\/wp-json\/wp\/v2\/product-type?post=1146"}],"curies":[{"name":"wp","href":"https:\/\/api.w.org\/{rel}","templated":true}]}}