{"id":1495,"date":"2021-05-05T01:39:03","date_gmt":"2021-05-05T01:39:03","guid":{"rendered":"https:\/\/taizypackaging.com\/?p=1495"},"modified":"2023-10-24T16:54:02","modified_gmt":"2023-10-24T08:54:02","slug":"liquid-pouch-packing-machine","status":"publish","type":"product","link":"https:\/\/taizypackaging.com\/fr\/liquid-pouch-packing-machine\/","title":{"rendered":"Machine d'emballage de sachets de liquides"},"content":{"rendered":"<div class=\"kk-star-ratings kksr-auto kksr-align-left kksr-valign-top\"     data-payload='{&quot;align&quot;:&quot;left&quot;,&quot;id&quot;:&quot;1495&quot;,&quot;slug&quot;:&quot;default&quot;,&quot;valign&quot;:&quot;top&quot;,&quot;ignore&quot;:&quot;&quot;,&quot;reference&quot;:&quot;auto&quot;,&quot;class&quot;:&quot;&quot;,&quot;count&quot;:&quot;9&quot;,&quot;legendonly&quot;:&quot;&quot;,&quot;readonly&quot;:&quot;&quot;,&quot;score&quot;:&quot;4.5&quot;,&quot;starsonly&quot;:&quot;&quot;,&quot;best&quot;:&quot;5&quot;,&quot;gap&quot;:&quot;5&quot;,&quot;greet&quot;:&quot;Rate this product&quot;,&quot;legend&quot;:&quot;4.5\\\/5 - (9 votes)&quot;,&quot;size&quot;:&quot;24&quot;,&quot;title&quot;:&quot;Liquid Pouch Packing Machine&quot;,&quot;width&quot;:&quot;128&quot;,&quot;_legend&quot;:&quot;{score}\\\/{best} - ({count} {votes})&quot;,&quot;font_factor&quot;:&quot;1.25&quot;}'>              <div class=\"kksr-stars\">      <div class=\"kksr-stars-inactive\">             <div class=\"kksr-star\" data-star=\"1\" style=\"padding-right: 5px\">               <div class=\"kksr-icon\" style=\"width: 24px; height: 24px;\"><\/div>         <\/div>             <div class=\"kksr-star\" data-star=\"2\" style=\"padding-right: 5px\">               <div class=\"kksr-icon\" style=\"width: 24px; height: 24px;\"><\/div>         <\/div>             <div class=\"kksr-star\" data-star=\"3\" style=\"padding-right: 5px\">               <div class=\"kksr-icon\" style=\"width: 24px; height: 24px;\"><\/div>         <\/div>             <div class=\"kksr-star\" data-star=\"4\" style=\"padding-right: 5px\">               <div class=\"kksr-icon\" style=\"width: 24px; height: 24px;\"><\/div>         <\/div>             <div class=\"kksr-star\" data-star=\"5\" style=\"padding-right: 5px\">               <div class=\"kksr-icon\" style=\"width: 24px; height: 24px;\"><\/div>         <\/div>     <\/div>      <div class=\"kksr-stars-active\" style=\"width: 128px;\">             <div class=\"kksr-star\" style=\"padding-right: 5px\">               <div class=\"kksr-icon\" style=\"width: 24px; height: 24px;\"><\/div>         <\/div>             <div class=\"kksr-star\" style=\"padding-right: 5px\">               <div class=\"kksr-icon\" style=\"width: 24px; height: 24px;\"><\/div>         <\/div>             <div class=\"kksr-star\" style=\"padding-right: 5px\">               <div class=\"kksr-icon\" style=\"width: 24px; height: 24px;\"><\/div>         <\/div>             <div class=\"kksr-star\" style=\"padding-right: 5px\">               <div class=\"kksr-icon\" style=\"width: 24px; height: 24px;\"><\/div>         <\/div>             <div class=\"kksr-star\" style=\"padding-right: 5px\">               <div class=\"kksr-icon\" style=\"width: 24px; height: 24px;\"><\/div>         <\/div>     <\/div> <\/div>                   <div class=\"kksr-legend\" style=\"font-size: 19.2px;\">             4,5\/5 - (9 votes)    <\/div>     <\/div>  <p class=\"translation-block\"><strong>Machine d&apos;emballage de sachets liquides<\/strong> ici est un type de machine automatique de remplissage et de scellage de liquides. Elle convient \u00e0 l&apos;emballage de divers produits liquides, tels que l&apos;eau, le jus, l&apos;huile, le lait, le d\u00e9tergent, le soda, le caf\u00e9, l&apos;antiseptique, etc. La <strong>machine d&apos;emballage de sachets liquides<\/strong> peut r\u00e9aliser automatiquement le processus de formation du film, de mesure, de remplissage, de scellage, de coupe, de comptage et d&apos;impression. Avec une structure simple et un \u00e9cran tactile de contr\u00f4le PLC intelligent, il est tr\u00e8s facile \u00e0 utiliser. De plus, l&apos;\u00e9quipement d&apos;emballage liquide est con\u00e7u pour \u00eatre \u00e9conome en \u00e9nergie. Taizy Machinery a une riche exp\u00e9rience dans la recherche et la fabrication de machines d&apos;emballage liquide et de machines de remplissage de qualit\u00e9. Si vous \u00eates int\u00e9ress\u00e9, contactez-nous pour le meilleur prix. <\/p>   <figure class=\"wp-block-embed-youtube wp-block-embed is-type-video is-provider-youtube wp-embed-aspect-16-9 wp-has-aspect-ratio\"><div class=\"lyte-wrapper fourthree\" title=\"Machine d&#039;emballage automatique de sachets de liquides pour l&#039;eau, le lait, l&#039;huile, les jus, machine de remplissage et de scellage\" style=\"width:960px;max-width:100%;margin:5px auto;\"><div class=\"lyMe hidef\" id=\"WYL_LPHOoR0sagI\" itemprop=\"video\" itemscope itemtype=\"https:\/\/schema.org\/VideoObject\"><div><meta itemprop=\"thumbnailUrl\" content=\"https:\/\/taizypackaging.com\/wp-content\/plugins\/wp-youtube-lyte\/lyteCache.php?origThumbUrl=https%3A%2F%2Fi.ytimg.com%2Fvi%2FLPHOoR0sagI%2Fmaxresdefault.jpg\" \/><meta itemprop=\"embedURL\" content=\"https:\/\/www.youtube.com\/embed\/LPHOoR0sagI\" \/><meta itemprop=\"duration\" content=\"PT2M7S\" \/><meta itemprop=\"uploadDate\" content=\"2022-01-18T04:01:43Z\" \/><\/div><div id=\"lyte_LPHOoR0sagI\" data-src=\"https:\/\/taizypackaging.com\/wp-content\/plugins\/wp-youtube-lyte\/lyteCache.php?origThumbUrl=https%3A%2F%2Fi.ytimg.com%2Fvi%2FLPHOoR0sagI%2Fmaxresdefault.jpg\" class=\"pL\"><div class=\"tC\"><div class=\"tT\" itemprop=\"name\">Machine d'emballage automatique de sachets de liquides pour l'eau, le lait, l'huile, les jus, machine de remplissage et de scellage<\/div><\/div><div class=\"play\"><\/div><div class=\"ctrl\"><div class=\"Lctrl\"><\/div><div class=\"Rctrl\"><\/div><\/div><\/div><noscript><a href=\"https:\/\/youtu.be\/LPHOoR0sagI\" rel=\"nofollow noopener\" target=\"_blank\"><img loading=\"lazy\" decoding=\"async\" src=\"https:\/\/taizypackaging.com\/wp-content\/plugins\/wp-youtube-lyte\/lyteCache.php?origThumbUrl=https%3A%2F%2Fi.ytimg.com%2Fvi%2FLPHOoR0sagI%2F0.jpg\" alt=\"Machine d&#039;emballage automatique de sachets de liquides pour l&#039;eau, le lait, l&#039;huile, les jus, machine de remplissage et de scellage\" width=\"960\" height=\"700\" \/><br \/>Watch this video on YouTube<\/a><\/noscript><meta itemprop=\"description\" content=\"Email: info@taizypackaging.com Tel\/ WhatsApp: +86 18837171591 Website: https:\/\/taizypackaging.com\/liquid-packaging-machine-liquid-pouch-packing-machine\/ Automatic liquid pouch packing machine is designed and manufactured for pure water, mineral water, oil, juice, etc. It is a type of small vertical form filling sealing machine. With small size and affordable price, liquid pouch packing machine is absolutely suitable for your small business. The liquid packaging machine is suitable for packing milk, soy milk, soy sauce, vinegar, butter, and various liquids. The machine can automatically complete film-forming, measuring, filling, sealing, cutting, counting, and printing the production date. Stainless steel is used for the contact part of the machine and the material. The packaging form is back seal. The metering method adopts valve plug pump filling. The packaging film is sterilized. The finished bag is beautifully packed, safe, and hygienic. The packaging material adopts heat-sealable plastic film such as polyethylene or PE. Are you looking for a quality liquid sachet packing machine to benefit your factory? This automatic liquid pouch packing machine may be ideal for your project. Welcome to leave your comment to discuss with us or contact us for more details. Email: info@taizypackaging.com Tel\/ WhatsApp: +86 18837171591\"><\/div><\/div><div class=\"lL\" style=\"max-width:100%;width:960px;margin:5px auto;\"><\/div><figcaption><\/figcaption><\/figure>   <h2 class=\"wp-block-heading\" id=\"applications-of-liquid-pouch-packing-machine\">Applications de la machine d'emballage de sachets de liquides<\/h2>    <p class=\"translation-block\">La machine d&apos;emballage de sachets liquides est largement utilis\u00e9e dans l&apos;industrie des liquides, tels que l&apos;eau potable, l&apos;eau min\u00e9rale, l&apos;huile, le jus, le lait, le miel, le ketchup, etc. Avec une haute efficacit\u00e9 et de bonnes performances, elle peut consid\u00e9rablement am\u00e9liorer votre productivit\u00e9. De plus, si vous avez besoin d&apos;une <a href=\"https:\/\/taizypackaging.com\/fr\/bottle-filling-machine\/\">ligne de remplissage de bouteilles liquide<\/a>, elle est disponible chez nous. Contactez-nous pour plus de d\u00e9tails utiles. <\/p>    <figure class=\"wp-block-image size-full\"><img loading=\"lazy\" decoding=\"async\" width=\"600\" height=\"450\" src=\"https:\/\/taizypackaging.com\/wp-content\/uploads\/2021\/05\/liquid-packing-machine-applications.jpg\" alt=\"applications de machines \u00e0 emballer liquides\" class=\"wp-image-3472\" srcset=\"https:\/\/taizypackaging.com\/wp-content\/uploads\/2021\/05\/liquid-packing-machine-applications.jpg 600w, https:\/\/taizypackaging.com\/wp-content\/uploads\/2021\/05\/liquid-packing-machine-applications-300x225.jpg 300w\" sizes=\"auto, (max-width: 600px) 100vw, 600px\" \/><figcaption class=\"wp-element-caption\">applications de machines \u00e0 emballer liquides<\/figcaption><\/figure>    <h2 class=\"wp-block-heading\" id=\"h-main-structures-of-liquid-packing-machine\">Caract\u00e9ristiques structurelles de la machine d'emballage automatique de sachets de liquides<\/h2>    <p>La machine automatique d'emballage de sachets de liquides comprend principalement une formeuse de sacs, un dispositif de scellage vertical, un tirage de film, une palette inf\u00e9rieure de d\u00e9charge, un panneau de commande, un corps en acier inoxydable, une pompe \u00e0 liquide. L'acier inoxydable est utilis\u00e9 pour la partie de contact de la machine et du mat\u00e9riau. La forme d'emballage est scell\u00e9e au dos. La m\u00e9thode de dosage adopte le remplissage de la pompe \u00e0 clapet. Le film d'emballage est st\u00e9rilis\u00e9. Le sac fini est joliment emball\u00e9, s\u00fbr et hygi\u00e9nique. Le mat\u00e9riau d'emballage adopte un film plastique thermoscellable tel que le poly\u00e9thyl\u00e8ne ou le PE.<\/p>    <figure class=\"wp-block-image size-full\"><img loading=\"lazy\" decoding=\"async\" width=\"600\" height=\"450\" src=\"https:\/\/taizypackaging.com\/wp-content\/uploads\/2021\/05\/liquid-pouch-packing-machine-structure.jpg\" alt=\"structure de la machine d&#039;emballage de sachets de liquide\" class=\"wp-image-3471\" srcset=\"https:\/\/taizypackaging.com\/wp-content\/uploads\/2021\/05\/liquid-pouch-packing-machine-structure.jpg 600w, https:\/\/taizypackaging.com\/wp-content\/uploads\/2021\/05\/liquid-pouch-packing-machine-structure-300x225.jpg 300w\" sizes=\"auto, (max-width: 600px) 100vw, 600px\" \/><figcaption class=\"wp-element-caption\">structure de la machine d'emballage de sachets de liquide<\/figcaption><\/figure>    <p>Le filmog\u00e8ne peut plier le film plastique plat dans l'emballage du produit.\u00a0Le sceau vertical transforme le film d'emballage en style de sceau arri\u00e8re. Ensuite, le tirage du film\u00a0peut transporter le film plastique\u00a0de mani\u00e8re stable. Le sac de liquide emball\u00e9 sort de la palette inf\u00e9rieure de d\u00e9chargement, ce qui peut amortir la gravit\u00e9 du produit et \u00e9viter tout dommage. Le panneau de commande peut contr\u00f4ler la temp\u00e9rature de scellage, le chauffage, la st\u00e9rilisation et le comptage. Vous pouvez ajuster l'interrupteur selon vos besoins. Les mati\u00e8res liquides peuvent \u00eatre transport\u00e9es quantitativement.\u00a0Le poids du liquide transport\u00e9 est pr\u00e9cis.\u00a0La pompe a un effet de reflux. La vanne est ouverte lorsque la machine fonctionne et l'exc\u00e8s de liquide refluera. <\/p>    <figure class=\"wp-block-gallery has-nested-images columns-default is-cropped wp-block-gallery-2 is-layout-flex wp-block-gallery-is-layout-flex\"> <figure class=\"wp-block-image size-large\"><img decoding=\"async\" data-id=\"2188\" src=\"https:\/\/taizypackaging.com\/wp-content\/uploads\/2021\/05\/sachet-water.jpg\" alt=\"eau en sachet\" class=\"wp-image-2188\"\/><figcaption class=\"wp-element-caption\">eau en sachet<\/figcaption><\/figure>    <figure class=\"wp-block-image size-large\"><img decoding=\"async\" data-id=\"2187\" src=\"https:\/\/taizypackaging.com\/wp-content\/uploads\/2021\/05\/bagged-milk-1.jpg\" alt=\"lait en sachet\" class=\"wp-image-2187\"\/><figcaption class=\"wp-element-caption\">lait en sachet<\/figcaption><\/figure> <\/figure>    <h2 class=\"wp-block-heading\" id=\"h-parameter-of-liquid-pouch-packing-machine\">Param\u00e8tres de la machine d'emballage de sachets de liquide<\/h2>    <figure class=\"wp-block-table\"><table><tbody><tr><td>Mod\u00e8le <strong><\/strong><\/td><td>AS-1000<strong><\/strong><\/td><\/tr><tr><td>Longueur de sac<strong><\/strong><\/td><td>50-150mm<strong><\/strong><\/td><\/tr><tr><td>Largeur du sac<strong><\/strong><\/td><td>40-150mm<strong><\/strong><\/td><\/tr><tr><td>Largeur du film d'emballage<strong><\/strong><\/td><td>100-320mm<strong><\/strong><\/td><\/tr><tr><td>Capacit\u00e9 d'emballage<strong><\/strong><\/td><td>50-500mm<strong><\/strong><\/td><\/tr><tr><td>Vitesse d'emballage<strong><\/strong><\/td><td>2000-2200mm<strong><\/strong><\/td><\/tr><tr><td>pouvoir<strong><\/strong><\/td><td>1,6 kW<strong><\/strong><\/td><\/tr><tr><td>Dimensions<strong><\/strong><\/td><td>880*760*1800mm<strong><\/strong><\/td><\/tr><tr><td>Qualit\u00e9 g\u00e9n\u00e9rale<strong><\/strong><\/td><td>275kg<strong><\/strong><\/td><\/tr><\/tbody><\/table><\/figure>    <h2 class=\"wp-block-heading\" id=\"h-features-of-liquid-packer\"><strong> <\/strong>Processus de travail automatique de la machine d'emballage de sachets de liquide<\/h2>    <p>L'ensemble du processus de travail de la machine d'emballage de sachets de liquides\u00a0: livraison de film-st\u00e9rilisation aux ultraviolets-fabrication de sacs-remplissage et remplissage-d\u00e9coupe de sacs-produit fini.<\/p>    <figure class=\"wp-block-image size-large is-resized\"><img decoding=\"async\" src=\"https:\/\/taizypackaging.com\/wp-content\/uploads\/2021\/05\/working-process-of-liquid-packing-machine-2.jpg\" alt=\"processus de travail de la machine \u00e0 emballer liquide\" class=\"wp-image-1589\" style=\"width:720px;height:400px\"\/><figcaption class=\"wp-element-caption\">processus de travail de la machine \u00e0 emballer liquide<\/figcaption><\/figure>    <h2 class=\"wp-block-heading\" id=\"features-of-automatic-liquid-packaging-machine\">Caract\u00e9ristiques de la machine de conditionnement automatique de liquides<\/h2>    <ol class=\"wp-block-list\"> <li>La machine d'emballage de liquides peut terminer automatiquement le processus de formation, de mesure, de remplissage, de scellage, de d\u00e9coupe, de comptage et d'impression de la date des sacs. En m\u00eame temps, il peut \u00eatre personnalis\u00e9 selon les exigences du client.<\/li>    <li>Cette machine a de bonnes performances et une utilisation facile.<\/li>    <li> Toutes les pi\u00e8ces de contact entre la machine d'emballage de sachets de liquide et le liquide sont en acier inoxydable 304. De plus, cette machine r\u00e9pond aux normes de licence en mati\u00e8re d'hygi\u00e8ne alimentaire et pharmaceutique. Il peut \u00eatre \u00e9quip\u00e9 d'une st\u00e9rilisation UV.<\/li>    <li>La m\u00e9thode de dosage adopte une pompe volum\u00e9trique \u00e0 piston pour le remplissage et le dosage. Le r\u00e9glage et le dosage sont simples.<\/li>    <li>La conception avanc\u00e9e garantit que la machine convient \u00e0 diff\u00e9rentes industries. Il est tr\u00e8s pratique \u00e0 r\u00e9gler, \u00e0 utiliser et \u00e0 entretenir lorsqu'il est utilis\u00e9. Il peut \u00eatre utilis\u00e9 avec divers \u00e9quipements de mesure automatiques au pays et \u00e0 l\u2019\u00e9tranger.<\/li> <\/ol>    <h2 class=\"wp-block-heading\" id=\"how-much-does-a-liquid-filling-packing-machine-cost\">Combien co\u00fbte une machine d'emballage de remplissage de liquide ? <\/h2>    <p>Il existe de nombreux types de machines d\u2019emballage de sachets de liquides sur le march\u00e9. La m\u00eame machine d'emballage de liquides provenant de diff\u00e9rents fabricants de machines d'emballage peut diff\u00e9rer de 200 USD \u00e0 600 USD. Il est donc difficile pour les clients de choisir la bonne machine. Si vous achetez une machine uniquement en fonction du co\u00fbt, la machine que vous avez achet\u00e9e risque de ne pas \u00eatre fiable. La qualit\u00e9 et le service doivent \u00eatre s\u00e9rieusement pris en compte. Et le prix de la machine d'emballage de sachets de liquides est d\u00e9termin\u00e9 par sa valeur. Bref, la qualit\u00e9 et le service sont des priorit\u00e9s. Parce qu\u2019une machine d\u2019emballage, plus vous l\u2019utilisez longtemps, plus le co\u00fbt est bas. <\/p>    <figure class=\"wp-block-image size-full\"><img decoding=\"async\" src=\"https:\/\/taizypackaging.com\/wp-content\/uploads\/2021\/05\/liquid-packing-machine-factory.jpg\" alt=\"usine de machines \u00e0 emballer liquides\" class=\"wp-image-3473\"\/><figcaption class=\"wp-element-caption\">usine de machines \u00e0 emballer liquides<\/figcaption><\/figure>    <h2 class=\"wp-block-heading\" id=\"h-advantages-of-automatic-liquid-packing-machine\">Avantages de la machine d'emballage automatique de sachets de liquide<\/h2>    <ol class=\"wp-block-list\"> <li>Large gamme de conditionnements : adapt\u00e9s aux liquides de diff\u00e9rents \u00e9tats et propri\u00e9t\u00e9s ;<\/li>    <li>Fonctionnement pratique\u00a0: le contr\u00f4le PLC et le syst\u00e8me d'exploitation d'interface homme-machine rendent l'op\u00e9ration intuitive et pratique\u00a0;<\/li>    <li>Convient \u00e0 diff\u00e9rents types de sacs d'emballage\u00a0;<\/li>    <li>Syst\u00e8me d'arr\u00eat d'\u00e9nergie parfait pour garantir le taux de rendement et ne pas gaspiller de sacs et de mat\u00e9riaux\u00a0;<\/li>    <li>La partie emballage de la machine adopte des mat\u00e9riaux en acier inoxydable pour assurer l'assainissement des mat\u00e9riaux et se conformer aux normes GMP\u00a0;<\/li>    <li>Le degr\u00e9 \u00e9lev\u00e9 d'automatisation\u00a0: sans surveillance pendant tout le processus de pesage et d'emballage, alarme automatique en cas de panne\u00a0;<\/li>    <li>La machine de conditionnement de liquides adopte une conception \u00e9tanche. Vous pouvez le laver \u00e0 l'eau. cela r\u00e9duira la difficult\u00e9 de maintenance et augmentera la dur\u00e9e de vie de la machine.<\/li> <\/ol>    <figure class=\"wp-block-image size-large\"><img decoding=\"async\" src=\"https:\/\/taizypackaging.com\/wp-content\/uploads\/2021\/05\/liquid-packing-machine-details.jpg\" alt=\"d\u00e9tails de la machine \u00e0 emballer liquide\" class=\"wp-image-1586\"\/><figcaption class=\"wp-element-caption\">d\u00e9tails de la machine \u00e0 emballer liquide<\/figcaption><\/figure>    <h2 class=\"wp-block-heading\" id=\"h-working-principle-of-liquid-packaging-euipment\">Principe de fonctionnement de la machine d'emballage automatique de liquides <\/h2>    <p>Le mat\u00e9riau liquide passe par le haut de la machine d\u2019emballage depuis la bo\u00eete d\u2019alimentation. Le mat\u00e9riau liquide s'\u00e9coulera dans le baril d'alimentation apr\u00e8s avoir \u00e9t\u00e9 mesur\u00e9.\u00a0Le mat\u00e9riau d'emballage (tel qu'un film en polypropyl\u00e8ne) sur le rouleau est guid\u00e9 dans la paroi ext\u00e9rieure du cylindre d'alimentation par trois rouleaux de traction. Ensuite, il est progressivement enroul\u00e9 dans le cylindre adjacent par le formeur de sac \u00e0 revers et une paire d'inverses continus sur la scelleuse longitudinale. Le rouleau de scellage longitudinal rotatif est chauff\u00e9 et pressuris\u00e9 au niveau du joint bout \u00e0 bout pour le sceller fermement dans le sens longitudinal.<\/p>    <p>Le rouleau de scellage longitudinal peut jouer le r\u00f4le de thermoscellage. En outre, il peut tirer et alimenter le film en m\u00eame temps.\u00a0Le mat\u00e9riau \u00e0 emballer est introduit dans le sac plastique par le cylindre de remplissage compos\u00e9 de l'auge et de la paroi interne de celle-ci. Le thermoscellage transversal peut former un joint transversal. Lorsque le couteau rotatif du dispositif de coupe entre en contact avec le couteau fixe, le joint transversal est coup\u00e9 le long de la ligne m\u00e9diane. Il vise \u00e0 compl\u00e9ter la soudure sup\u00e9rieure du sac d'emballage et la soudure inf\u00e9rieure du sac suivant. Le sac d'emballage scell\u00e9 par le bas peut \u00eatre directement introduit dans le sac, puis d\u00e9plac\u00e9 vers une station pour terminer le scellage par le haut. Apr\u00e8s cela, coupez le dispositif de d\u00e9coupe pour terminer le processus d'emballage. Enfin, le dispositif de transport transporte le produit.\u00a0L'ensemble du processus d'emballage est enti\u00e8rement automatique et continu.<\/p>    <h2 class=\"wp-block-heading\" id=\"h-f-q\">F&amp;Q sur la machine de conditionnement de liquides<\/h2>    <ol class=\"wp-block-list\"> <li>Cette machine peut-elle emballer des boissons gazeuses\u00a0?<br>La machine de conditionnement de sachets de liquides ne peut pas emballer des boissons gazeuses. Si vous souhaitez emballer des boissons gazeuses, vous pouvez acheter un <a href=\"https:\/\/taizypackaging.com\/fr\/automatic-liquid-filling-machine\/\" target=\"_blank\" rel=\"noreferrer noopener\">machine de remplissage de liquide<\/a>.<\/li>    <li>La machine de conditionnement de liquides peut-elle imprimer la date\u00a0?<br>Oui. Cette machine est \u00e9quip\u00e9e d'un dispositif de codage pour r\u00e9aliser le codage de la date de production. Le format de codage est le codage par tampon en acier.<\/li>    <li>Combien co\u00fbte la machine de conditionnement de sacs de liquide\u00a0?<br>La machine a diff\u00e9rents mod\u00e8les. De plus, la machine peut \u00e9galement \u00eatre personnalis\u00e9e selon vos besoins. Le prix est donc diff\u00e9rent. Vous pouvez nous contacter pour plus de d\u00e9tails.<\/li>    <li>Cette machine a-t-elle une fonction de st\u00e9rilisation UV ?<br>Oui, les rayons ultraviolets st\u00e9rilisent le film d'emballage.<\/li>    <li>Comment se charge exactement la machine de conditionnement de liquides ? Avez-vous besoin d'un compresseur d'air ?<br>La pompe aspire le mat\u00e9riau de chargement et l'\u00e9coule \u00e0 travers le pipeline. Aucun compresseur d'air n'est requis.<\/li>    <li>Le poids de l\u2019emballage et la longueur du sac sont-ils r\u00e9glables ?<br>Il y a un bloc de r\u00e9glage derri\u00e8re la bo\u00eete. Et il peut ajuster le poids et la longueur de l'emballage.<\/li> <\/ol>","protected":false},"excerpt":{"rendered":"<p>Liquid pouch packing machine here is a type of automatic liquid filling sealing machine. It is suitable for packaging various liquid products, such as water, juice, oil, milk, detergent, soda, coffee, antiseptic, etc. The liquid sachet packing machine can automatically complete the process of film-forming, measuring, filling, sealing, cutting, counting, and printing. With a simple [&hellip;]<\/p>\n","protected":false},"author":1,"featured_media":4050,"parent":0,"template":"","tags":[592,258,591],"product-type":[661],"class_list":["post-1495","product","type-product","status-publish","has-post-thumbnail","hentry","tag-automatic-liquid-packing-machine","tag-liquid-packing-machine","tag-liquid-pouch-packing-machine","product-type-liquid-packing-machines"],"_links":{"self":[{"href":"https:\/\/taizypackaging.com\/fr\/wp-json\/wp\/v2\/product\/1495","targetHints":{"allow":["GET"]}}],"collection":[{"href":"https:\/\/taizypackaging.com\/fr\/wp-json\/wp\/v2\/product"}],"about":[{"href":"https:\/\/taizypackaging.com\/fr\/wp-json\/wp\/v2\/types\/product"}],"author":[{"embeddable":true,"href":"https:\/\/taizypackaging.com\/fr\/wp-json\/wp\/v2\/users\/1"}],"wp:featuredmedia":[{"embeddable":true,"href":"https:\/\/taizypackaging.com\/fr\/wp-json\/wp\/v2\/media\/4050"}],"wp:attachment":[{"href":"https:\/\/taizypackaging.com\/fr\/wp-json\/wp\/v2\/media?parent=1495"}],"wp:term":[{"taxonomy":"post_tag","embeddable":true,"href":"https:\/\/taizypackaging.com\/fr\/wp-json\/wp\/v2\/tags?post=1495"},{"taxonomy":"product-type","embeddable":true,"href":"https:\/\/taizypackaging.com\/fr\/wp-json\/wp\/v2\/product-type?post=1495"}],"curies":[{"name":"wp","href":"https:\/\/api.w.org\/{rel}","templated":true}]}}