{"id":1651,"date":"2021-05-13T07:20:10","date_gmt":"2021-05-13T07:20:10","guid":{"rendered":"https:\/\/taizypackaging.com\/?p=1651"},"modified":"2024-07-16T16:40:42","modified_gmt":"2024-07-16T08:40:42","slug":"bread-packing-machine-4","status":"publish","type":"product","link":"https:\/\/taizypackaging.com\/fr\/bread-packing-machine\/","title":{"rendered":"Machine d'emballage de pain"},"content":{"rendered":"<div class=\"kk-star-ratings kksr-auto kksr-align-left kksr-valign-top\"     data-payload='{&quot;align&quot;:&quot;left&quot;,&quot;id&quot;:&quot;1651&quot;,&quot;slug&quot;:&quot;default&quot;,&quot;valign&quot;:&quot;top&quot;,&quot;ignore&quot;:&quot;&quot;,&quot;reference&quot;:&quot;auto&quot;,&quot;class&quot;:&quot;&quot;,&quot;count&quot;:&quot;29&quot;,&quot;legendonly&quot;:&quot;&quot;,&quot;readonly&quot;:&quot;&quot;,&quot;score&quot;:&quot;4.7&quot;,&quot;starsonly&quot;:&quot;&quot;,&quot;best&quot;:&quot;5&quot;,&quot;gap&quot;:&quot;5&quot;,&quot;greet&quot;:&quot;Rate this product&quot;,&quot;legend&quot;:&quot;4.7\\\/5 - (29 votes)&quot;,&quot;size&quot;:&quot;24&quot;,&quot;title&quot;:&quot;Bread Packing Machine&quot;,&quot;width&quot;:&quot;133.8&quot;,&quot;_legend&quot;:&quot;{score}\\\/{best} - ({count} {votes})&quot;,&quot;font_factor&quot;:&quot;1.25&quot;}'>              <div class=\"kksr-stars\">      <div class=\"kksr-stars-inactive\">             <div class=\"kksr-star\" data-star=\"1\" style=\"padding-right: 5px\">               <div class=\"kksr-icon\" style=\"width: 24px; height: 24px;\"><\/div>         <\/div>             <div class=\"kksr-star\" data-star=\"2\" style=\"padding-right: 5px\">               <div class=\"kksr-icon\" style=\"width: 24px; height: 24px;\"><\/div>         <\/div>             <div class=\"kksr-star\" data-star=\"3\" style=\"padding-right: 5px\">               <div class=\"kksr-icon\" style=\"width: 24px; height: 24px;\"><\/div>         <\/div>             <div class=\"kksr-star\" data-star=\"4\" style=\"padding-right: 5px\">               <div class=\"kksr-icon\" style=\"width: 24px; height: 24px;\"><\/div>         <\/div>             <div class=\"kksr-star\" data-star=\"5\" style=\"padding-right: 5px\">               <div class=\"kksr-icon\" style=\"width: 24px; height: 24px;\"><\/div>         <\/div>     <\/div>      <div class=\"kksr-stars-active\" style=\"width: 133.8px;\">             <div class=\"kksr-star\" style=\"padding-right: 5px\">               <div class=\"kksr-icon\" style=\"width: 24px; height: 24px;\"><\/div>         <\/div>             <div class=\"kksr-star\" style=\"padding-right: 5px\">               <div class=\"kksr-icon\" style=\"width: 24px; height: 24px;\"><\/div>         <\/div>             <div class=\"kksr-star\" style=\"padding-right: 5px\">               <div class=\"kksr-icon\" style=\"width: 24px; height: 24px;\"><\/div>         <\/div>             <div class=\"kksr-star\" style=\"padding-right: 5px\">               <div class=\"kksr-icon\" style=\"width: 24px; height: 24px;\"><\/div>         <\/div>             <div class=\"kksr-star\" style=\"padding-right: 5px\">               <div class=\"kksr-icon\" style=\"width: 24px; height: 24px;\"><\/div>         <\/div>     <\/div> <\/div>                   <div class=\"kksr-legend\" style=\"font-size: 19.2px;\">             4,7\/5 - (29 votes)    <\/div>     <\/div>  <p class=\"translation-block\">La<strong> machine d&apos;emballage du pain<\/strong> est une sorte de machine d&apos;attache\/rouleau horizonal, elle est donc aussi appel\u00e9e <strong>machine d&apos;empaquetage du pain<\/strong>. Elle peut effectuer automatiquement le processus d&apos;alimentation, de formage de sac, de scellement et de coupe. Notre machine d&apos;emballage automatique du pain peut grandement augmenter votre efficacit\u00e9 et b\u00e9n\u00e9ficier \u00e0 votre projet. <\/p>    <p class=\"translation-block\">Elle convient \u00e0 l&apos;emballage de divers produits alimentaires et non alimentaires, tels que le pain, les produits de boulangerie, les biscuits, les l\u00e9gumes, les fruits, les masques faciaux, le chocolat et bien d&apos;autres produits. Taizy Packaging Machinery LTD est un fabricant professionnel de <strong>machine d&apos;emballage du pain<\/strong> avec une riche exp\u00e9rience. Bienvenue \u00e0 nous contacter pour le meilleur prix. <\/p>   <figure class=\"wp-block-embed-youtube wp-block-embed is-type-video is-provider-youtube wp-embed-aspect-16-9 wp-has-aspect-ratio\"><div class=\"lyte-wrapper fourthree\" title=\"Machine d&#039;emballage de pain\/p\u00e2tisserie\/machine d&#039;emballage de pain\/machine d&#039;emballage de pain automatique\" style=\"width:960px;max-width:100%;margin:5px auto;\"><div class=\"lyMe hidef\" id=\"WYL_KB7bKQwdDSI\" itemprop=\"video\" itemscope itemtype=\"https:\/\/schema.org\/VideoObject\"><div><meta itemprop=\"thumbnailUrl\" content=\"https:\/\/taizypackaging.com\/wp-content\/plugins\/wp-youtube-lyte\/lyteCache.php?origThumbUrl=https%3A%2F%2Fi.ytimg.com%2Fvi%2FKB7bKQwdDSI%2Fhqdefault.jpg\" \/><meta itemprop=\"embedURL\" content=\"https:\/\/www.youtube.com\/embed\/KB7bKQwdDSI\" \/><meta itemprop=\"duration\" content=\"PT1M32S\" \/><meta itemprop=\"uploadDate\" content=\"2020-12-08T07:36:08Z\" \/><\/div><div id=\"lyte_KB7bKQwdDSI\" data-src=\"https:\/\/taizypackaging.com\/wp-content\/plugins\/wp-youtube-lyte\/lyteCache.php?origThumbUrl=https%3A%2F%2Fi.ytimg.com%2Fvi%2FKB7bKQwdDSI%2Fhqdefault.jpg\" class=\"pL\"><div class=\"tC\"><div class=\"tT\" itemprop=\"name\">Machine d'emballage de pain\/p\u00e2tisserie\/machine d'emballage de pain\/machine d'emballage de pain automatique<\/div><\/div><div class=\"play\"><\/div><div class=\"ctrl\"><div class=\"Lctrl\"><\/div><div class=\"Rctrl\"><\/div><\/div><\/div><noscript><a href=\"https:\/\/youtu.be\/KB7bKQwdDSI\" rel=\"nofollow noopener\" target=\"_blank\"><img loading=\"lazy\" decoding=\"async\" src=\"https:\/\/taizypackaging.com\/wp-content\/plugins\/wp-youtube-lyte\/lyteCache.php?origThumbUrl=https%3A%2F%2Fi.ytimg.com%2Fvi%2FKB7bKQwdDSI%2F0.jpg\" alt=\"Machine d&#039;emballage de pain\/p\u00e2tisserie\/machine d&#039;emballage de pain\/machine d&#039;emballage de pain automatique\" width=\"960\" height=\"700\" \/><br \/>Watch this video on YouTube<\/a><\/noscript><meta itemprop=\"description\" content=\"Website: https:\/\/taizypackaging.com\/ WhatsApp for factory price: +8617320158259 This bread packing machine can pack all kinds of bread, long loaf, sliced bread, small bread, pastry, sachima. and many more. According to your own packaging, you can configure date printing, inflation, brush and so on.\"><\/div><\/div><div class=\"lL\" style=\"max-width:100%;width:960px;margin:5px auto;\"><\/div><figcaption>vid\u00e9o de la machine d'emballage de pain<\/figcaption><\/figure>   <h2 class=\"wp-block-heading\" id=\"what-is-bread-packing-machine\">Qu'est-ce qu'une machine \u00e0 emballer le pain ? <\/h2>    <p class=\"translation-block\">La machine d&apos;emballage du pain Taizy est un type de machine d&apos;emballage en oreiller. Le pain est tendre, si bien que les machines d&apos;emballage ordinaires ne peuvent pas emballer le pain individuellement. Gr\u00e2ce \u00e0 sa structure unique et raisonnable, la machine d&apos;emballage en oreiller peut r\u00e9aliser l&apos;emballage enti\u00e8rement automatique du pain. Et ne pas d\u00e9former sa forme. Avec un syst\u00e8me de contr\u00f4le intelligent <a href=\"https:\/\/en.wikipedia.org\/wiki\/Programmable_logic_controller\" target=\"_blank\" rel=\"noopener\">PLC<\/a> et une technologie avanc\u00e9e, une machine d&apos;empilement en flux est tr\u00e8s facile \u00e0 utiliser. Cela peut grandement r\u00e9duire vos co\u00fbts de main-d&apos;\u0153uvre. <\/p>    <figure class=\"wp-block-image size-full\"><img loading=\"lazy\" decoding=\"async\" width=\"750\" height=\"500\" src=\"https:\/\/taizypackaging.com\/wp-content\/uploads\/2021\/05\/bread-packing-machine-2.jpg\" alt=\"machine \u00e0 emballer le pain\" class=\"wp-image-3486\" srcset=\"https:\/\/taizypackaging.com\/wp-content\/uploads\/2021\/05\/bread-packing-machine-2.jpg 750w, https:\/\/taizypackaging.com\/wp-content\/uploads\/2021\/05\/bread-packing-machine-2-300x200.jpg 300w\" sizes=\"auto, (max-width: 750px) 100vw, 750px\" \/><figcaption class=\"wp-element-caption\">machine \u00e0 emballer le pain<\/figcaption><\/figure>    <h2 class=\"wp-block-heading\" id=\"h-packaging-sample-of-the-horizontal-packing-machine\">Applications de la machine \u00e0 emballer le pain<\/h2>    <p>Cette machine est largement utilis\u00e9e pour l'emballage alimentaire, comme le pain, le chocolat, les biscuits, les l\u00e9gumes, les fruits, etc. De plus, elle convient \u00e9galement \u00e0 d'autres produits comme les raccords m\u00e9talliques, les produits de premi\u00e8re n\u00e9cessit\u00e9, les plastiques et d'autres domaines. <\/p>    <figure class=\"wp-block-image size-large\"><img decoding=\"async\" src=\"https:\/\/taizypackaging.com\/wp-content\/uploads\/2021\/05\/packing-sample.jpg\" alt=\"\u00e9chantillon d&#039;emballage\" class=\"wp-image-1664\"\/><figcaption class=\"wp-element-caption\">\u00e9chantillon d'emballage<\/figcaption><\/figure>    <h2 class=\"wp-block-heading\" id=\"h-the-structure-of-the-bread-packaging-machine\">Structures de la machine d'emballage de pain<\/h2>    <p>La machine d'emballage horizontale comprend une zone de contr\u00f4le anglaise, un arbre de film de rouleau de liaison, une temp\u00e9rature contr\u00f4lable en temps r\u00e9el, une zone de scellage et une imprimante de date. Chaque partie contr\u00f4le diff\u00e9rentes fonctions. Une br\u00e8ve introduction \u00e0 la machine d\u2019emballage de pain est la suivante.<\/p>    <ol class=\"wp-block-list\"> <li><strong>Langue anglaise disponible<\/strong><br>Notre machine \u00e0 emballer le pain adopte un grand \u00e9cran tactile, la m\u00e9thode de saisie adopte le mode de commutation chinois et anglais<\/li>    <li><strong> Arbre de film de rouleau de liaison<\/strong><br>L'arbre de film en rouleau li\u00e9 fonctionne mieux qu'un arbre de film en rouleau unique. Parce qu'il existe de nombreux types de mat\u00e9riaux pour le film<\/li>    <li><strong>Temp\u00e9rature contr\u00f4lable en temps r\u00e9el<\/strong><br>Lorsque la machine d'emballage d'oreillers commence \u00e0 emballer, en fonction des caract\u00e9ristiques du mat\u00e9riau du film, nous recommandons d'ajuster la temp\u00e9rature \u00e0 environ 125 degr\u00e9s Celsius pour assurer un bon effet d'\u00e9tanch\u00e9it\u00e9.<\/li>    <li> <strong>Zone de scellement<\/strong><br>Le film en rouleau est pr\u00e9emball\u00e9 via la zone thermosoud\u00e9e. Les deux rouleaux sont appel\u00e9s roue de scellage du film.<\/li>    <li><strong>Imprimante de dates\u00a0<\/strong><br>L'imprimante peut imprimer la date, le num\u00e9ro de s\u00e9rie de production, le code QR, etc.<\/li> <\/ol>    <figure class=\"wp-block-image size-full\"><img decoding=\"async\" src=\"https:\/\/taizypackaging.com\/wp-content\/uploads\/2021\/05\/bread-packaging-machine-structure.jpg\" alt=\"structure de la machine d&#039;emballage de pain\" class=\"wp-image-3489\"\/><figcaption class=\"wp-element-caption\">structure de la machine d'emballage de pain<\/figcaption><\/figure>    <h2 class=\"wp-block-heading\" id=\"h-the-working-principle-of-the-bread-packaging-machine\">Principe de fonctionnement de la machine \u00e0 emballer le pain<\/h2>    <ul class=\"wp-block-list\"> <li>La machine d'emballage de pain est une machine d'emballage continue avec une forte capacit\u00e9 d'emballage, adapt\u00e9e \u00e0 diverses sp\u00e9cifications de produits alimentaires et non alimentaires.<\/li>    <li>La machine d'emballage d'oreillers adopte des m\u00e9thodes de coupe et de marche, et le suivi oculaire photo\u00e9lectrique \u00e0 haute sensibilit\u00e9 ne fermera pas les sacs vides ni ne coupera en diagonale.<\/li>    <li>La machine d'emballage horizontale adopte un contr\u00f4le de convertisseur \u00e0 double fr\u00e9quence, ce qui permet d'\u00e9conomiser du temps et du film en m\u00eame temps<\/li>    <li>L'interface de contr\u00f4le homme-machine et la fonction de diagnostic automatique sont adopt\u00e9es dans l'op\u00e9ration, et les pannes d'\u00e9quipement sont faciles \u00e0 d\u00e9tecter.<\/li> <\/ul>    <h2 class=\"wp-block-heading\" id=\"h-power-equipment-of-the-bread-packing-machine\">Le syst\u00e8me d'alimentation de la machine \u00e0 emballer le pain<\/h2>    <p>La puissance utilis\u00e9e par la machine \u00e0 emballer le pain est un moteur. La plupart des machines d'emballage utilisent g\u00e9n\u00e9ralement des moteurs \u00e0 fr\u00e9quence variable et des servomoteurs peuvent \u00e9galement \u00eatre utilis\u00e9s. Une machine a deux moteurs. Le gros moteur contr\u00f4le le tapis roulant \u00e0 l'entr\u00e9e, le convoyeur \u00e0 la sortie et le coupeur. Un petit moteur contr\u00f4le le rouleau de film.<\/p>    <p>Les servomoteurs peuvent \u00eatre utilis\u00e9s lors de la d\u00e9coupe d\u2019emballages de produits de longueurs irr\u00e9guli\u00e8res. Le servomoteur peut d\u00e9tecter automatiquement la longueur de coupe de l'objet pour \u00e9viter les erreurs de coupe. Par exemple, lors de l'emballage de nouilles, de l\u00e9gumes, de fruits et d'autres produits, le servomoteur est le meilleur choix car la longueur d'emballage de ces produits n'est pas fixe.<\/p>    <figure class=\"wp-block-gallery has-nested-images columns-default is-cropped wp-block-gallery-2 is-layout-flex wp-block-gallery-is-layout-flex\"> <figure class=\"wp-block-image size-large\"><img loading=\"lazy\" decoding=\"async\" width=\"720\" height=\"540\" data-id=\"1828\" src=\"https:\/\/taizypackaging.com\/wp-content\/uploads\/2021\/05\/variable-frequency-motor.jpg\" alt=\"moteur \u00e0 fr\u00e9quence variable\" class=\"wp-image-1828\" srcset=\"https:\/\/taizypackaging.com\/wp-content\/uploads\/2021\/05\/variable-frequency-motor.jpg 720w, https:\/\/taizypackaging.com\/wp-content\/uploads\/2021\/05\/variable-frequency-motor-300x225.jpg 300w\" sizes=\"auto, (max-width: 720px) 100vw, 720px\" \/><figcaption class=\"wp-element-caption\">moteur \u00e0 fr\u00e9quence variable<\/figcaption><\/figure>    <figure class=\"wp-block-image size-large\"><img loading=\"lazy\" decoding=\"async\" width=\"720\" height=\"540\" data-id=\"1827\" src=\"https:\/\/taizypackaging.com\/wp-content\/uploads\/2021\/05\/servo-motor.jpg\" alt=\"servomoteur\" class=\"wp-image-1827\" srcset=\"https:\/\/taizypackaging.com\/wp-content\/uploads\/2021\/05\/servo-motor.jpg 720w, https:\/\/taizypackaging.com\/wp-content\/uploads\/2021\/05\/servo-motor-300x225.jpg 300w\" sizes=\"auto, (max-width: 720px) 100vw, 720px\" \/><figcaption class=\"wp-element-caption\">servomoteur<\/figcaption><\/figure> <\/figure>    <h2 class=\"wp-block-heading\" id=\"h-main-performance-and-structural-characteristics\">Principaux avantages et caract\u00e9ristiques structurelles<\/h2>    <ol class=\"wp-block-list\"> <li>Double contr\u00f4le de l'onduleur, la longueur du sac est r\u00e9gl\u00e9e et coup\u00e9e imm\u00e9diatement, il n'est pas n\u00e9cessaire d'ajuster le parcours \u00e0 vide, une \u00e9tape en place, ce qui permet d'\u00e9conomiser du temps et du film.<\/li>    <li>Interface homme-machine, r\u00e9glage des param\u00e8tres pratique et rapide.<\/li>    <li>Fonction d'autodiagnostic des d\u00e9fauts, affichage clair des d\u00e9fauts.<\/li>    <li>Suivi photo\u00e9lectrique des marques de couleur des yeux \u00e0 haute sensibilit\u00e9, entr\u00e9e num\u00e9rique de la position d'\u00e9tanch\u00e9it\u00e9 et de coupe, rendant la position d'\u00e9tanch\u00e9it\u00e9 et de coupe plus pr\u00e9cise.<\/li>    <li>Le contr\u00f4le PID ind\u00e9pendant de la temp\u00e9rature est mieux adapt\u00e9 \u00e0 divers mat\u00e9riaux d'emballage.<\/li>    <li>Fonction d'arr\u00eat de positionnement, pas de couteau collant, pas de d\u00e9chets de film.<\/li>    <li>Syst\u00e8me de transmission simple, travail plus fiable et maintenance plus pratique.<\/li>    <li>Toutes les commandes sont r\u00e9alis\u00e9es par logiciel, ce qui est pratique pour le r\u00e9glage des fonctions et la mise \u00e0 niveau technologique, et ne tra\u00eene jamais.<\/li> <\/ol>    <h2 class=\"wp-block-heading\">Prix \u200b\u200bde la machine \u00e0 emballer le pain<\/h2>    <p>\u00cates-vous curieux de conna\u00eetre le co\u00fbt d\u2019une machine \u00e0 emballer le pain ? Le prix d'une machine \u00e0 emballer le pain peut varier en fonction de facteurs tels que les caract\u00e9ristiques, la capacit\u00e9 et la marque. Pour trouver la meilleure offre, tenez compte de vos besoins sp\u00e9cifiques en mati\u00e8re d\u2019emballage et comparez les options de fournisseurs r\u00e9put\u00e9s.<\/p>    <p>Que vous exploitiez une petite boulangerie ou une production \u00e0 grande \u00e9chelle, investir dans un \u00e9quipement d'emballage de pain efficace est crucial pour optimiser votre flux de travail. Explorez notre guide complet pour d\u00e9couvrir les facteurs influen\u00e7ant le prix des \u00e9quipements d'emballage de pain et prendre une d\u00e9cision \u00e9clair\u00e9e pour votre entreprise.<\/p>    <h2 class=\"wp-block-heading\" id=\"h-two-types-of-tz-450-horizontal-packaging-machines\">Deux types de machines d'emballage de pain TZ-450<\/h2>    <p>Le film en rouleau de la machine d'emballage de pain a deux modes de transport, \u00e0 savoir l'alimentation sup\u00e9rieure et l'alimentation inf\u00e9rieure. Le film en rouleau se trouve sur le dessus de la machine pour le chargeur sup\u00e9rieur, le premier peut \u00eatre r\u00e9gl\u00e9 avec pr\u00e9cision et le coupeur vertical se trouve \u00e0 l'int\u00e9rieur de la machine. <\/p>    <p>Machine d'emballage en papier \u00e0 alimentation descendante, le rouleau de film est sous la machine et le premier n'est pas r\u00e9glable. Vous pouvez acheter diff\u00e9rents formeurs pour modifier la largeur de coupe. Lors de l'utilisation du moteur, vous pouvez ajuster la largeur de coupe de la machine en fonction de vos besoins. La circonf\u00e9rence de coupe maximale du TZ-450 est de 450 mm.<\/p>    <figure class=\"wp-block-image size-large\"><img decoding=\"async\" src=\"https:\/\/taizypackaging.com\/wp-content\/uploads\/2021\/05\/horizontal-packing-machine.jpg\" alt=\"machine d&#039;emballage horizontale\" class=\"wp-image-1665\"\/><figcaption class=\"wp-element-caption\">machine d'emballage horizontale<\/figcaption><\/figure>    <h2 class=\"wp-block-heading\" id=\"h-parameters-of-the-bread-packing-machine\">Param\u00e8tres de la machine \u00e0 emballer le pain<\/h2>    <figure class=\"wp-block-table\"><table><tbody><tr><td>Mod\u00e8le<\/td><td>TH-450<\/td><\/tr><tr><td>Largeur du film<\/td><td>Max. 450mm<\/td><\/tr><tr><td>Longueur de sac<\/td><td>130-450mm<\/td><\/tr><tr><td>Largeur de fabrication de sacs<\/td><td>50-180mm<\/td><\/tr><tr><td>Hauteur du produit<\/td><td>Max.70mm<\/td><\/tr><tr><td>Diam\u00e8tre du rouleau de film<\/td><td>Max. 320mm<\/td><\/tr><tr><td>Vitesse d'emballage<\/td><td>30-180 sacs\/min<\/td><\/tr><tr><td>Sp\u00e9cifications de puissance<\/td><td>220 V, 50\/60 Hz, 2,6 KVA<\/td><\/tr><tr><td>Taille de la machine<\/td><td>(L)4020\u00d7(L)820\u00d7(H)1450<\/td><\/tr><tr><td>Qualit\u00e9 des machines<\/td><td>900Kg<\/td><\/tr><tr><td>Remarques<\/td><td>pouvoir personnaliser&nbsp;<\/td><\/tr><\/tbody><\/table><figcaption class=\"wp-element-caption\">machine \u00e0 emballer le pain<\/figcaption><\/figure>    <p>La machine d'emballage de pain mod\u00e8le TH-450 peut emballer 30 \u00e0 180 paquets de produits par minute. La taille de la machine est de 4020x820x1450mm. avez-vous des besoins particuliers, nous pouvons vous fournir un service de personnalisation unique. Bienvenue \u00e0 nous contacter pour le dernier devis.<\/p>    <p class=\"translation-block\">Dans notre entreprise, nous avons \u00e9galement d&apos;autres machines d&apos;emballage \u00e0 vendre, comme des <a href=\"https:\/\/taizypackaging.com\/fr\/vacuum-packing-machine\/\">machines d&apos;emballage sous vide<\/a>, des <a href=\"https:\/\/taizypackaging.com\/fr\/spice-packing-machine\/\">machines d&apos;emballage de poudre<\/a>, et ainsi de suite.<\/p>    <h2 class=\"wp-block-heading\" id=\"h-machine-accessories-or-toolbox\">Affichage de la bo\u00eete \u00e0 outils<\/h2>    <p>Cette machine d'emballage horizontale est \u00e9quip\u00e9e d'une bo\u00eete \u00e0 outils. La bo\u00eete \u00e0 outils comprend des cl\u00e9s, des tournevis, 9 tailles de cl\u00e9s Allen, des fraises, des courroies de moteur et deux fils chauffants. Vous pouvez installer et faire fonctionner la machine conform\u00e9ment aux instructions. La machine d'emballage de pain est facile \u00e0 installer et \u00e0 utiliser. Notre personnel technique de la soci\u00e9t\u00e9 Taizy Machinery vous fournira des conseils \u00e0 tout moment.<\/p>    <figure class=\"wp-block-image size-large\"><img decoding=\"async\" src=\"https:\/\/taizypackaging.com\/wp-content\/uploads\/2021\/05\/toolbox.jpg\" alt=\"bo\u00eete \u00e0 outils\" class=\"wp-image-1666\"\/><figcaption class=\"wp-element-caption\">bo\u00eete \u00e0 outils<\/figcaption><\/figure>","protected":false},"excerpt":{"rendered":"<p>La machine d'emballage TZ-450 est un mod\u00e8le de machine d'emballage horizontale. Il a de nombreuses applications dans divers domaines, notamment l'emballage du pain, des nouilles, des l\u00e9gumes, des produits m\u00e9dicaux, etc.<\/p>","protected":false},"author":1,"featured_media":4892,"parent":0,"template":"","tags":[78,183,259,304,513],"product-type":[659],"class_list":["post-1651","product","type-product","status-publish","has-post-thumbnail","hentry","tag-bread","tag-fruits","tag-loaf","tag-noodles","tag-vegetables","product-type-granule-packing-machines"],"_links":{"self":[{"href":"https:\/\/taizypackaging.com\/fr\/wp-json\/wp\/v2\/product\/1651","targetHints":{"allow":["GET"]}}],"collection":[{"href":"https:\/\/taizypackaging.com\/fr\/wp-json\/wp\/v2\/product"}],"about":[{"href":"https:\/\/taizypackaging.com\/fr\/wp-json\/wp\/v2\/types\/product"}],"author":[{"embeddable":true,"href":"https:\/\/taizypackaging.com\/fr\/wp-json\/wp\/v2\/users\/1"}],"wp:featuredmedia":[{"embeddable":true,"href":"https:\/\/taizypackaging.com\/fr\/wp-json\/wp\/v2\/media\/4892"}],"wp:attachment":[{"href":"https:\/\/taizypackaging.com\/fr\/wp-json\/wp\/v2\/media?parent=1651"}],"wp:term":[{"taxonomy":"post_tag","embeddable":true,"href":"https:\/\/taizypackaging.com\/fr\/wp-json\/wp\/v2\/tags?post=1651"},{"taxonomy":"product-type","embeddable":true,"href":"https:\/\/taizypackaging.com\/fr\/wp-json\/wp\/v2\/product-type?post=1651"}],"curies":[{"name":"wp","href":"https:\/\/api.w.org\/{rel}","templated":true}]}}