{"id":1722,"date":"2021-05-14T09:51:35","date_gmt":"2021-05-14T09:51:35","guid":{"rendered":"https:\/\/taizypackaging.com\/?p=1722"},"modified":"2024-07-16T16:52:46","modified_gmt":"2024-07-16T08:52:46","slug":"vegetable-packing-machine","status":"publish","type":"product","link":"https:\/\/taizypackaging.com\/fr\/vegetable-packing-machine\/","title":{"rendered":"Machine d'emballage de l\u00e9gumes"},"content":{"rendered":"<div class=\"kk-star-ratings kksr-auto kksr-align-left kksr-valign-top\"     data-payload='{&quot;align&quot;:&quot;left&quot;,&quot;id&quot;:&quot;1722&quot;,&quot;slug&quot;:&quot;default&quot;,&quot;valign&quot;:&quot;top&quot;,&quot;ignore&quot;:&quot;&quot;,&quot;reference&quot;:&quot;auto&quot;,&quot;class&quot;:&quot;&quot;,&quot;count&quot;:&quot;5&quot;,&quot;legendonly&quot;:&quot;&quot;,&quot;readonly&quot;:&quot;&quot;,&quot;score&quot;:&quot;4.7&quot;,&quot;starsonly&quot;:&quot;&quot;,&quot;best&quot;:&quot;5&quot;,&quot;gap&quot;:&quot;5&quot;,&quot;greet&quot;:&quot;Rate this product&quot;,&quot;legend&quot;:&quot;4.7\\\/5 - (5 votes)&quot;,&quot;size&quot;:&quot;24&quot;,&quot;title&quot;:&quot;Vegetable Packing Machine&quot;,&quot;width&quot;:&quot;133.8&quot;,&quot;_legend&quot;:&quot;{score}\\\/{best} - ({count} {votes})&quot;,&quot;font_factor&quot;:&quot;1.25&quot;}'>              <div class=\"kksr-stars\">      <div class=\"kksr-stars-inactive\">             <div class=\"kksr-star\" data-star=\"1\" style=\"padding-right: 5px\">               <div class=\"kksr-icon\" style=\"width: 24px; height: 24px;\"><\/div>         <\/div>             <div class=\"kksr-star\" data-star=\"2\" style=\"padding-right: 5px\">               <div class=\"kksr-icon\" style=\"width: 24px; height: 24px;\"><\/div>         <\/div>             <div class=\"kksr-star\" data-star=\"3\" style=\"padding-right: 5px\">               <div class=\"kksr-icon\" style=\"width: 24px; height: 24px;\"><\/div>         <\/div>             <div class=\"kksr-star\" data-star=\"4\" style=\"padding-right: 5px\">               <div class=\"kksr-icon\" style=\"width: 24px; height: 24px;\"><\/div>         <\/div>             <div class=\"kksr-star\" data-star=\"5\" style=\"padding-right: 5px\">               <div class=\"kksr-icon\" style=\"width: 24px; height: 24px;\"><\/div>         <\/div>     <\/div>      <div class=\"kksr-stars-active\" style=\"width: 133.8px;\">             <div class=\"kksr-star\" style=\"padding-right: 5px\">               <div class=\"kksr-icon\" style=\"width: 24px; height: 24px;\"><\/div>         <\/div>             <div class=\"kksr-star\" style=\"padding-right: 5px\">               <div class=\"kksr-icon\" style=\"width: 24px; height: 24px;\"><\/div>         <\/div>             <div class=\"kksr-star\" style=\"padding-right: 5px\">               <div class=\"kksr-icon\" style=\"width: 24px; height: 24px;\"><\/div>         <\/div>             <div class=\"kksr-star\" style=\"padding-right: 5px\">               <div class=\"kksr-icon\" style=\"width: 24px; height: 24px;\"><\/div>         <\/div>             <div class=\"kksr-star\" style=\"padding-right: 5px\">               <div class=\"kksr-icon\" style=\"width: 24px; height: 24px;\"><\/div>         <\/div>     <\/div> <\/div>                   <div class=\"kksr-legend\" style=\"font-size: 19.2px;\">             4,7\/5 - (5 votes)    <\/div>     <\/div>  <p class=\"translation-block\"><strong>Machine d'emballage de l\u00e9gumes<\/strong> est con\u00e7ue pour emballer automatiquement les fruits et l\u00e9gumes. C'est une sorte de machine \u00e0 flow wrap, \u00e9galement appel\u00e9e machine \u00e0 emballer les l\u00e9gumes. Les machines d'emballage de l\u00e9gumes peuvent accomplir ces t\u00e2ches : formation de sacs, emballage, scellage et d\u00e9coupe. C'est un outil d'emballage extr\u00eamement efficace pour divers fruits et l\u00e9gumes destin\u00e9s aux supermarch\u00e9s. Avec un syst\u00e8me de contr\u00f4le avanc\u00e9 et un moteur de marque, la machine d'emballage de l\u00e9gumes Taizy \u00e0 vendre a des performances assez \u00e9lev\u00e9es et une bonne qualit\u00e9. De plus, adoptant une structure enti\u00e8rement en acier inoxydable, elle est durable et fiable. N'h\u00e9sitez pas \u00e0 nous contacter pour le meilleur prix. <\/p>    <h2 class=\"wp-block-heading\" id=\"h-working-video-of-the-frozen-food-packing-machine\">Vid\u00e9o de travail de la machine d'emballage de l\u00e9gumes<\/h2>   <figure class=\"wp-block-embed-youtube wp-block-embed is-type-video is-provider-youtube wp-embed-aspect-16-9 wp-has-aspect-ratio\"><div class=\"lyte-wrapper fourthree\" title=\"Machine d&#039;emballage automatique de fruits et l\u00e9gumes pour supermarch\u00e9 | Machine d&#039;emballage de flux de nourriture\" style=\"width:960px;max-width:100%;margin:5px auto;\"><div class=\"lyMe hidef\" id=\"WYL_PKEaxerS08Q\" itemprop=\"video\" itemscope itemtype=\"https:\/\/schema.org\/VideoObject\"><div><meta itemprop=\"thumbnailUrl\" content=\"https:\/\/taizypackaging.com\/wp-content\/plugins\/wp-youtube-lyte\/lyteCache.php?origThumbUrl=https%3A%2F%2Fi.ytimg.com%2Fvi%2FPKEaxerS08Q%2Fmaxresdefault.jpg\" \/><meta itemprop=\"embedURL\" content=\"https:\/\/www.youtube.com\/embed\/PKEaxerS08Q\" \/><meta itemprop=\"duration\" content=\"PT2M4S\" \/><meta itemprop=\"uploadDate\" content=\"2022-01-25T06:45:27Z\" \/><\/div><div id=\"lyte_PKEaxerS08Q\" data-src=\"https:\/\/taizypackaging.com\/wp-content\/plugins\/wp-youtube-lyte\/lyteCache.php?origThumbUrl=https%3A%2F%2Fi.ytimg.com%2Fvi%2FPKEaxerS08Q%2Fmaxresdefault.jpg\" class=\"pL\"><div class=\"tC\"><div class=\"tT\" itemprop=\"name\">Machine d'emballage automatique de fruits et l\u00e9gumes pour supermarch\u00e9 | Machine d'emballage de flux de nourriture<\/div><\/div><div class=\"play\"><\/div><div class=\"ctrl\"><div class=\"Lctrl\"><\/div><div class=\"Rctrl\"><\/div><\/div><\/div><noscript><a href=\"https:\/\/youtu.be\/PKEaxerS08Q\" rel=\"nofollow noopener\" target=\"_blank\"><img loading=\"lazy\" decoding=\"async\" src=\"https:\/\/taizypackaging.com\/wp-content\/plugins\/wp-youtube-lyte\/lyteCache.php?origThumbUrl=https%3A%2F%2Fi.ytimg.com%2Fvi%2FPKEaxerS08Q%2F0.jpg\" alt=\"Machine d&#039;emballage automatique de fruits et l\u00e9gumes pour supermarch\u00e9 | Machine d&#039;emballage de flux de nourriture\" width=\"960\" height=\"700\" \/><br \/>Watch this video on YouTube<\/a><\/noscript><meta itemprop=\"description\" content=\"#vegetablepacking #foodpacking #flowwrapping EMAIL: info@taizypackaging.com TEL\/WHATSAPP: +86 18837171591 USEFUL REFERENCE: https:\/\/taizypackaging.com\/vegetable-packing-machine\/ In fact, this kind of fruit and vegetable packing machine is a horizontal flow wrapping machine. This machine is suitable for packing various food products, such as fruits, vegetables, biscuits, bread, frozen food, etc. Besides, it can also package non-food products like a face mask, soap, etc. Features of Fruits and Vegetable Packing Machine 1. Good performance, low maintenance; 2. Improve the production efficiency, so as to bring more profits; 3. Advanced technology, elegant appearance, high reputation; 4. Manual is replaced by the mechanical, so that reduce the workforce cost; 5. Intelligent PLC control system, easy to operate. You may also like these videos from us: Food vacuum sealer: https:\/\/www.youtube.com\/watch?v=aPYp44oAyio Super-efficient snacks packing machine: https:\/\/www.youtube.com\/watch?v=mfQQ28r7qzY EMAIL: info@taizypackaging.com TEL\/WHATSAPP: +86 18837171591 Click here for more details: https:\/\/taizypackaging.com\/vegetable-packing-machine\/\"><\/div><\/div><div class=\"lL\" style=\"max-width:100%;width:960px;margin:5px auto;\"><\/div><figcaption><\/figcaption><\/figure>   <h2 class=\"wp-block-heading\" id=\"vegetable-packaging-effect-display\">Affichage de l'effet d'emballage v\u00e9g\u00e9tal <\/h2>    <p class=\"translation-block\">Cet ensemble de machine d'emballage de l\u00e9gumes est adapt\u00e9 \u00e0 divers fruits et l\u00e9gumes, tels que les l\u00e9gumes verts, <a href=\"https:\/\/en.wikipedia.org\/wiki\/Tomato\" target=\"_blank\" rel=\"noopener\">tomates<\/a>, concombres, pois de vache, etc. De plus, il est \u00e9galement id\u00e9al pour d'autres produits alimentaires comme le pain, les biscuits, les bonbons, le chocolat, les nouilles, les p\u00e2tes, etc. Ce type de machine ne prend en charge que la m\u00e9thode de scellage arri\u00e8re. <\/p>    <figure class=\"wp-block-image size-large\"><img decoding=\"async\" src=\"https:\/\/taizypackaging.com\/wp-content\/uploads\/2021\/05\/Fruits-and-frozen-food-packaging.jpg\" alt=\"Emballages de fruits et de produits surgel\u00e9s\" class=\"wp-image-1741\"\/><figcaption class=\"wp-element-caption\">Emballages de fruits et de produits surgel\u00e9s<\/figcaption><\/figure>    <h2 class=\"wp-block-heading\" id=\"h-working-process-of-the-frozen-food-packing-machine\">Processus de travail de la machine d'emballage de l\u00e9gumes<\/h2>    <p>1. La plateforme cin\u00e9matographique prend en charge le transport des aliments.<br>2. Le film est install\u00e9 sur le dispositif de rouleau de film. Il peut emballer les produits de mani\u00e8re stable \u00e0 leur arriv\u00e9e.<br>3. La partie formant contr\u00f4le l\u2019emballage du produit. Il se termine par le coupeur vertical, le coupeur horizontal et le tuyau de chauffage. C'est la partie la plus importante du processus d'emballage.<br>5. Enfin, le produit fini est \u00e9vacu\u00e9 par la bande transporteuse.<\/p>    <figure class=\"wp-block-image size-large\"><img decoding=\"async\" src=\"https:\/\/taizypackaging.com\/wp-content\/uploads\/2021\/05\/components-of-the-horizontal-packing-machine.jpg\" alt=\"composants de la machine d&#039;emballage horizontale\" class=\"wp-image-1768\"\/><figcaption class=\"wp-element-caption\">composants de la machine d'emballage horizontale<\/figcaption><\/figure>    <h2 class=\"wp-block-heading\" id=\"h-technical-parameters\">Param\u00e8tres techniques de la machine d'emballage de l\u00e9gumes Taizy<\/h2>    <figure class=\"wp-block-table\"><table><tbody><tr><td>Mod\u00e8le<\/td><td>TH-250<\/td><td>TH-350<\/td><td>TH-450<\/td><td>TH-600<\/td><\/tr><tr><td>Longueur de sac<\/td><td>100-600mm<\/td><td>100-600mm<\/td><td>100-600mm<\/td><td>120-600mm<\/td><\/tr><tr><td>Largeur du sac<\/td><td>50-110mm<\/td><td>50-160mm<\/td><td>50-210mm<\/td><td>50-280mm<\/td><\/tr><tr><td>Hauteur du sac<\/td><td>Maximum 40 mm<\/td><td>Maximum 100 mm<\/td><td>Maximum 100 mm<\/td><td>Maximum 100 mm<\/td><\/tr><tr><td>Vitesse d'emballage<\/td><td>5-200 sacs\/min<\/td><td>5-200 sacs\/min<\/td><td>5-200 sacs\/min<\/td><td>30-180 sacs\/min<\/td><\/tr><tr><td>Pouvoir<\/td><td>220 V, 50\/60 Hz, 2,4 KVA<\/td><td>220 V, 50\/60 Hz, 2,4 KVA<\/td><td>220 V, 50\/60 Hz, 2,6 KVA<\/td><td>220 V, 50\/60 Hz, 3,4 KVA<\/td><\/tr><tr><td>Taille de la machine<\/td><td>(L)4020*(L)720*(H)1450mm<\/td><td>(L)4020*(L)720*(H)1450mm<\/td><td>(L)4020*(L)720*(H)1450mm<\/td><td>(L)4380*(L)970*(H)1500mm<\/td><\/tr><tr><td>Poids<\/td><td>800Kg<\/td><td>800Kg<\/td><td>900Kg<\/td><td>960Kg<\/td><\/tr><\/tbody><\/table><\/figure>    <p>Chez Taizy Packaging Machinery, nous avons diff\u00e9rents mod\u00e8les de machines d'emballage de l\u00e9gumes \u00e0 vendre. Chaque machine a des vitesses et des tailles d'emballage diff\u00e9rentes, etc. Vous pouvez choisir en fonction de vos besoins.<\/p>    <h2 class=\"wp-block-heading\" id=\"h-features-and-advantages-of-the-frozen-food-packing-machine\">Caract\u00e9ristiques et avantages de la machine d'emballage de fruits et l\u00e9gumes<\/h2>    <p>1. Vous pouvez ajuster le panneau de commande en fonction des diff\u00e9rents mat\u00e9riaux d'emballage.<br>2. La machine d'emballage de l\u00e9gumes horizontale peut \u00eatre \u00e9quip\u00e9e d'un seul couteau, d'un double couteau et de trois couteaux pour couper.<br>3. Il est pratique de d\u00e9finir les param\u00e8tres avec un syst\u00e8me de contr\u00f4le PLC intelligent. <br>4. Le suivi du curseur \u00e0 haute sensibilit\u00e9 et l'entr\u00e9e num\u00e9rique de la position de scellage et de d\u00e9coupe rendent la position de scellage et de d\u00e9coupe plus pr\u00e9cise.<br>5. Le syst\u00e8me de transmission est simple, le fonctionnement est plus fiable et la maintenance est plus pratique.<br>6. La machine d'emballage d'oreillers horizontale dispose d'une fonction d'autodiagnostic des d\u00e9fauts, de sorte que le d\u00e9faut est affich\u00e9 en un coup d'\u0153il.<br>7. Double contr\u00f4le de l'onduleur et la longueur du sac est r\u00e9gl\u00e9e puis coup\u00e9e imm\u00e9diatement. Pas besoin de r\u00e9gler le fonctionnement \u00e0 vide et une marche est en place. L'ensemble du processus d'emballage permet d'\u00e9conomiser du temps et du film.<br>8. Un PID ind\u00e9pendant contr\u00f4le la temp\u00e9rature, ce qui convient mieux \u00e0 divers mat\u00e9riaux d'emballage.<\/p>    <figure class=\"wp-block-image size-full\"><img loading=\"lazy\" decoding=\"async\" width=\"750\" height=\"500\" src=\"https:\/\/taizypackaging.com\/wp-content\/uploads\/2021\/05\/bread-packing-machine-2.jpg\" alt=\"machine \u00e0 emballer le pain\" class=\"wp-image-3486\" srcset=\"https:\/\/taizypackaging.com\/wp-content\/uploads\/2021\/05\/bread-packing-machine-2.jpg 750w, https:\/\/taizypackaging.com\/wp-content\/uploads\/2021\/05\/bread-packing-machine-2-300x200.jpg 300w\" sizes=\"auto, (max-width: 750px) 100vw, 750px\" \/><figcaption class=\"wp-element-caption\">machine \u00e0 emballer horizontale d'oreiller<\/figcaption><\/figure>    <h2 class=\"wp-block-heading\" id=\"what-is-the-common-packaging-materials-for-vegetables\">Quels sont les mat\u00e9riaux d\u2019emballage courants pour les l\u00e9gumes ?<\/h2>    <p class=\"translation-block\">Les <strong>sacs<\/strong> en plastique (film en poly\u00e9thyl\u00e8ne) sont les mat\u00e9riaux d'emballage courants pour les fruits et l\u00e9gumes. Non seulement le faible co\u00fbt des plastiques, mais aussi les caract\u00e9ristiques transparentes, et l'inspection facile du contenu. Cela est plus attrayant pour les clients. De plus, les machines d'emballage automatiques peuvent r\u00e9duire encore les co\u00fbts. Et \u00e9quip\u00e9es de machines de soutien comme les <a href=\"https:\/\/taizypackaging.com\/fr\/single-chamber-vacuum-packing-machine\/\">machines d'emballage sous vide<\/a> de l\u00e9gumes et les syst\u00e8mes de chargement d'air, elles peuvent s'adapter \u00e0 diff\u00e9rentes exigences sp\u00e9cifiques d'emballage. Des \u00e9tudes ont montr\u00e9 que ce type d'emballage prolonge consid\u00e9rablement la dur\u00e9e de vie des produits frais. L'explosion des produits pr\u00e9-d\u00e9coup\u00e9s est en partie due \u00e0 la disponibilit\u00e9 d'un emballage atmosph\u00e9rique am\u00e9lior\u00e9.<\/p>    <h2 class=\"wp-block-heading\" id=\"h-why-should-we-pack-products-by-packing-machines\">Pourquoi avez-vous besoin d\u2019une machine automatique d\u2019emballage de l\u00e9gumes ?<\/h2>    <ol class=\"wp-block-list\"> <li>Au d\u00e9but, l\u2019emballage du produit \u00e9tait uniquement destin\u00e9 \u00e0 la portabilit\u00e9 et au transport.<\/li>    <li>Avec l\u2019am\u00e9lioration du niveau de vie des gens, des \u00e9l\u00e9ments de beaut\u00e9 sont continuellement ajout\u00e9s pour rendre le produit plus beau et plus agr\u00e9able.<\/li>    <li>La concurrence sur le march\u00e9 devient de plus en plus f\u00e9roce et la diff\u00e9renciation doit \u00eatre recherch\u00e9e sous tous ses aspects pour attirer l\u2019attention des consommateurs. L\u2019emballage est devenu un moyen de diff\u00e9renciation important.<\/li>    <li>L'emballage ajoute des \u00e9l\u00e9ments de marque et devient un support important pour afficher une image de marque.<\/li>    <li>L\u2019\u00e9mergence d\u2019Internet a rendu les achats plus pratiques et a \u00e9galement facilit\u00e9 le changement de consommateur. La fonction de communication de l\u2019emballage des produits devient de plus en plus importante.<\/li> <\/ol>    <h2 class=\"wp-block-heading\" id=\"why-choose-us\">Pourquoi nous choisir? <\/h2>    <p class=\"translation-block\">Avec une riche exp\u00e9rience en conception, recherche, production et fourniture de machines d'emballage de l\u00e9gumes de qualit\u00e9, Taizy a aid\u00e9 de nombreux petits entrepreneurs \u00e0 d\u00e9marrer leurs projets. Nos <a href=\"https:\/\/taizypackaging.com\/fr\/horizontal-packing-machine\/\">machines \u00e0 flow wrap horizontales<\/a> ont \u00e9t\u00e9 export\u00e9es avec succ\u00e8s vers plus de 30 pays et r\u00e9gions. Pourquoi les <a href=\"https:\/\/taizypackaging.com\/fr\/\">machines d'emballage Taizy<\/a> sont-elles si populaires ? Nous croyons que ce n'est pas seulement en raison du prix comp\u00e9titif, mais aussi de la qualit\u00e9 excellente et du service intime. Toutes ces choses font de Taizy une marque de machines d'emballage forte et fiable. Si vous souhaitez commencer votre projet d'emballage de l\u00e9gumes, n'h\u00e9sitez pas \u00e0 nous contacter pour des informations utiles. <\/p>    <figure class=\"wp-block-image size-large\"><img loading=\"lazy\" decoding=\"async\" width=\"720\" height=\"540\" src=\"https:\/\/taizypackaging.com\/wp-content\/uploads\/2021\/05\/machine-display.jpg\" alt=\"usine de machines d&#039;emballage de l\u00e9gumes\" class=\"wp-image-1743\" srcset=\"https:\/\/taizypackaging.com\/wp-content\/uploads\/2021\/05\/machine-display.jpg 720w, https:\/\/taizypackaging.com\/wp-content\/uploads\/2021\/05\/machine-display-300x225.jpg 300w\" sizes=\"auto, (max-width: 720px) 100vw, 720px\" \/><figcaption class=\"wp-element-caption\">usine de machines d'emballage de l\u00e9gumes<\/figcaption><\/figure>    <h2 class=\"wp-block-heading\" id=\"h-cases\">Machines d'emballage de l\u00e9gumes vendues aux \u00c9tats-Unis<\/h2>    <p>En octobre dernier, un client des \u00c9tats-Unis nous a fait part de son souhait de conditionner des haricots longs. Nous lui avons recommand\u00e9 ces conditionneuses de l\u00e9gumes. Apr\u00e8s avoir re\u00e7u la marchandise, il a \u00e9t\u00e9 tr\u00e8s satisfait de l'effet d'emballage et de l'efficacit\u00e9 de l'emballage de la machine. Il a d\u00e9clar\u00e9 qu'apr\u00e8s avoir utilis\u00e9 la machine d'emballage, ses produits se vendaient mieux qu'avant.<\/p>    <figure class=\"wp-block-image size-large\"><img decoding=\"async\" src=\"https:\/\/taizypackaging.com\/wp-content\/uploads\/2021\/05\/packinging-machine-shipment.jpg\" alt=\"exp\u00e9dition de machine \u00e0 emballer\" class=\"wp-image-1747\"\/><figcaption class=\"wp-element-caption\">exp\u00e9dition de machine d'emballage<\/figcaption><\/figure>","protected":false},"excerpt":{"rendered":"<p>Vegetable packing machine is designed for automatically packaging fruits and vegetables. It is a kind of flow wrap machine, also called a vegetable wrapping machine. Vegetable packaging machines can complete these tasks, bag forming, bag packing, sealing, and cutting process. It is a terribly super-efficient packaging tool for various fruits and vegetables for supermarkets. With [&hellip;]<\/p>\n","protected":false},"author":1,"featured_media":4148,"parent":0,"template":"","tags":[571,570,569],"product-type":[664],"class_list":["post-1722","product","type-product","status-publish","has-post-thumbnail","hentry","tag-vegetable-packaging-machine","tag-vegetable-wrapping-machine","tag-vegetbale-packing-machine","product-type-horizontal-flow-wrapping-machines"],"_links":{"self":[{"href":"https:\/\/taizypackaging.com\/fr\/wp-json\/wp\/v2\/product\/1722","targetHints":{"allow":["GET"]}}],"collection":[{"href":"https:\/\/taizypackaging.com\/fr\/wp-json\/wp\/v2\/product"}],"about":[{"href":"https:\/\/taizypackaging.com\/fr\/wp-json\/wp\/v2\/types\/product"}],"author":[{"embeddable":true,"href":"https:\/\/taizypackaging.com\/fr\/wp-json\/wp\/v2\/users\/1"}],"wp:featuredmedia":[{"embeddable":true,"href":"https:\/\/taizypackaging.com\/fr\/wp-json\/wp\/v2\/media\/4148"}],"wp:attachment":[{"href":"https:\/\/taizypackaging.com\/fr\/wp-json\/wp\/v2\/media?parent=1722"}],"wp:term":[{"taxonomy":"post_tag","embeddable":true,"href":"https:\/\/taizypackaging.com\/fr\/wp-json\/wp\/v2\/tags?post=1722"},{"taxonomy":"product-type","embeddable":true,"href":"https:\/\/taizypackaging.com\/fr\/wp-json\/wp\/v2\/product-type?post=1722"}],"curies":[{"name":"wp","href":"https:\/\/api.w.org\/{rel}","templated":true}]}}