{"id":1848,"date":"2021-05-19T10:36:19","date_gmt":"2021-05-19T10:36:19","guid":{"rendered":"https:\/\/taizypackaging.com\/?p=1848"},"modified":"2024-08-07T09:52:30","modified_gmt":"2024-08-07T01:52:30","slug":"milk-powder-packing-machine","status":"publish","type":"product","link":"https:\/\/taizypackaging.com\/fr\/milk-powder-packing-machine\/","title":{"rendered":"Machine d'emballage de lait en poudre"},"content":{"rendered":"<div class=\"kk-star-ratings kksr-auto kksr-align-left kksr-valign-top\"     data-payload='{&quot;align&quot;:&quot;left&quot;,&quot;id&quot;:&quot;1848&quot;,&quot;slug&quot;:&quot;default&quot;,&quot;valign&quot;:&quot;top&quot;,&quot;ignore&quot;:&quot;&quot;,&quot;reference&quot;:&quot;auto&quot;,&quot;class&quot;:&quot;&quot;,&quot;count&quot;:&quot;23&quot;,&quot;legendonly&quot;:&quot;&quot;,&quot;readonly&quot;:&quot;&quot;,&quot;score&quot;:&quot;4.9&quot;,&quot;starsonly&quot;:&quot;&quot;,&quot;best&quot;:&quot;5&quot;,&quot;gap&quot;:&quot;5&quot;,&quot;greet&quot;:&quot;Rate this product&quot;,&quot;legend&quot;:&quot;4.9\\\/5 - (23 votes)&quot;,&quot;size&quot;:&quot;24&quot;,&quot;title&quot;:&quot;Milk Powder Packing Machine&quot;,&quot;width&quot;:&quot;139.6&quot;,&quot;_legend&quot;:&quot;{score}\\\/{best} - ({count} {votes})&quot;,&quot;font_factor&quot;:&quot;1.25&quot;}'>              <div class=\"kksr-stars\">      <div class=\"kksr-stars-inactive\">             <div class=\"kksr-star\" data-star=\"1\" style=\"padding-right: 5px\">               <div class=\"kksr-icon\" style=\"width: 24px; height: 24px;\"><\/div>         <\/div>             <div class=\"kksr-star\" data-star=\"2\" style=\"padding-right: 5px\">               <div class=\"kksr-icon\" style=\"width: 24px; height: 24px;\"><\/div>         <\/div>             <div class=\"kksr-star\" data-star=\"3\" style=\"padding-right: 5px\">               <div class=\"kksr-icon\" style=\"width: 24px; height: 24px;\"><\/div>         <\/div>             <div class=\"kksr-star\" data-star=\"4\" style=\"padding-right: 5px\">               <div class=\"kksr-icon\" style=\"width: 24px; height: 24px;\"><\/div>         <\/div>             <div class=\"kksr-star\" data-star=\"5\" style=\"padding-right: 5px\">               <div class=\"kksr-icon\" style=\"width: 24px; height: 24px;\"><\/div>         <\/div>     <\/div>      <div class=\"kksr-stars-active\" style=\"width: 139.6px;\">             <div class=\"kksr-star\" style=\"padding-right: 5px\">               <div class=\"kksr-icon\" style=\"width: 24px; height: 24px;\"><\/div>         <\/div>             <div class=\"kksr-star\" style=\"padding-right: 5px\">               <div class=\"kksr-icon\" style=\"width: 24px; height: 24px;\"><\/div>         <\/div>             <div class=\"kksr-star\" style=\"padding-right: 5px\">               <div class=\"kksr-icon\" style=\"width: 24px; height: 24px;\"><\/div>         <\/div>             <div class=\"kksr-star\" style=\"padding-right: 5px\">               <div class=\"kksr-icon\" style=\"width: 24px; height: 24px;\"><\/div>         <\/div>             <div class=\"kksr-star\" style=\"padding-right: 5px\">               <div class=\"kksr-icon\" style=\"width: 24px; height: 24px;\"><\/div>         <\/div>     <\/div> <\/div>                   <div class=\"kksr-legend\" style=\"font-size: 19.2px;\">             4,9\/5 - (23 votes)    <\/div>     <\/div>  <p class=\"translation-block\">Taizy <strong>Machine d'emballage de poudre de lait<\/strong> est un type de machine d'emballage automatique en sachets. Cette <strong>machine d'emballage automatique de poudre<\/strong> peut r\u00e9aliser l'ensemble du processus de pesage, de remplissage, de confection des sachets, de scellement, de d\u00e9coupe et d'impression de la date. <\/p>    <p>Avec un panneau de commande intelligent, il est tr\u00e8s simple \u00e0 utiliser. De plus, le prix de la machine de conditionnement de lait en poudre est vraiment bas et avantageux. <\/p>    <p>Avec ses caract\u00e9ristiques de petite taille et son prix abordable, la machine d'emballage de lait en poudre en poudre est un excellent outil d'emballage pour d\u00e9marrer votre petit projet. <\/p>   <figure class=\"wp-block-embed-youtube wp-block-embed is-type-video is-provider-youtube wp-embed-aspect-16-9 wp-has-aspect-ratio\"><div class=\"lyte-wrapper fourthree\" title=\"Machine d&#039;emballage de poudre efficace\u00a0: processus d&#039;emballage pour divers mat\u00e9riaux en poudre\" style=\"width:960px;max-width:100%;margin:5px auto;\"><div class=\"lyMe hidef\" id=\"WYL_qpBoN7O74Ws\" itemprop=\"video\" itemscope itemtype=\"https:\/\/schema.org\/VideoObject\"><div><meta itemprop=\"thumbnailUrl\" content=\"https:\/\/taizypackaging.com\/wp-content\/plugins\/wp-youtube-lyte\/lyteCache.php?origThumbUrl=https%3A%2F%2Fi.ytimg.com%2Fvi%2FqpBoN7O74Ws%2Fmaxresdefault.jpg\" \/><meta itemprop=\"embedURL\" content=\"https:\/\/www.youtube.com\/embed\/qpBoN7O74Ws\" \/><meta itemprop=\"duration\" content=\"PT2M12S\" \/><meta itemprop=\"uploadDate\" content=\"2023-05-23T07:46:19Z\" \/><\/div><div id=\"lyte_qpBoN7O74Ws\" data-src=\"https:\/\/taizypackaging.com\/wp-content\/plugins\/wp-youtube-lyte\/lyteCache.php?origThumbUrl=https%3A%2F%2Fi.ytimg.com%2Fvi%2FqpBoN7O74Ws%2Fmaxresdefault.jpg\" class=\"pL\"><div class=\"tC\"><div class=\"tT\" itemprop=\"name\">Machine d'emballage de poudre efficace\u00a0: processus d'emballage pour divers mat\u00e9riaux en poudre<\/div><\/div><div class=\"play\"><\/div><div class=\"ctrl\"><div class=\"Lctrl\"><\/div><div class=\"Rctrl\"><\/div><\/div><\/div><noscript><a href=\"https:\/\/youtu.be\/qpBoN7O74Ws\" rel=\"nofollow noopener\" target=\"_blank\"><img loading=\"lazy\" decoding=\"async\" src=\"https:\/\/taizypackaging.com\/wp-content\/plugins\/wp-youtube-lyte\/lyteCache.php?origThumbUrl=https%3A%2F%2Fi.ytimg.com%2Fvi%2FqpBoN7O74Ws%2F0.jpg\" alt=\"Machine d&#039;emballage de poudre efficace\u00a0: processus d&#039;emballage pour divers mat\u00e9riaux en poudre\" width=\"960\" height=\"700\" \/><br \/>Watch this video on YouTube<\/a><\/noscript><meta itemprop=\"description\" content=\"#powderpackingmachine #spice #spicepackingmachine #packing #packagingmachine Website: https:\/\/packingmachineforsale.com\/spice-packing-machine\/ Email: info@packingmachineforsale.com WhatsApp: +86 19139754781 In this YouTube video, we showcase an efficient powder packing machine as it flawlessly packages different powder materials. Witness the seamless packaging process and discover how this machine revolutionizes the powder packaging industry. Website: https:\/\/packingmachineforsale.com\/spice-packing-machine\/ Email: info@packingmachineforsale.com WhatsApp: +86 19139754781\"><\/div><\/div><div class=\"lL\" style=\"max-width:100%;width:960px;margin:5px auto;\"><\/div><figcaption>vid\u00e9o d'une ensacheuse de lait en poudre<\/figcaption><\/figure>   <h2 class=\"wp-block-heading\" id=\"h-advantages-and-characteristics-of-milk-powder-packaging-machine\">Avantages de l'\u00e9quipement automatique d'emballage de lait en poudre<\/h2>    <ol class=\"wp-block-list\"> <li>La machine enti\u00e8re est compos\u00e9e de <strong>acier inoxydable<\/strong>, qui est robuste et durable.<\/li>    <li>La machine de conditionnement de poudre \u00e0 vis sans fin peut <strong>terminer automatiquement le processus de mesure, de remplissage, de scellement et de d\u00e9coupe<\/strong>.<\/li>    <li>Cette machine est \u00e9quip\u00e9e d'un <strong>\u00c9cran tactile de contr\u00f4le PLC et zone d'affichage en anglais<\/strong>, l'interface de fonctionnement est donc conviviale.<\/li>    <li>Cette machine de conditionnement de poudre inclin\u00e9e est \u00e9quip\u00e9e d'un <strong>syst\u00e8me de d\u00e9tection photo\u00e9lectrique automatique<\/strong>, et la coupe est pr\u00e9cise.<\/li>    <li>Il adopte le<strong> m\u00e9thode d'alimentation par vis oblique<\/strong>, qui peut ajuster directement le poids de l'emballage pendant le processus d'emballage.<\/li>    <li>Nous pouvons <strong>\u00e9quiper l'\u00e9quipement d'une machine \u00e0 coder, d'un dispositif de ventilation, d'un dispositif d'\u00e9chappement, d'une machine de d\u00e9poussi\u00e9rage<\/strong>, et d'autres appareils selon vos besoins.<\/li> <\/ol>    <figure class=\"wp-block-gallery has-nested-images columns-default is-cropped wp-block-gallery-2 is-layout-flex wp-block-gallery-is-layout-flex\"> <figure class=\"wp-block-image size-large\"><img loading=\"lazy\" decoding=\"async\" width=\"540\" height=\"720\" data-id=\"4954\" src=\"https:\/\/taizypackaging.com\/wp-content\/uploads\/2023\/09\/inner-structure.webp\" alt=\"structure interne\" class=\"wp-image-4954\" srcset=\"https:\/\/taizypackaging.com\/wp-content\/uploads\/2023\/09\/inner-structure.webp 540w, https:\/\/taizypackaging.com\/wp-content\/uploads\/2023\/09\/inner-structure-225x300.webp 225w\" sizes=\"auto, (max-width: 540px) 100vw, 540px\" \/><figcaption class=\"wp-element-caption\">structure interne<\/figcaption><\/figure>    <figure class=\"wp-block-image size-large\"><img loading=\"lazy\" decoding=\"async\" width=\"720\" height=\"540\" data-id=\"4955\" src=\"https:\/\/taizypackaging.com\/wp-content\/uploads\/2023\/09\/motor.webp\" alt=\"moteur\" class=\"wp-image-4955\" srcset=\"https:\/\/taizypackaging.com\/wp-content\/uploads\/2023\/09\/motor.webp 720w, https:\/\/taizypackaging.com\/wp-content\/uploads\/2023\/09\/motor-300x225.webp 300w\" sizes=\"auto, (max-width: 720px) 100vw, 720px\" \/><figcaption class=\"wp-element-caption\">moteur<\/figcaption><\/figure> <\/figure>    <h2 class=\"wp-block-heading\" id=\"h-technical-parameters\">Param\u00e8tres techniques de la machine d'emballage de poudre<\/h2>    <figure class=\"wp-block-table\"><table><tbody><tr><td>Mod\u00e8le<\/td><td>TZ-320<\/td><\/tr><tr><td>Style d'emballage (style sac)<\/td><td>Joint 3 c\u00f4t\u00e9s\/joint arri\u00e8re\/joint 4 c\u00f4t\u00e9s<\/td><\/tr><tr><td>Vitesse d'emballage<\/td><td>20-80 sacs\/min<\/td><\/tr><tr><td>Consommation d'\u00e9nergie<\/td><td>1,8 kW<\/td><\/tr><tr><td>Mat\u00e9riel<\/td><td>Acier inoxydable 304<\/td><\/tr><tr><td>Poids<\/td><td>250 kg<\/td><\/tr><tr><td>Dimensions<\/td><td>650*1050*1950mm<\/td><\/tr><tr><td>Poids d'emballage<\/td><td>0-80g<\/td><\/tr><tr><td>Largeur du sac<\/td><td>20-150mm<\/td><\/tr><tr><td>Longueur de sac<\/td><td>30-180mm<\/td><\/tr><\/tbody><\/table><figcaption class=\"wp-element-caption\">machine de conditionnement de lait en poudre \u00e0 vendre<\/figcaption><\/figure>    <p>La machine d'emballage de lait en poudre TZ-320 peut emballer 20 \u00e0 80 sacs de lait en poudre par minute. Le poids de l'emballage peut \u00eatre ajust\u00e9 entre 0 et 80 g. <\/p>    <p>Vous pouvez choisir parmi une vari\u00e9t\u00e9 de m\u00e9thodes d\u2019emballage telles que le scellage sur trois c\u00f4t\u00e9s, le scellage sur quatre c\u00f4t\u00e9s et le scellage arri\u00e8re. <\/p>    <p>Avez-vous besoin d'une machine d'emballage de haute qualit\u00e9 pour le lait en poudre ? Veuillez nous contacter pour le dernier devis.<\/p>   <div class=\"wp-block-image\"> <figure class=\"aligncenter size-large\"><img loading=\"lazy\" decoding=\"async\" width=\"720\" height=\"540\" src=\"https:\/\/taizypackaging.com\/wp-content\/uploads\/2021\/05\/machine-display-3.jpg\" alt=\"affichage des machines \u00e0 emballer le lait en poudre\" class=\"wp-image-1980\" srcset=\"https:\/\/taizypackaging.com\/wp-content\/uploads\/2021\/05\/machine-display-3.jpg 720w, https:\/\/taizypackaging.com\/wp-content\/uploads\/2021\/05\/machine-display-3-300x225.jpg 300w\" sizes=\"auto, (max-width: 720px) 100vw, 720px\" \/><figcaption class=\"wp-element-caption\">affichage des machines \u00e0 emballer le lait en poudre<\/figcaption><\/figure> <\/div>   <h2 class=\"wp-block-heading\" id=\"h-the-application-area-of-the-milk-powder-packaging-machine\">Applications de la machine d'emballage de lait en poudre sec<\/h2>    <p>La machine d'emballage de lait en poudre s\u00e8che est une machine de scellage de remplissage de poudre automatique. Il convient au conditionnement de poudre \u00e0 \u00e9coulement libre et son poids maximum d\u2019emballage est de 80 g.<\/p>    <p>En plus de l'emballage en sac de lait en poudre, il peut \u00eatre utilis\u00e9 pour emballer divers produits en poudre s\u00e8che, tels que la poudre de d\u00e9tergent, la poudre d'\u00e9pices, la poudre de chili, la poudre de gingembre, la poudre de curcuma, la poudre de teinture, la poudre d'assaisonnement, la farine, la poudre de caf\u00e9, la poudre de curry. , poudre de cacao, poudre de masala, poudre d'herbes, poudre chimique, etc. <\/p>   <div class=\"wp-block-image\"> <figure class=\"aligncenter size-large\"><img decoding=\"async\" src=\"https:\/\/taizypackaging.com\/wp-content\/uploads\/2021\/05\/application-of-the-powder-packing-machine.jpg\" alt=\"application de la machine d&#039;emballage de poudre\" class=\"wp-image-1857\"\/><figcaption class=\"wp-element-caption\">application de la machine d'emballage de poudre<\/figcaption><\/figure> <\/div>   <h2 class=\"wp-block-heading\" id=\"h-structure-of-the-milk-powder-packing-machine\">Structure de la machine de conditionnement automatique de lait en poudre<\/h2>    <p>La machine de conditionnement de lait en poudre est principalement compos\u00e9e d'une tr\u00e9mie, d'un formeur, d'un dispositif d'alimentation \u00e0 vis, d'un dispositif de pes\u00e9e automatique, d'un dispositif de scellage, d'un \u00e9cran PLC anglais et d'un syst\u00e8me de suivi oculaire \u00e9lectrique.<\/p>   <div class=\"wp-block-image\"> <figure class=\"aligncenter size-full\"><img decoding=\"async\" src=\"https:\/\/taizypackaging.com\/wp-content\/uploads\/2021\/05\/milk-powder-packing-machine-structure.jpg\" alt=\"structure de la machine \u00e0 emballer le lait en poudre\" class=\"wp-image-3549\"\/><figcaption class=\"wp-element-caption\">structure de la machine \u00e0 emballer le lait en poudre<\/figcaption><\/figure> <\/div>   <h2 class=\"wp-block-heading\" id=\"h-optional-devices-for-milk-powder-packing-machine\">Dispositifs optionnels pour machine d'emballage de sachets de lait en poudre<\/h2>    <ol class=\"wp-block-list\"> <li><strong>Machine \u00e0 coder<\/strong>. La machine \u00e0 coder \u00e0 ruban imprime clairement et n'est pas facile \u00e0 effacer. C'est hygi\u00e9nique et propre. Nous n\u2019avons pas \u00e0 nous soucier de la pollution de l\u2019encre.<\/li>    <li>Nous pouvons <strong>ajouter une larme<\/strong> dans le joint du sac pour faciliter le d\u00e9chirement du sac.<\/li>    <li><strong>Dispositif de poin\u00e7onnage<\/strong>. Percez des trous de diff\u00e9rentes formes sur le bord du sac, ce qui est pratique \u00e0 accrocher sur l'\u00e9tag\u00e8re et facile \u00e0 afficher.<\/li>    <li><strong>Dispositif de connexion de sac.<\/strong> L'appareil peut \u00eatre configur\u00e9 avec n'importe quel nombre de sacs connect\u00e9s pour r\u00e9pondre \u00e0 la demande des consommateurs.<\/li> <\/ol>   <div class=\"wp-block-image\"> <figure class=\"aligncenter size-large\"><img decoding=\"async\" src=\"https:\/\/taizypackaging.com\/wp-content\/uploads\/2021\/05\/packing-sample-1.jpg\" alt=\"\u00e9chantillon d&#039;emballage\" class=\"wp-image-1982\"\/><figcaption class=\"wp-element-caption\">\u00e9chantillon d'emballage<\/figcaption><\/figure> <\/div>   <h2 class=\"wp-block-heading\" id=\"how-do-you-package-milk-powder\">Comment conditionner le lait en poudre ?<\/h2>   <div id=\"rank-math-howto\" class=\"rank-math-block\" > <div class=\"rank-math-howto-description\">  <\/div>  <div class=\"rank-math-steps\"> <div id=\"howto-step-1722928890591\" class=\"rank-math-step\"> <h3 class=\"rank-math-step-title\">Pose du film d'emballage<\/h3> <div class=\"rank-math-step-content\"><p>Installez le film d'emballage dans la position d\u00e9sign\u00e9e de la machine.<\/p> <\/div> <\/div> <div id=\"howto-step-1722928838177\" class=\"rank-math-step\"> <h3 class=\"rank-math-step-title\">D\u00e9finition des param\u00e8tres de la machine<\/h3> <div class=\"rank-math-step-content\"><p>D\u00e9finissez les param\u00e8tres de la machine selon vos besoins, tels que le poids de l'emballage, la taille du sac, etc.<\/p> <\/div> <\/div> <div id=\"howto-step-1722928933063\" class=\"rank-math-step\"> <h3 class=\"rank-math-step-title\">Remplissage de lait en poudre<\/h3> <div class=\"rank-math-step-content\"><p>Versez le lait en poudre dans la tr\u00e9mie de la machine de conditionnement de poudre.<\/p> <\/div> <\/div> <div id=\"howto-step-1722928950168\" class=\"rank-math-step\"> <h3 class=\"rank-math-step-title\">D\u00e9marrage de la machine<\/h3> <div class=\"rank-math-step-content\"><p>D\u00e9marrez la machine de conditionnement de poudre pour d\u00e9marrer la machine.<\/p> <\/div> <\/div> <div id=\"howto-step-1722994807072\" class=\"rank-math-step\"> <h3 class=\"rank-math-step-title\">Emballage du lait en poudre<\/h3> <div class=\"rank-math-step-content\"><p>La machine conditionnera le lait en poudre en fonction de la taille et du poids d\u00e9finis.<\/p> <\/div> <\/div> <div id=\"howto-step-1722928998080\" class=\"rank-math-step\"> <h3 class=\"rank-math-step-title\">R\u00e9cup\u00e9ration du lait en poudre emball\u00e9<\/h3> <div class=\"rank-math-step-content\"><p>Cartonnez le lait en poudre emball\u00e9 et pr\u00e9parez-le pour le transport.<\/p> <\/div> <\/div> <\/div> <\/div>       <h2 class=\"wp-block-heading\" id=\"h-toolboxes\">Bo\u00eetes \u00e0 outils de petite machine d'emballage de poudre<\/h2>    <p>Cette machine de conditionnement de poudre est \u00e9quip\u00e9e d'une bo\u00eete \u00e0 outils. La bo\u00eete \u00e0 outils comprend un cutter, un tube chauffant, une ligne de d\u00e9tection de temp\u00e9rature, un relais et une roue d'\u00e9tirage de film. <\/p>    <p>Tuyaux de chauffage, thermocouples, tournevis, cl\u00e9s \u00e0 molette, brosses en laiton, brosses ordinaires, cl\u00e9s hexagonales, tournevis et autres accessoires vous seront \u00e9galement livr\u00e9s.<\/p>   <div class=\"wp-block-image\"> <figure class=\"aligncenter size-large\"><img decoding=\"async\" src=\"https:\/\/taizypackaging.com\/wp-content\/uploads\/2021\/05\/toolbox-1.jpg\" alt=\"bo\u00eete \u00e0 outils\" class=\"wp-image-1859\"\/><figcaption class=\"wp-element-caption\">bo\u00eete \u00e0 outils<\/figcaption><\/figure> <\/div>   <h2 class=\"wp-block-heading\" id=\"milk-powder-packing-machine-exported-to-pakistan\">Machine d'emballage de lait en poudre export\u00e9e au Pakistan <\/h2>    <p>En janvier, notre machine de conditionnement de sachets de poudre a \u00e9t\u00e9 vendue au Pakistan. Le client a test\u00e9 et utilis\u00e9 la machine. Il est tr\u00e8s satisfait de l'efficacit\u00e9 de la machine et de l'effet d'emballage. Il nous a exprim\u00e9 ses sinc\u00e8res remerciements. <\/p>    <p>Nous promettons d'offrir aux clients l'exp\u00e9rience de service d'achat la plus satisfaisante. Si vous rencontrez des probl\u00e8mes d'utilisation, vous pouvez nous contacter \u00e0 tout moment. <\/p>    <p>Nos techniciens qualifi\u00e9s vous proposeront des solutions professionnelles. De plus, nous sommes engag\u00e9s dans l'exportation de machines d'emballage depuis 10 ans et nous sommes professionnels et fiables.<\/p>   <div class=\"wp-block-image\"> <figure class=\"aligncenter size-large\"><img loading=\"lazy\" decoding=\"async\" width=\"720\" height=\"540\" src=\"https:\/\/taizypackaging.com\/wp-content\/uploads\/2021\/05\/customer-feedback.jpg\" alt=\"commentaires des clients\" class=\"wp-image-1860\" srcset=\"https:\/\/taizypackaging.com\/wp-content\/uploads\/2021\/05\/customer-feedback.jpg 720w, https:\/\/taizypackaging.com\/wp-content\/uploads\/2021\/05\/customer-feedback-300x225.jpg 300w\" sizes=\"auto, (max-width: 720px) 100vw, 720px\" \/><figcaption class=\"wp-element-caption\">commentaires des clients<\/figcaption><\/figure> <\/div>   <h2 class=\"wp-block-heading\">Pourquoi les clients choisissent-ils notre machine d'emballage de poudre ?<\/h2>    <p>Les ouvriers de notre usine sont tous des experts qualifi\u00e9s et ils comprennent mieux la structure de chaque partie de la machine. En outre, ils ma\u00eetrisent bien la technologie du soudage professionnel. <\/p>    <p>Notre inspecteur professionnel de la qualit\u00e9 des produits visitera la machine du travailleur de temps en temps pour v\u00e9rifier l\u2019avancement et les r\u00e9sultats du travail.<\/p>    <p>Ils v\u00e9rifieront \u00e9galement les proc\u00e9dures de soudage et de rev\u00eatement. Apr\u00e8s v\u00e9rification, ils enregistreront les r\u00e9sultats de l\u2019inspection des machines. La machine ne sera pas stock\u00e9e tant qu\u2019elle n\u2019aura pas \u00e9t\u00e9 jug\u00e9e qualifi\u00e9e.<\/p>    <p>Par cons\u00e9quent, chaque machine que nous vendons est strictement inspect\u00e9e. Il se caract\u00e9rise par un faible taux de d\u00e9faillance et une longue dur\u00e9e de vie.<\/p>   <div class=\"wp-block-image\"> <figure class=\"aligncenter size-large\"><img decoding=\"async\" src=\"https:\/\/taizypackaging.com\/wp-content\/uploads\/2021\/05\/factory.jpg\" alt=\"notre usine de machines d&#039;emballage\" class=\"wp-image-1861\"\/><figcaption class=\"wp-element-caption\">notre usine de machines d'emballage<\/figcaption><\/figure> <\/div>   <h2 class=\"wp-block-heading\" id=\"h-q-a\">FAQ sur notre machine d'emballage de poudre<\/h2>   <div id=\"rank-math-faq\" class=\"rank-math-block\"> <div class=\"rank-math-list\"> <div id=\"faq-question-1722930814042\" class=\"rank-math-list-item\"> <h3 class=\"rank-math-question\">Si la machine d'emballage de lait en poudre a un probl\u00e8me, comment le r\u00e9soudre\u00a0?<\/h3> <div class=\"rank-math-answer\">  <p>Vous nous fournissez une vid\u00e9o de retour, nous v\u00e9rifierons ce qui s'est pass\u00e9.<br \/>Lorsqu'un probl\u00e8me avec la machine r\u00e9sulte d'un mauvais fonctionnement, nous vous fournirons les pi\u00e8ces \u00e0 leur prix d'origine. <br \/>S'il ne s'agit pas d'une faute humaine, nous fournirons des pi\u00e8ces gratuitement.<\/p>  <\/div> <\/div> <div id=\"faq-question-1722930906361\" class=\"rank-math-list-item\"> <h3 class=\"rank-math-question\">Quelle est la forme d'emballage de la machine dans l'exp\u00e9dition\u00a0?<\/h3> <div class=\"rank-math-answer\">  <p>La machine est envelopp\u00e9e dans un film plastique avant l'emballage, afin d'\u00e9viter l'humidit\u00e9 en mer.<br \/>Si n\u00e9cessaire, nous placerons la machine dans une caisse en bois exempte de fumigation, doubl\u00e9e de fil m\u00e9tallique.<br \/>Nous avons un syst\u00e8me de contr\u00f4le de qualit\u00e9 strict. Avant exp\u00e9dition, nous prendrons des photos et des vid\u00e9os pour vous.<\/p>  <\/div> <\/div> <div id=\"faq-question-1722930984396\" class=\"rank-math-list-item\"> <h3 class=\"rank-math-question\">Quelle est la tension de la machine d'emballage de poudre \u00e0 vis \u00e0 lait\u00a0?<\/h3> <div class=\"rank-math-answer\">  <p>Nous personnaliserons la tension en fonction de vos besoins.<\/p>  <\/div> <\/div> <div id=\"faq-question-1722931008913\" class=\"rank-math-list-item\"> <h3 class=\"rank-math-question\">Quelle est la dur\u00e9e de la p\u00e9riode de garantie ?<\/h3> <div class=\"rank-math-answer\">  <p>Nous fournissons une garantie de qualit\u00e9 de 24 mois. En m\u00eame temps, nous fournissons une maintenance \u00e0 vie.<\/p>  <\/div> <\/div> <div id=\"faq-question-1722931030793\" class=\"rank-math-list-item\"> <h3 class=\"rank-math-question\">Comment installer et faire fonctionner la machine d'emballage de lait en poudre ?<br><\/h3> <div class=\"rank-math-answer\">  <p>Des manuels en anglais et des didacticiels vid\u00e9o vous aideront \u00e0 faire fonctionner la machine. Vous pouvez \u00e9galement contacter nos techniciens pour vous aider.<\/p>  <\/div> <\/div> <div id=\"faq-question-1722931096745\" class=\"rank-math-list-item\"> <h3 class=\"rank-math-question\">Combien de temps puis-je recevoir la machine apr\u00e8s le paiement ?<\/h3> <div class=\"rank-math-answer\">  <p>Cette machine d'emballage de poudre est enti\u00e8rement en stock. Nous vous enverrons donc les machines apr\u00e8s votre paiement.<\/p>  <\/div> <\/div> <\/div> <\/div>   <h2 class=\"wp-block-heading\" id=\"conclusion\">Contactez nous pour une citation gratuite!<\/h2>    <p>En tant que l\u2019un des principaux fabricants de machines d\u2019emballage de poudre en Chine, nous proposons une gamme compl\u00e8te de machines d\u2019emballage de poudre. <\/p>    <p class=\"translation-block\">En plus de la machine d\u2019emballage de lait en poudre, il y a aussi <a href=\"https:\/\/taizypackaging.com\/fr\/spices-packing-machine-powder-packing-machine-type2\/\">machine \u00e0 \u00e9pices pour poudres<\/a>, machine d\u2019emballage de farine et <a href=\"https:\/\/taizypackaging.com\/fr\/semi-automatic-powder-packaging-machine-auger-filling-machine\/\">machine semi-automatique de remplissage de poudre<\/a> \u00e0 vendre dans l\u2019usine Taizy. <\/p>    <p>Toutes nos machines d'emballage sont con\u00e7ues et fabriqu\u00e9es selon les normes internationales. Contactez-nous d\u00e8s aujourd'hui pour d\u00e9marrer votre projet !<\/p>","protected":false},"excerpt":{"rendered":"<p>Cette machine de conditionnement de poudre inclin\u00e9e peut compl\u00e9ter la mesure et le conditionnement automatiques de poudres telles que le lait en poudre, le lait en poudre de soja, la p\u00e2te de s\u00e9same, la poudre de racine de lotus, etc. Son plus grand poids d'emballage est de 80 g. L'emballage de poudre inclin\u00e9 convient \u00e0 l'emballage de petits sachets. <\/p>","protected":false},"author":1,"featured_media":3557,"parent":0,"template":"","tags":[264,275,283,375,409,436,454,457,478],"product-type":[660],"class_list":["post-1848","product","type-product","status-publish","has-post-thumbnail","hentry","tag-lotcus-root-powder","tag-medical-powder","tag-milk-powder","tag-powder-packing","tag-seasoning-powder","tag-spice","tag-suffron","tag-sulfur-powder","tag-tea-milk-powder","product-type-powder-packing-machines"],"_links":{"self":[{"href":"https:\/\/taizypackaging.com\/fr\/wp-json\/wp\/v2\/product\/1848","targetHints":{"allow":["GET"]}}],"collection":[{"href":"https:\/\/taizypackaging.com\/fr\/wp-json\/wp\/v2\/product"}],"about":[{"href":"https:\/\/taizypackaging.com\/fr\/wp-json\/wp\/v2\/types\/product"}],"author":[{"embeddable":true,"href":"https:\/\/taizypackaging.com\/fr\/wp-json\/wp\/v2\/users\/1"}],"wp:featuredmedia":[{"embeddable":true,"href":"https:\/\/taizypackaging.com\/fr\/wp-json\/wp\/v2\/media\/3557"}],"wp:attachment":[{"href":"https:\/\/taizypackaging.com\/fr\/wp-json\/wp\/v2\/media?parent=1848"}],"wp:term":[{"taxonomy":"post_tag","embeddable":true,"href":"https:\/\/taizypackaging.com\/fr\/wp-json\/wp\/v2\/tags?post=1848"},{"taxonomy":"product-type","embeddable":true,"href":"https:\/\/taizypackaging.com\/fr\/wp-json\/wp\/v2\/product-type?post=1848"}],"curies":[{"name":"wp","href":"https:\/\/api.w.org\/{rel}","templated":true}]}}