{"id":187,"date":"2020-08-24T07:21:44","date_gmt":"2020-08-24T07:21:44","guid":{"rendered":"https:\/\/taizypackaging.com\/?p=187"},"modified":"2024-07-16T17:37:40","modified_gmt":"2024-07-16T09:37:40","slug":"candy-packing-machine","status":"publish","type":"product","link":"https:\/\/taizypackaging.com\/fr\/candy-packing-machine\/","title":{"rendered":"Machine d'emballage de bonbons"},"content":{"rendered":"<div class=\"kk-star-ratings kksr-auto kksr-align-left kksr-valign-top\"     data-payload='{&quot;align&quot;:&quot;left&quot;,&quot;id&quot;:&quot;187&quot;,&quot;slug&quot;:&quot;default&quot;,&quot;valign&quot;:&quot;top&quot;,&quot;ignore&quot;:&quot;&quot;,&quot;reference&quot;:&quot;auto&quot;,&quot;class&quot;:&quot;&quot;,&quot;count&quot;:&quot;25&quot;,&quot;legendonly&quot;:&quot;&quot;,&quot;readonly&quot;:&quot;&quot;,&quot;score&quot;:&quot;4.6&quot;,&quot;starsonly&quot;:&quot;&quot;,&quot;best&quot;:&quot;5&quot;,&quot;gap&quot;:&quot;5&quot;,&quot;greet&quot;:&quot;Rate this product&quot;,&quot;legend&quot;:&quot;4.6\\\/5 - (25 votes)&quot;,&quot;size&quot;:&quot;24&quot;,&quot;title&quot;:&quot;Candy Packing Machine&quot;,&quot;width&quot;:&quot;130.9&quot;,&quot;_legend&quot;:&quot;{score}\\\/{best} - ({count} {votes})&quot;,&quot;font_factor&quot;:&quot;1.25&quot;}'>              <div class=\"kksr-stars\">      <div class=\"kksr-stars-inactive\">             <div class=\"kksr-star\" data-star=\"1\" style=\"padding-right: 5px\">               <div class=\"kksr-icon\" style=\"width: 24px; height: 24px;\"><\/div>         <\/div>             <div class=\"kksr-star\" data-star=\"2\" style=\"padding-right: 5px\">               <div class=\"kksr-icon\" style=\"width: 24px; height: 24px;\"><\/div>         <\/div>             <div class=\"kksr-star\" data-star=\"3\" style=\"padding-right: 5px\">               <div class=\"kksr-icon\" style=\"width: 24px; height: 24px;\"><\/div>         <\/div>             <div class=\"kksr-star\" data-star=\"4\" style=\"padding-right: 5px\">               <div class=\"kksr-icon\" style=\"width: 24px; height: 24px;\"><\/div>         <\/div>             <div class=\"kksr-star\" data-star=\"5\" style=\"padding-right: 5px\">               <div class=\"kksr-icon\" style=\"width: 24px; height: 24px;\"><\/div>         <\/div>     <\/div>      <div class=\"kksr-stars-active\" style=\"width: 130.9px;\">             <div class=\"kksr-star\" style=\"padding-right: 5px\">               <div class=\"kksr-icon\" style=\"width: 24px; height: 24px;\"><\/div>         <\/div>             <div class=\"kksr-star\" style=\"padding-right: 5px\">               <div class=\"kksr-icon\" style=\"width: 24px; height: 24px;\"><\/div>         <\/div>             <div class=\"kksr-star\" style=\"padding-right: 5px\">               <div class=\"kksr-icon\" style=\"width: 24px; height: 24px;\"><\/div>         <\/div>             <div class=\"kksr-star\" style=\"padding-right: 5px\">               <div class=\"kksr-icon\" style=\"width: 24px; height: 24px;\"><\/div>         <\/div>             <div class=\"kksr-star\" style=\"padding-right: 5px\">               <div class=\"kksr-icon\" style=\"width: 24px; height: 24px;\"><\/div>         <\/div>     <\/div> <\/div>                   <div class=\"kksr-legend\" style=\"font-size: 19.2px;\">             4,6\/5 - (25 votes)    <\/div>     <\/div>  <p class=\"translation-block\"><strong>Machine d\u2019emballage de bonbons<\/strong> est un type de machine d\u2019enveloppement \u00e0 flux horizontal. Elle offre des caract\u00e9ristiques de haute efficacit\u00e9, de grande pr\u00e9cision et de facilit\u00e9 d\u2019utilisation. Avec un syst\u00e8me de convoyeur, un servomoteur et un syst\u00e8me de contr\u00f4le avanc\u00e9, elle peut r\u00e9aliser automatiquement les \u00e9tapes d\u2019empaquetage, de scellement et de coupe. Par cons\u00e9quent, une machine d\u2019emballage de bonbons automatique peut certainement augmenter votre productivit\u00e9 et vous faire \u00e9conomiser des co\u00fbts. En tant que fabricant leader de machines d\u2019emballage en Chine, nous proposons d\u2019excellentes solutions d\u2019emballage de bonbons pour des clients du monde entier. Avez-vous un int\u00e9r\u00eat ? Envoyez-nous un e-mail ou appelez-nous pour le meilleur devis. <\/p>   <figure class=\"wp-block-embed-youtube wp-block-embed is-type-video is-provider-youtube wp-embed-aspect-16-9 wp-has-aspect-ratio\"><div class=\"lyte-wrapper fourthree\" title=\"Machine de conditionnement automatis\u00e9e de pain\/comprim\u00e9s de lait\/chocolat\/nouilles\/p\u00e2tes\/l\u00e9gumes\/bonbons\" style=\"width:960px;max-width:100%;margin:5px auto;\"><div class=\"lyMe hidef\" id=\"WYL_ky0B3I2mrVM\" itemprop=\"video\" itemscope itemtype=\"https:\/\/schema.org\/VideoObject\"><div><meta itemprop=\"thumbnailUrl\" content=\"https:\/\/taizypackaging.com\/wp-content\/plugins\/wp-youtube-lyte\/lyteCache.php?origThumbUrl=https%3A%2F%2Fi.ytimg.com%2Fvi%2Fky0B3I2mrVM%2Fhqdefault.jpg\" \/><meta itemprop=\"embedURL\" content=\"https:\/\/www.youtube.com\/embed\/ky0B3I2mrVM\" \/><meta itemprop=\"duration\" content=\"PT4M42S\" \/><meta itemprop=\"uploadDate\" content=\"2020-09-25T03:30:06Z\" \/><\/div><div id=\"lyte_ky0B3I2mrVM\" data-src=\"https:\/\/taizypackaging.com\/wp-content\/plugins\/wp-youtube-lyte\/lyteCache.php?origThumbUrl=https%3A%2F%2Fi.ytimg.com%2Fvi%2Fky0B3I2mrVM%2Fhqdefault.jpg\" class=\"pL\"><div class=\"tC\"><div class=\"tT\" itemprop=\"name\">Machine de conditionnement automatis\u00e9e de pain\/comprim\u00e9s de lait\/chocolat\/nouilles\/p\u00e2tes\/l\u00e9gumes\/bonbons<\/div><\/div><div class=\"play\"><\/div><div class=\"ctrl\"><div class=\"Lctrl\"><\/div><div class=\"Rctrl\"><\/div><\/div><\/div><noscript><a href=\"https:\/\/youtu.be\/ky0B3I2mrVM\" rel=\"nofollow noopener\" target=\"_blank\"><img loading=\"lazy\" decoding=\"async\" src=\"https:\/\/taizypackaging.com\/wp-content\/plugins\/wp-youtube-lyte\/lyteCache.php?origThumbUrl=https%3A%2F%2Fi.ytimg.com%2Fvi%2Fky0B3I2mrVM%2F0.jpg\" alt=\"Machine de conditionnement automatis\u00e9e de pain\/comprim\u00e9s de lait\/chocolat\/nouilles\/p\u00e2tes\/l\u00e9gumes\/bonbons\" width=\"960\" height=\"700\" \/><br \/>Watch this video on YouTube<\/a><\/noscript><meta itemprop=\"description\" content=\"Website for More details: https:\/\/taizypackaging.com\/ Food packaging machine: https:\/\/www.youtube.com\/watchv=R77RQ1DBtjc&amp;t=107s Tea Packaging Machine: https:\/\/www.youtube.com\/watch?v=HtHDwv_bSE8 WhatsApp for factory price: https:\/\/wa.me\/17320158259 Shown in the video are all packaging samples. The machine can not only pack the materials in the video, but also pack a lot. At the same time we also produced coffee packaging machine, spice packaging machine, juice packaging machine, biscuit packaging machine, cookie packaging machine, meat packaging machine, etc.\"><\/div><\/div><div class=\"lL\" style=\"max-width:100%;width:960px;margin:5px auto;\"><\/div><figcaption><\/figcaption><\/figure>   <h2 class=\"wp-block-heading\" id=\"what-is-candy-wrapping-machine\">Qu'est-ce qu'une machine d'emballage de bonbons ? <\/h2>    <p>La machine d'emballage de bonbons ou machine d'emballage de bonbons est une sorte de machine d'emballage d'oreillers. Il peut compl\u00e9ter le processus d'emballage, de scellage et de d\u00e9coupe de la ligne de production de bonbons. En plus des bonbons, la machine d'emballage de type oreiller peut \u00e9galement \u00eatre utilis\u00e9e pour emballer de nombreux autres produits d'\u00e9picerie, tels que des biscuits, du pain, des produits de boulangerie, des gaufrettes, des savons, des masques faciaux, des papiers pour le visage, des lingettes humides, etc. Elle se compose d'un syst\u00e8me d'emballage et d'un Syst\u00e8me de transport. Avec une utilisation facile et un syst\u00e8me de contr\u00f4le intelligent, il peut consid\u00e9rablement augmenter la productivit\u00e9 de votre usine alimentaire. <\/p>    <h2 class=\"wp-block-heading\" id=\"h-applications-of-the-horizontal-packaging-machine\">Applications de la machine d'emballage horizontale<\/h2>    <p>La machine d'emballage horizontale TZ-450 est un mod\u00e8le de machine horizontale. Il convient aux mat\u00e9riaux d\u2019emballage d\u2019une largeur de film maximale de 250 mm. Les param\u00e8tres techniques d\u00e9taill\u00e9s sont indiqu\u00e9s \u00e0 la fin du passage. La machine d'emballage de bonbons a de nombreuses applications dans l'emballage de bonbons, l'emballage de chocolat, l'emballage de vaisselle jetable, l'emballage de seringues, l'emballage de masques, etc. Vous pouvez choisir le bon mod\u00e8le en fonction de la taille de votre produit.<\/p>    <figure class=\"wp-block-image size-large\"><img decoding=\"async\" src=\"https:\/\/taizypackaging.com\/wp-content\/uploads\/2020\/08\/candy-packing-and-syringe-packaging.jpg\" alt=\"emballage de bonbons et emballage de seringues\" class=\"wp-image-1778\"\/><figcaption class=\"wp-element-caption\">emballage de bonbons et emballage de seringues<\/figcaption><\/figure>    <h2 class=\"wp-block-heading\" id=\"h-types-of-candy-packing-machines-for-sale\">Types de machines d'emballage de bonbons \u00e0 vendre <\/h2>    <p>Il existe deux modes de transport pour le film en rouleau de la machine d'emballage de bonbons, \u00e0 savoir l'alimentation sup\u00e9rieure et l'alimentation inf\u00e9rieure. Le film en rouleau se trouve sur le dessus de la machine pour le chargeur sup\u00e9rieur, le premier peut \u00eatre r\u00e9gl\u00e9 avec pr\u00e9cision et le coupeur vertical se trouve \u00e0 l'int\u00e9rieur de la machine. Machine d'emballage en papier \u00e0 alimentation descendante, le rouleau de film est sous la machine et le premier n'est pas r\u00e9glable. Vous pouvez acheter diff\u00e9rents formeurs pour modifier la largeur de coupe. Diff\u00e9rentes machines d\u2019emballage d\u2019oreillers sont id\u00e9ales pour diff\u00e9rents articles. Avec une bonne qualit\u00e9 et un prix comp\u00e9titif, nos machines d'emballage de bonbons sont tr\u00e8s populaires dans le monde entier. <\/p>    <figure class=\"wp-block-image size-large\"><img decoding=\"async\" src=\"https:\/\/taizypackaging.com\/wp-content\/uploads\/2021\/05\/horizontal-packing-machine.jpg\" alt=\"machine d&#039;emballage horizontale\" class=\"wp-image-1665\"\/><figcaption class=\"wp-element-caption\">machine d'emballage horizontale<\/figcaption><\/figure>    <h2 class=\"wp-block-heading\" id=\"h-the-structure-feature-of-the-candy-packing-machine\">La caract\u00e9ristique structurelle de la machine \u00e0 emballer des bonbons<\/h2>    <ol class=\"wp-block-list\" type=\"1\"> <li>La plateforme d'alimentation est en acier inoxydable. Ce mat\u00e9riau est durable.<\/li>    <li>Il peut \u00eatre \u00e9quip\u00e9 d'un couteau simple, d'un couteau double ou d'une coupe \u00e0 trois couteaux.<\/li>    <li>L'\u00e9cran facilite et acc\u00e9l\u00e8re le r\u00e9glage des param\u00e8tres. Il adopte une plateforme de contr\u00f4le anglaise. <\/li>    <li>Le suivi du curseur \u00e0 haute sensibilit\u00e9 et l'entr\u00e9e num\u00e9rique du scellage rendent la position de scellage et de d\u00e9coupe plus pr\u00e9cise.<\/li>    <li>Le syst\u00e8me de transmission est simple et le fonctionnement est plus fiable. De plus, l\u2019entretien est plus pratique.<\/li>    <li>Cette machine d'emballage de bonbons est polyvalente. Il peut emballer des produits dans diff\u00e9rents domaines.<\/li> <\/ol>    <figure class=\"wp-block-image size-large\"><img decoding=\"async\" src=\"https:\/\/taizypackaging.com\/wp-content\/uploads\/2020\/08\/Pillow-type-Packaging-Machine-1-2.jpg\" alt=\"machine d&#039;emballage de type oreiller\" class=\"wp-image-1256\"\/><figcaption class=\"wp-element-caption\">machine d'emballage de type oreiller<\/figcaption><\/figure>    <h2 class=\"wp-block-heading\" id=\"h-the-performance-advantages-of-the-candy-packaging-machine\">Les avantages de performance de la machine d'emballage de bonbons<\/h2>    <ol class=\"wp-block-list\" type=\"1\"> <li>Des objets de diff\u00e9rentes tailles peuvent \u00eatre emball\u00e9s en changeant de forme.<\/li>    <li>La vitesse de coupe est r\u00e9glable. Vous pouvez r\u00e9gler la vitesse de coupe en r\u00e9glant les param\u00e8tres sur l'\u00e9cran de contr\u00f4le.<\/li>    <li>La vitesse de coupe est r\u00e9glable et la temp\u00e9rature de coupe est contr\u00f4l\u00e9e par un \u00e9cran de contr\u00f4le PID ind\u00e9pendant. Il convient \u00e0 divers mat\u00e9riaux d'emballage.<\/li>    <li>Vous pouvez modifier la largeur du paquet en ajustant l'ancienne partie.<\/li> <\/ol>    <figure class=\"wp-block-image size-large\"><img decoding=\"async\" src=\"https:\/\/taizypackaging.com\/wp-content\/uploads\/2020\/08\/components-of-the-candy-packing-machine.jpg\" alt=\"composants de la machine d&#039;emballage de bonbons\" class=\"wp-image-1794\"\/><figcaption class=\"wp-element-caption\">composants de la machine d'emballage de bonbons<\/figcaption><\/figure>    <h2 class=\"wp-block-heading\" id=\"package-style\">Style de paquet<\/h2>    <figure class=\"wp-block-image size-large\"><img decoding=\"async\" src=\"https:\/\/taizypackaging.com\/wp-content\/uploads\/2020\/08\/pillow-type-packing-machine-1.jpg\" alt=\"machine d&#039;emballage de type oreiller\" class=\"wp-image-852\"\/><figcaption class=\"wp-element-caption\">machine d'emballage de type oreiller<\/figcaption><\/figure>    <h2 class=\"wp-block-heading\" id=\"h-q-a\">Questions et r\u00e9ponses<\/h2>    <div class=\"schema-faq wp-block-yoast-faq-block\"><div class=\"schema-faq-section\" id=\"faq-question-1616468169204\"><strong class=\"schema-faq-question\">1. Combien de m\u00e9thodes d\u2019emballage existe-t-il ?<\/strong> <p class=\"schema-faq-answer\">Une machine d'emballage de type oreiller ne peut que sceller \u00e0 l'arri\u00e8re.<\/p> <\/div> <div class=\"schema-faq-section\" id=\"faq-question-1616468188611\"><strong class=\"schema-faq-question\">2. Le shaper est-il r\u00e9glable ?<\/strong> <p class=\"schema-faq-answer\">Non, il est possible d'emballer des objets de diff\u00e9rentes tailles en changeant de shaper.<\/p> <\/div> <div class=\"schema-faq-section\" id=\"faq-question-1616468252884\"><strong class=\"schema-faq-question\">3. Comment diviser et exp\u00e9dier cette machine si je l'ach\u00e8te\u00a0?<\/strong> <p class=\"schema-faq-answer\">G\u00e9n\u00e9ralement, il est livr\u00e9 en deux parties.<\/p> <\/div> <div class=\"schema-faq-section\" id=\"faq-question-1616468264004\"><strong class=\"schema-faq-question\">4. Quel type de machines d'emballage vendez-vous ?<\/strong> <p class=\"schema-faq-answer\">De plus, nous disposons d'une machine d'emballage sous vide pour oreillers, d'une machine d'emballage d'oreillers pour bonbons, d'une machine d'emballage d'oreillers horizontale, etc.<\/p> <\/div> <div class=\"schema-faq-section\" id=\"faq-question-1616468276012\"><strong class=\"schema-faq-question\">5. Le client peut-il choisir le moteur ?<\/strong> <p class=\"schema-faq-answer\">Oui il peut. En plus des moteurs ordinaires, des servomoteurs peuvent \u00e9galement \u00eatre s\u00e9lectionn\u00e9s. La machine d'emballage de type oreiller est \u00e9quip\u00e9e d'un servomoteur, elle peut donc d\u00e9tecter automatiquement la longueur du mat\u00e9riau. Et puis il sera coup\u00e9 apr\u00e8s avoir d\u00e9tect\u00e9 le mat\u00e9riau. Lorsque les mat\u00e9riaux n'arrivent pas, le film d'emballage et le coupeur ne fonctionneront pas pour \u00e9viter le gaspillage. Les servomoteurs sont plus chers que les moteurs ordinaires.<\/p> <\/div> <\/div>    <h2 class=\"wp-block-heading\" id=\"h-the-working-video-of-the-horizontal-flow-wrapping-packaging-machine\">La vid\u00e9o de travail de la machine d'emballage \u00e0 flux horizontal<\/h2>    <h2 class=\"wp-block-heading\" id=\"h-technical-parameter-of-the-candy-packing-machine\">&nbsp;Param\u00e8tre technique de la machine \u00e0 emballer des bonbons<\/h2>    <figure class=\"wp-block-table\"><table><tbody><tr><td>Largeur du film<\/td><td>Maximum 250 mm<\/td><\/tr><tr><td>Longueur de sac<\/td><td>45-220 millim\u00e8tres<\/td><\/tr><tr><td>Largeur du sac<\/td><td>30-110 millim\u00e8tres<\/td><\/tr><tr><td>Hauteur du produit<\/td><td>Max.40 mm<\/td><\/tr><tr><td>Capacit\u00e9<\/td><td>40-330 sac\/min<\/td><\/tr><tr><td>Pouvoir<\/td><td>2,4 kW<\/td><\/tr><tr><td>Poids<\/td><td>800 kg<\/td><\/tr><tr><td>Dimension<\/td><td>3770*670*1450 millim\u00e8tres<\/td><\/tr><tr><td>note<\/td><td>pouvoir personnaliser<\/td><\/tr><\/tbody><\/table><\/figure>    <h2 class=\"wp-block-heading\" id=\"h-contact-us-to-start-your-business\">Contactez-nous pour d\u00e9marrer votre entreprise<\/h2>    <p>La machine d'emballage de bonbons fait r\u00e9f\u00e9rence \u00e0 une machine d'emballage de type oreiller. Il s'agit d'un produit phare dans notre entreprise en raison de ses \u00e9normes applications dans la fabrication industrielle. Nous exportons chaque ann\u00e9e avec succ\u00e8s des machines d\u2019emballage d\u2019oreillers dans 30 pays et r\u00e9gions. Avec des prix comp\u00e9titifs et un bon service apr\u00e8s-vente, les machines d'emballage Taizy sont tr\u00e8s appr\u00e9ci\u00e9es par nos clients du monde entier. \u00cates-vous \u00e0 la recherche d\u2019un fabricant de machines d\u2019emballage fiable pour b\u00e9n\u00e9ficier de votre projet\u00a0? Laissez vos exigences ci-dessous et nous vous r\u00e9pondrons dans quelques heures.<\/p>","protected":false},"excerpt":{"rendered":"<p>Candy packing machine is a type of horizontal flow wrapping machine. It has the features of high efficiency, high accuracy, and easy operation. With a conveyor system, servo motor, and advanced control system, it can automatically complete the process of wrapping, sealing, and cutting. Therefore, an automatic candy packaging machine can definitely enhance your productivity [&hellip;]<\/p>\n","protected":false},"author":1,"featured_media":4147,"parent":0,"template":"","tags":[88,609,555,556],"product-type":[664],"class_list":["post-187","product","type-product","status-publish","has-post-thumbnail","hentry","tag-candy","tag-candy-packaging","tag-candy-packing-machine","tag-candy-wrapping-machine","product-type-horizontal-flow-wrapping-machines"],"_links":{"self":[{"href":"https:\/\/taizypackaging.com\/fr\/wp-json\/wp\/v2\/product\/187","targetHints":{"allow":["GET"]}}],"collection":[{"href":"https:\/\/taizypackaging.com\/fr\/wp-json\/wp\/v2\/product"}],"about":[{"href":"https:\/\/taizypackaging.com\/fr\/wp-json\/wp\/v2\/types\/product"}],"author":[{"embeddable":true,"href":"https:\/\/taizypackaging.com\/fr\/wp-json\/wp\/v2\/users\/1"}],"wp:featuredmedia":[{"embeddable":true,"href":"https:\/\/taizypackaging.com\/fr\/wp-json\/wp\/v2\/media\/4147"}],"wp:attachment":[{"href":"https:\/\/taizypackaging.com\/fr\/wp-json\/wp\/v2\/media?parent=187"}],"wp:term":[{"taxonomy":"post_tag","embeddable":true,"href":"https:\/\/taizypackaging.com\/fr\/wp-json\/wp\/v2\/tags?post=187"},{"taxonomy":"product-type","embeddable":true,"href":"https:\/\/taizypackaging.com\/fr\/wp-json\/wp\/v2\/product-type?post=187"}],"curies":[{"name":"wp","href":"https:\/\/api.w.org\/{rel}","templated":true}]}}