{"id":1882,"date":"2021-05-21T08:46:25","date_gmt":"2021-05-21T08:46:25","guid":{"rendered":"https:\/\/taizypackaging.com\/?p=1882"},"modified":"2024-01-17T16:13:45","modified_gmt":"2024-01-17T08:13:45","slug":"spice-packing-machine","status":"publish","type":"product","link":"https:\/\/taizypackaging.com\/fr\/spice-packing-machine\/","title":{"rendered":"Machine d'emballage d'\u00e9pices"},"content":{"rendered":"<div class=\"kk-star-ratings kksr-auto kksr-align-left kksr-valign-top\"     data-payload='{&quot;align&quot;:&quot;left&quot;,&quot;id&quot;:&quot;1882&quot;,&quot;slug&quot;:&quot;default&quot;,&quot;valign&quot;:&quot;top&quot;,&quot;ignore&quot;:&quot;&quot;,&quot;reference&quot;:&quot;auto&quot;,&quot;class&quot;:&quot;&quot;,&quot;count&quot;:&quot;16&quot;,&quot;legendonly&quot;:&quot;&quot;,&quot;readonly&quot;:&quot;&quot;,&quot;score&quot;:&quot;4.9&quot;,&quot;starsonly&quot;:&quot;&quot;,&quot;best&quot;:&quot;5&quot;,&quot;gap&quot;:&quot;5&quot;,&quot;greet&quot;:&quot;Rate this product&quot;,&quot;legend&quot;:&quot;4.9\\\/5 - (16 votes)&quot;,&quot;size&quot;:&quot;24&quot;,&quot;title&quot;:&quot;Spice Packing Machine&quot;,&quot;width&quot;:&quot;139.6&quot;,&quot;_legend&quot;:&quot;{score}\\\/{best} - ({count} {votes})&quot;,&quot;font_factor&quot;:&quot;1.25&quot;}'>              <div class=\"kksr-stars\">      <div class=\"kksr-stars-inactive\">             <div class=\"kksr-star\" data-star=\"1\" style=\"padding-right: 5px\">               <div class=\"kksr-icon\" style=\"width: 24px; height: 24px;\"><\/div>         <\/div>             <div class=\"kksr-star\" data-star=\"2\" style=\"padding-right: 5px\">               <div class=\"kksr-icon\" style=\"width: 24px; height: 24px;\"><\/div>         <\/div>             <div class=\"kksr-star\" data-star=\"3\" style=\"padding-right: 5px\">               <div class=\"kksr-icon\" style=\"width: 24px; height: 24px;\"><\/div>         <\/div>             <div class=\"kksr-star\" data-star=\"4\" style=\"padding-right: 5px\">               <div class=\"kksr-icon\" style=\"width: 24px; height: 24px;\"><\/div>         <\/div>             <div class=\"kksr-star\" data-star=\"5\" style=\"padding-right: 5px\">               <div class=\"kksr-icon\" style=\"width: 24px; height: 24px;\"><\/div>         <\/div>     <\/div>      <div class=\"kksr-stars-active\" style=\"width: 139.6px;\">             <div class=\"kksr-star\" style=\"padding-right: 5px\">               <div class=\"kksr-icon\" style=\"width: 24px; height: 24px;\"><\/div>         <\/div>             <div class=\"kksr-star\" style=\"padding-right: 5px\">               <div class=\"kksr-icon\" style=\"width: 24px; height: 24px;\"><\/div>         <\/div>             <div class=\"kksr-star\" style=\"padding-right: 5px\">               <div class=\"kksr-icon\" style=\"width: 24px; height: 24px;\"><\/div>         <\/div>             <div class=\"kksr-star\" style=\"padding-right: 5px\">               <div class=\"kksr-icon\" style=\"width: 24px; height: 24px;\"><\/div>         <\/div>             <div class=\"kksr-star\" style=\"padding-right: 5px\">               <div class=\"kksr-icon\" style=\"width: 24px; height: 24px;\"><\/div>         <\/div>     <\/div> <\/div>                   <div class=\"kksr-legend\" style=\"font-size: 19.2px;\">             4,9\/5 - (16 votes)    <\/div>     <\/div>  <p class=\"translation-block\">La <strong>machine d'emballage d'\u00e9pices<\/strong> propos\u00e9e est une <strong>machine automatique verticale de formage et remplissage et fermeture<\/strong>. Elle peut r\u00e9aliser le weighing, le remplissage, la fabrication de sachets, la fermeture et la coupe. Les \u00e9pices sont largement utilis\u00e9es comme ingr\u00e9dients alimentaires importants. Elle peut rendre les aliments plus d\u00e9licieux ou plus attrayants. <\/p>    <p class=\"translation-block\">La machine d\u2019emballage d\u2019\u00e9pices Taizy est utilis\u00e9e pour emballer diverses poudres d\u2019\u00e9pices, telles que poudre de piment, poudre de curcuma, poivre noir, poudre de gingembre, <a href=\"https:\/\/en.wikipedia.org\/wiki\/Garam_masala\" target=\"_blank\" rel=\"noopener\">masala<\/a>, poudre de curry, etc. Avec des pi\u00e8ces de marque et une technologie avanc\u00e9e, cette <strong>petite machine d\u2019emballage de poudre<\/strong> a une haute performance et une bonne qualit\u00e9. N\u2019h\u00e9sitez pas \u00e0 nous contacter pour une estimation gratuite et d\u00e9marrer votre petite entreprise. <\/p>   <figure class=\"wp-block-embed-youtube wp-block-embed is-type-video is-provider-youtube wp-embed-aspect-16-9 wp-has-aspect-ratio\"><div class=\"lyte-wrapper fourthree\" title=\"Machine d&#039;emballage automatique de sachets de poudre pour farine, \u00e9pices, caf\u00e9 en poudre 10 g, 50 g, 200 g, 1 kg\" style=\"width:960px;max-width:100%;margin:5px auto;\"><div class=\"lyMe hidef\" id=\"WYL_qe2aNDHzdDQ\" itemprop=\"video\" itemscope itemtype=\"https:\/\/schema.org\/VideoObject\"><div><meta itemprop=\"thumbnailUrl\" content=\"https:\/\/taizypackaging.com\/wp-content\/plugins\/wp-youtube-lyte\/lyteCache.php?origThumbUrl=https%3A%2F%2Fi.ytimg.com%2Fvi%2Fqe2aNDHzdDQ%2Fmaxresdefault.jpg\" \/><meta itemprop=\"embedURL\" content=\"https:\/\/www.youtube.com\/embed\/qe2aNDHzdDQ\" \/><meta itemprop=\"duration\" content=\"PT1M39S\" \/><meta itemprop=\"uploadDate\" content=\"2022-01-27T07:42:21Z\" \/><\/div><div id=\"lyte_qe2aNDHzdDQ\" data-src=\"https:\/\/taizypackaging.com\/wp-content\/plugins\/wp-youtube-lyte\/lyteCache.php?origThumbUrl=https%3A%2F%2Fi.ytimg.com%2Fvi%2Fqe2aNDHzdDQ%2Fmaxresdefault.jpg\" class=\"pL\"><div class=\"tC\"><div class=\"tT\" itemprop=\"name\">Machine d'emballage automatique de sachets de poudre pour farine, \u00e9pices, caf\u00e9 en poudre 10 g, 50 g, 200 g, 1 kg<\/div><\/div><div class=\"play\"><\/div><div class=\"ctrl\"><div class=\"Lctrl\"><\/div><div class=\"Rctrl\"><\/div><\/div><\/div><noscript><a href=\"https:\/\/youtu.be\/qe2aNDHzdDQ\" rel=\"nofollow noopener\" target=\"_blank\"><img loading=\"lazy\" decoding=\"async\" src=\"https:\/\/taizypackaging.com\/wp-content\/plugins\/wp-youtube-lyte\/lyteCache.php?origThumbUrl=https%3A%2F%2Fi.ytimg.com%2Fvi%2Fqe2aNDHzdDQ%2F0.jpg\" alt=\"Machine d&#039;emballage automatique de sachets de poudre pour farine, \u00e9pices, caf\u00e9 en poudre 10 g, 50 g, 200 g, 1 kg\" width=\"960\" height=\"700\" \/><br \/>Watch this video on YouTube<\/a><\/noscript><meta itemprop=\"description\" content=\"#powderpackingmachine #powderpackaging #packingmachine EMAIL: info@taizypackaging.com TEL\/WHATSAPP: +86 18837171591 WEBSITE: https:\/\/taizypackaging.com\/powder-packaging-machine\/ This set automatic powder packing machine is packing for 10g, 20g, 100g, 200g, 400g, 1kg powder products. Equipment: auger filler, screw conveyor, PLC control panel, packing machine, sealing device, cutting device, date printer. This machine is ideal for packaging various flow powder products like detergent powder, washing powder, spice powder, chili powder, coffee powder, rice powder, protein powder, masala powder, milk powder, ginger powder, tea powder, curry powder, bleaching powder, etc. Weighing methods: The powder pouch packing machine can be weighed according to the screw speed. The screw can rotate at 180 degrees, 270 degrees, and 360 degrees. Sealing methods: The powder packing machine can be back sealing, three-side sealing, and four-side sealing. You may also like these videos: Powder packing machine 1kg~3kg: https:\/\/www.youtube.com\/watch?v=OSG84yTnpxY&amp;t=154s&amp;ab_channel=TaizyPackagingMachinery Semi automatic powder filling machine 10kg, 20kg: https:\/\/www.youtube.com\/watch?v=F5tlcnSb8q4&amp;ab_channel=TaizyPackagingMachinery EMAIL: info@taizypackaging.com TEL\/WHATSAPP: +86 18837171591\"><\/div><\/div><div class=\"lL\" style=\"max-width:100%;width:960px;margin:5px auto;\"><\/div><figcaption><\/figcaption><\/figure>   <h2 class=\"wp-block-heading\" id=\"h-the-application-scope-of-the-spices-powder-packing-machine\">Applications\u00a0de la machine d'emballage d'\u00e9pices \u00e0 vendre <\/h2>    <p>La machine d'emballage de poudre d'\u00e9pices peut terminer automatiquement le processus de comptage du poids, de remplissage des mat\u00e9riaux et d'emballage des sacs. Il convient au conditionnement de divers produits en poudre.<\/p>    <p>Cette machine de conditionnement de poudre d'\u00e9pices a une conception raisonnable et une structure simple. Et il est facile \u00e0 utiliser et \u00e0 entretenir. Le poids maximum de l'emballage de cette machine est de 200 g. <\/p>    <p>L'emballage doit choisir des mat\u00e9riaux ayant une bonne fluidit\u00e9, tels que la poudre de chili, la poudre de gingembre, la poudre de curcuma, la poudre de caf\u00e9, la poudre de prot\u00e9ines, la poudre de glucose, la lessive et d'autres mat\u00e9riaux. <\/p>    <p class=\"translation-block\">Si vous choisissez des produits \u00e0 faible fluidit\u00e9 tels que le sucre brun et le sel, l\u2019erreur de poids d\u2019emballage deviendra plus grande. Vous pouvez nous dire la poudre que vous souhaitez embosser, et nous recommanderons une <a href=\"https:\/\/taizypackaging.com\/fr\/powder-packaging-machine\/\">machine d\u2019emballage de poudre<\/a> adapt\u00e9e pour vous.<\/p>    <figure class=\"wp-block-image size-large\"><img decoding=\"async\" src=\"https:\/\/taizypackaging.com\/wp-content\/uploads\/2021\/05\/application-of-powder-packing-machine.jpg\" alt=\"application de la machine d&#039;emballage de poudre\" class=\"wp-image-1895\"\/><figcaption class=\"wp-element-caption\">application de la machine d'emballage de poudre<\/figcaption><\/figure>    <h2 class=\"wp-block-heading\" id=\"h-structure-of-powder-packing-machine\">D\u00e9tails de structure de la machine d'emballage de sachets de poudre d'\u00e9pices<\/h2>    <p>Cette machine d'emballage de sachets de poudre comprend principalement deux syst\u00e8mes, un syst\u00e8me de remplissage et un syst\u00e8me d'emballage. Ils comportent de nombreuses pi\u00e8ces comme un \u00e9cran tactile de contr\u00f4le PLC, un film en rouleau, un formeur de sacs, une vis \u00e0 poudre, un conteneur, un moteur, une machine \u00e0 coder, un couvercle de protection du couteau et une structure de corps en acier inoxydable durable. Cette machine \u00e0 emballer les \u00e9pices a une tr\u00e8s petite taille et un prix abordable. Si vous recherchez une petite machine de conditionnement de poudre au profit de votre projet, cette machine est parfaite. <\/p>    <figure class=\"wp-block-image size-large\"><img decoding=\"async\" src=\"https:\/\/taizypackaging.com\/wp-content\/uploads\/2021\/05\/structure-of-powder-packing-machine.jpg\" alt=\"structure de la machine \u00e0 emballer les \u00e9pices\" class=\"wp-image-1892\"\/><figcaption class=\"wp-element-caption\">structure de la machine d'emballage de poudre<\/figcaption><\/figure>    <h2 class=\"wp-block-heading\" id=\"h-the-working-process-of-the-spices-powder-packaging-machine\">Processus de travail de la machine de conditionnement de poudre d'\u00e9pices<\/h2>    <p>Le processus de travail de la machine\u00a0: mettre les mat\u00e9riaux dans la tr\u00e9mie \u2013 m\u00e9langer les mat\u00e9riaux \u2013 peser les vis \u2013 transporter les mat\u00e9riaux \u2013 thermoscellage vertical \u2013 exportation du produit fini.<\/p>    <ol class=\"wp-block-list\"> <li>La machine de conditionnement de poudre adopte des interrupteurs \u00e0 cl\u00e9. Les param\u00e8tres de fonction peuvent \u00eatre d\u00e9finis sur l'\u00e9cran d'affichage du PLC. Tels que la vitesse d'emballage, la temp\u00e9rature de thermoscellage, le poids de l'emballage, etc.<\/li>    <li>Lors du fonctionnement de la machine de conditionnement de poudre, le moteur entra\u00eene le sac pour fabriquer le sac avec une haute pr\u00e9cision<br>La machine d'emballage de sachets de poudre peut \u00eatre pes\u00e9e en fonction de la vitesse de la vis. La vis peut tourner \u00e0 180 degr\u00e9s, 270 degr\u00e9s et 360 degr\u00e9s.<\/li>    <li>Dans l\u2019emballage de mat\u00e9riaux en poudre, les exigences en mati\u00e8re d\u2019esth\u00e9tique du sac d\u2019emballage sont \u00e9lev\u00e9es. La machine de conditionnement de poudre adopte un code couleur de suivi automatique, \u00e9limine intelligemment le code de fausse couleur et compl\u00e8te automatiquement le positionnement et la longueur du sac d'emballage.<\/li>    <li>Lors du scellage de la machine de conditionnement de poudre, le thermoscellage est utilis\u00e9. Et vous pouvez r\u00e9gler la temp\u00e9rature de thermoscellage en fonction des diff\u00e9rents mat\u00e9riaux d'emballage.<\/li> <\/ol>    <h2 class=\"wp-block-heading\" id=\"h-machine-display\">Affichage de la machine \u00e0 emballer les \u00e9pices<\/h2>    <figure class=\"wp-block-image size-large\"><img loading=\"lazy\" decoding=\"async\" width=\"720\" height=\"540\" src=\"https:\/\/taizypackaging.com\/wp-content\/uploads\/2021\/05\/machines-display.jpg\" alt=\"affichage des machines\" class=\"wp-image-1893\" srcset=\"https:\/\/taizypackaging.com\/wp-content\/uploads\/2021\/05\/machines-display.jpg 720w, https:\/\/taizypackaging.com\/wp-content\/uploads\/2021\/05\/machines-display-300x225.jpg 300w\" sizes=\"auto, (max-width: 720px) 100vw, 720px\" \/><figcaption class=\"wp-element-caption\">affichage des machines<\/figcaption><\/figure>    <h2 class=\"wp-block-heading\" id=\"h-classification-of-powder-free-flowing-and-non-free-flowing\">Types de produits en poudre\u00a0: fluides et non fluides<\/h2>    <p>Les poudres peuvent \u00eatre divis\u00e9es en deux cat\u00e9gories selon leur fluidit\u00e9 : les poudres fluides et les poudres non fluides.<\/p>    <p>Pour les poudres fluides, telles que le sel, la densit\u00e9 du sel ne sera pas augment\u00e9e en lui appliquant une pression. Ils sont \u00ab fluides \u00bb. Et ils ne conservent g\u00e9n\u00e9ralement pas leur forme pendant le fonctionnement.<\/p>    <p>Lorsque les particules sont collantes, le produit en poudre est consid\u00e9r\u00e9 comme non fluide. Comme la cassonade ou le lait en poudre. Ils ont tendance \u00e0 conserver leur forme pendant le fonctionnement et peuvent \u00eatre compact\u00e9s sous pression.<\/p>    <p>Les produits fluides tombent facilement sous l\u2019action de la gravit\u00e9, tandis que les produits non fluides n\u00e9cessitent un compactage appropri\u00e9 et un traitement \u00ab assist\u00e9 \u00bb pendant le processus d\u2019emballage en raison de leur coh\u00e9sion. Par cons\u00e9quent, les deux types de mat\u00e9riaux n\u00e9cessitent un syst\u00e8me de remplissage compl\u00e8tement diff\u00e9rent pour transporter correctement les produits.<\/p>    <p>La machine de conditionnement de poudre d'\u00e9pices peut \u00eatre utilis\u00e9e pour emballer de la poudre \u00e0 \u00e9coulement libre ou non. La m\u00e9thode de pes\u00e9e et de transport de mat\u00e9riaux avec une vis de pouss\u00e9e oblique a un bon effet d'emballage et un poids d'emballage pr\u00e9cis.<\/p>    <figure class=\"wp-block-image size-large\"><img decoding=\"async\" src=\"https:\/\/taizypackaging.com\/wp-content\/uploads\/2021\/05\/classification-of-the-powder.jpg\" alt=\"classification de la poudre\" class=\"wp-image-1886\"\/><figcaption class=\"wp-element-caption\">classification de la poudre<\/figcaption><\/figure>    <h2 class=\"wp-block-heading\" id=\"what-is-the-cost-of-spice-packing-machine\">Quel est le co\u00fbt d\u2019une machine \u00e0 emballer les \u00e9pices ? <\/h2>    <p>Le co\u00fbt d\u2019une machine d\u2019emballage d\u2019\u00e9pices est \u00e9troitement li\u00e9 \u00e0 de nombreux facteurs. <\/p>    <p>Premi\u00e8rement, les types de machines. Il existe de nombreux types de machines d'emballage de sachets d'\u00e9pices pour r\u00e9pondre \u00e0 diff\u00e9rents besoins, tels que les petites machines d'emballage de poudre, les machines d'emballage de poudre automatiques de 1 kg \u00e0 3 kg et les machines de remplissage de poudre semi-automatiques. Leurs prix sont diff\u00e9rents. Par exemple, le prix d'une petite machine de remplissage et de scellage de poudre est g\u00e9n\u00e9ralement de plusieurs milliers de dollars, et le prix des autres machines de conditionnement de poudre est sup\u00e9rieur \u00e0 10 000 dollars. <\/p>    <p>Deuxi\u00e8mement, les param\u00e8tres de la machine. Les prix des machines d'emballage d'\u00e9pices du m\u00eame type de machine sont diff\u00e9rents. Par exemple, la petite machine d'emballage de poudre d'\u00e9pices \u00e0 vendre ici a diff\u00e9rents mod\u00e8les ou param\u00e8tres pour diff\u00e9rentes tailles de sacs et autres exigences personnalis\u00e9es. <\/p>    <p>Troisi\u00e8mement, le co\u00fbt de la machine d'emballage d'\u00e9pices est li\u00e9 \u00e0 certains facteurs externes tels que les frais d'exp\u00e9dition, le taux de change, etc. Ils peuvent \u00e9galement affecter le prix. <\/p>    <h2 class=\"wp-block-heading\" id=\"h-optional-devices-for-spices-powder-packing-machine\">Dispositifs optionnels pour machine d'emballage de poudre d'\u00e9pices<\/h2>    <p>1. Dispositif de codage : la machine \u00e0 coder \u00e0 ruban imprime clairement et n'est pas facile \u00e0 effacer. C'est hygi\u00e9nique et propre. Nous n\u2019avons pas \u00e0 nous soucier de la pollution p\u00e9troli\u00e8re.<br>2. Ajoutez une d\u00e9chirure dans le joint du sac pour faciliter le d\u00e9chirement du sac.<br>3. Dispositif de perforation : percez des trous de diff\u00e9rentes formes sur le bord du sac, ce qui est pratique \u00e0 accrocher sur l'\u00e9tag\u00e8re et facile \u00e0 afficher.<br>4. Dispositif de connexion de sacs\u00a0: n'importe quel nombre de dispositifs de connexion de sacs (sans d\u00e9coupe) peut \u00eatre configur\u00e9 pour r\u00e9pondre aux besoins d'achat en gros des consommateurs.<\/p>    <h2 class=\"wp-block-heading\" id=\"h-the-measurement-method-of-the-powder-packaging-machine\">La m\u00e9thode de pes\u00e9e de la machine de conditionnement de poudre<\/h2>    <p>La machine de conditionnement de poudre d'\u00e9pices utilise une vis pour la mesure du mat\u00e9riau. La machine d'emballage de sachets de poudre peut \u00eatre pes\u00e9e en fonction de la vitesse de la vis. La vis peut tourner \u00e0 180 degr\u00e9s, 270 degr\u00e9s et 360 degr\u00e9s. <\/p>    <p>Il existe trois types de vis pour les machines de conditionnement de poudre. Il s'agit de vis \u00e0 pouss\u00e9e horizontale, de vis \u00e0 pouss\u00e9e oblique et de vis \u00e0 pouss\u00e9e directe. Quel que soit le type de vis, l'effet de dosage est meilleur que les autres m\u00e9thodes et am\u00e9liore consid\u00e9rablement l'environnement d'emballage. <\/p>    <p>Le dosage \u00e0 vis \u00e9vite la pollution par la poussi\u00e8re et les infections crois\u00e9es des mat\u00e9riaux. C\u2019est l\u2019avantage d\u2019une machine de conditionnement de poudre utilisant un dosage \u00e0 vis.<\/p>    <h2 class=\"wp-block-heading\" id=\"h-outstanding-advantages\">Avantages de l'\u00e9quipement d'emballage d'\u00e9pices <\/h2>    <ol class=\"wp-block-list\"> <li>\u00c9cran tactile LCD anglais, syst\u00e8me de contr\u00f4le PLC. Le mod\u00e8le de travail de la machine de conditionnement de poudre est clair en un coup d'\u0153il.<\/li>    <li>La structure et la disposition de l'ensemble de la machine sont raisonnables. Changez les vari\u00e9t\u00e9s d'emballage, propres, hygi\u00e9niques et pratiques.<\/li>    <li>Le moteur est utilis\u00e9 comme \u00e9quipement \u00e9lectrique. Ainsi, la machine fonctionne rapidement, ce qui am\u00e9liore consid\u00e9rablement l\u2019efficacit\u00e9 de l\u2019emballage.<\/li>    <li>Remplacez les accessoires \u00e0 vis, le m\u00eame \u00e9quipement peut r\u00e9pondre aux exigences de mesure de diff\u00e9rentes sp\u00e9cifications.<\/li> <\/ol>    <figure class=\"wp-block-image size-large is-resized\"><img decoding=\"async\" src=\"https:\/\/taizypackaging.com\/wp-content\/uploads\/2021\/05\/individual-part-of-the-powder-packaging-machines.jpg\" alt=\"partie individuelle des machines de conditionnement de poudre\" class=\"wp-image-1896\" style=\"width:720px;height:auto\"\/><figcaption class=\"wp-element-caption\">partie individuelle des machines de conditionnement de poudre<\/figcaption><\/figure>    <h2 class=\"wp-block-heading\" id=\"h-warm-tips\">Conseils chaleureux sur le fonctionnement de la machine \u00e0 emballer les \u00e9pices<\/h2>    <ol class=\"wp-block-list\"> <li><strong>Respecter les exigences correctes<\/strong><br>Lorsque vous utilisez la machine d'emballage de poudre d'\u00e9pices de la soci\u00e9t\u00e9 Taizy, vous devez l'utiliser correctement. Parce que diverses sp\u00e9cifications et mod\u00e8les ont des caract\u00e9ristiques fonctionnelles diff\u00e9rentes lors de l'utilisation. Et il y aura diff\u00e9rentes exigences d'utilisation. Vous devez comprendre les instructions d'utilisation sp\u00e9cifiques.<\/li>    <li><strong>\u00c9vitez les op\u00e9rations ill\u00e9gales<\/strong><br>Il y a quelques d\u00e9fauts mineurs dans la machine de conditionnement de poudre d'\u00e9pices. Mais cela peut aussi montrer l\u2019effet d\u2019un fonctionnement normal. Cependant, cela ne signifie pas qu\u2019il n\u2019y aura aucun probl\u00e8me lors du processus d\u2019utilisation. Si vous souhaitez obtenir un meilleur effet d'utilisation et une dur\u00e9e de vie plus longue, vous ne devez pas op\u00e9rer en violation des r\u00e9glementations. Et une maintenance raisonnablement effectu\u00e9e est n\u00e9cessaire.<\/li> <\/ol>    <h2 class=\"wp-block-heading\" id=\"conclusion\">Conclusion<\/h2>    <p class=\"translation-block\">Avec une riche exp\u00e9rience et une forte capacit\u00e9 en recherche et fabrication d\u2019\u00e9quipements d\u2019emballage, notre machine d\u2019emballage d\u2019\u00e9pices a \u00e9t\u00e9 export\u00e9e avec succ\u00e8s vers plus de 30 pays. En plus des machines d\u2019emballage d\u2019\u00e9pices, nous proposons des <a href=\"https:\/\/taizypackaging.com\/fr\/powder-filling-machine\/\">machines d\u2019emballage de farine<\/a> de qualit\u00e9, des machines d\u2019emballage de poudre d\u00e9tergente, des <a href=\"https:\/\/taizypackaging.com\/fr\/milk-powder-packing-machine\/\">machines d\u2019emballage de lait en poudre<\/a>, des machines d\u2019emballage de poudre de caf\u00e9, etc. <\/p>","protected":false},"excerpt":{"rendered":"<p>La machine d'emballage d'\u00e9pices propos\u00e9e est une machine automatique de remplissage et de scellage vertical. Il peut terminer le processus de pes\u00e9e, de remplissage, de fabrication de sacs, de scellage et de d\u00e9coupe. Il convient \u00e0 l'emballage de poudre de chili, de poudre de gingembre, de poudre de curcuma, etc. <\/p>","protected":false},"author":1,"featured_media":4880,"parent":0,"template":"","tags":[575,576,574,572],"product-type":[660],"class_list":["post-1882","product","type-product","status-publish","has-post-thumbnail","hentry","tag-spice-packing-equipment","tag-spice-pouch-packing-machine","tag-spices-packaging-machine","tag-spices-packing-machine","product-type-powder-packing-machines"],"_links":{"self":[{"href":"https:\/\/taizypackaging.com\/fr\/wp-json\/wp\/v2\/product\/1882","targetHints":{"allow":["GET"]}}],"collection":[{"href":"https:\/\/taizypackaging.com\/fr\/wp-json\/wp\/v2\/product"}],"about":[{"href":"https:\/\/taizypackaging.com\/fr\/wp-json\/wp\/v2\/types\/product"}],"author":[{"embeddable":true,"href":"https:\/\/taizypackaging.com\/fr\/wp-json\/wp\/v2\/users\/1"}],"wp:featuredmedia":[{"embeddable":true,"href":"https:\/\/taizypackaging.com\/fr\/wp-json\/wp\/v2\/media\/4880"}],"wp:attachment":[{"href":"https:\/\/taizypackaging.com\/fr\/wp-json\/wp\/v2\/media?parent=1882"}],"wp:term":[{"taxonomy":"post_tag","embeddable":true,"href":"https:\/\/taizypackaging.com\/fr\/wp-json\/wp\/v2\/tags?post=1882"},{"taxonomy":"product-type","embeddable":true,"href":"https:\/\/taizypackaging.com\/fr\/wp-json\/wp\/v2\/product-type?post=1882"}],"curies":[{"name":"wp","href":"https:\/\/api.w.org\/{rel}","templated":true}]}}