{"id":1908,"date":"2021-05-22T11:15:47","date_gmt":"2021-05-22T11:15:47","guid":{"rendered":"https:\/\/taizypackaging.com\/?p=1908"},"modified":"2024-07-16T18:13:18","modified_gmt":"2024-07-16T10:13:18","slug":"semi-automatic-powder-filling-machine","status":"publish","type":"product","link":"https:\/\/taizypackaging.com\/fr\/semi-automatic-powder-filling-machine\/","title":{"rendered":"Machine de remplissage de poudre semi-automatique"},"content":{"rendered":"<div class=\"kk-star-ratings kksr-auto kksr-align-left kksr-valign-top\"     data-payload='{&quot;align&quot;:&quot;left&quot;,&quot;id&quot;:&quot;1908&quot;,&quot;slug&quot;:&quot;default&quot;,&quot;valign&quot;:&quot;top&quot;,&quot;ignore&quot;:&quot;&quot;,&quot;reference&quot;:&quot;auto&quot;,&quot;class&quot;:&quot;&quot;,&quot;count&quot;:&quot;14&quot;,&quot;legendonly&quot;:&quot;&quot;,&quot;readonly&quot;:&quot;&quot;,&quot;score&quot;:&quot;4.8&quot;,&quot;starsonly&quot;:&quot;&quot;,&quot;best&quot;:&quot;5&quot;,&quot;gap&quot;:&quot;5&quot;,&quot;greet&quot;:&quot;Rate this product&quot;,&quot;legend&quot;:&quot;4.8\\\/5 - (14 votes)&quot;,&quot;size&quot;:&quot;24&quot;,&quot;title&quot;:&quot;Semi Automatic Powder Filling Machine&quot;,&quot;width&quot;:&quot;136.7&quot;,&quot;_legend&quot;:&quot;{score}\\\/{best} - ({count} {votes})&quot;,&quot;font_factor&quot;:&quot;1.25&quot;}'>              <div class=\"kksr-stars\">      <div class=\"kksr-stars-inactive\">             <div class=\"kksr-star\" data-star=\"1\" style=\"padding-right: 5px\">               <div class=\"kksr-icon\" style=\"width: 24px; height: 24px;\"><\/div>         <\/div>             <div class=\"kksr-star\" data-star=\"2\" style=\"padding-right: 5px\">               <div class=\"kksr-icon\" style=\"width: 24px; height: 24px;\"><\/div>         <\/div>             <div class=\"kksr-star\" data-star=\"3\" style=\"padding-right: 5px\">               <div class=\"kksr-icon\" style=\"width: 24px; height: 24px;\"><\/div>         <\/div>             <div class=\"kksr-star\" data-star=\"4\" style=\"padding-right: 5px\">               <div class=\"kksr-icon\" style=\"width: 24px; height: 24px;\"><\/div>         <\/div>             <div class=\"kksr-star\" data-star=\"5\" style=\"padding-right: 5px\">               <div class=\"kksr-icon\" style=\"width: 24px; height: 24px;\"><\/div>         <\/div>     <\/div>      <div class=\"kksr-stars-active\" style=\"width: 136.7px;\">             <div class=\"kksr-star\" style=\"padding-right: 5px\">               <div class=\"kksr-icon\" style=\"width: 24px; height: 24px;\"><\/div>         <\/div>             <div class=\"kksr-star\" style=\"padding-right: 5px\">               <div class=\"kksr-icon\" style=\"width: 24px; height: 24px;\"><\/div>         <\/div>             <div class=\"kksr-star\" style=\"padding-right: 5px\">               <div class=\"kksr-icon\" style=\"width: 24px; height: 24px;\"><\/div>         <\/div>             <div class=\"kksr-star\" style=\"padding-right: 5px\">               <div class=\"kksr-icon\" style=\"width: 24px; height: 24px;\"><\/div>         <\/div>             <div class=\"kksr-star\" style=\"padding-right: 5px\">               <div class=\"kksr-icon\" style=\"width: 24px; height: 24px;\"><\/div>         <\/div>     <\/div> <\/div>                   <div class=\"kksr-legend\" style=\"font-size: 19.2px;\">             4,8\/5 - (14 votes)    <\/div>     <\/div>  <p class=\"translation-block\"><strong>Semi automatic powder filling machine<\/strong>, or <strong>auger filling machine<\/strong> here is designed for 1kg~10kg powder products. It is suitable for the filling of various dry powder products, such as milk powder, spices powder, chili powder, coffee powder, detergent powder, flour, chemical powder, etc. With the features of low cost and high efficiency, <strong>semi automatic<\/strong> <strong>powder<\/strong> <strong>filling sealing machine<\/strong> can extremely improve your productivity and benefit your project. As a leading auger filling machine manufacturer and exporter in China, we provide a complete range of filling machines with strong custom capability and fast delivery. Welcome to inquiry us for a free price list. <\/p>   <figure class=\"wp-block-embed-youtube wp-block-embed is-type-video is-provider-youtube wp-embed-aspect-16-9 wp-has-aspect-ratio\"><div class=\"lyte-wrapper fourthree\" title=\"Machine de remplissage de poudre semi-automatique, super efficace, \u00e0 faible co\u00fbt, de 1 kg \u00e0 10 kg\" style=\"width:960px;max-width:100%;margin:5px auto;\"><div class=\"lyMe hidef\" id=\"WYL_6j2Dz4i-eWY\" itemprop=\"video\" itemscope itemtype=\"https:\/\/schema.org\/VideoObject\"><div><meta itemprop=\"thumbnailUrl\" content=\"https:\/\/taizypackaging.com\/wp-content\/plugins\/wp-youtube-lyte\/lyteCache.php?origThumbUrl=https%3A%2F%2Fi.ytimg.com%2Fvi%2F6j2Dz4i-eWY%2Fmaxresdefault.jpg\" \/><meta itemprop=\"embedURL\" content=\"https:\/\/www.youtube.com\/embed\/6j2Dz4i-eWY\" \/><meta itemprop=\"duration\" content=\"PT3M26S\" \/><meta itemprop=\"uploadDate\" content=\"2022-02-10T07:29:03Z\" \/><\/div><meta itemprop=\"accessibilityFeature\" content=\"captions\" \/><div id=\"lyte_6j2Dz4i-eWY\" data-src=\"https:\/\/taizypackaging.com\/wp-content\/plugins\/wp-youtube-lyte\/lyteCache.php?origThumbUrl=https%3A%2F%2Fi.ytimg.com%2Fvi%2F6j2Dz4i-eWY%2Fmaxresdefault.jpg\" class=\"pL\"><div class=\"tC\"><div class=\"tT\" itemprop=\"name\">Machine de remplissage de poudre semi-automatique, super efficace, \u00e0 faible co\u00fbt, de 1 kg \u00e0 10 kg<\/div><\/div><div class=\"play\"><\/div><div class=\"ctrl\"><div class=\"Lctrl\"><\/div><div class=\"Rctrl\"><\/div><\/div><\/div><noscript><a href=\"https:\/\/youtu.be\/6j2Dz4i-eWY\" rel=\"nofollow noopener\" target=\"_blank\"><img loading=\"lazy\" decoding=\"async\" src=\"https:\/\/taizypackaging.com\/wp-content\/plugins\/wp-youtube-lyte\/lyteCache.php?origThumbUrl=https%3A%2F%2Fi.ytimg.com%2Fvi%2F6j2Dz4i-eWY%2F0.jpg\" alt=\"Machine de remplissage de poudre semi-automatique, super efficace, \u00e0 faible co\u00fbt, de 1 kg \u00e0 10 kg\" width=\"960\" height=\"700\" \/><br \/>Watch this video on YouTube<\/a><\/noscript><meta itemprop=\"description\" content=\"#powderfillingmachine #powderfiller #fillingmachine EMAIL: info@taizypackaging.com TEL\/WHATSAPP: +86 18837171591 USEFUL LINK: https:\/\/taizypackaging.com\/semi-automatic-powder-packaging-machine-auger-filling-machine\/ This semi automatic powder filling machine is designed for small and medium production needs. It has low cost and super-efficient. It is suitable for the filling of various dry powder products, such as milk powder, spices powder, chili powder, coffee powder, detergent powder, flour, chemical powder, curry powder, tea powder, rice powder, cocoa powder, nutrition powder, herb powder, etc. The semi automatic powder filling machine mainly consists of these parts, a feeding machine, a PLC touch screen, electronic scale, inlet, and outlet. All our filling machines are adopted stainless steel material and advanced technology, durable and super-efficient. Besides, there are various sealing machines available. In short, we support a complete automatic powder filling machine to fit your business. You may also like these videos: Automatic powder filling machine 5kg ~ 50kg: https:\/\/www.youtube.com\/watch?v=F5tlcnSb8q4 Automatic VFFS powder machine: https:\/\/www.youtube.com\/watch?v=qe2aNDHzdDQ EMAIL: info@taizypackaging.com TEL\/WHATSAPP: +86 18837171591 USEFUL LINK: https:\/\/taizypackaging.com\/semi-automatic-powder-packaging-machine-auger-filling-machine\/\"><\/div><\/div><div class=\"lL\" style=\"max-width:100%;width:960px;margin:5px auto;\"><\/div><figcaption><\/figcaption><\/figure>   <h2 class=\"wp-block-heading\" id=\"h-structure-of-the-semi-automatic-packing-machine\">Structures de la machine de remplissage de poudre semi-automatique<\/h2>    <p>La machine de remplissage de poudre semi-automatique se compose principalement de ces pi\u00e8ces, d'une machine d'alimentation, d'un \u00e9cran tactile PLC, d'une balance \u00e9lectronique, d'une entr\u00e9e et d'une sortie. Toutes nos machines de remplissage adoptent un mat\u00e9riau en acier inoxydable et une technologie de pointe, durables et ultra efficaces. En outre, diff\u00e9rentes machines \u00e0 sceller sont disponibles. En bref, nous proposons une machine de remplissage de poudre automatique compl\u00e8te adapt\u00e9e \u00e0 votre entreprise. <\/p>    <figure class=\"wp-block-image size-large\"><img decoding=\"async\" src=\"https:\/\/taizypackaging.com\/wp-content\/uploads\/2021\/05\/structure-of-semi-automatic-powder-packing-machine.jpg\" alt=\"structure de la machine d&#039;emballage de poudre semi-automatique\" class=\"wp-image-1936\"\/><figcaption class=\"wp-element-caption\">structure d'une machine de conditionnement de poudre semi-automatique<\/figcaption><\/figure>    <h2 class=\"wp-block-heading\" id=\"h-technical-parameters-of-the-semi-automatic-packaging-machine\">Param\u00e8tres techniques de la machine de remplissage manuelle de poudre<\/h2>    <figure class=\"wp-block-table is-style-stripes\"><table><tbody><tr><td>Pouvoir<\/td><td>&nbsp;AC380V 900W<\/td><\/tr><tr><td>Sp\u00e9cification d'emballage<\/td><td>&nbsp;1-10 kg<\/td><\/tr><tr><td>Pr\u00e9cision de l'emballage &nbsp;&nbsp;&nbsp;<\/td><td>&nbsp;\u00b11%<\/td><\/tr><tr><td>Vitesse d'emballage<\/td><td>&nbsp;500-1500 sacs\/heure (selon les sp\u00e9cifications et les mat\u00e9riaux d'emballage)<\/td><\/tr><tr><td>Taille de la machine<\/td><td>&nbsp;1000\u00d7850\u00d71850mm<\/td><\/tr><tr><td>Poids&nbsp;<\/td><td>&nbsp;280 kg<\/td><\/tr><\/tbody><\/table><\/figure>    <h2 class=\"wp-block-heading\" id=\"h-workflow-of-semi-automatic-auger-filling-machine\">Principe de fonctionnement de la machine de remplissage de poudre s\u00e8che \u00e0 vis<\/h2>    <ul class=\"wp-block-list\"> <li>Tout d'abord, vous devez ajouter manuellement les mati\u00e8res premi\u00e8res au silo, ou \u00eatre \u00e9quip\u00e9 d'un alimentateur de mat\u00e9riaux, il est facile d'alimenter les mat\u00e9riaux. <\/li>    <li>Deuxi\u00e8mement, vous pouvez d\u00e9finir la vitesse d'emballage, le poids de l'emballage et d'autres param\u00e8tres techniques via l'\u00e9cran tactile de contr\u00f4le PLC intelligent.<\/li>    <li>Troisi\u00e8mement, l'utilisateur doit placer le sac ou la bouteille d'emballage dans l'orifice de d\u00e9charge.<\/li>    <li>Quatri\u00e8mement, allumez l'interrupteur et la machine d'emballage peut fonctionner normalement.<\/li> <\/ul>    <p>La machine de remplissage de poudre semi-automatique adopte une combinaison de technologie de d\u00e9coupage de vis et de pesage \u00e9lectronique. La machine adopte un contr\u00f4le par micro-ordinateur. Cette machine de remplissage \u00e0 vis est dot\u00e9e d'un remplissage quantitatif et automatique automatique et d'une correction d'erreur automatique. En m\u00eame temps, il a des fonctions comme le comptage et le nettoyage. <\/p>    <h2 class=\"wp-block-heading\" id=\"h-features-and-advantages-of-semi-automatic-powder-packing-machine\">Caract\u00e9ristiques et avantages de la machine de remplissage de poudre semi-automatique<\/h2>    <p>1. Cette machine de remplissage \u00e0 vis semi-automatique est fabriqu\u00e9e en acier inoxydable durable.\u00a0Il est facile \u00e0 nettoyer et \u00e9vite la contamination crois\u00e9e ;<\/p>    <p>2. Cette machine de conditionnement de poudre semi-automatique int\u00e8gre la machine, l'\u00e9lectricit\u00e9, la lumi\u00e8re et l'instrument en un seul. Il est contr\u00f4l\u00e9 par un micro-ordinateur monopuce.\u00a0Il dispose de fonctions telles que le quantitatif automatique, le remplissage automatique et l'ajustement automatique des erreurs de mesure\u00a0;<\/p>    <p>3. Vitesse rapide : adoptez la technologie de coupe en spirale et de contr\u00f4le de la lumi\u00e8re ;<\/p>    <p>4. Haute pr\u00e9cision : utilisation d'un moteur pas \u00e0 pas et d'une technologie de pesage \u00e9lectronique ;<\/p>    <p>5. Large gamme d'emballage : la m\u00eame machine d'emballage quantitative peut \u00eatre ajust\u00e9e en continu entre 1 et 10 kg via le clavier de la balance \u00e9lectronique et remplacer les diff\u00e9rentes sp\u00e9cifications de la vis d'obturation ;<\/p>    <p>7. Large gamme d'applications : des mat\u00e9riaux pulv\u00e9rulents et pulv\u00e9rulents avec une certaine fluidit\u00e9 peuvent \u00eatre utilis\u00e9s ;<\/p>    <p>8. Les erreurs caus\u00e9es par des changements dans la proportion de mat\u00e9riaux et les niveaux de mat\u00e9riaux peuvent \u00eatre automatiquement suivies et corrig\u00e9es\u00a0;<\/p>    <p>9. L'\u00e9cran tactile PLC ajuste les fonctions de la machine. La machine de conditionnement \u00e0 vis semi-automatique n'a besoin que d'un ensachage manuel, et l'ouverture du sac est propre et facile \u00e0 sceller.<\/p>    <h2 class=\"wp-block-heading\" id=\"applications-of-the-powder-filling-and-sealing-machine\">Applications de la machine de remplissage et de scellage de poudre <\/h2>    <p>Les machines de remplissage et de scellage de poudre ont un large \u00e9ventail d'applications. D'une part, il est id\u00e9al pour manipuler l'emballage de poudre de d\u00e9tergent, de poudre de chili, de poudre de th\u00e9, de caf\u00e9 en poudre, de lait en poudre, de riz en poudre, de curry en poudre, de cacao en poudre, de poudre nutritionnelle, de poudre chimique, de poudre d'herbes, etc. d'autre part, il peut convenir \u00e0 diff\u00e9rents contenants comme des sacs et des bouteilles. Envoyez-nous une demande pour d\u00e9marrer votre projet. <\/p>    <figure class=\"wp-block-image size-full\"><img decoding=\"async\" src=\"https:\/\/taizypackaging.com\/wp-content\/uploads\/2021\/05\/powder-packing-sample.jpg\" alt=\"\u00e9chantillon d&#039;emballage en poudre\" class=\"wp-image-1934\"\/><figcaption class=\"wp-element-caption\">\u00e9chantillon d'emballage en poudre<\/figcaption><\/figure>    <h2 class=\"wp-block-heading\" id=\"h-semi-automatic-powder-packing-machine-price\">Quel est le prix de la machine de remplissage de poudre ? <\/h2>    <p>Cette machine de remplissage de poudre semi-automatique existe en diff\u00e9rents mod\u00e8les, notamment des mod\u00e8les \u00e0 \u00e9cran tactile PLC et des mod\u00e8les \u00e0 boutons. Dans le m\u00eame temps, les param\u00e8tres sp\u00e9cifiques des diff\u00e9rents mod\u00e8les sont \u00e9galement diff\u00e9rents. De plus, la taille du silo peut \u00e9galement \u00eatre personnalis\u00e9e. Le prix final est donc \u00e9galement diff\u00e9rent. Vous pouvez nous contacter pour nous faire part de vos besoins sp\u00e9cifiques, nous vous \u00e9quiperons de la machine la plus adapt\u00e9e et la plus avantageuse pour b\u00e9n\u00e9ficier de votre projet.<\/p>    <h2 class=\"wp-block-heading\" id=\"h-machine-display\">Affichage des machines<\/h2>    <p>Nous avons deux types de machines \u00e0 vendre. Ils ont un syst\u00e8me de contr\u00f4le diff\u00e9rent. Le premier utilise des touches et l'autre utilise un \u00e9cran de contr\u00f4le PLC. Les param\u00e8tres d\u00e9taill\u00e9s des deux machines sont \u00e9galement diff\u00e9rents.<\/p>    <figure class=\"wp-block-image size-large\"><img decoding=\"async\" src=\"https:\/\/taizypackaging.com\/wp-content\/uploads\/2021\/05\/two-types-of-machines.jpg\" alt=\"deux types de machines\" class=\"wp-image-1932\"\/><figcaption class=\"wp-element-caption\">deux types de machines de remplissage de poudre semi-automatiques<\/figcaption><\/figure>    <h2 class=\"wp-block-heading\" id=\"h-difference-between-a-semi-automatic-packaging-machine-and-an-automatic-machine\">Diff\u00e9rences entre une remplisseuse semi-automatique et une machine d'emballage automatique<\/h2>    <ol class=\"wp-block-list\"> <li>Efficacit\u00e9 de production diff\u00e9rente. Le <a href=\"https:\/\/taizypackaging.com\/fr\/spices-packing-machine-powder-packing-machine-type2\/\">machine d'emballage automatique de poudre<\/a> adopte une technologie avanc\u00e9e enti\u00e8rement automatique. Par cons\u00e9quent, l\u2019efficacit\u00e9 de la production est sup\u00e9rieure \u00e0 celle de la machine d\u2019emballage semi-automatique. En m\u00eame temps, cela peut \u00e9conomiser beaucoup de travail.<\/li>    <li>La plage de r\u00e9glage de l\u2019alimentation automatique de la machine d\u2019emballage de poudre est relativement \u00e9troite. Tandis que la plage de r\u00e9glage de l'alimentation de la machine d'emballage semi-automatique est plus large. <\/li>    <li>En termes de degr\u00e9 d'automatisation, la diff\u00e9rence entre semi-automatique et enti\u00e8rement automatique est que l'un repose sur la main-d'\u0153uvre et l'autre sur un fonctionnement sans personnel.<\/li>    <li>Le prix est diff\u00e9rent. Le prix de la machine d'emballage semi-automatique est plus avantageux et plus rentable.<\/li> <\/ol>    <h2 class=\"wp-block-heading\" id=\"h-which-packing-machine-should-we-choose-automatic-or-semi-automatic-machines\">Laquelle choisir : une machine d\u2019emballage automatique ou une machine d\u2019emballage semi-automatique ?<\/h2>    <p>En r\u00e9sum\u00e9, en termes de technologie, la machine de conditionnement automatique pr\u00e9sente des avantages plus avanc\u00e9s. La machine d'emballage semi-automatique pr\u00e9sente \u00e9galement ses propres avantages, tels que des avantages en termes de prix. Dans le processus de production, il y a des avantages et des inconv\u00e9nients entre les deux.<\/p>    <p>Par cons\u00e9quent, les entreprises clientes doivent soigneusement r\u00e9fl\u00e9chir au processus de s\u00e9lection des \u00e9quipements. Choisissez la machine en fonction des produits que vous devez emballer et des conditions r\u00e9elles. Le droit est le meilleur.<\/p>    <h2 class=\"wp-block-heading\" id=\"h-additional-equipment-sealing-machine-feeding-machine\">\u00c9quipement suppl\u00e9mentaire\u00a0: machine \u00e0 sceller, machine \u00e0 alimenter<\/h2>    <p>La machine \u00e0 poudre semi-automatique peut compl\u00e9ter le processus de pes\u00e9e et de remplissage. Apr\u00e8s cela, il est n\u00e9cessaire de sceller manuellement l'emballage du produit avec une machine \u00e0 sceller. Une machine \u00e0 sceller est donc utile. <\/p>    <figure class=\"wp-block-image size-large\"><img loading=\"lazy\" decoding=\"async\" width=\"720\" height=\"540\" src=\"https:\/\/taizypackaging.com\/wp-content\/uploads\/2021\/05\/sealing-machine.jpg\" alt=\"machine \u00e0 sceller\" class=\"wp-image-1931\" srcset=\"https:\/\/taizypackaging.com\/wp-content\/uploads\/2021\/05\/sealing-machine.jpg 720w, https:\/\/taizypackaging.com\/wp-content\/uploads\/2021\/05\/sealing-machine-300x225.jpg 300w\" sizes=\"auto, (max-width: 720px) 100vw, 720px\" \/><figcaption class=\"wp-element-caption\">machine \u00e0 sceller<\/figcaption><\/figure>    <h3 class=\"wp-block-heading\" id=\"h-multifunctional-film-continuous-sealing-machine-th-900\">Machine de scellage continue de film multifonctionnelle TH-900<\/h3>    <h4 class=\"wp-block-heading\" id=\"h-application-range\">Domaines d'application<\/h4>    <p>Cette machine \u00e0 sceller peut \u00eatre utilis\u00e9e pour emballer et sceller des produits. Il peut sceller des sacs alimentaires, des m\u00e9dicaments, des cosm\u00e9tiques quotidiens, des produits locaux, des produits chimiques, des produits \u00e9lectroniques, des graines de l\u00e9gumes, du mat\u00e9riel, etc. Il est largement utilis\u00e9 dans les usines, les magasins, les d\u00e9partements de vente au d\u00e9tail, les industries de services et d'autres industries. Combiner la scelleuse avec la machine d\u2019emballage semi-automatique est le meilleur choix.<\/p>    <h4 class=\"wp-block-heading\" id=\"h-advantages\">Avantages<\/h4>    <ol class=\"wp-block-list\"> <li>Cet \u00e9quipement a une \u00e9tanch\u00e9it\u00e9 ferme et un rendement \u00e9lev\u00e9\u00a0;<\/li>    <li>La structure est simple, compacte et petite ;<\/li>    <li>Belle apparence, technologie avanc\u00e9e, faible consommation d'\u00e9nergie\u00a0;<\/li>    <li>Fonctionnement, entretien et autres avantages pratiques.<\/li>    <li>Vous pouvez \u00e9quiper la machine \u00e0 sceller de roues de gaufrage et de roues d'impression. Les polices peuvent \u00eatre modifi\u00e9es selon les besoins.<\/li>    <li>Il peut fonctionner en continu pendant 24 heures, avec des performances \u00e9lev\u00e9es et de faibles taux de d\u00e9faillance.<\/li> <\/ol>    <h4 class=\"wp-block-heading\" id=\"h-technical-parameters\">&nbsp;Param\u00e8tres techniques de la machine \u00e0 sceller TH-900 <\/h4>    <figure class=\"wp-block-table\"><table><tbody><tr><td>Source de courant:<\/td><td>220V 50Hz 520W<\/td><\/tr><tr><td>Largeur de soudure\u00a0:<\/td><td>5-14 mm r\u00e9glable<\/td><\/tr><tr><td>Mat\u00e9riau d'\u00e9tanch\u00e9it\u00e9\u00a0:&nbsp;<\/td><td>0,03-0,80 mm<\/td><\/tr><tr><td>Capacit\u00e9 de scellage des sacs\u00a0:<\/td><td>jusqu'\u00e0 55 sacs\/min (100 mm)<\/td><\/tr><tr><td>Vitesse de scellage\u00a0:<\/td><td>0-12 m\/min<\/td><\/tr><tr><td>\u00c9cart de temp\u00e9rature:&nbsp;<\/td><td>0-300 \u2103<\/td><\/tr><tr><td>Dimensions:<\/td><td>810\u00d7370\u00d7310mm<\/td><\/tr><tr><td>Le nombre de caract\u00e8res imprim\u00e9s\u00a0:<\/td><td>\u226439 caract\u00e8res<\/td><\/tr><tr><td>Poids:<\/td><td>17,5 kg<\/td><\/tr><\/tbody><\/table><\/figure>    <h3 class=\"wp-block-heading\" id=\"h-feeder\">Machine d'alimentation <\/h3>    <p>Vous pouvez alimenter le silo manuellement ou acheter une mangeoire. Et il peut \u00eatre automatiquement aliment\u00e9 par vis.<\/p>    <h4 class=\"wp-block-heading\" id=\"h-application-field\">Champ d'application<\/h4>    <p>Le chargeur doit correspondre \u00e0 une machine de remplissage de poudre semi-automatique. Il peut compl\u00e9ter l'alimentation automatique de la machine. Il am\u00e9liore efficacement l'efficacit\u00e9 de l'emballage et r\u00e9duit les co\u00fbts de main-d'\u0153uvre.<\/p>    <h4 class=\"wp-block-heading\" id=\"h-features\">Caract\u00e9ristiques<\/h4>    <ol class=\"wp-block-list\"> <li>Il est utilis\u00e9 conjointement avec la machine de remplissage \u00e0 vis semi-automatique. Et il est contr\u00f4l\u00e9 par une machine d'emballage.<\/li>    <li>Ensemble avec un interrupteur poussoir pour un nettoyage facile.<\/li>    <li>Le silo est \u00e9quip\u00e9 d'un vibrateur pour une alimentation plus fluide,<\/li> <\/ol>    <figure class=\"wp-block-gallery has-nested-images columns-default is-cropped wp-block-gallery-2 is-layout-flex wp-block-gallery-is-layout-flex\"> <figure class=\"wp-block-image size-large\"><img loading=\"lazy\" decoding=\"async\" width=\"720\" height=\"540\" data-id=\"1930\" src=\"https:\/\/taizypackaging.com\/wp-content\/uploads\/2021\/05\/feeder.jpg\" alt=\"mangeoire\" class=\"wp-image-1930\" srcset=\"https:\/\/taizypackaging.com\/wp-content\/uploads\/2021\/05\/feeder.jpg 720w, https:\/\/taizypackaging.com\/wp-content\/uploads\/2021\/05\/feeder-300x225.jpg 300w\" sizes=\"auto, (max-width: 720px) 100vw, 720px\" \/><figcaption class=\"wp-element-caption\">mangeoire<\/figcaption><\/figure>    <figure class=\"wp-block-image size-large\"><img decoding=\"async\" data-id=\"1938\" src=\"https:\/\/taizypackaging.com\/wp-content\/uploads\/2021\/05\/powder-packing-machine-with-feeder.jpg\" alt=\"machine d&#039;emballage de poudre avec alimentateur\" class=\"wp-image-1938\"\/><figcaption class=\"wp-element-caption\">machine d'emballage de poudre avec alimentateur<\/figcaption><\/figure> <\/figure>    <h4 class=\"wp-block-heading\" id=\"h-technical-parameters-1\">Param\u00e8tres techniques de la machine d'alimentation en poudre \u00e0 vis Taizy <\/h4>    <figure class=\"wp-block-table\"><table><tbody><tr><td>Capacit\u00e9 de levage<\/td><td>1000-3000Kg\/H<\/td><\/tr><tr><td>Volume de la bo\u00eete \u00e0 mat\u00e9riaux<\/td><td>100-300Kg<\/td><\/tr><tr><td>Hauteur de chargement&nbsp;&nbsp;<\/td><td>2000 mm (la hauteur peut \u00eatre personnalis\u00e9e)<\/td><\/tr><tr><td>Puissance de tension &nbsp;<\/td><td>AC380v 1100W<\/td><\/tr><tr><td>Mat\u00e9riel&nbsp;&nbsp;<\/td><td>Mod\u00e8le en acier inoxydable<\/td><\/tr><tr><td>Poids<\/td><td>150 kg<\/td><\/tr><\/tbody><\/table><\/figure>    <h2 class=\"wp-block-heading\" id=\"h-q-a\">Questions et r\u00e9ponses<\/h2>   <div id=\"rank-math-faq\" class=\"rank-math-block\"> <div class=\"rank-math-list\"> <div id=\"faq-question-1673343355980\" class=\"rank-math-list-item\"> <h3 class=\"rank-math-question\">1. Comment est-il exp\u00e9di\u00e9\u00a0?<br><\/h3> <div class=\"rank-math-answer\">  <p>Nous l'emballerons dans une bo\u00eete en contreplaqu\u00e9. Et cela peut emp\u00eacher la machine d'\u00eatre g\u00e2ch\u00e9e.<\/p>  <\/div> <\/div> <div id=\"faq-question-1673343360459\" class=\"rank-math-list-item\"> <h3 class=\"rank-math-question\">2. Comment nous contacter ?<br><\/h3> <div class=\"rank-math-answer\">  <p class=\"translation-block\">You can fill in your information on our <a href=\"https:\/\/taizypackaging.com\/fr\/\" target=\"_blank\" rel=\"noreferrer noopener\">Taizy company<\/a> websites. Then our sales manager will contact you about the details.<\/p>  <\/div> <\/div> <div id=\"faq-question-1673343369083\" class=\"rank-math-list-item\"> <h3 class=\"rank-math-question\">3. Quel type de mat\u00e9riau d\u2019emballage pouvons-nous choisir ?<br><\/h3> <div class=\"rank-math-answer\">  <p>Les sacs en plastique, les bouteilles et les mat\u00e9riaux en nylon conviennent tous.<\/p>  <\/div> <\/div> <div id=\"faq-question-1673343379188\" class=\"rank-math-list-item\"> <h3 class=\"rank-math-question\">4. Quelle est la plage de poids de l\u2019emballage ?<br><\/h3> <div class=\"rank-math-answer\">  <p>0 \u00e0 5 kilogrammes, c'est OK. Si vous souhaitez emballer plus de poudre, nous pouvons personnaliser le silo pour vous. Son poids maximum d'emballage peut atteindre 10 KG.<\/p>  <\/div> <\/div> <\/div> <\/div>","protected":false},"excerpt":{"rendered":"<p>La machine de conditionnement convient au conditionnement quantitatif de poudre et de mat\u00e9riaux en poudre dans les industries chimiques, alimentaires, agricoles et de produits secondaires. Il peut emballer des poudres de 1 \u00e0 10 kg.<\/p>","protected":false},"author":1,"featured_media":1928,"parent":0,"template":"","tags":[578,373,565],"product-type":[660],"class_list":["post-1908","product","type-product","status-publish","has-post-thumbnail","hentry","tag-auger-filler","tag-powder-filling-and-sealing-machine","tag-powder-filling-machine","product-type-powder-packing-machines"],"_links":{"self":[{"href":"https:\/\/taizypackaging.com\/fr\/wp-json\/wp\/v2\/product\/1908","targetHints":{"allow":["GET"]}}],"collection":[{"href":"https:\/\/taizypackaging.com\/fr\/wp-json\/wp\/v2\/product"}],"about":[{"href":"https:\/\/taizypackaging.com\/fr\/wp-json\/wp\/v2\/types\/product"}],"author":[{"embeddable":true,"href":"https:\/\/taizypackaging.com\/fr\/wp-json\/wp\/v2\/users\/1"}],"wp:featuredmedia":[{"embeddable":true,"href":"https:\/\/taizypackaging.com\/fr\/wp-json\/wp\/v2\/media\/1928"}],"wp:attachment":[{"href":"https:\/\/taizypackaging.com\/fr\/wp-json\/wp\/v2\/media?parent=1908"}],"wp:term":[{"taxonomy":"post_tag","embeddable":true,"href":"https:\/\/taizypackaging.com\/fr\/wp-json\/wp\/v2\/tags?post=1908"},{"taxonomy":"product-type","embeddable":true,"href":"https:\/\/taizypackaging.com\/fr\/wp-json\/wp\/v2\/product-type?post=1908"}],"curies":[{"name":"wp","href":"https:\/\/api.w.org\/{rel}","templated":true}]}}