{"id":1947,"date":"2021-05-25T08:49:22","date_gmt":"2021-05-25T08:49:22","guid":{"rendered":"https:\/\/taizypackaging.com\/?p=1947"},"modified":"2024-07-16T18:10:36","modified_gmt":"2024-07-16T10:10:36","slug":"powder-filling-machine-3","status":"publish","type":"product","link":"https:\/\/taizypackaging.com\/fr\/powder-filling-machine\/","title":{"rendered":"Machine de remplissage de poudre"},"content":{"rendered":"<div class=\"kk-star-ratings kksr-auto kksr-align-left kksr-valign-top\"     data-payload='{&quot;align&quot;:&quot;left&quot;,&quot;id&quot;:&quot;1947&quot;,&quot;slug&quot;:&quot;default&quot;,&quot;valign&quot;:&quot;top&quot;,&quot;ignore&quot;:&quot;&quot;,&quot;reference&quot;:&quot;auto&quot;,&quot;class&quot;:&quot;&quot;,&quot;count&quot;:&quot;18&quot;,&quot;legendonly&quot;:&quot;&quot;,&quot;readonly&quot;:&quot;&quot;,&quot;score&quot;:&quot;4.6&quot;,&quot;starsonly&quot;:&quot;&quot;,&quot;best&quot;:&quot;5&quot;,&quot;gap&quot;:&quot;5&quot;,&quot;greet&quot;:&quot;Rate this product&quot;,&quot;legend&quot;:&quot;4.6\\\/5 - (18 votes)&quot;,&quot;size&quot;:&quot;24&quot;,&quot;title&quot;:&quot;Powder Filling Machine&quot;,&quot;width&quot;:&quot;130.9&quot;,&quot;_legend&quot;:&quot;{score}\\\/{best} - ({count} {votes})&quot;,&quot;font_factor&quot;:&quot;1.25&quot;}'>              <div class=\"kksr-stars\">      <div class=\"kksr-stars-inactive\">             <div class=\"kksr-star\" data-star=\"1\" style=\"padding-right: 5px\">               <div class=\"kksr-icon\" style=\"width: 24px; height: 24px;\"><\/div>         <\/div>             <div class=\"kksr-star\" data-star=\"2\" style=\"padding-right: 5px\">               <div class=\"kksr-icon\" style=\"width: 24px; height: 24px;\"><\/div>         <\/div>             <div class=\"kksr-star\" data-star=\"3\" style=\"padding-right: 5px\">               <div class=\"kksr-icon\" style=\"width: 24px; height: 24px;\"><\/div>         <\/div>             <div class=\"kksr-star\" data-star=\"4\" style=\"padding-right: 5px\">               <div class=\"kksr-icon\" style=\"width: 24px; height: 24px;\"><\/div>         <\/div>             <div class=\"kksr-star\" data-star=\"5\" style=\"padding-right: 5px\">               <div class=\"kksr-icon\" style=\"width: 24px; height: 24px;\"><\/div>         <\/div>     <\/div>      <div class=\"kksr-stars-active\" style=\"width: 130.9px;\">             <div class=\"kksr-star\" style=\"padding-right: 5px\">               <div class=\"kksr-icon\" style=\"width: 24px; height: 24px;\"><\/div>         <\/div>             <div class=\"kksr-star\" style=\"padding-right: 5px\">               <div class=\"kksr-icon\" style=\"width: 24px; height: 24px;\"><\/div>         <\/div>             <div class=\"kksr-star\" style=\"padding-right: 5px\">               <div class=\"kksr-icon\" style=\"width: 24px; height: 24px;\"><\/div>         <\/div>             <div class=\"kksr-star\" style=\"padding-right: 5px\">               <div class=\"kksr-icon\" style=\"width: 24px; height: 24px;\"><\/div>         <\/div>             <div class=\"kksr-star\" style=\"padding-right: 5px\">               <div class=\"kksr-icon\" style=\"width: 24px; height: 24px;\"><\/div>         <\/div>     <\/div> <\/div>                   <div class=\"kksr-legend\" style=\"font-size: 19.2px;\">             4,6\/5 - (18 votes)    <\/div>     <\/div>  <p class=\"translation-block\">Cette <strong>machine de remplissage en poudre<\/strong> est con\u00e7ue pour la gestion de produits en poudre de 10 kg, 15 kg, 20 kg, 30 kg, 40 kg et un maximum de 50 kg. \u00c9quip\u00e9e d'un module d'alimentation et d'un module de fermeture, elle peut accomplir les \u00e9tapes de pesage, remplissage et scellement. <strong>\u00c9quipement de remplissage en poudre \u00e0 vis<\/strong> est largement utilis\u00e9 pour l'emballage de diverses poudres s\u00e8ches comme poudre de d\u00e9tergent, poudre de chili, poudre d'\u00e9pices, lait en poudre, poudre de ciment, poudre d'herbes, poudre nutritionnelle, etc. Il offre des avantages de grande efficacit\u00e9 et de haute performance. Et cette <strong>machine de pesage et de remplissage en poudre<\/strong> convient aux projets avec une demande de production \u00e9lev\u00e9e. Contactez-nous d\u00e8s aujourd'hui pour b\u00e9n\u00e9ficier grandement de votre activit\u00e9. Par ailleurs, nous recrutons des agents dans le monde entier pour faire fortune ensemble. Contactez-nous maintenant. <\/p>   <figure class=\"wp-block-embed-youtube wp-block-embed is-type-video is-provider-youtube wp-embed-aspect-16-9 wp-has-aspect-ratio\"><div class=\"lyte-wrapper fourthree\" title=\"Machine de remplissage semi-automatique \u00e0 vis sans fin\/poudre, 10KG\/15KG\/20KG\/25KG, pour farine, \u00e9pices, poudre \u00e0 laver\" style=\"width:960px;max-width:100%;margin:5px auto;\"><div class=\"lyMe hidef\" id=\"WYL_F5tlcnSb8q4\" itemprop=\"video\" itemscope itemtype=\"https:\/\/schema.org\/VideoObject\"><div><meta itemprop=\"thumbnailUrl\" content=\"https:\/\/taizypackaging.com\/wp-content\/plugins\/wp-youtube-lyte\/lyteCache.php?origThumbUrl=https%3A%2F%2Fi.ytimg.com%2Fvi%2FF5tlcnSb8q4%2Fmaxresdefault.jpg\" \/><meta itemprop=\"embedURL\" content=\"https:\/\/www.youtube.com\/embed\/F5tlcnSb8q4\" \/><meta itemprop=\"duration\" content=\"PT3M52S\" \/><meta itemprop=\"uploadDate\" content=\"2022-01-27T07:03:44Z\" \/><\/div><meta itemprop=\"accessibilityFeature\" content=\"captions\" \/><div id=\"lyte_F5tlcnSb8q4\" data-src=\"https:\/\/taizypackaging.com\/wp-content\/plugins\/wp-youtube-lyte\/lyteCache.php?origThumbUrl=https%3A%2F%2Fi.ytimg.com%2Fvi%2FF5tlcnSb8q4%2Fmaxresdefault.jpg\" class=\"pL\"><div class=\"tC\"><div class=\"tT\" itemprop=\"name\">Machine de remplissage semi-automatique \u00e0 vis sans fin\/poudre, 10KG\/15KG\/20KG\/25KG, pour farine, \u00e9pices, poudre \u00e0 laver<\/div><\/div><div class=\"play\"><\/div><div class=\"ctrl\"><div class=\"Lctrl\"><\/div><div class=\"Rctrl\"><\/div><\/div><\/div><noscript><a href=\"https:\/\/youtu.be\/F5tlcnSb8q4\" rel=\"nofollow noopener\" target=\"_blank\"><img loading=\"lazy\" decoding=\"async\" src=\"https:\/\/taizypackaging.com\/wp-content\/plugins\/wp-youtube-lyte\/lyteCache.php?origThumbUrl=https%3A%2F%2Fi.ytimg.com%2Fvi%2FF5tlcnSb8q4%2F0.jpg\" alt=\"Machine de remplissage semi-automatique \u00e0 vis sans fin\/poudre, 10KG\/15KG\/20KG\/25KG, pour farine, \u00e9pices, poudre \u00e0 laver\" width=\"960\" height=\"700\" \/><br \/>Watch this video on YouTube<\/a><\/noscript><meta itemprop=\"description\" content=\"#powderfillingmachine #fillingmachine #augerfiller EMAIL: info@taizypackaging.com TEL\/WHATSAPP: +86 18837171591 WEBSITE: https:\/\/taizypackaging.com\/flour-maize-flour-packaging-machine-powder-packaging-machine-5-50kg\/ Semi automatic powder filling machine can fill all kinds of powder products like flour, spices, detergent powder, chili powder, protein powder, milk powder, etc. This machine is a completely stainless steel body structure with contact parts. Machine can fill from 5kg to 50kg or other custom weights depending on your requirements. The machine mainly includes four parts: automatic weighing device, conveying device, sewing device, and computer control. It has a reasonable structure, a beautiful appearance. These videos may also help you: Automatic powder packaging machine: https:\/\/www.youtube.com\/watch?v=LDNsCTtMz5E&amp;t=61s&amp;ab_channel=TaizyPackagingMachinery EMAIL: info@taizypackaging.com TEL\/WHATSAPP: +86 18837171591 MORE INFO: https:\/\/taizypackaging.com\/flour-maize-flour-packaging-machine-powder-packaging-machine-5-50kg\/\"><\/div><\/div><div class=\"lL\" style=\"max-width:100%;width:960px;margin:5px auto;\"><\/div><figcaption><\/figcaption><\/figure>   <h2 class=\"wp-block-heading\" id=\"h-structure-of-flour-packaging-machine\">Structures de machine de remplissage automatique de poudre<\/h2>    <p class=\"translation-block\"><strong>La machine comprend principalement quatre parties :<\/strong> dispositif de pes\u00e9e automatique, dispositif de convoyage, dispositif de couture et syst\u00e8me de contr\u00f4le informatis\u00e9. Elle pr\u00e9sente une structure raisonnable et une apparence attrayante, facile \u00e0 utiliser et \u00e0 nettoyer. De plus, la machine d'emballage de farine est \u00e9conome en \u00e9nergie et en co\u00fbts. Et la fonction de pes\u00e9e est pr\u00e9cise. De plus, la machine de remplissage et de scellement en poudre peut \u00eatre \u00e9quip\u00e9e d'un machine d'alimentation, si facile \u00e0 alimenter les mati\u00e8res premi\u00e8res.  <\/p>    <figure class=\"wp-block-image size-large\"><img decoding=\"async\" src=\"https:\/\/taizypackaging.com\/wp-content\/uploads\/2021\/05\/structure-of-flour-packing-machine.jpg\" alt=\"structure de la machine \u00e0 emballer la farine\" class=\"wp-image-1960\"\/><figcaption class=\"wp-element-caption\">structure de la machine de remplissage de poudre<\/figcaption><\/figure>    <h2 class=\"wp-block-heading\" id=\"h-parameters-of-the-flour-packing-machine\">Param\u00e8tres de la machine d'emballage de remplissage de poudre<\/h2>    <figure class=\"wp-block-table is-style-stripes\"><table><tbody><tr><td>Plage de poids d'emballage<\/td><td>5-50kg<\/td><\/tr><tr><td>Plage de quantit\u00e9 d'emballage<\/td><td>3-4 sacs\/min<\/td><\/tr><tr><td>Pouvoir<\/td><td>2,2 kW<\/td><\/tr><tr><td>Mat\u00e9riel<\/td><td>201 en acier inoxydable<\/td><\/tr><tr><td>Dimensions<\/td><td>longueur 2000\u00d7largeur 800\u00d7hauteur 2500 (mm)<\/td><\/tr><\/tbody><\/table><\/figure>    <h2 class=\"wp-block-heading\" id=\"how-much-does-a-powder-filling-machine-cost\">Combien co\u00fbte une machine de remplissage de poudre ?<\/h2>    <p>En fait, le co\u00fbt d\u2019une machine de remplissage de poudre est li\u00e9 \u00e0 de nombreux facteurs, principalement constitu\u00e9s de facteurs externes et de facteurs internes. Pour des facteurs externes tels que les frais d'exp\u00e9dition, le taux de change international, le fabricant de la machine de remplissage, etc. Pour des facteurs internes tels que les types de machines, les mat\u00e9riaux de la machine, la marque du moteur, etc. Chaque usine pourrait affecter terriblement le prix de la machine de remplissage de poudre. Par cons\u00e9quent, lorsque vous achetez une machine de remplissage de poudre, il est important que vous connaissiez exactement vos besoins. Si vous ne savez pas lequel choisir, consultez nos experts qualifi\u00e9s pour obtenir des suggestions. <\/p>    <figure class=\"wp-block-image size-full\"><img loading=\"lazy\" decoding=\"async\" width=\"720\" height=\"540\" src=\"https:\/\/taizypackaging.com\/wp-content\/uploads\/2021\/05\/powder-filling-machine.jpg\" alt=\"machine de remplissage de poudre\" class=\"wp-image-3623\" srcset=\"https:\/\/taizypackaging.com\/wp-content\/uploads\/2021\/05\/powder-filling-machine.jpg 720w, https:\/\/taizypackaging.com\/wp-content\/uploads\/2021\/05\/powder-filling-machine-300x225.jpg 300w\" sizes=\"auto, (max-width: 720px) 100vw, 720px\" \/><figcaption class=\"wp-element-caption\">machine de remplissage de poudre<\/figcaption><\/figure>    <h2 class=\"wp-block-heading\" id=\"h-working-process-of-flour-packaging-machine\">Processus de travail de la machine de conditionnement de remplissage automatique de poudre<\/h2>    <p class=\"translation-block\"><strong>Processus de travail :<\/strong> Placement du mat\u00e9riau \u2192 Placement manuel des sacs \u2192 Remplissage automatique \u2192 Pes\u00e9e automatique \u2192 Convoyage automatique \u2192 Scellement automatique \u2192 Fini<br>De plus, le sac d'emballage et les dispositifs de scellement sont diff\u00e9remment configur\u00e9s. Vous pouvez choisir celui qui convient le mieux \u00e0 vos besoins r\u00e9els.<\/p>    <h2 class=\"wp-block-heading\" id=\"h-weighing-method-of-flour-packaging-machine\">M\u00e9thode de pes\u00e9e de la machine de remplissage de poudre<\/h2>    <p class=\"translation-block\">La machine d'emballage en poudre utilise une balance de conditionnement informatis\u00e9e TH-25. Cette balance est une nouvelle g\u00e9n\u00e9ration de balances d'emballage intelligentes d\u00e9velopp\u00e9es par <a href=\"https:\/\/taizypackaging.com\/fr\/\">l\u2019entreprise Taizy<\/a>. La partie principale de la machine d\u2019emballage adopte une coupe \u00e0 flux rapide ou une coupe \u00e0 propulsion par vis. Sa m\u00e9thode de mesure est la mesure en bac. La machine d\u2019emballage utilise une technologie de conversion de fr\u00e9quence avanc\u00e9e pour l\u2019alimentation et la mesure \u00e0 petite \u00e9chelle. Par ailleurs, elle adopte une technologie de contr\u00f4le num\u00e9rique de fr\u00e9quence avanc\u00e9e et une technologie anti-interf\u00e9rence. Cette technologie peut r\u00e9aliser une compensation et une correction automatiques des erreurs.<\/p>    <figure class=\"wp-block-image size-large\"><img decoding=\"async\" src=\"https:\/\/taizypackaging.com\/wp-content\/uploads\/2021\/05\/Computer-automatic-packaging-scale.jpg\" alt=\"Balance d&#039;emballage automatique par ordinateur\" class=\"wp-image-1968\"\/><figcaption class=\"wp-element-caption\">Balance d'emballage automatique par ordinateur<\/figcaption><\/figure>    <h2 class=\"wp-block-heading\" id=\"h-benefits-of-using-flour-packaging-machine\">Avantages de l'utilisation d'une machine de remplissage de poudre s\u00e8che<\/h2>    <p>1 L'application d'une balance automatique de conditionnement de poudre am\u00e9liore l'environnement de travail et l'efficacit\u00e9. De plus, l\u2019utilisation de machines d\u2019emballage peut r\u00e9duire les co\u00fbts de main-d\u2019\u0153uvre.<\/p>    <p>2. Selon les diff\u00e9rents mat\u00e9riaux du sac d'emballage, choisissez une machine \u00e0 coudre pliante ou une machine de thermoscellage. Les accessoires ont de bonnes performances. Et la technologie de la machine de conditionnement de poudre est tr\u00e8s mature\u00a0;<\/p>    <p>3. Cette machine d'emballage r\u00e9sout le probl\u00e8me des mat\u00e9riaux collants et des mat\u00e9riaux en vrac dans l'emballage de poudre.<\/p>    <p>4. L'utilisation de machines d'emballage am\u00e9liore consid\u00e9rablement la vitesse d'emballage de la poudre.<\/p>    <h2 class=\"wp-block-heading\" id=\"h-why-use-a-packaging-machine-to-package-flour\">Pourquoi utiliser une machine de conditionnement pour emballer de la poudre ?<\/h2>    <p>Le produit en poudre lui-m\u00eame est relativement fin. Par cons\u00e9quent, la poussi\u00e8re pr\u00e9sente dans le processus d\u2019emballage est relativement importante. Le fonctionnement manuel est non seulement lent, mais la sant\u00e9 des employ\u00e9s n'est pas non plus garantie. Ce probl\u00e8me peut \u00eatre compl\u00e8tement r\u00e9solu en utilisant la balance automatique de conditionnement de poudre produite par notre soci\u00e9t\u00e9. Pour les usines de poudre alimentaire ou de poudre chimique, il est n\u00e9cessaire d\u2019acheter une machine de remplissage automatique de poudre. <\/p>    <h2 class=\"wp-block-heading\" id=\"h-how-to-choose-the-most-suitable-flour-packaging-machine\">Comment choisir la machine de remplissage de poudre la plus adapt\u00e9e ?<\/h2>    <p>Lorsque vous choisissez cette \u00e9chelle, veuillez fournir les informations suivantes. Ensuite, nos ing\u00e9nieurs techniques peuvent vous fournir le plan de configuration technique le plus pr\u00e9cis. <\/p>    <ol class=\"wp-block-list\"> <li><strong>Les caract\u00e9ristiques des mat\u00e9riaux d\u2019emballage :<\/strong> granul\u00e9s ou poudres, taille ou maille du mat\u00e9riau, teneur en humidit\u00e9, etc.<\/li>    <li><strong>Caract\u00e9ristiques du sac d'emballage :<\/strong> longueur et largeur du sac, sac tiss\u00e9 ou sac en papier ou sacs en plastique.<\/li>    <li>D\u00e9tails de votre production attendue, m\u00e9thode d'alimentation. Et si le site a des limites.<\/li> <\/ol>    <figure class=\"wp-block-image size-large\"><img loading=\"lazy\" decoding=\"async\" width=\"720\" height=\"540\" src=\"https:\/\/taizypackaging.com\/wp-content\/uploads\/2021\/05\/machine-display-2.jpg\" alt=\"affichage de la machine de conditionnement de farine\" class=\"wp-image-1961\" srcset=\"https:\/\/taizypackaging.com\/wp-content\/uploads\/2021\/05\/machine-display-2.jpg 720w, https:\/\/taizypackaging.com\/wp-content\/uploads\/2021\/05\/machine-display-2-300x225.jpg 300w\" sizes=\"auto, (max-width: 720px) 100vw, 720px\" \/><figcaption class=\"wp-element-caption\">affichage de la machine de conditionnement de farine<\/figcaption><\/figure>    <h2 class=\"wp-block-heading\" id=\"h-optional-accessories\">Accessoires optionnels<\/h2>    <p class=\"translation-block\"><strong>Dispositif de scellement : <\/strong><\/p>    <p>Vous pouvez choisir la machine \u00e0 sceller en fonction de vos besoins. Tels que les machines \u00e0 sceller le plastique, les machines \u00e0 sceller sous vide ou d'autres machines \u00e0 sceller.<\/p>    <figure class=\"wp-block-image size-large\"><img decoding=\"async\" src=\"https:\/\/taizypackaging.com\/wp-content\/uploads\/2021\/05\/sealing-device-2.jpg\" alt=\"dispositif de scellage de la machine de conditionnement de farine \" class=\"wp-image-1967\"\/><figcaption class=\"wp-element-caption\">dispositif de scellage de la machine de conditionnement de farine <\/figcaption><\/figure>    <p class=\"translation-block\"><strong>Dispositif d'alimentation : <\/strong><\/p>    <p>Vous pouvez \u00e9galement acheter une mangeoire. La machine d'alimentation peut transporter automatiquement divers mat\u00e9riaux vers la machine d'emballage et la tr\u00e9mie, ce qui r\u00e9duit l'intensit\u00e9 du travail des travailleurs et r\u00e9sout le probl\u00e8me du d\u00e9bordement de poussi\u00e8re pendant l'alimentation. Cette m\u00e9thode d'alimentation peut emp\u00eacher la poussi\u00e8re de polluer l'environnement et am\u00e9liorer l'environnement de travail. Dans le m\u00eame temps, il r\u00e9duit \u00e9galement la pollution de l'environnement et du personnel par les mat\u00e9riaux et r\u00e9pond \u00e0 la norme GMP.<\/p>    <figure class=\"wp-block-image size-large\"><img loading=\"lazy\" decoding=\"async\" width=\"720\" height=\"540\" src=\"https:\/\/taizypackaging.com\/wp-content\/uploads\/2021\/05\/feeder.jpg\" alt=\"alimentateur de cette machine de remplissage de granul\u00e9s\" class=\"wp-image-1930\" srcset=\"https:\/\/taizypackaging.com\/wp-content\/uploads\/2021\/05\/feeder.jpg 720w, https:\/\/taizypackaging.com\/wp-content\/uploads\/2021\/05\/feeder-300x225.jpg 300w\" sizes=\"auto, (max-width: 720px) 100vw, 720px\" \/><figcaption class=\"wp-element-caption\">alimentateur de cette machine de remplissage de granul\u00e9s<\/figcaption><\/figure>    <h2 class=\"wp-block-heading\" id=\"h-technical-advantages-of-flour-packaging-machine\">Avantages techniques de la machine de remplissage de poudre<\/h2>    <p>\u25cf L'\u00e9quipement de remplissage de poudre adopte un processus de production par pulv\u00e9risation \u00e9lectrostatique.<br>\u25cf Il dispose de capteurs de suspension ind\u00e9pendants. Par cons\u00e9quent, cette machine d\u2019emballage dispose d\u2019une transmission de signal stable et d\u2019un pesage pr\u00e9cis.<br>\u25cf Son h\u00f4te adopte la technologie de conversion de fr\u00e9quence.<br>\u25cf Il adopte un capteur infrarouge et une servo-coupe. Cette m\u00e9thode est plus \u00e9conome en \u00e9nergie et en \u00e9nergie.<br>\u25cf Il peut stocker automatiquement la sortie de quart de travail, la sortie quotidienne et la sortie cumul\u00e9e.<\/p>    <h2 class=\"wp-block-heading\" id=\"h-value-added-services\">Services \u00e0 valeur ajout\u00e9e<\/h2>    <p class=\"translation-block\">1. <strong>QC :<\/strong> Nous avons un syst\u00e8me de contr\u00f4le qualit\u00e9 strict. Avant exp\u00e9dition, nous prendrons des photos et des vid\u00e9os pour vous.<br>2. <strong>Service apr\u00e8s-vente :<\/strong> 24 heures en ligne et maintenance \u00e0 vie. Manuel en anglais et enseignement vid\u00e9o.<br>3. <strong>Temps de production :<\/strong> 20-25 jours<\/p>    <h2 class=\"wp-block-heading\" id=\"h-q-a\">Questions et r\u00e9ponses sur l'\u00e9quipement de remplissage de poudre Taizy<\/h2>    <ol class=\"wp-block-list\"> <li>Quel est le prix de la machine de remplissage de poudre ?<br>Les d\u00e9tails sp\u00e9cifiques de la machine de remplissage de poudre peuvent \u00eatre personnalis\u00e9s. De plus, vous pouvez choisir diff\u00e9rentes machines \u00e0 sceller. Le prix est donc \u00e9galement diff\u00e9rent. Vous pouvez nous faire part de vos besoins et nous d\u00e9ciderons du prix final.<\/li>    <li>Quelle est la plage de poids pouvant \u00eatre emball\u00e9e dans un emballage en poudre\u00a0?<br>Poids de l'emballage : 5-50 kg<\/li>    <li>De quel mat\u00e9riau est faite la machine d\u2019emballage ?<br>Il est fabriqu\u00e9 en acier inoxydable 201.<\/li>    <li>Le transport de la machine d'emballage est-il s\u00fbr ?                                                                                                  Les machines sont d'abord envelopp\u00e9es dans un film plastique avant d'\u00eatre emball\u00e9es, afin d'\u00e9viter l'humidit\u00e9 de la mer. Les machines sont plac\u00e9es dans une caisse en bois exempte de fumigation, doubl\u00e9e de fil m\u00e9tallique si n\u00e9cessaire.<\/li>    <li>Quel film d'emballage puis-je choisir pour emballer la farine ?<br>Sacs en papier, sacs tiss\u00e9s pellicul\u00e9s, sacs composites double couche.<\/li>    <li>Quel est le mode de paiement ?<br>Paiement 100% par virement bancaire ou carte bancaire. Nous modifierons \u00e9galement les modes de paiement en fonction de vos besoins.<\/li> <\/ol>","protected":false},"excerpt":{"rendered":"<p>Cette machine de conditionnement de farine offre une commodit\u00e9 pour l'emballage de la poudre. Il convient aux mat\u00e9riaux d'emballage de 5 kg \u00e0 50 kg. Sa vitesse d'emballage est rapide. L\u2019emballage des poudres \u00e0 la machine est hygi\u00e9nique et s\u00fbr.<\/p>","protected":false},"author":1,"featured_media":1958,"parent":0,"template":"","tags":[565],"product-type":[660],"class_list":["post-1947","product","type-product","status-publish","has-post-thumbnail","hentry","tag-powder-filling-machine","product-type-powder-packing-machines"],"_links":{"self":[{"href":"https:\/\/taizypackaging.com\/fr\/wp-json\/wp\/v2\/product\/1947","targetHints":{"allow":["GET"]}}],"collection":[{"href":"https:\/\/taizypackaging.com\/fr\/wp-json\/wp\/v2\/product"}],"about":[{"href":"https:\/\/taizypackaging.com\/fr\/wp-json\/wp\/v2\/types\/product"}],"author":[{"embeddable":true,"href":"https:\/\/taizypackaging.com\/fr\/wp-json\/wp\/v2\/users\/1"}],"wp:featuredmedia":[{"embeddable":true,"href":"https:\/\/taizypackaging.com\/fr\/wp-json\/wp\/v2\/media\/1958"}],"wp:attachment":[{"href":"https:\/\/taizypackaging.com\/fr\/wp-json\/wp\/v2\/media?parent=1947"}],"wp:term":[{"taxonomy":"post_tag","embeddable":true,"href":"https:\/\/taizypackaging.com\/fr\/wp-json\/wp\/v2\/tags?post=1947"},{"taxonomy":"product-type","embeddable":true,"href":"https:\/\/taizypackaging.com\/fr\/wp-json\/wp\/v2\/product-type?post=1947"}],"curies":[{"name":"wp","href":"https:\/\/api.w.org\/{rel}","templated":true}]}}