{"id":1985,"date":"2021-06-02T02:50:38","date_gmt":"2021-06-02T02:50:38","guid":{"rendered":"https:\/\/taizypackaging.com\/?p=1985"},"modified":"2024-07-16T17:47:35","modified_gmt":"2024-07-16T09:47:35","slug":"semi-automatic-liquid-filling-machine","status":"publish","type":"product","link":"https:\/\/taizypackaging.com\/fr\/semi-automatic-liquid-filling-machine\/","title":{"rendered":"Machine de remplissage de liquide semi-automatique"},"content":{"rendered":"<div class=\"kk-star-ratings kksr-auto kksr-align-left kksr-valign-top\"     data-payload='{&quot;align&quot;:&quot;left&quot;,&quot;id&quot;:&quot;1985&quot;,&quot;slug&quot;:&quot;default&quot;,&quot;valign&quot;:&quot;top&quot;,&quot;ignore&quot;:&quot;&quot;,&quot;reference&quot;:&quot;auto&quot;,&quot;class&quot;:&quot;&quot;,&quot;count&quot;:&quot;25&quot;,&quot;legendonly&quot;:&quot;&quot;,&quot;readonly&quot;:&quot;&quot;,&quot;score&quot;:&quot;4.6&quot;,&quot;starsonly&quot;:&quot;&quot;,&quot;best&quot;:&quot;5&quot;,&quot;gap&quot;:&quot;5&quot;,&quot;greet&quot;:&quot;Rate this product&quot;,&quot;legend&quot;:&quot;4.6\\\/5 - (25 votes)&quot;,&quot;size&quot;:&quot;24&quot;,&quot;title&quot;:&quot;Semi Automatic Liquid Filling Machine&quot;,&quot;width&quot;:&quot;130.9&quot;,&quot;_legend&quot;:&quot;{score}\\\/{best} - ({count} {votes})&quot;,&quot;font_factor&quot;:&quot;1.25&quot;}'>              <div class=\"kksr-stars\">      <div class=\"kksr-stars-inactive\">             <div class=\"kksr-star\" data-star=\"1\" style=\"padding-right: 5px\">               <div class=\"kksr-icon\" style=\"width: 24px; height: 24px;\"><\/div>         <\/div>             <div class=\"kksr-star\" data-star=\"2\" style=\"padding-right: 5px\">               <div class=\"kksr-icon\" style=\"width: 24px; height: 24px;\"><\/div>         <\/div>             <div class=\"kksr-star\" data-star=\"3\" style=\"padding-right: 5px\">               <div class=\"kksr-icon\" style=\"width: 24px; height: 24px;\"><\/div>         <\/div>             <div class=\"kksr-star\" data-star=\"4\" style=\"padding-right: 5px\">               <div class=\"kksr-icon\" style=\"width: 24px; height: 24px;\"><\/div>         <\/div>             <div class=\"kksr-star\" data-star=\"5\" style=\"padding-right: 5px\">               <div class=\"kksr-icon\" style=\"width: 24px; height: 24px;\"><\/div>         <\/div>     <\/div>      <div class=\"kksr-stars-active\" style=\"width: 130.9px;\">             <div class=\"kksr-star\" style=\"padding-right: 5px\">               <div class=\"kksr-icon\" style=\"width: 24px; height: 24px;\"><\/div>         <\/div>             <div class=\"kksr-star\" style=\"padding-right: 5px\">               <div class=\"kksr-icon\" style=\"width: 24px; height: 24px;\"><\/div>         <\/div>             <div class=\"kksr-star\" style=\"padding-right: 5px\">               <div class=\"kksr-icon\" style=\"width: 24px; height: 24px;\"><\/div>         <\/div>             <div class=\"kksr-star\" style=\"padding-right: 5px\">               <div class=\"kksr-icon\" style=\"width: 24px; height: 24px;\"><\/div>         <\/div>             <div class=\"kksr-star\" style=\"padding-right: 5px\">               <div class=\"kksr-icon\" style=\"width: 24px; height: 24px;\"><\/div>         <\/div>     <\/div> <\/div>                   <div class=\"kksr-legend\" style=\"font-size: 19.2px;\">             4,6\/5 - (25 votes)    <\/div>     <\/div>  <p class=\"translation-block\"><strong>La machine de remplissage liquide semi-automatique<\/strong> est un outil de conditionnement liquide \u00e0 faible co\u00fbt. Elle est tout \u00e0 fait id\u00e9ale <strong>pour les \u00e9quipements de remplissage liquide<\/strong> pour les petites entreprises. Une <strong>machine de remplissage liquide manuelle<\/strong> est largement utilis\u00e9e dans l'industrie des boissons, des cosm\u00e9tiques et des produits chimiques. Ce type de <strong>machine de remplissage liquide de table<\/strong> est adapt\u00e9 aux sacs, bouteilles et canettes. Avec une structure simple et une petite taille, elle est tr\u00e8s flexible et facile \u00e0 utiliser. Taizy Machinery Co., Ltd a une exp\u00e9rience tr\u00e8s riche dans la conception, la recherche, la fabrication et l'exportation de machines de remplissage liquide fiables. Contactez-nous aujourd'hui pour un <strong>prix de machine de remplissage liquide semi-automatique<\/strong> gratuit. <\/p>    <h2 class=\"wp-block-heading\" id=\"what-is-a-liquid-filling-machine\">Qu'est-ce qu'une machine de remplissage de liquide ? <\/h2>    <p>La machine de remplissage de liquide ou remplisseuse de liquide est un \u00e9quipement essentiel dans de nombreuses industries, telles que les industries des boissons, chimiques, cosm\u00e9tiques et pharmaceutiques. Ces produits liquides n\u00e9cessitent d'\u00eatre conditionn\u00e9s dans de jolis sachets, bouteilles ou canettes. Avec les machines de remplissage de liquides, les liquides peuvent \u00eatre emball\u00e9s facilement et efficacement dans des conteneurs sans trop de gaspillage. Par rapport au fonctionnement manuel, la machine de remplissage de liquide semi-automatique est plus \u00e9conomique et plus \u00e9conomique. Une machine de remplissage de liquide peut \u00eatre divis\u00e9e en une machine de remplissage de liquide manuelle, une machine de remplissage de liquide semi-automatique et une machine de remplissage de liquide enti\u00e8rement automatique. Diff\u00e9rents types ont des caract\u00e9ristiques et des avantages totalement diff\u00e9rents. Si vous ne savez pas lequel convient le mieux \u00e0 votre projet, consultez notre expert gratuitement. <\/p>    <figure class=\"wp-block-image size-full\"><img decoding=\"async\" src=\"https:\/\/taizypackaging.com\/wp-content\/uploads\/2021\/06\/semi-automatic-liquid-filling-machine-1.jpg\" alt=\"machine de remplissage de liquide semi-automatique\" class=\"wp-image-3658\"\/><figcaption>machine de remplissage de liquide semi-automatique<\/figcaption><\/figure>    <h2 class=\"wp-block-heading\" id=\"h-application-field-of-semi-automatic-liquid-filling-machine\">Applications de la machine de remplissage de liquide semi-automatique<\/h2>    <p>La machine de remplissage de liquide semi-automatique est largement utilis\u00e9e dans le remplissage quantitatif de liquides dans les industries des m\u00e9dicaments, des aliments, des boissons, des produits chimiques quotidiens, des huiles, des condiments, des cosm\u00e9tiques, etc. Elle est id\u00e9ale pour emballer de l'eau pure, de l'eau min\u00e9rale, des jus de fruits, des bi\u00e8res. , vins, liqueurs, sirops, huiles comestibles, ar\u00f4mes et parfums, shampoings, gels douche, d\u00e9sinfectants pour les mains, d\u00e9sinfectants, d\u00e9tergents, lubrifiants, huiles de frein, antigels, pesticides, herbicides, etc. Cette machine de remplissage de liquide semi-automatique a une vitesse de remplissage rapide et un pesage pr\u00e9cis. C'est le meilleur choix pour les petits et moyens projets.<\/p>    <figure class=\"wp-block-image size-large\"><img decoding=\"async\" src=\"https:\/\/taizypackaging.com\/wp-content\/uploads\/2021\/06\/packing-sample.jpg\" alt=\"\u00e9chantillon d&#039;emballage\" class=\"wp-image-2027\"\/><figcaption>\u00e9chantillon d'emballage<\/figcaption><\/figure>    <h2 class=\"wp-block-heading\" id=\"h-working-principle-of-semi-automatic-liquid-filling-machine\">Principe de fonctionnement de la machine de remplissage de liquide semi-automatique<\/h2>    <p>La remplisseuse semi-automatique est une remplisseuse \u00e0 piston. Un piston est entra\u00een\u00e9 par un cylindre pour extraire et \u00e9jecter les mat\u00e9riaux. Une vanne unidirectionnelle peut contr\u00f4ler le flux de mat\u00e9riaux. Et un interrupteur \u00e0 lames peut contr\u00f4ler la course du cylindre. De cette mani\u00e8re, le volume de remplissage est r\u00e9glable.<\/p>    <h2 class=\"wp-block-heading\" id=\"h-model-and-filling-volume-range-of-semi-automatic-liquid-packing-machine\">Gamme de mod\u00e8les et de volumes de remplissage de machine de remplissage de liquide semi-automatique<\/h2>    <figure class=\"wp-block-table\"><table><tbody><tr><td>Mode50<\/td><td>5-50ML &nbsp;&nbsp;&nbsp;&nbsp;&nbsp;&nbsp;&nbsp;<\/td><\/tr><tr><td>Mode100<\/td><td>10-100ML<\/td><\/tr><tr><td>Mode300<\/td><td>30-300ML<\/td><\/tr><tr><td>Mode500<\/td><td>50-500ML<\/td><\/tr><tr><td>Mode1000<\/td><td>100-1000ML<\/td><\/tr><tr><td>Mode2500<\/td><td>250-2500ML<\/td><\/tr><tr><td>Mode3000<\/td><td>300-3000ML<\/td><\/tr><tr><td>Mode5000<\/td><td>500-5000ML<\/td><\/tr><\/tbody><\/table><\/figure>    <h2 class=\"wp-block-heading\" id=\"h-the-structure-and-characteristics-of-semi-automatic-liquid-filling-machine\">Caract\u00e9ristiques structurelles de la machine de remplissage de liquide semi-automatique<\/h2>    <ol class=\"wp-block-list\"><li>La machine de remplissage de liquide est du type \u00e0 piston semi-automatique. Il a une conception raisonnable, une structure compacte et un fonctionnement pratique.<\/li><li>Les pi\u00e8ces en contact avec les mat\u00e9riaux utilisent de l'acier inoxydable 304. Ce mat\u00e9riau r\u00e9pond aux exigences GMP.<\/li><li>Le volume de remplissage et la vitesse de remplissage sont r\u00e9glables. Et la pr\u00e9cision de remplissage est \u00e9lev\u00e9e.<\/li><li>La cloison de remplissage adopte des dispositifs de remplissage anti-goutte, anti-tirage et de levage.<\/li><li>Cette machine de remplissage de liquide peut \u00eatre convertie en un syst\u00e8me de remplissage \u00e0 trop-plein multi-t\u00eates, antid\u00e9flagrant.<\/li><\/ol>    <figure class=\"wp-block-image size-large\"><img decoding=\"async\" src=\"https:\/\/taizypackaging.com\/wp-content\/uploads\/2021\/06\/structure-of-semi-automatic-liquid-filling-machine.jpg\" alt=\"structure de la machine de remplissage de liquide semi-automatique\" class=\"wp-image-2034\"\/><figcaption>structure de la machine de remplissage de liquide semi-automatique<\/figcaption><\/figure>    <h2 class=\"wp-block-heading\" id=\"h-technical-advantages\">Avantages techniques<\/h2>    <p>1. \u00c9tant donn\u00e9 que le mat\u00e9riau de remplissage de cette machine de remplissage de liquide est g\u00e9n\u00e9ralement un liquide liquide ou visqueux, il est facile d'\u00eatre humide. Par cons\u00e9quent, le corps est constitu\u00e9 d'une combinaison d'acier inoxydable et d'alliage d'aluminium, qui n'est pas facile \u00e0 rouiller m\u00eame dans un environnement humide. environnement humide et garantit le mat\u00e9riel d'hygi\u00e8ne.<\/p>    <p>2. La machine utilise un double syst\u00e8me de contr\u00f4le de la pression d'air, particuli\u00e8rement adapt\u00e9 \u00e0 une utilisation dans un environnement soumis \u00e0 des exigences antid\u00e9flagrantes et offrant une s\u00e9curit\u00e9 \u00e9lev\u00e9e\u00a0;<\/p>    <p>3 Lorsque la machine doit s'arr\u00eater lors du remplissage d'injection, de toner, de sirop, etc., \u00e9teignez simplement l'interrupteur pneumatique, le piston reviendra automatiquement \u00e0 la position initiale et le remplissage s'arr\u00eatera.<\/p>    <h2 class=\"wp-block-heading\" id=\"h-machine-details\">D\u00e9tails de la machine de l'\u00e9quipement de remplissage de liquide<\/h2>    <figure class=\"wp-block-image size-large is-resized\"><img loading=\"lazy\" decoding=\"async\" src=\"https:\/\/taizypackaging.com\/wp-content\/uploads\/2021\/06\/machine-details.jpg\" alt=\"d\u00e9tails de la machine\" class=\"wp-image-2036\" width=\"840\" height=\"409\"\/><figcaption>d\u00e9tails de la machine de remplissage de liquide<\/figcaption><\/figure>    <h2 class=\"wp-block-heading\" id=\"h-optional-device\">Appareil en option<\/h2>    <p>Dans la soci\u00e9t\u00e9 Taizy, vous pouvez \u00e9galement opter pour d\u2019autres appareils pour r\u00e9aliser vos diff\u00e9rentes demandes.<\/p>    <ol class=\"wp-block-list\"><li>La tr\u00e9mie peut \u00eatre \u00e9quip\u00e9e d'un dispositif de chauffage. Si vous en avez besoin, vous pouvez \u00e9quiper la machine d'un appareil de chauffage de liquide.<\/li><li>La tr\u00e9mie peut \u00eatre \u00e9quip\u00e9e d'une tige d'agitation. L'agitateur peut m\u00e9langer le liquide uniform\u00e9ment.<\/li><li>Toutes les machines sont \u00e9quip\u00e9es de compresseurs d'air. Il peut garantir un remplissage s\u00fbr et pr\u00e9cis des liquides.<\/li><li>Dispositif de scellement. Dispositif de mise sous vide ou autres types de machine \u00e0 sceller.<\/li><li>Codeur. Codeurs \u00e0 ruban, codeurs \u00e0 jet d'encre, codeurs laser et autres machines de codage.<\/li><li>Vous pouvez configurer plusieurs buses pour la machine d'emballage. Cela peut augmenter la vitesse de remplissage.<\/li><\/ol>    <h2 class=\"wp-block-heading\" id=\"h-machine-display\">Affichage de la machine de remplissage de liquide Taizy<\/h2>    <div class=\"wp-block-columns is-layout-flex wp-container-core-columns-is-layout-9d6595d7 wp-block-columns-is-layout-flex\"> <div class=\"wp-block-column is-layout-flow wp-block-column-is-layout-flow\"> <figure class=\"wp-block-image size-full\"><img decoding=\"async\" src=\"https:\/\/taizypackaging.com\/wp-content\/uploads\/2021\/06\/semi-automatic-liquid-filling-machine-factory.jpg\" alt=\"Usine de machine de remplissage de liquide semi-automatique\" class=\"wp-image-3661\"\/><figcaption>Usine de machine de remplissage de liquide semi-automatique<\/figcaption><\/figure> <\/div>    <div class=\"wp-block-column is-layout-flow wp-block-column-is-layout-flow\"> <figure class=\"wp-block-image size-full\"><img loading=\"lazy\" decoding=\"async\" width=\"720\" height=\"540\" src=\"https:\/\/taizypackaging.com\/wp-content\/uploads\/2021\/06\/machine-stock.jpg\" alt=\"stock de machines\" class=\"wp-image-2181\" srcset=\"https:\/\/taizypackaging.com\/wp-content\/uploads\/2021\/06\/machine-stock.jpg 720w, https:\/\/taizypackaging.com\/wp-content\/uploads\/2021\/06\/machine-stock-300x225.jpg 300w\" sizes=\"auto, (max-width: 720px) 100vw, 720px\" \/><figcaption>stock de machines de remplissage de liquide semi-automatique<\/figcaption><\/figure> <\/div> <\/div>    <h2 class=\"wp-block-heading\" id=\"h-warm-tips-during-operation\">Conseils chaleureux pendant le fonctionnement<\/h2>    <ol class=\"wp-block-list\"><li>Avant le nettoyage, vous devez v\u00e9rifier si l'air comprim\u00e9 est coup\u00e9. Si vous ne l'avez pas \u00e9teint, veuillez \u00e9teindre l'air comprim\u00e9\u00a0;<\/li><li>Il est strictement interdit d'utiliser des solvants organiques pour nettoyer la machine, tels que le xyl\u00e8ne, l'eau de banane, l'hypochlorite de sodium, etc.\u00a0;<\/li><li>Apr\u00e8s avoir nettoy\u00e9 toutes les pi\u00e8ces de cette machine de remplissage semi-automatique, vous devez commencer \u00e0 instiller les pi\u00e8ces jusqu'\u00e0 ce qu'elles soient s\u00e8ches. Et assurez-vous qu'aucune eau ni aucun autre article divers ne p\u00e9n\u00e8tre dans la machine\u00a0;<\/li><li>Utiliser la source d\u2019\u00e9lectricit\u00e9 et de gaz qui r\u00e9pond aux exigences\u00a0;<\/li><li>Vous devez d'abord \u00e9teindre la source d'air et l'alimentation \u00e9lectrique. Ensuite, d\u00e9montez et lavez la machine de remplissage quantitative semi-automatique\u00a0;<\/li><li>Apr\u00e8s avoir \u00e9teint l'interrupteur d'alimentation, il y a une tension dans certains circuits de la machine de remplissage de liquide semi-automatique. Par cons\u00e9quent, vous devez couper l\u2019alimentation principale en cas de panne de r\u00e9paration.<\/li><\/ol>    <h2 class=\"wp-block-heading\" id=\"h-cleaning-and-maintenance\">Nettoyage et entretien de remplisseuse de liquide semi-automatique<\/h2>    <ol class=\"wp-block-list\"><li>Avant de nettoyer la machine de remplissage de liquide semi-automatique. Vous devez nettoyer les mati\u00e8res liquides restantes dans la machine. Remplissez ensuite le r\u00e9servoir de liquide de nettoyage. Vous feriez mieux d\u2019utiliser de l\u2019eau ti\u00e8de, de l\u2019alcool, de l\u2019eau savonneuse ou d\u2019autres liquides de nettoyage si n\u00e9cessaire\u00a0;<\/li><li> Lors du nettoyage, assurez-vous que le joint torique est correctement install\u00e9. Allumez ensuite la machine et laissez-la circuler jusqu'\u00e0 ce que toutes les parties en contact avec le mat\u00e9riau soient soigneusement nettoy\u00e9es. Il s'agit notamment des cylindres \u00e0 piston, des t\u00eates de piston, des joints toriques, des valves unidirectionnelles, des t\u00eates de remplissage, des barils, des tr\u00e9mies, etc.<\/li><li>Nettoyez toutes les bagues d'\u00e9tanch\u00e9it\u00e9 de cette remplisseuse semi-automatique. Vous devez nettoyer le joint torique du piston et la bague d'\u00e9tanch\u00e9it\u00e9 plate de la valve. De plus, remplacez la bague d'\u00e9tanch\u00e9it\u00e9 fissur\u00e9e et endommag\u00e9e.<\/li><\/ol>    <h2 class=\"wp-block-heading\" id=\"h-shipment\">Pr\u00eat pour l'exp\u00e9dition <\/h2>    <p class=\"translation-block\">Toutes les <a href=\"https:\/\/taizypackaging.com\/fr\/liquid-pouch-packing-machine\/\">machines de conditionnement liquide<\/a> sont envelopp\u00e9es dans un film plastique avant l'emballage. Cela \u00e9vitera l'humidit\u00e9 en mer. Les machines sont plac\u00e9es dans un caisson en bois exempt de fumigation, doubl\u00e9 de fil m\u00e9tallique si n\u00e9cessaire. Toutes les machines subissent des contr\u00f4les stricts avant l'exp\u00e9dition. Et nous prendrons des vid\u00e9os et des photos de l'exp\u00e9dition pour vous.<\/p>    <figure class=\"wp-block-image size-large\"><img decoding=\"async\" src=\"https:\/\/taizypackaging.com\/wp-content\/uploads\/2021\/06\/shipment-1.jpg\" alt=\"machines de remplissage de liquides pr\u00eates \u00e0 \u00eatre exp\u00e9di\u00e9es\" class=\"wp-image-2183\"\/><figcaption>machines de remplissage de liquides pr\u00eates \u00e0 \u00eatre exp\u00e9di\u00e9es<\/figcaption><\/figure>    <h2 class=\"wp-block-heading\" id=\"h-q-a\">Questions et r\u00e9ponses<\/h2>    <ol class=\"wp-block-list\"><li>Quel est le prix de la remplisseuse de liquide semi-automatique ?<br>Tous les types de machines de remplissage peuvent \u00eatre personnalis\u00e9s, les prix sont donc \u00e9galement diff\u00e9rents. Nous d\u00e9terminerons le prix final en fonction des d\u00e9tails.<\/li><li>Quel liquide peut-on remplir ?<br>Liquides relativement fluides, jus, boissons, lait, th\u00e9, d\u00e9tergent \u00e0 lessive, eau et autres mati\u00e8res liquides.<\/li><li>Quel type d\u2019emballage le liquide de remplissage utilise-t-il ?<br>Diff\u00e9rents types d'emballages tels que des sacs et des bouteilles en plastique peuvent \u00eatre utilis\u00e9s. Habituellement, la forme en bouteille est plus courante.<\/li><li>Combien de mat\u00e9riaux peuvent \u00eatre emball\u00e9s ?<br>Il existe huit mod\u00e8les de machines de conditionnement de liquides semi-automatiques. Le volume d'emballage varie de 5 \u00e0 5 000 ml.<\/li><\/ol>","protected":false},"excerpt":{"rendered":"<p>Semi automatic liquid filling machine is a low-cost liquid packaging tool. It is quite ideal liquid filling equipment for small business. A manual liquid filling machine is widely used in the beverage, cosmetics and chemical industry. This kind of small table top liquid filling machine is suitable for bags, bottles, and cans. With a simple [&hellip;]<\/p>\n","protected":false},"author":1,"featured_media":2026,"parent":0,"template":"","tags":[75,255,257,582],"product-type":[661],"class_list":["post-1985","product","type-product","status-publish","has-post-thumbnail","hentry","tag-bottle-filling-machine","tag-liquid-filler","tag-liquid-filling-machine","tag-liquid-pouch-filling-machine","product-type-liquid-packing-machines"],"_links":{"self":[{"href":"https:\/\/taizypackaging.com\/fr\/wp-json\/wp\/v2\/product\/1985","targetHints":{"allow":["GET"]}}],"collection":[{"href":"https:\/\/taizypackaging.com\/fr\/wp-json\/wp\/v2\/product"}],"about":[{"href":"https:\/\/taizypackaging.com\/fr\/wp-json\/wp\/v2\/types\/product"}],"author":[{"embeddable":true,"href":"https:\/\/taizypackaging.com\/fr\/wp-json\/wp\/v2\/users\/1"}],"wp:featuredmedia":[{"embeddable":true,"href":"https:\/\/taizypackaging.com\/fr\/wp-json\/wp\/v2\/media\/2026"}],"wp:attachment":[{"href":"https:\/\/taizypackaging.com\/fr\/wp-json\/wp\/v2\/media?parent=1985"}],"wp:term":[{"taxonomy":"post_tag","embeddable":true,"href":"https:\/\/taizypackaging.com\/fr\/wp-json\/wp\/v2\/tags?post=1985"},{"taxonomy":"product-type","embeddable":true,"href":"https:\/\/taizypackaging.com\/fr\/wp-json\/wp\/v2\/product-type?post=1985"}],"curies":[{"name":"wp","href":"https:\/\/api.w.org\/{rel}","templated":true}]}}