{"id":2003,"date":"2021-05-28T10:46:43","date_gmt":"2021-05-28T10:46:43","guid":{"rendered":"https:\/\/taizypackaging.com\/?p=2003"},"modified":"2023-10-24T17:03:47","modified_gmt":"2023-10-24T09:03:47","slug":"semi-automatic-paste-filling-machine","status":"publish","type":"product","link":"https:\/\/taizypackaging.com\/fr\/semi-automatic-paste-filling-machine\/","title":{"rendered":"Machine de remplissage de p\u00e2te"},"content":{"rendered":"<div class=\"kk-star-ratings kksr-auto kksr-align-left kksr-valign-top\"     data-payload='{&quot;align&quot;:&quot;left&quot;,&quot;id&quot;:&quot;2003&quot;,&quot;slug&quot;:&quot;default&quot;,&quot;valign&quot;:&quot;top&quot;,&quot;ignore&quot;:&quot;&quot;,&quot;reference&quot;:&quot;auto&quot;,&quot;class&quot;:&quot;&quot;,&quot;count&quot;:&quot;20&quot;,&quot;legendonly&quot;:&quot;&quot;,&quot;readonly&quot;:&quot;&quot;,&quot;score&quot;:&quot;4.6&quot;,&quot;starsonly&quot;:&quot;&quot;,&quot;best&quot;:&quot;5&quot;,&quot;gap&quot;:&quot;5&quot;,&quot;greet&quot;:&quot;Rate this product&quot;,&quot;legend&quot;:&quot;4.6\\\/5 - (20 votes)&quot;,&quot;size&quot;:&quot;24&quot;,&quot;title&quot;:&quot;Paste Filling Machine&quot;,&quot;width&quot;:&quot;130.9&quot;,&quot;_legend&quot;:&quot;{score}\\\/{best} - ({count} {votes})&quot;,&quot;font_factor&quot;:&quot;1.25&quot;}'>              <div class=\"kksr-stars\">      <div class=\"kksr-stars-inactive\">             <div class=\"kksr-star\" data-star=\"1\" style=\"padding-right: 5px\">               <div class=\"kksr-icon\" style=\"width: 24px; height: 24px;\"><\/div>         <\/div>             <div class=\"kksr-star\" data-star=\"2\" style=\"padding-right: 5px\">               <div class=\"kksr-icon\" style=\"width: 24px; height: 24px;\"><\/div>         <\/div>             <div class=\"kksr-star\" data-star=\"3\" style=\"padding-right: 5px\">               <div class=\"kksr-icon\" style=\"width: 24px; height: 24px;\"><\/div>         <\/div>             <div class=\"kksr-star\" data-star=\"4\" style=\"padding-right: 5px\">               <div class=\"kksr-icon\" style=\"width: 24px; height: 24px;\"><\/div>         <\/div>             <div class=\"kksr-star\" data-star=\"5\" style=\"padding-right: 5px\">               <div class=\"kksr-icon\" style=\"width: 24px; height: 24px;\"><\/div>         <\/div>     <\/div>      <div class=\"kksr-stars-active\" style=\"width: 130.9px;\">             <div class=\"kksr-star\" style=\"padding-right: 5px\">               <div class=\"kksr-icon\" style=\"width: 24px; height: 24px;\"><\/div>         <\/div>             <div class=\"kksr-star\" style=\"padding-right: 5px\">               <div class=\"kksr-icon\" style=\"width: 24px; height: 24px;\"><\/div>         <\/div>             <div class=\"kksr-star\" style=\"padding-right: 5px\">               <div class=\"kksr-icon\" style=\"width: 24px; height: 24px;\"><\/div>         <\/div>             <div class=\"kksr-star\" style=\"padding-right: 5px\">               <div class=\"kksr-icon\" style=\"width: 24px; height: 24px;\"><\/div>         <\/div>             <div class=\"kksr-star\" style=\"padding-right: 5px\">               <div class=\"kksr-icon\" style=\"width: 24px; height: 24px;\"><\/div>         <\/div>     <\/div> <\/div>                   <div class=\"kksr-legend\" style=\"font-size: 19.2px;\">             4,6\/5 - (20 votes)    <\/div>     <\/div>  <p class=\"translation-block\"><strong>La machine de remplissage de p\u00e2te<\/strong> est con\u00e7ue et fabriqu\u00e9e pour manipuler divers produits en p\u00e2te, tels que la p\u00e2te de tomate, le dentifrice, le miel, la sauce, le ketchup, le d\u00e9sinfectant pour les mains, etc. Elle a une petite taille. De plus, avec une structure simple et un bon design, une <strong>machine de remplissage de p\u00e2te semi-automatique<\/strong> est tr\u00e8s facile \u00e0 utiliser et \u00e0 entretenir. De plus, le faible co\u00fbt et les grandes performances b\u00e9n\u00e9ficieront grandement \u00e0 votre projet. En tant que fabricant et fournisseur de machines de remplissage de premier plan, nous proposons des machines de remplissage de p\u00e2te standard et sur mesure \u00e0 vendre. Nous fournissons \u00e9galement divers \u00e9quipements de soutien pour r\u00e9pondre \u00e0 vos besoins, comme un d\u00e9sassembleur de bouteilles, une machine de capsulage, une machine de scellage, une machine d'\u00e9tiquetage, une machine de codage, etc. Envoyez un message pour commencer votre entreprise r\u00e9ussie. <\/p>   <figure class=\"wp-block-embed-youtube wp-block-embed is-type-video is-provider-youtube wp-embed-aspect-16-9 wp-has-aspect-ratio\"><div class=\"lyte-wrapper fourthree\" title=\"Machine de remplissage semi-automatique de beurre de cacahu\u00e8te | Machine de remplissage de p\u00e2te manuelle\" style=\"width:960px;max-width:100%;margin:5px auto;\"><div class=\"lyMe hidef\" id=\"WYL_yt5JE0PnNjo\" itemprop=\"video\" itemscope itemtype=\"https:\/\/schema.org\/VideoObject\"><div><meta itemprop=\"thumbnailUrl\" content=\"https:\/\/taizypackaging.com\/wp-content\/plugins\/wp-youtube-lyte\/lyteCache.php?origThumbUrl=https%3A%2F%2Fi.ytimg.com%2Fvi%2Fyt5JE0PnNjo%2Fhqdefault.jpg\" \/><meta itemprop=\"embedURL\" content=\"https:\/\/www.youtube.com\/embed\/yt5JE0PnNjo\" \/><meta itemprop=\"duration\" content=\"PT1M11S\" \/><meta itemprop=\"uploadDate\" content=\"2021-06-11T10:06:47Z\" \/><\/div><meta itemprop=\"accessibilityFeature\" content=\"captions\" \/><div id=\"lyte_yt5JE0PnNjo\" data-src=\"https:\/\/taizypackaging.com\/wp-content\/plugins\/wp-youtube-lyte\/lyteCache.php?origThumbUrl=https%3A%2F%2Fi.ytimg.com%2Fvi%2Fyt5JE0PnNjo%2Fhqdefault.jpg\" class=\"pL\"><div class=\"tC\"><div class=\"tT\" itemprop=\"name\">Machine de remplissage semi-automatique de beurre de cacahu\u00e8te | Machine de remplissage de p\u00e2te manuelle<\/div><\/div><div class=\"play\"><\/div><div class=\"ctrl\"><div class=\"Lctrl\"><\/div><div class=\"Rctrl\"><\/div><\/div><\/div><noscript><a href=\"https:\/\/youtu.be\/yt5JE0PnNjo\" rel=\"nofollow noopener\" target=\"_blank\"><img loading=\"lazy\" decoding=\"async\" src=\"https:\/\/taizypackaging.com\/wp-content\/plugins\/wp-youtube-lyte\/lyteCache.php?origThumbUrl=https%3A%2F%2Fi.ytimg.com%2Fvi%2Fyt5JE0PnNjo%2F0.jpg\" alt=\"Machine de remplissage semi-automatique de beurre de cacahu\u00e8te | Machine de remplissage de p\u00e2te manuelle\" width=\"960\" height=\"700\" \/><br \/>Watch this video on YouTube<\/a><\/noscript><meta itemprop=\"description\" content=\"Whatsapp\/Wechat\/Tel:+86 19139754781 Website: https:\/\/taizypackaging.com\/semi-automatic-paste-filling-machine\/ The semi-automatic paste filling machine has a perfect function for filling various kinds of paste. It can fill paste in bags or bottles efficiently. It is suitable for filling tomato paste, peanut butter, miso, gelatin. shampoo, cosmetics, cleaning products, detergents, sauces, etc. Website: https:\/\/taizypackaging.com\/semi-automatic-paste-filling-machine\/ Whatsapp\/Wechat\/Tel:+86 19139754781 Welcome to contact me for more details.\"><\/div><\/div><div class=\"lL\" style=\"max-width:100%;width:960px;margin:5px auto;\"><\/div><figcaption><\/figcaption><\/figure>   <h2 class=\"wp-block-heading\" id=\"what-is-a-paste-flling-machine\">Qu'est-ce qu'une remplisseuse de p\u00e2te ? <\/h2>    <p>La machine de remplissage de p\u00e2te semi-automatique convient au remplissage de toutes sortes de p\u00e2tes. C'est une petite machine de remplissage. Vous pouvez utiliser une bouteille ou un sac pour contenir la p\u00e2te. La pr\u00e9cision de remplissage atteint \u00b11%. Lors du remplissage, la t\u00eate de remplissage est \u00e9tendue dans la bouteille pour emp\u00eacher les \u00e9claboussures de liquide, et la buse de remplissage monte progressivement avec le niveau de liquide. De plus, la t\u00eate de remplissage est dot\u00e9e d'un dispositif de verrouillage sp\u00e9cial pour emp\u00eacher la buse de remplissage de couler apr\u00e8s le remplissage. Cette m\u00e9thode de remplissage est tr\u00e8s adapt\u00e9e au remplissage de p\u00e2te par les petites et moyennes entreprises. Que ce soit pour le prix ou la fonctionnalit\u00e9, c'est toujours le meilleur choix.<\/p>    <h2 class=\"wp-block-heading\" id=\"h-application-field-of-semi-automatic-paste-packaging-machine\">Applications larges de la machine de remplissage de p\u00e2te manuelle<\/h2>    <p>La machine de remplissage de p\u00e2te manuelle est principalement utilis\u00e9e dans les industries alimentaires, chimiques quotidiennes, m\u00e9dicales et sp\u00e9ciales. Il peut \u00eatre utilis\u00e9 pour manipuler du miel, du beurre, du dentifrice, de la p\u00e2te de tomate, de la sauce chili, du beurre de cacahu\u00e8te, du shampoing, du d\u00e9sinfectant pour les mains, de la sauce \u00e0 l'ail, des cr\u00e8mes, des d\u00e9tergents, des apr\u00e8s-shampooings, de la colle, des cosm\u00e9tiques et d'autres p\u00e2tes. Le volume de remplissage et la vitesse de remplissage sont r\u00e9glables. Cette machine est semi-automatique et n\u00e9cessite de r\u00e9cup\u00e9rer manuellement la p\u00e2te en sortie avec les sacs, bouteilles ou canettes. L'ensemble du processus est facile \u00e0 utiliser et la vitesse de remplissage de la machine est \u00e9galement tr\u00e8s rapide et pr\u00e9cise.<\/p>    <figure class=\"wp-block-image size-full\"><img decoding=\"async\" src=\"https:\/\/taizypackaging.com\/wp-content\/uploads\/2021\/05\/paste-filling-machine-applications.jpg\" alt=\"applications de machine de remplissage de p\u00e2te\" class=\"wp-image-4052\"\/><figcaption class=\"wp-element-caption\">applications de machine de remplissage de p\u00e2te<\/figcaption><\/figure>    <h2 class=\"wp-block-heading\" id=\"h-working-process-of-semi-automatic-paste-filling-machine\">Processus de travail de la machine de remplissage de p\u00e2te manuelle<\/h2>    <p>Tout d\u2019abord, le mat\u00e9riau doit \u00eatre mis dans la tr\u00e9mie. Deuxi\u00e8mement, vous devez ajuster le cylindre pour d\u00e9finir le volume de remplissage dont vous avez besoin. Troisi\u00e8mement, r\u00e9glez la vitesse de remplissage de la p\u00e2te et commencez \u00e0 remplir. Lors du remplissage de la p\u00e2te, vous pouvez choisir de terminer le prochain remplissage par le bouton manuel apr\u00e8s avoir rempli un produit. Vous pouvez \u00e9galement r\u00e9gler la vitesse de remplissage et allumer l'interrupteur. Et la machine terminera automatiquement le prochain remplissage.<\/p>    <h2 class=\"wp-block-heading\" id=\"h-machine-details-display-and-introduction\">Affichage et introduction des d\u00e9tails de la machine<\/h2>    <ol class=\"wp-block-list\"> <li><strong>Structure en acier inoxydable<\/strong> <br>La machine de remplissage de liquide semi-automatique et la partie de contact avec le mat\u00e9riau adoptent une structure en acier inoxydable 304. Ce mat\u00e9riau est conforme aux normes GMP.<\/li>    <li><strong>Tr\u00e9mie de grande capacit\u00e9<\/strong><br>La tr\u00e9mie permet \u00e0 la machine de remplissage de fonctionner de mani\u00e8re continue et efficace. Il est fabriqu\u00e9 en acier inoxydable de qualit\u00e9 alimentaire. La tr\u00e9mie fonctionne bien avec la machine de remplissage de p\u00e2te manuelle, diff\u00e9rente de <a rel=\"noreferrer noopener\" href=\"https:\/\/taizypackaging.com\/fr\/fully-automatic-paste-filling-machine-for-100-5000ml\/\" target=\"_blank\">machine de remplissage de p\u00e2te enti\u00e8rement automatique<\/a>.<\/li>    <li><strong>Buse anti-goutte et vanne rotative <\/strong><br>La buse de sortie est anti-goutte. Cet appareil est facile \u00e0 d\u00e9monter et \u00e0 remplacer. La vanne rotative contr\u00f4le le processus de transfert de la p\u00e2te. Il n'est pas facile de se boucher et ne coule pas.<\/li>    <li><strong>Cylindre<\/strong> <br>Le cylindre a une forte puissance et une pression d'air stable, ce qui peut bien soutenir le processus de remplissage. Vous pouvez r\u00e9gler le bouton pour contr\u00f4ler la vitesse de travail et la vitesse de remplissage de la bouteille de gaz.<\/li>    <li><strong>Manom\u00e8tre de pression d'air avanc\u00e9 et poign\u00e9e rotative <br><\/strong>Un manom\u00e8tre est utilis\u00e9 pour surveiller avec pr\u00e9cision les changements de pression atmosph\u00e9rique. Le volume de remplissage peut \u00eatre ajust\u00e9 en tournant la poign\u00e9e.<\/li> <\/ol>    <figure class=\"wp-block-image size-large\"><img loading=\"lazy\" decoding=\"async\" width=\"1024\" height=\"512\" src=\"https:\/\/taizypackaging.com\/wp-content\/uploads\/2021\/05\/structure-of-the-semi-automatic-paste-filling-machine-1-1024x512.jpg\" alt=\"structure de la machine de remplissage de p\u00e2te semi-automatique\" class=\"wp-image-2020\" srcset=\"https:\/\/taizypackaging.com\/wp-content\/uploads\/2021\/05\/structure-of-the-semi-automatic-paste-filling-machine-1-1024x512.jpg 1024w, https:\/\/taizypackaging.com\/wp-content\/uploads\/2021\/05\/structure-of-the-semi-automatic-paste-filling-machine-1-300x150.jpg 300w, https:\/\/taizypackaging.com\/wp-content\/uploads\/2021\/05\/structure-of-the-semi-automatic-paste-filling-machine-1-768x384.jpg 768w, https:\/\/taizypackaging.com\/wp-content\/uploads\/2021\/05\/structure-of-the-semi-automatic-paste-filling-machine-1.jpg 1080w\" sizes=\"auto, (max-width: 1024px) 100vw, 1024px\" \/><figcaption class=\"wp-element-caption\">structure de la machine de remplissage de p\u00e2te semi-automatique<\/figcaption><\/figure>    <h2 class=\"wp-block-heading\" id=\"h-technical-parameters-of-the-filling-machine\">Param\u00e8tres techniques de la machine de remplissage de p\u00e2te quantitative<\/h2>    <p>(Prenez le Mode 500 par exemple, et les autres param\u00e8tres sont les m\u00eames)<\/p>    <figure class=\"wp-block-table is-style-stripes\"><table><tbody><tr><td>mod\u00e8le<\/td><td>500 (8 mod\u00e8les au total)<\/td><\/tr><tr><td>Un mat\u00e9riau de remplissage<\/td><td>P\u00e2te<\/td><\/tr><tr><td>Plage de remplissage<\/td><td>50-500ML (8 gammes au total)<\/td><\/tr><tr><td>\u00c9quip\u00e9 d'une pression d'air<\/td><td>0,4-0,6MPa<\/td><\/tr><tr><td>port\u00e9e de tol\u00e9rance|<\/td><td>0.50%<\/td><\/tr><tr><td>T\u00eate de remplissage<\/td><td>C\u00e9libataire<\/td><\/tr><\/tbody><\/table><\/figure>    <h2 class=\"wp-block-heading\" id=\"h-working-principle-of-semi-automatic-paste-filling-machine\">Principe de fonctionnement de la machine de remplissage de p\u00e2te semi-automatique<\/h2>    <p>La remplisseuse de p\u00e2te semi-automatique est une remplisseuse automatique \u00e0 piston. Il utilise le principe \u00e0 trois voies d'un piston et d'une vanne rotative entra\u00een\u00e9e par un cylindre pour extraire et \u00e9jecter les mat\u00e9riaux \u00e0 haute concentration. La machine de remplissage de p\u00e2te semi-automatique utilise un interrupteur magn\u00e9tique \u00e0 lames pour contr\u00f4ler la course du cylindre afin d'ajuster le volume de remplissage.<br>La vitesse de remplissage de la machine de remplissage de p\u00e2te peut \u00eatre r\u00e9alis\u00e9e en ajustant le papillon des gaz.<\/p>    <figure class=\"wp-block-image size-large\"><img loading=\"lazy\" decoding=\"async\" width=\"1024\" height=\"381\" src=\"https:\/\/taizypackaging.com\/wp-content\/uploads\/2021\/05\/machine-details-1024x381.jpg\" alt=\"d\u00e9tails de la machine de remplissage de p\u00e2te\" class=\"wp-image-2023\" srcset=\"https:\/\/taizypackaging.com\/wp-content\/uploads\/2021\/05\/machine-details-1024x381.jpg 1024w, https:\/\/taizypackaging.com\/wp-content\/uploads\/2021\/05\/machine-details-300x112.jpg 300w, https:\/\/taizypackaging.com\/wp-content\/uploads\/2021\/05\/machine-details-768x286.jpg 768w, https:\/\/taizypackaging.com\/wp-content\/uploads\/2021\/05\/machine-details-jpg.webp 1080w\" sizes=\"auto, (max-width: 1024px) 100vw, 1024px\" \/><figcaption class=\"wp-element-caption\">d\u00e9tails de la machine de remplissage de p\u00e2te<\/figcaption><\/figure>    <h2 class=\"wp-block-heading\" id=\"h-advantages-of-semi-automatic-paste-filling-machine\">Avantages remarquables de la machine de remplissage de p\u00e2te<\/h2>    <p>1. Gr\u00e2ce au contr\u00f4le pneumatique et au positionnement m\u00e9canique, la pr\u00e9cision de remplissage est \u00e9lev\u00e9e. La pr\u00e9cision de remplissage peut atteindre + -1%.<br>2. Structure simple et bonne conception, facile \u00e0 utiliser et \u00e0 entretenir.<br>3. Avec fonctionnement manuel et pneumatique.<br>4. Utilisez des composants pneumatiques et de haute qualit\u00e9.<br>5. Facile \u00e0 d\u00e9monter et \u00e0 installer, facile \u00e0 nettoyer.<\/p>    <h2 class=\"wp-block-heading\" id=\"h-factors-affecting-the-work-of-semi-automatic-paste-filling-machine\">Facteurs affectant les performances de la machine de remplissage de p\u00e2te semi-automatique<\/h2>    <ol class=\"wp-block-list\"> <li>La pr\u00e9cision de remplissage de la machine de remplissage de p\u00e2te semi-automatique est affect\u00e9e par de nombreux facteurs. L'influence de la stabilit\u00e9 de la pression atmosph\u00e9rique, de l'uniformit\u00e9 du mat\u00e9riau, de la vitesse de remplissage, etc.<\/li>    <li>La vitesse de remplissage de la machine de remplissage de p\u00e2te semi-automatique sera affect\u00e9e par la viscosit\u00e9 du mat\u00e9riau, la course du cylindre, la taille de la buse de remplissage et la comp\u00e9tence de l'op\u00e9rateur.<\/li>    <li>Cette machine dispose de deux m\u00e9thodes de remplissage : \u00e0 p\u00e9dale et automatique. Les deux m\u00e9thodes de remplissage peuvent \u00eatre commut\u00e9es \u00e0 volont\u00e9.<\/li>    <li>La vanne rotative utilis\u00e9e dans cette machine est en t\u00e9trafluoro\u00e9thyl\u00e8ne r\u00e9sistant \u00e0 l'usure, aux acides et aux temp\u00e9ratures \u00e9lev\u00e9es.<\/li>    <li>Ne frappez pas et n'entrez pas en collision \u00e0 volont\u00e9 pendant le nettoyage. Si l'op\u00e9ration est incorrecte, cela affectera la dur\u00e9e de vie de la machine.<\/li> <\/ol>    <figure class=\"wp-block-image size-full\"><img decoding=\"async\" src=\"https:\/\/taizypackaging.com\/wp-content\/uploads\/2021\/05\/paste-filling-machine-factory.jpg\" alt=\"usine de machine de remplissage de p\u00e2te\" class=\"wp-image-3638\"\/><figcaption class=\"wp-element-caption\">usine de machine de remplissage de p\u00e2te<\/figcaption><\/figure>    <h2 class=\"wp-block-heading\" id=\"h-filling-volume-range-and-method-of-adjustment\">Plage de volume de remplissage et m\u00e9thode de r\u00e9glage<\/h2>    <p class=\"translation-block\">Il y a au total 8 modes de machines de remplissage de p\u00e2te dans la soci\u00e9t\u00e9 <a href=\"https:\/\/taizypackaging.com\/fr\/\">Taizy Packaging Machinery<\/a>. Leurs param\u00e8tres techniques d\u00e9taill\u00e9s se trouvent dans la derni\u00e8re partie de ce passage. Leur plage de volume de remplissage est la suivante.<\/p>    <h3 class=\"wp-block-heading\" id=\"h-filling-volume-range\">Donn\u00e9es de plage de volume de remplissage<\/h3>    <figure class=\"wp-block-table\"><table><tbody><tr><td>Mode50<\/td><td>5-50ML &nbsp;&nbsp;&nbsp;&nbsp;&nbsp;&nbsp;&nbsp;<\/td><\/tr><tr><td>Mode100<\/td><td>10-100ML<\/td><\/tr><tr><td>Mode300<\/td><td>30-300ML<\/td><\/tr><tr><td>Mode500<\/td><td>50-500ML<\/td><\/tr><tr><td>Mode1000<\/td><td>100-1000ML<\/td><\/tr><tr><td>Mode2500<\/td><td>250-2500ML<\/td><\/tr><tr><td>Mode3000<\/td><td>300-3000ML<\/td><\/tr><tr><td>Mode5000<\/td><td>500-5000ML<\/td><\/tr><\/tbody><\/table><\/figure>    <figure class=\"wp-block-image size-large\"><img loading=\"lazy\" decoding=\"async\" width=\"720\" height=\"540\" src=\"https:\/\/taizypackaging.com\/wp-content\/uploads\/2021\/05\/different-models.jpg\" alt=\"diff\u00e9rents mod\u00e8les\" class=\"wp-image-2019\" srcset=\"https:\/\/taizypackaging.com\/wp-content\/uploads\/2021\/05\/different-models.jpg 720w, https:\/\/taizypackaging.com\/wp-content\/uploads\/2021\/05\/different-models-300x225.jpg 300w\" sizes=\"auto, (max-width: 720px) 100vw, 720px\" \/><figcaption class=\"wp-element-caption\">diff\u00e9rents mod\u00e8les<\/figcaption><\/figure>    <h3 class=\"wp-block-heading\" id=\"h-method-of-adjustment\">M\u00e9thode de r\u00e9glage<\/h3>    <p>Vous devez r\u00e9gler le volume de p\u00e2te en fonction de l'\u00e9chelle de la pompe \u00e0 p\u00e2te. Vous pouvez utiliser une balance \u00e9lectronique pour v\u00e9rifier que le poids que vous avez d\u00e9fini est correct. La densit\u00e9 de la p\u00e2te \u00e9tant diff\u00e9rente, vous devez l\u2019ajuster en fonction du poids de la p\u00e2te que vous souhaitez emballer. Si l'emballage utilise un comptage de volume, ajustez simplement l'\u00e9chelle de la pompe \u00e0 p\u00e2te directement.<\/p>    <h2 class=\"wp-block-heading\" id=\"h-two-types-of-hopper\">Deux types de tr\u00e9mie d'\u00e9quipement de remplissage de p\u00e2te<\/h2>    <h3 class=\"wp-block-heading\" id=\"h-vertical-hopper\"> Tr\u00e9mie verticale<\/h3>    <p>La tr\u00e9mie en forme de c\u00f4ne convient au conditionnement de toutes sortes de p\u00e2tes. Si vous avez besoin de conditionner de la p\u00e2te avec des granul\u00e9s, nous configurerons un m\u00e9langeur pour la tr\u00e9mie de la machine. Cela peut rendre le remplissage de p\u00e2te plus uniforme.<\/p>    <figure class=\"wp-block-image size-large\"><img decoding=\"async\" src=\"https:\/\/taizypackaging.com\/wp-content\/uploads\/2021\/05\/cone-hopper.jpg\" alt=\"tr\u00e9mie \u00e0 c\u00f4ne\" class=\"wp-image-2016\"\/><figcaption class=\"wp-element-caption\">tr\u00e9mie \u00e0 c\u00f4ne<\/figcaption><\/figure>    <h3 class=\"wp-block-heading\" id=\"h-u-shaped-hopper\">Tr\u00e9mie en U<\/h3>    <p>La tr\u00e9mie en forme de U est plus adapt\u00e9e au conditionnement de p\u00e2te granulaire. Gr\u00e2ce au volume et \u00e0 la forme de la tr\u00e9mie en forme de U, la p\u00e2te contenant des particules peut \u00eatre m\u00e9lang\u00e9e plus uniform\u00e9ment. Ce type de tr\u00e9mie peut efficacement \u00e9viter le d\u00e9p\u00f4t de particules et le remplissage in\u00e9gal de la p\u00e2te.<\/p>    <figure class=\"wp-block-image size-large\"><img decoding=\"async\" src=\"https:\/\/taizypackaging.com\/wp-content\/uploads\/2021\/05\/U-shaped-hopper.jpg\" alt=\"Tr\u00e9mie en U\" class=\"wp-image-2017\"\/><figcaption class=\"wp-element-caption\">Tr\u00e9mie en U<\/figcaption><\/figure>    <h2 class=\"wp-block-heading\" id=\"h-q-a\">Questions et r\u00e9ponses sur la remplisseuse de p\u00e2te manuelle Taizy <\/h2>    <ol class=\"wp-block-list\"> <li>Comment r\u00e9gler la vitesse de remplissage ?<br>Vous pouvez r\u00e9gler le bouton pour contr\u00f4ler la vitesse de remplissage de la bouteille de gaz.<\/li>    <li>La p\u00e2te avec des particules peut-elle \u00eatre emball\u00e9e ?<br>Oui. Nous \u00e9quiperons la machine d'un agitateur. Cela peut emp\u00eacher l\u2019accumulation de mat\u00e9riaux et les pr\u00e9cipitations.<\/li>    <li>Comment nettoyer la machine de remplissage de p\u00e2te ?<br>Nettoyez la machine de remplissage avec de l'eau. Il n'est pas n\u00e9cessaire de d\u00e9monter l'appareil. Si vous rencontrez des probl\u00e8mes lors du nettoyage, vous pouvez contacter nos techniciens \u00e0 tout moment.<\/li>    <li>Les mat\u00e9riaux stock\u00e9s dans le cylindre de la machine de remplissage seront-ils endommag\u00e9s ?<br>Non. Le mat\u00e9riau entre dans la machine de remplissage et se trouve dans un environnement sous vide. Il n\u2019est pas en contact avec l\u2019air, il ne se brisera donc pas.<\/li>    <li>Comment r\u00e9gler le volume de remplissage ?<br>Le volume de remplissage peut \u00eatre ajust\u00e9 en tournant la poign\u00e9e.<\/li> <\/ol>","protected":false},"excerpt":{"rendered":"<p>Paste filling machine is designed and manufactured for handling various paste products, such as tomato paste, toothpaste, honey, sauce, ketchup, hand sanitizer, etc. It has a small size. Besides, with a simple structure and good design, a semi automatic paste filling machine is very easy to operate and maintain. Moreover, low cost and great performance [&hellip;]<\/p>\n","protected":false},"author":1,"featured_media":2013,"parent":0,"template":"","tags":[579,581,580],"product-type":[662],"class_list":["post-2003","product","type-product","status-publish","has-post-thumbnail","hentry","tag-paste-filling-machine","tag-tomato-paste-filling-machine","tag-toothpaste-filling-machine","product-type-paste-packing-machines"],"_links":{"self":[{"href":"https:\/\/taizypackaging.com\/fr\/wp-json\/wp\/v2\/product\/2003","targetHints":{"allow":["GET"]}}],"collection":[{"href":"https:\/\/taizypackaging.com\/fr\/wp-json\/wp\/v2\/product"}],"about":[{"href":"https:\/\/taizypackaging.com\/fr\/wp-json\/wp\/v2\/types\/product"}],"author":[{"embeddable":true,"href":"https:\/\/taizypackaging.com\/fr\/wp-json\/wp\/v2\/users\/1"}],"wp:featuredmedia":[{"embeddable":true,"href":"https:\/\/taizypackaging.com\/fr\/wp-json\/wp\/v2\/media\/2013"}],"wp:attachment":[{"href":"https:\/\/taizypackaging.com\/fr\/wp-json\/wp\/v2\/media?parent=2003"}],"wp:term":[{"taxonomy":"post_tag","embeddable":true,"href":"https:\/\/taizypackaging.com\/fr\/wp-json\/wp\/v2\/tags?post=2003"},{"taxonomy":"product-type","embeddable":true,"href":"https:\/\/taizypackaging.com\/fr\/wp-json\/wp\/v2\/product-type?post=2003"}],"curies":[{"name":"wp","href":"https:\/\/api.w.org\/{rel}","templated":true}]}}