{"id":2053,"date":"2021-06-05T08:02:24","date_gmt":"2021-06-05T08:02:24","guid":{"rendered":"https:\/\/taizypackaging.com\/?p=2053"},"modified":"2024-07-16T17:54:44","modified_gmt":"2024-07-16T09:54:44","slug":"fully-automatic-paste-filling-machine-for-100-5000ml","status":"publish","type":"product","link":"https:\/\/taizypackaging.com\/fr\/fully-automatic-paste-filling-machine-for-100-5000ml\/","title":{"rendered":"Machine de remplissage automatique de p\u00e2te"},"content":{"rendered":"<div class=\"kk-star-ratings kksr-auto kksr-align-left kksr-valign-top\"     data-payload='{&quot;align&quot;:&quot;left&quot;,&quot;id&quot;:&quot;2053&quot;,&quot;slug&quot;:&quot;default&quot;,&quot;valign&quot;:&quot;top&quot;,&quot;ignore&quot;:&quot;&quot;,&quot;reference&quot;:&quot;auto&quot;,&quot;class&quot;:&quot;&quot;,&quot;count&quot;:&quot;15&quot;,&quot;legendonly&quot;:&quot;&quot;,&quot;readonly&quot;:&quot;&quot;,&quot;score&quot;:&quot;4.9&quot;,&quot;starsonly&quot;:&quot;&quot;,&quot;best&quot;:&quot;5&quot;,&quot;gap&quot;:&quot;5&quot;,&quot;greet&quot;:&quot;Rate this product&quot;,&quot;legend&quot;:&quot;4.9\\\/5 - (15 votes)&quot;,&quot;size&quot;:&quot;24&quot;,&quot;title&quot;:&quot;Automatic Paste Filling Machine&quot;,&quot;width&quot;:&quot;139.6&quot;,&quot;_legend&quot;:&quot;{score}\\\/{best} - ({count} {votes})&quot;,&quot;font_factor&quot;:&quot;1.25&quot;}'>              <div class=\"kksr-stars\">      <div class=\"kksr-stars-inactive\">             <div class=\"kksr-star\" data-star=\"1\" style=\"padding-right: 5px\">               <div class=\"kksr-icon\" style=\"width: 24px; height: 24px;\"><\/div>         <\/div>             <div class=\"kksr-star\" data-star=\"2\" style=\"padding-right: 5px\">               <div class=\"kksr-icon\" style=\"width: 24px; height: 24px;\"><\/div>         <\/div>             <div class=\"kksr-star\" data-star=\"3\" style=\"padding-right: 5px\">               <div class=\"kksr-icon\" style=\"width: 24px; height: 24px;\"><\/div>         <\/div>             <div class=\"kksr-star\" data-star=\"4\" style=\"padding-right: 5px\">               <div class=\"kksr-icon\" style=\"width: 24px; height: 24px;\"><\/div>         <\/div>             <div class=\"kksr-star\" data-star=\"5\" style=\"padding-right: 5px\">               <div class=\"kksr-icon\" style=\"width: 24px; height: 24px;\"><\/div>         <\/div>     <\/div>      <div class=\"kksr-stars-active\" style=\"width: 139.6px;\">             <div class=\"kksr-star\" style=\"padding-right: 5px\">               <div class=\"kksr-icon\" style=\"width: 24px; height: 24px;\"><\/div>         <\/div>             <div class=\"kksr-star\" style=\"padding-right: 5px\">               <div class=\"kksr-icon\" style=\"width: 24px; height: 24px;\"><\/div>         <\/div>             <div class=\"kksr-star\" style=\"padding-right: 5px\">               <div class=\"kksr-icon\" style=\"width: 24px; height: 24px;\"><\/div>         <\/div>             <div class=\"kksr-star\" style=\"padding-right: 5px\">               <div class=\"kksr-icon\" style=\"width: 24px; height: 24px;\"><\/div>         <\/div>             <div class=\"kksr-star\" style=\"padding-right: 5px\">               <div class=\"kksr-icon\" style=\"width: 24px; height: 24px;\"><\/div>         <\/div>     <\/div> <\/div>                   <div class=\"kksr-legend\" style=\"font-size: 19.2px;\">             4,9\/5 - (15 votes)    <\/div>     <\/div>  <p class=\"translation-block\"><strong>Machine de remplissage automatique de p\u00e2te<\/strong> ici est un type de machine de remplissage de bouteilles. La largeur et la hauteur du convoyeur peuvent \u00eatre ajust\u00e9es pour s'adapter \u00e0 divers bouteilles. Cette <strong>machine de remplissage de p\u00e2te<\/strong> est adapt\u00e9e pour l'emballage de cr\u00e8me, de p\u00e2te de curry, de p\u00e2te de piment, de p\u00e2te alimentaire, de p\u00e2te de gingembre, de p\u00e2te de citron vert, de p\u00e2te de tomate, de sauce, etc. De plus, cette machine peut \u00eatre \u00e9quip\u00e9e d'un trieur de bouteilles, d'une machine de capsulage et d'une machine d'\u00e9tiquetage pour cr\u00e9er une ligne de remplissage de p\u00e2te enti\u00e8rement automatique. En tant que fabricant et fournisseur leader d'\u00e9quipements de remplissage de p\u00e2te en Chine, Taizy Packaging Machinery a une riche exp\u00e9rience et de solides capacit\u00e9s. N'h\u00e9sitez pas \u00e0 nous contacter pour le meilleur <strong>prix de machine de remplissage de p\u00e2te<\/strong>. <\/p>   <figure class=\"wp-block-embed-youtube wp-block-embed is-type-video is-provider-youtube wp-embed-aspect-16-9 wp-has-aspect-ratio\"><div class=\"lyte-wrapper fourthree\" title=\"Machine de remplissage automatique de p\u00e2te pour remplir la p\u00e2te de tomate, le miel, le beurre, la sauce chili\" style=\"width:960px;max-width:100%;margin:5px auto;\"><div class=\"lyMe hidef\" id=\"WYL_EwhasMp_vJI\" itemprop=\"video\" itemscope itemtype=\"https:\/\/schema.org\/VideoObject\"><div><meta itemprop=\"thumbnailUrl\" content=\"https:\/\/taizypackaging.com\/wp-content\/plugins\/wp-youtube-lyte\/lyteCache.php?origThumbUrl=https%3A%2F%2Fi.ytimg.com%2Fvi%2FEwhasMp_vJI%2Fhqdefault.jpg\" \/><meta itemprop=\"embedURL\" content=\"https:\/\/www.youtube.com\/embed\/EwhasMp_vJI\" \/><meta itemprop=\"duration\" content=\"PT2M13S\" \/><meta itemprop=\"uploadDate\" content=\"2021-06-15T02:32:56Z\" \/><\/div><meta itemprop=\"accessibilityFeature\" content=\"captions\" \/><div id=\"lyte_EwhasMp_vJI\" data-src=\"https:\/\/taizypackaging.com\/wp-content\/plugins\/wp-youtube-lyte\/lyteCache.php?origThumbUrl=https%3A%2F%2Fi.ytimg.com%2Fvi%2FEwhasMp_vJI%2Fhqdefault.jpg\" class=\"pL\"><div class=\"tC\"><div class=\"tT\" itemprop=\"name\">Machine de remplissage automatique de p\u00e2te pour remplir la p\u00e2te de tomate, le miel, le beurre, la sauce chili<\/div><\/div><div class=\"play\"><\/div><div class=\"ctrl\"><div class=\"Lctrl\"><\/div><div class=\"Rctrl\"><\/div><\/div><\/div><noscript><a href=\"https:\/\/youtu.be\/EwhasMp_vJI\" rel=\"nofollow noopener\" target=\"_blank\"><img loading=\"lazy\" decoding=\"async\" src=\"https:\/\/taizypackaging.com\/wp-content\/plugins\/wp-youtube-lyte\/lyteCache.php?origThumbUrl=https%3A%2F%2Fi.ytimg.com%2Fvi%2FEwhasMp_vJI%2F0.jpg\" alt=\"Machine de remplissage automatique de p\u00e2te pour remplir la p\u00e2te de tomate, le miel, le beurre, la sauce chili\" width=\"960\" height=\"700\" \/><br \/>Watch this video on YouTube<\/a><\/noscript><meta itemprop=\"description\" content=\"Website: https:\/\/taizypackaging.com\/fully-automatic-paste-filling-machine-for-100-5000ml\/ Whatsapp\/Wechat\/Tel:+86 19139754781 The automatic paste filling machine can complete all kinds of paste filling. The machine adopts multiple filling heads, such as a 4-head automatic filling machine, 6-head automatic filling machine, etc. The number of filling heads is customizable. This can effectively increase the filling speed of the machine. The fully automatic paste filling machine can save a lot of human resource costs. At the same time, the filling accuracy is high. Safe and hygienic filling products are welcomed by people. It can be filled with various pastes. For example sauce, jam, butter, salad dressing, ketchup, chili sauce, honey, and other viscous liquids or other materials. The machine can be customized according to customer needs. Website: https:\/\/taizypackaging.com\/fully-automatic-paste-filling-machine-for-100-5000ml\/ Whatsapp\/Wechat\/Tel:+86 19139754781\"><\/div><\/div><div class=\"lL\" style=\"max-width:100%;width:960px;margin:5px auto;\"><\/div><figcaption><\/figcaption><\/figure>   <h2 class=\"wp-block-heading\" id=\"h-a-brief-introduction-of-fully-automatic-paste-filling-machine\">Introduction de\u00a0la machine de remplissage automatique de p\u00e2te<\/h2>    <p>La machine de remplissage de p\u00e2te automatique\u00a0peut r\u00e9aliser toutes sortes de remplissage de p\u00e2te. La machine adopte plusieurs t\u00eates de remplissage, telles qu'une machine de remplissage automatique \u00e0 4 t\u00eates, une machine de remplissage automatique \u00e0 6 t\u00eates, etc. Le nombre de t\u00eates de remplissage est personnalisable. Cela peut augmenter consid\u00e9rablement la vitesse de remplissage de la machine. La\u00a0machine de remplissage de p\u00e2te enti\u00e8rement automatique\u00a0peut permettre d'\u00e9conomiser beaucoup de co\u00fbts de main-d'\u0153uvre. En m\u00eame temps, la pr\u00e9cision de remplissage est \u00e9lev\u00e9e. Les produits de remplissage s\u00fbrs et hygi\u00e9niques sont bien accueillis par les gens. En outre, nous prenons en charge un service personnalis\u00e9 pour r\u00e9pondre \u00e0 vos besoins sp\u00e9cifiques. <\/p>    <figure class=\"wp-block-image size-full\"><img decoding=\"async\" src=\"https:\/\/taizypackaging.com\/wp-content\/uploads\/2021\/06\/automatic-paste-filling-machine-3.jpg\" alt=\"machine de remplissage de p\u00e2te automatique\" class=\"wp-image-3676\"\/><figcaption class=\"wp-element-caption\">machine de remplissage de p\u00e2te automatique<\/figcaption><\/figure>    <h2 class=\"wp-block-heading\" id=\"h-application-field-of-quantitative-paste-filling-machine\">Applications de la machine de remplissage de p\u00e2te quantitative<\/h2>    <p>La\u00a0machine de remplissage quantitative de p\u00e2te\u00a0a une large gamme d'applications et convient aux exigences de remplissage de produits industriels de petite et moyenne taille. Les machines de remplissage de p\u00e2te ont de nombreuses applications dans les industries alimentaires, chimiques, cosm\u00e9tiques et pharmaceutiques, telles que la p\u00e2te de tomate, la sauce, le miel, le beurre, la sauce chili, la p\u00e2te de s\u00e9same, la p\u00e2te de b\u0153uf, le beurre de cacahu\u00e8te, le d\u00e9tergent, le d\u00e9sinfectant pour les mains, l'apr\u00e8s-shampooing, cosm\u00e9tique, colle, shampoing, etc. Et la machine de remplissage de p\u00e2te de tomate, la machine de remplissage de dentifrice, la machine de remplissage de p\u00e2te \u00e0 cr\u00e8me, la machine de remplissage de p\u00e2te de piment et d'autres machines de remplissage de sauce\u00a0sont tr\u00e8s couramment utilis\u00e9es.\u00a0Cette machine peut les remplir automatiquement.<\/p>    <figure class=\"wp-block-image size-full\"><img decoding=\"async\" src=\"https:\/\/taizypackaging.com\/wp-content\/uploads\/2021\/06\/paste-filling-machine-applications.jpg\" alt=\"applications de machine de remplissage de p\u00e2te\" class=\"wp-image-4109\"\/><figcaption class=\"wp-element-caption\">applications de machine de remplissage de p\u00e2te<\/figcaption><\/figure>    <h2 class=\"wp-block-heading\" id=\"h-machine-parameters\">Param\u00e8tres de la machine de remplissage de p\u00e2te automatique Taizy<\/h2>    <figure class=\"wp-block-table is-style-stripes\"><table><tbody><tr><td>Plage de remplissage<\/td><td>50-1000ml<\/td><\/tr><tr><td>Pouvoir<\/td><td>R\u00e9gulation de la vitesse de conversion de fr\u00e9quence<\/td><\/tr><tr><td>Source de courant<\/td><td>220 V\/50 Hz<\/td><\/tr><tr><td>Pr\u00e9cision de remplissage<\/td><td>\u00b11%<\/td><\/tr><tr><td>Vitesse de remplissage<\/td><td>2000-2400 bouteille\/heure<\/td><\/tr><tr><td>Note<\/td><td>supporte le service personnalis\u00e9<\/td><\/tr><\/tbody><\/table><\/figure>    <h2 class=\"wp-block-heading\" id=\"h-working-principle-of-fully-automatic-paste-filling-machine\">Principe de fonctionnement de la machine de remplissage automatique de p\u00e2te<\/h2>    <p>La remplisseuse automatique de p\u00e2te\u00a0est une\u00a0machine de remplissage \u00e0 piston. Il peut remplir des p\u00e2tes de diff\u00e9rentes viscosit\u00e9s. La machine utilise un cylindre pour pousser le piston\u00a0et\u00a0utilise des composants pneumatiques de haute qualit\u00e9. Il peut terminer le remplissage quantitatif de p\u00e2te. Le mat\u00e9riau sera pomp\u00e9 \u00e0 travers la machine de remplissage \u00e0 piston alternatif sous l\u2019action du cylindre. Le cylindre de la course de pompage est ajust\u00e9 par une vanne de signal pour ajuster le volume de remplissage requis afin d'obtenir un remplissage pr\u00e9cis.<\/p>    <h2 class=\"wp-block-heading\" id=\"h-structure-display-of-paste-filling-machine\">D\u00e9tails de structure de la machine de remplissage de p\u00e2te<\/h2>    <p>La machine de remplissage automatique de p\u00e2te se compose de ces pi\u00e8ces, d'une tr\u00e9mie, de buses de remplissage, d'un dispositif anti-goutte, d'un panneau de commande, d'un convoyeur, d'un \u0153il \u00e9lectrique, d'un bouton rotatif pour r\u00e9gler la hauteur, d'un bo\u00eetier de machine, etc. Cette machine a une structure simple et une conception raisonnable, elle est tr\u00e8s facile \u00e0 utiliser et \u00e0 entretenir.  En outre, toutes nos machines adoptent un mat\u00e9riau en acier inoxydable. Par cons\u00e9quent, notre machine de remplissage de p\u00e2te est durable et a de bonnes performances. Pour plus de d\u00e9tails, vous pouvez nous contacter \u00e0 tout moment. <\/p>    <figure class=\"wp-block-image size-large\"><img decoding=\"async\" src=\"https:\/\/taizypackaging.com\/wp-content\/uploads\/2021\/06\/structure-of-automtatic-paste-filling-machine.jpg\" alt=\"structure de la machine de remplissage de p\u00e2te automatique\" class=\"wp-image-2069\"\/><figcaption class=\"wp-element-caption\">structure de la machine de remplissage automatique de p\u00e2te<\/figcaption><\/figure>    <h2 class=\"wp-block-heading\" id=\"h-machine-details-and-functions-of-each-part\">Fonctions machine de chaque pi\u00e8ce<\/h2>    <ol class=\"wp-block-list\"> <li><strong>\u00c9cran tactile:<\/strong> L'\u00e9cran tactile PLC peut ajuster rapidement les param\u00e8tres de la machine<\/li>    <li><strong>Tapis roulant:<\/strong> la bande passante d'alimentation et de transport est de 101 mm. Les bouteilles larges peuvent \u00eatre personnalis\u00e9es avec une bande transporteuse de 154 mm<\/li>    <li><strong>Vanne de r\u00e9gulation de pression:<\/strong> Il peut ajuster le d\u00e9bit de p\u00e2te pour ajuster la vitesse de mise en conserve.<\/li>    <li><strong>Vanne de r\u00e9gulation\u00a0:<\/strong> Il peut ajuster la course du cylindre pour ajuster le volume de num\u00e9risation.<\/li> <\/ol>    <figure class=\"wp-block-image size-large\"><img decoding=\"async\" src=\"https:\/\/taizypackaging.com\/wp-content\/uploads\/2021\/06\/machine-details-1.jpg\" alt=\"d\u00e9tails de la machine\" class=\"wp-image-2083\"\/><figcaption class=\"wp-element-caption\">d\u00e9tails de la machine<\/figcaption><\/figure>    <h2 class=\"wp-block-heading\" id=\"h-features-of-automatic-paste-filling-machine\">Caract\u00e9ristiques de la machine de remplissage automatique de p\u00e2te Taizy<\/h2>    <p id=\"h-features-of-automatic-paste-filling-machine\">1. La machine est en acier inoxydable. De plus, la partie en contact avec le mat\u00e9riau est en acier inoxydable 304. Ce mat\u00e9riau est durable et conforme aux normes nationales ;<\/p>    <p id=\"h-features-of-automatic-paste-filling-machine\">2. Composants pneumatiques de haute qualit\u00e9, performances stables\u00a0;<\/p>    <p>3. La buse de remplissage adopte des dispositifs de remplissage anti-goutte, anti-tirage et de levage\u00a0;<\/p>    <p>4. Affichage et fonctionnement de l'\u00e9cran tactile, le d\u00e9bogage est simple et pratique\u00a0;<\/p>    <p>5. Principe quantitatif du piston, utilisant le contr\u00f4le PLC, bonne pr\u00e9cision de remplissage\u00a0;<\/p>    <p>6. Les pi\u00e8ces en contact avec les mat\u00e9riaux sont en acier inoxydable de type 304\/316, conforme aux normes GMP\u00a0;<\/p>    <p>7. Pas besoin de remplacer les pi\u00e8ces. En outre, il est facile \u00e0 d\u00e9boguer et \u00e0 adapter aux bouteilles de diff\u00e9rentes formes et tailles\u00a0;<\/p>    <p>8. Les poign\u00e9es de r\u00e9glage du volume de remplissage et la vitesse de remplissage sont r\u00e9glables \u00e0 tout moment. Et la pr\u00e9cision de remplissage est \u00e9lev\u00e9e\u00a0;<\/p>    <figure class=\"wp-block-gallery has-nested-images columns-default is-cropped wp-block-gallery-2 is-layout-flex wp-block-gallery-is-layout-flex\"> <figure class=\"wp-block-image size-large\"><img loading=\"lazy\" decoding=\"async\" width=\"750\" height=\"509\" data-id=\"2071\" src=\"https:\/\/taizypackaging.com\/wp-content\/uploads\/2021\/06\/paste-filling-machine1.jpg\" alt=\"machine de remplissage de p\u00e2te1\" class=\"wp-image-2071\" srcset=\"https:\/\/taizypackaging.com\/wp-content\/uploads\/2021\/06\/paste-filling-machine1.jpg 750w, https:\/\/taizypackaging.com\/wp-content\/uploads\/2021\/06\/paste-filling-machine1-300x204.jpg 300w\" sizes=\"auto, (max-width: 750px) 100vw, 750px\" \/><figcaption class=\"wp-element-caption\">machine de remplissage de p\u00e2te type un<\/figcaption><\/figure>    <figure class=\"wp-block-image size-large\"><img decoding=\"async\" data-id=\"2072\" src=\"https:\/\/taizypackaging.com\/wp-content\/uploads\/2021\/06\/paste-filling-machine2.jpg\" alt=\"machine de remplissage de p\u00e2te2\" class=\"wp-image-2072\"\/><figcaption class=\"wp-element-caption\">machine de remplissage de p\u00e2te type deux<\/figcaption><\/figure> <\/figure>    <h2 class=\"wp-block-heading\" id=\"h-optional-equipment-for-fully-automatic-paste-filling-machine\">\u00c9quipement en option pour machine de remplissage automatique de p\u00e2te<\/h2>    <p>1. Lorsque vous rencontrez des mat\u00e9riaux faciles \u00e0 solidifier, comme le chocolat, la fonction de chauffage peut \u00eatre ajout\u00e9e. Nous ajouterons une fonction de chauffage \u00e0 la tr\u00e9mie de la machine.<\/p>    <p>2. Vous pouvez ajouter un arbre d'agitation pour la machine de remplissage de p\u00e2te. Il peut emp\u00eacher efficacement le d\u00e9p\u00f4t de mati\u00e8res particulaires.<\/p>    <p>3. Le flotteur de niveau de liquide peut \u00eatre ajout\u00e9 pour d\u00e9tecter automatiquement la quantit\u00e9 de mat\u00e9riau restant dans le baril.<\/p>    <p>4. Vous pouvez choisir un mod\u00e8le de servomoteur. Tous les param\u00e8tres sont r\u00e9glables sur l'\u00e9cran tactile. Et cela permet d'\u00e9conomiser du temps et des efforts.<\/p>    <p>5. Vous pouvez \u00e9quiper la machine de remplissage d'une machine de capsulage. Apr\u00e8s le remplissage, les bouteilles doivent \u00eatre scell\u00e9es. Diff\u00e9rentes machines de capsulage sont facultatives. Et vous pouvez choisir un \u00e9quipement de scellage en fonction de diff\u00e9rents mat\u00e9riaux de remplissage. Tels que les machines de capsulage sous vide et les machines de capsulage en plastique.<\/p>    <p>6. Si vous en avez besoin, nous pouvons \u00e9quiper la machine d'un codeur. Il existe de nombreux types de codeurs. Vous pouvez donc choisir en fonction de vos besoins.<\/p>    <figure class=\"wp-block-gallery has-nested-images columns-default is-cropped wp-block-gallery-3 is-layout-flex wp-block-gallery-is-layout-flex\"> <figure class=\"wp-block-image size-large\"><img decoding=\"async\" data-id=\"2080\" src=\"https:\/\/taizypackaging.com\/wp-content\/uploads\/2021\/06\/vacuum-capping-device-1.jpg\" alt=\"dispositif de capsulage sous vide\" class=\"wp-image-2080\"\/><figcaption class=\"wp-element-caption\">dispositif de capsulage sous vide<\/figcaption><\/figure>    <figure class=\"wp-block-image size-large\"><img loading=\"lazy\" decoding=\"async\" width=\"720\" height=\"540\" data-id=\"2079\" src=\"https:\/\/taizypackaging.com\/wp-content\/uploads\/2021\/06\/capping-device.jpg\" alt=\"dispositif de bouchage\" class=\"wp-image-2079\" srcset=\"https:\/\/taizypackaging.com\/wp-content\/uploads\/2021\/06\/capping-device.jpg 720w, https:\/\/taizypackaging.com\/wp-content\/uploads\/2021\/06\/capping-device-300x225.jpg 300w\" sizes=\"auto, (max-width: 720px) 100vw, 720px\" \/><figcaption class=\"wp-element-caption\">dispositif de bouchage<\/figcaption><\/figure> <\/figure>    <h2 class=\"wp-block-heading\" id=\"h-q-a\">Questions et r\u00e9ponses sur l'\u00e9quipement de remplissage de p\u00e2te Taizy<\/h2>    <p>1. Quels mat\u00e9riaux la machine de remplissage de p\u00e2te automatique peut-elle \u00eatre utilis\u00e9e pour emballer ?<\/p>    <p>Principalement de l'huile en conserve, du miel, du d\u00e9sinfectant pour les mains, du shampoing, du d\u00e9tergent \u00e0 lessive, de l'eau, du tahini, du beurre de cacahu\u00e8te, de la sauce chili, du miel, etc.<\/p>    <p>2. Quelle est la plage de poids de la machine\u00a0?<\/p>    <p>La plage de poids que la machine automatique de conditionnement de p\u00e2te peut emballer est g\u00e9n\u00e9ralement de 100 \u00e0 1 000 ml. Et le poids maximum du colis peut atteindre 5 000 ml.<\/p>    <p>3. Comment ajuster la vitesse de remplissage ?<\/p>    <p>Vous pouvez r\u00e9gler le r\u00e9gulateur de pression pour ajuster le d\u00e9bit, ajustant ainsi la vitesse de mise en conserve. Dans le m\u00eame temps, l'\u00e9cran tactile du PLC peut d\u00e9finir les param\u00e8tres de r\u00e9glage de la vitesse.<\/p>    <p>4. Quelle est la plage de diam\u00e8tres de la bouteille d\u2019emballage ?<\/p>    <p>La plage de diam\u00e8tres de la bouteille d'emballage est de 35 mm \u00e0 1 000 mm.<\/p>    <p>5. Quelle est la tension requise pour cette machine\u00a0?<\/p>    <p>La tension de la machine peut \u00eatre personnalis\u00e9e. Et vous pouvez nous faire part de vos besoins.<\/p>    <h2 class=\"wp-block-heading\" id=\"are-you-interested-a-paste-filling-machine\">\u00cates-vous int\u00e9ress\u00e9 par une machine de remplissage de p\u00e2te ? <\/h2>    <p class=\"translation-block\">La machine de remplissage automatique de p\u00e2te est populaire pour son faible co\u00fbt et sa haute performance. Elle convient \u00e0 divers styles de bouteilles. Compar\u00e9e \u00e0 <a href=\"https:\/\/taizypackaging.com\/fr\/paste-packaging-machine\/\">la machine de conditionnement de p\u00e2te enti\u00e8rement automatique<\/a>, elle pr\u00e9sente un meilleur rapport co\u00fbt-efficacit\u00e9. Et compar\u00e9e \u00e0 la machine de remplissage de p\u00e2te semi-automatique, elle a une efficacit\u00e9 sup\u00e9rieure. En bref, cette machine de remplissage de p\u00e2te peut grandement b\u00e9n\u00e9ficier \u00e0 votre projet et vous faire gagner plus d'argent. Contactez-nous d\u00e8s aujourd'hui pour une grande r\u00e9duction. <\/p>","protected":false},"excerpt":{"rendered":"<p>Automatic paste filling machine here is a type of bottle filling machine. The conveyor width and height can be adjusted to suit various bottles. This paste filling machine is suitable for packaging cream, curry paste, chili paste, food paste, ginger paste, lime paste, tomato paste, sauce, etc. Besides, this machine can be equipped with a [&hellip;]<\/p>\n","protected":false},"author":1,"featured_media":2195,"parent":0,"template":"","tags":[583,579],"product-type":[662],"class_list":["post-2053","product","type-product","status-publish","has-post-thumbnail","hentry","tag-automatic-paste-filling-machine","tag-paste-filling-machine","product-type-paste-packing-machines"],"_links":{"self":[{"href":"https:\/\/taizypackaging.com\/fr\/wp-json\/wp\/v2\/product\/2053","targetHints":{"allow":["GET"]}}],"collection":[{"href":"https:\/\/taizypackaging.com\/fr\/wp-json\/wp\/v2\/product"}],"about":[{"href":"https:\/\/taizypackaging.com\/fr\/wp-json\/wp\/v2\/types\/product"}],"author":[{"embeddable":true,"href":"https:\/\/taizypackaging.com\/fr\/wp-json\/wp\/v2\/users\/1"}],"wp:featuredmedia":[{"embeddable":true,"href":"https:\/\/taizypackaging.com\/fr\/wp-json\/wp\/v2\/media\/2195"}],"wp:attachment":[{"href":"https:\/\/taizypackaging.com\/fr\/wp-json\/wp\/v2\/media?parent=2053"}],"wp:term":[{"taxonomy":"post_tag","embeddable":true,"href":"https:\/\/taizypackaging.com\/fr\/wp-json\/wp\/v2\/tags?post=2053"},{"taxonomy":"product-type","embeddable":true,"href":"https:\/\/taizypackaging.com\/fr\/wp-json\/wp\/v2\/product-type?post=2053"}],"curies":[{"name":"wp","href":"https:\/\/api.w.org\/{rel}","templated":true}]}}