{"id":208,"date":"2020-08-24T11:06:21","date_gmt":"2020-08-24T11:06:21","guid":{"rendered":"https:\/\/taizypackaging.com\/?p=208"},"modified":"2022-12-14T06:07:55","modified_gmt":"2022-12-14T06:07:55","slug":"powder-packaging-machine","status":"publish","type":"product","link":"https:\/\/taizypackaging.com\/fr\/powder-packaging-machine\/","title":{"rendered":"Machine de conditionnement de poudre"},"content":{"rendered":"<div class=\"kk-star-ratings kksr-auto kksr-align-left kksr-valign-top\"     data-payload='{&quot;align&quot;:&quot;left&quot;,&quot;id&quot;:&quot;208&quot;,&quot;slug&quot;:&quot;default&quot;,&quot;valign&quot;:&quot;top&quot;,&quot;ignore&quot;:&quot;&quot;,&quot;reference&quot;:&quot;auto&quot;,&quot;class&quot;:&quot;&quot;,&quot;count&quot;:&quot;13&quot;,&quot;legendonly&quot;:&quot;&quot;,&quot;readonly&quot;:&quot;&quot;,&quot;score&quot;:&quot;4.8&quot;,&quot;starsonly&quot;:&quot;&quot;,&quot;best&quot;:&quot;5&quot;,&quot;gap&quot;:&quot;5&quot;,&quot;greet&quot;:&quot;Rate this product&quot;,&quot;legend&quot;:&quot;4.8\\\/5 - (13 votes)&quot;,&quot;size&quot;:&quot;24&quot;,&quot;title&quot;:&quot;Powder Packaging Machine&quot;,&quot;width&quot;:&quot;136.7&quot;,&quot;_legend&quot;:&quot;{score}\\\/{best} - ({count} {votes})&quot;,&quot;font_factor&quot;:&quot;1.25&quot;}'>              <div class=\"kksr-stars\">      <div class=\"kksr-stars-inactive\">             <div class=\"kksr-star\" data-star=\"1\" style=\"padding-right: 5px\">               <div class=\"kksr-icon\" style=\"width: 24px; height: 24px;\"><\/div>         <\/div>             <div class=\"kksr-star\" data-star=\"2\" style=\"padding-right: 5px\">               <div class=\"kksr-icon\" style=\"width: 24px; height: 24px;\"><\/div>         <\/div>             <div class=\"kksr-star\" data-star=\"3\" style=\"padding-right: 5px\">               <div class=\"kksr-icon\" style=\"width: 24px; height: 24px;\"><\/div>         <\/div>             <div class=\"kksr-star\" data-star=\"4\" style=\"padding-right: 5px\">               <div class=\"kksr-icon\" style=\"width: 24px; height: 24px;\"><\/div>         <\/div>             <div class=\"kksr-star\" data-star=\"5\" style=\"padding-right: 5px\">               <div class=\"kksr-icon\" style=\"width: 24px; height: 24px;\"><\/div>         <\/div>     <\/div>      <div class=\"kksr-stars-active\" style=\"width: 136.7px;\">             <div class=\"kksr-star\" style=\"padding-right: 5px\">               <div class=\"kksr-icon\" style=\"width: 24px; height: 24px;\"><\/div>         <\/div>             <div class=\"kksr-star\" style=\"padding-right: 5px\">               <div class=\"kksr-icon\" style=\"width: 24px; height: 24px;\"><\/div>         <\/div>             <div class=\"kksr-star\" style=\"padding-right: 5px\">               <div class=\"kksr-icon\" style=\"width: 24px; height: 24px;\"><\/div>         <\/div>             <div class=\"kksr-star\" style=\"padding-right: 5px\">               <div class=\"kksr-icon\" style=\"width: 24px; height: 24px;\"><\/div>         <\/div>             <div class=\"kksr-star\" style=\"padding-right: 5px\">               <div class=\"kksr-icon\" style=\"width: 24px; height: 24px;\"><\/div>         <\/div>     <\/div> <\/div>                   <div class=\"kksr-legend\" style=\"font-size: 19.2px;\">             4,8\/5 - (13 votes)    <\/div>     <\/div>  <p class=\"translation-block\"><strong>La machine d'emballage de poudre<\/strong> est con\u00e7ue et fabriqu\u00e9e pour g\u00e9rer divers emballages de poudres s\u00e8ches, tels que farine, poudre de caf\u00e9, poudre de d\u00e9tergent, poudre de piment, masala, poudre de curry, poudre de lait, etc. En fonction du poids d'emballage des articles, il existe une petite machine d'emballage de poudre verticale et une grande machine d'emballage de poudre. L'ancienne convient pour emballer des articles de 1 gramme \u00e0 1 kg. Et la grande machine d'emballage de poudre \u00e0 vis peut emballer des articles de 1 kg \u00e0 3 kg. Diff\u00e9rents types de machines de remplissage et de scellement de poudre pr\u00e9sentent des caract\u00e9ristiques et des prix diff\u00e9rents, et il faut en choisir une en accord total avec la situation r\u00e9elle de votre projet. De plus, diverses machines manuelles de remplissage de poudre \u00e0 faible co\u00fbt sont disponibles chez Taizy Packaging Machinery LTD. Int\u00e9ress\u00e9 ? Laissez vos exigences d\u00e9taill\u00e9es pour d'excellentes solutions d'emballage de sachets de poudre s\u00e8che. <\/p>    <h2 class=\"wp-block-heading\" id=\"h-small-powder-sachet-packaging-machine-for-sale\">Petite machine de conditionnement de sachets de poudre \u00e0 vendre <\/h2>    <p>La petite machine d'emballage de poudre peut \u00eatre divis\u00e9e en trois types, le type \u00e0 vis \u00e0 pouss\u00e9e directe, le type \u00e0 vis \u00e0 pouss\u00e9e oblique et le type \u00e0 vis \u00e0 pouss\u00e9e plate. Le syst\u00e8me d'alimentation\u00a0est totalement diff\u00e9rent de celui de la machine de conditionnement de granul\u00e9s. Il convient au conditionnement du lait en poudre, de la farine, de la poudre d'assaisonnement, des m\u00e9dicaments v\u00e9t\u00e9rinaires, des additifs et de nombreux autres produits alimentaires en poudre. Avec une petite taille et un prix abordable, cette petite machine de remplissage et de scellage de poudre verticale est id\u00e9ale pour votre petite entreprise. Petit investissement et grand retour. <\/p>    <figure class=\"wp-block-image size-full\"><img decoding=\"async\" src=\"https:\/\/taizypackaging.com\/wp-content\/uploads\/2020\/08\/powder-pouch-packing-machine-3.jpg\" alt=\"machine d&#039;emballage de sachets de poudre\" class=\"wp-image-4889\"\/><figcaption class=\"wp-element-caption\">machine d'emballage de sachets de poudre<\/figcaption><\/figure>    <h2 class=\"wp-block-heading\" id=\"h-technical-parameters\">Param\u00e8tres techniques de la petite machine \u00e0 poudre VFFS<\/h2>    <figure class=\"wp-block-table\"><table><tbody><tr><td>Emballer<\/td><td>Scellage arri\u00e8re, scellage sur 3 c\u00f4t\u00e9s, scellage sur 4 c\u00f4t\u00e9s<\/td><\/tr><tr><td>Vitesse d'emballage<\/td><td>24-60 sacs\/min<\/td><\/tr><tr><td>Longueur de sac<\/td><td>30-180mm<\/td><\/tr><tr><td>Largeur du sac<\/td><td>25-145mm<\/td><\/tr><tr><td>Plage de pes\u00e9e<\/td><td>0,5-3 ml, 3-10 ml, 10-60 ml, 40-220 ml<\/td><\/tr><tr><td>Pouvoir<\/td><td>2,2 kW<\/td><\/tr><tr><td>Poids<\/td><td>280KG<\/td><\/tr><tr><td>Taille<\/td><td>650*1050*1950mm<\/td><\/tr><tr><td>Taille du carton<\/td><td>1100*750*1820mm<\/td><\/tr><\/tbody><\/table><\/figure>    <h2 class=\"wp-block-heading\" id=\"1kg-to-3kg-automatic-powder-packing-machine-for-sale\">Machine d'emballage automatique de poudre 1kg \u00e0 3kg \u00e0 vendre<\/h2>    <p class=\"translation-block\">La machine d'emballage automatique de poudre de 1 kg \u00e0 3 kg est extr\u00eamement adapt\u00e9e aux projets ayant une forte demande de production. Elle peut r\u00e9aliser automatiquement le processus d'alimentation, de pes\u00e9e, de remplissage, de scellement, de d\u00e9coupe et de codage. Pour \u00eatre honn\u00eate, cette <a href=\"https:\/\/taizypackaging.com\/fr\/automatic-powder-packaging-machine-for-10g-3000g\/\">machine d'emballage automatique de poudre 1 kg - 3 kg<\/a> est tr\u00e8s efficace et permet d'\u00e9conomiser des co\u00fbts. Si votre usine ou projet a une forte demande de production, cet \u00e9quipement d'emballage de poudre est id\u00e9al pour vous. Bienvenue pour nous contacter pour la meilleure liste de prix.  <\/p>    <figure class=\"wp-block-image size-full\"><img loading=\"lazy\" decoding=\"async\" width=\"600\" height=\"450\" src=\"https:\/\/taizypackaging.com\/wp-content\/uploads\/2020\/08\/automatic-large-powder-packing-machine.jpg\" alt=\"grande machine d&#039;emballage automatique de poudre\" class=\"wp-image-3257\" srcset=\"https:\/\/taizypackaging.com\/wp-content\/uploads\/2020\/08\/automatic-large-powder-packing-machine.jpg 600w, https:\/\/taizypackaging.com\/wp-content\/uploads\/2020\/08\/automatic-large-powder-packing-machine-300x225.jpg 300w\" sizes=\"auto, (max-width: 600px) 100vw, 600px\" \/><figcaption class=\"wp-element-caption\">grande machine d'emballage automatique de poudre<\/figcaption><\/figure>    <h2 class=\"wp-block-heading\" id=\"h-what-is-a-powder-packing-machine\">Qu'est-ce qu'une machine d'emballage de poudre ? <\/h2>    <p>La machine d'emballage de poudre est con\u00e7ue pour emballer des produits en poudre s\u00e8che difficiles \u00e0 transporter manuellement. Une machine automatique de conditionnement de poudre se compose d\u2019un syst\u00e8me de remplissage et d\u2019un syst\u00e8me de scellage. Et une machine de remplissage de poudre semi-automatique est principalement compos\u00e9e d'un syst\u00e8me de convoyeur, d'ascenseurs, etc. Elle a une structure simple par rapport \u00e0 une machine d'emballage automatique. Son plus grand avantage est que la machine d\u2019emballage de poudre peut vous g\u00e9n\u00e9rer rapidement des b\u00e9n\u00e9fices. <\/p>    <h2 class=\"wp-block-heading\" id=\"h-applications-of-automatic-powder-filling-sealing-machine\">Applications de la machine de remplissage et de scellage automatique de poudre<\/h2>    <p>La machine de conditionnement automatique de poudre est largement utilis\u00e9e dans l\u2019industrie alimentaire et chimique. Il peut emballer toutes sortes de mat\u00e9riaux en poudre s\u00e8che, tels que la poudre de d\u00e9tergent, la poudre de chili, la poudre de caf\u00e9, la poudre de th\u00e9, le lait en poudre, la farine, le masala, la lessive en poudre, la poudre d'\u00e9pices, la poudre de gingembre, la poudre de curcuma, la poudre de curry, la poudre de cacao, la nutrition. poudre, poudre d'herbes, etc. En tant que fabricant et fournisseur leader d'\u00e9quipements d'emballage de poudre, nous fournissons un service personnalis\u00e9 solide pour r\u00e9pondre \u00e0 vos besoins sp\u00e9cifiques. Bienvenue \u00e0 nous contacter pour la meilleure solution d\u2019emballage de poudre. <\/p>    <figure class=\"wp-block-image size-full\"><img decoding=\"async\" src=\"https:\/\/taizypackaging.com\/wp-content\/uploads\/2020\/08\/dry-powder-items-1.jpg\" alt=\"articles en poudre s\u00e8che\" class=\"wp-image-3269\"\/><figcaption class=\"wp-element-caption\">articles en poudre s\u00e8che<\/figcaption><\/figure>    <h3 class=\"wp-block-heading\" id=\"h-how-to-choose-a-suitable-powder-packaging-machine\">Comment choisir une machine de conditionnement de poudre appropri\u00e9e\u00a0? <\/h3>    <p>Le poids d'un seul sac de la machine d'emballage de poudre oblique peut \u00eatre emball\u00e9 jusqu'\u00e0 80 grammes, ce qui convient \u00e0 la poudre sans poussi\u00e8re volante. La machine d'emballage de poudre \u00e0 pouss\u00e9e directe et la machine d'emballage de poudre \u00e0 pouss\u00e9e plate peuvent emballer n'importe quelle poudre, mais le poids d'un seul sac de pouss\u00e9e directe peut \u00eatre rapport\u00e9 \u00e0 1 kg, et le poids d'un seul sac de pouss\u00e9e plate peut aller jusqu'\u00e0 200 grammes. . L'emballage peut \u00eatre un sceau arri\u00e8re, un sceau \u00e0 trois c\u00f4t\u00e9s et un sceau \u00e0 quatre c\u00f4t\u00e9s. Diff\u00e9rentes demandes de production et budgets n\u00e9cessitent diff\u00e9rentes machines de remplissage et de scellage de poudre. Si vous avez encore des doutes sur la machine \u00e0 acheter, envoyez-nous un e-mail ou appelez-nous simplement pour b\u00e9n\u00e9ficier de l'aide professionnelle de nos experts. <\/p>    <figure class=\"wp-block-image size-full\"><img decoding=\"async\" src=\"https:\/\/taizypackaging.com\/wp-content\/uploads\/2020\/08\/powder-packing-machine-structure.jpg\" alt=\"structure de la machine \u00e0 emballer en poudre\" class=\"wp-image-4043\"\/><figcaption class=\"wp-element-caption\">structure de la machine \u00e0 emballer en poudre<\/figcaption><\/figure>    <h2 class=\"wp-block-heading\" id=\"h-weighing-methods-and-sealing-methods\">M\u00e9thodes de pes\u00e9e et m\u00e9thodes de scellage<\/h2>    <p class=\"translation-block\"><strong>M\u00e9thodes de pes\u00e9e : <\/strong>La machine d'emballage de sachets de poudre peut \u00eatre pes\u00e9e en fonction de la vitesse de la vis. La vis peut tourner \u00e0 180 degr\u00e9s, 270 degr\u00e9s et 360 degr\u00e9s.<\/p>    <p class=\"translation-block\"><strong>M\u00e9thodes de scellement :<\/strong> La machine d'emballage de poudre peut \u00eatre \u00e0 scellement arri\u00e8re, \u00e0 scellement trois c\u00f4t\u00e9s et \u00e0 scellement quatre c\u00f4t\u00e9s.<\/p>    <figure class=\"wp-block-image size-large\"> <\/figure>    <figure class=\"wp-block-image alignnone wp-image-833 size-full\"><img decoding=\"async\" src=\"https:\/\/taizypackaging.com\/wp-content\/uploads\/2020\/08\/powder-packing.jpg\" alt=\"emballage en poudre\" class=\"wp-image-833\"\/><figcaption class=\"wp-element-caption\">emballage en poudre<\/figcaption><\/figure>    <figcaption>Style d'emballage \u00e0 fermeture arri\u00e8re, trois fermetures lat\u00e9rales, quatre fermetures lat\u00e9rales<\/figcaption>    <p class=\"translation-block\"><strong>Dispositifs optionnels :<\/strong> dispositif d'emballage continu, dispositif d'inflation, dispositif de codage.<\/p>    <h2 class=\"wp-block-heading\" id=\"h-features-of-dry-powder-packing-machine\">Caract\u00e9ristiques de la machine d'emballage de poudre s\u00e8che<\/h2>    <p>La vis est en acier inoxydable, sp\u00e9cialement fabriqu\u00e9e et soud\u00e9e manuellement. Il a une structure simple et une conception raisonnable, il est donc tr\u00e8s facile \u00e0 utiliser, \u00e0 installer et \u00e0 entretenir. En outre, nous adoptons des syst\u00e8mes de contr\u00f4le informatique intelligents et diverses langues disponibles. Et notre \u00e9quipement d'emballage de poudre pr\u00e9sente les caract\u00e9ristiques de haute qualit\u00e9, de vitesse rapide, de haute efficacit\u00e9 et de pr\u00e9cision. <\/p>    <figure class=\"wp-block-image size-large\"><img decoding=\"async\" src=\"https:\/\/taizypackaging.com\/wp-content\/uploads\/2020\/08\/Screw-Details.jpg\" alt=\"vis sans fin\" class=\"wp-image-214\"\/><figcaption class=\"wp-element-caption\">vis sans fin <\/figcaption><\/figure>    <h2 class=\"wp-block-heading\" id=\"h-f-q\">F&amp;Q<\/h2>   <div id=\"rank-math-faq\" class=\"rank-math-block\"> <div class=\"rank-math-list\"> <div id=\"faq-question-1670912527427\" class=\"rank-math-list-item\"> <h3 class=\"rank-math-question\"><strong>1. Quels mat\u00e9riaux sont utilis\u00e9s dans la machine de conditionnement de poudre ?<\/strong><\/h3> <div class=\"rank-math-answer\">  <p>La machine est enti\u00e8rement en acier inoxydable et la partie en contact avec le mat\u00e9riau est en acier inoxydable 304.<\/p>  <\/div> <\/div> <div id=\"faq-question-1670912533380\" class=\"rank-math-list-item\"> <h3 class=\"rank-math-question\"><strong>2. Cette machine est-elle \u00e9quip\u00e9e d'un curseur ?<\/strong><\/h3> <div class=\"rank-math-answer\">  <p>Oui c'est le cas. Il a \u00e9t\u00e9 install\u00e9 en usine.<\/p>  <\/div> <\/div> <div id=\"faq-question-1670912543772\" class=\"rank-math-list-item\"> <h3 class=\"rank-math-question\"><strong>3. Le poids de l\u2019emballage est-il r\u00e9glable ?<\/strong><\/h3> <div class=\"rank-math-answer\">  <p>Oui il peut. Si vous souhaitez r\u00e9gler la plage entre 1 et 10 grammes, vous pouvez r\u00e9gler la vitesse de la vis pour terminer le r\u00e9glage du poids.<\/p>  <\/div> <\/div> <div id=\"faq-question-1670912557028\" class=\"rank-math-list-item\"> <h3 class=\"rank-math-question\"><strong>4. Pouvez-vous fournir un film d\u2019emballage ?<\/strong><\/h3> <div class=\"rank-math-answer\">  <p>Oui nous pouvons. Mais vous devez nous indiquer vos exigences en mati\u00e8re d'emballage.<\/p>  <\/div> <\/div> <\/div> <\/div>   <h2 class=\"wp-block-heading\" id=\"h-customer-case\">Cas client<\/h2>    <p class=\"translation-block\">Actuellement, nous avons vendu une petite machine d'emballage d'\u00e9pices, <a href=\"https:\/\/taizypackaging.com\/fr\/powder-detergent-packaging-machine\/\">machine d'emballage de poudre d\u00e9tergente<\/a>, machine d'emballage de poudre de piment, machine d'emballage de poudre \u00e0 lessive, <a href=\"https:\/\/taizypackaging.com\/fr\/milk-powder-packing-machine\/\">machine d'emballage de poudre de lait<\/a>, sac d'\u00e9pices machine, machine d'emballage de poudre d'\u00e9pices au N\u00e9pal, au Mexique, en Libye, au Congo, au Botswana, au Royaume-Uni, au Sri Lanka, en Arabie Saoudite, au Canada, au Nigeria et dans de nombreux autres pays.<\/p>    <p>Si vous souhaitez conna\u00eetre le prix de la machine d'emballage de poudre, veuillez nous contacter et nous vous fournirons imm\u00e9diatement des solutions d'emballage.<\/p>    <figure class=\"wp-block-image size-full\"><img decoding=\"async\" src=\"https:\/\/taizypackaging.com\/wp-content\/uploads\/2020\/08\/powder-packaging-machine-factory.jpg\" alt=\"usine de machines d&#039;emballage de poudre\" class=\"wp-image-4044\"\/><figcaption class=\"wp-element-caption\">usine de machines d'emballage de poudre<\/figcaption><\/figure>    <h2 class=\"wp-block-heading\" id=\"h-get-in-touch-with-us-today\">Contactez-nous d\u00e8s aujourd'hui\u00a0!<\/h2>    <p>La machine de conditionnement de poudre est tr\u00e8s importante pour l\u2019industrie alimentaire et chimique. Cela peut consid\u00e9rablement am\u00e9liorer votre productivit\u00e9 et r\u00e9duire vos co\u00fbts de main-d'\u0153uvre. Un rendement \u00e9lev\u00e9, un fonctionnement automatique et un rendement \u00e9lev\u00e9 sont leurs principaux avantages. Taizy Packaging Machinery LTD a une capacit\u00e9 assez forte \u00e0 fournir des solutions d'emballage de poudre standard et personnalis\u00e9es. En outre, nous disposons d'un personnel qualifi\u00e9 pour assurer la livraison rapide et la haute qualit\u00e9 de nos machines. Laissez vos exigences, nous vous enverrons des d\u00e9tails ou des devis gratuits dans les plus brefs d\u00e9lais. <\/p>    <p>&nbsp;<\/p>","protected":false},"excerpt":{"rendered":"<p>Une machine de conditionnement de poudre est un type de machine utilis\u00e9 pour remplir et sceller des sacs ou des conteneurs avec des mat\u00e9riaux pulv\u00e9rulents. il convient \u00e0 l'emballage de farine, de caf\u00e9 en poudre, de d\u00e9tergent en poudre, de chili en poudre, de masala en poudre, de curry en poudre, de lait en poudre, etc.<\/p>","protected":false},"author":1,"featured_media":4889,"parent":0,"template":"","tags":[161,190,283,360,387,409,450],"product-type":[660],"class_list":["post-208","product","type-product","status-publish","has-post-thumbnail","hentry","tag-flour","tag-ginger-powder","tag-milk-powder","tag-plantain-flour-packaging-machine","tag-red-chili-powder","tag-seasoning-powder","tag-strarch","product-type-powder-packing-machines"],"_links":{"self":[{"href":"https:\/\/taizypackaging.com\/fr\/wp-json\/wp\/v2\/product\/208","targetHints":{"allow":["GET"]}}],"collection":[{"href":"https:\/\/taizypackaging.com\/fr\/wp-json\/wp\/v2\/product"}],"about":[{"href":"https:\/\/taizypackaging.com\/fr\/wp-json\/wp\/v2\/types\/product"}],"author":[{"embeddable":true,"href":"https:\/\/taizypackaging.com\/fr\/wp-json\/wp\/v2\/users\/1"}],"wp:featuredmedia":[{"embeddable":true,"href":"https:\/\/taizypackaging.com\/fr\/wp-json\/wp\/v2\/media\/4889"}],"wp:attachment":[{"href":"https:\/\/taizypackaging.com\/fr\/wp-json\/wp\/v2\/media?parent=208"}],"wp:term":[{"taxonomy":"post_tag","embeddable":true,"href":"https:\/\/taizypackaging.com\/fr\/wp-json\/wp\/v2\/tags?post=208"},{"taxonomy":"product-type","embeddable":true,"href":"https:\/\/taizypackaging.com\/fr\/wp-json\/wp\/v2\/product-type?post=208"}],"curies":[{"name":"wp","href":"https:\/\/api.w.org\/{rel}","templated":true}]}}