{"id":2200,"date":"2021-06-15T01:48:59","date_gmt":"2021-06-15T01:48:59","guid":{"rendered":"https:\/\/taizypackaging.com\/?p=2200"},"modified":"2024-07-17T17:01:45","modified_gmt":"2024-07-17T09:01:45","slug":"semi-automatic-round-bottle-labeling-machine-for-sale","status":"publish","type":"product","link":"https:\/\/taizypackaging.com\/fr\/semi-automatic-round-bottle-labeling-machine-for-sale\/","title":{"rendered":"Machine d'\u00e9tiquetage de bouteilles rondes semi-automatique"},"content":{"rendered":"<div class=\"kk-star-ratings kksr-auto kksr-align-left kksr-valign-top\"     data-payload='{&quot;align&quot;:&quot;left&quot;,&quot;id&quot;:&quot;2200&quot;,&quot;slug&quot;:&quot;default&quot;,&quot;valign&quot;:&quot;top&quot;,&quot;ignore&quot;:&quot;&quot;,&quot;reference&quot;:&quot;auto&quot;,&quot;class&quot;:&quot;&quot;,&quot;count&quot;:&quot;22&quot;,&quot;legendonly&quot;:&quot;&quot;,&quot;readonly&quot;:&quot;&quot;,&quot;score&quot;:&quot;4.6&quot;,&quot;starsonly&quot;:&quot;&quot;,&quot;best&quot;:&quot;5&quot;,&quot;gap&quot;:&quot;5&quot;,&quot;greet&quot;:&quot;Rate this product&quot;,&quot;legend&quot;:&quot;4.6\\\/5 - (22 votes)&quot;,&quot;size&quot;:&quot;24&quot;,&quot;title&quot;:&quot;Semi Automatic Round Bottle Labeling Machine&quot;,&quot;width&quot;:&quot;130.9&quot;,&quot;_legend&quot;:&quot;{score}\\\/{best} - ({count} {votes})&quot;,&quot;font_factor&quot;:&quot;1.25&quot;}'>              <div class=\"kksr-stars\">      <div class=\"kksr-stars-inactive\">             <div class=\"kksr-star\" data-star=\"1\" style=\"padding-right: 5px\">               <div class=\"kksr-icon\" style=\"width: 24px; height: 24px;\"><\/div>         <\/div>             <div class=\"kksr-star\" data-star=\"2\" style=\"padding-right: 5px\">               <div class=\"kksr-icon\" style=\"width: 24px; height: 24px;\"><\/div>         <\/div>             <div class=\"kksr-star\" data-star=\"3\" style=\"padding-right: 5px\">               <div class=\"kksr-icon\" style=\"width: 24px; height: 24px;\"><\/div>         <\/div>             <div class=\"kksr-star\" data-star=\"4\" style=\"padding-right: 5px\">               <div class=\"kksr-icon\" style=\"width: 24px; height: 24px;\"><\/div>         <\/div>             <div class=\"kksr-star\" data-star=\"5\" style=\"padding-right: 5px\">               <div class=\"kksr-icon\" style=\"width: 24px; height: 24px;\"><\/div>         <\/div>     <\/div>      <div class=\"kksr-stars-active\" style=\"width: 130.9px;\">             <div class=\"kksr-star\" style=\"padding-right: 5px\">               <div class=\"kksr-icon\" style=\"width: 24px; height: 24px;\"><\/div>         <\/div>             <div class=\"kksr-star\" style=\"padding-right: 5px\">               <div class=\"kksr-icon\" style=\"width: 24px; height: 24px;\"><\/div>         <\/div>             <div class=\"kksr-star\" style=\"padding-right: 5px\">               <div class=\"kksr-icon\" style=\"width: 24px; height: 24px;\"><\/div>         <\/div>             <div class=\"kksr-star\" style=\"padding-right: 5px\">               <div class=\"kksr-icon\" style=\"width: 24px; height: 24px;\"><\/div>         <\/div>             <div class=\"kksr-star\" style=\"padding-right: 5px\">               <div class=\"kksr-icon\" style=\"width: 24px; height: 24px;\"><\/div>         <\/div>     <\/div> <\/div>                   <div class=\"kksr-legend\" style=\"font-size: 19.2px;\">             4,6\/5 - (22 votes)    <\/div>     <\/div>  <p class=\"translation-block\"><strong>Semi<\/strong> <strong>automatic round bottle labeling machine<\/strong> est une petite \u00e9tiqueteuse de bouteille de table. Elle a une tr\u00e8s petite taille et un co\u00fbt faible. Par cons\u00e9quent, elle est portable et tr\u00e8s populaire pour les petits projets. De plus, la machine d\u2019\u00e9tiquetage semi-automatique pour bouteilles rondes a une large plage d\u2019applications. Elle peut \u00eatre utilis\u00e9e pour \u00e9tiqueter divers flacons en verre, bouteilles en plastique, bouteilles en m\u00e9tal, bo\u00eetes, pots, etc. De plus, cette machine d\u2019\u00e9tiquetage de bouteilles en vente peut \u00e9tiqueter 20~40 bouteilles par minute. Ce qui est super efficace et performant. En tant que fabricant et exportateur c\u00e9l\u00e8bre de machines d\u2019\u00e9tiquetage en Chine, nous fournissons d\u2019excellentes <strong>machines d\u2019\u00e9tiquetage manuelles<\/strong> et <strong><a href=\"https:\/\/taizypackaging.com\/fr\/round-bottle-labeling-machine\/\">machines d\u2019\u00e9tiquetage automatiques<\/a><\/strong> \u00e0 bons prix et livraison rapide. De plus, une machine d\u2019\u00e9tiquetage de bouteilles plates est disponible. Et nous proposons un service personnalis\u00e9. Contactez-nous d\u00e8s aujourd\u2019hui pour d\u00e9marrer votre activit\u00e9. <\/p>   <figure class=\"wp-block-embed-youtube wp-block-embed is-type-video is-provider-youtube wp-embed-aspect-16-9 wp-has-aspect-ratio\"><div class=\"lyte-wrapper fourthree\" title=\"Etiqueteuse manuelle de bouteilles | Etiqueteuse semi-automatique pour bouteilles rondes\" style=\"width:960px;max-width:100%;margin:5px auto;\"><div class=\"lyMe hidef\" id=\"WYL_QKmFg0QAAyg\" itemprop=\"video\" itemscope itemtype=\"https:\/\/schema.org\/VideoObject\"><div><meta itemprop=\"thumbnailUrl\" content=\"https:\/\/taizypackaging.com\/wp-content\/plugins\/wp-youtube-lyte\/lyteCache.php?origThumbUrl=https%3A%2F%2Fi.ytimg.com%2Fvi%2FQKmFg0QAAyg%2Fhqdefault.jpg\" \/><meta itemprop=\"embedURL\" content=\"https:\/\/www.youtube.com\/embed\/QKmFg0QAAyg\" \/><meta itemprop=\"duration\" content=\"PT30S\" \/><meta itemprop=\"uploadDate\" content=\"2021-06-15T01:53:28Z\" \/><\/div><meta itemprop=\"accessibilityFeature\" content=\"captions\" \/><div id=\"lyte_QKmFg0QAAyg\" data-src=\"https:\/\/taizypackaging.com\/wp-content\/plugins\/wp-youtube-lyte\/lyteCache.php?origThumbUrl=https%3A%2F%2Fi.ytimg.com%2Fvi%2FQKmFg0QAAyg%2Fhqdefault.jpg\" class=\"pL\"><div class=\"tC\"><div class=\"tT\" itemprop=\"name\">Etiqueteuse manuelle de bouteilles | Etiqueteuse semi-automatique pour bouteilles rondes<\/div><\/div><div class=\"play\"><\/div><div class=\"ctrl\"><div class=\"Lctrl\"><\/div><div class=\"Rctrl\"><\/div><\/div><\/div><noscript><a href=\"https:\/\/youtu.be\/QKmFg0QAAyg\" rel=\"nofollow noopener\" target=\"_blank\"><img loading=\"lazy\" decoding=\"async\" src=\"https:\/\/taizypackaging.com\/wp-content\/plugins\/wp-youtube-lyte\/lyteCache.php?origThumbUrl=https%3A%2F%2Fi.ytimg.com%2Fvi%2FQKmFg0QAAyg%2F0.jpg\" alt=\"Etiqueteuse manuelle de bouteilles | Etiqueteuse semi-automatique pour bouteilles rondes\" width=\"960\" height=\"700\" \/><br \/>Watch this video on YouTube<\/a><\/noscript><meta itemprop=\"description\" content=\"Whatsapp\/Wechat\/Tel:+86 19139754781 Website: https:\/\/taizypackaging.com\/semi-automatic-round-bottle-labeling-machine-for-sale\/ The manual bottle labeling machine has wide application in labeling various cans, glass bottles, plastic bottles, etc. Because of its mini shape and high-quality performance, it is very popular among customers. A semi-automatic round bottle labeling machine is a piece of ideal equipment for small and medium-sized beverage, food, medicine, and chemical plants. We also have automatic labeling machines such as the automatic positioning round bottle labeling machine and flat labeling machines. You can choose the right labeling machine according to your needs. Whatsapp\/Wechat\/Tel:+86 19139754781 Website: https:\/\/taizypackaging.com\/semi-automatic-round-bottle-labeling-machine-for-sale\/\"><\/div><\/div><div class=\"lL\" style=\"max-width:100%;width:960px;margin:5px auto;\"><\/div><figcaption><\/figcaption><\/figure>   <h2 class=\"wp-block-heading\" id=\"h-introduction-of-semi-automatic-round-bottle-labeling-machine\">Qu'est-ce qu'une \u00e9tiqueteuse de bouteilles ? <\/h2>    <p class=\"translation-block\">La machine d\u2019\u00e9tiquetage de bouteilles ou l\u2019\u00e9tiqueteuse de bouteilles est utilis\u00e9e pour \u00e9tiqueter automatiquement ou manuellement des bouteilles, des bo\u00eetes ou des pots. Cela peut grandement am\u00e9liorer votre productivit\u00e9. \u00c0 long terme, une machine d\u2019\u00e9tiquetage de bouteilles peut r\u00e9duire vos co\u00fbts et lib\u00e9rer votre main-d\u2019\u0153uvre. Comme nous le savons tous, une \u00e9tiquette n\u2019indique pas le contenu des contenants. Elle pr\u00e9sente l\u2019image de notre marque et donne au acheteur la premi\u00e8re impression de votre produit. Une \u00e9tiqueteuse de bouteilles est plus pr\u00e9cise et efficace qu\u2019un humain. Cependant, il existe diverses machines d\u2019\u00e9tiquetage de bouteilles sur le march\u00e9, telles que les machines d\u2019\u00e9tiquetage de bouteilles rondes, les <a href=\"https:\/\/taizypackaging.com\/fr\/automatic-flat-labeling-machine\/\">machines d\u2019\u00e9tiquetage de bouteilles plates<\/a>, les machines d\u2019\u00e9tiquetage de bouteilles carr\u00e9es et les machines d\u2019\u00e9tiquetage sur table. Le choix d\u00e9pendra de votre situation r\u00e9elle. <\/p>    <h2 class=\"wp-block-heading\" id=\"h-the-application-of-semi-automatic-round-bottle-labeling-machine\">Applications de l'\u00e9tiqueteuse semi-automatique de bouteilles rondes<\/h2>    <p class=\"translation-block\">Le \u00e9tiqueteur de bouteilles rondes est une sorte de machine d\u2019\u00e9tiquetage manuelle pour bouteilles. C\u2019est une machine d\u2019\u00e9tiquetage adapt\u00e9e \u00e0 l\u2019\u00e9tiquetage de bouteilles rondes comme les bouteilles PET, bouteilles en plastique, bouteilles en verre, bouteilles en m\u00e9tal, bo\u00eetes et pots. Elle convient \u00e0 l\u2019\u00e9tiquetage de produits dans divers domaines. La machine d\u2019\u00e9tiquetage manuelle peut \u00e9tiqueter le m\u00e9tal, l\u2019huile, les m\u00e9dicaments, les v\u00eatements, le yaourt, le lait frais, les cosm\u00e9tiques, les produits capillaires, les jus, les boissons gazeuses et autres produits. Elle peut \u00e9tiqueter la bouteille avec pr\u00e9cision, et la forme d\u2019\u00e9tiquetage est auto-adh\u00e9sive. Elle est g\u00e9n\u00e9ralement l\u2019\u00e9quipement compl\u00e9mentaire d\u2019une machine de remplissage de liquides et d\u2019une <a href=\"https:\/\/taizypackaging.com\/fr\/fully-automatic-paste-filling-machine-for-100-5000ml\/\" target=\"_blank\" rel=\"noreferrer noopener\">machine de remplissage de p\u00e2tes<\/a>.<\/p>    <figure class=\"wp-block-image size-large\"><img decoding=\"async\" src=\"https:\/\/taizypackaging.com\/wp-content\/uploads\/2021\/06\/labeling-sample.jpg\" alt=\"La machine d&#039;\u00e9tiquetage de bouteilles rondes semi-automatique utilise\" class=\"wp-image-2207\"\/><figcaption class=\"wp-element-caption\">La machine d'\u00e9tiquetage de bouteilles rondes semi-automatique utilise<\/figcaption><\/figure>    <h2 class=\"wp-block-heading\" id=\"semi-automatic-round-bottle-labeling-machine-parameters\">Param\u00e8tres de la machine d'\u00e9tiquetage de bouteilles rondes semi-automatique<\/h2>    <figure class=\"wp-block-table\"><table><tbody><tr><td>Mod\u00e8le<\/td><td>TZ-100<\/td><\/tr><tr><td>Pouvoir<\/td><td>100W<\/td><\/tr><tr><td>Diam\u00e8tre de la bouteille<\/td><td>15-120mm<\/td><\/tr><tr><td>Vitesse de l'\u00e9tiquette<\/td><td>20-40 bouteilles\/min<\/td><\/tr><tr><td>Taille de l'\u00e9tiquette<\/td><td>W26L25-W150L300<\/td><\/tr><tr><td>Le diam\u00e8tre int\u00e9rieur du rouleau d'\u00e9tiquettes<\/td><td>75mm<\/td><\/tr><tr><td>Diam\u00e8tre ext\u00e9rieur du rouleau d'\u00e9tiquettes<\/td><td>275mm<\/td><\/tr><tr><td>Taille de la machine<\/td><td>650*345*450mm<\/td><\/tr><\/tbody><\/table><\/figure>    <h2 class=\"wp-block-heading\" id=\"h-workflow-and-video-of-semi-automatic-labeling-machine\">Flux de travail et vid\u00e9o d'une \u00e9tiqueteuse semi-automatique<\/h2>    <ol class=\"wp-block-list\"> <li>Le flux de travail sp\u00e9cifique est le suivant\u00a0: maintenez le bras oscillant de la bouteille \u00e0 pression contre la bouteille ronde \u00e0 \u00e9tiqueter.<\/li>    <li>Le bras presse-bouteille touche automatiquement l'interrupteur pour allumer la courroie moteur actuelle.<\/li>    <li>Le papier pour \u00e9tiquettes tourne pour terminer le travail d'\u00e9tiquetage.<\/li> <\/ol>    <p>Pendant l'op\u00e9ration, vous pouvez \u00e9tiqueter des bouteilles rondes de diff\u00e9rentes sp\u00e9cifications sans changer d'accessoires. Une \u00e9tiqueteuse peut r\u00e9pondre \u00e0 la plupart des besoins d\u2019\u00e9tiquetage de bouteilles rondes. Et nous vous guiderons pour utiliser et entretenir l\u2019\u00e9tiqueteuse de bouteilles rondes.<\/p>    <h2 class=\"wp-block-heading\" id=\"h-structure-of-manual-bottle-labeling-machine\">D\u00e9tails de la structure de l'\u00e9tiqueteuse manuelle de bouteilles<\/h2>    <p>L'\u00e9tiqueteuse manuelle est principalement compos\u00e9e d'un moteur, d'un cadre de positionnement, d'un plateau d'\u00e9tiquettes, d'un \u0153il \u00e9lectrique, d'un bras de pressage de bouteilles, d'un rouleau de positionnement, d'une planche \u00e0 d\u00e9nuder les \u00e9tiquettes et d'un interrupteur tactile. Il a une structure tr\u00e8s simple et une conception parfaite, il est donc facile \u00e0 utiliser et \u00e0 entretenir. En outre, l'adoption d'un moteur c\u00e9l\u00e8bre et d'une \u00e9tiqueteuse de bouteilles \u00e0 vendre a une longue dur\u00e9e de vie et de bonnes performances. <\/p>    <figure class=\"wp-block-image size-large\"><img decoding=\"async\" src=\"https:\/\/taizypackaging.com\/wp-content\/uploads\/2021\/06\/structure-of-semi-automatic-labeling-machine.jpg\" alt=\"structure de la machine d&#039;\u00e9tiquetage semi-automatique\" class=\"wp-image-2208\"\/><figcaption class=\"wp-element-caption\">structure de la machine d'\u00e9tiquetage semi-automatique<\/figcaption><\/figure>    <h2 class=\"wp-block-heading\" id=\"h-features-of-the-semi-automatic-round-bottle-labeling-machine\">Caract\u00e9ristiques\u00a0de l'\u00e9tiqueteuse semi-automatique de bouteilles rondes<\/h2>    <ol class=\"wp-block-list\"> <li>La machine est fabriqu\u00e9e en alliage d'aluminium.\u00a0Il pr\u00e9sente les caract\u00e9ristiques de poids, de l\u00e9g\u00e8ret\u00e9, de simplicit\u00e9 d'utilisation, etc.<\/li>    <li>L'utilisation d'yeux \u00e9lectriques avanc\u00e9s peut rendre la sensibilit\u00e9 de d\u00e9tection des \u00e9tiquettes \u00e9lev\u00e9e. Il pr\u00e9sente une grande pr\u00e9cision d'\u00e9tiquetage et une conception ing\u00e9nieuse. Il vous suffit de mettre la bouteille\u00a0pour terminer l'\u00e9tiquetage automatique.<\/li>    <li>L'\u00e9tiqueteuse manuelle de bouteilles\u00a0utilise des rouleaux en caoutchouc de haute qualit\u00e9 avec de bonnes performances de transmission et un fonctionnement plus facile.<\/li>    <li>Le bras oscillant en aluminium allong\u00e9 et \u00e9pais offre une large gamme d'applications et une utilisation plus facile.<\/li>    <li>Moteur de frein synchrone, moteur haute vitesse haute puissance. L'\u00e9tiqueteuse d'autocollants pour bouteilles rondes peut fonctionner de mani\u00e8re stable pendant une longue p\u00e9riode.<\/li>    <li>Le r\u00e9glage de la position\u00a0simplifie le changement d'\u00e9tiquetage des bouteilles de sp\u00e9cifications diff\u00e9rentes. Et\u00a0la stabilit\u00e9 m\u00e9canique est grandement am\u00e9lior\u00e9e.<\/li>    <li>Conception de bureau\u00a0et structure simplifi\u00e9e. L'\u00e9tiqueteuse manuelle de bouteilles a une apparence compacte et des fonctions puissantes.<\/li> <\/ol>    <h2 class=\"wp-block-heading\" id=\"h-machine-details-presentation\">Syst\u00e8me d'\u00e9tiquetage de bouteilles rondes semi-automatique<\/h2>    <ol class=\"wp-block-list\"> <li>Le positionnement des fibres est plus pr\u00e9cis.<\/li>    <li>L'\u00e9tiqueteuse manuelle dispose d'un bac d'alimentation en papier r\u00e9glable. Il peut s\u2019adapter \u00e0 toutes sortes d\u2019\u00e9tiquettes dans le cahier des charges et est facile \u00e0 installer.<\/li>    <li>La machine est \u00e9quip\u00e9e de rouleaux r\u00e9cepteurs. Le processus d\u2019\u00e9tiquetage est r\u00e9glable, s\u00fbr et pratique. Cela peut am\u00e9liorer l\u2019efficacit\u00e9 du travail.<\/li>    <li>Soutenez le tube Kun. Il est pratique \u00e0 r\u00e9gler et dispose d'une large gamme d'applications. Peut \u00eatre personnalis\u00e9.<\/li>    <li>L'\u00e9tiqueteuse semi-automatique de bouteilles rondes est dot\u00e9e de tous les \u00e9crous en acier inoxydable. Ce type d'\u00e9crou ne se d\u00e9forme pas et est durable.<\/li>    <li>L'alimentation est \u00e9quip\u00e9e d'une fonction de protection contre les surintensit\u00e9s. S'il d\u00e9passe la plage d'utilisation normale, le fusible sautera automatiquement pour prot\u00e9ger la machine.<\/li>    <li>L'\u00e9tiqueteuse est facile \u00e0 utiliser. Le bras oscillant \u00e9paissi ne se d\u00e9forme pas et est durable.<\/li> <\/ol>    <figure class=\"wp-block-image size-large\"><img decoding=\"async\" src=\"https:\/\/taizypackaging.com\/wp-content\/uploads\/2021\/06\/machine-details-3.jpg\" alt=\"D\u00e9tails de la machine d&#039;\u00e9tiquetage de bouteilles semi-automatique\" class=\"wp-image-2210\"\/><figcaption class=\"wp-element-caption\">D\u00e9tails de la machine d'\u00e9tiquetage de bouteilles semi-automatique<\/figcaption><\/figure>    <h2 class=\"wp-block-heading\" id=\"why-choose-us-as-your-top-bottle-labeling-machine-manufacturer\">Pourquoi nous choisir comme principal fabricant d'\u00e9tiqueteuses de bouteilles ?<\/h2>    <p class=\"translation-block\">En tant qu'entreprise de <a href=\"https:\/\/taizypackaging.com\/fr\/\">machines d'emballage<\/a> forte et fiable, Taizy poss\u00e8de plus de 10 ans d'exp\u00e9rience dans les machines alimentaires et les \u00e9quipements d'emballage. <a href=\"https:\/\/taizypackaging.com\/fr\/machines-category\/labeling\/\">Toutes les machines \u00e0 \u00e9tiqueter<\/a> peuvent \u00eatre adapt\u00e9es \u00e0 vos besoins. Nous vous fournissons une ligne compl\u00e8te de remplissage et de scellage alimentaire ainsi qu'une ligne d'emballage de produits. Cette machine \u00e0 \u00e9tiqueter les bouteilles manuelle est \u00e0 un prix raisonnable, stable en qualit\u00e9 et avanc\u00e9e en performance. Nous vous fournirons des services pr\u00e9ventes et apr\u00e8s-ventes attentifs. Si vous avez des questions sur la machine \u00e0 \u00e9tiqueter les bouteilles semi-automatique ou si vous souhaitez obtenir un devis gratuit, contactez-nous ou laissez vos exigences ci-dessous. <\/p>    <figure class=\"wp-block-image size-large\"><img decoding=\"async\" src=\"https:\/\/taizypackaging.com\/wp-content\/uploads\/2021\/06\/factory.jpg\" alt=\"usine de machines \u00e0 \u00e9tiqueter\" class=\"wp-image-2209\"\/><figcaption class=\"wp-element-caption\">usine de machines \u00e0 \u00e9tiqueter<\/figcaption><\/figure>    <h2 class=\"wp-block-heading\" id=\"h-q-a\">Questions et r\u00e9ponses sur l'\u00e9tiqueteuse de bouteilles semi-automatique Taizy<\/h2>    <p>1. Quels types de bouteilles l'\u00e9tiqueteuse peut-elle emballer\u00a0?<\/p>    <p>Bouteilles rondes en plastique, bouteilles en verre, bouteilles en m\u00e9tal, bocaux, canettes, etc.<\/p>    <p>2. L'\u00e9tiqueteuse peut-elle \u00e9tiqueter la bouteille en 1 cercle ou demi-cercle ?<\/p>    <p>Bien s\u00fbr. Vous pouvez ajuster la largeur du colis souhait\u00e9e en fonction de vos besoins.<\/p>    <p>3. Quelle est la vitesse de l'\u00e9tiqueteuse ?<\/p>    <p>Il s'agit d'une \u00e9tiqueteuse manuelle. Diff\u00e9rentes personnes ont des vitesses d'\u00e9tiquetage diff\u00e9rentes.<\/p>    <p>4. Quel diam\u00e8tre de bouteille l'\u00e9tiqueteuse peut-elle emballer\u00a0?<\/p>    <p>L'\u00e9tiqueteuse peut \u00e9tiqueter des bouteilles d'un diam\u00e8tre sup\u00e9rieur \u00e0 3,5 cm. Si vous souhaitez \u00e9tiqueter des bouteilles d'un diam\u00e8tre inf\u00e9rieur \u00e0 3,5 cm, vous pouvez choisir une \u00e9tiqueteuse horizontale.<\/p>","protected":false},"excerpt":{"rendered":"<p>Semi automatic round bottle labeling machine is a small tabletop bottle labeler. It has a highly small size and low cost. Therefore, it is portable and very popular for small projects. Besides, the semi-automatic round bottle labeling machine has a wide range of applications. It can be applied for labeling various glass bottles, plastic bottles, [&hellip;]<\/p>\n","protected":false},"author":1,"featured_media":2206,"parent":0,"template":"","tags":[587,398],"product-type":[663],"class_list":["post-2200","product","type-product","status-publish","has-post-thumbnail","hentry","tag-bottle-labeling-machine","tag-round-bottle-labeling-machine","product-type-bottle-filling-production-line"],"_links":{"self":[{"href":"https:\/\/taizypackaging.com\/fr\/wp-json\/wp\/v2\/product\/2200","targetHints":{"allow":["GET"]}}],"collection":[{"href":"https:\/\/taizypackaging.com\/fr\/wp-json\/wp\/v2\/product"}],"about":[{"href":"https:\/\/taizypackaging.com\/fr\/wp-json\/wp\/v2\/types\/product"}],"author":[{"embeddable":true,"href":"https:\/\/taizypackaging.com\/fr\/wp-json\/wp\/v2\/users\/1"}],"wp:featuredmedia":[{"embeddable":true,"href":"https:\/\/taizypackaging.com\/fr\/wp-json\/wp\/v2\/media\/2206"}],"wp:attachment":[{"href":"https:\/\/taizypackaging.com\/fr\/wp-json\/wp\/v2\/media?parent=2200"}],"wp:term":[{"taxonomy":"post_tag","embeddable":true,"href":"https:\/\/taizypackaging.com\/fr\/wp-json\/wp\/v2\/tags?post=2200"},{"taxonomy":"product-type","embeddable":true,"href":"https:\/\/taizypackaging.com\/fr\/wp-json\/wp\/v2\/product-type?post=2200"}],"curies":[{"name":"wp","href":"https:\/\/api.w.org\/{rel}","templated":true}]}}