{"id":223,"date":"2020-08-25T07:30:31","date_gmt":"2020-08-25T07:30:31","guid":{"rendered":"https:\/\/taizypackaging.com\/?p=223"},"modified":"2024-07-16T17:58:55","modified_gmt":"2024-07-16T09:58:55","slug":"paste-packaging-machine","status":"publish","type":"product","link":"https:\/\/taizypackaging.com\/fr\/paste-packaging-machine\/","title":{"rendered":"Machine d'emballage de p\u00e2te"},"content":{"rendered":"<div class=\"kk-star-ratings kksr-auto kksr-align-left kksr-valign-top\"     data-payload='{&quot;align&quot;:&quot;left&quot;,&quot;id&quot;:&quot;223&quot;,&quot;slug&quot;:&quot;default&quot;,&quot;valign&quot;:&quot;top&quot;,&quot;ignore&quot;:&quot;&quot;,&quot;reference&quot;:&quot;auto&quot;,&quot;class&quot;:&quot;&quot;,&quot;count&quot;:&quot;23&quot;,&quot;legendonly&quot;:&quot;&quot;,&quot;readonly&quot;:&quot;&quot;,&quot;score&quot;:&quot;4.6&quot;,&quot;starsonly&quot;:&quot;&quot;,&quot;best&quot;:&quot;5&quot;,&quot;gap&quot;:&quot;5&quot;,&quot;greet&quot;:&quot;Rate this product&quot;,&quot;legend&quot;:&quot;4.6\\\/5 - (23 votes)&quot;,&quot;size&quot;:&quot;24&quot;,&quot;title&quot;:&quot;Paste Packing Machine&quot;,&quot;width&quot;:&quot;130.9&quot;,&quot;_legend&quot;:&quot;{score}\\\/{best} - ({count} {votes})&quot;,&quot;font_factor&quot;:&quot;1.25&quot;}'>              <div class=\"kksr-stars\">      <div class=\"kksr-stars-inactive\">             <div class=\"kksr-star\" data-star=\"1\" style=\"padding-right: 5px\">               <div class=\"kksr-icon\" style=\"width: 24px; height: 24px;\"><\/div>         <\/div>             <div class=\"kksr-star\" data-star=\"2\" style=\"padding-right: 5px\">               <div class=\"kksr-icon\" style=\"width: 24px; height: 24px;\"><\/div>         <\/div>             <div class=\"kksr-star\" data-star=\"3\" style=\"padding-right: 5px\">               <div class=\"kksr-icon\" style=\"width: 24px; height: 24px;\"><\/div>         <\/div>             <div class=\"kksr-star\" data-star=\"4\" style=\"padding-right: 5px\">               <div class=\"kksr-icon\" style=\"width: 24px; height: 24px;\"><\/div>         <\/div>             <div class=\"kksr-star\" data-star=\"5\" style=\"padding-right: 5px\">               <div class=\"kksr-icon\" style=\"width: 24px; height: 24px;\"><\/div>         <\/div>     <\/div>      <div class=\"kksr-stars-active\" style=\"width: 130.9px;\">             <div class=\"kksr-star\" style=\"padding-right: 5px\">               <div class=\"kksr-icon\" style=\"width: 24px; height: 24px;\"><\/div>         <\/div>             <div class=\"kksr-star\" style=\"padding-right: 5px\">               <div class=\"kksr-icon\" style=\"width: 24px; height: 24px;\"><\/div>         <\/div>             <div class=\"kksr-star\" style=\"padding-right: 5px\">               <div class=\"kksr-icon\" style=\"width: 24px; height: 24px;\"><\/div>         <\/div>             <div class=\"kksr-star\" style=\"padding-right: 5px\">               <div class=\"kksr-icon\" style=\"width: 24px; height: 24px;\"><\/div>         <\/div>             <div class=\"kksr-star\" style=\"padding-right: 5px\">               <div class=\"kksr-icon\" style=\"width: 24px; height: 24px;\"><\/div>         <\/div>     <\/div> <\/div>                   <div class=\"kksr-legend\" style=\"font-size: 19.2px;\">             4,6\/5 - (23 votes)    <\/div>     <\/div>  <p class=\"translation-block\"><strong>La machine d'emballage de p\u00e2te<\/strong> est con\u00e7ue pour des mat\u00e9riaux p\u00e2teux qui n'ont pas une bonne fluidit\u00e9, tels que le beurre de cacahu\u00e8te, la p\u00e2te de tomate, le beurre de s\u00e9same, le dentifrice, la p\u00e2te de gingembre et d'ail, la p\u00e2te de curry, la cr\u00e8me cosm\u00e9tique, la lotion, etc. Elle peut automatiquement terminer le processus de pes\u00e9e, de remplissage, de scellement et de d\u00e9coupe. C'est absolument un excellent outil d'emballage pour votre usine. Avec une bonne qualit\u00e9 et des prix comp\u00e9titifs, l'\u00e9quipement d'emballage de p\u00e2te de Taizy a \u00e9t\u00e9 export\u00e9 avec succ\u00e8s vers plus de 30 pays et r\u00e9gions. Si vous \u00eates int\u00e9ress\u00e9 par cette machine, contactez-nous pour le meilleur devis. <\/p>    <h2 class=\"wp-block-heading\" id=\"paste-packing-machine-working-video\">Vid\u00e9o de travail de la machine \u00e0 emballer de p\u00e2te <\/h2>   <figure class=\"wp-block-embed-youtube wp-block-embed is-type-video is-provider-youtube wp-embed-aspect-16-9 wp-has-aspect-ratio\"><div class=\"lyte-wrapper fourthree\" title=\"Machine d&#039;emballage automatique super efficace pour sachets de p\u00e2te pour sauce, ketchup, miel et beurre\" style=\"width:960px;max-width:100%;margin:5px auto;\"><div class=\"lyMe hidef\" id=\"WYL_32VXxg043VA\" itemprop=\"video\" itemscope itemtype=\"https:\/\/schema.org\/VideoObject\"><div><meta itemprop=\"thumbnailUrl\" content=\"https:\/\/taizypackaging.com\/wp-content\/plugins\/wp-youtube-lyte\/lyteCache.php?origThumbUrl=https%3A%2F%2Fi.ytimg.com%2Fvi%2F32VXxg043VA%2Fmaxresdefault.jpg\" \/><meta itemprop=\"embedURL\" content=\"https:\/\/www.youtube.com\/embed\/32VXxg043VA\" \/><meta itemprop=\"duration\" content=\"PT4M14S\" \/><meta itemprop=\"uploadDate\" content=\"2022-01-18T04:21:51Z\" \/><\/div><div id=\"lyte_32VXxg043VA\" data-src=\"https:\/\/taizypackaging.com\/wp-content\/plugins\/wp-youtube-lyte\/lyteCache.php?origThumbUrl=https%3A%2F%2Fi.ytimg.com%2Fvi%2F32VXxg043VA%2Fmaxresdefault.jpg\" class=\"pL\"><div class=\"tC\"><div class=\"tT\" itemprop=\"name\">Machine d'emballage automatique super efficace pour sachets de p\u00e2te pour sauce, ketchup, miel et beurre<\/div><\/div><div class=\"play\"><\/div><div class=\"ctrl\"><div class=\"Lctrl\"><\/div><div class=\"Rctrl\"><\/div><\/div><\/div><noscript><a href=\"https:\/\/youtu.be\/32VXxg043VA\" rel=\"nofollow noopener\" target=\"_blank\"><img loading=\"lazy\" decoding=\"async\" src=\"https:\/\/taizypackaging.com\/wp-content\/plugins\/wp-youtube-lyte\/lyteCache.php?origThumbUrl=https%3A%2F%2Fi.ytimg.com%2Fvi%2F32VXxg043VA%2F0.jpg\" alt=\"Machine d&#039;emballage automatique super efficace pour sachets de p\u00e2te pour sauce, ketchup, miel et beurre\" width=\"960\" height=\"700\" \/><br \/>Watch this video on YouTube<\/a><\/noscript><meta itemprop=\"description\" content=\"Email: Email: info@taizypackaging.com Tel\/ WhatsApp: +86 18837171591 https:\/\/taizypackaging.com\/paste-packaging-machine\/ Automatic paste pouch packing machine is suitable for packing various paste items, such as sauce, honey, ketchup, butter, etc. It has a small size and attractive price. And it can greatly improve your efficiency and benefit your project. Advantages of automatic liquid packing machine 1. Wide range of packaging: suitable for liquids of various states and properties; 2. Convenient operation: PLC control and man-machine interface operating system make the operation intuitive and convenient; 3. Suitable for different types of packaging bags; 4. Perfect prevention system to ensure the yield rate and not waste bags and materials; 5. The packaging part of the machine adopts stainless steel materials to ensure the sanitation of the materials and comply with GMP standards; 6. The high degree of automation: unmanned in the whole process of weighing and packaging, automatic alarm when a failure occurs; 7. The liquid packaging machine adopts a waterproof design. You can wash it with water. it will reduce the difficulty of cleaning and increases the service life of the machine. Email: Email: info@taizypackaging.com Tel\/ WhatsApp: +86 18837171591\"><\/div><\/div><div class=\"lL\" style=\"max-width:100%;width:960px;margin:5px auto;\"><\/div><figcaption><\/figcaption><\/figure>   <h2 class=\"wp-block-heading\" id=\"h-applications-of-paste-packing-machine\">Applications de la machine d'emballage de p\u00e2te<\/h2>    <p class=\"translation-block\">La machine d'emballage de sauce est une <strong>machine d'emballage de p\u00e2te en sachet enti\u00e8rement automatique<\/strong>. Elle dispose donc de fonctions telles que la fabrication automatique de sachets, le remplissage quantitatif, l'identification photo\u00e9lectrique, le scellement thermique et l'impression de date. Comme nous le savons, une machine d'emballage en sachet est adapt\u00e9e aux mat\u00e9riaux p\u00e2teux liquides dans les assaisonnements alimentaires, les boissons, les m\u00e9dicaments, les produits chimiques quotidiens, les sauces, les engrais foliaires, les sacs d'huile, le miel, le shampoing, les cosm\u00e9tiques et d'autres mat\u00e9riaux d'emballage.<\/p>    <figure class=\"wp-block-image size-full\"><img decoding=\"async\" src=\"https:\/\/taizypackaging.com\/wp-content\/uploads\/2020\/08\/paste-packing-machine-applications.jpg\" alt=\"applications de machines \u00e0 emballer de p\u00e2te\" class=\"wp-image-4056\"\/><figcaption class=\"wp-element-caption\">applications de machines \u00e0 emballer de p\u00e2te<\/figcaption><\/figure>    <h2 class=\"wp-block-heading\" id=\"h-product-parameter-of-paste-filling-packing-machine\">Param\u00e8tre de produit de la machine d'emballage de remplissage de p\u00e2te<\/h2>    <figure class=\"wp-block-table\"><table><tbody><tr><td>Emballage<\/td><td>Scellage arri\u00e8re, scellage sur 3 c\u00f4t\u00e9s, scellage sur 4 c\u00f4t\u00e9s<\/td><\/tr><tr><td>Vitesse d'emballage<\/td><td>24-60 sacs\/min<\/td><\/tr><tr><td>Longueur de sac<\/td><td>30-150mm<\/td><\/tr><tr><td>Largeur du sac<\/td><td>25-145mm<\/td><\/tr><tr><td>Plage de pes\u00e9e<\/td><td>40 ml ou 20-100 ml<\/td><\/tr><tr><td>Pouvoir<\/td><td>2,2 kW<\/td><\/tr><tr><td>Pression de l'air<\/td><td>0,6-0,7 MP<\/td><\/tr><tr><td>Poids<\/td><td>280KG<\/td><\/tr><tr><td>Taille<\/td><td>1150*700*1750mm<\/td><\/tr><tr><td>Taille du carton<\/td><td>1100*750*1820mm<\/td><\/tr><\/tbody><\/table><\/figure>    <h2 class=\"wp-block-heading\" id=\"h-structures-of-automatic-paste-packaging-machine\">Structures de la machine de conditionnement automatique de p\u00e2te<\/h2>    <p>Une machine de conditionnement automatique de p\u00e2te \u00e0 sauce se compose principalement d'un syst\u00e8me d'alimentation et d'un syst\u00e8me d'emballage. Il comprend une bobine de film, une tr\u00e9mie, un panneau de commande PLC, une machine \u00e0 pression d'air, un dispositif de thermoscellage, un couvercle de protection et une roue de film \u00e0 tirer. Toutes nos machines d'emballage de p\u00e2te sont utilis\u00e9es en acier inoxydable, durables et fiables. Cette machine a une structure tr\u00e8s simple et une conception raisonnable. Il est donc assez simple \u00e0 utiliser et \u00e0 entretenir. En outre, Taizy Packaging Machinery fournit un service apr\u00e8s-vente intime et fiable pour r\u00e9soudre vos probl\u00e8mes en temps opportun. <\/p>    <figure class=\"wp-block-image size-full\"><img loading=\"lazy\" decoding=\"async\" width=\"720\" height=\"540\" src=\"https:\/\/taizypackaging.com\/wp-content\/uploads\/2020\/08\/paste-packing-machine-structure.jpg\" alt=\"structure de machine \u00e0 emballer de p\u00e2te\" class=\"wp-image-4057\" srcset=\"https:\/\/taizypackaging.com\/wp-content\/uploads\/2020\/08\/paste-packing-machine-structure.jpg 720w, https:\/\/taizypackaging.com\/wp-content\/uploads\/2020\/08\/paste-packing-machine-structure-300x225.jpg 300w\" sizes=\"auto, (max-width: 720px) 100vw, 720px\" \/><figcaption class=\"wp-element-caption\">structure de machine \u00e0 emballer de p\u00e2te<\/figcaption><\/figure>    <h2 class=\"wp-block-heading\" id=\"h-advantages-of-paste-pouch-packing-machine\">Avantages de la machine d'emballage de sachets de p\u00e2te<\/h2>    <p class=\"translation-block\"><strong>La machine d'emballage de sachets de p\u00e2te<\/strong> adopte l'int\u00e9gration \u00e9lectrom\u00e9canique, un syst\u00e8me de contr\u00f4le micro-ordinateur \u00e0 double CPU, et un grand \u00e9cran LCD. De plus, la machine d'emballage de p\u00e2te de sauce adopte un syst\u00e8me de correction de suivi photo\u00e9lectrique contr\u00f4l\u00e9 par micro-ordinateur. Elle est \u00e9quip\u00e9e d'un moteur pas \u00e0 pas haute pr\u00e9cision et positionne avec pr\u00e9cision chaque motif de sac d'emballage. <\/p>    <p>Un syst\u00e8me de contr\u00f4le compl\u00e8te la synchronisation, la longueur fixe, le positionnement et la vitesse de l'ensemble de la machine.  Le plus important est qu\u2019il peut diagnostiquer automatiquement les pannes. Vous pouvez choisir de vous \u00e9quiper d\u2019une machine \u00e0 coder \u00e0 ruban ou d\u2019un dispositif de codage \u00e0 pochoir. La machine d'emballage de sauce ketchup peut effectuer automatiquement une s\u00e9rie d'actions telles que la fabrication de sacs, le remplissage, le comptage, le scellage et la d\u00e9coupe. <\/p>    <p>Il n'est pas n\u00e9cessaire de s'arr\u00eater pendant tout le processus de r\u00e9glage, ni lorsque vous ajustez le poids.<\/p>    <figure class=\"wp-block-image size-full\"><img decoding=\"async\" src=\"https:\/\/taizypackaging.com\/wp-content\/uploads\/2020\/08\/paste-packaging-machine-pump.jpg\" alt=\"pompe de machine d&#039;emballage de p\u00e2te\" class=\"wp-image-4058\"\/><figcaption class=\"wp-element-caption\">pompe de machine d'emballage de p\u00e2te<\/figcaption><\/figure>    <h2 class=\"wp-block-heading\" id=\"h-packaging-methods-and-packaging-materials\">M\u00e9thodes d'emballage et mat\u00e9riaux d'emballage<\/h2>    <h3 class=\"wp-block-heading\" id=\"h-package-method\">M\u00e9thode de package<\/h3>    <p>Cette machine d'emballage de p\u00e2te prend en charge les m\u00e9thodes de scellage arri\u00e8re, de scellage sur trois c\u00f4t\u00e9s et de scellage sur quatre c\u00f4t\u00e9s. En outre, il propose diverses m\u00e9thodes de scellage des sacs, telles que le zigzag, le sac \u00e0 cha\u00eene, le sac droit, etc. <\/p>    <figure class=\"wp-block-gallery has-nested-images columns-3 is-cropped wp-block-gallery-2 is-layout-flex wp-block-gallery-is-layout-flex\"> <figure class=\"wp-block-image size-large\"><a href=\"https:\/\/taizypackaging.com\/wp-content\/uploads\/2020\/08\/chili-sauce-packing.jpg\"><img decoding=\"async\" data-id=\"1132\" src=\"https:\/\/taizypackaging.com\/wp-content\/uploads\/2020\/08\/chili-sauce-packing.jpg\" alt=\"emballage de sauce chili\" class=\"wp-image-1132\"\/><\/a><\/figure>    <figure class=\"wp-block-image size-large\"><a href=\"https:\/\/taizypackaging.com\/wp-content\/uploads\/2020\/08\/chain-bag.jpg\"><img decoding=\"async\" data-id=\"1130\" src=\"https:\/\/taizypackaging.com\/wp-content\/uploads\/2020\/08\/chain-bag.jpg\" alt=\"sac \u00e0 cha\u00eene\" class=\"wp-image-1130\"\/><\/a><\/figure>    <figure class=\"wp-block-image size-large\"><a href=\"https:\/\/taizypackaging.com\/wp-content\/uploads\/2020\/08\/Shampoo-packaging.jpg\"><img decoding=\"async\" data-id=\"1133\" src=\"https:\/\/taizypackaging.com\/wp-content\/uploads\/2020\/08\/Shampoo-packaging.jpg\" alt=\"Emballage de shampoing\" class=\"wp-image-1133\"\/><\/a><\/figure> <\/figure>    <h3 class=\"wp-block-heading\" id=\"h-packing-film-material\">Mat\u00e9riau du film d'emballage<\/h3>    <div class=\"wp-block-columns is-layout-flex wp-container-core-columns-is-layout-9d6595d7 wp-block-columns-is-layout-flex\"> <div class=\"wp-block-column is-layout-flow wp-block-column-is-layout-flow\"> <figure class=\"wp-block-image size-full\"><img decoding=\"async\" src=\"https:\/\/taizypackaging.com\/wp-content\/uploads\/2020\/08\/packaging-film-3.jpg\" alt=\"film d&#039;emballage\" class=\"wp-image-4068\"\/><\/figure> <\/div>    <div class=\"wp-block-column is-layout-flow wp-block-column-is-layout-flow\"> <figure class=\"wp-block-image size-full\"><img decoding=\"async\" src=\"https:\/\/taizypackaging.com\/wp-content\/uploads\/2020\/08\/packing-film.jpg\" alt=\"film d&#039;emballage\" class=\"wp-image-4069\"\/><\/figure> <\/div> <\/div>    <h2 class=\"wp-block-heading\" id=\"h-why-choose-us-as-your-top-paste-packaging-machine-manufacturer\">Pourquoi nous choisir comme principal fabricant de machines d'emballage de p\u00e2te ? <\/h2>    <p>Nous sommes des fabricants professionnels de machines \u00e0 emballer les sauces. Notre entreprise est engag\u00e9e dans ce domaine depuis plus de dix ans. Nous pouvons fournir des machines de haute qualit\u00e9 et un service apr\u00e8s-vente parfait. Notre usine dispose d'un grand stock de machines d'emballage et nous enverrons les machines d\u00e8s que nous recevrons votre commande. Toutes les machines d'emballage sont personnalisables.<\/p>    <figure class=\"wp-block-image size-full\"><img decoding=\"async\" src=\"https:\/\/taizypackaging.com\/wp-content\/uploads\/2020\/08\/paste-packing-machine-factory.jpg\" alt=\"usine de machines \u00e0 emballer de p\u00e2te\" class=\"wp-image-4065\"\/><figcaption class=\"wp-element-caption\">usine de machines \u00e0 emballer de p\u00e2te<\/figcaption><\/figure>    <h2 class=\"wp-block-heading\" id=\"h-customer-case\">Cas client<\/h2>    <p>D\u00e9but octobre, notre client \u00e9quatorien a laiss\u00e9 un message sur notre site Internet. Il a dit qu'il voulait une machine d'emballage de p\u00e2te pour emballer le ketchup. Il travaille dans un magasin de nouilles priv\u00e9. Il souhaite donc emballer le ketchup dans de petits sacs faciles \u00e0 transporter. Selon son budget, nous lui avons recommand\u00e9 la plus petite machine d'emballage de p\u00e2te. Comme nous le savons, le ketchup est un aliment acide, adapt\u00e9 aux films d'emballage PET, AL, PET, PE. De plus, le client exige un dispositif facile \u00e0 d\u00e9chirer. Il souhaitait \u00e9galement emballer des mati\u00e8res p\u00e2teuses telles que des sauces, des sauces \u00e9pic\u00e9es et du tahini. Nous lui avons donc envoy\u00e9 deux pompes \u00e0 p\u00e2te. La vitesse de conditionnement est contr\u00f4l\u00e9e \u00e0 20 sacs par minute.<\/p>    <h2 class=\"wp-block-heading\" id=\"details-of-paste-packing-equipment\">D\u00e9tails de l'\u00e9quipement d'emballage de p\u00e2te <\/h2>    <figure class=\"wp-block-image size-full\"><img decoding=\"async\" src=\"https:\/\/taizypackaging.com\/wp-content\/uploads\/2020\/08\/paste-packing-machine-details.jpg\" alt=\"coller les d\u00e9tails de la machine \u00e0 emballer\" class=\"wp-image-4060\"\/><figcaption class=\"wp-element-caption\">coller les d\u00e9tails de la machine \u00e0 emballer<\/figcaption><\/figure>    <p>&nbsp;<\/p>","protected":false},"excerpt":{"rendered":"<p>Paste packing machine is designed for paste materials that do not have good fluidity, such as peanut butter, tomato paste, sesame butter, toothpaste, ginger garlic paste, curry paste, cosmetic cream, lotion, etc. It can automatically finish the process of weighing, filling, sealing, and cutting. It is absolutely a great packaging tool for your factory. With [&hellip;]<\/p>\n","protected":false},"author":1,"featured_media":765,"parent":0,"template":"","tags":[338,584,585],"product-type":[662],"class_list":["post-223","product","type-product","status-publish","has-post-thumbnail","hentry","tag-paste-packing-machine","tag-tomato-paste-packing-machine","tag-toothpaste-packing-machine","product-type-paste-packing-machines"],"_links":{"self":[{"href":"https:\/\/taizypackaging.com\/fr\/wp-json\/wp\/v2\/product\/223","targetHints":{"allow":["GET"]}}],"collection":[{"href":"https:\/\/taizypackaging.com\/fr\/wp-json\/wp\/v2\/product"}],"about":[{"href":"https:\/\/taizypackaging.com\/fr\/wp-json\/wp\/v2\/types\/product"}],"author":[{"embeddable":true,"href":"https:\/\/taizypackaging.com\/fr\/wp-json\/wp\/v2\/users\/1"}],"wp:featuredmedia":[{"embeddable":true,"href":"https:\/\/taizypackaging.com\/fr\/wp-json\/wp\/v2\/media\/765"}],"wp:attachment":[{"href":"https:\/\/taizypackaging.com\/fr\/wp-json\/wp\/v2\/media?parent=223"}],"wp:term":[{"taxonomy":"post_tag","embeddable":true,"href":"https:\/\/taizypackaging.com\/fr\/wp-json\/wp\/v2\/tags?post=223"},{"taxonomy":"product-type","embeddable":true,"href":"https:\/\/taizypackaging.com\/fr\/wp-json\/wp\/v2\/product-type?post=223"}],"curies":[{"name":"wp","href":"https:\/\/api.w.org\/{rel}","templated":true}]}}