{"id":2233,"date":"2021-07-07T08:37:41","date_gmt":"2021-07-07T08:37:41","guid":{"rendered":"https:\/\/taizypackaging.com\/?p=2233"},"modified":"2024-07-17T17:00:37","modified_gmt":"2024-07-17T09:00:37","slug":"round-bottle-labeling-machine","status":"publish","type":"product","link":"https:\/\/taizypackaging.com\/fr\/round-bottle-labeling-machine\/","title":{"rendered":"\u00c9tiqueteuse automatique de bouteilles rondes"},"content":{"rendered":"<div class=\"kk-star-ratings kksr-auto kksr-align-left kksr-valign-top\"     data-payload='{&quot;align&quot;:&quot;left&quot;,&quot;id&quot;:&quot;2233&quot;,&quot;slug&quot;:&quot;default&quot;,&quot;valign&quot;:&quot;top&quot;,&quot;ignore&quot;:&quot;&quot;,&quot;reference&quot;:&quot;auto&quot;,&quot;class&quot;:&quot;&quot;,&quot;count&quot;:&quot;11&quot;,&quot;legendonly&quot;:&quot;&quot;,&quot;readonly&quot;:&quot;&quot;,&quot;score&quot;:&quot;4.6&quot;,&quot;starsonly&quot;:&quot;&quot;,&quot;best&quot;:&quot;5&quot;,&quot;gap&quot;:&quot;5&quot;,&quot;greet&quot;:&quot;Rate this product&quot;,&quot;legend&quot;:&quot;4.6\\\/5 - (11 votes)&quot;,&quot;size&quot;:&quot;24&quot;,&quot;title&quot;:&quot;Automatic Round Bottle Labeling Machine&quot;,&quot;width&quot;:&quot;130.9&quot;,&quot;_legend&quot;:&quot;{score}\\\/{best} - ({count} {votes})&quot;,&quot;font_factor&quot;:&quot;1.25&quot;}'>              <div class=\"kksr-stars\">      <div class=\"kksr-stars-inactive\">             <div class=\"kksr-star\" data-star=\"1\" style=\"padding-right: 5px\">               <div class=\"kksr-icon\" style=\"width: 24px; height: 24px;\"><\/div>         <\/div>             <div class=\"kksr-star\" data-star=\"2\" style=\"padding-right: 5px\">               <div class=\"kksr-icon\" style=\"width: 24px; height: 24px;\"><\/div>         <\/div>             <div class=\"kksr-star\" data-star=\"3\" style=\"padding-right: 5px\">               <div class=\"kksr-icon\" style=\"width: 24px; height: 24px;\"><\/div>         <\/div>             <div class=\"kksr-star\" data-star=\"4\" style=\"padding-right: 5px\">               <div class=\"kksr-icon\" style=\"width: 24px; height: 24px;\"><\/div>         <\/div>             <div class=\"kksr-star\" data-star=\"5\" style=\"padding-right: 5px\">               <div class=\"kksr-icon\" style=\"width: 24px; height: 24px;\"><\/div>         <\/div>     <\/div>      <div class=\"kksr-stars-active\" style=\"width: 130.9px;\">             <div class=\"kksr-star\" style=\"padding-right: 5px\">               <div class=\"kksr-icon\" style=\"width: 24px; height: 24px;\"><\/div>         <\/div>             <div class=\"kksr-star\" style=\"padding-right: 5px\">               <div class=\"kksr-icon\" style=\"width: 24px; height: 24px;\"><\/div>         <\/div>             <div class=\"kksr-star\" style=\"padding-right: 5px\">               <div class=\"kksr-icon\" style=\"width: 24px; height: 24px;\"><\/div>         <\/div>             <div class=\"kksr-star\" style=\"padding-right: 5px\">               <div class=\"kksr-icon\" style=\"width: 24px; height: 24px;\"><\/div>         <\/div>             <div class=\"kksr-star\" style=\"padding-right: 5px\">               <div class=\"kksr-icon\" style=\"width: 24px; height: 24px;\"><\/div>         <\/div>     <\/div> <\/div>                   <div class=\"kksr-legend\" style=\"font-size: 19.2px;\">             4,6\/5 - (11 votes)    <\/div>     <\/div>  <p class=\"translation-block\"><strong>Machine d'\u00e9tiquetage automatique pour bouteilles rondes<\/strong> peut compl\u00e8tement terminer le processus d'\u00e9tiquetage de diverses bouteilles. Elle convient aux bouteilles en plastique, en verre, en m\u00e9tal, aux bo\u00eetes rondes, aux bocaux, etc. Comme nous le savons, l'\u00e9tiquette est importante pour un produit, elle repr\u00e9sente non seulement une marque mais montre \u00e9galement aux acheteurs la premi\u00e8re impression de votre produit. Cette machine d'\u00e9tiquetage automatique pour bouteilles peut aider \u00e0 rendre vos produits attrayants et beaux. <strong>Taizy<\/strong> est un fabricant professionnel de machines d'\u00e9tiquetage en Chine, fournissant diverses machines d'\u00e9tiquetage pour bouteilles \u00e0 vendre, telles que la machine d'\u00e9tiquetage automatique pour bouteilles, <a href=\"https:\/\/taizypackaging.com\/fr\/semi-automatic-round-bottle-labeling-machine-for-sale\/\">machine d'\u00e9tiquetage semi-automatique pour bouteilles<\/a>, et machine d'\u00e9tiquetage plate. Toutes nos machines sont con\u00e7ues et fabriqu\u00e9es selon des normes internationales. \u00cates-vous int\u00e9ress\u00e9 par une machine d'\u00e9tiquetage pour bouteilles ? Contactez-nous pour une liste de prix gratuite. <\/p>   <figure class=\"wp-block-embed-youtube wp-block-embed is-type-video is-provider-youtube wp-embed-aspect-16-9 wp-has-aspect-ratio\"><div class=\"lyte-wrapper fourthree\" title=\"\u00c9tiqueteuses automatiques de bouteilles rondes\" style=\"width:960px;max-width:100%;margin:5px auto;\"><div class=\"lyMe hidef\" id=\"WYL_CCdx5K88i5Q\" itemprop=\"video\" itemscope itemtype=\"https:\/\/schema.org\/VideoObject\"><div><meta itemprop=\"thumbnailUrl\" content=\"https:\/\/taizypackaging.com\/wp-content\/plugins\/wp-youtube-lyte\/lyteCache.php?origThumbUrl=https%3A%2F%2Fi.ytimg.com%2Fvi%2FCCdx5K88i5Q%2Fmaxresdefault.jpg\" \/><meta itemprop=\"embedURL\" content=\"https:\/\/www.youtube.com\/embed\/CCdx5K88i5Q\" \/><meta itemprop=\"duration\" content=\"PT2M59S\" \/><meta itemprop=\"uploadDate\" content=\"2021-07-07T06:05:11Z\" \/><\/div><meta itemprop=\"accessibilityFeature\" content=\"captions\" \/><div id=\"lyte_CCdx5K88i5Q\" data-src=\"https:\/\/taizypackaging.com\/wp-content\/plugins\/wp-youtube-lyte\/lyteCache.php?origThumbUrl=https%3A%2F%2Fi.ytimg.com%2Fvi%2FCCdx5K88i5Q%2Fmaxresdefault.jpg\" class=\"pL\"><div class=\"tC\"><div class=\"tT\" itemprop=\"name\">\u00c9tiqueteuses automatiques de bouteilles rondes<\/div><\/div><div class=\"play\"><\/div><div class=\"ctrl\"><div class=\"Lctrl\"><\/div><div class=\"Rctrl\"><\/div><\/div><\/div><noscript><a href=\"https:\/\/youtu.be\/CCdx5K88i5Q\" rel=\"nofollow noopener\" target=\"_blank\"><img loading=\"lazy\" decoding=\"async\" src=\"https:\/\/taizypackaging.com\/wp-content\/plugins\/wp-youtube-lyte\/lyteCache.php?origThumbUrl=https%3A%2F%2Fi.ytimg.com%2Fvi%2FCCdx5K88i5Q%2F0.jpg\" alt=\"\u00c9tiqueteuses automatiques de bouteilles rondes\" width=\"960\" height=\"700\" \/><br \/>Watch this video on YouTube<\/a><\/noscript><meta itemprop=\"description\" content=\"Whatsapp\/Wechat\/Tel\uff1a+86 19139754781 Learn more details:https:\/\/taizypackaging.com\/round-bottle-labeling-machine\/ Automatic positioning round bottle labeling machine is suitable for labeling on the circumference of round bottles, single and double labels can be applied, and the spacing between the front and back double labels can be flexibly adjusted, such as jelly bottles, food round cans, etc. It is widely used in cosmetics, food, medicine, sterilized water, and other industries. Selecting a circumferential positioning detection device can realize labeling at the specified position on the circumferential surface.\"><\/div><\/div><div class=\"lL\" style=\"max-width:100%;width:960px;margin:5px auto;\"><\/div><figcaption><\/figcaption><\/figure>   <h2 class=\"wp-block-heading\" id=\"h-introduction-of-round-bottle-labeling-machine\">Introduction de l'\u00e9tiqueteuse automatique de bouteilles rondes<\/h2>    <p class=\"translation-block\">La machine d'\u00e9tiquetage automatique \u00e0 positionnement pour bouteilles rondes est adapt\u00e9e pour l'\u00e9tiquetage sur toute la circonf\u00e9rence des bouteilles rondes, des \u00e9tiquettes simples et doubles peuvent \u00eatre appliqu\u00e9es. L'intervalle entre les deux \u00e9tiquettes peut \u00eatre ajust\u00e9 de mani\u00e8re flexible. Elle est largement utilis\u00e9e dans les cosm\u00e9tiques, l'alimentation, la m\u00e9decine, l'eau st\u00e9rilis\u00e9e et d'autres industries. La machine d'\u00e9tiquetage automatique \u00e0 positionnement pour bouteilles rondes peut \u00eatre utilis\u00e9e avec d'autres machines, telles que les <a rel=\"noreferrer noopener\" href=\"https:\/\/taizypackaging.com\/fr\/automatic-liquid-filling-machine\/\" target=\"_blank\">machines de remplissage liquide automatiques<\/a>.<\/p>    <h2 class=\"wp-block-heading\" id=\"h-application-of-automatic-round-bottle-labeling-machine\">Applications de l'\u00e9tiqueteuse automatique de bouteilles rondes<\/h2>    <p>\u00c9tant donn\u00e9 que l'\u00e9tiqueteuse de bouteilles rondes \u00e0 positionnement automatique peut appliquer des \u00e9tiquettes, des films autocollants, des codes de surveillance \u00e9lectronique et des codes \u00e0 barres sur la circonf\u00e9rence de produits cylindriques, elle peut r\u00e9aliser les fonctions de circonf\u00e9rence circulaire, semi-circulaire, d'\u00e9tiquetage circulaire double face, etc. Par cons\u00e9quent, il est largement utilis\u00e9 pour l\u2019\u00e9tiquetage des conteneurs dans diverses industries telles que les boissons, les produits chimiques quotidiens, l\u2019alimentation, les produits pharmaceutiques, la p\u00e9trochimie, les cosm\u00e9tiques, etc.<\/p>    <figure class=\"wp-block-image size-large\"><img decoding=\"async\" src=\"https:\/\/taizypackaging.com\/wp-content\/uploads\/2021\/07\/labeling-machines-for-all-kinds-of-bottles.jpg\" alt=\"applications automatiques d&#039;\u00e9tiqueteuses de bouteilles rondes\" class=\"wp-image-2235\"\/><figcaption class=\"wp-element-caption\">applications automatiques d'\u00e9tiqueteuses de bouteilles rondes<\/figcaption><\/figure>    <h2 class=\"wp-block-heading\" id=\"h-machine-parameters\">Param\u00e8tres de la machine d'\u00e9tiquetage automatique de bouteilles rondes <\/h2>    <figure class=\"wp-block-table is-style-stripes\"><table><tbody><tr><td>Pouvoir<\/td><td>CA 220 V\/500 W\/50\/60 Hz<\/td><\/tr><tr><td>Plage de quantit\u00e9 d'emballage<\/td><td>0 ~ 25 bouteille\/min<\/td><\/tr><tr><td>Pr\u00e9cision de l'\u00e9tiquetage<\/td><td>\u00b11mm<\/td><\/tr><tr><td>Plage d'\u00e9tiquetage applicable<\/td><td>Hauteur : 15 ~ 200 mm Longueur : 20 ~ 400 mm<\/td><\/tr><tr><td>Approvisionnement maximal en \u00e9tiquetage<\/td><td>Diam\u00e8tre : 400 mm Diam\u00e8tre du tambour : 76 mm<\/td><\/tr><tr><td>Poids<\/td><td>200 kg<\/td><\/tr><\/tbody><\/table><\/figure>    <h2 class=\"wp-block-heading\" id=\"h-features-of-automatic-round-bottle-labeler\">Caract\u00e9ristiques de l'\u00e9tiqueteuse automatique de bouteilles rondes<\/h2>    <ol class=\"wp-block-list\" id=\"block-aeff97e6-c0a4-4095-bf9a-28e5d9015ede\"> <li><strong>Large gamme d'applications :<\/strong>&nbsp;Le m\u00e9tal, le verre, le plastique, le PET et d'autres objets de diff\u00e9rents mat\u00e9riaux peuvent \u00eatre adapt\u00e9s ; Des \u00e9tiquettes autocollantes, un film autocollant, un code \u00e9lectronique de supervision, un code barre, des \u00e9tiquettes \u00e0 code bidimensionnel peuvent \u00e9galement \u00eatre adapt\u00e9s.<\/li>    <li><strong>Pr\u00e9cis et fiable\u00a0:<\/strong>&nbsp;Bon effet d'\u00e9tiquetage, pr\u00e9cision \u00b1 1 mm\u00a0; Utilisation d'un moteur pas \u00e0 pas PLC + subdivision pour alimenter la norme, la norme de livraison\u00a0; Utilisation d'un m\u00e9canisme de frein \u00e0 came, tension uniforme, pour garantir que la courroie d'\u00e9tiquette est tendue, r\u00e9duire l'arrachement de l'\u00e9tiquette, pour garantir une d\u00e9tection pr\u00e9cise de l'\u00e9tiquette\u00a0; Ceinture d'\u00e9tiquette autour du m\u00e9canisme de correction, pour emp\u00eacher la d\u00e9rive de l'\u00e9tiquette vers la gauche et la droite, afin de garantir l'exactitude de l'\u00e9tiquette.<\/li>    <li><strong>Contr\u00f4le intelligent et fonctionnement simple\u00a0:<\/strong>&nbsp;Conception humanis\u00e9e, contr\u00f4le de programmation PLC, fonctionnement sur grand \u00e9cran tactile couleur, interface de fonctionnement enti\u00e8rement chinoise, fonction de m\u00e9moire de donn\u00e9es pratique et intuitive et puissante, peut stocker 50 groupes de param\u00e8tres d'\u00e9tiquetage, fonctionnement simple et rapide\u00a0; Indication de d\u00e9faut parfaite et fonction d'aide.<\/li>    <li><strong>Excellente s\u00e9lection et qualit\u00e9 des mat\u00e9riaux :<\/strong>&nbsp;Nous utilisons comme mat\u00e9riau principal de l'acier inoxydable et des plaques d'alliage d'aluminium de haute qualit\u00e9, qui sont rigides et non d\u00e9form\u00e9es, sans rouille et belles. En m\u00eame temps, ils sont fabriqu\u00e9s conform\u00e9ment au syst\u00e8me de gestion de la qualit\u00e9 ISO9001, nos produits se concentrent sur la qualit\u00e9 et l'exp\u00e9rience utilisateur, conform\u00e9ment aux excellentes normes de fabrication de GMP.<\/li> <\/ol>    <h2 class=\"wp-block-heading\" id=\"how-does-an-automatic-bottle-labeling-machine-work\">Comment fonctionne une \u00e9tiqueteuse automatique de bouteilles ?<\/h2>    <ol class=\"wp-block-list\"> <li>Mettez la bande transporteuse de produits qui peut \u00eatre connect\u00e9e \u00e0 la cha\u00eene de montage<\/li>    <li>Convoyage<\/li>    <li>S\u00e9paration<\/li>    <li>Essai<\/li>    <li>Positionnement<\/li>    <li>\u00c9tiquetage et r\u00e9\u00e9tiquetage<\/li>    <li>Collecte de produits labellis\u00e9s<\/li> <\/ol>    <h2 class=\"wp-block-heading\" id=\"h-structure-of-automatic-labeling-machine-for-round-bottles\">Structures d'\u00e9tiqueteuse automatique pour bouteilles rondes<\/h2>    <p>Une \u00e9tiqueteuse automatique de bouteilles se compose principalement de ces pi\u00e8ces, d'un syst\u00e8me de panneau de commande, d'un convoyeur, d'une bobine, d'une roue d'\u00e9tiquetage, d'une roue d'arr\u00eat de bouteille, d'un emplacement pour carte d'\u00e9tiquetage, d'une roue r\u00e9glable en largeur, d'une roue de r\u00e9glage en hauteur et d'une structure de corps en acier inoxydable. Avec une conception raisonnable, l'\u00e9tiqueteuse de bouteilles est facile \u00e0 installer, \u00e0 utiliser et \u00e0 entretenir. En outre, toutes nos machines utilisent des moteurs c\u00e9l\u00e8bres et des mat\u00e9riaux durables, ce qui conf\u00e8re \u00e0 l'\u00e9quipement une longue dur\u00e9e de vie et de bonnes performances. <\/p>    <figure class=\"wp-block-image size-large\"><img decoding=\"async\" src=\"https:\/\/taizypackaging.com\/wp-content\/uploads\/2021\/07\/structure-of-automatic-round-bottle-labeling-machine.jpg\" alt=\"structure de la machine d&#039;\u00e9tiquetage automatique des bouteilles\" class=\"wp-image-2236\"\/><figcaption class=\"wp-element-caption\">structure de la machine d'\u00e9tiquetage automatique des bouteilles<\/figcaption><\/figure>    <h2 class=\"wp-block-heading\" id=\"h-operating-principle-and-procedure-of-round-bottle-sticker-labeling-machine\">Principe de fonctionnement de la machine d'\u00e9tiquetage d'autocollants pour bouteilles rondes<\/h2>    <p>Principe de fonctionnement\u00a0: placez le produit sur la bande transporteuse, entrez dans le m\u00e9canisme de s\u00e9paration des bouteilles, une fois que le m\u00e9canisme de s\u00e9paration des bouteilles s\u00e9pare le produit, le capteur d\u00e9tecte le passage du produit et renvoie le signal au syst\u00e8me de contr\u00f4le d'\u00e9tiquetage, \u00e0 la position appropri\u00e9e du contr\u00f4le. Le syst\u00e8me contr\u00f4le le moteur correspondant pour envoyer l'\u00e9tiquette et la fixer \u00e0 la position du produit \u00e0 \u00e9tiqueter, et en m\u00eame temps chevaucher l'\u00e9tiquette, l'action d'\u00e9tiquetage est termin\u00e9e.<\/p>    <h2 class=\"wp-block-heading\" id=\"h-details-of-sticker-labeling-machine-for-round-bottles\">D\u00e9tails de la machine d'\u00e9tiquetage d'autocollants pour bouteilles rondes<\/h2>    <figure class=\"wp-block-image size-large\"><img loading=\"lazy\" decoding=\"async\" width=\"720\" height=\"540\" src=\"https:\/\/taizypackaging.com\/wp-content\/uploads\/2021\/07\/The-details-of-automatic-round-bottle-labeling-machine.jpg\" alt=\"\" class=\"wp-image-2237\" srcset=\"https:\/\/taizypackaging.com\/wp-content\/uploads\/2021\/07\/The-details-of-automatic-round-bottle-labeling-machine.jpg 720w, https:\/\/taizypackaging.com\/wp-content\/uploads\/2021\/07\/The-details-of-automatic-round-bottle-labeling-machine-300x225.jpg 300w\" sizes=\"auto, (max-width: 720px) 100vw, 720px\" \/><figcaption class=\"wp-element-caption\">D\u00e9tails de la machine d'\u00e9tiquetage d'autocollants pour bouteilles rondes<\/figcaption><\/figure>    <h2 class=\"wp-block-heading\" id=\"lable-printer-machine-for-bottles-factory\">Imprimante d'\u00e9tiquettes pour usine de bouteilles<\/h2>    <p class=\"translation-block\"><a href=\"https:\/\/taizypackaging.com\/fr\/\">Taizy Packaging Machinery Co., Ltd<\/a> a plus de 10 ans d'exp\u00e9rience dans l'\u00e9quipement d'\u00e9tiquetage, nous avons vendu des milliers de machines \u00e0 plus de 30 pays et r\u00e9gions, et nous soutenons un service personnalis\u00e9 selon vos diff\u00e9rents besoins. Pendant ce temps, nous avons un syst\u00e8me d'exp\u00e9dition complet pour garantir que toutes les marchandises sont correctement emball\u00e9es. Et nous avons du personnel hautement qualifi\u00e9 pour assurer le bon fonctionnement et la livraison rapide de nos machines. Vous cherchez un fabricant fiable et solide de machines d'\u00e9tiquetage pour bouteilles ? Laissez votre message et nous vous r\u00e9pondrons d\u00e8s que possible. <\/p>    <figure class=\"wp-block-image size-large\"><img decoding=\"async\" src=\"https:\/\/taizypackaging.com\/wp-content\/uploads\/2021\/07\/The-shipment-of-round-bottle-sticker-labeling-machine.jpg\" alt=\"\u00e9tiqueteuse de bouteilles pr\u00eate \u00e0 \u00eatre exp\u00e9di\u00e9e\" class=\"wp-image-2238\"\/><figcaption class=\"wp-element-caption\">\u00e9tiqueteuse de bouteilles pr\u00eate \u00e0 \u00eatre exp\u00e9di\u00e9e<\/figcaption><\/figure>    <h2 class=\"wp-block-heading\" id=\"h-faq\">FAQ sur l'\u00e9tiqueteuse automatique \u00e0 vendre <\/h2>    <div class=\"schema-faq wp-block-yoast-faq-block\"><div class=\"schema-faq-section\" id=\"faq-question-1625640161458\"><strong class=\"schema-faq-question\">1.Quels types de bouteilles peuvent \u00eatre \u00e9tiquet\u00e9s par une \u00e9tiqueteuse automatique de bouteilles rondes\u00a0?<\/strong> <p class=\"schema-faq-answer\">Cette machine est principalement destin\u00e9e \u00e0 l'\u00e9tiquetage d'\u00e9tiquettes simples et doubles sur diff\u00e9rents types de produits cylindriques ou coniques tels que les bouteilles rondes et les canettes rondes.<\/p> <\/div> <div class=\"schema-faq-section\" id=\"faq-question-1625640192022\"><strong class=\"schema-faq-question\">2.Quel type de mat\u00e9riau peut \u00eatre \u00e9tiquet\u00e9 sur les bouteilles ?<\/strong> <p class=\"schema-faq-answer\">Diff\u00e9rents mat\u00e9riaux tels que le m\u00e9tal, le verre, le plastique, le PET, etc. Peuvent \u00eatre adapt\u00e9s.<\/p> <\/div> <div class=\"schema-faq-section\" id=\"faq-question-1625640278918\"><strong class=\"schema-faq-question\">3.Quels sont les types d\u2019\u00e9tiquettes \u00e0 \u00e9tiqueter\u00a0?<\/strong> <p class=\"schema-faq-answer\">Etiquettes autocollantes, film autocollant, code \u00e9lectronique de supervision, code barre, \u00e9tiquettes \u00e0 code bidimensionnel, etc. Adaptables.<\/p> <\/div> <div class=\"schema-faq-section\" id=\"faq-question-1625640303419\"><strong class=\"schema-faq-question\">4.Quel est le diam\u00e8tre de la bouteille qui peut \u00eatre \u00e9tiquet\u00e9\u00a0?<\/strong> <p class=\"schema-faq-answer\">Il convient aux bouteilles rondes d'un diam\u00e8tre de 35 m ou plus. Nous pouvons personnaliser l'\u00e9tiqueteuse en fonction de vos besoins. Une \u00e9tiqueteuse horizontale est n\u00e9cessaire pour l'\u00e9tiquetage en dessous de 35 mm.<\/p> <\/div> <div class=\"schema-faq-section\" id=\"faq-question-1625640337070\"><strong class=\"schema-faq-question\">5.Un moteur peut-il \u00e9tiqueter une large gamme de diam\u00e8tres de bouteilles\u00a0?<\/strong> <p class=\"schema-faq-answer\">Oui il peut. Il est compatible avec plusieurs diam\u00e8tres de produits \u00e9tiquet\u00e9s par la m\u00eame machine. Les dispositifs de d\u00e9tection de positionnement en option peuvent r\u00e9aliser un \u00e9tiquetage de positionnement circonf\u00e9rentiel. Il peut \u00eatre modifi\u00e9 ou personnalis\u00e9 en fonction de la taille et des caract\u00e9ristiques des produits \u00e0 \u00e9tiqueter.<\/p> <\/div> <div class=\"schema-faq-section\" id=\"faq-question-1625640376538\"><strong class=\"schema-faq-question\">6.Quelle est la diff\u00e9rence entre une \u00e9tiqueteuse automatique de bouteilles rondes et une \u00e9tiqueteuse semi-automatique de bouteilles rondes ?<\/strong> <p class=\"schema-faq-answer translation-block\">La machine d'\u00e9tiquetage automatique pour bouteilles rondes est plus efficace et convient au traitement de production avec une sortie plus \u00e9lev\u00e9e. La machine semi-automatique n\u00e9cessite un placement manuel des produits pour l'\u00e9tiquetage et une r\u00e9ception manuelle des mat\u00e9riaux, la vitesse d'\u00e9tiquetage est plus lente que celle de la <a href=\"https:\/\/taizypackaging.com\/fr\/machines-category\/labeling\/\" target=\"_blank\" rel=\"noreferrer noopener\">machine d'\u00e9tiquetage automatique<\/a>.<\/p> <\/div> <div class=\"schema-faq-section\" id=\"faq-question-1625640466393\"><strong class=\"schema-faq-question\">7. Quel est le prix de l'\u00e9tiqueteuse automatique de bouteilles rondes ?<\/strong> <p class=\"schema-faq-answer\">Diff\u00e9rents mod\u00e8les de machines ont des prix diff\u00e9rents, veuillez nous contacter pour un devis.<\/p> <\/div> <\/div>    <h2 class=\"wp-block-heading\" id=\"related-bottle-labeling-machine-for-sale\">\u00c9tiqueteuse de bouteilles associ\u00e9e \u00e0 vendre<\/h2>    <p class=\"translation-block\">En plus de cette machine d'\u00e9tiquetage automatique pour bouteilles rondes, Taizy Machinery Co., Ltd fournit de nombreuses autres machines d'\u00e9tiquetage de qualit\u00e9 comme la machine d'\u00e9tiquetage semi-automatique pour bouteilles rondes et <a href=\"https:\/\/taizypackaging.com\/fr\/automatic-flat-labeling-machine\/\">machine d'\u00e9tiquetage automatique pour bouteilles plates<\/a>. Toutes ces machines sont disponibles chez nous maintenant \u00e0 un prix comp\u00e9titif. \u00cates-vous int\u00e9ress\u00e9 par ces machines ? Contactez-nous pour plus de d\u00e9tails. <\/p>","protected":false},"excerpt":{"rendered":"<p>Automatic round bottle labeling machine can completely finish the labeling process of various bottles. It is suitable for plastic bottles, glass bottles, metal bottles, round cans, jars, etc. As we know, the label is important for a product, it not only represents a brand but also shows buyers the first impression of your product. This [&hellip;]<\/p>\n","protected":false},"author":1,"featured_media":2241,"parent":0,"template":"","tags":[587,398],"product-type":[663],"class_list":["post-2233","product","type-product","status-publish","has-post-thumbnail","hentry","tag-bottle-labeling-machine","tag-round-bottle-labeling-machine","product-type-bottle-filling-production-line"],"_links":{"self":[{"href":"https:\/\/taizypackaging.com\/fr\/wp-json\/wp\/v2\/product\/2233","targetHints":{"allow":["GET"]}}],"collection":[{"href":"https:\/\/taizypackaging.com\/fr\/wp-json\/wp\/v2\/product"}],"about":[{"href":"https:\/\/taizypackaging.com\/fr\/wp-json\/wp\/v2\/types\/product"}],"author":[{"embeddable":true,"href":"https:\/\/taizypackaging.com\/fr\/wp-json\/wp\/v2\/users\/1"}],"wp:featuredmedia":[{"embeddable":true,"href":"https:\/\/taizypackaging.com\/fr\/wp-json\/wp\/v2\/media\/2241"}],"wp:attachment":[{"href":"https:\/\/taizypackaging.com\/fr\/wp-json\/wp\/v2\/media?parent=2233"}],"wp:term":[{"taxonomy":"post_tag","embeddable":true,"href":"https:\/\/taizypackaging.com\/fr\/wp-json\/wp\/v2\/tags?post=2233"},{"taxonomy":"product-type","embeddable":true,"href":"https:\/\/taizypackaging.com\/fr\/wp-json\/wp\/v2\/product-type?post=2233"}],"curies":[{"name":"wp","href":"https:\/\/api.w.org\/{rel}","templated":true}]}}