{"id":2316,"date":"2021-07-19T09:36:01","date_gmt":"2021-07-19T09:36:01","guid":{"rendered":"https:\/\/taizypackaging.com\/?p=2316"},"modified":"2024-07-17T17:30:05","modified_gmt":"2024-07-17T09:30:05","slug":"vacuum-capping-machine-for-sale","status":"publish","type":"product","link":"https:\/\/taizypackaging.com\/fr\/vacuum-capping-machine-for-sale\/","title":{"rendered":"Machine de capsulage sous vide"},"content":{"rendered":"<div class=\"kk-star-ratings kksr-auto kksr-align-left kksr-valign-top\"     data-payload='{&quot;align&quot;:&quot;left&quot;,&quot;id&quot;:&quot;2316&quot;,&quot;slug&quot;:&quot;default&quot;,&quot;valign&quot;:&quot;top&quot;,&quot;ignore&quot;:&quot;&quot;,&quot;reference&quot;:&quot;auto&quot;,&quot;class&quot;:&quot;&quot;,&quot;count&quot;:&quot;30&quot;,&quot;legendonly&quot;:&quot;&quot;,&quot;readonly&quot;:&quot;&quot;,&quot;score&quot;:&quot;4.7&quot;,&quot;starsonly&quot;:&quot;&quot;,&quot;best&quot;:&quot;5&quot;,&quot;gap&quot;:&quot;5&quot;,&quot;greet&quot;:&quot;Rate this product&quot;,&quot;legend&quot;:&quot;4.7\\\/5 - (30 votes)&quot;,&quot;size&quot;:&quot;24&quot;,&quot;title&quot;:&quot;Vacuum Capping Machine&quot;,&quot;width&quot;:&quot;133.8&quot;,&quot;_legend&quot;:&quot;{score}\\\/{best} - ({count} {votes})&quot;,&quot;font_factor&quot;:&quot;1.25&quot;}'>              <div class=\"kksr-stars\">      <div class=\"kksr-stars-inactive\">             <div class=\"kksr-star\" data-star=\"1\" style=\"padding-right: 5px\">               <div class=\"kksr-icon\" style=\"width: 24px; height: 24px;\"><\/div>         <\/div>             <div class=\"kksr-star\" data-star=\"2\" style=\"padding-right: 5px\">               <div class=\"kksr-icon\" style=\"width: 24px; height: 24px;\"><\/div>         <\/div>             <div class=\"kksr-star\" data-star=\"3\" style=\"padding-right: 5px\">               <div class=\"kksr-icon\" style=\"width: 24px; height: 24px;\"><\/div>         <\/div>             <div class=\"kksr-star\" data-star=\"4\" style=\"padding-right: 5px\">               <div class=\"kksr-icon\" style=\"width: 24px; height: 24px;\"><\/div>         <\/div>             <div class=\"kksr-star\" data-star=\"5\" style=\"padding-right: 5px\">               <div class=\"kksr-icon\" style=\"width: 24px; height: 24px;\"><\/div>         <\/div>     <\/div>      <div class=\"kksr-stars-active\" style=\"width: 133.8px;\">             <div class=\"kksr-star\" style=\"padding-right: 5px\">               <div class=\"kksr-icon\" style=\"width: 24px; height: 24px;\"><\/div>         <\/div>             <div class=\"kksr-star\" style=\"padding-right: 5px\">               <div class=\"kksr-icon\" style=\"width: 24px; height: 24px;\"><\/div>         <\/div>             <div class=\"kksr-star\" style=\"padding-right: 5px\">               <div class=\"kksr-icon\" style=\"width: 24px; height: 24px;\"><\/div>         <\/div>             <div class=\"kksr-star\" style=\"padding-right: 5px\">               <div class=\"kksr-icon\" style=\"width: 24px; height: 24px;\"><\/div>         <\/div>             <div class=\"kksr-star\" style=\"padding-right: 5px\">               <div class=\"kksr-icon\" style=\"width: 24px; height: 24px;\"><\/div>         <\/div>     <\/div> <\/div>                   <div class=\"kksr-legend\" style=\"font-size: 19.2px;\">             4,7\/5 - (30 votes)    <\/div>     <\/div>  <p class=\"translation-block\"><strong>La machine de capsulage sous vide<\/strong> ici est un type de machine de scellement de bouchons de bouteilles semi-automatique. En m\u00eame temps, c'est aussi une machine de capsulage rotative. Cette <strong>machine de capsulage sous vide<\/strong> est principalement appliqu\u00e9e au capsulage sous vide pour les bouteilles rondes, carr\u00e9es, cannel\u00e9es, et d'autres bouteilles en verre, bocaux et canettes. Elle est largement utilis\u00e9e dans de nombreuses industries telles que l'industrie alimentaire et des boissons, ainsi que l'industrie pharmaceutique. Un <strong>capsuleur de bouteilles en verre<\/strong> a une grande demande dans tous les secteurs. En bref, l\u00e0 o\u00f9 des bouteilles sont remplies, des machines de capsulage sous vide sont n\u00e9cessaires. C'est absolument une grande opportunit\u00e9 pour votre entreprise. Contactez-nous aujourd'hui pour des informations d'achat d\u00e9taill\u00e9es. <\/p>    <h2 class=\"wp-block-heading\" id=\"vacuum-capping-machine-working-video\">Vid\u00e9o de fonctionnement de la machine de capsulage sous vide <\/h2>   <figure class=\"wp-block-embed-youtube wp-block-embed is-type-video is-provider-youtube wp-embed-aspect-16-9 wp-has-aspect-ratio\"><div class=\"lyte-wrapper fourthree\" title=\"Machine de capsulage sous vide Bocal en verre, bouteilles, conteneurs Semiauto | Bonnes performances et faible co\u00fbt\" style=\"width:960px;max-width:100%;margin:5px auto;\"><div class=\"lyMe hidef\" id=\"WYL_BWf1Jd0ly80\" itemprop=\"video\" itemscope itemtype=\"https:\/\/schema.org\/VideoObject\"><div><meta itemprop=\"thumbnailUrl\" content=\"https:\/\/taizypackaging.com\/wp-content\/plugins\/wp-youtube-lyte\/lyteCache.php?origThumbUrl=https%3A%2F%2Fi.ytimg.com%2Fvi%2FBWf1Jd0ly80%2Fmaxresdefault.jpg\" \/><meta itemprop=\"embedURL\" content=\"https:\/\/www.youtube.com\/embed\/BWf1Jd0ly80\" \/><meta itemprop=\"duration\" content=\"PT1M9S\" \/><meta itemprop=\"uploadDate\" content=\"2022-02-17T03:05:20Z\" \/><\/div><meta itemprop=\"accessibilityFeature\" content=\"captions\" \/><div id=\"lyte_BWf1Jd0ly80\" data-src=\"https:\/\/taizypackaging.com\/wp-content\/plugins\/wp-youtube-lyte\/lyteCache.php?origThumbUrl=https%3A%2F%2Fi.ytimg.com%2Fvi%2FBWf1Jd0ly80%2Fmaxresdefault.jpg\" class=\"pL\"><div class=\"tC\"><div class=\"tT\" itemprop=\"name\">Machine de capsulage sous vide Bocal en verre, bouteilles, conteneurs Semiauto | Bonnes performances et faible co\u00fbt<\/div><\/div><div class=\"play\"><\/div><div class=\"ctrl\"><div class=\"Lctrl\"><\/div><div class=\"Rctrl\"><\/div><\/div><\/div><noscript><a href=\"https:\/\/youtu.be\/BWf1Jd0ly80\" rel=\"nofollow noopener\" target=\"_blank\"><img loading=\"lazy\" decoding=\"async\" src=\"https:\/\/taizypackaging.com\/wp-content\/plugins\/wp-youtube-lyte\/lyteCache.php?origThumbUrl=https%3A%2F%2Fi.ytimg.com%2Fvi%2FBWf1Jd0ly80%2F0.jpg\" alt=\"Machine de capsulage sous vide Bocal en verre, bouteilles, conteneurs Semiauto | Bonnes performances et faible co\u00fbt\" width=\"960\" height=\"700\" \/><br \/>Watch this video on YouTube<\/a><\/noscript><meta itemprop=\"description\" content=\"#vacuumcapping #bottlecapper #cappingmachine EMAIL: info@taizypackaging.com TEL\/WHATSAPP: +86 18837171591 USEFUL LINK: https:\/\/taizypackaging.com\/vacuum-capping-machine-for-sale\/ This vacuum capping machine is a semi automatic bottle capper. It is suitable for various glass bottles and jars. And it is widely used in lots of industries like the food &amp; beverage industry, pharmaceutical industry. Vacuum capping machine has a wide range of applications, such as sesame sauce, chili sauce, peanut butter, jam, canned peach, bird&#039;s nest, beer, wine, oil, milk, etc. A semi auto vacuum capping machine is usually used together with a paste filling machine, when the sauce or liquid is filled, the bottle and the cap are put together on the machine for capping. Vacuum bottle capping machine uses a PLC control screen, Chinese and English languages available. You can set capping time, vacuum time on it easily. Besides, this semi automatic bottle capping machine has 4 vacuum capping heads, high efficiency. Moreover, with stainless steel body materials, the bottle capper is durable and has a long service life. What is more, it has two fixed cylinders, 4 wheels, a rotary cylinder, and a workbox. You may also like these videos: Automatic paste filling machine: https:\/\/www.youtube.com\/watch?v=EwhasMp_vJI Automatic round bottle labeling machine: https:\/\/www.youtube.com\/watch?v=CCdx5K88i5Q Automatic bottle capping machine: https:\/\/www.youtube.com\/watch?v=w6hJUqlY1gk EMAIL: info@taizypackaging.com TEL\/WHATSAPP: +86 18837171591 USEFUL LINK: https:\/\/taizypackaging.com\/vacuum-capping-machine-for-sale\/\"><\/div><\/div><div class=\"lL\" style=\"max-width:100%;width:960px;margin:5px auto;\"><\/div><figcaption><\/figcaption><\/figure>   <p class=\"translation-block\"><strong>Principe de fonctionnement :<\/strong> Mettre les bouteilles en verre dans le moule, et le moule est tourn\u00e9 de mani\u00e8re intermittente par le plateau tournant avec une action en quatre parties \u00e9gales. Le m\u00e9canisme de maintien de la bouteille tient la bouteille fermement, puis le moule est tourn\u00e9 vers la station de capsulage, et l'actionneur rotatif est press\u00e9 vers le bas et capsul\u00e9 pour former la cavit\u00e9 sous vide.<\/p>    <h2 class=\"wp-block-heading\" id=\"h-introduction-of-vacuum-capping-machine\">Applications des machines de capsulage sous vide <\/h2>    <p class=\"translation-block\">La capsuleuse sous vide est principalement utilis\u00e9e pour le capsulage sous vide de diverses bouteilles en verre avec un bouchon en \u00e9tain. Elle a un large \u00e9ventail d'applications, telles que la sauce au s\u00e9same, la sauce chili, le beurre de cacahu\u00e8te, la confiture, les p\u00eaches en conserve, le nid d'oiseau, la bi\u00e8re, le vin, l'huile, le lait, etc. Une capsuleuse sous vide semi-automatique forme un espace compl\u00e8tement clos qui emp\u00eache efficacement la croissance bact\u00e9rienne, l'oxydation et la d\u00e9t\u00e9rioration. Elle a pour effet de pr\u00e9server la qualit\u00e9. D'ailleurs, une capsuleuse sous vide est g\u00e9n\u00e9ralement utilis\u00e9e avec une <a rel=\"noreferrer noopener\" href=\"https:\/\/taizypackaging.com\/fr\/semi-automatic-paste-filling-machine\/\" target=\"_blank\">machine de remplissage de p\u00e2te<\/a>, lorsque la sauce ou le liquide est rempli, la bouteille et le bouchon sont mis ensemble sur la machine pour le capsulage.<\/p>    <figure class=\"wp-block-image size-full\"><img decoding=\"async\" src=\"https:\/\/taizypackaging.com\/wp-content\/uploads\/2021\/07\/vacuum-capping-machine-applications.jpg\" alt=\"applications des machines de capsulage sous vide\" class=\"wp-image-3778\"\/><figcaption class=\"wp-element-caption\">applications des machines de capsulage sous vide<\/figcaption><\/figure>    <h2 class=\"wp-block-heading\" id=\"h-the-structure-of-vacuum-bottle-capping-machine\">Caract\u00e9ristiques structurelles de la machine de capsulage de bouteilles sous vide <\/h2>    <p>La machine de capsulage de bouteilles sous vide utilise un \u00e9cran de contr\u00f4le PLC et les langues chinoise et anglaise sont disponibles. Vous pouvez r\u00e9gler facilement le temps de bouchage et le temps de mise sous vide. En outre, cette machine de capsulage de bouteilles semi-automatique dispose de 4 t\u00eates de capsulage sous vide, \u00e0 haute efficacit\u00e9. De plus, avec des mat\u00e9riaux de corps en acier inoxydable, la capsuleuse est durable et a une longue dur\u00e9e de vie. De plus, il poss\u00e8de deux cylindres fixes, 4 roues, un cylindre rotatif et une bo\u00eete de travail. <\/p>    <figure class=\"wp-block-image size-full\"><img decoding=\"async\" src=\"https:\/\/taizypackaging.com\/wp-content\/uploads\/2021\/07\/vacuum-capping-machine-structure.jpg\" alt=\"structure de la machine de capsulage sous vide\" class=\"wp-image-3780\"\/><figcaption class=\"wp-element-caption\">structure de la machine de capsulage sous vide<\/figcaption><\/figure>    <h2 class=\"wp-block-heading\" id=\"h-machine-parameters\">Param\u00e8tres de capsuleuse de bouteilles en verre sous vide<\/h2>    <figure class=\"wp-block-table is-style-stripes\"><table class=\"has-fixed-layout\"><tbody><tr><td>Pouvoir<\/td><td>220V\/50HZ\/1,5KW<\/td><\/tr><tr><td>Pression de l'air<\/td><td>0,5 ~ 0,8MPa<\/td><\/tr><tr><td>Capacit\u00e9<\/td><td>10 ~ 15 bouteilles\/min<\/td><\/tr><tr><td>Diam\u00e8tre du bouchon \u00e0 vis<\/td><td>Peut \u00eatre personnalis\u00e9<\/td><\/tr><tr><td>Taille de la bouteille<\/td><td>Peut \u00eatre personnalis\u00e9<\/td><\/tr><tr><td>Taille de la machine<\/td><td>650*750*1600mm<\/td><\/tr><tr><td>Poids<\/td><td>180Kg<\/td><\/tr><\/tbody><\/table><\/figure>    <h2 class=\"wp-block-heading\" id=\"h-features-of-vacuum-capping-machine\">Caract\u00e9ristiques de performance de la machine de capsulage sous vide Taizy \u00e0 vendre<\/h2>    <ul class=\"wp-block-list\"> <li>La machine de capsulage sous vide adopte la m\u00e9thode d'\u00e9vacuation par pompe \u00e0 vide pour garantir un degr\u00e9 de vide \u00e9lev\u00e9 et am\u00e9liorer l'efficacit\u00e9 et la qualit\u00e9 de l'\u00e9tanch\u00e9it\u00e9.<\/li>    <li>La machine de capsulage sous vide semi-automatique adopte un syst\u00e8me de contr\u00f4le PLC, une op\u00e9ration simple via l'\u00e9cran peut ajuster diff\u00e9rents modes et param\u00e8tres.<\/li>    <li>La conception unique de la machine peut \u00eatre compatible avec diff\u00e9rentes tailles et formes de bouchons, et les moules de bouteilles et les t\u00eates de bouchage peuvent \u00eatre personnalis\u00e9s en fonction des diff\u00e9rents besoins des clients.<\/li>    <li>L'ensemble de la machine est fabriqu\u00e9 en acier inoxydable 304 avec une r\u00e9sistance \u00e0 la corrosion, une r\u00e9sistance \u00e0 la chaleur et de bons avantages en termes de traitement pour prolonger la dur\u00e9e de vie de la machine.<\/li>    <li>Les principaux composants pneumatiques et \u00e9lectriques utilisent des marques de renomm\u00e9e internationale pour garantir des performances stables et fiables.<\/li>    <li> Il est \u00e0 noter que nos machines sont \u00e9quip\u00e9es de s\u00e9parateurs eau-huile, qui ne sont g\u00e9n\u00e9ralement pas configur\u00e9s par d'autres fabricants. Nous savons que ce type de machine doit \u00eatre utilis\u00e9 en combinaison avec un compresseur d'air pour cr\u00e9er un environnement sous vide, et ce s\u00e9parateur eau-huile et ce compresseur d'air peuvent prolonger la dur\u00e9e de vie du cylindre. Cela peut \u00e9galement emp\u00eacher le cylindre de p\u00e9n\u00e9trer dans l'eau et acc\u00e9l\u00e9rer les dommages caus\u00e9s \u00e0 la machine.<\/li> <\/ul>    <h2 class=\"wp-block-heading\" id=\"h-details-of-vacuum-capping-machine-semi-automatic\">D\u00e9tails de la machine de capsulage sous vide semi-automatique<\/h2>    <figure class=\"wp-block-image size-large\"><img decoding=\"async\" src=\"https:\/\/taizypackaging.com\/wp-content\/uploads\/2021\/07\/\u753b\u677f-2.jpg\" alt=\"\" class=\"wp-image-2319\"\/><\/figure>    <h2 class=\"wp-block-heading\" id=\"h-why-do-we-need-vacuum-capping\">Pourquoi avons-nous besoin d'un bouchage sous vide ? <\/h2>    <p>Comme nous le savons tous, les aliments emball\u00e9s sous vide ont souvent une longue dur\u00e9e de conservation, car l\u2019emballage sous vide r\u00e9duit l\u2019oxyg\u00e8ne dans l\u2019atmosph\u00e8re, limite la croissance de bact\u00e9ries a\u00e9robies ou de champignons et emp\u00eache l\u2019\u00e9vaporation des composants volatils. Dans le m\u00eame temps, l\u2019emballage sous vide \u00e9vite l\u2019utilisation de conservateurs, ce qui restaure dans une certaine mesure la valeur nutritionnelle de l\u2019aliment lui-m\u00eame. Enfin, les articles emball\u00e9s sous vide sont \u00e9galement moins susceptibles d\u2019\u00eatre endommag\u00e9s pendant le transport.<\/p>    <h2 class=\"wp-block-heading\" id=\"bottle-capping-machines-exported-to-cameroon-africa\">Machines de capsulage de bouteilles export\u00e9es au Cameroun et en Afrique<\/h2>    <p class=\"translation-block\">Le mois dernier, un client du Cameroun, Afrique, a command\u00e9 une machine de capsulage sous vide via notre <a href=\"https:\/\/taizypackaging.com\/fr\/\">site officiel de l'entreprise Taizy<\/a>. Lors de la discussion de suivi, le client nous a envoy\u00e9 des photos en direct du produit apr\u00e8s emballage. Il \u00e9tait satisfait de la qualit\u00e9 et de l'effet d'emballage de notre machine et a exprim\u00e9 son souhait de coop\u00e9rer avec nous dans les ann\u00e9es \u00e0 venir. Notre personnel a fait des suggestions correspondantes sur l'utilisation et l'entretien de la machine en fonction de l'environnement de l'usine.<\/p>    <figure class=\"wp-block-image size-large\"><img decoding=\"async\" src=\"https:\/\/taizypackaging.com\/wp-content\/uploads\/2021\/07\/\u5ba2\u6237\u53cd\u9988\u56fe.jpg\" alt=\"\" class=\"wp-image-2320\"\/><figcaption class=\"wp-element-caption\">photos en direct de notre client<\/figcaption><\/figure>    <h2 class=\"wp-block-heading\" id=\"h-cleaning-and-maintenance\">M\u00e9thodes d'entretien de la machine \u00e0 sceller les bouteilles sous vide Taizy<\/h2>    <ul class=\"wp-block-list\"> <li>Nettoyez r\u00e9guli\u00e8rement la surface de la table de la machine et du moule (vous devez d'abord couper l'alimentation \u00e9lectrique et l'alimentation en air).<\/li>    <li>Lubrifiez r\u00e9guli\u00e8rement les pi\u00e8ces mobiles telles que les arbres rotatifs et les rails de guidage.<\/li>    <li>L'huile de la pompe \u00e0 vide doit \u00eatre remplac\u00e9e r\u00e9guli\u00e8rement, g\u00e9n\u00e9ralement une fois tous les 3 \u00e0 6 mois.<\/li>    <li>Nettoyer r\u00e9guli\u00e8rement les filtres \u00e0 air<\/li>    <li>Lors du fonctionnement normal de la pompe \u00e0 vide, gardez l'huile de la pompe \u00e0 vide dans la pompe non inf\u00e9rieure au rep\u00e8re d'huile. Ne pas m\u00e9langer avec diff\u00e9rentes marques et mod\u00e8les d'huile de pompe \u00e0 vide lors du ravitaillement.<\/li> <\/ul>    <h2 class=\"wp-block-heading\" id=\"get-a-free-quote\">Obtenir un devis gratuit!<\/h2>    <p class=\"translation-block\">La machine de capsulage sous vide \u00e0 vendre chez nous a de bonnes performances et le meilleur prix. Ce type de machine de conditionnement de bouteilles est tr\u00e8s populaire dans le monde entier. De plus, une <a href=\"https:\/\/taizypackaging.com\/fr\/automatic-capping-machine\/\">machine de capsulage automatique<\/a> est disponible chez nous. Elle a diff\u00e9rentes caract\u00e9ristiques et avantages par rapport \u00e0 la machine affich\u00e9e. Vous souhaitez obtenir plus d'informations utiles ou une liste de prix gratuite ? Laissez vos exigences et nous vous recontacterons d\u00e8s que possible.  <\/p>","protected":false},"excerpt":{"rendered":"<p>Vacuum capping machine here is a type of semi automatic bottle cap sealing machine. Meanwhile, it is also a rotary capping machine. This vacuum bottle capping machine is mainly applied in vacuum capping for round bottles, square bottles, fluted bottles, and other glass bottles, jars, and cans. It is widely used in lots of industries [&hellip;]<\/p>\n","protected":false},"author":1,"featured_media":2323,"parent":0,"template":"","tags":[588,90,497,498],"product-type":[668],"class_list":["post-2316","product","type-product","status-publish","has-post-thumbnail","hentry","tag-bottle-capping-machine","tag-capping-machine","tag-vacuum-capping","tag-vacuum-capping-machine","product-type-supporting-equipment"],"_links":{"self":[{"href":"https:\/\/taizypackaging.com\/fr\/wp-json\/wp\/v2\/product\/2316","targetHints":{"allow":["GET"]}}],"collection":[{"href":"https:\/\/taizypackaging.com\/fr\/wp-json\/wp\/v2\/product"}],"about":[{"href":"https:\/\/taizypackaging.com\/fr\/wp-json\/wp\/v2\/types\/product"}],"author":[{"embeddable":true,"href":"https:\/\/taizypackaging.com\/fr\/wp-json\/wp\/v2\/users\/1"}],"wp:featuredmedia":[{"embeddable":true,"href":"https:\/\/taizypackaging.com\/fr\/wp-json\/wp\/v2\/media\/2323"}],"wp:attachment":[{"href":"https:\/\/taizypackaging.com\/fr\/wp-json\/wp\/v2\/media?parent=2316"}],"wp:term":[{"taxonomy":"post_tag","embeddable":true,"href":"https:\/\/taizypackaging.com\/fr\/wp-json\/wp\/v2\/tags?post=2316"},{"taxonomy":"product-type","embeddable":true,"href":"https:\/\/taizypackaging.com\/fr\/wp-json\/wp\/v2\/product-type?post=2316"}],"curies":[{"name":"wp","href":"https:\/\/api.w.org\/{rel}","templated":true}]}}