{"id":2429,"date":"2021-07-25T07:50:54","date_gmt":"2021-07-25T07:50:54","guid":{"rendered":"https:\/\/taizypackaging.com\/?p=2429"},"modified":"2024-07-17T16:58:32","modified_gmt":"2024-07-17T08:58:32","slug":"automatic-capping-machine","status":"publish","type":"product","link":"https:\/\/taizypackaging.com\/fr\/automatic-capping-machine\/","title":{"rendered":"Machine de capsulage automatique"},"content":{"rendered":"<div class=\"kk-star-ratings kksr-auto kksr-align-left kksr-valign-top\"     data-payload='{&quot;align&quot;:&quot;left&quot;,&quot;id&quot;:&quot;2429&quot;,&quot;slug&quot;:&quot;default&quot;,&quot;valign&quot;:&quot;top&quot;,&quot;ignore&quot;:&quot;&quot;,&quot;reference&quot;:&quot;auto&quot;,&quot;class&quot;:&quot;&quot;,&quot;count&quot;:&quot;20&quot;,&quot;legendonly&quot;:&quot;&quot;,&quot;readonly&quot;:&quot;&quot;,&quot;score&quot;:&quot;4.6&quot;,&quot;starsonly&quot;:&quot;&quot;,&quot;best&quot;:&quot;5&quot;,&quot;gap&quot;:&quot;5&quot;,&quot;greet&quot;:&quot;Rate this product&quot;,&quot;legend&quot;:&quot;4.6\\\/5 - (20 votes)&quot;,&quot;size&quot;:&quot;24&quot;,&quot;title&quot;:&quot;Automatic Capping Machine&quot;,&quot;width&quot;:&quot;130.9&quot;,&quot;_legend&quot;:&quot;{score}\\\/{best} - ({count} {votes})&quot;,&quot;font_factor&quot;:&quot;1.25&quot;}'>              <div class=\"kksr-stars\">      <div class=\"kksr-stars-inactive\">             <div class=\"kksr-star\" data-star=\"1\" style=\"padding-right: 5px\">               <div class=\"kksr-icon\" style=\"width: 24px; height: 24px;\"><\/div>         <\/div>             <div class=\"kksr-star\" data-star=\"2\" style=\"padding-right: 5px\">               <div class=\"kksr-icon\" style=\"width: 24px; height: 24px;\"><\/div>         <\/div>             <div class=\"kksr-star\" data-star=\"3\" style=\"padding-right: 5px\">               <div class=\"kksr-icon\" style=\"width: 24px; height: 24px;\"><\/div>         <\/div>             <div class=\"kksr-star\" data-star=\"4\" style=\"padding-right: 5px\">               <div class=\"kksr-icon\" style=\"width: 24px; height: 24px;\"><\/div>         <\/div>             <div class=\"kksr-star\" data-star=\"5\" style=\"padding-right: 5px\">               <div class=\"kksr-icon\" style=\"width: 24px; height: 24px;\"><\/div>         <\/div>     <\/div>      <div class=\"kksr-stars-active\" style=\"width: 130.9px;\">             <div class=\"kksr-star\" style=\"padding-right: 5px\">               <div class=\"kksr-icon\" style=\"width: 24px; height: 24px;\"><\/div>         <\/div>             <div class=\"kksr-star\" style=\"padding-right: 5px\">               <div class=\"kksr-icon\" style=\"width: 24px; height: 24px;\"><\/div>         <\/div>             <div class=\"kksr-star\" style=\"padding-right: 5px\">               <div class=\"kksr-icon\" style=\"width: 24px; height: 24px;\"><\/div>         <\/div>             <div class=\"kksr-star\" style=\"padding-right: 5px\">               <div class=\"kksr-icon\" style=\"width: 24px; height: 24px;\"><\/div>         <\/div>             <div class=\"kksr-star\" style=\"padding-right: 5px\">               <div class=\"kksr-icon\" style=\"width: 24px; height: 24px;\"><\/div>         <\/div>     <\/div> <\/div>                   <div class=\"kksr-legend\" style=\"font-size: 19.2px;\">             4,6\/5 - (20 votes)    <\/div>     <\/div>  <p class=\"translation-block\"><strong>Machine de capsulage automatique<\/strong> ici est une sorte de machine \u00e0 capsuler des bouteilles en plastique. Elle est adapt\u00e9e pour sceller diverses bouteilles en plastique, bocaux et canettes. Et la <strong>machine de capsulage automatique<\/strong> est largement utilis\u00e9e dans les industries alimentaires et des boissons, chimiques, cosm\u00e9tiques et pharmaceutiques. On peut dire que les entreprises qui remplissent des bouteilles, des canettes, des conteneurs, ont besoin de machines \u00e0 capsuler pour garantir que le produit est scell\u00e9 herm\u00e9tiquement et efficacement. En tant que fabricant de machines \u00e0 capsuler solide et fiable en Chine, Taizy Packaging Machinery fournit d'excellentes <strong>machines de scellage de bouteilles<\/strong> selon les normes internationales.  N'h\u00e9sitez pas \u00e0 nous contacter pour le meilleur prix. <\/p>    <h2 class=\"wp-block-heading\" id=\"h-what-is-automatic-capping-machine\">Qu'est-ce qu'une machine de capsulage automatique\u00a0? <\/h2>    <p>La machine de capsulage automatique peut faire tourner le capuchon avec du fil, gr\u00e2ce \u00e0 un moteur ordinaire, quatre griffes pour serrer le capuchon. Cette machine se pr\u00e9sente sous forme de bouchage abrasif, facile \u00e0 r\u00e9gler. La vitesse de capsulage peut \u00eatre ajust\u00e9e arbitrairement en fonction du r\u00e9sultat de l\u2019utilisateur. Il a une conception raisonnable, une structure compacte et une efficacit\u00e9 de capsulage \u00e9lev\u00e9e. Le capuchon ne glissera pas et ne se cassera pas, le processus de travail est stable et fiable. Cette capsuleuse automatique a une longue dur\u00e9e de vie, un fonctionnement simple et un entretien facile. Il est largement utilis\u00e9 dans les industries pharmaceutique, alimentaire, chimique et autres.<\/p>    <figure class=\"wp-block-image size-full\"><img loading=\"lazy\" decoding=\"async\" width=\"720\" height=\"540\" src=\"https:\/\/taizypackaging.com\/wp-content\/uploads\/2021\/07\/automatic-bottle-capping-machine.jpg\" alt=\"machine de capsulage automatique des bouteilles\" class=\"wp-image-3798\" srcset=\"https:\/\/taizypackaging.com\/wp-content\/uploads\/2021\/07\/automatic-bottle-capping-machine.jpg 720w, https:\/\/taizypackaging.com\/wp-content\/uploads\/2021\/07\/automatic-bottle-capping-machine-300x225.jpg 300w\" sizes=\"auto, (max-width: 720px) 100vw, 720px\" \/><figcaption>machine de capsulage automatique des bouteilles<\/figcaption><\/figure>    <h2 class=\"wp-block-heading\" id=\"structure-details-of-automatic-capper-machine\"> D\u00e9tails de structure de la capsuleuse automatique<\/h2>    <p>Cette machine de capsulage automatique se compose principalement de ces pi\u00e8ces, d'un moteur de marque, d'un syst\u00e8me de contr\u00f4le PLC, d'un convoyeur, d'un moteur \u00e0 friction, d'une roue de r\u00e9glage, d'un corps en acier inoxydable, d'un bouchon \u00e0 pression, etc. Cette machine peut r\u00e9aliser le processus de capsulage automatique pour diverses bouteilles en plastique. Avec un syst\u00e8me de contr\u00f4le PLC intelligent, il est facile \u00e0 utiliser via un grand \u00e9cran tactile. De plus, il a des roues, faciles \u00e0 d\u00e9placer. De plus, adoptant un mat\u00e9riau en acier inoxydable 304 durable, la machine de capsulage automatique a une longue dur\u00e9e de vie et de bonnes performances. <\/p>    <figure class=\"wp-block-image size-full\"><img decoding=\"async\" src=\"https:\/\/taizypackaging.com\/wp-content\/uploads\/2021\/07\/automatic-capping-machine-structure.jpg\" alt=\"structure de la machine de capsulage automatique\" class=\"wp-image-3806\"\/><figcaption>structure de la machine de capsulage automatique<\/figcaption><\/figure>    <h2 class=\"wp-block-heading\" id=\"how-does-a-screw-bottle-capping-machine-work\">Comment fonctionne une machine de capsulage de bouteilles \u00e0 vis ? <\/h2>   <figure class=\"wp-block-embed-youtube wp-block-embed is-type-video is-provider-youtube wp-embed-aspect-16-9 wp-has-aspect-ratio\"><div class=\"lyte-wrapper fourthree\" title=\"Machine de capsulage automatique | Machine de capsulage \u00e0 vis\" style=\"width:960px;max-width:100%;margin:5px auto;\"><div class=\"lyMe hidef\" id=\"WYL_w6hJUqlY1gk\" itemprop=\"video\" itemscope itemtype=\"https:\/\/schema.org\/VideoObject\"><div><meta itemprop=\"thumbnailUrl\" content=\"https:\/\/taizypackaging.com\/wp-content\/plugins\/wp-youtube-lyte\/lyteCache.php?origThumbUrl=https%3A%2F%2Fi.ytimg.com%2Fvi%2Fw6hJUqlY1gk%2Fmaxresdefault.jpg\" \/><meta itemprop=\"embedURL\" content=\"https:\/\/www.youtube.com\/embed\/w6hJUqlY1gk\" \/><meta itemprop=\"duration\" content=\"PT28S\" \/><meta itemprop=\"uploadDate\" content=\"2021-07-25T02:19:35Z\" \/><\/div><div id=\"lyte_w6hJUqlY1gk\" data-src=\"https:\/\/taizypackaging.com\/wp-content\/plugins\/wp-youtube-lyte\/lyteCache.php?origThumbUrl=https%3A%2F%2Fi.ytimg.com%2Fvi%2Fw6hJUqlY1gk%2Fmaxresdefault.jpg\" class=\"pL\"><div class=\"tC\"><div class=\"tT\" itemprop=\"name\">Machine de capsulage automatique | Machine de capsulage \u00e0 vis<\/div><\/div><div class=\"play\"><\/div><div class=\"ctrl\"><div class=\"Lctrl\"><\/div><div class=\"Rctrl\"><\/div><\/div><\/div><noscript><a href=\"https:\/\/youtu.be\/w6hJUqlY1gk\" rel=\"nofollow noopener\" target=\"_blank\"><img loading=\"lazy\" decoding=\"async\" src=\"https:\/\/taizypackaging.com\/wp-content\/plugins\/wp-youtube-lyte\/lyteCache.php?origThumbUrl=https%3A%2F%2Fi.ytimg.com%2Fvi%2Fw6hJUqlY1gk%2F0.jpg\" alt=\"Machine de capsulage automatique | Machine de capsulage \u00e0 vis\" width=\"960\" height=\"700\" \/><br \/>Watch this video on YouTube<\/a><\/noscript><meta itemprop=\"description\" content=\"WhatsApp\/Wechat\/Tel:+86 19139754781 An automatic capping machine can rotate the cap with thread, by ordinary motor drive four claws to tighten the cap. This machine is in the form of abrasive capping, easy to adjust. The capping speed can be adjusted arbitrarily according to the user&#039;s output. You can learn more information on:https:\/\/taizypackaging.com\/automatic-capping-machine-four-wheels-screw-capping-machine\/\"><\/div><\/div><div class=\"lL\" style=\"max-width:100%;width:960px;margin:5px auto;\"><\/div><figcaption>Le flux de travail de la capsuleuse automatique<\/figcaption><\/figure>   <h2 class=\"wp-block-heading\" id=\"h-machine-parameters\">Param\u00e8tres de la machine de capsulage automatique des bouteilles<\/h2>    <figure class=\"wp-block-table is-style-stripes\"><table><tbody><tr><td>Pouvoir                       <\/td><td>AC220V \/ 50Hz\/300w<\/td><\/tr><tr><td>Chavirer<\/td><td>15~70mm 40~100mm<\/td><\/tr><tr><td>Capacit\u00e9<\/td><td>0-40 bouteilles\/min<\/td><\/tr><tr><td>Diam\u00e8tre des bouteilles<\/td><td>50 ~ 280mm<\/td><\/tr><tr><td>Pression de l'air<\/td><td>0,4 ~ 0,6MPa<\/td><\/tr><tr><td>Poids<\/td><td>108 kg<\/td><\/tr><tr><td>Taille de la machine<\/td><td>3500x470x1600mm<\/td><\/tr><\/tbody><\/table><\/figure>    <h2 class=\"wp-block-heading\" id=\"awesome-features-of-taizy-automatic-capping-machine-for-sale\">Caract\u00e9ristiques impressionnantes de la machine de capsulage automatique Taizy \u00e0 vendre<\/h2>    <ul class=\"wp-block-list\"><li>Il convient \u00e0 de nombreux types de couvercles, tels que le couvercle en spirale, le couvercle antivol, le couvercle anti-enfant et d'autres couvercles en plastique.<\/li><li>La structure de la machine de capsulage automatique \u00e0 vis est compacte et raisonnable. Il peut fonctionner ind\u00e9pendamment ou en conjonction avec d'autres machines telles que <a href=\"https:\/\/taizypackaging.com\/fr\/automatic-liquid-filling-machine\/\">machine de remplissage de liquide<\/a> pour augmenter la productivit\u00e9.<\/li><li>Les plaques de friction m\u00e9caniques traditionnelles conduisent \u00e0 une \u00e9tanch\u00e9it\u00e9 in\u00e9gale du recouvrement. La situation peut \u00eatre modifi\u00e9e par l\u2019utilisation d\u2019un puissant dispositif \u00e9lectromagn\u00e9tique de couple du capuchon gauche.<\/li><li>La machine adopte un \u00e9cran d'affichage tactile. Le client peut r\u00e9gler la vitesse de d\u00e9filement de la bande transporteuse, la longueur du bouchage et la distance de course de la bande transporteuse lat\u00e9rale sur l'\u00e9cran d'affichage, qui est tr\u00e8s flexible.<\/li><li>La bande transporteuse est entra\u00een\u00e9e par le moteur et la bande transporteuse peut \u00eatre personnalis\u00e9e en fonction de la taille de la bouteille.<\/li><\/ul>    <h2 class=\"wp-block-heading\" id=\"what-is-the-difference-between-an-automatic-and-a-semi-automatic-bottle-capping-machine\">Quelle est la diff\u00e9rence entre une capsuleuse de bouteilles automatique et semi-automatique ?<\/h2>    <p class=\"translation-block\">Tout d'abord, les bouteilles applicables des deux sont diff\u00e9rentes. Une <a rel=\"noreferrer noopener\" href=\"https:\/\/taizypackaging.com\/fr\/vacuum-capping-machine-for-sale\/\" target=\"_blank\">machine de capsulage sous vide<\/a> peut cr\u00e9er un environnement sous vide, elle est donc principalement utilis\u00e9e pour l'emballage de bouteilles en verre pour aliments. La machine \u00e0 capsuler automatique a un capuchon de pression pour maintenir le capuchon en place afin d'\u00e9viter le glissement, elle est donc principalement utilis\u00e9e pour emballer des bouteilles plus dures. Ensuite, une machine \u00e0 capsuler automatique peut \u00eatre utilis\u00e9e avec d'autres machines sans op\u00e9ration manuelle. La machine de capsulage sous vide n\u00e9cessite qu'une personne mette manuellement les bouteilles dans les moules. Enfin, leurs prix sont diff\u00e9rents. Si vous souhaitez en savoir plus sur les informations de co\u00fbt, envoyez-nous un e-mail ou WhatsApp pour une r\u00e9ponse rapide. <\/p>    <figure class=\"wp-block-image size-full\"><img decoding=\"async\" src=\"https:\/\/taizypackaging.com\/wp-content\/uploads\/2021\/07\/automatic-capping-machine-1.jpg\" alt=\"machine de capsulage automatique\" class=\"wp-image-3790\"\/><figcaption>machine de capsulage automatique<\/figcaption><\/figure>    <h2 class=\"wp-block-heading\" id=\"q-a-about-taizy-bottle-capping-machine\">Questions et r\u00e9ponses sur la machine de capsulage de bouteilles Taizy<\/h2>    <p id=\"q-a\">1. Pour quel type de bouteilles cette machine de capsulage est-elle principalement utilis\u00e9e\u00a0?<\/p>    <p>La machine est principalement appliqu\u00e9e \u00e0 divers types de m\u00e9dicaments, m\u00e9decine v\u00e9t\u00e9rinaire, aliments, cosm\u00e9tiques, savon pour les mains, d\u00e9tergents, pesticides, bouchage automatique des bouteilles de l'industrie des lubrifiants.<\/p>    <p>2. Quel est le mat\u00e9riau de la machine ?<\/p>    <p>L'ensemble de la machine est fabriqu\u00e9 en acier inoxydable 304 avec une r\u00e9sistance \u00e0 la corrosion, une r\u00e9sistance \u00e0 la chaleur et une bonne aptitude au traitement pour prolonger la dur\u00e9e de vie de la machine.<\/p>    <p>3. Cette machine peut-elle \u00eatre utilis\u00e9e pour boucher des bocaux ou d\u2019autres bouteilles en verre ?<\/p>    <p>Non, cette machine convient au bouchage de bouteilles en plastique. Si vous souhaitez boucher des r\u00e9cipients comme des bocaux ou des bouteilles en verre, je vous recommande notre capsuleuse sous vide.<\/p>    <p>4. Quel est le prix de la capsuleuse automatique ?<\/p>    <p class=\"translation-block\">Dans <a rel=\"noreferrer noopener\" href=\"https:\/\/taizypackaging.com\/fr\/\" target=\"_blank\">l'entreprise Taizy<\/a>, nos machines peuvent \u00eatre personnalis\u00e9es selon les besoins des clients, veuillez nous contacter directement pour des prix sp\u00e9cifiques.<\/p>    <h2 class=\"wp-block-heading\" id=\"related-machines-for-sale\">Machines connexes \u00e0 vendre <\/h2>    <p class=\"translation-block\">Une machine \u00e0 capsuler automatique est g\u00e9n\u00e9ralement utilis\u00e9e avec une machine de remplissage de liquide\/p\u00e2te et une <a href=\"https:\/\/taizypackaging.com\/fr\/machines-category\/labeling\/\">machine d'\u00e9tiquetage<\/a>. Elles peuvent travailler ensemble pour cr\u00e9er une ligne de production compl\u00e8te de remplissage de liquide\/p\u00e2te. Taizy est un fournisseur de solutions d'emballage puissant et fiable en Chine, de nos jours, ces machines de notre part ont \u00e9t\u00e9 export\u00e9es avec succ\u00e8s vers plus de 50 pays et r\u00e9gions. Vous voulez obtenir le meilleur prix ? Laissez vos exigences et nous vous r\u00e9pondrons d\u00e8s que possible. <\/p>","protected":false},"excerpt":{"rendered":"<p>Automatic capping machine here is a kind of plastic bottle capping machine. It is suitable for sealing various plastic bottles, jars, and cans. And the automatic bottle capping machine is widely used in the food &amp; beverage, chemical, cosmetics, pharmaceuticals industries. We can say that companies fill bottles, cans, containers, they need capping machines to [&hellip;]<\/p>\n","protected":false},"author":1,"featured_media":2434,"parent":0,"template":"","tags":[48,588,90],"product-type":[663],"class_list":["post-2429","product","type-product","status-publish","has-post-thumbnail","hentry","tag-automatic-filling-machine","tag-bottle-capping-machine","tag-capping-machine","product-type-bottle-filling-production-line"],"_links":{"self":[{"href":"https:\/\/taizypackaging.com\/fr\/wp-json\/wp\/v2\/product\/2429","targetHints":{"allow":["GET"]}}],"collection":[{"href":"https:\/\/taizypackaging.com\/fr\/wp-json\/wp\/v2\/product"}],"about":[{"href":"https:\/\/taizypackaging.com\/fr\/wp-json\/wp\/v2\/types\/product"}],"author":[{"embeddable":true,"href":"https:\/\/taizypackaging.com\/fr\/wp-json\/wp\/v2\/users\/1"}],"wp:featuredmedia":[{"embeddable":true,"href":"https:\/\/taizypackaging.com\/fr\/wp-json\/wp\/v2\/media\/2434"}],"wp:attachment":[{"href":"https:\/\/taizypackaging.com\/fr\/wp-json\/wp\/v2\/media?parent=2429"}],"wp:term":[{"taxonomy":"post_tag","embeddable":true,"href":"https:\/\/taizypackaging.com\/fr\/wp-json\/wp\/v2\/tags?post=2429"},{"taxonomy":"product-type","embeddable":true,"href":"https:\/\/taizypackaging.com\/fr\/wp-json\/wp\/v2\/product-type?post=2429"}],"curies":[{"name":"wp","href":"https:\/\/api.w.org\/{rel}","templated":true}]}}