{"id":2444,"date":"2021-07-28T07:44:51","date_gmt":"2021-07-28T07:44:51","guid":{"rendered":"https:\/\/taizypackaging.com\/?p=2444"},"modified":"2024-07-16T18:31:24","modified_gmt":"2024-07-16T10:31:24","slug":"automatic-shrink-wrap-machine","status":"publish","type":"product","link":"https:\/\/taizypackaging.com\/fr\/automatic-shrink-wrap-machine\/","title":{"rendered":"Machine d'emballage r\u00e9tractable automatique"},"content":{"rendered":"<div class=\"kk-star-ratings kksr-auto kksr-align-left kksr-valign-top\"     data-payload='{&quot;align&quot;:&quot;left&quot;,&quot;id&quot;:&quot;2444&quot;,&quot;slug&quot;:&quot;default&quot;,&quot;valign&quot;:&quot;top&quot;,&quot;ignore&quot;:&quot;&quot;,&quot;reference&quot;:&quot;auto&quot;,&quot;class&quot;:&quot;&quot;,&quot;count&quot;:&quot;27&quot;,&quot;legendonly&quot;:&quot;&quot;,&quot;readonly&quot;:&quot;&quot;,&quot;score&quot;:&quot;4.8&quot;,&quot;starsonly&quot;:&quot;&quot;,&quot;best&quot;:&quot;5&quot;,&quot;gap&quot;:&quot;5&quot;,&quot;greet&quot;:&quot;Rate this product&quot;,&quot;legend&quot;:&quot;4.8\\\/5 - (27 votes)&quot;,&quot;size&quot;:&quot;24&quot;,&quot;title&quot;:&quot;Automatic Shrink Wrap Machine&quot;,&quot;width&quot;:&quot;136.7&quot;,&quot;_legend&quot;:&quot;{score}\\\/{best} - ({count} {votes})&quot;,&quot;font_factor&quot;:&quot;1.25&quot;}'>              <div class=\"kksr-stars\">      <div class=\"kksr-stars-inactive\">             <div class=\"kksr-star\" data-star=\"1\" style=\"padding-right: 5px\">               <div class=\"kksr-icon\" style=\"width: 24px; height: 24px;\"><\/div>         <\/div>             <div class=\"kksr-star\" data-star=\"2\" style=\"padding-right: 5px\">               <div class=\"kksr-icon\" style=\"width: 24px; height: 24px;\"><\/div>         <\/div>             <div class=\"kksr-star\" data-star=\"3\" style=\"padding-right: 5px\">               <div class=\"kksr-icon\" style=\"width: 24px; height: 24px;\"><\/div>         <\/div>             <div class=\"kksr-star\" data-star=\"4\" style=\"padding-right: 5px\">               <div class=\"kksr-icon\" style=\"width: 24px; height: 24px;\"><\/div>         <\/div>             <div class=\"kksr-star\" data-star=\"5\" style=\"padding-right: 5px\">               <div class=\"kksr-icon\" style=\"width: 24px; height: 24px;\"><\/div>         <\/div>     <\/div>      <div class=\"kksr-stars-active\" style=\"width: 136.7px;\">             <div class=\"kksr-star\" style=\"padding-right: 5px\">               <div class=\"kksr-icon\" style=\"width: 24px; height: 24px;\"><\/div>         <\/div>             <div class=\"kksr-star\" style=\"padding-right: 5px\">               <div class=\"kksr-icon\" style=\"width: 24px; height: 24px;\"><\/div>         <\/div>             <div class=\"kksr-star\" style=\"padding-right: 5px\">               <div class=\"kksr-icon\" style=\"width: 24px; height: 24px;\"><\/div>         <\/div>             <div class=\"kksr-star\" style=\"padding-right: 5px\">               <div class=\"kksr-icon\" style=\"width: 24px; height: 24px;\"><\/div>         <\/div>             <div class=\"kksr-star\" style=\"padding-right: 5px\">               <div class=\"kksr-icon\" style=\"width: 24px; height: 24px;\"><\/div>         <\/div>     <\/div> <\/div>                   <div class=\"kksr-legend\" style=\"font-size: 19.2px;\">             4,8\/5 - (27 votes)    <\/div>     <\/div>  <p class=\"translation-block\"><strong>Machine de film r\u00e9tractable automatique<\/strong> a une gamme d'applications extr\u00eamement large dans la soci\u00e9t\u00e9 moderne. La <strong>machine de r\u00e9traction<\/strong> convient \u00e0 une vari\u00e9t\u00e9 de produits, tels que les livres, les cosm\u00e9tiques, la vaisselle, les jouets, les masques, les brosses \u00e0 dents, les m\u00e9dicaments, les n\u00e9cessit\u00e9s quotidiennes, etc. Il existe une tendance croissante pour cette <strong>machine d'emballage r\u00e9tractable<\/strong> sur le march\u00e9 mondial. Chez Taizy Packaging Machinery, nous pouvons vous donner des conseils d'achat utiles et fournir d'excellentes machines de film r\u00e9tractable automatiques. <\/p>    <h2 class=\"wp-block-heading\" id=\"h-the-working-process-of-automatic-heat-shrink-cutter\">Vid\u00e9o de travail d'une machine d'emballage thermor\u00e9tractable automatique<\/h2>   <figure class=\"wp-block-embed-youtube wp-block-embed is-type-video is-provider-youtube wp-embed-aspect-16-9 wp-has-aspect-ratio\"><div class=\"lyte-wrapper fourthree\" title=\"Machine d&#039;emballage r\u00e9tractable automatique | Coupeur thermor\u00e9tractable automatique\" style=\"width:960px;max-width:100%;margin:5px auto;\"><div class=\"lyMe hidef\" id=\"WYL_dyFayXTAn-s\" itemprop=\"video\" itemscope itemtype=\"https:\/\/schema.org\/VideoObject\"><div><meta itemprop=\"thumbnailUrl\" content=\"https:\/\/taizypackaging.com\/wp-content\/plugins\/wp-youtube-lyte\/lyteCache.php?origThumbUrl=https%3A%2F%2Fi.ytimg.com%2Fvi%2FdyFayXTAn-s%2Fmaxresdefault.jpg\" \/><meta itemprop=\"embedURL\" content=\"https:\/\/www.youtube.com\/embed\/dyFayXTAn-s\" \/><meta itemprop=\"duration\" content=\"PT1M52S\" \/><meta itemprop=\"uploadDate\" content=\"2021-07-28T09:46:36Z\" \/><\/div><meta itemprop=\"accessibilityFeature\" content=\"captions\" \/><div id=\"lyte_dyFayXTAn-s\" data-src=\"https:\/\/taizypackaging.com\/wp-content\/plugins\/wp-youtube-lyte\/lyteCache.php?origThumbUrl=https%3A%2F%2Fi.ytimg.com%2Fvi%2FdyFayXTAn-s%2Fmaxresdefault.jpg\" class=\"pL\"><div class=\"tC\"><div class=\"tT\" itemprop=\"name\">Machine d'emballage r\u00e9tractable automatique | Coupeur thermor\u00e9tractable automatique<\/div><\/div><div class=\"play\"><\/div><div class=\"ctrl\"><div class=\"Lctrl\"><\/div><div class=\"Rctrl\"><\/div><\/div><\/div><noscript><a href=\"https:\/\/youtu.be\/dyFayXTAn-s\" rel=\"nofollow noopener\" target=\"_blank\"><img loading=\"lazy\" decoding=\"async\" src=\"https:\/\/taizypackaging.com\/wp-content\/plugins\/wp-youtube-lyte\/lyteCache.php?origThumbUrl=https%3A%2F%2Fi.ytimg.com%2Fvi%2FdyFayXTAn-s%2F0.jpg\" alt=\"Machine d&#039;emballage r\u00e9tractable automatique | Coupeur thermor\u00e9tractable automatique\" width=\"960\" height=\"700\" \/><br \/>Watch this video on YouTube<\/a><\/noscript><meta itemprop=\"description\" content=\"WhatsApp\/Wechat\/Tel:+86 19139754781 Our company&#039;s automatic shrink wrap machine is an L-type heat shrink film wrapping machine, widely used for mass production packaging flowing operation. You can learn more information on :https:\/\/taizypackaging.com\/automatic-shrink-wrap-machine\/\"><\/div><\/div><div class=\"lL\" style=\"max-width:100%;width:960px;margin:5px auto;\"><\/div><figcaption>La vid\u00e9o de travail de la machine d'emballage r\u00e9tractable automatique<\/figcaption><\/figure>   <h2 class=\"wp-block-heading\" id=\"what-is-an-automatic-shrink-wrap-machine\">Qu'est-ce qu'une machine d'emballage r\u00e9tractable automatique ?<\/h2>    <p id=\"what-is-an-automatic-shrink-wrap-machine\">Une machine d'emballage r\u00e9tractable automatique est un excellent outil pour emballer et sceller des produits \u00e0 l'aide d'un film thermor\u00e9tractable. La fardeleuse industrielle est largement utilis\u00e9e dans tous les domaines. Le film r\u00e9tractable est un proc\u00e9d\u00e9 li\u00e9 \u00e0 l'utilisation de films sensibles \u00e0 la temp\u00e9rature. Lorsque la temp\u00e9rature atteint un certain degr\u00e9, le film se r\u00e9tr\u00e9cit \u00e9troitement pour s'adapter \u00e0 tout ce qu'il recouvre. La machine d'emballage sous film r\u00e9tractable automatique \u00e0 vendre de Taizy est une machine d'emballage sous film thermor\u00e9tractable de type L. Il suffit de placer le produit sur la bande transporteuse, il peut automatiquement terminer le processus de transport, de manchon en film, de scellage et de d\u00e9coupe, ainsi que d'emballage thermor\u00e9tractable. Cette machine d'emballage r\u00e9tractable est rapide et pratique, ce qui constitue le meilleur choix pour les entreprises qui souhaitent r\u00e9duire les co\u00fbts de production, am\u00e9liorer l'efficacit\u00e9 et parvenir \u00e0 la standardisation des emballages.<\/p>    <figure class=\"wp-block-image size-full\"><img loading=\"lazy\" decoding=\"async\" width=\"740\" height=\"520\" src=\"https:\/\/taizypackaging.com\/wp-content\/uploads\/2021\/07\/automatic-shrink-wrap-machine.jpg\" alt=\"machine d&#039;emballage r\u00e9tractable automatique\" class=\"wp-image-3817\" srcset=\"https:\/\/taizypackaging.com\/wp-content\/uploads\/2021\/07\/automatic-shrink-wrap-machine.jpg 740w, https:\/\/taizypackaging.com\/wp-content\/uploads\/2021\/07\/automatic-shrink-wrap-machine-300x211.jpg 300w\" sizes=\"auto, (max-width: 740px) 100vw, 740px\" \/><figcaption class=\"wp-element-caption\">machine d'emballage r\u00e9tractable automatique<\/figcaption><\/figure>    <h2 class=\"wp-block-heading\" id=\"h-the-application-of-automatic-shrink-wrap-machine\">Applications de la machine d'emballage r\u00e9tractable automatique<\/h2>    <p>En raison de sa forte productivit\u00e9, la d\u00e9coupeuse thermor\u00e9tractable automatique est largement utilis\u00e9e dans les industries de production de masse telles que les produits de premi\u00e8re n\u00e9cessit\u00e9, l'impression, l'alimentation, l'\u00e9lectronique, les appareils \u00e9lectriques, les cosm\u00e9tiques, les livres, les cahiers, les magazines, les cartes postales, le shampoing, le gel douche, la teinture capillaire, le puzzle. , etc.<\/p>    <figure class=\"wp-block-image size-full\"><img decoding=\"async\" src=\"https:\/\/taizypackaging.com\/wp-content\/uploads\/2021\/07\/shrink-wrap-machine-applications.jpg\" alt=\"applications des machines d&#039;emballage r\u00e9tractable\" class=\"wp-image-4106\"\/><figcaption class=\"wp-element-caption\">applications des machines d'emballage r\u00e9tractable<\/figcaption><\/figure>    <h2 class=\"wp-block-heading\" id=\"h-technical-parameters\">Param\u00e8tres de la machine d'emballage r\u00e9tractable automatique<\/h2>    <figure class=\"wp-block-table\"><table><tbody><tr><td>Mod\u00e8le<\/td><td>LC-560B<\/td><\/tr><tr><td>Type d'\u00e9tanch\u00e9it\u00e9<\/td><td>Enti\u00e8rement ferm\u00e9<\/td><\/tr><tr><td>Source de courant<\/td><td>380V \/ 50 \u4e00 60Hz\/3 phases<\/td><\/tr><tr><td>Capacit\u00e9 d'emballage maximale<\/td><td>35 paquets\/min (d\u00e9pend de la taille du produit)<\/td><\/tr><tr><td>Hauteur de soudure<\/td><td>\u2264125mm<\/td><\/tr><tr><td>Largeur d'emballage<\/td><td>\u2264350mm<\/td><\/tr><tr><td>Taille du produit fini<\/td><td>Largeur + hauteur\u2264400\u00a0mmLongueur\u00a0+ hauteur\u2264480\u00a0mm<\/td><\/tr><tr><td>Type de film<\/td><td>Film de polyol\u00e9fine ( POF ) pli\u00e9 au centre<\/td><\/tr><tr><td>Pouvoir total<\/td><td>1,5KW<\/td><\/tr><tr><td>Hauteur de travail<\/td><td>780-850 millim\u00e8tres<\/td><\/tr><tr><td>Pression de l'air<\/td><td>\u22640,5MPa\uff085bar\uff09<\/td><\/tr><tr><td>Syst\u00e8me d'\u00e9tanch\u00e9it\u00e9<\/td><td>Syst\u00e8me de chauffage \u00e0 temp\u00e9rature constante<\/td><\/tr><tr><td>Mat\u00e9riel de machine<\/td><td>Acier Carbone<\/td><\/tr><tr><td>Poids<\/td><td>300 kg<\/td><\/tr><\/tbody><\/table><figcaption class=\"wp-element-caption\">\u00e9quipement d'emballage r\u00e9tractable<\/figcaption><\/figure>    <h3 class=\"wp-block-heading\" id=\"dql-5545-automatic-l-sealer-parameters\">Param\u00e8tres de la scelleuse automatique L DQL-5545<\/h3>    <figure class=\"wp-block-table is-style-stripes\"><table><tbody><tr><td class=\"has-text-align-center\" data-align=\"center\">Tension <\/td><td class=\"has-text-align-center\" data-align=\"center\">220 V\/50-60 Hz\/2,2 kW.<\/td><\/tr><tr><td class=\"has-text-align-center\" data-align=\"center\">Capacit\u00e9 d'emballage<\/td><td class=\"has-text-align-center\" data-align=\"center\">0-30 pi\u00e8ces\/min<\/td><\/tr><tr><td class=\"has-text-align-center\" data-align=\"center\">Taille maximale du scellant<\/td><td class=\"has-text-align-center\" data-align=\"center\">POF, PVC, PE<\/td><\/tr><tr><td class=\"has-text-align-center\" data-align=\"center\">Temp\u00e9rature de scellage<\/td><td class=\"has-text-align-center\" data-align=\"center\">140 \u2103-180 \u2103<\/td><\/tr><tr><td class=\"has-text-align-center\" data-align=\"center\">\u00c9paisseur du film<\/td><td class=\"has-text-align-center\" data-align=\"center\">0,015-0,1 mm<\/td><\/tr><tr><td class=\"has-text-align-center\" data-align=\"center\">Taille de la machine<\/td><td class=\"has-text-align-center\" data-align=\"center\">1760*<em>900<\/em>*1580mm<\/td><\/tr><tr><td class=\"has-text-align-center\" data-align=\"center\">Film r\u00e9tractable<\/td><td class=\"has-text-align-center\" data-align=\"center\">POF, PVC, PE<\/td><\/tr><\/tbody><\/table><figcaption class=\"wp-element-caption\">param\u00e8tres de scelleuse automatique L<\/figcaption><\/figure>    <h3 class=\"wp-block-heading\" id=\"dsd-4520-shrink-tunnel-machine-parameters\">Param\u00e8tres de la machine \u00e0 tunnel de r\u00e9traction DSD-4520 <\/h3>    <figure class=\"wp-block-table is-style-stripes\"><table><tbody><tr><td class=\"has-text-align-center\" data-align=\"center\">Tension<\/td><td class=\"has-text-align-center\" data-align=\"center\">220 V\/50-60 Hz<\/td><\/tr><tr><td class=\"has-text-align-center\" data-align=\"center\">Puissance de chauffage<\/td><td class=\"has-text-align-center\" data-align=\"center\">12,8(kW)<\/td><\/tr><tr><td class=\"has-text-align-center\" data-align=\"center\">Vitesse de transport<\/td><td class=\"has-text-align-center\" data-align=\"center\">0-16 m\/min<\/td><\/tr><tr><td class=\"has-text-align-center\" data-align=\"center\">Taille du tunnel<\/td><td class=\"has-text-align-center\" data-align=\"center\">1200*<em>450<\/em>*200mm<\/td><\/tr><tr><td class=\"has-text-align-center\" data-align=\"center\">Chargement du convoyeur<\/td><td class=\"has-text-align-center\" data-align=\"center\">10 kg<\/td><\/tr><tr><td class=\"has-text-align-center\" data-align=\"center\">Taille de la machine<\/td><td class=\"has-text-align-center\" data-align=\"center\">1600*<em>720<\/em>*1400mm<\/td><\/tr><\/tbody><\/table><figcaption class=\"wp-element-caption\">machine \u00e0 tunnel de r\u00e9traction<\/figcaption><\/figure>    <h2 class=\"wp-block-heading\" id=\"h-the-advantages-of-automatic-shrink-wrap-machine\">Avantages de la machine d'emballage r\u00e9tractable automatique<\/h2>    <ul class=\"wp-block-list\"> <li>Cette machine d'emballage sous film r\u00e9tractable adopte un contr\u00f4le intelligent, un fonctionnement simple, une conception humanis\u00e9e et un contr\u00f4le de programmation PLC. Un syst\u00e8me intelligent de r\u00e9gulation de la temp\u00e9rature assure la stabilit\u00e9 et la pr\u00e9cision de la temp\u00e9rature pendant le retrait.<\/li>    <li>La machine de r\u00e9traction est \u00e9quip\u00e9e de trois tubes chauffants \u00e0 gauche et \u00e0 droite, et il y a un petit ventilateur sur le dessus de la machine, qui peut faire circuler l'air chaud \u00e0 l'int\u00e9rieur afin que les produits puissent \u00eatre enti\u00e8rement emball\u00e9s.<\/li>    <li>La largeur de la bande transporteuse peut \u00eatre ajust\u00e9e par la poign\u00e9e pour s'adapter \u00e0 diff\u00e9rentes tailles de produits.<\/li>    <li>La machine adopte un syst\u00e8me d'induction photo\u00e9lectrique avanc\u00e9 pour couper et sceller les produits avec pr\u00e9cision et sans erreur. La lame du couteau de coupe et de scellage est \u00e9quip\u00e9e d'un tissu d'isolation thermique pour \u00e9viter toute perte suppl\u00e9mentaire de film caus\u00e9e par la lame du couteau. En m\u00eame temps, avant d'entrer dans la machine r\u00e9tractable, le dispositif d'\u00e9chappement fera de petits trous dans le film pour \u00e9viter que le film ne soit chauff\u00e9 de mani\u00e8re in\u00e9gale et ne provoque une explosion.<\/li>    <li>La machine est \u00e9quip\u00e9e d'un capot de protection en plexiglas, qui peut emp\u00eacher la poussi\u00e8re de p\u00e9n\u00e9trer dans l'emballage du produit et prot\u00e9ger l'op\u00e9rateur dans une certaine mesure.<\/li> <\/ul>    <h2 class=\"wp-block-heading\" id=\"h-the-structure-of-automatic-heat-shrink-cutter\">Caract\u00e9ristiques structurelles de l'emballeuse thermor\u00e9tractable automatique<\/h2>    <div class=\"wp-block-columns is-layout-flex wp-container-core-columns-is-layout-9d6595d7 wp-block-columns-is-layout-flex\"> <div class=\"wp-block-column is-layout-flow wp-block-column-is-layout-flow\"> <figure class=\"wp-block-image size-full\"><img decoding=\"async\" src=\"https:\/\/taizypackaging.com\/wp-content\/uploads\/2021\/07\/\u753b\u677f-6.jpg\" alt=\"structure de la machine d&#039;emballage sous film r\u00e9tractable\" class=\"wp-image-2446\"\/><figcaption class=\"wp-element-caption\">structure de la machine d'emballage sous film r\u00e9tractable<\/figcaption><\/figure> <\/div>    <div class=\"wp-block-column is-layout-flow wp-block-column-is-layout-flow\"> <figure class=\"wp-block-image size-full\"><img decoding=\"async\" src=\"https:\/\/taizypackaging.com\/wp-content\/uploads\/2021\/07\/\u753b\u677f-7.jpg\" alt=\"structure de tunnel de film thermor\u00e9tractable\" class=\"wp-image-2447\"\/><figcaption class=\"wp-element-caption\">structure de tunnel de film thermor\u00e9tractable<\/figcaption><\/figure> <\/div> <\/div>    <h2 class=\"wp-block-heading\" id=\"why-choose-us-as-your-top-shrink-wrap-sealer-manufacturer\">Pourquoi nous choisir comme principal fabricant de scelleuses sous film r\u00e9tractable\u00a0? <\/h2>    <p class=\"translation-block\"><a rel=\"noreferrer noopener\" href=\"https:\/\/taizypackaging.com\/fr\/\" target=\"_blank\">La soci\u00e9t\u00e9 Taizy<\/a> a 10 ans d'exp\u00e9rience dans l'industrie des machines d'emballage. Et nous avons vendu un grand nombre de machines dans de nombreux pays et r\u00e9gions, toutes nos machines peuvent \u00eatre personnalis\u00e9es en fonction de vos besoins r\u00e9els. Les techniciens r\u00e9gleront finement les machines selon vos besoins \u00e0 l'avance. Nous enregistrerons plus de vid\u00e9os d'op\u00e9ration et fournirons des instructions en ligne \u00e0 distance apr\u00e8s r\u00e9ception des marchandises, ou enverrons des ing\u00e9nieurs dans votre usine pour assurer le bon d\u00e9roulement de votre projet. Nous utilisons un processus d'emballage et de distribution standardis\u00e9 pour r\u00e9duire la perte de produits en transit. Bienvenue \u00e0 <a rel=\"noreferrer noopener\" href=\"https:\/\/taizypackaging.com\/fr\/contact-us\/\" target=\"_blank\">nous contacter<\/a> \u00e0 tout moment!<\/p>    <figure class=\"wp-block-image size-full\"><img decoding=\"async\" src=\"https:\/\/taizypackaging.com\/wp-content\/uploads\/2021\/07\/\u753b\u677f-8-1.jpg\" alt=\"usine de machines d&#039;emballage r\u00e9tractable\" class=\"wp-image-2463\"\/><figcaption class=\"wp-element-caption\">usine de machines d'emballage r\u00e9tractable<\/figcaption><\/figure>","protected":false},"excerpt":{"rendered":"<p>Automatic shrink wrap machine has an extremely wide range of applications in modern society. Shrink wrapping machine is suitable for a variety of products, such as books, cosmetics, dishes, toys, masks, toothbrushes, medicines, daily necessities, etc. There is a growing trend for this shrink packing machine on the global market. At Taizy Packaging Machinery, we [&hellip;]<\/p>\n","protected":false},"author":1,"featured_media":2458,"parent":0,"template":"","tags":[545,589,590],"product-type":[668],"class_list":["post-2444","product","type-product","status-publish","has-post-thumbnail","hentry","tag-automatic-shrink-wrap-machine","tag-shrink-wrap-machine","tag-shrink-wrap-sealer","product-type-supporting-equipment"],"_links":{"self":[{"href":"https:\/\/taizypackaging.com\/fr\/wp-json\/wp\/v2\/product\/2444","targetHints":{"allow":["GET"]}}],"collection":[{"href":"https:\/\/taizypackaging.com\/fr\/wp-json\/wp\/v2\/product"}],"about":[{"href":"https:\/\/taizypackaging.com\/fr\/wp-json\/wp\/v2\/types\/product"}],"author":[{"embeddable":true,"href":"https:\/\/taizypackaging.com\/fr\/wp-json\/wp\/v2\/users\/1"}],"wp:featuredmedia":[{"embeddable":true,"href":"https:\/\/taizypackaging.com\/fr\/wp-json\/wp\/v2\/media\/2458"}],"wp:attachment":[{"href":"https:\/\/taizypackaging.com\/fr\/wp-json\/wp\/v2\/media?parent=2444"}],"wp:term":[{"taxonomy":"post_tag","embeddable":true,"href":"https:\/\/taizypackaging.com\/fr\/wp-json\/wp\/v2\/tags?post=2444"},{"taxonomy":"product-type","embeddable":true,"href":"https:\/\/taizypackaging.com\/fr\/wp-json\/wp\/v2\/product-type?post=2444"}],"curies":[{"name":"wp","href":"https:\/\/api.w.org\/{rel}","templated":true}]}}