{"id":2468,"date":"2021-07-29T01:23:33","date_gmt":"2021-07-29T01:23:33","guid":{"rendered":"https:\/\/taizypackaging.com\/?p=2468"},"modified":"2023-10-24T17:04:56","modified_gmt":"2023-10-24T09:04:56","slug":"automatic-flat-labeling-machine","status":"publish","type":"product","link":"https:\/\/taizypackaging.com\/fr\/automatic-flat-labeling-machine\/","title":{"rendered":"Machine d'\u00e9tiquetage plate"},"content":{"rendered":"<div class=\"kk-star-ratings kksr-auto kksr-align-left kksr-valign-top\"     data-payload='{&quot;align&quot;:&quot;left&quot;,&quot;id&quot;:&quot;2468&quot;,&quot;slug&quot;:&quot;default&quot;,&quot;valign&quot;:&quot;top&quot;,&quot;ignore&quot;:&quot;&quot;,&quot;reference&quot;:&quot;auto&quot;,&quot;class&quot;:&quot;&quot;,&quot;count&quot;:&quot;22&quot;,&quot;legendonly&quot;:&quot;&quot;,&quot;readonly&quot;:&quot;&quot;,&quot;score&quot;:&quot;4.9&quot;,&quot;starsonly&quot;:&quot;&quot;,&quot;best&quot;:&quot;5&quot;,&quot;gap&quot;:&quot;5&quot;,&quot;greet&quot;:&quot;Rate this product&quot;,&quot;legend&quot;:&quot;4.9\\\/5 - (22 votes)&quot;,&quot;size&quot;:&quot;24&quot;,&quot;title&quot;:&quot;Flat Labeling Machine&quot;,&quot;width&quot;:&quot;139.6&quot;,&quot;_legend&quot;:&quot;{score}\\\/{best} - ({count} {votes})&quot;,&quot;font_factor&quot;:&quot;1.25&quot;}'>              <div class=\"kksr-stars\">      <div class=\"kksr-stars-inactive\">             <div class=\"kksr-star\" data-star=\"1\" style=\"padding-right: 5px\">               <div class=\"kksr-icon\" style=\"width: 24px; height: 24px;\"><\/div>         <\/div>             <div class=\"kksr-star\" data-star=\"2\" style=\"padding-right: 5px\">               <div class=\"kksr-icon\" style=\"width: 24px; height: 24px;\"><\/div>         <\/div>             <div class=\"kksr-star\" data-star=\"3\" style=\"padding-right: 5px\">               <div class=\"kksr-icon\" style=\"width: 24px; height: 24px;\"><\/div>         <\/div>             <div class=\"kksr-star\" data-star=\"4\" style=\"padding-right: 5px\">               <div class=\"kksr-icon\" style=\"width: 24px; height: 24px;\"><\/div>         <\/div>             <div class=\"kksr-star\" data-star=\"5\" style=\"padding-right: 5px\">               <div class=\"kksr-icon\" style=\"width: 24px; height: 24px;\"><\/div>         <\/div>     <\/div>      <div class=\"kksr-stars-active\" style=\"width: 139.6px;\">             <div class=\"kksr-star\" style=\"padding-right: 5px\">               <div class=\"kksr-icon\" style=\"width: 24px; height: 24px;\"><\/div>         <\/div>             <div class=\"kksr-star\" style=\"padding-right: 5px\">               <div class=\"kksr-icon\" style=\"width: 24px; height: 24px;\"><\/div>         <\/div>             <div class=\"kksr-star\" style=\"padding-right: 5px\">               <div class=\"kksr-icon\" style=\"width: 24px; height: 24px;\"><\/div>         <\/div>             <div class=\"kksr-star\" style=\"padding-right: 5px\">               <div class=\"kksr-icon\" style=\"width: 24px; height: 24px;\"><\/div>         <\/div>             <div class=\"kksr-star\" style=\"padding-right: 5px\">               <div class=\"kksr-icon\" style=\"width: 24px; height: 24px;\"><\/div>         <\/div>     <\/div> <\/div>                   <div class=\"kksr-legend\" style=\"font-size: 19.2px;\">             4,9\/5 - (22 votes)    <\/div>     <\/div>  <p class=\"translation-block\">La machine d'\u00e9tiquetage plat ici est une machine d'\u00e9tiquetage automatique et portable. Elle est appliqu\u00e9e pour \u00e9tiqueter toutes sortes de produits avec une surface plane tels que les bouteilles, les sacs, les bo\u00eetes, les cartons, etc. La machine d'\u00e9tiquetage de surface plane peut fonctionner avec d'autres \u00e9quipements pour former une ligne de production compl\u00e8te, telle qu'une machine de remplissage, une machine d'emballage, une machine de scellage, une machine de bouchage, etc. Vous pouvez nous envoyer vos exigences afin que nous puissions personnaliser une machine d'\u00e9tiquetage plat sp\u00e9cifique pour r\u00e9pondre \u00e0 vos besoins. Vous recherchez un applicateur d'\u00e9tiquettes plat de qualit\u00e9 ? Envoyez-nous un e-mail ou appelez-nous d\u00e8s maintenant pour une liste de prix gratuite. <\/p>    <h2 class=\"wp-block-heading\" id=\"h-the-working-video-of-flax-bottle-label-applicator\">Vid\u00e9o de travail de la machine \u00e0 \u00e9tiqueter les surfaces planes <\/h2>   <figure class=\"wp-block-embed-youtube wp-block-embed is-type-video is-provider-youtube wp-embed-aspect-16-9 wp-has-aspect-ratio\"><div class=\"lyte-wrapper fourthree\" title=\"Etiqueteuse automatique \u00e0 plat\" style=\"width:960px;max-width:100%;margin:5px auto;\"><div class=\"lyMe hidef\" id=\"WYL_Ajyv04TJick\" itemprop=\"video\" itemscope itemtype=\"https:\/\/schema.org\/VideoObject\"><div><meta itemprop=\"thumbnailUrl\" content=\"https:\/\/taizypackaging.com\/wp-content\/plugins\/wp-youtube-lyte\/lyteCache.php?origThumbUrl=https%3A%2F%2Fi.ytimg.com%2Fvi%2FAjyv04TJick%2Fmaxresdefault.jpg\" \/><meta itemprop=\"embedURL\" content=\"https:\/\/www.youtube.com\/embed\/Ajyv04TJick\" \/><meta itemprop=\"duration\" content=\"PT1M6S\" \/><meta itemprop=\"uploadDate\" content=\"2021-07-28T10:36:21Z\" \/><\/div><meta itemprop=\"accessibilityFeature\" content=\"captions\" \/><div id=\"lyte_Ajyv04TJick\" data-src=\"https:\/\/taizypackaging.com\/wp-content\/plugins\/wp-youtube-lyte\/lyteCache.php?origThumbUrl=https%3A%2F%2Fi.ytimg.com%2Fvi%2FAjyv04TJick%2Fmaxresdefault.jpg\" class=\"pL\"><div class=\"tC\"><div class=\"tT\" itemprop=\"name\">Etiqueteuse automatique \u00e0 plat<\/div><\/div><div class=\"play\"><\/div><div class=\"ctrl\"><div class=\"Lctrl\"><\/div><div class=\"Rctrl\"><\/div><\/div><\/div><noscript><a href=\"https:\/\/youtu.be\/Ajyv04TJick\" rel=\"nofollow noopener\" target=\"_blank\"><img loading=\"lazy\" decoding=\"async\" src=\"https:\/\/taizypackaging.com\/wp-content\/plugins\/wp-youtube-lyte\/lyteCache.php?origThumbUrl=https%3A%2F%2Fi.ytimg.com%2Fvi%2FAjyv04TJick%2F0.jpg\" alt=\"Etiqueteuse automatique \u00e0 plat\" width=\"960\" height=\"700\" \/><br \/>Watch this video on YouTube<\/a><\/noscript><meta itemprop=\"description\" content=\"WhatsApp\/Wechat\/Tel:+86 19139754781 This desktop automatic flat labeling machine is mainly suitable for the following two types of labeling: flat labeling or round bottles with a diameter of less than 2cm (such as lipstick, cosmetic samples, etc.). It is widely used in the food, logistics industry. Specific performance in the courier bag or courier box on the single number labeling, food bag outer packaging labeling, fresh food labeling on the plastic box, etc. You can get more information on: https:\/\/taizypackaging.com\/automatic-flat-labeling-machine\/\"><\/div><\/div><div class=\"lL\" style=\"max-width:100%;width:960px;margin:5px auto;\"><\/div><figcaption><\/figcaption><\/figure>   <h2 class=\"wp-block-heading\" id=\"what-is-a-flat-labeling-machine\">Qu'est-ce qu'une \u00e9tiqueteuse plate ? <\/h2>    <p>L\u2019\u00e9tiquetage est devenu une \u00e9tape indispensable dans le packaging de tous les produits. Cette \u00e9tiqueteuse plate automatique de bureau convient principalement aux deux types d'\u00e9tiquetage suivants : l'\u00e9tiquetage plat ou les bouteilles rondes d'un diam\u00e8tre inf\u00e9rieur \u00e0 2 cm (comme le rouge \u00e0 l\u00e8vres, les \u00e9chantillons cosm\u00e9tiques, etc.). Il est largement utilis\u00e9 dans l\u2019industrie alimentaire et logistique. Performances sp\u00e9cifiques dans le sac de courrier ou la bo\u00eete de courrier sur l'\u00e9tiquetage \u00e0 num\u00e9ro unique, l'\u00e9tiquetage de l'emballage ext\u00e9rieur du sac alimentaire, l'\u00e9tiquetage des aliments frais sur la bo\u00eete en plastique, etc.<\/p>    <figure class=\"wp-block-image size-full\"><img decoding=\"async\" src=\"https:\/\/taizypackaging.com\/wp-content\/uploads\/2021\/07\/flat-surface-labeling-machine.jpg\" alt=\"machine d&#039;\u00e9tiquetage de surface plane\" class=\"wp-image-3841\"\/><figcaption class=\"wp-element-caption\">machine d'\u00e9tiquetage de surface plane<\/figcaption><\/figure>    <h2 class=\"wp-block-heading\" id=\"h-why-do-we-need-a-flat-labeling-machine\">Pourquoi avons-nous besoin d\u2019une \u00e9tiqueteuse plate ?<\/h2>    <ul class=\"wp-block-list\"> <li>La machine est \u00e9quip\u00e9e d'un syst\u00e8me de contr\u00f4le PLC, une op\u00e9ration simple est facile \u00e0 d\u00e9marrer. \u00c9cran LCD tactile, facile \u00e0 r\u00e9gler les param\u00e8tres tels que la vitesse d'\u00e9tiquetage et le nombre d'\u00e9tiquetage.<\/li>    <li>Le syst\u00e8me de d\u00e9tection photo-yeux garantit une position d\u2019\u00e9tiquetage uniforme et belle.<\/li>    <li>L'ensemble de la machine est en acier inoxydable et en alliage d'aluminium, a de bonnes performances et est facile \u00e0 nettoyer et \u00e0 entretenir. En outre, conform\u00e9ment aux excellentes normes de fabrication de GMP.<\/li>    <li>La largeur du convoyeur et la hauteur d\u2019\u00e9tiquetage de la machine sont r\u00e9glables afin de s\u2019adapter \u00e0 diff\u00e9rentes tailles de produits et d\u2019\u00e9tiquettes.<\/li>    <li>Une \u00e9tiqueteuse plate semi-automatique n\u00e9cessite une rotation manuelle de l'article cible \u00e0 \u00e9tiqueter. Cette machine automatique ne n\u00e9cessite pas de flux de travail compliqu\u00e9, elle est pratique et efficace.<\/li>    <li>Il peut participer \u00e0 une ligne de production compl\u00e8te. Par exemple, la machine avant avec le carton, apr\u00e8s la machine \u00e0 coder, ou <a href=\"https:\/\/taizypackaging.com\/fr\/round-bottle-labeling-machine\/\" target=\"_blank\" rel=\"noreferrer noopener\">\u00e9tiqueteuse automatique de bouteilles rondes<\/a> avec l'utilisation, peut grandement am\u00e9liorer l'efficacit\u00e9 de la production.<\/li> <\/ul>    <h2 class=\"wp-block-heading\" id=\"what-can-a-flat-surface-labeling-machine-used-for\">\u00c0 quoi peut servir une \u00e9tiqueteuse \u00e0 surface plane ? <\/h2>    <p>Une \u00e9tiqueteuse \u00e0 surface plane est id\u00e9ale pour \u00e9tiqueter divers produits avec une surface plane. Il a une application assez large et est largement utilis\u00e9 dans l\u2019industrie alimentaire, l\u2019industrie cosm\u00e9tique, les produits de premi\u00e8re n\u00e9cessit\u00e9, l\u2019industrie pharmaceutique et de nombreuses autres industries. Dans le d\u00e9tail, une \u00e9tiqueteuse plate convient \u00e0 l'\u00e9tiquetage de bouteilles plates, de bo\u00eetes, de cartons, de sacs, etc. <\/p>    <figure class=\"wp-block-image size-full\"><img decoding=\"async\" src=\"https:\/\/taizypackaging.com\/wp-content\/uploads\/2021\/07\/flat-labeling-machine-uses-1.jpg\" alt=\"utilisations de la machine \u00e0 \u00e9tiqueter plate\" class=\"wp-image-3839\"\/><figcaption class=\"wp-element-caption\">utilisations de la machine \u00e0 \u00e9tiqueter plate<\/figcaption><\/figure>    <h2 class=\"wp-block-heading\" id=\"h-the-details-of-flat-label-applicator\">D\u00e9tails de la structure de la machine d'\u00e9tiquetage plate automatique Taizy<\/h2>    <p>L'\u00e9tiqueteuse plate automatique se compose principalement d'une structure d'\u00e9tiquette durable, d'un porte-\u00e9tiquette, d'un panneau op\u00e9rationnel, d'un \u0153il de suivi \u00e9lectrique, d'un bouton d'arr\u00eat d'urgence, d'un convoyeur de produits, d'un moteur de marque, d'un bouton rotatif, etc. Une technologie avanc\u00e9e et des accessoires de qualit\u00e9 garantissent d'excellentes performances et une grande pr\u00e9cision. En outre, un mat\u00e9riau durable et un moteur r\u00e9put\u00e9 garantissent une tr\u00e8s longue dur\u00e9e de vie de notre \u00e9tiqueteuse \u00e0 surface plane. <\/p>    <figure class=\"wp-block-image size-full\"><img decoding=\"async\" src=\"https:\/\/taizypackaging.com\/wp-content\/uploads\/2021\/07\/03-3.jpg\" alt=\"d\u00e9tails de la machine \u00e0 \u00e9tiquettes plates\" class=\"wp-image-2471\"\/><figcaption class=\"wp-element-caption\">d\u00e9tails de la machine \u00e0 \u00e9tiquettes plates<\/figcaption><\/figure>    <h2 class=\"wp-block-heading\" id=\"h-our-service\">Pourquoi nous choisir comme principal fournisseur d'\u00e9tiqueteuses ? <\/h2>    <p class=\"translation-block\">En tant que fabricant et fournisseur professionnel de <a href=\"https:\/\/taizypackaging.com\/fr\/\">machines d'emballage<\/a>, d\u00e8s le premier processus de production, chaque \u00e9tape en ligne est conforme aux normes de production internationales. Avant l'exp\u00e9dition, nous simulerons et r\u00e9glerons les param\u00e8tres requis par les clients \u00e0 l'avance selon leurs exigences, et attendrons qu'ils re\u00e7oivent les marchandises avec seulement un l\u00e9ger ajustement ou aucun ajustement. Apr\u00e8s l'envoi des produits, nous avons \u00e9galement du personnel professionnel pour fournir un service de support technique. De plus, apr\u00e8s avoir re\u00e7u l'\u00e9quipement, toute question peut \u00eatre adress\u00e9e \u00e0 notre personnel apr\u00e8s-vente pour obtenir des r\u00e9ponses. La satisfaction du client est l'une des croyances que notre soci\u00e9t\u00e9 Taizy d\u00e9fend.<\/p>    <figure class=\"wp-block-image size-full\"><img loading=\"lazy\" decoding=\"async\" width=\"750\" height=\"533\" src=\"https:\/\/taizypackaging.com\/wp-content\/uploads\/2021\/07\/Taizy-flat-labeling-machine-factory.jpg\" alt=\"Usine de machines d&#039;\u00e9tiquetage plates Taizy\" class=\"wp-image-3837\" srcset=\"https:\/\/taizypackaging.com\/wp-content\/uploads\/2021\/07\/Taizy-flat-labeling-machine-factory.jpg 750w, https:\/\/taizypackaging.com\/wp-content\/uploads\/2021\/07\/Taizy-flat-labeling-machine-factory-300x213.jpg 300w\" sizes=\"auto, (max-width: 750px) 100vw, 750px\" \/><figcaption class=\"wp-element-caption\">Usine de machines d'\u00e9tiquetage plates Taizy<\/figcaption><\/figure>","protected":false},"excerpt":{"rendered":"<p>The flat labeling machine here is an automatic and portable labeling machine. It is applied for labeling all kinds of products with a flat surface like bottles, bags, cans, boxes, cartons, etc. The flat surface labeling machine can work with other equipment to make a complete production line, such as a filling machine, packaging machine, [&hellip;]<\/p>\n","protected":false},"author":1,"featured_media":2474,"parent":0,"template":"","tags":[595,546],"product-type":[668],"class_list":["post-2468","product","type-product","status-publish","has-post-thumbnail","hentry","tag-flat-labeling-machine","tag-labeling-machine","product-type-supporting-equipment"],"_links":{"self":[{"href":"https:\/\/taizypackaging.com\/fr\/wp-json\/wp\/v2\/product\/2468","targetHints":{"allow":["GET"]}}],"collection":[{"href":"https:\/\/taizypackaging.com\/fr\/wp-json\/wp\/v2\/product"}],"about":[{"href":"https:\/\/taizypackaging.com\/fr\/wp-json\/wp\/v2\/types\/product"}],"author":[{"embeddable":true,"href":"https:\/\/taizypackaging.com\/fr\/wp-json\/wp\/v2\/users\/1"}],"wp:featuredmedia":[{"embeddable":true,"href":"https:\/\/taizypackaging.com\/fr\/wp-json\/wp\/v2\/media\/2474"}],"wp:attachment":[{"href":"https:\/\/taizypackaging.com\/fr\/wp-json\/wp\/v2\/media?parent=2468"}],"wp:term":[{"taxonomy":"post_tag","embeddable":true,"href":"https:\/\/taizypackaging.com\/fr\/wp-json\/wp\/v2\/tags?post=2468"},{"taxonomy":"product-type","embeddable":true,"href":"https:\/\/taizypackaging.com\/fr\/wp-json\/wp\/v2\/product-type?post=2468"}],"curies":[{"name":"wp","href":"https:\/\/api.w.org\/{rel}","templated":true}]}}