{"id":2483,"date":"2021-07-29T07:41:07","date_gmt":"2021-07-29T07:41:07","guid":{"rendered":"https:\/\/taizypackaging.com\/?p=2483"},"modified":"2024-07-16T18:26:03","modified_gmt":"2024-07-16T10:26:03","slug":"continuous-sealing-machine-for-sale","status":"publish","type":"product","link":"https:\/\/taizypackaging.com\/fr\/continuous-sealing-machine-for-sale\/","title":{"rendered":"Machine de scellage continue"},"content":{"rendered":"<div class=\"kk-star-ratings kksr-auto kksr-align-left kksr-valign-top\"     data-payload='{&quot;align&quot;:&quot;left&quot;,&quot;id&quot;:&quot;2483&quot;,&quot;slug&quot;:&quot;default&quot;,&quot;valign&quot;:&quot;top&quot;,&quot;ignore&quot;:&quot;&quot;,&quot;reference&quot;:&quot;auto&quot;,&quot;class&quot;:&quot;&quot;,&quot;count&quot;:&quot;23&quot;,&quot;legendonly&quot;:&quot;&quot;,&quot;readonly&quot;:&quot;&quot;,&quot;score&quot;:&quot;4.6&quot;,&quot;starsonly&quot;:&quot;&quot;,&quot;best&quot;:&quot;5&quot;,&quot;gap&quot;:&quot;5&quot;,&quot;greet&quot;:&quot;Rate this product&quot;,&quot;legend&quot;:&quot;4.6\\\/5 - (23 votes)&quot;,&quot;size&quot;:&quot;24&quot;,&quot;title&quot;:&quot;Continuous Sealing Machine&quot;,&quot;width&quot;:&quot;130.9&quot;,&quot;_legend&quot;:&quot;{score}\\\/{best} - ({count} {votes})&quot;,&quot;font_factor&quot;:&quot;1.25&quot;}'>              <div class=\"kksr-stars\">      <div class=\"kksr-stars-inactive\">             <div class=\"kksr-star\" data-star=\"1\" style=\"padding-right: 5px\">               <div class=\"kksr-icon\" style=\"width: 24px; height: 24px;\"><\/div>         <\/div>             <div class=\"kksr-star\" data-star=\"2\" style=\"padding-right: 5px\">               <div class=\"kksr-icon\" style=\"width: 24px; height: 24px;\"><\/div>         <\/div>             <div class=\"kksr-star\" data-star=\"3\" style=\"padding-right: 5px\">               <div class=\"kksr-icon\" style=\"width: 24px; height: 24px;\"><\/div>         <\/div>             <div class=\"kksr-star\" data-star=\"4\" style=\"padding-right: 5px\">               <div class=\"kksr-icon\" style=\"width: 24px; height: 24px;\"><\/div>         <\/div>             <div class=\"kksr-star\" data-star=\"5\" style=\"padding-right: 5px\">               <div class=\"kksr-icon\" style=\"width: 24px; height: 24px;\"><\/div>         <\/div>     <\/div>      <div class=\"kksr-stars-active\" style=\"width: 130.9px;\">             <div class=\"kksr-star\" style=\"padding-right: 5px\">               <div class=\"kksr-icon\" style=\"width: 24px; height: 24px;\"><\/div>         <\/div>             <div class=\"kksr-star\" style=\"padding-right: 5px\">               <div class=\"kksr-icon\" style=\"width: 24px; height: 24px;\"><\/div>         <\/div>             <div class=\"kksr-star\" style=\"padding-right: 5px\">               <div class=\"kksr-icon\" style=\"width: 24px; height: 24px;\"><\/div>         <\/div>             <div class=\"kksr-star\" style=\"padding-right: 5px\">               <div class=\"kksr-icon\" style=\"width: 24px; height: 24px;\"><\/div>         <\/div>             <div class=\"kksr-star\" style=\"padding-right: 5px\">               <div class=\"kksr-icon\" style=\"width: 24px; height: 24px;\"><\/div>         <\/div>     <\/div> <\/div>                   <div class=\"kksr-legend\" style=\"font-size: 19.2px;\">             4,6\/5 - (23 votes)    <\/div>     <\/div>  <p class=\"translation-block\"><strong>Machine de scellage continu<\/strong> voici une machine de scellage thermique de sacs portable. Elle occupe peu d'espace et est pratique \u00e0 d\u00e9placer. De plus, elle peut traiter diff\u00e9rents types de sacs en plastique. Un petit investissement dans ces <strong>machines de scellage de sacs continus<\/strong> peut augmenter votre efficacit\u00e9 et vous faire \u00e9conomiser de l'argent. La charge maximale de la table de convoyage de cette machine est de 10 kg. La vitesse de scellage est de 0 \u00e0 12 sacs par minute. De plus, cette <strong>machine de scellage thermique de sacs<\/strong> utilise une tension de 220 V, et la tension peut \u00eatre personnalis\u00e9e. La soci\u00e9t\u00e9 Taizy Packaging Machinery fournit des solutions de scellage standard et personnalis\u00e9es aux clients du monde entier. \u00cates-vous int\u00e9ress\u00e9 par une machine de scellage \u00e0 bande continu de qualit\u00e9 ? Envoyez-nous un e-mail et laissez votre message ci-dessous, nous vous r\u00e9pondrons bient\u00f4t. <\/p>    <h2 class=\"wp-block-heading\" id=\"h-how-does-a-continuous-band-sealer-work\">Comment fonctionne une machine \u00e0 sceller en continu ? <\/h2>   <figure class=\"wp-block-embed-youtube wp-block-embed is-type-video is-provider-youtube wp-embed-aspect-16-9 wp-has-aspect-ratio\"><div class=\"lyte-wrapper fourthree\" title=\"Machine \u00e0 sceller en continu | Scellant \u00e0 bande\" style=\"width:960px;max-width:100%;margin:5px auto;\"><div class=\"lyMe hidef\" id=\"WYL_ixVPifOtkNY\" itemprop=\"video\" itemscope itemtype=\"https:\/\/schema.org\/VideoObject\"><div><meta itemprop=\"thumbnailUrl\" content=\"https:\/\/taizypackaging.com\/wp-content\/plugins\/wp-youtube-lyte\/lyteCache.php?origThumbUrl=https%3A%2F%2Fi.ytimg.com%2Fvi%2FixVPifOtkNY%2Fmaxresdefault.jpg\" \/><meta itemprop=\"embedURL\" content=\"https:\/\/www.youtube.com\/embed\/ixVPifOtkNY\" \/><meta itemprop=\"duration\" content=\"PT44S\" \/><meta itemprop=\"uploadDate\" content=\"2021-07-29T06:54:41Z\" \/><\/div><div id=\"lyte_ixVPifOtkNY\" data-src=\"https:\/\/taizypackaging.com\/wp-content\/plugins\/wp-youtube-lyte\/lyteCache.php?origThumbUrl=https%3A%2F%2Fi.ytimg.com%2Fvi%2FixVPifOtkNY%2Fmaxresdefault.jpg\" class=\"pL\"><div class=\"tC\"><div class=\"tT\" itemprop=\"name\">Machine \u00e0 sceller en continu | Scellant \u00e0 bande<\/div><\/div><div class=\"play\"><\/div><div class=\"ctrl\"><div class=\"Lctrl\"><\/div><div class=\"Rctrl\"><\/div><\/div><\/div><noscript><a href=\"https:\/\/youtu.be\/ixVPifOtkNY\" rel=\"nofollow noopener\" target=\"_blank\"><img loading=\"lazy\" decoding=\"async\" src=\"https:\/\/taizypackaging.com\/wp-content\/plugins\/wp-youtube-lyte\/lyteCache.php?origThumbUrl=https%3A%2F%2Fi.ytimg.com%2Fvi%2FixVPifOtkNY%2F0.jpg\" alt=\"Machine \u00e0 sceller en continu | Scellant \u00e0 bande\" width=\"960\" height=\"700\" \/><br \/>Watch this video on YouTube<\/a><\/noscript><meta itemprop=\"description\" content=\"WhatsApp\/Wechat\/Tel:+86 19139754781 A continuous sealing machine is used to seal bags of powders, granules, liquids, etc. This band sealer is novel in structure, simple in operation, and complete in function, pushing and sealing at one time. It has a high degree of automation, which can significantly reduce the workload of workers. You will get more information on: https:\/\/taizypackaging.com\/continuous-sealing-machine-for-sale\/\"><\/div><\/div><div class=\"lL\" style=\"max-width:100%;width:960px;margin:5px auto;\"><\/div><figcaption>La vid\u00e9o de travail de la soudeuse \u00e0 bande<\/figcaption><\/figure>   <h2 class=\"wp-block-heading\" id=\"h-what-is-a-continuous-sealing-machine\">Qu'est-ce qu'une machine \u00e0 sceller en bande continue ?<\/h2>    <p>Une machine de scellage continue est utilis\u00e9e pour sceller divers sacs en plastique de poudres, granul\u00e9s, liquides, p\u00e2tes, etc. Cette scelleuse de sacs \u00e0 bande continue est de structure nouvelle, facile \u00e0 utiliser et compl\u00e8te en fonction, poussant et scellant en m\u00eame temps. Il dispose d\u2019un degr\u00e9 \u00e9lev\u00e9 d\u2019automatisation, ce qui peut r\u00e9duire consid\u00e9rablement vos co\u00fbts. <\/p>    <figure class=\"wp-block-image size-full\"><img decoding=\"async\" src=\"https:\/\/taizypackaging.com\/wp-content\/uploads\/2021\/07\/continuous-sealing-machine.jpg\" alt=\"machine \u00e0 sceller en continu\" class=\"wp-image-3850\"\/><figcaption class=\"wp-element-caption\">machine \u00e0 sceller en continu<\/figcaption><\/figure>    <h2 class=\"wp-block-heading\" id=\"h-why-do-we-need-a-continuous-sealing-machine\">Caract\u00e9ristiques et avantages de la machine de scellage continue Taizy \u00e0 vendre<\/h2>    <p class=\"translation-block\">Chez <a href=\"https:\/\/taizypackaging.com\/fr\/\" target=\"_blank\" rel=\"noreferrer noopener\">Taizy Company<\/a>, notre machine de scellage continu pr\u00e9sente les avantages suivants :<\/p>    <ul class=\"wp-block-list\"> <li>Le corps est en acier inoxydable, avec une belle apparence et une forte stabilit\u00e9. La petite taille de la machine la rend facile \u00e0 entretenir et portable.<\/li>    <li>Le panneau de commande est simple et facile \u00e0 utiliser, et la temp\u00e9rature peut \u00eatre ajust\u00e9e \u00e0 tout moment.<\/li>    <li>Le bloc chauffant et le bloc de refroidissement de la machine sont constitu\u00e9s d'un bloc de cuivre pur. Le bloc chauffant en cuivre pur permet de chauffer uniform\u00e9ment la zone de scellage du sac et le bloc de refroidissement dissipe la chaleur avec de l'air froid pour aider le scellage \u00e0 prendre rapidement. \u00c0 propos, le bloc chauffant est fix\u00e9 avec un tissu d'isolation thermique, il n'y a donc pas lieu de s'inqui\u00e9ter de la fonte du sac en raison de la temp\u00e9rature \u00e9lev\u00e9e.<\/li>    <li>Le joint de roue en m\u00e9tal gaufr\u00e9 est ferme et beau, le motif est clair et l'indentation est plate. La roue encreuse avec roue d'impression peut r\u00e9pondre aux besoins des fabricants en mati\u00e8re d'impression de la date de production et de la dur\u00e9e de conservation, etc.<\/li> <\/ul>    <h2 class=\"wp-block-heading\" id=\"h-machine-parameters\">Param\u00e8tres de la machine de scellage \u00e0 bande continue<\/h2>    <figure class=\"wp-block-table is-style-stripes\"><table><tbody><tr><td class=\"has-text-align-center\" data-align=\"center\">Tension<\/td><td class=\"has-text-align-center\" data-align=\"center\">220V\/50HZ\/0,65KW<\/td><\/tr><tr><td class=\"has-text-align-center\" data-align=\"center\">Charge maximale de la table du convoyeur<\/td><td class=\"has-text-align-center\" data-align=\"center\">10 kg<\/td><\/tr><tr><td class=\"has-text-align-center\" data-align=\"center\">Vitesse de scellage<\/td><td class=\"has-text-align-center\" data-align=\"center\">0-12 sacs\/min<\/td><\/tr><tr><td class=\"has-text-align-center\" data-align=\"center\">Dimensions<\/td><td class=\"has-text-align-center\" data-align=\"center\">815*<em>645<\/em>*305mm<\/td><\/tr><\/tbody><\/table><\/figure>    <h2 class=\"wp-block-heading\" id=\"h-what-kind-of-bags-can-the-continuous-band-sealer-be-used-to-seal\">Quels types de mat\u00e9riaux de sac la scelleuse \u00e0 bande continue peut-elle \u00eatre utilis\u00e9e pour sceller\u00a0?<\/h2>    <p class=\"translation-block\">En fait, nos machines conviennent au scellage de mat\u00e9riaux thermoplastiques (PP, PE, stratifi\u00e9s) de toutes tailles et longueurs. Nous proposons des machines de scellage \u00e0 bande horizontales (o\u00f9 le sac est \u00e0 plat sur le tapis roulant) et des machines de scellage \u00e0 bande verticales (o\u00f9 le sac est en position debout sur le tapis roulant). Nos machines de scellage \u00e0 bande peuvent \u00eatre utilis\u00e9es dans un large \u00e9ventail d'applications et d'industries, telles que la pharmacie, l'alimentation, l'agriculture, la chimie quotidienne, etc. De plus, vous devriez \u00e9galement faire attention aux sacs utilis\u00e9s pour la <a rel=\"noreferrer noopener\" href=\"https:\/\/taizypackaging.com\/fr\/machines-category\/vpm\/\" target=\"_blank\">machine d'emballage sous vide<\/a>, la <a href=\"https:\/\/taizypackaging.com\/fr\/granule-filling-machine\/\">machine de remplissage de granul\u00e9s pour 5-50 kg<\/a>.<\/p>    <figure class=\"wp-block-image size-full\"><img loading=\"lazy\" decoding=\"async\" width=\"720\" height=\"522\" src=\"https:\/\/taizypackaging.com\/wp-content\/uploads\/2021\/07\/2.png\" alt=\"\" class=\"wp-image-2486\" srcset=\"https:\/\/taizypackaging.com\/wp-content\/uploads\/2021\/07\/2.png 720w, https:\/\/taizypackaging.com\/wp-content\/uploads\/2021\/07\/2-300x218.png 300w\" sizes=\"auto, (max-width: 720px) 100vw, 720px\" \/><figcaption class=\"wp-element-caption\">Application de la machine de scellage continue<\/figcaption><\/figure>    <h2 class=\"wp-block-heading\" id=\"h-the-structure-of-the-continuous-sealing-machine\">D\u00e9tails de structure de la machine de scellage continue<\/h2>    <p>La machine de scellage continue se compose principalement de ces pi\u00e8ces, d'une bande transporteuse, d'une table transporteuse, d'un interrupteur d'urgence, d'une roue de gaufrage, d'un bouton de r\u00e9glage de la pression, d'une roue de refroidissement, d'un bloc thermique, d'un moteur, etc. Elle a une structure compacte et une conception raisonnable est tr\u00e8s facile \u00e0 utiliser et maintenir. De plus, la construction du corps en acier inoxydable garantit une longue dur\u00e9e de vie \u00e0 cette machine.  <\/p>    <figure class=\"wp-block-image size-full\"><img loading=\"lazy\" decoding=\"async\" width=\"720\" height=\"516\" src=\"https:\/\/taizypackaging.com\/wp-content\/uploads\/2021\/07\/3.png\" alt=\"\" class=\"wp-image-2487\" srcset=\"https:\/\/taizypackaging.com\/wp-content\/uploads\/2021\/07\/3.png 720w, https:\/\/taizypackaging.com\/wp-content\/uploads\/2021\/07\/3-300x215.png 300w\" sizes=\"auto, (max-width: 720px) 100vw, 720px\" \/><figcaption class=\"wp-element-caption\">L'affichage du scellant \u00e0 bande continue<\/figcaption><\/figure>    <h2 class=\"wp-block-heading\" id=\"h-the-details-of-the-continuous-band-sealer\">Les d\u00e9tails de la scelleuse \u00e0 bande continue<\/h2>    <figure class=\"wp-block-image size-full\"><img loading=\"lazy\" decoding=\"async\" width=\"720\" height=\"540\" src=\"https:\/\/taizypackaging.com\/wp-content\/uploads\/2021\/07\/4.png\" alt=\"panneau de commande de la machine \u00e0 sceller en continu\" class=\"wp-image-2492\" srcset=\"https:\/\/taizypackaging.com\/wp-content\/uploads\/2021\/07\/4.png 720w, https:\/\/taizypackaging.com\/wp-content\/uploads\/2021\/07\/4-300x225.png 300w\" sizes=\"auto, (max-width: 720px) 100vw, 720px\" \/><figcaption class=\"wp-element-caption\">panneau de commande de la machine \u00e0 sceller en continu<\/figcaption><\/figure>    <figure class=\"wp-block-image size-full\"><img loading=\"lazy\" decoding=\"async\" width=\"720\" height=\"529\" src=\"https:\/\/taizypackaging.com\/wp-content\/uploads\/2021\/07\/5.png\" alt=\"\" class=\"wp-image-2493\" srcset=\"https:\/\/taizypackaging.com\/wp-content\/uploads\/2021\/07\/5.png 720w, https:\/\/taizypackaging.com\/wp-content\/uploads\/2021\/07\/5-300x220.png 300w\" sizes=\"auto, (max-width: 720px) 100vw, 720px\" \/><figcaption class=\"wp-element-caption\">effet de scellage de la machine \u00e0 sceller les sacs<\/figcaption><\/figure>    <figure class=\"wp-block-image size-full\"><img loading=\"lazy\" decoding=\"async\" width=\"720\" height=\"535\" src=\"https:\/\/taizypackaging.com\/wp-content\/uploads\/2021\/07\/6.png\" alt=\"table de r\u00e9glage du convoyeur\" class=\"wp-image-2494\" srcset=\"https:\/\/taizypackaging.com\/wp-content\/uploads\/2021\/07\/6.png 720w, https:\/\/taizypackaging.com\/wp-content\/uploads\/2021\/07\/6-300x223.png 300w\" sizes=\"auto, (max-width: 720px) 100vw, 720px\" \/><figcaption class=\"wp-element-caption\">table de r\u00e9glage du convoyeur<\/figcaption><\/figure>    <h2 class=\"wp-block-heading\" id=\"related-machines-you-may-also-interested-in\">Machines connexes qui pourraient \u00e9galement vous int\u00e9resser <\/h2>    <p>La machine de scellage \u00e0 bande continue peut \u00eatre utilis\u00e9e en combinaison avec d'autres machines, telles qu'une machine de remplissage, une \u00e9tiqueteuse et une machine de codage. Toutes ces machines peuvent constituer une ligne de production compl\u00e8te. Et nous fournissons un service personnalis\u00e9 solide pour r\u00e9pondre \u00e0 vos besoins sp\u00e9cifiques. Vous recherchez ces machines ? Contactez-nous pour une liste de prix gratuite. <\/p>","protected":false},"excerpt":{"rendered":"<p>Continuous sealing machine here is a portable bag heat sealing machine. It covers a small area and is convenient to move it. Besides, it can handle various types of plastic bags. A small investment in these continuous bag sealing machines can increase your efficiency and save you money. The maximum load of the conveyor table [&hellip;]<\/p>\n","protected":false},"author":1,"featured_media":2496,"parent":0,"template":"","tags":[596,547,548],"product-type":[668],"class_list":["post-2483","product","type-product","status-publish","has-post-thumbnail","hentry","tag-bag-sealing-machine","tag-continuous-sealing-machine","tag-sealing-machine","product-type-supporting-equipment"],"_links":{"self":[{"href":"https:\/\/taizypackaging.com\/fr\/wp-json\/wp\/v2\/product\/2483","targetHints":{"allow":["GET"]}}],"collection":[{"href":"https:\/\/taizypackaging.com\/fr\/wp-json\/wp\/v2\/product"}],"about":[{"href":"https:\/\/taizypackaging.com\/fr\/wp-json\/wp\/v2\/types\/product"}],"author":[{"embeddable":true,"href":"https:\/\/taizypackaging.com\/fr\/wp-json\/wp\/v2\/users\/1"}],"wp:featuredmedia":[{"embeddable":true,"href":"https:\/\/taizypackaging.com\/fr\/wp-json\/wp\/v2\/media\/2496"}],"wp:attachment":[{"href":"https:\/\/taizypackaging.com\/fr\/wp-json\/wp\/v2\/media?parent=2483"}],"wp:term":[{"taxonomy":"post_tag","embeddable":true,"href":"https:\/\/taizypackaging.com\/fr\/wp-json\/wp\/v2\/tags?post=2483"},{"taxonomy":"product-type","embeddable":true,"href":"https:\/\/taizypackaging.com\/fr\/wp-json\/wp\/v2\/product-type?post=2483"}],"curies":[{"name":"wp","href":"https:\/\/api.w.org\/{rel}","templated":true}]}}