{"id":2500,"date":"2021-07-30T09:18:45","date_gmt":"2021-07-30T09:18:45","guid":{"rendered":"https:\/\/taizypackaging.com\/?p=2500"},"modified":"2024-07-16T18:17:34","modified_gmt":"2024-07-16T10:17:34","slug":"horizontal-bag-feeding-machine","status":"publish","type":"product","link":"https:\/\/taizypackaging.com\/fr\/horizontal-bag-feeding-machine\/","title":{"rendered":"Machine d'alimentation de sacs horizontale"},"content":{"rendered":"<div class=\"kk-star-ratings kksr-auto kksr-align-left kksr-valign-top\"     data-payload='{&quot;align&quot;:&quot;left&quot;,&quot;id&quot;:&quot;2500&quot;,&quot;slug&quot;:&quot;default&quot;,&quot;valign&quot;:&quot;top&quot;,&quot;ignore&quot;:&quot;&quot;,&quot;reference&quot;:&quot;auto&quot;,&quot;class&quot;:&quot;&quot;,&quot;count&quot;:&quot;6&quot;,&quot;legendonly&quot;:&quot;&quot;,&quot;readonly&quot;:&quot;&quot;,&quot;score&quot;:&quot;4.6&quot;,&quot;starsonly&quot;:&quot;&quot;,&quot;best&quot;:&quot;5&quot;,&quot;gap&quot;:&quot;5&quot;,&quot;greet&quot;:&quot;Rate this product&quot;,&quot;legend&quot;:&quot;4.6\\\/5 - (6 votes)&quot;,&quot;size&quot;:&quot;24&quot;,&quot;title&quot;:&quot;Horizontal Bag Feeding Machine&quot;,&quot;width&quot;:&quot;130.9&quot;,&quot;_legend&quot;:&quot;{score}\\\/{best} - ({count} {votes})&quot;,&quot;font_factor&quot;:&quot;1.25&quot;}'>              <div class=\"kksr-stars\">      <div class=\"kksr-stars-inactive\">             <div class=\"kksr-star\" data-star=\"1\" style=\"padding-right: 5px\">               <div class=\"kksr-icon\" style=\"width: 24px; height: 24px;\"><\/div>         <\/div>             <div class=\"kksr-star\" data-star=\"2\" style=\"padding-right: 5px\">               <div class=\"kksr-icon\" style=\"width: 24px; height: 24px;\"><\/div>         <\/div>             <div class=\"kksr-star\" data-star=\"3\" style=\"padding-right: 5px\">               <div class=\"kksr-icon\" style=\"width: 24px; height: 24px;\"><\/div>         <\/div>             <div class=\"kksr-star\" data-star=\"4\" style=\"padding-right: 5px\">               <div class=\"kksr-icon\" style=\"width: 24px; height: 24px;\"><\/div>         <\/div>             <div class=\"kksr-star\" data-star=\"5\" style=\"padding-right: 5px\">               <div class=\"kksr-icon\" style=\"width: 24px; height: 24px;\"><\/div>         <\/div>     <\/div>      <div class=\"kksr-stars-active\" style=\"width: 130.9px;\">             <div class=\"kksr-star\" style=\"padding-right: 5px\">               <div class=\"kksr-icon\" style=\"width: 24px; height: 24px;\"><\/div>         <\/div>             <div class=\"kksr-star\" style=\"padding-right: 5px\">               <div class=\"kksr-icon\" style=\"width: 24px; height: 24px;\"><\/div>         <\/div>             <div class=\"kksr-star\" style=\"padding-right: 5px\">               <div class=\"kksr-icon\" style=\"width: 24px; height: 24px;\"><\/div>         <\/div>             <div class=\"kksr-star\" style=\"padding-right: 5px\">               <div class=\"kksr-icon\" style=\"width: 24px; height: 24px;\"><\/div>         <\/div>             <div class=\"kksr-star\" style=\"padding-right: 5px\">               <div class=\"kksr-icon\" style=\"width: 24px; height: 24px;\"><\/div>         <\/div>     <\/div> <\/div>                   <div class=\"kksr-legend\" style=\"font-size: 19.2px;\">             4,6\/5 - (6 votes)    <\/div>     <\/div>  <p class=\"translation-block\">La <strong>machine d'alimentation horizontale de sacs<\/strong> est un type de machine d'emballage de remplissage de sacs pr\u00e9fabriqu\u00e9s. Cette machine a une tr\u00e8s large gamme d'applications. \u00c9quip\u00e9e d'un syst\u00e8me d'alimentation diff\u00e9rent, la machine de remplissage de sacs horizontaux peut emballer des particules, des poudres et des produits liquides. De plus, cette machine peut parfaitement s'adapter \u00e0 divers styles de sacs tels que les sacs \u00e0 fond plat, les sacs type coussin, les sacs \u00e0 fermeture \u00e9clair, les sacs plats scell\u00e9s sur trois c\u00f4t\u00e9s, les sacs \u00e0 soufflet lat\u00e9ral, les sacs \u00e0 bec verseur, etc. Taizy Packaging Machinery propose d'excellentes machines de remplissage de poche pr\u00e9fabriqu\u00e9es standard et personnalis\u00e9es \u00e0 vendre. Envoyez-nous un e-mail ou appelez-nous pour un devis gratuit de <strong>machine d'alimentation de poche pr\u00e9fabriqu\u00e9e<\/strong>. <\/p>    <h2 class=\"wp-block-heading\" id=\"horizontal-bag-feeding-machine-working-video\">Vid\u00e9o de fonctionnement de la machine d'alimentation en sacs horizontale <\/h2>   <figure class=\"wp-block-embed-youtube wp-block-embed is-type-video is-provider-youtube wp-embed-aspect-16-9 wp-has-aspect-ratio\"><div class=\"lyte-wrapper fourthree\" title=\"Machine d&#039;emballage de pochettes pr\u00e9fabriqu\u00e9es | Machine de remplissage et de scellage de sachets de type horizontal\" style=\"width:960px;max-width:100%;margin:5px auto;\"><div class=\"lyMe hidef\" id=\"WYL_xZWUfPAGP1w\" itemprop=\"video\" itemscope itemtype=\"https:\/\/schema.org\/VideoObject\"><div><meta itemprop=\"thumbnailUrl\" content=\"https:\/\/taizypackaging.com\/wp-content\/plugins\/wp-youtube-lyte\/lyteCache.php?origThumbUrl=https%3A%2F%2Fi.ytimg.com%2Fvi%2FxZWUfPAGP1w%2Fmaxresdefault.jpg\" \/><meta itemprop=\"embedURL\" content=\"https:\/\/www.youtube.com\/embed\/xZWUfPAGP1w\" \/><meta itemprop=\"duration\" content=\"PT4M18S\" \/><meta itemprop=\"uploadDate\" content=\"2021-07-30T03:41:54Z\" \/><\/div><meta itemprop=\"accessibilityFeature\" content=\"captions\" \/><div id=\"lyte_xZWUfPAGP1w\" data-src=\"https:\/\/taizypackaging.com\/wp-content\/plugins\/wp-youtube-lyte\/lyteCache.php?origThumbUrl=https%3A%2F%2Fi.ytimg.com%2Fvi%2FxZWUfPAGP1w%2Fmaxresdefault.jpg\" class=\"pL\"><div class=\"tC\"><div class=\"tT\" itemprop=\"name\">Machine d'emballage de pochettes pr\u00e9fabriqu\u00e9es | Machine de remplissage et de scellage de sachets de type horizontal<\/div><\/div><div class=\"play\"><\/div><div class=\"ctrl\"><div class=\"Lctrl\"><\/div><div class=\"Rctrl\"><\/div><\/div><\/div><noscript><a href=\"https:\/\/youtu.be\/xZWUfPAGP1w\" rel=\"nofollow noopener\" target=\"_blank\"><img loading=\"lazy\" decoding=\"async\" src=\"https:\/\/taizypackaging.com\/wp-content\/plugins\/wp-youtube-lyte\/lyteCache.php?origThumbUrl=https%3A%2F%2Fi.ytimg.com%2Fvi%2FxZWUfPAGP1w%2F0.jpg\" alt=\"Machine d&#039;emballage de pochettes pr\u00e9fabriqu\u00e9es | Machine de remplissage et de scellage de sachets de type horizontal\" width=\"960\" height=\"700\" \/><br \/>Watch this video on YouTube<\/a><\/noscript><meta itemprop=\"description\" content=\"#premadepouch #fillsealmachine #doypackmachine WhatsApp\/Wechat\/Tel: +86 19139754781 Email: info@taizypackaging.com Useful link: https:\/\/taizypackaging.com\/horizontal-bag-feeding-machine\/ -------------------------------------------------------------------- A horizontal bag feeding machine is very versatile, it can package both powder, liquid, granule, and paste. Also, the types of bags can be various, such as stand-up pouches, zipper bags, four-side-seal bags, three-side-seal bags, paper bags, etc. This premade pouch feeding machine has multi-function by changing feeding systems. This machine can be divided into horizontal bag feeding machine for granules, horizontal bag feeding machine for powders, horizontal bag feeding machine for liquids. Performance features of horizontal bag feeding machine 1. PLC intelligent control system, support multi-language, parameter setting, machine control are particularly convenient. 2. The equipment meets the sanitary standards of food processing machinery, and the parts of the equipment in contact with materials are processed with 304 stainless steel or other materials that meet the requirements of food hygiene. Besides, it is designed in line with GMP standards. 3. The machine is equipped with an electric eye detection device: First of all, it will detect whether the bag is open or not, if the bag is not open, it will transport the bag directly to the end without any operation, and after that, there is a corresponding detection when feeding and sealing, which ensures the stable proceeding of the packaging process and saves the cost of the bag to avoid waste. -------------------------------------------------------------------- WhatsApp\/Wechat\/Tel: +86 19139754781 Email: info@taizypackaging.com Useful link: https:\/\/taizypackaging.com\/horizontal-bag-feeding-machine\/\"><\/div><\/div><div class=\"lL\" style=\"max-width:100%;width:960px;margin:5px auto;\"><\/div><figcaption>La vid\u00e9o de travail de la machine d'alimentation de sacs horizontale<\/figcaption><\/figure>   <h2 class=\"wp-block-heading\" id=\"h-design-features-of-horizontal-bag-feeing-machine\">Caract\u00e9ristiques de performance de la machine d'alimentation de sacs horizontale<\/h2>    <ul class=\"wp-block-list\"> <li>Les syst\u00e8mes de contr\u00f4le intelligents PLC, la prise en charge multilingue, le r\u00e9glage des param\u00e8tres et le contr\u00f4le de la machine sont particuli\u00e8rement pratiques.<\/li>    <li>L'\u00e9quipement r\u00e9pond aux normes sanitaires des machines de transformation des aliments, et les parties de l'\u00e9quipement en contact avec les mat\u00e9riaux sont trait\u00e9es avec de l'acier inoxydable 304 ou d'autres mat\u00e9riaux r\u00e9pondant aux exigences d'hygi\u00e8ne alimentaire. En outre, il est con\u00e7u conform\u00e9ment aux normes GMP.<\/li>    <li>La machine est \u00e9quip\u00e9e d'un dispositif de d\u00e9tection oculaire \u00e9lectrique : Tout d'abord, elle d\u00e9tectera si le sac est ouvert ou non, si le sac n'est pas ouvert, elle transportera le sac directement jusqu'au bout sans aucune op\u00e9ration, et ensuite, il y a une d\u00e9tection correspondante lors de l'alimentation et du scellage, ce qui garantit le d\u00e9roulement stable du processus d'emballage et permet d'\u00e9conomiser le co\u00fbt du sac pour \u00e9viter le gaspillage.<\/li>    <li>La longue plaque d'entra\u00eenement au niveau du joint est \u00e9galement en acier inoxydable, ce qui est non seulement beau dans son ensemble, mais joue \u00e9galement dans une certaine mesure un r\u00f4le de tampon pour les articles emball\u00e9s.<\/li>    <li>Le syst\u00e8me d'alarme intelligent, lorsque le lieu de scellage du sac en plastique est fondu \u00e0 haute temp\u00e9rature, adh\u00e8re au bloc de cuivre lorsque la machine d\u00e9clenche automatiquement une alarme et arr\u00eate son fonctionnement en temps opportun.<\/li> <\/ul>    <figure class=\"wp-block-image size-full\"><img loading=\"lazy\" decoding=\"async\" width=\"720\" height=\"540\" src=\"https:\/\/taizypackaging.com\/wp-content\/uploads\/2021\/07\/horizontal-bag-feeding-machine.jpg\" alt=\"machine d&#039;alimentation de sacs horizontale\" class=\"wp-image-3859\" srcset=\"https:\/\/taizypackaging.com\/wp-content\/uploads\/2021\/07\/horizontal-bag-feeding-machine.jpg 720w, https:\/\/taizypackaging.com\/wp-content\/uploads\/2021\/07\/horizontal-bag-feeding-machine-300x225.jpg 300w\" sizes=\"auto, (max-width: 720px) 100vw, 720px\" \/><figcaption class=\"wp-element-caption\">machine d'alimentation de sacs horizontale<\/figcaption><\/figure>    <h2 class=\"wp-block-heading\" id=\"h-machine-parameters\">Param\u00e8tres de la machine d'alimentation de sacs horizontaux<\/h2>    <figure class=\"wp-block-table is-style-stripes\"><table><tbody><tr><td>Pouvoir<\/td><td>380V\/2,5KW<\/td><\/tr><tr><td>Vitesse d'emballage<\/td><td>20-50 sacs\/min<\/td><\/tr><tr><td>Dimension<\/td><td>100-210 mm\/110-320 mm (L*L)<\/td><\/tr><tr><td>Poids<\/td><td>600 kg<\/td><\/tr><tr><td>Port\u00e9e de la mesure<\/td><td>20g-1000g<\/td><\/tr><tr><td>Consommation d'air<\/td><td>0,7 m\u00b3\/min<\/td><\/tr><\/tbody><\/table><\/figure>    <h2 class=\"wp-block-heading\" id=\"h-classification-of-bag-feeding-packing-machine\">Classification de la machine d'emballage d'alimentation en sachets pr\u00e9fabriqu\u00e9s<\/h2>    <p>Cette machine d'alimentation en sachets pr\u00e9fabriqu\u00e9e a une fonction multifonctionnelle en changeant les syst\u00e8mes d'alimentation. Cette machine peut \u00eatre divis\u00e9e en une machine d'alimentation de sacs horizontale pour les granul\u00e9s, une machine d'alimentation de sacs horizontale pour les poudres, une machine d'alimentation de sacs horizontale pour les liquides. <\/p>    <div class=\"wp-block-columns is-layout-flex wp-container-core-columns-is-layout-9d6595d7 wp-block-columns-is-layout-flex\"> <div class=\"wp-block-column is-layout-flow wp-block-column-is-layout-flow\"> <figure class=\"wp-block-image size-full\"><img decoding=\"async\" src=\"https:\/\/taizypackaging.com\/wp-content\/uploads\/2021\/07\/horizontal-bag-feeding-machine-for-powder.jpg\" alt=\"machine d&#039;alimentation de sacs horizontale pour poudre\" class=\"wp-image-3862\"\/><figcaption class=\"wp-element-caption\">machine d'alimentation de sacs horizontale pour poudre<\/figcaption><\/figure> <\/div>    <div class=\"wp-block-column is-layout-flow wp-block-column-is-layout-flow\"> <figure class=\"wp-block-image size-full\"><img loading=\"lazy\" decoding=\"async\" width=\"720\" height=\"540\" src=\"https:\/\/taizypackaging.com\/wp-content\/uploads\/2021\/07\/horizontal-bag-feeding-machine-for-liquids.jpg\" alt=\"machine d&#039;alimentation de sacs horizontale pour liquides\" class=\"wp-image-3863\" srcset=\"https:\/\/taizypackaging.com\/wp-content\/uploads\/2021\/07\/horizontal-bag-feeding-machine-for-liquids.jpg 720w, https:\/\/taizypackaging.com\/wp-content\/uploads\/2021\/07\/horizontal-bag-feeding-machine-for-liquids-300x225.jpg 300w\" sizes=\"auto, (max-width: 720px) 100vw, 720px\" \/><figcaption class=\"wp-element-caption\">machine d'alimentation de sacs horizontale pour liquides<\/figcaption><\/figure> <\/div> <\/div>    <div class=\"wp-block-columns is-layout-flex wp-container-core-columns-is-layout-9d6595d7 wp-block-columns-is-layout-flex\"> <div class=\"wp-block-column is-layout-flow wp-block-column-is-layout-flow\"> <figure class=\"wp-block-image size-full\"><img decoding=\"async\" src=\"https:\/\/taizypackaging.com\/wp-content\/uploads\/2021\/07\/powder-packaging-bag-style.jpg\" alt=\"style de sac d&#039;emballage de poudre\" class=\"wp-image-3864\"\/><figcaption class=\"wp-element-caption\">style de sac d'emballage de poudre<\/figcaption><\/figure> <\/div>    <div class=\"wp-block-column is-layout-flow wp-block-column-is-layout-flow\"> <figure class=\"wp-block-image size-full\"><img decoding=\"async\" src=\"https:\/\/taizypackaging.com\/wp-content\/uploads\/2021\/07\/liquid-packaging-bag-style.jpg\" alt=\"style de sac d&#039;emballage liquide\" class=\"wp-image-3865\"\/><figcaption class=\"wp-element-caption\">style de sac d'emballage liquide<\/figcaption><\/figure> <\/div> <\/div>    <h2 class=\"wp-block-heading\" id=\"h-construction-of-horizontal-bag-feeding-packaging-machine\">Syst\u00e8me d'alimentation de la machine d'emballage d'alimentation en sacs horizontaux<\/h2>    <p>Le syst\u00e8me d'alimentation d\u00e9pend du type sp\u00e9cifique de mati\u00e8res premi\u00e8res \u00e0 emballer : le dispositif d'alimentation \u00e0 vis (peut \u00eatre \u00e9quip\u00e9 d'une brosse et d'autres dispositifs de d\u00e9poussi\u00e9rage) est g\u00e9n\u00e9ralement utilis\u00e9 pour le conditionnement de poudre ; petites particules, puis choisissez g\u00e9n\u00e9ralement l'alimentation par plateau tournant\u00a0; Les balances \u00e0 quatre t\u00eates et autres dispositifs d'alimentation \u00e9lectroniques combin\u00e9s sont principalement utilis\u00e9s pour emballer des particules grumeleuses, telles que des biscuits, etc.\u00a0; liquide ou p\u00e2te \u00e0 l'aide de pompes \u00e0 liquide ou de pompes \u00e0 p\u00e2te. Le syst\u00e8me de d\u00e9charge est en acier inoxydable, adapt\u00e9 \u00e0 une vari\u00e9t\u00e9 de mat\u00e9riaux, de haute qualit\u00e9 et stable, robuste et durable.<\/p>    <p>Le syst\u00e8me d'alimentation du sac consiste \u00e0 prendre le sac, \u00e0 le maintenir, \u00e0 le remplir et \u00e0 le sceller. \u00c0 propos, le syst\u00e8me d'alimentation en sacs peut \u00eatre personnalis\u00e9 en fonction des exigences du client s'il rencontre des copeaux et autres caisses difficiles \u00e0 remplir, en ajoutant un dispositif \u00e0 faible vibration et un dispositif de poignardage. S'il s'agit d'un sac \u00e0 fermeture \u00e9clair, un dispositif d'ouverture \u00e0 fermeture \u00e9clair suppl\u00e9mentaire est n\u00e9cessaire.<\/p>    <p class=\"translation-block\">La machine doit \u00eatre utilis\u00e9e avec un compresseur d'air. Ceci est similaire au <a href=\"https:\/\/taizypackaging.com\/fr\/machines-category\/vpm\/\" target=\"_blank\" rel=\"noreferrer noopener\">scelleuse sous vide<\/a>. La largeur du sac est inf\u00e9rieure \u00e0 20 cm, vous pouvez ajouter une machine de codage, telle qu'une machine de codage \u00e0 ruban. Le dispositif de scellage adopte une technologie de thermoscellage de pointe, avec un contr\u00f4le de temp\u00e9rature facile, pour diff\u00e9rents mat\u00e9riaux de film d'emballage, \u00e9paisseurs et adaptabilit\u00e9.<\/p>    <h2 class=\"wp-block-heading\" id=\"faqs-about-taizy-horizontal-pouch-feeding-machine\">FAQ sur la machine d'alimentation en sachets horizontale Taizy<\/h2>    <p>1. Quels sont les param\u00e8tres de la machine ?<\/p>    <p class=\"translation-block\">\u00c9tant donn\u00e9 que la structure et les param\u00e8tres sp\u00e9cifiques de la machine de <a href=\"https:\/\/taizypackaging.com\/fr\/\" target=\"_blank\" rel=\"noreferrer noopener\">Taizy Company<\/a> sont bas\u00e9s sur les mati\u00e8res premi\u00e8res et les sacs \u00e0 emballer par le client, la taille sp\u00e9cifique doit \u00eatre personnalis\u00e9e apr\u00e8s que nous ayons communiqu\u00e9 avec le client. Si vous souhaitez comprendre la situation sp\u00e9cifique, vous pouvez communiquer directement avec nous.<\/p>    <p>2. Cette machine est-elle enti\u00e8rement automatique ?<\/p>    <p>Oui, les travailleurs doivent seulement pr\u00e9parer les sacs \u00e0 l'avance et les mettre dans la position d\u00e9sign\u00e9e, d\u00e9finir les param\u00e8tres fixes sur le panneau de commande, et la machine saisira automatiquement les sacs pour l'emballage, et les sacs seront conduits au sol avec la planche de tra\u00eenage une fois l'emballage termin\u00e9, et l'ensemble du processus ne n\u00e9cessite pas d'op\u00e9ration manuelle.<\/p>    <p>3. Cette machine est-elle \u00e9quip\u00e9e d'une machine \u00e0 coder ?<\/p>    <p>La machine \u00e0 coder peut \u00eatre configur\u00e9e selon les besoins des clients, notre soci\u00e9t\u00e9 utilise le codeur \u00e0 ruban. Il utilise un ruban d'impression thermique au lieu d'une impression \u00e0 l'encre, effectue un chargement et un d\u00e9chargement de mots en direct sp\u00e9ciaux pour la structure des mots et peut \u00eatre plac\u00e9 dans n'importe quel mat\u00e9riau d'emballage sur le code. L'impression est claire et pas facile \u00e0 effacer ; hygi\u00e9nique et propre, sans pollution d\u2019encre, est une m\u00e9thode de codage \u00e9conomique et hygi\u00e9nique.<\/p>    <p>4. Quel est le prix de la machine d'alimentation de sacs horizontale ?<\/p>    <p>Parce que nos machines sont personnalis\u00e9es en fonction des besoins du client, veuillez nous contacter directement pour conna\u00eetre les prix sp\u00e9cifiques.<\/p>","protected":false},"excerpt":{"rendered":"<p>Horizontal bag feeding machine is a type of premade bag filling packaging machine. This machine has a very wide range of applications. Equipped with a different feeding system, the horizontal bag filling machine can package particles, powders, and liquid products. Besides, this machine can perfectly suit various bag styles like stand-up bags, pillow bags, zip [&hellip;]<\/p>\n","protected":false},"author":1,"featured_media":2513,"parent":0,"template":"","tags":[549,550,597],"product-type":[665],"class_list":["post-2500","product","type-product","status-publish","has-post-thumbnail","hentry","tag-bag-feeding-machine","tag-horizontal-bag-feeding-machine","tag-premade-bag-filling-machine","product-type-premade-pouch-packing-machine"],"_links":{"self":[{"href":"https:\/\/taizypackaging.com\/fr\/wp-json\/wp\/v2\/product\/2500","targetHints":{"allow":["GET"]}}],"collection":[{"href":"https:\/\/taizypackaging.com\/fr\/wp-json\/wp\/v2\/product"}],"about":[{"href":"https:\/\/taizypackaging.com\/fr\/wp-json\/wp\/v2\/types\/product"}],"author":[{"embeddable":true,"href":"https:\/\/taizypackaging.com\/fr\/wp-json\/wp\/v2\/users\/1"}],"wp:featuredmedia":[{"embeddable":true,"href":"https:\/\/taizypackaging.com\/fr\/wp-json\/wp\/v2\/media\/2513"}],"wp:attachment":[{"href":"https:\/\/taizypackaging.com\/fr\/wp-json\/wp\/v2\/media?parent=2500"}],"wp:term":[{"taxonomy":"post_tag","embeddable":true,"href":"https:\/\/taizypackaging.com\/fr\/wp-json\/wp\/v2\/tags?post=2500"},{"taxonomy":"product-type","embeddable":true,"href":"https:\/\/taizypackaging.com\/fr\/wp-json\/wp\/v2\/product-type?post=2500"}],"curies":[{"name":"wp","href":"https:\/\/api.w.org\/{rel}","templated":true}]}}