{"id":2528,"date":"2021-08-04T08:03:21","date_gmt":"2021-08-04T08:03:21","guid":{"rendered":"https:\/\/taizypackaging.com\/?p=2528"},"modified":"2024-07-16T16:49:31","modified_gmt":"2024-07-16T08:49:31","slug":"reciprocating-servo-packing-machine","status":"publish","type":"product","link":"https:\/\/taizypackaging.com\/fr\/reciprocating-servo-packing-machine\/","title":{"rendered":"Machine \u00e0 emballer servo alternative"},"content":{"rendered":"<div class=\"kk-star-ratings kksr-auto kksr-align-left kksr-valign-top\"     data-payload='{&quot;align&quot;:&quot;left&quot;,&quot;id&quot;:&quot;2528&quot;,&quot;slug&quot;:&quot;default&quot;,&quot;valign&quot;:&quot;top&quot;,&quot;ignore&quot;:&quot;&quot;,&quot;reference&quot;:&quot;auto&quot;,&quot;class&quot;:&quot;&quot;,&quot;count&quot;:&quot;19&quot;,&quot;legendonly&quot;:&quot;&quot;,&quot;readonly&quot;:&quot;&quot;,&quot;score&quot;:&quot;4.6&quot;,&quot;starsonly&quot;:&quot;&quot;,&quot;best&quot;:&quot;5&quot;,&quot;gap&quot;:&quot;5&quot;,&quot;greet&quot;:&quot;Rate this product&quot;,&quot;legend&quot;:&quot;4.6\\\/5 - (19 votes)&quot;,&quot;size&quot;:&quot;24&quot;,&quot;title&quot;:&quot;Reciprocating Servo Packing Machine&quot;,&quot;width&quot;:&quot;130.9&quot;,&quot;_legend&quot;:&quot;{score}\\\/{best} - ({count} {votes})&quot;,&quot;font_factor&quot;:&quot;1.25&quot;}'>              <div class=\"kksr-stars\">      <div class=\"kksr-stars-inactive\">             <div class=\"kksr-star\" data-star=\"1\" style=\"padding-right: 5px\">               <div class=\"kksr-icon\" style=\"width: 24px; height: 24px;\"><\/div>         <\/div>             <div class=\"kksr-star\" data-star=\"2\" style=\"padding-right: 5px\">               <div class=\"kksr-icon\" style=\"width: 24px; height: 24px;\"><\/div>         <\/div>             <div class=\"kksr-star\" data-star=\"3\" style=\"padding-right: 5px\">               <div class=\"kksr-icon\" style=\"width: 24px; height: 24px;\"><\/div>         <\/div>             <div class=\"kksr-star\" data-star=\"4\" style=\"padding-right: 5px\">               <div class=\"kksr-icon\" style=\"width: 24px; height: 24px;\"><\/div>         <\/div>             <div class=\"kksr-star\" data-star=\"5\" style=\"padding-right: 5px\">               <div class=\"kksr-icon\" style=\"width: 24px; height: 24px;\"><\/div>         <\/div>     <\/div>      <div class=\"kksr-stars-active\" style=\"width: 130.9px;\">             <div class=\"kksr-star\" style=\"padding-right: 5px\">               <div class=\"kksr-icon\" style=\"width: 24px; height: 24px;\"><\/div>         <\/div>             <div class=\"kksr-star\" style=\"padding-right: 5px\">               <div class=\"kksr-icon\" style=\"width: 24px; height: 24px;\"><\/div>         <\/div>             <div class=\"kksr-star\" style=\"padding-right: 5px\">               <div class=\"kksr-icon\" style=\"width: 24px; height: 24px;\"><\/div>         <\/div>             <div class=\"kksr-star\" style=\"padding-right: 5px\">               <div class=\"kksr-icon\" style=\"width: 24px; height: 24px;\"><\/div>         <\/div>             <div class=\"kksr-star\" style=\"padding-right: 5px\">               <div class=\"kksr-icon\" style=\"width: 24px; height: 24px;\"><\/div>         <\/div>     <\/div> <\/div>                   <div class=\"kksr-legend\" style=\"font-size: 19.2px;\">             4,6\/5 - (19 votes)    <\/div>     <\/div>  <p class=\"translation-block\"><strong>Machine d'emballage servo r\u00e9ciproque<\/strong> est une sorte de machine d'enveloppement \u00e0 flux horizontal. Elle a un nouveau design, une structure simple et utilise une technologie avanc\u00e9e. De plus, une <strong>machine d'emballage en oreiller r\u00e9ciproque<\/strong> a une tr\u00e8s large gamme d'applications. Par exemple, elle peut \u00eatre utilis\u00e9e pour emballer divers aliments, l\u00e9gumes, fruits, articles m\u00e9nagers, etc. Taizy Packaging Machinery s\u2019est impliqu\u00e9e dans la conception et la recherche de diverses machines d\u2019emballage en oreiller. Aujourd\u2019hui, notre <strong>machine \u00e0 flux horizontal<\/strong> a \u00e9t\u00e9 export\u00e9e avec succ\u00e8s vers plus de 50 pays et r\u00e9gions. Et nous avons aid\u00e9 de nombreux partenaires \u00e0 d\u00e9velopper leurs petites entreprises dans le monde entier. <\/p>    <h2 class=\"wp-block-heading\" id=\"h-the-working-video-of-reciprocating-pillow-packaging-machine\">Vid\u00e9o de travail de la machine d'emballage d'oreillers \u00e0 mouvement alternatif<\/h2>   <figure class=\"wp-block-embed-youtube wp-block-embed is-type-video is-provider-youtube wp-embed-aspect-16-9 wp-has-aspect-ratio\"><div class=\"lyte-wrapper fourthree\" title=\"Machine d&#039;emballage servo alternative | machine d&#039;emballage d&#039;oreillers horizontale avec servos\" style=\"width:960px;max-width:100%;margin:5px auto;\"><div class=\"lyMe hidef\" id=\"WYL_Mr0Rt9b9FEk\" itemprop=\"video\" itemscope itemtype=\"https:\/\/schema.org\/VideoObject\"><div><meta itemprop=\"thumbnailUrl\" content=\"https:\/\/taizypackaging.com\/wp-content\/plugins\/wp-youtube-lyte\/lyteCache.php?origThumbUrl=https%3A%2F%2Fi.ytimg.com%2Fvi%2FMr0Rt9b9FEk%2Fmaxresdefault.jpg\" \/><meta itemprop=\"embedURL\" content=\"https:\/\/www.youtube.com\/embed\/Mr0Rt9b9FEk\" \/><meta itemprop=\"duration\" content=\"PT3M\" \/><meta itemprop=\"uploadDate\" content=\"2021-08-03T10:20:47Z\" \/><\/div><meta itemprop=\"accessibilityFeature\" content=\"captions\" \/><div id=\"lyte_Mr0Rt9b9FEk\" data-src=\"https:\/\/taizypackaging.com\/wp-content\/plugins\/wp-youtube-lyte\/lyteCache.php?origThumbUrl=https%3A%2F%2Fi.ytimg.com%2Fvi%2FMr0Rt9b9FEk%2Fmaxresdefault.jpg\" class=\"pL\"><div class=\"tC\"><div class=\"tT\" itemprop=\"name\">Machine d'emballage servo alternative | machine d'emballage d'oreillers horizontale avec servos<\/div><\/div><div class=\"play\"><\/div><div class=\"ctrl\"><div class=\"Lctrl\"><\/div><div class=\"Rctrl\"><\/div><\/div><\/div><noscript><a href=\"https:\/\/youtu.be\/Mr0Rt9b9FEk\" rel=\"nofollow noopener\" target=\"_blank\"><img loading=\"lazy\" decoding=\"async\" src=\"https:\/\/taizypackaging.com\/wp-content\/plugins\/wp-youtube-lyte\/lyteCache.php?origThumbUrl=https%3A%2F%2Fi.ytimg.com%2Fvi%2FMr0Rt9b9FEk%2F0.jpg\" alt=\"Machine d&#039;emballage servo alternative | machine d&#039;emballage d&#039;oreillers horizontale avec servos\" width=\"960\" height=\"700\" \/><br \/>Watch this video on YouTube<\/a><\/noscript><meta itemprop=\"description\" content=\"WhatsApp\/Wechat\/Tel:+86 19139754781 This machine can be regarded as the upgrade of a common horizontal pillow-type packing machine. Reciprocating servo packing machine is suitable for various kinds of regular objects like biscuits, bread, egg roll, instant noodle, moon cake, medicine, hardware, industrial parts, paper boxes, plates, etc. It is worth mentioning that this machine has a gusset bag device which makes the bag shape more beautiful, and enhances the product grade.\"><\/div><\/div><div class=\"lL\" style=\"max-width:100%;width:960px;margin:5px auto;\"><\/div><figcaption><\/figcaption><\/figure>   <h2 class=\"wp-block-heading\" id=\"introduction-of-reciprocating-servo-packing-machine\">Introduction de la machine \u00e0 emballer servo alternative<\/h2>    <p>Les machines d'emballage alternatives peuvent \u00eatre consid\u00e9r\u00e9es comme la vision am\u00e9lior\u00e9e d'une machine d'emballage horizontale commune de type oreiller. Et c'est un type de machine d'emballage automatique. La machine d'emballage \u00e0 servomoteur alternatif convient \u00e0 divers types d'objets ordinaires comme les biscuits, le pain, les nems, les nouilles instantan\u00e9es, les g\u00e2teaux de lune, les m\u00e9dicaments, la quincaillerie, les pi\u00e8ces industrielles, les bo\u00eetes en papier, les assiettes, etc. Il convient de mentionner que cette machine a un dispositif de sac \u00e0 gousset qui rend le style du sac plus beau et am\u00e9liore la qualit\u00e9 du produit.<\/p>    <figure class=\"wp-block-image size-full\"><img decoding=\"async\" src=\"https:\/\/taizypackaging.com\/wp-content\/uploads\/2021\/08\/reciprocating-servo-packing-machine.jpg\" alt=\"machine \u00e0 emballer servo alternative\" class=\"wp-image-3877\"\/><figcaption class=\"wp-element-caption\">machine \u00e0 emballer servo alternative<\/figcaption><\/figure>    <h2 class=\"wp-block-heading\" id=\"h-the-structure-of-reciprocating-packaging-machine\">Caract\u00e9ristiques structurelles de la machine d'emballage alternative<\/h2>    <p>La machine flow pack \u00e0 mouvement alternatif a une structure simple. Il se compose principalement d'un syst\u00e8me de contr\u00f4le PLC intelligent, d'une bande transporteuse, d'un dispositif d'alimentation en film, d'un formeur de sacs, d'un port de d\u00e9chargement, d'un dispositif de scellage et de d\u00e9coupe, d'un moteur c\u00e9l\u00e8bre, etc. Toutes les pi\u00e8ces adoptent un mat\u00e9riau durable et une technologie de pointe, qui garantissent les bonnes performances de notre oreiller. machines d'emballage. En outre, tous les accessoires sont pris en charge par le service personnalis\u00e9 de la soci\u00e9t\u00e9 Taizy pour r\u00e9pondre \u00e0 vos besoins sp\u00e9cifiques. <\/p>    <figure class=\"wp-block-image size-full\"><img decoding=\"async\" src=\"https:\/\/taizypackaging.com\/wp-content\/uploads\/2021\/08\/\u753b\u677f-1_\u770b\u56fe\u738b.jpg\" alt=\"\" class=\"wp-image-2530\"\/><\/figure>    <h2 class=\"wp-block-heading\" id=\"h-details-of-reciprocating-servo-packing-machine\">D\u00e9tails de la machine \u00e0 emballer servo alternative<\/h2>    <p>La machine d'emballage servo alternative \u00e0 vendre de Taizy a d'excellentes performances. Tout d\u2019abord, cette machine utilise un syst\u00e8me de contr\u00f4le PLC intelligent. Gr\u00e2ce \u00e0 un grand \u00e9cran tactile, nous pouvons facilement d\u00e9finir les param\u00e8tres pour contr\u00f4ler l\u2019ensemble de la machine. Ensuite, l'arbre du rouleau de film multi-liens est utilis\u00e9 pour coordonner le lien de traction du film, qui s'adapte au mat\u00e9riau du film multi-rouleaux, et le film roule en douceur. Troisi\u00e8mement, le coupeur thermoscellant scelle les extr\u00e9mit\u00e9s avant et arri\u00e8re des produits emball\u00e9s pour \u00e9viter les courbures ou les trous dans la position de scellage. <\/p>    <div class=\"wp-block-columns is-layout-flex wp-container-core-columns-is-layout-9d6595d7 wp-block-columns-is-layout-flex\"> <div class=\"wp-block-column is-layout-flow wp-block-column-is-layout-flow\"> <figure class=\"wp-block-image size-full\"><img decoding=\"async\" src=\"https:\/\/taizypackaging.com\/wp-content\/uploads\/2021\/08\/reciprocating-packing-machine-bag-forming-system.jpg\" alt=\"syst\u00e8me de formation de sacs pour machine \u00e0 emballer alternative\" class=\"wp-image-3880\"\/><figcaption class=\"wp-element-caption\">syst\u00e8me de formation de sacs pour machine \u00e0 emballer alternative<\/figcaption><\/figure> <\/div>    <div class=\"wp-block-column is-layout-flow wp-block-column-is-layout-flow\"> <figure class=\"wp-block-image size-full\"><img decoding=\"async\" src=\"https:\/\/taizypackaging.com\/wp-content\/uploads\/2021\/08\/reciprocating-packing-machine-cutter.jpg\" alt=\"coupeur alternatif de machine \u00e0 emballer\" class=\"wp-image-3881\"\/><figcaption class=\"wp-element-caption\">coupeur alternatif de machine \u00e0 emballer<\/figcaption><\/figure> <\/div> <\/div>    <h2 class=\"wp-block-heading\" id=\"h-machine-parameters-of-reciprocating-servo-packing-machine\">Param\u00e8tres de la machine \u00e0 emballer servo alternative <\/h2>    <h3 class=\"wp-block-heading\" id=\"tz-450w-reciprocating-servo-packing-machine-parameters\">Param\u00e8tres de la machine \u00e0 emballer servo alternative TZ-450W <\/h3>    <figure class=\"wp-block-table is-style-stripes\"><table><tbody><tr><td>Largeur du film<\/td><td>Max450mm<\/td><\/tr><tr><td>Longueur de fabrication du sac<\/td><td>120~450mm<\/td><\/tr><tr><td>Largeur de fabrication de sacs<\/td><td>50 ~ 160mm<\/td><\/tr><tr><td>Hauteur de fabrication<\/td><td>10~100 mm<\/td><\/tr><tr><td>Vitesse d'emballage<\/td><td>20-80 sacs\/min<\/td><\/tr><tr><td>Pouvoir<\/td><td>4,2 kW\/220 V\/50\/60 Hz.<\/td><\/tr><tr><td>Dimension<\/td><td>(L)4380mmx(L)870mmx(H)1500mm<\/td><\/tr><tr><td>Poids<\/td><td>800Kg<\/td><\/tr><\/tbody><\/table><\/figure>    <h3 class=\"wp-block-heading\" id=\"tz-600w-reciprocating-servo-packing-machine-parameters\">Param\u00e8tres de la machine \u00e0 emballer servo alternative TZ-600W <\/h3>    <figure class=\"wp-block-table is-style-stripes\"><table><tbody><tr><td>Largeur du film<\/td><td>Max600mm<\/td><\/tr><tr><td>Longueur de fabrication du sac<\/td><td>120~450mm<\/td><\/tr><tr><td>Largeur de fabrication de sacs<\/td><td>50~200mm<\/td><\/tr><tr><td>Hauteur de fabrication<\/td><td>10~100 mm<\/td><\/tr><tr><td>Vitesse d'emballage<\/td><td>20-80 sacs\/min<\/td><\/tr><tr><td>Pouvoir<\/td><td>4,6 kW\/220 V\/50\/60 Hz.<\/td><\/tr><tr><td>Dimension<\/td><td>(L)4380mmx(L)970mmx(H)1500mm<\/td><\/tr><tr><td>Poids<\/td><td>900Kg<\/td><\/tr><\/tbody><\/table><\/figure>    <h2 class=\"wp-block-heading\" id=\"h-the-design-features-of-reciprocating-pillow-packaging-machine\">Avantages de conception de la machine d'emballage d'oreillers \u00e0 mouvement alternatif<\/h2>    <ul class=\"wp-block-list\"> <li>Compar\u00e9 au syst\u00e8me de scellage rotatif traditionnel, le syst\u00e8me de scellage alternatif peut simultan\u00e9ment compl\u00e9ter l'emballage de produits de diff\u00e9rentes hauteurs et longueurs, et en termes de finesse, le syst\u00e8me de scellage alternatif est \u00e9galement plus \u00e9lev\u00e9 que le syst\u00e8me de scellage rotatif traditionnel, tout en assurant \u00e9galement la chaleur effet d'\u00e9tanch\u00e9it\u00e9 de la surface d'\u00e9tanch\u00e9it\u00e9.<\/li>    <li>S'il s'agit d'une machine ordinaire, pour emballer diff\u00e9rents produits, il faut ajuster la distance entre la bande transporteuse, tandis que la machine d'emballage \u00e0 servomoteur alternatif dot\u00e9e d'un servomoteur complet peut automatiquement d\u00e9tecter et juger sans r\u00e9glage manuel.<\/li>    <li>L'acier inoxydable de qualit\u00e9 alimentaire en contact avec le produit est propre, hygi\u00e9nique et beau.<\/li>    <li>\u00c9cran tactile, affichage chinois et anglais, r\u00e9glage des param\u00e8tres pratique et rapide.<\/li>    <li>Suivi photo\u00e9lectrique de la couleur des yeux \u00e0 haute sensibilit\u00e9, entr\u00e9e num\u00e9rique de la position du joint de coupe, plus pr\u00e9cis.<\/li>    <li>Le contr\u00f4le automatique de la temp\u00e9rature PID est meilleur pour l\u2019emballage de diff\u00e9rents mat\u00e9riaux.<\/li>    <li>Lorsque le produit passe \u00e0 la ligne de transport de l'\u00e9quipement pour commencer jusqu'\u00e0 la fin de l'emballage, l'ensemble du processus, l'\u00e9quipement de chaque \u00e9tape du syst\u00e8me de convoyeur \u00e0 bande restera synchronis\u00e9 avec le produit vers l'avant, pour \u00e9viter les rayures sur la surface du produit qui affectent la beaut\u00e9 du produit, pour garantir la qualit\u00e9 de l'emballage du produit.<\/li> <\/ul>    <h2 class=\"wp-block-heading\" id=\"h-about-us\">Pourquoi choisir Taizy ?<\/h2>    <p>Nous nous concentrons sur l'industrie des machines d'emballage depuis plus de 10 ans. Nous avons attir\u00e9 des clients du monde entier gr\u00e2ce \u00e0 notre bonne r\u00e9putation, nos produits de haute qualit\u00e9 et nos prix abordables. Notre usine a rassembl\u00e9 des ing\u00e9nieurs sup\u00e9rieurs et des techniciens de premi\u00e8re classe pour contr\u00f4ler strictement la qualit\u00e9 des produits. Notre responsable commercial vous pr\u00e9sentera la machine sous tous ses aspects par diff\u00e9rents moyens tels que la vid\u00e9o, les photos et les t\u00e9l\u00e9phones, et vous recommandera la machine la plus adapt\u00e9e \u00e0 vos besoins. \u00cates-vous int\u00e9ress\u00e9 par cette machine d\u2019emballage horizontale ? Informez-nous \u00e0 l\u2019avance et nous vous proposerons une excellente solution d\u2019emballage personnalis\u00e9e. <\/p>    <p class=\"translation-block\">Notre entreprise entretient une coop\u00e9ration \u00e0 long terme avec de grandes soci\u00e9t\u00e9s de transport nationales pour garantir que vos marchandises soient exp\u00e9di\u00e9es avec le moins de pertes inutiles possible. En m\u00eame temps, apr\u00e8s r\u00e9ception des marchandises, notre personnel apr\u00e8s-vente est toujours pr\u00eat \u00e0 r\u00e9pondre \u00e0 vos questions et \u00e0 donner des conseils sur l\u2019entretien et l\u2019entretien de la machine. Pour satisfaire nos clients, chercher le succ\u00e8s et progresser ensemble est l\u2019objectif que <a href=\"https:\/\/taizypackaging.com\/fr\/\">Taizy<\/a> poursuit toujours.<\/p>    <figure class=\"wp-block-image size-full\"><img decoding=\"async\" src=\"https:\/\/taizypackaging.com\/wp-content\/uploads\/2021\/08\/\u753b\u677f-9.jpg\" alt=\"usine de machines \u00e0 emballer les oreillers alternatifs\" class=\"wp-image-2543\"\/><figcaption class=\"wp-element-caption\">usine de machines \u00e0 emballer les oreillers alternatifs<\/figcaption><\/figure>","protected":false},"excerpt":{"rendered":"<p>Reciprocating servo packing machine is a kind of horizontal flow wrap machine. It has a new design, a simple structure, and uses advanced technology. Besides, a reciprocating pillow packaging machine has a very wide range of applications. For example, it can be applied for packing various foods, vegetables, fruits, daily necessities, etc. Taizy Packaging Machinery [&hellip;]<\/p>\n","protected":false},"author":1,"featured_media":2546,"parent":0,"template":"","tags":[559,598,599],"product-type":[664],"class_list":["post-2528","product","type-product","status-publish","has-post-thumbnail","hentry","tag-pillow-packing-machine","tag-reciprocating-flow-pack-machine","tag-reciprocating-servo-packing-machine","product-type-horizontal-flow-wrapping-machines"],"_links":{"self":[{"href":"https:\/\/taizypackaging.com\/fr\/wp-json\/wp\/v2\/product\/2528","targetHints":{"allow":["GET"]}}],"collection":[{"href":"https:\/\/taizypackaging.com\/fr\/wp-json\/wp\/v2\/product"}],"about":[{"href":"https:\/\/taizypackaging.com\/fr\/wp-json\/wp\/v2\/types\/product"}],"author":[{"embeddable":true,"href":"https:\/\/taizypackaging.com\/fr\/wp-json\/wp\/v2\/users\/1"}],"wp:featuredmedia":[{"embeddable":true,"href":"https:\/\/taizypackaging.com\/fr\/wp-json\/wp\/v2\/media\/2546"}],"wp:attachment":[{"href":"https:\/\/taizypackaging.com\/fr\/wp-json\/wp\/v2\/media?parent=2528"}],"wp:term":[{"taxonomy":"post_tag","embeddable":true,"href":"https:\/\/taizypackaging.com\/fr\/wp-json\/wp\/v2\/tags?post=2528"},{"taxonomy":"product-type","embeddable":true,"href":"https:\/\/taizypackaging.com\/fr\/wp-json\/wp\/v2\/product-type?post=2528"}],"curies":[{"name":"wp","href":"https:\/\/api.w.org\/{rel}","templated":true}]}}