{"id":2616,"date":"2021-08-10T09:58:13","date_gmt":"2021-08-10T09:58:13","guid":{"rendered":"https:\/\/taizypackaging.com\/?p=2616"},"modified":"2022-12-14T01:50:53","modified_gmt":"2022-12-14T01:50:53","slug":"granule-filling-machine-2","status":"publish","type":"product","link":"https:\/\/taizypackaging.com\/fr\/granule-filling-machine\/","title":{"rendered":"Machine de remplissage de granul\u00e9s"},"content":{"rendered":"<div class=\"kk-star-ratings kksr-auto kksr-align-left kksr-valign-top\"     data-payload='{&quot;align&quot;:&quot;left&quot;,&quot;id&quot;:&quot;2616&quot;,&quot;slug&quot;:&quot;default&quot;,&quot;valign&quot;:&quot;top&quot;,&quot;ignore&quot;:&quot;&quot;,&quot;reference&quot;:&quot;auto&quot;,&quot;class&quot;:&quot;&quot;,&quot;count&quot;:&quot;8&quot;,&quot;legendonly&quot;:&quot;&quot;,&quot;readonly&quot;:&quot;&quot;,&quot;score&quot;:&quot;4.7&quot;,&quot;starsonly&quot;:&quot;&quot;,&quot;best&quot;:&quot;5&quot;,&quot;gap&quot;:&quot;5&quot;,&quot;greet&quot;:&quot;Rate this product&quot;,&quot;legend&quot;:&quot;4.7\\\/5 - (8 votes)&quot;,&quot;size&quot;:&quot;24&quot;,&quot;title&quot;:&quot;Granule Filling Machine&quot;,&quot;width&quot;:&quot;133.8&quot;,&quot;_legend&quot;:&quot;{score}\\\/{best} - ({count} {votes})&quot;,&quot;font_factor&quot;:&quot;1.25&quot;}'>              <div class=\"kksr-stars\">      <div class=\"kksr-stars-inactive\">             <div class=\"kksr-star\" data-star=\"1\" style=\"padding-right: 5px\">               <div class=\"kksr-icon\" style=\"width: 24px; height: 24px;\"><\/div>         <\/div>             <div class=\"kksr-star\" data-star=\"2\" style=\"padding-right: 5px\">               <div class=\"kksr-icon\" style=\"width: 24px; height: 24px;\"><\/div>         <\/div>             <div class=\"kksr-star\" data-star=\"3\" style=\"padding-right: 5px\">               <div class=\"kksr-icon\" style=\"width: 24px; height: 24px;\"><\/div>         <\/div>             <div class=\"kksr-star\" data-star=\"4\" style=\"padding-right: 5px\">               <div class=\"kksr-icon\" style=\"width: 24px; height: 24px;\"><\/div>         <\/div>             <div class=\"kksr-star\" data-star=\"5\" style=\"padding-right: 5px\">               <div class=\"kksr-icon\" style=\"width: 24px; height: 24px;\"><\/div>         <\/div>     <\/div>      <div class=\"kksr-stars-active\" style=\"width: 133.8px;\">             <div class=\"kksr-star\" style=\"padding-right: 5px\">               <div class=\"kksr-icon\" style=\"width: 24px; height: 24px;\"><\/div>         <\/div>             <div class=\"kksr-star\" style=\"padding-right: 5px\">               <div class=\"kksr-icon\" style=\"width: 24px; height: 24px;\"><\/div>         <\/div>             <div class=\"kksr-star\" style=\"padding-right: 5px\">               <div class=\"kksr-icon\" style=\"width: 24px; height: 24px;\"><\/div>         <\/div>             <div class=\"kksr-star\" style=\"padding-right: 5px\">               <div class=\"kksr-icon\" style=\"width: 24px; height: 24px;\"><\/div>         <\/div>             <div class=\"kksr-star\" style=\"padding-right: 5px\">               <div class=\"kksr-icon\" style=\"width: 24px; height: 24px;\"><\/div>         <\/div>     <\/div> <\/div>                   <div class=\"kksr-legend\" style=\"font-size: 19.2px;\">             4,7\/5 - (8 votes)    <\/div>     <\/div>  <p class=\"translation-block\"><strong>La machine de remplissage de granul\u00e9s<\/strong> propos\u00e9e ici est con\u00e7ue pour une demande de production importante. Elle est couramment utilis\u00e9e pour des articles de 5 kg \u00e0 50 kg et pour l'emballage de c\u00e9r\u00e9ales, de noix, de nourriture pour chiens, de nourriture pour poissons, de riz, de ma\u00efs, d'engrais chimiques, etc. <strong>La machine de remplissage de granul\u00e9s \u00e0 vendre<\/strong> ici peut r\u00e9aliser automatiquement le processus de pesage et de remplissage quantitatif. Avec une structure en acier inoxydable et une technologie avanc\u00e9e, cette machine de remplissage de granul\u00e9s automatique offre de tr\u00e8s bonnes performances. En tant que l'un des principaux fabricants de machines de remplissage en Chine, nous fournissons diverses machines de remplissage et de scellage de granul\u00e9s standard et personnalis\u00e9es pour r\u00e9pondre \u00e0 vos besoins. Contactez-nous d\u00e8s aujourd'hui pour une liste de prix gratuite. <\/p>    <h2 class=\"wp-block-heading\" id=\"h-the-brief-introduction-of-granule-packaging-machine-for-5-50kg\">Introduction de la machine de remplissage de granul\u00e9s \u00e0 vendre <\/h2>    <p>Cette machine de remplissage de granul\u00e9s est con\u00e7ue pour des articles de 5 \u00e0 50 kg. Et il est principalement utilis\u00e9 dans les c\u00e9r\u00e9ales, comme le ma\u00efs, le bl\u00e9, le riz, etc.\u00a0; des engrais, tels que des engrais organiques, des engrais compos\u00e9s et d'autres engrais m\u00e9lang\u00e9s\u00a0; produits chimiques, tels que les emballages en poly\u00e9thyl\u00e8ne, PVC, PE, PP et autres mat\u00e9riaux granulaires.<br>Les sacs sont g\u00e9n\u00e9ralement divis\u00e9s en deux types, les sacs en plastique ou les sacs tiss\u00e9s, la machine peut \u00eatre emball\u00e9e dans deux types de sacs, mais la m\u00e9thode de scellage est diff\u00e9rente. Les sacs en plastique sont emball\u00e9s \u00e0 l\u2019aide d\u2019une machine de thermoscellage, tandis que les sacs tiss\u00e9s sont emball\u00e9s \u00e0 l\u2019aide d\u2019une machine \u00e0 coudre.<\/p>    <figure class=\"wp-block-image size-full\"><img decoding=\"async\" src=\"https:\/\/taizypackaging.com\/wp-content\/uploads\/2021\/08\/\u753b\u677f-3_\u770b\u56fe\u738b.jpg\" alt=\"\" class=\"wp-image-2618\"\/><figcaption class=\"wp-element-caption\">Affichage de la machine d'emballage de granul\u00e9s de 5 \u00e0 50 kg<\/figcaption><\/figure>    <h2 class=\"wp-block-heading\" id=\"h-the-working-process-of-5-50kg-granule-packing-machine\">Vid\u00e9o de travail d'une machine d'emballage de granul\u00e9s de 5 \u00e0 50 kg<\/h2>   <figure class=\"wp-block-embed-youtube wp-block-embed is-type-video is-provider-youtube wp-embed-aspect-16-9 wp-has-aspect-ratio\"><div class=\"lyte-wrapper fourthree\" title=\"Machine automatique de pesage, de remplissage et de scellage pour haricots, riz, graines, aliments pour chiens\/chats 5KG ~ 50KG\" style=\"width:960px;max-width:100%;margin:5px auto;\"><div class=\"lyMe hidef\" id=\"WYL__E3hqS6pwhY\" itemprop=\"video\" itemscope itemtype=\"https:\/\/schema.org\/VideoObject\"><div><meta itemprop=\"thumbnailUrl\" content=\"https:\/\/taizypackaging.com\/wp-content\/plugins\/wp-youtube-lyte\/lyteCache.php?origThumbUrl=https%3A%2F%2Fi.ytimg.com%2Fvi%2F_E3hqS6pwhY%2Fmaxresdefault.jpg\" \/><meta itemprop=\"embedURL\" content=\"https:\/\/www.youtube.com\/embed\/_E3hqS6pwhY\" \/><meta itemprop=\"duration\" content=\"PT2M39S\" \/><meta itemprop=\"uploadDate\" content=\"2022-02-08T03:51:35Z\" \/><\/div><div id=\"lyte__E3hqS6pwhY\" data-src=\"https:\/\/taizypackaging.com\/wp-content\/plugins\/wp-youtube-lyte\/lyteCache.php?origThumbUrl=https%3A%2F%2Fi.ytimg.com%2Fvi%2F_E3hqS6pwhY%2Fmaxresdefault.jpg\" class=\"pL\"><div class=\"tC\"><div class=\"tT\" itemprop=\"name\">Machine automatique de pesage, de remplissage et de scellage pour haricots, riz, graines, aliments pour chiens\/chats 5KG ~ 50KG<\/div><\/div><div class=\"play\"><\/div><div class=\"ctrl\"><div class=\"Lctrl\"><\/div><div class=\"Rctrl\"><\/div><\/div><\/div><noscript><a href=\"https:\/\/youtu.be\/_E3hqS6pwhY\" rel=\"nofollow noopener\" target=\"_blank\"><img loading=\"lazy\" decoding=\"async\" src=\"https:\/\/taizypackaging.com\/wp-content\/plugins\/wp-youtube-lyte\/lyteCache.php?origThumbUrl=https%3A%2F%2Fi.ytimg.com%2Fvi%2F_E3hqS6pwhY%2F0.jpg\" alt=\"Machine automatique de pesage, de remplissage et de scellage pour haricots, riz, graines, aliments pour chiens\/chats 5KG ~ 50KG\" width=\"960\" height=\"700\" \/><br \/>Watch this video on YouTube<\/a><\/noscript><meta itemprop=\"description\" content=\"#bagfillingmachine #fillingmachine #weighingsealingmachine EMAIL: info@taizypackaging.com TEL\/WHATSAPP: +86 18837171591 USEFUL LINK: https:\/\/taizypackaging.com\/granule-packaging-machine-for-5-50kg\/ Automatic weighing and filling machine is designed for big bags, such as10kg, 15kg, 20kg, 30kg, 40kg, and a maximum of 50kg. This machine is suitable for packaging various particles like nuts, seeds, beans, rice, dried chilies, walnut, grains, chemical fertilizer, cat food, dog food, etc. Besides, it is ideal for both bags, bottles, cans. Features of this granule filling sealing machine 1. This machine adopts an intelligent control system, touchable display, and supports multiple national languages. It automatically calculates to ensure that the quality of each blanking is consistent. 2. Automatic belt-clamping design and conveyor belt save labor and effectively improve production efficiency. 3. Materials touched by the use of 304 stainless steel, durable, strong, clean, and hygienic. 4. Sealing machine and sewing machine with good quality, firm sealing, stable, and no air leakage. These videos may also be useful to you: Small vertical granule packing machine: https:\/\/www.youtube.com\/watch?v=RdSqEhdiWzU&amp;t=31s Super-efficient multihead weigher packing machine: https:\/\/www.youtube.com\/watch?v=mfQQ28r7qzY Semi automatic powder filling machine: https:\/\/www.youtube.com\/watch?v=F5tlcnSb8q4 EMAIL: info@taizypackaging.com TEL\/WHATSAPP: +86 18837171591 USEFUL LINK: https:\/\/taizypackaging.com\/granule-packaging-machine-for-5-50kg\/\"><\/div><\/div><div class=\"lL\" style=\"max-width:100%;width:960px;margin:5px auto;\"><\/div><figcaption><\/figcaption><\/figure>   <h2 class=\"wp-block-heading\" id=\"granule-filling-packing-machine-applications\">Applications des machines d'emballage de remplissage de granul\u00e9s<\/h2>    <p class=\"translation-block\">Cette machine de remplissage et de scellage de granul\u00e9s est largement utilis\u00e9e dans l'industrie alimentaire, l'industrie des snacks et l'industrie chimique. Elle est fabriqu\u00e9e pour une demande de production importante. Elle est id\u00e9ale pour emballer diverses noix, c\u00e9r\u00e9ales, riz, ma\u00efs, bl\u00e9, haricots, graines, aliments pour animaux, dattes rouges, piments s\u00e9ch\u00e9s, noix, engrais chimiques, etc. De plus, nous proposons \u00e9galement des machines d'emballage automatiques de sachets de granul\u00e9s de qualit\u00e9. Et si vous avez un besoin de production important, il existe une <a href=\"https:\/\/taizypackaging.com\/fr\/lapel-combination-packaging-machine\/\">machine d'emballage \u00e0 doseuse pond\u00e9rale multi-t\u00eates<\/a> pour vous. <\/p>    <figure class=\"wp-block-image size-full\"><img decoding=\"async\" src=\"https:\/\/taizypackaging.com\/wp-content\/uploads\/2021\/08\/\u753b\u677f-2_\u770b\u56fe\u738b-1.jpg\" alt=\"applications des machines de remplissage de granul\u00e9s\" class=\"wp-image-2619\"\/><figcaption class=\"wp-element-caption\">applications des machines de remplissage de granul\u00e9s<\/figcaption><\/figure>    <h2 class=\"wp-block-heading\" id=\"h-the-structure-of-granule-packing-machine-for-5-50kg\">Caract\u00e9ristiques structurelles de la machine de remplissage de granul\u00e9s pour 5 \u00e0 50 kg<\/h2>    <p>La machine de remplissage de granul\u00e9s pour 5 kg ~ 50 kg a une conception raisonnable et une structure simple. Il comporte deux parties, un syst\u00e8me de remplissage et un syst\u00e8me de couture. Cette machine de remplissage automatique de granul\u00e9s se compose principalement d'un organisme quantitatif, d'un m\u00e9canisme pneumatique, d'un bo\u00eetier de commande de machine \u00e0 coudre, d'un bo\u00eetier de commande, d'une machine \u00e0 paquets, d'un corps de balance et d'un tapis roulant. En utilisant un syst\u00e8me de contr\u00f4le PLC avanc\u00e9, nous pouvons d\u00e9finir les param\u00e8tres via un grand \u00e9cran tactile, il est facile \u00e0 utiliser et \u00e0 entretenir. <\/p>    <figure class=\"wp-block-image size-full\"><img decoding=\"async\" src=\"https:\/\/taizypackaging.com\/wp-content\/uploads\/2021\/08\/\u753b\u677f-5_\u770b\u56fe\u738b.jpg\" alt=\"structure de la machine de remplissage de granul\u00e9s\" class=\"wp-image-2620\"\/><figcaption class=\"wp-element-caption\">structure de la machine de remplissage de granul\u00e9s<\/figcaption><\/figure>    <h2 class=\"wp-block-heading\" id=\"h-the-design-features-of-packing-machine-for-large-granule\">Caract\u00e9ristiques de conception de la machine de scellage de remplissage automatique de granul\u00e9s <\/h2>    <ul class=\"wp-block-list\"> <li>Cette machine adopte un syst\u00e8me de contr\u00f4le intelligent, un \u00e9cran tactile et prend en charge plusieurs langues internationales. Il calcule automatiquement pour garantir que la qualit\u00e9 de chaque d\u00e9coupe est coh\u00e9rente.<\/li>    <li>La conception de serrage automatique de la courroie et la bande transporteuse permettent d'\u00e9conomiser du travail et am\u00e9liorent efficacement l'efficacit\u00e9 de la production.<\/li>    <li>Les mat\u00e9riaux touch\u00e9s par l'utilisation de l'acier inoxydable 304 sont durables, solides, propres et hygi\u00e9niques.<\/li>    <li>Machine \u00e0 sceller et machine \u00e0 coudre de bonne qualit\u00e9, \u00e9tanch\u00e9it\u00e9 ferme, stable et sans fuite d'air.<\/li> <\/ul>    <h2 class=\"wp-block-heading\" id=\"h-faq\">FAQ sur la machine de remplissage de granul\u00e9s Taizy <\/h2>   <div id=\"rank-math-faq\" class=\"rank-math-block\"> <div class=\"rank-math-list\"> <div id=\"faq-question-1670982372820\" class=\"rank-math-list-item\"> <h3 class=\"rank-math-question\">1. Si je souhaite emballer des granul\u00e9s pesant plus de 50 kg, puis-je utiliser cette machine ?<\/h3> <div class=\"rank-math-answer\">  <p>Cette machine est con\u00e7ue pour emballer des articles granulaires de 5 \u00e0 50 kg, si vous en avez besoin, notre usine dispose d'une machine d'emballage de remplissage automatique pour les besoins de production importants, vous pouvez nous contacter pour des informations plus d\u00e9taill\u00e9es. Nous disposons \u00e9galement de machines adapt\u00e9es aux petites productions.<\/p>  <\/div> <\/div> <div id=\"faq-question-1670982376808\" class=\"rank-math-list-item\"> <h3 class=\"rank-math-question\">2. La machine \u00e0 sceller est-elle vendue avec la machine\u00a0?<\/h3> <div class=\"rank-math-answer\">  <p>Oui, il est \u00e9quip\u00e9 d'une scelleuse ou d'une machine \u00e0 coudre selon le type de sac. Bien entendu, si vous avez d\u00e9j\u00e0 achet\u00e9 une machine \u00e0 sceller, vous pouvez \u00e9galement en acheter une.<\/p>  <\/div> <\/div> <div id=\"faq-question-1670982388050\" class=\"rank-math-list-item\"> <h3 class=\"rank-math-question\">3. Quelle est la pr\u00e9cision de la machine de remplissage ?<\/h3> <div class=\"rank-math-answer\">  <p>La machine est con\u00e7ue de mani\u00e8re raisonnable, adopte le syst\u00e8me de contr\u00f4le PLC le plus avanc\u00e9 et a une pr\u00e9cision de \u00b10,2.<\/p>  <\/div> <\/div> <\/div> <\/div>   <h2 class=\"wp-block-heading\" id=\"h-packing-and-shipping\">Machines de remplissage de granul\u00e9s pr\u00eates \u00e0 \u00eatre exp\u00e9di\u00e9es<\/h2>    <p class=\"translation-block\">Parce que nos machines de <a rel=\"noreferrer noopener\" href=\"https:\/\/taizypackaging.com\/fr\/\" target=\"_blank\">Taizy Company<\/a> sont vendues dans le monde entier, la plupart d'entre elles sont exp\u00e9di\u00e9es par voie maritime. Nous v\u00e9rifierons soigneusement la qualit\u00e9 de la machine avant la livraison, r\u00e9glerons les param\u00e8tres \u00e0 l'avance et prendrons une vid\u00e9o de la machine en fonctionnement pour r\u00e9f\u00e9rence client. Compte tenu de la m\u00e9t\u00e9o et d'autres facteurs incontr\u00f4lables lors du transport, nous envelopperons une couche de film autour du corps de la machine pour la prot\u00e9ger de l'humidit\u00e9 pendant le transport, et nous personnaliserons \u00e9galement professionnellement une bo\u00eete en bois pour la machine avec plusieurs protections afin de garantir qu'elle ne soit pas endommag\u00e9e pendant le transport.<\/p>    <figure class=\"wp-block-image size-full\"><img decoding=\"async\" src=\"https:\/\/taizypackaging.com\/wp-content\/uploads\/2021\/08\/\u753b\u677f-9_\u770b\u56fe\u738b.jpg\" alt=\"Machine de remplissage de granul\u00e9s exp\u00e9di\u00e9e \u00e0 l&#039;\u00e9tranger\" class=\"wp-image-2621\"\/><figcaption class=\"wp-element-caption\">Machine de remplissage de granul\u00e9s exp\u00e9di\u00e9e \u00e0 l'\u00e9tranger<\/figcaption><\/figure>","protected":false},"excerpt":{"rendered":"<p>Granule filling machine here is designed for large production demand. It is commonly for items from 5kg to 50kg and used for packaging grains, nuts, dog food, fish food, rice, corn, chemical fertilizer, etc. Granule filling machine for sale here can fully automatically finish the process of quantitative weighing and filling. With stainless steel material [&hellip;]<\/p>\n","protected":false},"author":1,"featured_media":2626,"parent":0,"template":"","tags":[600,198],"product-type":[659],"class_list":["post-2616","product","type-product","status-publish","has-post-thumbnail","hentry","tag-granule-filling-machine","tag-granule-packing-machine","product-type-granule-packing-machines"],"_links":{"self":[{"href":"https:\/\/taizypackaging.com\/fr\/wp-json\/wp\/v2\/product\/2616","targetHints":{"allow":["GET"]}}],"collection":[{"href":"https:\/\/taizypackaging.com\/fr\/wp-json\/wp\/v2\/product"}],"about":[{"href":"https:\/\/taizypackaging.com\/fr\/wp-json\/wp\/v2\/types\/product"}],"author":[{"embeddable":true,"href":"https:\/\/taizypackaging.com\/fr\/wp-json\/wp\/v2\/users\/1"}],"wp:featuredmedia":[{"embeddable":true,"href":"https:\/\/taizypackaging.com\/fr\/wp-json\/wp\/v2\/media\/2626"}],"wp:attachment":[{"href":"https:\/\/taizypackaging.com\/fr\/wp-json\/wp\/v2\/media?parent=2616"}],"wp:term":[{"taxonomy":"post_tag","embeddable":true,"href":"https:\/\/taizypackaging.com\/fr\/wp-json\/wp\/v2\/tags?post=2616"},{"taxonomy":"product-type","embeddable":true,"href":"https:\/\/taizypackaging.com\/fr\/wp-json\/wp\/v2\/product-type?post=2616"}],"curies":[{"name":"wp","href":"https:\/\/api.w.org\/{rel}","templated":true}]}}