{"id":2662,"date":"2021-08-14T07:36:45","date_gmt":"2021-08-14T07:36:45","guid":{"rendered":"https:\/\/taizypackaging.com\/?p=2662"},"modified":"2024-07-17T17:49:48","modified_gmt":"2024-07-17T09:49:48","slug":"double-chamber-vacuum-packing-machine-2","status":"publish","type":"product","link":"https:\/\/taizypackaging.com\/fr\/double-chamber-vacuum-packing-machine\/","title":{"rendered":"Machine d'emballage sous vide \u00e0 double chambre"},"content":{"rendered":"<div class=\"kk-star-ratings kksr-auto kksr-align-left kksr-valign-top\"     data-payload='{&quot;align&quot;:&quot;left&quot;,&quot;id&quot;:&quot;2662&quot;,&quot;slug&quot;:&quot;default&quot;,&quot;valign&quot;:&quot;top&quot;,&quot;ignore&quot;:&quot;&quot;,&quot;reference&quot;:&quot;auto&quot;,&quot;class&quot;:&quot;&quot;,&quot;count&quot;:&quot;20&quot;,&quot;legendonly&quot;:&quot;&quot;,&quot;readonly&quot;:&quot;&quot;,&quot;score&quot;:&quot;4.7&quot;,&quot;starsonly&quot;:&quot;&quot;,&quot;best&quot;:&quot;5&quot;,&quot;gap&quot;:&quot;5&quot;,&quot;greet&quot;:&quot;Rate this product&quot;,&quot;legend&quot;:&quot;4.7\\\/5 - (20 votes)&quot;,&quot;size&quot;:&quot;24&quot;,&quot;title&quot;:&quot;Double Chamber Vacuum Packing Machine&quot;,&quot;width&quot;:&quot;133.8&quot;,&quot;_legend&quot;:&quot;{score}\\\/{best} - ({count} {votes})&quot;,&quot;font_factor&quot;:&quot;1.25&quot;}'>              <div class=\"kksr-stars\">      <div class=\"kksr-stars-inactive\">             <div class=\"kksr-star\" data-star=\"1\" style=\"padding-right: 5px\">               <div class=\"kksr-icon\" style=\"width: 24px; height: 24px;\"><\/div>         <\/div>             <div class=\"kksr-star\" data-star=\"2\" style=\"padding-right: 5px\">               <div class=\"kksr-icon\" style=\"width: 24px; height: 24px;\"><\/div>         <\/div>             <div class=\"kksr-star\" data-star=\"3\" style=\"padding-right: 5px\">               <div class=\"kksr-icon\" style=\"width: 24px; height: 24px;\"><\/div>         <\/div>             <div class=\"kksr-star\" data-star=\"4\" style=\"padding-right: 5px\">               <div class=\"kksr-icon\" style=\"width: 24px; height: 24px;\"><\/div>         <\/div>             <div class=\"kksr-star\" data-star=\"5\" style=\"padding-right: 5px\">               <div class=\"kksr-icon\" style=\"width: 24px; height: 24px;\"><\/div>         <\/div>     <\/div>      <div class=\"kksr-stars-active\" style=\"width: 133.8px;\">             <div class=\"kksr-star\" style=\"padding-right: 5px\">               <div class=\"kksr-icon\" style=\"width: 24px; height: 24px;\"><\/div>         <\/div>             <div class=\"kksr-star\" style=\"padding-right: 5px\">               <div class=\"kksr-icon\" style=\"width: 24px; height: 24px;\"><\/div>         <\/div>             <div class=\"kksr-star\" style=\"padding-right: 5px\">               <div class=\"kksr-icon\" style=\"width: 24px; height: 24px;\"><\/div>         <\/div>             <div class=\"kksr-star\" style=\"padding-right: 5px\">               <div class=\"kksr-icon\" style=\"width: 24px; height: 24px;\"><\/div>         <\/div>             <div class=\"kksr-star\" style=\"padding-right: 5px\">               <div class=\"kksr-icon\" style=\"width: 24px; height: 24px;\"><\/div>         <\/div>     <\/div> <\/div>                   <div class=\"kksr-legend\" style=\"font-size: 19.2px;\">             4,7\/5 - (20 votes)    <\/div>     <\/div>  <p class=\"translation-block\"><strong>La machine sous vide \u00e0 double chambre<\/strong> est un type populaire de machine sous vide \u00e0 chambre. Elle offre une haute efficacit\u00e9 et de bonnes performances. Une <strong>machine sous vide \u00e0 double chambre<\/strong> est con\u00e7ue et fabriqu\u00e9e pour des demandes de production petites et moyennes. Compar\u00e9e \u00e0 une machine sous vide \u00e0 chambre unique, la machine sous vide \u00e0 double chambre dispose de deux postes de travail et d\u2019un couvercle de chambre flexible. Par cons\u00e9quent, elle a deux fois la vitesse de scellement sous vide d\u2019un appareil \u00e0 chambre unique, ce qui est efficace et offre un bon rapport co\u00fbt-performance. Vous recherchez une <strong>machine de scellement sous vide \u00e0 double chambre fiable<\/strong> ? Contactez-nous d\u00e8s aujourd\u2019hui pour obtenir une liste de prix gratuite. <\/p>    <h2 class=\"wp-block-heading\" id=\"h-the-workflow-of-double-chamber-vacuum-packer\">Vid\u00e9o de travail de la machine sous vide \u00e0 double chambre<\/h2>   <figure class=\"wp-block-embed-youtube wp-block-embed is-type-video is-provider-youtube wp-embed-aspect-16-9 wp-has-aspect-ratio\"><div class=\"lyte-wrapper fourthree\" title=\"Machine d&#039;emballage sous vide \u00e0 double chambre super efficace pour la viande, les fruits, les l\u00e9gumes, les fruits de mer, etc.\" style=\"width:960px;max-width:100%;margin:5px auto;\"><div class=\"lyMe hidef\" id=\"WYL_aPYp44oAyio\" itemprop=\"video\" itemscope itemtype=\"https:\/\/schema.org\/VideoObject\"><div><meta itemprop=\"thumbnailUrl\" content=\"https:\/\/taizypackaging.com\/wp-content\/plugins\/wp-youtube-lyte\/lyteCache.php?origThumbUrl=https%3A%2F%2Fi.ytimg.com%2Fvi%2FaPYp44oAyio%2Fmaxresdefault.jpg\" \/><meta itemprop=\"embedURL\" content=\"https:\/\/www.youtube.com\/embed\/aPYp44oAyio\" \/><meta itemprop=\"duration\" content=\"PT1M\" \/><meta itemprop=\"uploadDate\" content=\"2021-08-13T01:02:39Z\" \/><\/div><div id=\"lyte_aPYp44oAyio\" data-src=\"https:\/\/taizypackaging.com\/wp-content\/plugins\/wp-youtube-lyte\/lyteCache.php?origThumbUrl=https%3A%2F%2Fi.ytimg.com%2Fvi%2FaPYp44oAyio%2Fmaxresdefault.jpg\" class=\"pL\"><div class=\"tC\"><div class=\"tT\" itemprop=\"name\">Machine d'emballage sous vide \u00e0 double chambre super efficace pour la viande, les fruits, les l\u00e9gumes, les fruits de mer, etc.<\/div><\/div><div class=\"play\"><\/div><div class=\"ctrl\"><div class=\"Lctrl\"><\/div><div class=\"Rctrl\"><\/div><\/div><\/div><noscript><a href=\"https:\/\/youtu.be\/aPYp44oAyio\" rel=\"nofollow noopener\" target=\"_blank\"><img loading=\"lazy\" decoding=\"async\" src=\"https:\/\/taizypackaging.com\/wp-content\/plugins\/wp-youtube-lyte\/lyteCache.php?origThumbUrl=https%3A%2F%2Fi.ytimg.com%2Fvi%2FaPYp44oAyio%2F0.jpg\" alt=\"Machine d&#039;emballage sous vide \u00e0 double chambre super efficace pour la viande, les fruits, les l\u00e9gumes, les fruits de mer, etc.\" width=\"960\" height=\"700\" \/><br \/>Watch this video on YouTube<\/a><\/noscript><meta itemprop=\"description\" content=\"#vacuumpackaging #vacuumsealer #vacuumpacker Email: info@taizypackaging.com WhatsApp\/Wechat\/Tel:+86 18837171591 Useful link: https:\/\/taizypackaging.com\/double-chamber-vacuum-packing-machine\/ ---------------------------------------------------- The\u00a0double chamber vacuum packing machine\u00a0has two vacuum chambers. It uses a vacuum cover to work alternately on the two vacuum chambers to achieve the purpose of improving work efficiency. When one vacuum chamber is evacuating, the other vacuum chamber can place packaging items; therefore, the labor-saving device that is specially designed for the swing of the vacuum cover greatly reduces the labor intensity of the operator. Compared with a single chamber vacuum packing machine, a double chamber vacuum packing machine has higher efficiency. It is a kind of commercial vacuum packing machine. It is suitable for various meats, vegetables, fruits, seafood, etc. ---------------------------------------------------- You may also like these videos: https:\/\/www.youtube.com\/watch?v=ogHoh9d3IKc ---------------------------------------------------- Email: info@taizypackaging.com WhatsApp\/Wechat\/Tel:+86 18837171591 Useful link: https:\/\/taizypackaging.com\/double-chamber-vacuum-packing-machine\/\"><\/div><\/div><div class=\"lL\" style=\"max-width:100%;width:960px;margin:5px auto;\"><\/div><figcaption><\/figcaption><\/figure>   <h2 class=\"wp-block-heading\" id=\"h-the-brief-introduction-of-double-chamber-vacuum-packing-machine\">Qu'est-ce qu'une machine d'emballage sous vide \u00e0 double chambre ? <\/h2>    <p class=\"translation-block\"><strong>Une machine d\u2019emballage sous vide \u00e0 double chambre<\/strong>, \u00e9galement appel\u00e9e machine de scellement sous vide \u00e0 double chambre ou scelloir \u00e0 double chambre, est un excellent \u00e9quipement commercial d\u2019emballage sous vide en chambre. Avec deux chambres, il offre une efficacit\u00e9 bien sup\u00e9rieure \u00e0 celle d\u2019une <a href=\"https:\/\/taizypackaging.com\/fr\/single-chamber-vacuum-packing-machine\/\">machine d\u2019emballage sous vide \u00e0 chambre unique<\/a> ou d\u2019une machine d\u2019emballage sous vide de table. De plus, la machine d\u2019emballage sous vide \u00e0 double chambre utilise un couvercle sous vide pour travailler alternativement sur les deux chambres afin d\u2019atteindre une excellente efficacit\u00e9 d\u2019emballage sous vide. Lorsqu\u2019une chambre sous vide se vide, l\u2019autre peut placer les articles d\u2019emballage ; par cons\u00e9quent, l\u2019appareil d\u2019\u00e9conomie de main-d\u2019\u0153uvre sp\u00e9cialement con\u00e7u pour le mouvement du couvercle sous vide r\u00e9duit consid\u00e9rablement l\u2019intensit\u00e9 du travailleur.<\/p>    <figure class=\"wp-block-image size-full\"><img loading=\"lazy\" decoding=\"async\" width=\"720\" height=\"540\" src=\"https:\/\/taizypackaging.com\/wp-content\/uploads\/2021\/08\/double-chamber-vacuum-packing-machine.jpg\" alt=\"machine d&#039;emballage sous vide \u00e0 double chambre\" class=\"wp-image-3908\" srcset=\"https:\/\/taizypackaging.com\/wp-content\/uploads\/2021\/08\/double-chamber-vacuum-packing-machine.jpg 720w, https:\/\/taizypackaging.com\/wp-content\/uploads\/2021\/08\/double-chamber-vacuum-packing-machine-300x225.jpg 300w\" sizes=\"auto, (max-width: 720px) 100vw, 720px\" \/><figcaption class=\"wp-element-caption\">machine d'emballage sous vide \u00e0 double chambre<\/figcaption><\/figure>    <h2 class=\"wp-block-heading\" id=\"h-the-application-of-double-chamber-vacuum-packing-machine\">Applications des machines d'emballage sous vide \u00e0 double chambre<\/h2>    <p>La machine d'emballage sous vide \u00e0 double chambre convient au scellage sous vide de divers produits alimentaires en utilisant un mat\u00e9riau de membrane composite en plastique ou en feuille d'aluminium. Il peut emballer des aliments liquides, semi-fluides, granulaires solides, en poudre, p\u00e2teux, tels que des fruits frais, des l\u00e9gumes, de la viande, des saucisses, du bacon, du riz, des fleurs, des produits chimiques, des mati\u00e8res m\u00e9dicinales pr\u00e9cieuses, de la calligraphie et de la peinture pr\u00e9cieuses, des composants \u00e9lectroniques, divers produits antimites, anticorrosion, r\u00e9sistants \u00e0 l'humidit\u00e9, anti-moisissure et antioxydants. Emballage sous vide ou emballage sous vide rempli d'azote pour prolonger la dur\u00e9e de conservation. Dans l'usine de Taizy Packaging Machinery, nous fournissons \u00e9galement d'excellentes machines d'emballage sous vide \u00e0 chambre unique et des machines d'emballage sous vide de bureau. <\/p>    <figure class=\"wp-block-image size-full\"><img decoding=\"async\" src=\"https:\/\/taizypackaging.com\/wp-content\/uploads\/2021\/08\/vacuum-sealing-machine-applications.jpg\" alt=\"applications des machines de mise sous vide\" class=\"wp-image-3905\"\/><figcaption class=\"wp-element-caption\">applications des machines de mise sous vide<\/figcaption><\/figure>    <h2 class=\"wp-block-heading\" id=\"h-machine-parameters\">Param\u00e8tres de la machine d'emballage sous vide \u00e0 double chambre<\/h2>    <figure class=\"wp-block-table\"><table><tbody><tr><td>Mod\u00e8le<\/td><td>DZ400\/2SB<\/td><td>DZ500\/2SB<\/td><td>DZ600\/2SB<\/td><td>DZS600\/2SB<\/td><\/tr><tr><td>Pouvoir<\/td><td>220V\/380V<\/td><td>220V\/380V<\/td><td>220V\/380V<\/td><td>220V\/380V<\/td><\/tr><tr><td>Puissance de la pompe \u00e0 vide<\/td><td>750W<\/td><td>1500W<\/td><td>1500W<\/td><td>2250W<\/td><\/tr><tr><td>Pouvoir d'\u00e9tanch\u00e9it\u00e9<\/td><td>800W<\/td><td>1200W<\/td><td>1500W<\/td><td>1500W<\/td><\/tr><tr><td>Pression absolue la plus basse<\/td><td>1Kpa<\/td><td>1Kpa<\/td><td>1Kpa<\/td><td>1Kpa<\/td><\/tr><tr><td>Bande d'\u00e9tanch\u00e9it\u00e9<\/td><td>2<\/td><td>2<\/td><td>2<\/td><td>2<\/td><\/tr><tr><td>Taille de la chambre \u00e0 vide<\/td><td>440*<em>490<\/em>*70mm<\/td><td>570*<em>540<\/em>*70mm<\/td><td>720*<em>515<\/em>*70mm<\/td><td>670*<em>550<\/em>*70<\/td><\/tr><tr><td>Taille du joint<\/td><td>400*12mm<\/td><td>500*12mm<\/td><td>600*12mm<\/td><td>600*12mm<\/td><\/tr><tr><td>Poids<\/td><td>180 kg<\/td><td>230 kg<\/td><td>285 kg<\/td><td>320 kg<\/td><\/tr><tr><td>Taille de la machine<\/td><td>990*<em>630<\/em>*940mm<\/td><td>1255*<em>700<\/em>*950mm<\/td><td>1450*<em>620<\/em>*1230mm<\/td><td>1450*<em>620<\/em>*1230mm<\/td><\/tr><\/tbody><\/table><\/figure>    <h2 class=\"wp-block-heading\" id=\"h-the-design-features-of-double-chamber-packaging-machine\">Caract\u00e9ristiques de conception de la machine d'emballage \u00e0 double chambre<\/h2>    <ul class=\"wp-block-list\"> <li>Large gamme d'applications, des articles secs et humides peuvent \u00eatre emball\u00e9s.<\/li>    <li>La coque \u00e9paisse en acier inoxydable est solide et durable, et le design est raisonnable et beau. L'acier inoxydable 304 est utilis\u00e9 au contact du sac sous vide, qui r\u00e9pond \u00e0 la norme.<\/li>    <li>Adoptez le syst\u00e8me de contr\u00f4le intelligent PLC, le r\u00e9glage de l\u2019\u00e9cran d\u2019affichage est facile \u00e0 contr\u00f4ler, pour obtenir un meilleur effet d\u2019emballage.<\/li>    <li>Conception de grand espace \u00e0 double chambre, efficacit\u00e9 de travail \u00e9lev\u00e9e.<\/li> <\/ul>    <div class=\"wp-block-columns is-layout-flex wp-container-core-columns-is-layout-9d6595d7 wp-block-columns-is-layout-flex\"> <div class=\"wp-block-column is-layout-flow wp-block-column-is-layout-flow\"> <figure class=\"wp-block-image size-full\"><img decoding=\"async\" src=\"https:\/\/taizypackaging.com\/wp-content\/uploads\/2021\/08\/vacuum-chambers.jpg\" alt=\"chambres \u00e0 vide\" class=\"wp-image-3919\"\/><figcaption class=\"wp-element-caption\">chambres \u00e0 vide<\/figcaption><\/figure> <\/div>    <div class=\"wp-block-column is-layout-flow wp-block-column-is-layout-flow\"> <figure class=\"wp-block-image size-full\"><img decoding=\"async\" src=\"https:\/\/taizypackaging.com\/wp-content\/uploads\/2021\/08\/stainless-steel-body-structure.jpg\" alt=\"structure de carrosserie en acier inoxydable\" class=\"wp-image-3920\"\/><figcaption class=\"wp-element-caption\">structure de carrosserie en acier inoxydable<\/figcaption><\/figure> <\/div> <\/div>    <div class=\"wp-block-columns is-layout-flex wp-container-core-columns-is-layout-9d6595d7 wp-block-columns-is-layout-flex\"> <div class=\"wp-block-column is-layout-flow wp-block-column-is-layout-flow\"> <figure class=\"wp-block-image size-full\"><img decoding=\"async\" src=\"https:\/\/taizypackaging.com\/wp-content\/uploads\/2021\/08\/electrical-control-box-of-the-vacuum-sealer.jpg\" alt=\"bo\u00eetier de commande \u00e9lectrique de la machine sous vide\" class=\"wp-image-3921\"\/><figcaption class=\"wp-element-caption\">bo\u00eetier de commande \u00e9lectrique de la machine sous vide<\/figcaption><\/figure> <\/div>    <div class=\"wp-block-column is-layout-flow wp-block-column-is-layout-flow\"> <figure class=\"wp-block-image size-full\"><img decoding=\"async\" src=\"https:\/\/taizypackaging.com\/wp-content\/uploads\/2021\/08\/control-panel.jpg\" alt=\"Panneau de contr\u00f4le\" class=\"wp-image-3922\"\/><figcaption class=\"wp-element-caption\">Panneau de contr\u00f4le<\/figcaption><\/figure> <\/div> <\/div>    <h2 class=\"wp-block-heading\" id=\"operation-and-maintainence-of-taizy-double-chamber-vacuum-sealer\">Fonctionnement et entretien de la machine sous vide double chambre Taizy<\/h2>    <ul class=\"wp-block-list\"> <li>Les pi\u00e8ces d'usure de la machine d'emballage sous vide \u00e0 double chambre sont des bandes chauffantes et des pompes \u00e0 vide. La bande chauffante est remplac\u00e9e environ tous les six mois et la pompe \u00e0 vide est entretenue une fois par an. L'huile de la pompe \u00e0 vide doit \u00eatre remplac\u00e9e r\u00e9guli\u00e8rement et \u00e0 diff\u00e9rents moments en fonction de la fr\u00e9quence d'utilisation. Sinon, cela affectera \u00e9galement l\u2019utilisation normale de la machine.<\/li>    <li>Lorsque le produit est plac\u00e9, il est n\u00e9cessaire de r\u00e9server de l'espace des deux c\u00f4t\u00e9s pour obtenir un meilleur effet d'emballage.<\/li> <\/ul>    <h2 class=\"wp-block-heading\" id=\"h-related-machines\">Machine d'emballage sous vide associ\u00e9e \u00e0 vendre<\/h2>    <p class=\"translation-block\">Une machine d\u2019emballage sous vide \u00e0 double chambre est notre produit phare. Elle offre une super efficacit\u00e9 et de bonnes performances. Et elle peut grandement profiter \u00e0 votre petite entreprise. De plus, il existe des machines industrielles d\u2019emballage sous vide \u00e0 chambre unique et des <a href=\"https:\/\/taizypackaging.com\/fr\/vacuum-packing-machine\/\">machines d\u2019emballage sur table portables<\/a> disponibles dans notre usine. Toutes nos machines sont con\u00e7ues et fabriqu\u00e9es selon les normes internationales. De plus, nos machines de scellement sous vide ont \u00e9t\u00e9 exp\u00e9di\u00e9es avec succ\u00e8s vers plus de 40 pays et r\u00e9gions. N\u2019h\u00e9sitez pas \u00e0 nous contacter pour obtenir un devis gratuit. <\/p>    <figure class=\"wp-block-image size-full\"><a href=\"https:\/\/taizypackaging.com\/fr\/machines-category\/vpm\/\"><img decoding=\"async\" src=\"https:\/\/taizypackaging.com\/wp-content\/uploads\/2021\/08\/\u753b\u677f-12_\u770b\u56fe\u738b.jpg\" alt=\"scelleuse sous vide \u00e0 chambre unique et scelleuse sous vide de table.\" class=\"wp-image-2676\"\/><\/a><figcaption class=\"wp-element-caption\">Machine sous vide \u00e0 chambre unique et machine sous vide de table<\/figcaption><\/figure>","protected":false},"excerpt":{"rendered":"<p>Double chamber vacuum packing machine is a popular type of chamber vacuum sealing machine. It has features of high efficiency and good performance. A double chamber vacuum packaging machine is designed and manufactured for small and medium-sized production demand. Compared with a single chamber vacuum packing machine, a double chamber vacuum packing machine has two [&hellip;]<\/p>\n","protected":false},"author":1,"featured_media":2665,"parent":0,"template":"","tags":[137,601,507],"product-type":[666],"class_list":["post-2662","product","type-product","status-publish","has-post-thumbnail","hentry","tag-double-chamber-vacuum-packing-machine","tag-double-chamber-vacuum-sealer","tag-vacuum-packing-machine","product-type-vacuum-packaging-machines"],"_links":{"self":[{"href":"https:\/\/taizypackaging.com\/fr\/wp-json\/wp\/v2\/product\/2662","targetHints":{"allow":["GET"]}}],"collection":[{"href":"https:\/\/taizypackaging.com\/fr\/wp-json\/wp\/v2\/product"}],"about":[{"href":"https:\/\/taizypackaging.com\/fr\/wp-json\/wp\/v2\/types\/product"}],"author":[{"embeddable":true,"href":"https:\/\/taizypackaging.com\/fr\/wp-json\/wp\/v2\/users\/1"}],"wp:featuredmedia":[{"embeddable":true,"href":"https:\/\/taizypackaging.com\/fr\/wp-json\/wp\/v2\/media\/2665"}],"wp:attachment":[{"href":"https:\/\/taizypackaging.com\/fr\/wp-json\/wp\/v2\/media?parent=2662"}],"wp:term":[{"taxonomy":"post_tag","embeddable":true,"href":"https:\/\/taizypackaging.com\/fr\/wp-json\/wp\/v2\/tags?post=2662"},{"taxonomy":"product-type","embeddable":true,"href":"https:\/\/taizypackaging.com\/fr\/wp-json\/wp\/v2\/product-type?post=2662"}],"curies":[{"name":"wp","href":"https:\/\/api.w.org\/{rel}","templated":true}]}}