{"id":2690,"date":"2021-08-16T10:04:00","date_gmt":"2021-08-16T10:04:00","guid":{"rendered":"https:\/\/taizypackaging.com\/?p=2690"},"modified":"2024-07-16T18:07:13","modified_gmt":"2024-07-16T10:07:13","slug":"automatic-powder-packing-machine","status":"publish","type":"product","link":"https:\/\/taizypackaging.com\/fr\/automatic-powder-packing-machine\/","title":{"rendered":"Machine d'emballage automatique de poudre"},"content":{"rendered":"<div class=\"kk-star-ratings kksr-auto kksr-align-left kksr-valign-top\"     data-payload='{&quot;align&quot;:&quot;left&quot;,&quot;id&quot;:&quot;2690&quot;,&quot;slug&quot;:&quot;default&quot;,&quot;valign&quot;:&quot;top&quot;,&quot;ignore&quot;:&quot;&quot;,&quot;reference&quot;:&quot;auto&quot;,&quot;class&quot;:&quot;&quot;,&quot;count&quot;:&quot;29&quot;,&quot;legendonly&quot;:&quot;&quot;,&quot;readonly&quot;:&quot;&quot;,&quot;score&quot;:&quot;4.8&quot;,&quot;starsonly&quot;:&quot;&quot;,&quot;best&quot;:&quot;5&quot;,&quot;gap&quot;:&quot;5&quot;,&quot;greet&quot;:&quot;Rate this product&quot;,&quot;legend&quot;:&quot;4.8\\\/5 - (29 votes)&quot;,&quot;size&quot;:&quot;24&quot;,&quot;title&quot;:&quot;Automatic Powder Packing Machine&quot;,&quot;width&quot;:&quot;136.7&quot;,&quot;_legend&quot;:&quot;{score}\\\/{best} - ({count} {votes})&quot;,&quot;font_factor&quot;:&quot;1.25&quot;}'>              <div class=\"kksr-stars\">      <div class=\"kksr-stars-inactive\">             <div class=\"kksr-star\" data-star=\"1\" style=\"padding-right: 5px\">               <div class=\"kksr-icon\" style=\"width: 24px; height: 24px;\"><\/div>         <\/div>             <div class=\"kksr-star\" data-star=\"2\" style=\"padding-right: 5px\">               <div class=\"kksr-icon\" style=\"width: 24px; height: 24px;\"><\/div>         <\/div>             <div class=\"kksr-star\" data-star=\"3\" style=\"padding-right: 5px\">               <div class=\"kksr-icon\" style=\"width: 24px; height: 24px;\"><\/div>         <\/div>             <div class=\"kksr-star\" data-star=\"4\" style=\"padding-right: 5px\">               <div class=\"kksr-icon\" style=\"width: 24px; height: 24px;\"><\/div>         <\/div>             <div class=\"kksr-star\" data-star=\"5\" style=\"padding-right: 5px\">               <div class=\"kksr-icon\" style=\"width: 24px; height: 24px;\"><\/div>         <\/div>     <\/div>      <div class=\"kksr-stars-active\" style=\"width: 136.7px;\">             <div class=\"kksr-star\" style=\"padding-right: 5px\">               <div class=\"kksr-icon\" style=\"width: 24px; height: 24px;\"><\/div>         <\/div>             <div class=\"kksr-star\" style=\"padding-right: 5px\">               <div class=\"kksr-icon\" style=\"width: 24px; height: 24px;\"><\/div>         <\/div>             <div class=\"kksr-star\" style=\"padding-right: 5px\">               <div class=\"kksr-icon\" style=\"width: 24px; height: 24px;\"><\/div>         <\/div>             <div class=\"kksr-star\" style=\"padding-right: 5px\">               <div class=\"kksr-icon\" style=\"width: 24px; height: 24px;\"><\/div>         <\/div>             <div class=\"kksr-star\" style=\"padding-right: 5px\">               <div class=\"kksr-icon\" style=\"width: 24px; height: 24px;\"><\/div>         <\/div>     <\/div> <\/div>                   <div class=\"kksr-legend\" style=\"font-size: 19.2px;\">             4,8\/5 - (29 votes)    <\/div>     <\/div>  <p class=\"translation-block\"><strong>La machine d'emballage automatique<\/strong> de poudre propos\u00e9e ici est une solution d'emballage de poudre typique et populaire. Elle peut r\u00e9aliser de mani\u00e8re enti\u00e8rement automatique le processus d'alimentation en poudre, de pesage, de remplissage, de fabrication de sacs, de scellage et de codage. Cette machine d'emballage automatique de sachets de poudre a un large \u00e9ventail d'applications. Elle convient \u00e0 l'emballage de toutes sortes de produits en poudre s\u00e8che tels que <strong>les \u00e9pices en poudre<\/strong>, <strong>les poudres chimiques<\/strong>, <strong>les poudres cosm\u00e9tiques<\/strong>, <strong>les poudres pharmaceutiques<\/strong>, etc. Gr\u00e2ce \u00e0 son automatisation compl\u00e8te et \u00e0 ses bonnes performances, cette machine d'emballage de poudre peut parfaitement r\u00e9pondre \u00e0 votre demande de production importante et b\u00e9n\u00e9ficier \u00e0 votre projet. Si vous avez besoin d'un \u00e9quipement d'emballage automatique de poudre pour stimuler votre activit\u00e9, contactez-nous d\u00e8s aujourd'hui pour obtenir une liste de prix gratuite.<\/p>    <h2 class=\"wp-block-heading\" id=\"h-the-workflow-of-powder-packing-machine\">Vid\u00e9o de travail de la machine \u00e0 emballer automatique de poudre<\/h2>   <figure class=\"wp-block-embed-youtube wp-block-embed is-type-video is-provider-youtube wp-embed-aspect-16-9 wp-has-aspect-ratio\"><div class=\"lyte-wrapper fourthree\" title=\"Machine de conditionnement de farine de plantain | Machine d&#039;emballage verticale automatique de type collier pour poudre\" style=\"width:960px;max-width:100%;margin:5px auto;\"><div class=\"lyMe hidef\" id=\"WYL_LDNsCTtMz5E\" itemprop=\"video\" itemscope itemtype=\"https:\/\/schema.org\/VideoObject\"><div><meta itemprop=\"thumbnailUrl\" content=\"https:\/\/taizypackaging.com\/wp-content\/plugins\/wp-youtube-lyte\/lyteCache.php?origThumbUrl=https%3A%2F%2Fi.ytimg.com%2Fvi%2FLDNsCTtMz5E%2Fmaxresdefault.jpg\" \/><meta itemprop=\"embedURL\" content=\"https:\/\/www.youtube.com\/embed\/LDNsCTtMz5E\" \/><meta itemprop=\"duration\" content=\"PT2M7S\" \/><meta itemprop=\"uploadDate\" content=\"2021-07-12T02:19:34Z\" \/><\/div><meta itemprop=\"accessibilityFeature\" content=\"captions\" \/><div id=\"lyte_LDNsCTtMz5E\" data-src=\"https:\/\/taizypackaging.com\/wp-content\/plugins\/wp-youtube-lyte\/lyteCache.php?origThumbUrl=https%3A%2F%2Fi.ytimg.com%2Fvi%2FLDNsCTtMz5E%2Fmaxresdefault.jpg\" class=\"pL\"><div class=\"tC\"><div class=\"tT\" itemprop=\"name\">Machine de conditionnement de farine de plantain | Machine d'emballage verticale automatique de type collier pour poudre<\/div><\/div><div class=\"play\"><\/div><div class=\"ctrl\"><div class=\"Lctrl\"><\/div><div class=\"Rctrl\"><\/div><\/div><\/div><noscript><a href=\"https:\/\/youtu.be\/LDNsCTtMz5E\" rel=\"nofollow noopener\" target=\"_blank\"><img loading=\"lazy\" decoding=\"async\" src=\"https:\/\/taizypackaging.com\/wp-content\/plugins\/wp-youtube-lyte\/lyteCache.php?origThumbUrl=https%3A%2F%2Fi.ytimg.com%2Fvi%2FLDNsCTtMz5E%2F0.jpg\" alt=\"Machine de conditionnement de farine de plantain | Machine d&#039;emballage verticale automatique de type collier pour poudre\" width=\"960\" height=\"700\" \/><br \/>Watch this video on YouTube<\/a><\/noscript><meta itemprop=\"description\" content=\"#flourpackaging #plantainflour #packingmachine Email: info@taizypackaging.com WhatsApp\/Wechat\/Tel:+86 18837171591 Useful link: https:\/\/taizypackaging.com\/automatic-powder-packaging-machine-for-10g-3000g\/ --------------------------------------------------- The large plantain flour packing machine can support 1kg ~3kg powder packaging. It is widely used for the packaging of food and chemical powders, such as banana powder, flour, cornflour, cosmetic powder, spice powder, and other food packaging. It can be also used for packing chemical powders such as detergent. The machine is fastpacking, easy to operate, and highly efficient. It is very suitable for businesses with large output. This automatic powder packing machine mainly consists of two systems, a filling system, and a packing system. And it has these important parts, a material elevator, container, bag former, PLC touch screen, finished products conveyor belt, brand motor, etc. With full automation and good performance, this powder packing machine can perfectly meet your large production demand and benefit your project. If you need automatic powder packing equipment to boost your business, contact us today for a free price list. --------------------------------------------------- You may also like these videos: Dry food grinding machine: https:\/\/www.youtube.com\/watch?v=uQGQ4E7hUNs Automatic powder pouch packing machine:https:\/\/www.youtube.com\/watch?v=qe2aNDHzdDQ --------------------------------------------------- Email: info@taizypackaging.com WhatsApp\/Wechat\/Tel:+86 18837171591 Useful link: https:\/\/taizypackaging.com\/automatic-powder-packaging-machine-for-10g-3000g\/\"><\/div><\/div><div class=\"lL\" style=\"max-width:100%;width:960px;margin:5px auto;\"><\/div><figcaption><\/figcaption><\/figure>   <h2 class=\"wp-block-heading\" id=\"h-the-brief-introduction-of-automatic-powder-packaging-machine-for-10g-3000g\">Qu'est-ce qu'une machine d'emballage de poudre ? <\/h2>    <p class=\"translation-block\">En fait, une machine d'emballage de poudre est utilis\u00e9e pour g\u00e9rer divers emballages de poudre. Elle peut essentiellement r\u00e9aliser le processus de remplissage et de scellage. De plus, une machine d'emballage automatique de poudre est capable de r\u00e9aliser de nombreuses autres fonctions. Avec le d\u00e9veloppement de l'industrie de l'emballage, il existe diff\u00e9rents types d'\u00e9quipements d'emballage de poudre, tels que les petites machines d'emballage de poudre verticales, les machines d'emballage automatique de poudre, les <a href=\"https:\/\/taizypackaging.com\/fr\/semi-automatic-powder-packaging-machine-auger-filling-machine\/\">machines de remplissage de poudre semi-automatiques<\/a>, etc. <\/p>    <p>De plus, selon les diff\u00e9rents produits en poudre conditionn\u00e9s, nous les appelons \u00e9galement ainsi : <\/p>    <ul class=\"wp-block-list\"> <li>Machine d'emballage de poudre d\u00e9tergente <\/li>    <li>Machine d'emballage de poudre d'\u00e9pices <\/li>    <li>Machine d'emballage de poudre de chili <\/li>    <li>Machine d'emballage de lait en poudre<\/li>    <li>Machine d'emballage de caf\u00e9 en poudre <\/li>    <li>Machine d'emballage de poudre de th\u00e9, etc.<\/li> <\/ul>    <p>Sans \u00e9quipement de conditionnement de poudre, il n\u2019existe aucun moyen de traiter le conditionnement de poudre \u00e0 une vitesse rapide et avec une efficacit\u00e9 \u00e9lev\u00e9e.  Un petit investissement qui rapportera \u00e9norm\u00e9ment. <\/p>    <figure class=\"wp-block-image size-full\"><img decoding=\"async\" src=\"https:\/\/taizypackaging.com\/wp-content\/uploads\/2021\/08\/automatic-powder-packing-machine.jpg\" alt=\"machine d&#039;emballage automatique de poudre\" class=\"wp-image-3946\"\/><figcaption class=\"wp-element-caption\">machine d'emballage automatique de poudre<\/figcaption><\/figure>    <h2 class=\"wp-block-heading\" id=\"h-the-design-features-of-powder-packing-machine-for-10g-3000g\">Avantages de la machine d'emballage de poudre enti\u00e8rement automatique Taizy<\/h2>    <ul class=\"wp-block-list\"> <li>Syst\u00e8me de contr\u00f4le informatique PLC import\u00e9 avec interface homme-machine\u00a0; l'\u00e9cran tactile est simple et \u00e0 visualisation directe.<\/li>    <li>Positionnement pr\u00e9cis avec syst\u00e8me de transport de film servo\u00a0; excellentes performances compl\u00e8tes de la machine et bel emballage.<\/li>    <li>Minimisez la perte avec une fonction de protection d'avertissement automatique compl\u00e8te.<\/li>    <li>Soutenue par un appareil m\u00e9trique, la machine terminera automatiquement tous les processus d'emballage depuis la mesure, l'alimentation, le remplissage et la fabrication des sacs.<\/li>    <li>La machine peut emballer un sac \u00e0 soufflet, ce qui rend la forme du sac plus belle et am\u00e9liore la qualit\u00e9 du produit.<\/li> <\/ul>    <h2 class=\"wp-block-heading\" id=\"h-the-application-of-automatic-packing-machine-for-powder-spices\">Applications de la machine d'emballage automatique de poudre<\/h2>    <p>La machine automatique d\u2019emballage de poudre est indispensable dans de nombreuses usines modernes. Il est id\u00e9al pour emballer des poudres alimentaires, chimiques et pharmaceutiques, telles que la lessive, la poudre de chili, la poudre d'\u00e9pices, la poudre de caf\u00e9, la poudre de th\u00e9, la poudre de riz, la poudre nutritionnelle, la poudre de curry, la poudre de noix de coco, la poudre de masala, la poudre de chaha, la poudre Haldi. , poudre de vanille, poudre de curcuma, poudre de jaggery, farine, lait en poudre, poudre d'assaisonnement, poudre de ma\u00efs, poudre m\u00e9dicinale, etc. Le poids d'emballage de cette machine de conditionnement de poudre est de 1 kg \u00e0 3 kg. <\/p>    <figure class=\"wp-block-image size-full\"><img decoding=\"async\" src=\"https:\/\/taizypackaging.com\/wp-content\/uploads\/2021\/08\/powder-packaging-machine-applications.jpg\" alt=\"applications des machines de conditionnement de poudre\" class=\"wp-image-3932\"\/><figcaption class=\"wp-element-caption\">applications des machines de conditionnement de poudre<\/figcaption><\/figure>    <h2 class=\"wp-block-heading\" id=\"h-the-structure-of-automatic-powder-packing-machine-for-10g-3000g\">Conception de la structure de la machine d'emballage automatique de poudre Taizy<\/h2>    <p>Cette machine automatique de conditionnement de poudre se compose principalement de deux syst\u00e8mes, un syst\u00e8me de remplissage et un syst\u00e8me d'emballage. Il comprend ces pi\u00e8ces importantes, un \u00e9l\u00e9vateur de mat\u00e9riaux, un conteneur, un formeur de sacs, un \u00e9cran tactile PLC, une bande transporteuse de produits finis, un moteur de marque, etc. Toutes ces pi\u00e8ces fonctionnent ensemble pour cr\u00e9er une machine d'emballage de poudre enti\u00e8rement automatique. En outre, ils ont adopt\u00e9 des marques de renomm\u00e9e mondiale, fiables et excellentes. De plus, nous prenons en charge des services personnalis\u00e9s pour r\u00e9pondre \u00e0 vos besoins sp\u00e9cifiques. <\/p>    <figure class=\"wp-block-image size-full\"><img decoding=\"async\" src=\"https:\/\/taizypackaging.com\/wp-content\/uploads\/2021\/08\/automatic-powder-packing-machine-structure.jpg\" alt=\"structure de la machine \u00e0 emballer automatique de poudre\" class=\"wp-image-3931\"\/><figcaption class=\"wp-element-caption\">structure de la machine \u00e0 emballer automatique de poudre<\/figcaption><\/figure>    <h2 class=\"wp-block-heading\" id=\"h-details-of-automatic-powder-packing-machine\">D\u00e9tails de la machine de conditionnement automatique de poudre<\/h2>    <p>Des accessoires de machine de qualit\u00e9 garantissent la qualit\u00e9 de l\u2019\u00e9quipement d\u2019emballage. Nous utilisons des pi\u00e8ces de marque mondiale et une technologie de pointe pour garantir les bonnes performances de notre machine d'emballage de poudre. <\/p>    <div class=\"wp-block-columns is-layout-flex wp-container-core-columns-is-layout-9d6595d7 wp-block-columns-is-layout-flex\"> <div class=\"wp-block-column is-layout-flow wp-block-column-is-layout-flow\"> <figure class=\"wp-block-image size-full\"><img loading=\"lazy\" decoding=\"async\" width=\"650\" height=\"407\" src=\"https:\/\/taizypackaging.com\/wp-content\/uploads\/2021\/08\/\u56fe\u72472.png\" alt=\"roue de traction de film\" class=\"wp-image-2696\" srcset=\"https:\/\/taizypackaging.com\/wp-content\/uploads\/2021\/08\/\u56fe\u72472.png 650w, https:\/\/taizypackaging.com\/wp-content\/uploads\/2021\/08\/\u56fe\u72472-300x188.png 300w\" sizes=\"auto, (max-width: 650px) 100vw, 650px\" \/><figcaption class=\"wp-element-caption\">roue de traction de film<\/figcaption><\/figure> <\/div>    <div class=\"wp-block-column is-layout-flow wp-block-column-is-layout-flow\"> <figure class=\"wp-block-image size-full\"><img loading=\"lazy\" decoding=\"async\" width=\"653\" height=\"391\" src=\"https:\/\/taizypackaging.com\/wp-content\/uploads\/2021\/08\/\u56fe\u72473.png\" alt=\"vis sans fin\" class=\"wp-image-2697\" srcset=\"https:\/\/taizypackaging.com\/wp-content\/uploads\/2021\/08\/\u56fe\u72473.png 653w, https:\/\/taizypackaging.com\/wp-content\/uploads\/2021\/08\/\u56fe\u72473-300x180.png 300w\" sizes=\"auto, (max-width: 653px) 100vw, 653px\" \/><figcaption class=\"wp-element-caption\">vis sans fin<\/figcaption><\/figure> <\/div> <\/div>    <div class=\"wp-block-columns is-layout-flex wp-container-core-columns-is-layout-9d6595d7 wp-block-columns-is-layout-flex\"> <div class=\"wp-block-column is-layout-flow wp-block-column-is-layout-flow\"> <figure class=\"wp-block-image size-full\"><img loading=\"lazy\" decoding=\"async\" width=\"657\" height=\"407\" src=\"https:\/\/taizypackaging.com\/wp-content\/uploads\/2021\/08\/\u56fe\u72474.png\" alt=\"\u00c9cran tactile CPL\" class=\"wp-image-2698\" srcset=\"https:\/\/taizypackaging.com\/wp-content\/uploads\/2021\/08\/\u56fe\u72474.png 657w, https:\/\/taizypackaging.com\/wp-content\/uploads\/2021\/08\/\u56fe\u72474-300x186.png 300w\" sizes=\"auto, (max-width: 657px) 100vw, 657px\" \/><figcaption class=\"wp-element-caption\">\u00c9cran tactile CPL<\/figcaption><\/figure> <\/div>    <div class=\"wp-block-column is-layout-flow wp-block-column-is-layout-flow\"> <figure class=\"wp-block-image size-full\"><img loading=\"lazy\" decoding=\"async\" width=\"654\" height=\"411\" src=\"https:\/\/taizypackaging.com\/wp-content\/uploads\/2021\/08\/\u56fe\u72476.png\" alt=\"d\u00e9charger la palette inf\u00e9rieure     \" class=\"wp-image-2700\" srcset=\"https:\/\/taizypackaging.com\/wp-content\/uploads\/2021\/08\/\u56fe\u72476.png 654w, https:\/\/taizypackaging.com\/wp-content\/uploads\/2021\/08\/\u56fe\u72476-300x189.png 300w\" sizes=\"auto, (max-width: 654px) 100vw, 654px\" \/><figcaption class=\"wp-element-caption\">d\u00e9charger la palette inf\u00e9rieure     <\/figcaption><\/figure> <\/div> <\/div>    <div class=\"wp-block-columns is-layout-flex wp-container-core-columns-is-layout-9d6595d7 wp-block-columns-is-layout-flex\"> <div class=\"wp-block-column is-layout-flow wp-block-column-is-layout-flow\"> <figure class=\"wp-block-image size-full\"><img loading=\"lazy\" decoding=\"async\" width=\"584\" height=\"356\" src=\"https:\/\/taizypackaging.com\/wp-content\/uploads\/2021\/08\/\u56fe\u72475.png\" alt=\"fil\" class=\"wp-image-2699\" srcset=\"https:\/\/taizypackaging.com\/wp-content\/uploads\/2021\/08\/\u56fe\u72475.png 584w, https:\/\/taizypackaging.com\/wp-content\/uploads\/2021\/08\/\u56fe\u72475-300x183.png 300w\" sizes=\"auto, (max-width: 584px) 100vw, 584px\" \/><figcaption class=\"wp-element-caption\">fil<\/figcaption><\/figure> <\/div>    <div class=\"wp-block-column is-layout-flow wp-block-column-is-layout-flow\"> <figure class=\"wp-block-image size-full\"><img loading=\"lazy\" decoding=\"async\" width=\"632\" height=\"360\" src=\"https:\/\/taizypackaging.com\/wp-content\/uploads\/2021\/08\/\u56fe\u72477.png\" alt=\"formeur de sac\" class=\"wp-image-2701\" srcset=\"https:\/\/taizypackaging.com\/wp-content\/uploads\/2021\/08\/\u56fe\u72477.png 632w, https:\/\/taizypackaging.com\/wp-content\/uploads\/2021\/08\/\u56fe\u72477-300x171.png 300w\" sizes=\"auto, (max-width: 632px) 100vw, 632px\" \/><figcaption class=\"wp-element-caption\">formeur de sac<\/figcaption><\/figure> <\/div> <\/div>    <h2 class=\"wp-block-heading\" id=\"h-the-sealing-form\">La m\u00e9thode de scellage de cette machine d'emballage de poudre s\u00e8che<\/h2>    <p>Les machines d'emballage de poudre ne prennent en charge que le scellage arri\u00e8re.<\/p>   <div class=\"wp-block-image\"> <figure class=\"aligncenter size-full\"><img decoding=\"async\" src=\"https:\/\/taizypackaging.com\/wp-content\/uploads\/2021\/08\/01-2.jpg\" alt=\"scellage arri\u00e8re de cette machine d&#039;emballage automatique de poudre\" class=\"wp-image-2702\"\/><figcaption class=\"wp-element-caption\">scellage arri\u00e8re de cette machine d'emballage automatique de poudre<\/figcaption><\/figure> <\/div>   <h2 class=\"wp-block-heading\">\u00c9quipement de support de cette machine de scellage de remplissage de poudre<\/h2>    <p>Le convoyeur \u00e0 vis a une large gamme d'applications, de bonnes propri\u00e9t\u00e9s antiadh\u00e9sives, peut ajouter des chicanes, a un grand angle de levage, est facile \u00e0 nettoyer et simple \u00e0 entretenir. Il est utilis\u00e9 pour le transport dans divers environnements, adapt\u00e9 \u00e0 diverses occasions et utilisations sp\u00e9ciales. Il pr\u00e9sente les caract\u00e9ristiques de haute r\u00e9sistance, d'acide, d'alcali, d'eau sal\u00e9e, etc., utilis\u00e9es pour le transport dans divers environnements.<\/p>    <p>La bande transporteuse de sortie adopte un entra\u00eenement par micromoteur import\u00e9, un faible bruit, une longue dur\u00e9e de vie et peut transporter les produits finis vers la plate-forme, r\u00e9duisant ainsi les d\u00e9chets dans le processus d'emballage et permettant aux machines d'emballage de fonctionner sans probl\u00e8me.<\/p>    <figure class=\"wp-block-image size-full\"><img decoding=\"async\" src=\"https:\/\/taizypackaging.com\/wp-content\/uploads\/2021\/08\/\u753b\u677f-7_\u770b\u56fe\u738b-1.jpg\" alt=\"\u00e9l\u00e9vateur \u00e0 vis et bande transporteuse de sortie\" class=\"wp-image-2703\"\/><figcaption class=\"wp-element-caption\">\u00e9l\u00e9vateur \u00e0 vis et bande transporteuse de sortie<\/figcaption><\/figure>    <h2 class=\"wp-block-heading\" id=\"h-our-factory\">Pourquoi nous choisir \u2013 Machines d'emballage Taizy <\/h2>    <p class=\"translation-block\">Nous nous sommes concentr\u00e9s sur la machine de conditionnement en poudre pendant plus de dix ans, et nos machines sont vendues dans le monde entier. Pendant cette p\u00e9riode, nous avons d\u00e9velopp\u00e9 de nouvelles technologies et utilis\u00e9 des pi\u00e8ces import\u00e9es pour essayer de maximiser la valeur de nos machines. Toutes nos machines peuvent \u00eatre personnalis\u00e9es selon les besoins des clients. Notre entreprise a d\u00e9velopp\u00e9 un syst\u00e8me de travail complet, et nous offrons une garantie d'un an apr\u00e8s la r\u00e9ception de votre machine. Pendant cette p\u00e9riode, vous pouvez contacter notre personnel apr\u00e8s-vente pour toute question que vous pourriez avoir, et ils vous donneront certainement une r\u00e9ponse satisfaisante. En plus de cette machine d'emballage en poudre, nous fournissons des machines associ\u00e9es, comme des <a href=\"https:\/\/taizypackaging.com\/fr\/spices-packing-machine-powder-packing-machine-type2\/\" target=\"_blank\" rel=\"noreferrer noopener\">machines de conditionnement d'\u00e9pices<\/a>, des <a href=\"https:\/\/taizypackaging.com\/fr\/milk-powder-packing-machine\/\">machines de conditionnement de lait en poudre<\/a>, des machines de conditionnement liquide, etc. La soci\u00e9t\u00e9 Taizy se r\u00e9jouit de coop\u00e9rer \u00e0 long terme avec nos clients!<\/p>    <figure class=\"wp-block-image size-full\"><img decoding=\"async\" src=\"https:\/\/taizypackaging.com\/wp-content\/uploads\/2021\/08\/\u753b\u677f-8_\u770b\u56fe\u738b-2.jpg\" alt=\"usine de machines d&#039;emballage de poudre\" class=\"wp-image-2705\"\/><figcaption class=\"wp-element-caption\">usine de machines d'emballage de poudre<\/figcaption><\/figure>    <figure class=\"wp-block-image size-full\"><img decoding=\"async\" src=\"https:\/\/taizypackaging.com\/wp-content\/uploads\/2021\/08\/\u753b\u677f-9_\u770b\u56fe\u738b-2.jpg\" alt=\"machine d&#039;emballage automatique de poudre en stock\" class=\"wp-image-2706\"\/><figcaption class=\"wp-element-caption\">machine d'emballage automatique de poudre en stock<\/figcaption><\/figure>","protected":false},"excerpt":{"rendered":"<p>The automatic powder packing machine here is a typical and popular powder packaging solution. It can fully automatically complete the progress of powder feeding, weighing, filling, bag making, sealing, and coding. This automatic powder pouch packing machine has a wide range of applications. It is suitable for packaging all kinds of dry powder products like [&hellip;]<\/p>\n","protected":false},"author":1,"featured_media":2692,"parent":0,"template":"","tags":[375,387],"product-type":[660],"class_list":["post-2690","product","type-product","status-publish","has-post-thumbnail","hentry","tag-powder-packing","tag-red-chili-powder","product-type-powder-packing-machines"],"_links":{"self":[{"href":"https:\/\/taizypackaging.com\/fr\/wp-json\/wp\/v2\/product\/2690","targetHints":{"allow":["GET"]}}],"collection":[{"href":"https:\/\/taizypackaging.com\/fr\/wp-json\/wp\/v2\/product"}],"about":[{"href":"https:\/\/taizypackaging.com\/fr\/wp-json\/wp\/v2\/types\/product"}],"author":[{"embeddable":true,"href":"https:\/\/taizypackaging.com\/fr\/wp-json\/wp\/v2\/users\/1"}],"wp:featuredmedia":[{"embeddable":true,"href":"https:\/\/taizypackaging.com\/fr\/wp-json\/wp\/v2\/media\/2692"}],"wp:attachment":[{"href":"https:\/\/taizypackaging.com\/fr\/wp-json\/wp\/v2\/media?parent=2690"}],"wp:term":[{"taxonomy":"post_tag","embeddable":true,"href":"https:\/\/taizypackaging.com\/fr\/wp-json\/wp\/v2\/tags?post=2690"},{"taxonomy":"product-type","embeddable":true,"href":"https:\/\/taizypackaging.com\/fr\/wp-json\/wp\/v2\/product-type?post=2690"}],"curies":[{"name":"wp","href":"https:\/\/api.w.org\/{rel}","templated":true}]}}