{"id":2713,"date":"2021-08-20T11:40:00","date_gmt":"2021-08-20T11:40:00","guid":{"rendered":"https:\/\/taizypackaging.com\/?p=2713"},"modified":"2024-07-16T18:20:06","modified_gmt":"2024-07-16T10:20:06","slug":"carton-sealing-machine-for-sale","status":"publish","type":"product","link":"https:\/\/taizypackaging.com\/fr\/carton-sealing-machine-for-sale\/","title":{"rendered":"Machine \u00e0 sceller les cartons"},"content":{"rendered":"<div class=\"kk-star-ratings kksr-auto kksr-align-left kksr-valign-top\"     data-payload='{&quot;align&quot;:&quot;left&quot;,&quot;id&quot;:&quot;2713&quot;,&quot;slug&quot;:&quot;default&quot;,&quot;valign&quot;:&quot;top&quot;,&quot;ignore&quot;:&quot;&quot;,&quot;reference&quot;:&quot;auto&quot;,&quot;class&quot;:&quot;&quot;,&quot;count&quot;:&quot;8&quot;,&quot;legendonly&quot;:&quot;&quot;,&quot;readonly&quot;:&quot;&quot;,&quot;score&quot;:&quot;4.6&quot;,&quot;starsonly&quot;:&quot;&quot;,&quot;best&quot;:&quot;5&quot;,&quot;gap&quot;:&quot;5&quot;,&quot;greet&quot;:&quot;Rate this product&quot;,&quot;legend&quot;:&quot;4.6\\\/5 - (8 votes)&quot;,&quot;size&quot;:&quot;24&quot;,&quot;title&quot;:&quot;Carton Sealing Machine&quot;,&quot;width&quot;:&quot;130.9&quot;,&quot;_legend&quot;:&quot;{score}\\\/{best} - ({count} {votes})&quot;,&quot;font_factor&quot;:&quot;1.25&quot;}'>              <div class=\"kksr-stars\">      <div class=\"kksr-stars-inactive\">             <div class=\"kksr-star\" data-star=\"1\" style=\"padding-right: 5px\">               <div class=\"kksr-icon\" style=\"width: 24px; height: 24px;\"><\/div>         <\/div>             <div class=\"kksr-star\" data-star=\"2\" style=\"padding-right: 5px\">               <div class=\"kksr-icon\" style=\"width: 24px; height: 24px;\"><\/div>         <\/div>             <div class=\"kksr-star\" data-star=\"3\" style=\"padding-right: 5px\">               <div class=\"kksr-icon\" style=\"width: 24px; height: 24px;\"><\/div>         <\/div>             <div class=\"kksr-star\" data-star=\"4\" style=\"padding-right: 5px\">               <div class=\"kksr-icon\" style=\"width: 24px; height: 24px;\"><\/div>         <\/div>             <div class=\"kksr-star\" data-star=\"5\" style=\"padding-right: 5px\">               <div class=\"kksr-icon\" style=\"width: 24px; height: 24px;\"><\/div>         <\/div>     <\/div>      <div class=\"kksr-stars-active\" style=\"width: 130.9px;\">             <div class=\"kksr-star\" style=\"padding-right: 5px\">               <div class=\"kksr-icon\" style=\"width: 24px; height: 24px;\"><\/div>         <\/div>             <div class=\"kksr-star\" style=\"padding-right: 5px\">               <div class=\"kksr-icon\" style=\"width: 24px; height: 24px;\"><\/div>         <\/div>             <div class=\"kksr-star\" style=\"padding-right: 5px\">               <div class=\"kksr-icon\" style=\"width: 24px; height: 24px;\"><\/div>         <\/div>             <div class=\"kksr-star\" style=\"padding-right: 5px\">               <div class=\"kksr-icon\" style=\"width: 24px; height: 24px;\"><\/div>         <\/div>             <div class=\"kksr-star\" style=\"padding-right: 5px\">               <div class=\"kksr-icon\" style=\"width: 24px; height: 24px;\"><\/div>         <\/div>     <\/div> <\/div>                   <div class=\"kksr-legend\" style=\"font-size: 19.2px;\">             4,6\/5 - (8 votes)    <\/div>     <\/div>  <p class=\"translation-block\"><strong>Machine de scellage de cartons<\/strong>, scelleuse de cartons ou machine \u00e0 ruban adh\u00e9sif pour bo\u00eetes est principalement appliqu\u00e9e \u00e0 l'emballage de cartons. Compar\u00e9 \u00e0 l'op\u00e9ration manuelle, elle peut grandement am\u00e9liorer votre efficacit\u00e9. En bref, elle peut faire mieux que les humains en termes d'emballage de bo\u00eetes. Cette <strong>machine d'emballage de cartons<\/strong> fonctionne g\u00e9n\u00e9ralement avec d'autres \u00e9quipements, tels qu'une machine de d\u00e9ballage, une \u00e9tiqueteuse, une machine de codage, etc. Par cons\u00e9quent, il existe une machine de scellage de cartons enti\u00e8rement automatique. Le <strong>scelleur de cartons<\/strong> est largement utilis\u00e9 dans les industries alimentaires, des boissons, de la m\u00e9decine, de la chimie, de l'\u00e9lectronique, des c\u00e2bles, du tabac et de nombreuses autres industries. Si vous recherchez une solution d'emballage de cartons fiable, contactez-nous pour une liste de prix gratuite. <\/p>   <figure class=\"wp-block-embed-youtube wp-block-embed is-type-video is-provider-youtube wp-embed-aspect-16-9 wp-has-aspect-ratio\"><div class=\"lyte-wrapper fourthree\" title=\"Machine \u00e0 sceller les cartons \u00e0 vendre\" style=\"width:960px;max-width:100%;margin:5px auto;\"><div class=\"lyMe hidef\" id=\"WYL_xRSpEOnrlN0\" itemprop=\"video\" itemscope itemtype=\"https:\/\/schema.org\/VideoObject\"><div><meta itemprop=\"thumbnailUrl\" content=\"https:\/\/taizypackaging.com\/wp-content\/plugins\/wp-youtube-lyte\/lyteCache.php?origThumbUrl=https%3A%2F%2Fi.ytimg.com%2Fvi%2FxRSpEOnrlN0%2Fmaxresdefault.jpg\" \/><meta itemprop=\"embedURL\" content=\"https:\/\/www.youtube.com\/embed\/xRSpEOnrlN0\" \/><meta itemprop=\"duration\" content=\"PT52S\" \/><meta itemprop=\"uploadDate\" content=\"2021-08-23T12:46:27Z\" \/><\/div><meta itemprop=\"accessibilityFeature\" content=\"captions\" \/><div id=\"lyte_xRSpEOnrlN0\" data-src=\"https:\/\/taizypackaging.com\/wp-content\/plugins\/wp-youtube-lyte\/lyteCache.php?origThumbUrl=https%3A%2F%2Fi.ytimg.com%2Fvi%2FxRSpEOnrlN0%2Fmaxresdefault.jpg\" class=\"pL\"><div class=\"tC\"><div class=\"tT\" itemprop=\"name\">Machine \u00e0 sceller les cartons \u00e0 vendre<\/div><\/div><div class=\"play\"><\/div><div class=\"ctrl\"><div class=\"Lctrl\"><\/div><div class=\"Rctrl\"><\/div><\/div><\/div><noscript><a href=\"https:\/\/youtu.be\/xRSpEOnrlN0\" rel=\"nofollow noopener\" target=\"_blank\"><img loading=\"lazy\" decoding=\"async\" src=\"https:\/\/taizypackaging.com\/wp-content\/plugins\/wp-youtube-lyte\/lyteCache.php?origThumbUrl=https%3A%2F%2Fi.ytimg.com%2Fvi%2FxRSpEOnrlN0%2F0.jpg\" alt=\"Machine \u00e0 sceller les cartons \u00e0 vendre\" width=\"960\" height=\"700\" \/><br \/>Watch this video on YouTube<\/a><\/noscript><meta itemprop=\"description\" content=\"WhatsApp\/Wechat\/Tel:+86 19139754781 Carton sealing machine is mainly applied to the packing of cartons. The sealing machine is generally used in conjunction with cartooning machine and unpacking machine. It can also be connected with labeling, coding, and heat shrink film wrapping machines to form an unmanned automatic packaging line. You can learn more information on: https:\/\/taizypackaging.com\/carton-sealing-machine-for-sale\/\"><\/div><\/div><div class=\"lL\" style=\"max-width:100%;width:960px;margin:5px auto;\"><\/div><figcaption><\/figcaption><\/figure>   <h2 class=\"wp-block-heading\">Avantages de la machine \u00e0 sceller les cartons Taizy<\/h2>    <ol class=\"wp-block-list\"> <li>Applications larges pour diff\u00e9rentes tailles de cartons<\/li>    <li>Terminez l'op\u00e9ration de scellement inf\u00e9rieur et sup\u00e9rieur une fois, et scellez fermement et en douceur avec une jolie apparence<\/li>    <li>Conception raisonnable, mat\u00e9riau durable, fonctionnement fluide, travail efficace<\/li>    <li>Un bouton d'urgence est con\u00e7u comme mesure de s\u00e9curit\u00e9<\/li>    <li>Les rouleaux sont dispos\u00e9s \u00e9troitement, adapt\u00e9s \u00e0 diff\u00e9rentes tailles de cartons, en particulier les petites bo\u00eetes<\/li>    <li>La hauteur du convoyeur est r\u00e9glable selon vos besoins<\/li>    <li>Le composant de fixation du ruban est d\u00e9tachable, pratique pour remplacer les rubans.<\/li>    <li>Supporte un service OEM solide<\/li> <\/ol>    <figure class=\"wp-block-image size-full\"><img decoding=\"async\" src=\"https:\/\/taizypackaging.com\/wp-content\/uploads\/2021\/08\/carton-sealing-machine.jpg\" alt=\"machine \u00e0 sceller les cartons\" class=\"wp-image-3958\"\/><figcaption class=\"wp-element-caption\">machine \u00e0 sceller les cartons<\/figcaption><\/figure>    <h2 class=\"wp-block-heading\" id=\"h-machine-parameters\">Param\u00e8tres de la machine \u00e0 sceller les cartons Taizy<\/h2>    <figure class=\"wp-block-table\"><table><tbody><tr><td>Mod\u00e8le<\/td><td>FXJ-4030<\/td><td>FXJ-6050<\/td><\/tr><tr><td>Pouvoir<\/td><td>220 V\/50 Hz\/180 W<\/td><td>220 V\/50 Hz\/180 W<\/td><\/tr><tr><td>Capacit\u00e9<\/td><td>1000bo\u00eetes\/h<\/td><td>1000bo\u00eetes\/h<\/td><\/tr><tr><td>Largeur du ruban<\/td><td>45mm<\/td><td>45mm<\/td><\/tr><tr><td>Largeur de scellage<\/td><td>80-300mm<\/td><td>250-500mm<\/td><\/tr><tr><td>Hauteur de soudure<\/td><td>90-400mm<\/td><td>180-600mm<\/td><\/tr><tr><td>Hauteur de la table<\/td><td>min550mm\/max730mm<\/td><td>min570mm\/max730mm<\/td><\/tr><tr><td>Taille de la machine<\/td><td>1060*660*1010mm<\/td><td>1000*830*1350mm<\/td><\/tr><\/tbody><\/table><\/figure>    <h2 class=\"wp-block-heading\" id=\"h-how-does-the-carton-sealer-work\">Comment fonctionne la machine \u00e0 sceller les cartons ?<\/h2>    <p>Le principe de fonctionnement de la machine \u00e0 sceller les cartons est simple : la caisse est transport\u00e9e jusqu'\u00e0 la machine \u00e0 travers la bande transporteuse. Sous la machine, gr\u00e2ce au syst\u00e8me d'exploitation intelligent, terminez le travail de scellage du bo\u00eetier. Le processus sp\u00e9cifique est comme la vid\u00e9o suivante.<\/p>    <h2 class=\"wp-block-heading\" id=\"h-details-of-carton-sealing-machine\">D\u00e9tails de la machine \u00e0 sceller les cartons Taizy<\/h2>    <p>La machine \u00e0 sceller les cartons \u00e0 vendre se compose d'une plate-forme de convoyeur avec rouleaux tournants, d'une longue plaque m\u00e9tallique, de bandes transporteuses gauche et droite, de tiges manuelles pour r\u00e9gler la hauteur de la plate-forme de convoyeur et du dispositif de scellage sup\u00e9rieur, de rouleaux de positionnement des cartons, d'un cadre de support avec \u00e9chelle. , interrupteur d'alimentation, quatre roues au bas de la machine, bouton d'urgence, etc. Un syst\u00e8me de ceinture r\u00e9glable peut g\u00e9rer diff\u00e9rents types de bo\u00eetes. En outre, des mat\u00e9riaux durables et une technologie de pointe garantissent les bonnes performances de nos machines. <\/p>    <div class=\"wp-block-columns is-layout-flex wp-container-core-columns-is-layout-9d6595d7 wp-block-columns-is-layout-flex\"> <div class=\"wp-block-column is-layout-flow wp-block-column-is-layout-flow\"> <figure class=\"wp-block-image size-full\"><img decoding=\"async\" src=\"https:\/\/taizypackaging.com\/wp-content\/uploads\/2021\/08\/\u753b\u677f-6_\u770b\u56fe\u738b-1.jpg\" alt=\"machine \u00e0 sceller les cartons en stock\" class=\"wp-image-2717\"\/><figcaption class=\"wp-element-caption\">machine \u00e0 sceller les cartons en stock<\/figcaption><\/figure> <\/div>    <div class=\"wp-block-column is-layout-flow wp-block-column-is-layout-flow\"> <figure class=\"wp-block-image size-full\"><img decoding=\"async\" src=\"https:\/\/taizypackaging.com\/wp-content\/uploads\/2021\/08\/\u753b\u677f-7_\u770b\u56fe\u738b-2.jpg\" alt=\"bande transporteuse de scelleuse de cartons\" class=\"wp-image-2718\"\/><figcaption class=\"wp-element-caption\">bande transporteuse de scelleuse de cartons<\/figcaption><\/figure> <\/div> <\/div>    <h2 class=\"wp-block-heading\" id=\"h-why-do-people-need-a-carton-sealing-machine\">Pourquoi avons-nous besoin d\u2019une machine \u00e0 sceller les cartons ?<\/h2>    <ul class=\"wp-block-list\"> <li>Convient aux cartons de tailles 1 \u00e0 12.<\/li>    <li>Cette machine \u00e0 sceller les cartons adopte un rev\u00eatement de scellage avanc\u00e9, qui aplatit la partie saillante du carton et permet au ruban adh\u00e9sif de s'adapter \u00e0 la surface du carton. La coupe est lisse, le scellement est beau, ferme et portable.<\/li>    <li>La largeur et la hauteur de la machine \u00e0 sceller sont r\u00e9glables, avec de nombreuses tailles de scellage, et les bandes transporteuses gauche et droite peuvent entra\u00eener des cartons plus lourds.<\/li>    <li>Les parties inf\u00e9rieure et sup\u00e9rieure de la bande transporteuse sont chacune \u00e9quip\u00e9es d'un gros moteur, et la conception \u00e0 double moteur fournit une puissance \u00e9lev\u00e9e pour les cartons plus lourds et plus larges.<\/li>    <li>Les roues actives et passives de la bande transporteuse sont de plus en plus \u00e9paisses, avec une plus grande capacit\u00e9 portante et un meilleur effet de roulement.<\/li>    <li>La t\u00eate d'\u00e9tanch\u00e9it\u00e9 sup\u00e9rieure peut tenir debout, plus pratique pour remplacer le ruban adh\u00e9sif, simple et rapide.<\/li>    <li>Doublure int\u00e9rieure au design ferm\u00e9, scellant plus ferme et plus belle. <\/li> <\/ul>    <h2 class=\"wp-block-heading\" id=\"h-related-machine\">\u00c9quipement de support de la fermeuse de cartons<\/h2>    <p class=\"translation-block\">Chez <a rel=\"noreferrer noopener\" href=\"https:\/\/taizypackaging.com\/fr\/\" target=\"_blank\">Taizy Company<\/a>, non seulement la machine de scellage de cartons est disponible, mais aussi l'\u00e9quipement auxiliaire (machine de d\u00e9ballage, bande transporteuse, etc.) est ici pour votre choix. Liste comme les images ci-dessous : <\/p>    <figure class=\"wp-block-image size-full\"><img decoding=\"async\" src=\"https:\/\/taizypackaging.com\/wp-content\/uploads\/2021\/08\/\u753b\u677f-9_\u770b\u56fe\u738b-3.jpg\" alt=\"d\u00e9balleur et convoyeur de cartons\" class=\"wp-image-2719\"\/><figcaption class=\"wp-element-caption\">d\u00e9balleur et convoyeur de cartons<\/figcaption><\/figure>","protected":false},"excerpt":{"rendered":"<p>Carton sealing machine, carton sealer, or box taping machine is mainly applied to the carton packaging. Compared with manual operation, it can greatly enhance your efficiency. In short, it can do better than humans in terms of box packing. This carton packing machine usually works together with other equipment, such as an unpack machine, labeling [&hellip;]<\/p>\n","protected":false},"author":1,"featured_media":2720,"parent":0,"template":"","tags":[604,603,602],"product-type":[668],"class_list":["post-2713","product","type-product","status-publish","has-post-thumbnail","hentry","tag-box-taping-machine","tag-carton-sealer","tag-carton-sealing-machine","product-type-supporting-equipment"],"_links":{"self":[{"href":"https:\/\/taizypackaging.com\/fr\/wp-json\/wp\/v2\/product\/2713","targetHints":{"allow":["GET"]}}],"collection":[{"href":"https:\/\/taizypackaging.com\/fr\/wp-json\/wp\/v2\/product"}],"about":[{"href":"https:\/\/taizypackaging.com\/fr\/wp-json\/wp\/v2\/types\/product"}],"author":[{"embeddable":true,"href":"https:\/\/taizypackaging.com\/fr\/wp-json\/wp\/v2\/users\/1"}],"wp:featuredmedia":[{"embeddable":true,"href":"https:\/\/taizypackaging.com\/fr\/wp-json\/wp\/v2\/media\/2720"}],"wp:attachment":[{"href":"https:\/\/taizypackaging.com\/fr\/wp-json\/wp\/v2\/media?parent=2713"}],"wp:term":[{"taxonomy":"post_tag","embeddable":true,"href":"https:\/\/taizypackaging.com\/fr\/wp-json\/wp\/v2\/tags?post=2713"},{"taxonomy":"product-type","embeddable":true,"href":"https:\/\/taizypackaging.com\/fr\/wp-json\/wp\/v2\/product-type?post=2713"}],"curies":[{"name":"wp","href":"https:\/\/api.w.org\/{rel}","templated":true}]}}