{"id":2740,"date":"2021-08-25T09:54:57","date_gmt":"2021-08-25T09:54:57","guid":{"rendered":"https:\/\/taizypackaging.com\/?p=2740"},"modified":"2024-07-16T16:37:44","modified_gmt":"2024-07-16T08:37:44","slug":"chain-bucket-packing-machine","status":"publish","type":"product","link":"https:\/\/taizypackaging.com\/fr\/chain-bucket-packing-machine\/","title":{"rendered":"Machine d'emballage de seau \u00e0 cha\u00eene"},"content":{"rendered":"<div class=\"kk-star-ratings kksr-auto kksr-align-left kksr-valign-top\"     data-payload='{&quot;align&quot;:&quot;left&quot;,&quot;id&quot;:&quot;2740&quot;,&quot;slug&quot;:&quot;default&quot;,&quot;valign&quot;:&quot;top&quot;,&quot;ignore&quot;:&quot;&quot;,&quot;reference&quot;:&quot;auto&quot;,&quot;class&quot;:&quot;&quot;,&quot;count&quot;:&quot;6&quot;,&quot;legendonly&quot;:&quot;&quot;,&quot;readonly&quot;:&quot;&quot;,&quot;score&quot;:&quot;4.8&quot;,&quot;starsonly&quot;:&quot;&quot;,&quot;best&quot;:&quot;5&quot;,&quot;gap&quot;:&quot;5&quot;,&quot;greet&quot;:&quot;Rate this product&quot;,&quot;legend&quot;:&quot;4.8\\\/5 - (6 votes)&quot;,&quot;size&quot;:&quot;24&quot;,&quot;title&quot;:&quot;Chain Bucket Packing Machine&quot;,&quot;width&quot;:&quot;136.7&quot;,&quot;_legend&quot;:&quot;{score}\\\/{best} - ({count} {votes})&quot;,&quot;font_factor&quot;:&quot;1.25&quot;}'>              <div class=\"kksr-stars\">      <div class=\"kksr-stars-inactive\">             <div class=\"kksr-star\" data-star=\"1\" style=\"padding-right: 5px\">               <div class=\"kksr-icon\" style=\"width: 24px; height: 24px;\"><\/div>         <\/div>             <div class=\"kksr-star\" data-star=\"2\" style=\"padding-right: 5px\">               <div class=\"kksr-icon\" style=\"width: 24px; height: 24px;\"><\/div>         <\/div>             <div class=\"kksr-star\" data-star=\"3\" style=\"padding-right: 5px\">               <div class=\"kksr-icon\" style=\"width: 24px; height: 24px;\"><\/div>         <\/div>             <div class=\"kksr-star\" data-star=\"4\" style=\"padding-right: 5px\">               <div class=\"kksr-icon\" style=\"width: 24px; height: 24px;\"><\/div>         <\/div>             <div class=\"kksr-star\" data-star=\"5\" style=\"padding-right: 5px\">               <div class=\"kksr-icon\" style=\"width: 24px; height: 24px;\"><\/div>         <\/div>     <\/div>      <div class=\"kksr-stars-active\" style=\"width: 136.7px;\">             <div class=\"kksr-star\" style=\"padding-right: 5px\">               <div class=\"kksr-icon\" style=\"width: 24px; height: 24px;\"><\/div>         <\/div>             <div class=\"kksr-star\" style=\"padding-right: 5px\">               <div class=\"kksr-icon\" style=\"width: 24px; height: 24px;\"><\/div>         <\/div>             <div class=\"kksr-star\" style=\"padding-right: 5px\">               <div class=\"kksr-icon\" style=\"width: 24px; height: 24px;\"><\/div>         <\/div>             <div class=\"kksr-star\" style=\"padding-right: 5px\">               <div class=\"kksr-icon\" style=\"width: 24px; height: 24px;\"><\/div>         <\/div>             <div class=\"kksr-star\" style=\"padding-right: 5px\">               <div class=\"kksr-icon\" style=\"width: 24px; height: 24px;\"><\/div>         <\/div>     <\/div> <\/div>                   <div class=\"kksr-legend\" style=\"font-size: 19.2px;\">             4,8\/5 - (6 votes)    <\/div>     <\/div>  <p class=\"translation-block\"><strong>La machine de conditionnement \u00e0 godet \u00e0 cha\u00eene<\/strong> est un \u00e9quipement de conditionnement de granul\u00e9s semi-automatique. Elle peut compl\u00e9ter le processus de remplissage, de fabrication de sacs, de scellage, de d\u00e9coupe et de comptage. Seule l'alimentation manuelle des mat\u00e9riaux est requise. Une machine de conditionnement \u00e0 godet \u00e0 cha\u00eene est adapt\u00e9e pour l'emballage de diverses particules, telles que des collations, des noix, des haricots, des biscuits, des c\u00e9r\u00e9ales, des chips, du savon, des clous, du poisson, des aliments congel\u00e9s, etc. En fait, le plus grand avantage de cette machine de conditionnement de granul\u00e9s est qu'elle peut mettre plusieurs mat\u00e9riaux totalement diff\u00e9rents dans un m\u00eame sac, comme du th\u00e9 parfum\u00e9. De plus, une machine de conditionnement de granul\u00e9s \u00e0 godet \u00e0 cha\u00eene peut \u00eatre \u00e9quip\u00e9e d'une machine de pes\u00e9e et de remplissage pour atteindre une automatisation compl\u00e8te. Par cons\u00e9quent, il existe un puissant service OEM pour r\u00e9pondre \u00e0 vos exigences sp\u00e9cifiques. Contactez-nous aujourd'hui pour <strong>une liste de prix<\/strong> <strong>gratuite<\/strong>. <\/p>    <h2 class=\"wp-block-heading\" id=\"h-the-workflow-of-the-chain-bucket-packaging-machine\">Vid\u00e9o de travail de la machine d'emballage avec convoyeur \u00e0 godets \u00e0 cha\u00eene<\/h2>   <figure class=\"wp-block-embed-youtube wp-block-embed is-type-video is-provider-youtube wp-embed-aspect-16-9 wp-has-aspect-ratio\"><div class=\"lyte-wrapper fourthree\" title=\"Machine de conditionnement de sacs de type seau \u00e0 cha\u00eene pour collations, noix, haricots, etc.\" style=\"width:960px;max-width:100%;margin:5px auto;\"><div class=\"lyMe hidef\" id=\"WYL_6pbVY3ET1ZM\" itemprop=\"video\" itemscope itemtype=\"https:\/\/schema.org\/VideoObject\"><div><meta itemprop=\"thumbnailUrl\" content=\"https:\/\/taizypackaging.com\/wp-content\/plugins\/wp-youtube-lyte\/lyteCache.php?origThumbUrl=https%3A%2F%2Fi.ytimg.com%2Fvi%2F6pbVY3ET1ZM%2Fmaxresdefault.jpg\" \/><meta itemprop=\"embedURL\" content=\"https:\/\/www.youtube.com\/embed\/6pbVY3ET1ZM\" \/><meta itemprop=\"duration\" content=\"PT2M15S\" \/><meta itemprop=\"uploadDate\" content=\"2022-02-10T07:02:13Z\" \/><\/div><div id=\"lyte_6pbVY3ET1ZM\" data-src=\"https:\/\/taizypackaging.com\/wp-content\/plugins\/wp-youtube-lyte\/lyteCache.php?origThumbUrl=https%3A%2F%2Fi.ytimg.com%2Fvi%2F6pbVY3ET1ZM%2Fmaxresdefault.jpg\" class=\"pL\"><div class=\"tC\"><div class=\"tT\" itemprop=\"name\">Machine de conditionnement de sacs de type seau \u00e0 cha\u00eene pour collations, noix, haricots, etc.<\/div><\/div><div class=\"play\"><\/div><div class=\"ctrl\"><div class=\"Lctrl\"><\/div><div class=\"Rctrl\"><\/div><\/div><\/div><noscript><a href=\"https:\/\/youtu.be\/6pbVY3ET1ZM\" rel=\"nofollow noopener\" target=\"_blank\"><img loading=\"lazy\" decoding=\"async\" src=\"https:\/\/taizypackaging.com\/wp-content\/plugins\/wp-youtube-lyte\/lyteCache.php?origThumbUrl=https%3A%2F%2Fi.ytimg.com%2Fvi%2F6pbVY3ET1ZM%2F0.jpg\" alt=\"Machine de conditionnement de sacs de type seau \u00e0 cha\u00eene pour collations, noix, haricots, etc.\" width=\"960\" height=\"700\" \/><br \/>Watch this video on YouTube<\/a><\/noscript><meta itemprop=\"description\" content=\"#foodpackingmachine #snackspackaging #packingmachine EMAIL: info@taizypackaging.com TEL\/WHATSAPP: +86 18837171591 USEFUL LINK: https:\/\/taizypackaging.com\/chain-bucket-packing-machine\/ Chain bucket packing machine is a type of granule packing machine. It is suitable for various particles like nuts, snacks, beans, rice, dried fruits, puffed food, trinkets, etc. Our chain bucket packing macine packing speed is from 30 bags to 60 bags per minute. And the bag length is from 30mm to 280mm. Besides, we support custom services to meet your actual requirements. Awesome benefits of Taizy chain bucket packing machine 1. The machine adopts advanced PLC control system, the program is stable, equipped with electronic intelligent touch screen, supporting up to six languages, also can be customized according to customer language, easy to operate. 2. The machine as a whole is made of stainless steel and alloy, contact with the material part of 304 stainless steel, not easy to rust, strong and durable. 3. Intelligent temperature control system ensures the quality of packaging materials, low working noise, clear-cutting patterns, and strong sealing ability. You may also like these granule\/food packing machine videos: Small vertical packing machine: https:\/\/www.youtube.com\/watch?v=RdSqEhdiWzU&amp;t=31s Multihead weigher packing machine: https:\/\/www.youtube.com\/watch?v=mfQQ28r7qzY Granule filling machine: https:\/\/www.youtube.com\/watch?v=_E3hqS6pwhY&amp;t=59s EMAIL: info@taizypackaging.com TEL\/WHATSAPP: +86 18837171591 USEFUL LINK: https:\/\/taizypackaging.com\/chain-bucket-packing-machine\/\"><\/div><\/div><div class=\"lL\" style=\"max-width:100%;width:960px;margin:5px auto;\"><\/div><figcaption><\/figcaption><\/figure>   <h2 class=\"wp-block-heading\" id=\"h-the-brief-introduction-of-the-chain-bucket-packing-machine\">Qu'est-ce qu'une machine d'emballage \u00e0 godets \u00e0 cha\u00eene\u00a0? <\/h2>    <p>La machine d'emballage \u00e0 godets \u00e0 cha\u00eene est une solution d'emballage semi-automatique, appartenant \u00e0 une sorte de machine d'emballage de granul\u00e9s. Compar\u00e9e \u00e0 une grande machine telle qu'une machine d'emballage avec peseuse associative enti\u00e8rement automatique, une machine d'emballage \u00e0 godets \u00e0 cha\u00eene est plus adapt\u00e9e aux petits et moyens projets. le prix abordable de l\u2019am\u00e9lioration de l\u2019efficacit\u00e9 de la production est \u00e9galement tr\u00e8s substantiel. La machine d'emballage \u00e0 convoyeur \u00e0 cha\u00eene \u00e0 godets prend en charge de nombreux types de m\u00e9thodes d'\u00e9tanch\u00e9it\u00e9, telles qu'un joint arri\u00e8re, un joint \u00e0 trois c\u00f4t\u00e9s et un joint \u00e0 quatre c\u00f4t\u00e9s.<\/p>    <figure class=\"wp-block-image size-full\"><img loading=\"lazy\" decoding=\"async\" width=\"720\" height=\"540\" src=\"https:\/\/taizypackaging.com\/wp-content\/uploads\/2021\/08\/chain-bucket-packing-machine.jpg\" alt=\"machine \u00e0 emballer de seau \u00e0 cha\u00eene\" class=\"wp-image-3970\" srcset=\"https:\/\/taizypackaging.com\/wp-content\/uploads\/2021\/08\/chain-bucket-packing-machine.jpg 720w, https:\/\/taizypackaging.com\/wp-content\/uploads\/2021\/08\/chain-bucket-packing-machine-300x225.jpg 300w\" sizes=\"auto, (max-width: 720px) 100vw, 720px\" \/><figcaption class=\"wp-element-caption\">machine \u00e0 emballer de seau \u00e0 cha\u00eene<\/figcaption><\/figure>    <h2 class=\"wp-block-heading\" id=\"h-the-application-of-the-chain-bucket-packaging-machine\">Application de la machine d'emballage \u00e0 godets \u00e0 cha\u00eene<\/h2>    <p class=\"translation-block\">La machine de conditionnement de granul\u00e9s \u00e0 godet \u00e0 cha\u00eene est adapt\u00e9e pour emballer divers mat\u00e9riaux alimentaires et non alimentaires, tels que des noix, des cacahu\u00e8tes, des c\u00e9r\u00e9ales, des graines, des haricots, des biscuits, de l'ail, du poisson, des raviolis, des collations, des aliments congel\u00e9s, des fruits de mer, du riz, des bonbons, des chips de pommes de terre, des chips de banane, des fruits s\u00e9ch\u00e9s, etc. De nombreuses fonctions dans une seule machine, fiables et efficaces. Si vous recherchez une machine de conditionnement comme celle-ci, <a href=\"https:\/\/taizypackaging.com\/fr\/contact-us\/\">contactez-nous maintenant<\/a> pour commencer votre activit\u00e9. <\/p>    <figure class=\"wp-block-image size-full\"><img decoding=\"async\" src=\"https:\/\/taizypackaging.com\/wp-content\/uploads\/2021\/08\/chain-bucket-packing-machine-applications.jpg\" alt=\"applications de machine \u00e0 emballer de seau \u00e0 cha\u00eene\" class=\"wp-image-3973\"\/><figcaption class=\"wp-element-caption\">applications de machine \u00e0 emballer de seau \u00e0 cha\u00eene<\/figcaption><\/figure>    <h2 class=\"wp-block-heading\" id=\"h-technical-parameters-of-tz-320-chain-granule-packing-machine\">Param\u00e8tres de la machine \u00e0 emballer \u00e0 godets \u00e0 cha\u00eene<\/h2>    <figure class=\"wp-block-table is-style-stripes\"><table><tbody><tr><td>Pouvoir<\/td><td>220(380)V\/1200W<\/td><\/tr><tr><td>Vitesse<\/td><td>30 ~ 60 sacs\/min<\/td><\/tr><tr><td>Longueur de sac<\/td><td>30 ~ 280mm<\/td><\/tr><tr><td>Le diam\u00e8tre maximum<\/td><td>\u2264\u03a6350mm<\/td><\/tr><tr><td>\u00c9paisseur du film d'emballage<\/td><td>0,03 ~ 0,1 mm<\/td><\/tr><tr><td>Largeur maximale du film<\/td><td>300 mm<\/td><\/tr><tr><td>Poids<\/td><td>400 kg<\/td><\/tr><tr><td>Taille de la machine<\/td><td>870x1350x1850mm<\/td><\/tr><\/tbody><\/table><\/figure>    <p>Remarque\u00a0:\u00a0prenez en charge le service personnalis\u00e9 pour r\u00e9pondre \u00e0 votre demande sp\u00e9cifique.<\/p>    <h2 class=\"wp-block-heading\" id=\"h-the-structure-of-the-chain-granule-packing-machine\">Structure de la machine d'emballage de granul\u00e9s \u00e0 cha\u00eene<\/h2>    <p>La machine d'emballage de granul\u00e9s \u00e0 seau \u00e0 cha\u00eene se compose principalement de ces pi\u00e8ces, d'un \u00e9cran tactile PLC, d'un conteneur de mat\u00e9riau, d'un arbre de film, d'un formeur de sac, de roues, d'un bouton d'arr\u00eat d'urgence, d'un bouton de contr\u00f4le de vitesse, etc. En tant que l'un des principaux fabricants de machines d'emballage en Chine, nous utilisons technologie de pointe et mat\u00e9riaux durables pour assurer les bonnes performances de nos machines. En outre, un syst\u00e8me de contr\u00f4le PLC intelligent facilite son utilisation. <\/p>    <figure class=\"wp-block-image size-full\"><img loading=\"lazy\" decoding=\"async\" width=\"720\" height=\"540\" src=\"https:\/\/taizypackaging.com\/wp-content\/uploads\/2021\/08\/chain-granule-packing-machine-structure.jpg\" alt=\"structure de la machine d&#039;emballage de granul\u00e9s \u00e0 cha\u00eene\" class=\"wp-image-3979\" srcset=\"https:\/\/taizypackaging.com\/wp-content\/uploads\/2021\/08\/chain-granule-packing-machine-structure.jpg 720w, https:\/\/taizypackaging.com\/wp-content\/uploads\/2021\/08\/chain-granule-packing-machine-structure-300x225.jpg 300w\" sizes=\"auto, (max-width: 720px) 100vw, 720px\" \/><figcaption class=\"wp-element-caption\">structure de la machine d'emballage de granul\u00e9s \u00e0 cha\u00eene<\/figcaption><\/figure>    <h2 class=\"wp-block-heading\" id=\"h-details-of-the-chain-granule-packaging-machine\">D\u00e9tails de la machine de conditionnement de granul\u00e9s \u00e0 cha\u00eene<\/h2>    <div class=\"wp-block-columns is-layout-flex wp-container-core-columns-is-layout-9d6595d7 wp-block-columns-is-layout-flex\"> <div class=\"wp-block-column is-layout-flow wp-block-column-is-layout-flow\"> <figure class=\"wp-block-image size-full\"><img decoding=\"async\" src=\"https:\/\/taizypackaging.com\/wp-content\/uploads\/2021\/08\/PLC-touch-screen.jpg\" alt=\"\u00c9cran tactile CPL\" class=\"wp-image-3982\"\/><figcaption class=\"wp-element-caption\">\u00c9cran tactile CPL<\/figcaption><\/figure> <\/div>    <div class=\"wp-block-column is-layout-flow wp-block-column-is-layout-flow\"> <figure class=\"wp-block-image size-full\"><img decoding=\"async\" src=\"https:\/\/taizypackaging.com\/wp-content\/uploads\/2021\/08\/3_02.jpg\" alt=\"rouleau de film\" class=\"wp-image-2746\"\/><figcaption class=\"wp-element-caption\">rouleau de film<\/figcaption><\/figure> <\/div> <\/div>    <div class=\"wp-block-columns is-layout-flex wp-container-core-columns-is-layout-9d6595d7 wp-block-columns-is-layout-flex\"> <div class=\"wp-block-column is-layout-flow wp-block-column-is-layout-flow\"> <figure class=\"wp-block-image size-full\"><img decoding=\"async\" src=\"https:\/\/taizypackaging.com\/wp-content\/uploads\/2021\/08\/3_03.jpg\" alt=\"godet \u00e0 cha\u00eene\" class=\"wp-image-2747\"\/><figcaption class=\"wp-element-caption\">godet \u00e0 cha\u00eene<\/figcaption><\/figure> <\/div>    <div class=\"wp-block-column is-layout-flow wp-block-column-is-layout-flow\"> <figure class=\"wp-block-image size-full\"><img decoding=\"async\" src=\"https:\/\/taizypackaging.com\/wp-content\/uploads\/2021\/08\/3_04.jpg\" alt=\"formeur de sac\" class=\"wp-image-2748\"\/><figcaption class=\"wp-element-caption\">formeur de sac<\/figcaption><\/figure> <\/div> <\/div>    <h2 class=\"wp-block-heading\" id=\"h-the-advantages-of-the-chain-bucket-packing-machine\">Avantages de la machine d'emballage \u00e0 godets \u00e0 cha\u00eene<\/h2>    <ul class=\"wp-block-list\"> <li>La machine adopte un syst\u00e8me de contr\u00f4le PLC avanc\u00e9, le programme est stable, \u00e9quip\u00e9 d'un \u00e9cran tactile \u00e9lectronique intelligent, prend en charge jusqu'\u00e0 six langues, peut \u00eatre personnalis\u00e9 en fonction de la langue du client, facile \u00e0 utiliser.<\/li>    <li>Contr\u00f4le par micro-ordinateur, syst\u00e8me de correction de suivi photo\u00e9lectrique, \u00e9quip\u00e9 d'un moteur pas \u00e0 pas de haute pr\u00e9cision, pr\u00e9cision de fabrication de sacs \u00e9lev\u00e9e, une petite erreur.<\/li>    <li>La machine dans son ensemble est en acier inoxydable et en alliage, en contact avec la partie mat\u00e9rielle en acier inoxydable 304, elle ne rouille pas facilement, solide et durable.<\/li>    <li>La machine peut \u00eatre utilis\u00e9e seule ou en combinaison avec d'autres machines. Par exemple, l'emballage de sachets de th\u00e9 et d'autres types de mati\u00e8res premi\u00e8res m\u00e9lang\u00e9es peut \u00eatre \u00e9quip\u00e9 de distributeurs de table pour r\u00e9aliser une production automatique sans personnel.<\/li>    <li>Un syst\u00e8me de contr\u00f4le de temp\u00e9rature intelligent garantit la qualit\u00e9 des mat\u00e9riaux d'emballage, un faible bruit de travail, des motifs de d\u00e9coupe clairs et une forte capacit\u00e9 d'\u00e9tanch\u00e9it\u00e9.<\/li> <\/ul>    <figure class=\"wp-block-image size-full\"><img loading=\"lazy\" decoding=\"async\" width=\"720\" height=\"540\" src=\"https:\/\/taizypackaging.com\/wp-content\/uploads\/2021\/08\/bucket-chain-conveyor-packing-machine.jpg\" alt=\"machine \u00e0 emballer de convoyeur \u00e0 cha\u00eene de seau\" class=\"wp-image-3995\" srcset=\"https:\/\/taizypackaging.com\/wp-content\/uploads\/2021\/08\/bucket-chain-conveyor-packing-machine.jpg 720w, https:\/\/taizypackaging.com\/wp-content\/uploads\/2021\/08\/bucket-chain-conveyor-packing-machine-300x225.jpg 300w\" sizes=\"auto, (max-width: 720px) 100vw, 720px\" \/><figcaption class=\"wp-element-caption\">machine \u00e0 emballer de convoyeur \u00e0 cha\u00eene de seau<\/figcaption><\/figure>    <h2 class=\"wp-block-heading\" id=\"h-optional-type\">Type facultatif de machine d'emballage de sachets \u00e0 seau<\/h2>    <p>Pour la machine d'emballage \u00e0 godets \u00e0 cha\u00eene, le style du tapis transporteur d'alimentation est personnalisable, en fonction du poids de l'objet \u00e0 emballer par le client. Le type horizontal est principalement utilis\u00e9 pour emballer des articles de qualit\u00e9 plus l\u00e9g\u00e8re, tels que des boulettes surgel\u00e9es, des fruits secs et d'autres aliments. Le type \u00e0 pouss\u00e9e inclin\u00e9e est utilis\u00e9 pour les articles de plus grande qualit\u00e9, tels que les accessoires de quincaillerie, etc., afin d'\u00e9conomiser du travail et d'am\u00e9liorer l'efficacit\u00e9 de la production.<\/p>    <figure class=\"wp-block-image size-full\"><img loading=\"lazy\" decoding=\"async\" width=\"750\" height=\"638\" src=\"https:\/\/taizypackaging.com\/wp-content\/uploads\/2021\/08\/\u94fe\u6597\u5305\u88c5\u673a\u8be6\u60c5_05.jpg\" alt=\"type horizontal de machine d&#039;emballage de seau \u00e0 cha\u00eene\" class=\"wp-image-2750\" srcset=\"https:\/\/taizypackaging.com\/wp-content\/uploads\/2021\/08\/\u94fe\u6597\u5305\u88c5\u673a\u8be6\u60c5_05.jpg 750w, https:\/\/taizypackaging.com\/wp-content\/uploads\/2021\/08\/\u94fe\u6597\u5305\u88c5\u673a\u8be6\u60c5_05-300x255.jpg 300w\" sizes=\"auto, (max-width: 750px) 100vw, 750px\" \/><figcaption class=\"wp-element-caption\">type horizontal de machine d'emballage de seau \u00e0 cha\u00eene<\/figcaption><\/figure>    <figure class=\"wp-block-image size-full\"><img loading=\"lazy\" decoding=\"async\" width=\"750\" height=\"640\" src=\"https:\/\/taizypackaging.com\/wp-content\/uploads\/2021\/08\/\u94fe\u6597\u5305\u88c5\u673a\u8be6\u60c5_06.jpg\" alt=\"\" class=\"wp-image-2751\" srcset=\"https:\/\/taizypackaging.com\/wp-content\/uploads\/2021\/08\/\u94fe\u6597\u5305\u88c5\u673a\u8be6\u60c5_06.jpg 750w, https:\/\/taizypackaging.com\/wp-content\/uploads\/2021\/08\/\u94fe\u6597\u5305\u88c5\u673a\u8be6\u60c5_06-300x256.jpg 300w\" sizes=\"auto, (max-width: 750px) 100vw, 750px\" \/><figcaption class=\"wp-element-caption\">Type de pouss\u00e9e inclin\u00e9e de machine d'emballage de seau \u00e0 cha\u00eene<\/figcaption><\/figure>","protected":false},"excerpt":{"rendered":"<p>Chain bucket packing machine is a semi-automatic granule packing equipment. It can complete the process of filling, bag making, sealing, cutting, and counting. Just the manual feeding of material is required. A bucket chain-type packing machine is suitable for packaging various particles, such as snacks, nuts, beans, biscuits, grains, cereal, chips, soap, nails, fish, frozen [&hellip;]<\/p>\n","protected":false},"author":1,"featured_media":2752,"parent":0,"template":"","tags":[605,198],"product-type":[659],"class_list":["post-2740","product","type-product","status-publish","has-post-thumbnail","hentry","tag-chain-bucket-packing-machine","tag-granule-packing-machine","product-type-granule-packing-machines"],"_links":{"self":[{"href":"https:\/\/taizypackaging.com\/fr\/wp-json\/wp\/v2\/product\/2740","targetHints":{"allow":["GET"]}}],"collection":[{"href":"https:\/\/taizypackaging.com\/fr\/wp-json\/wp\/v2\/product"}],"about":[{"href":"https:\/\/taizypackaging.com\/fr\/wp-json\/wp\/v2\/types\/product"}],"author":[{"embeddable":true,"href":"https:\/\/taizypackaging.com\/fr\/wp-json\/wp\/v2\/users\/1"}],"wp:featuredmedia":[{"embeddable":true,"href":"https:\/\/taizypackaging.com\/fr\/wp-json\/wp\/v2\/media\/2752"}],"wp:attachment":[{"href":"https:\/\/taizypackaging.com\/fr\/wp-json\/wp\/v2\/media?parent=2740"}],"wp:term":[{"taxonomy":"post_tag","embeddable":true,"href":"https:\/\/taizypackaging.com\/fr\/wp-json\/wp\/v2\/tags?post=2740"},{"taxonomy":"product-type","embeddable":true,"href":"https:\/\/taizypackaging.com\/fr\/wp-json\/wp\/v2\/product-type?post=2740"}],"curies":[{"name":"wp","href":"https:\/\/api.w.org\/{rel}","templated":true}]}}