{"id":2756,"date":"2021-08-25T10:21:49","date_gmt":"2021-08-25T10:21:49","guid":{"rendered":"https:\/\/taizypackaging.com\/?p=2756"},"modified":"2024-07-16T17:50:16","modified_gmt":"2024-07-16T09:50:16","slug":"yogurt-cup-filling-and-sealing-machine","status":"publish","type":"product","link":"https:\/\/taizypackaging.com\/fr\/yogurt-cup-filling-and-sealing-machine\/","title":{"rendered":"Machine de remplissage et de scellage de pots de yaourt"},"content":{"rendered":"<div class=\"kk-star-ratings kksr-auto kksr-align-left kksr-valign-top\"     data-payload='{&quot;align&quot;:&quot;left&quot;,&quot;id&quot;:&quot;2756&quot;,&quot;slug&quot;:&quot;default&quot;,&quot;valign&quot;:&quot;top&quot;,&quot;ignore&quot;:&quot;&quot;,&quot;reference&quot;:&quot;auto&quot;,&quot;class&quot;:&quot;&quot;,&quot;count&quot;:&quot;12&quot;,&quot;legendonly&quot;:&quot;&quot;,&quot;readonly&quot;:&quot;&quot;,&quot;score&quot;:&quot;4.6&quot;,&quot;starsonly&quot;:&quot;&quot;,&quot;best&quot;:&quot;5&quot;,&quot;gap&quot;:&quot;5&quot;,&quot;greet&quot;:&quot;Rate this product&quot;,&quot;legend&quot;:&quot;4.6\\\/5 - (12 votes)&quot;,&quot;size&quot;:&quot;24&quot;,&quot;title&quot;:&quot;Yogurt Cup Filling and Sealing Machine&quot;,&quot;width&quot;:&quot;130.9&quot;,&quot;_legend&quot;:&quot;{score}\\\/{best} - ({count} {votes})&quot;,&quot;font_factor&quot;:&quot;1.25&quot;}'>              <div class=\"kksr-stars\">      <div class=\"kksr-stars-inactive\">             <div class=\"kksr-star\" data-star=\"1\" style=\"padding-right: 5px\">               <div class=\"kksr-icon\" style=\"width: 24px; height: 24px;\"><\/div>         <\/div>             <div class=\"kksr-star\" data-star=\"2\" style=\"padding-right: 5px\">               <div class=\"kksr-icon\" style=\"width: 24px; height: 24px;\"><\/div>         <\/div>             <div class=\"kksr-star\" data-star=\"3\" style=\"padding-right: 5px\">               <div class=\"kksr-icon\" style=\"width: 24px; height: 24px;\"><\/div>         <\/div>             <div class=\"kksr-star\" data-star=\"4\" style=\"padding-right: 5px\">               <div class=\"kksr-icon\" style=\"width: 24px; height: 24px;\"><\/div>         <\/div>             <div class=\"kksr-star\" data-star=\"5\" style=\"padding-right: 5px\">               <div class=\"kksr-icon\" style=\"width: 24px; height: 24px;\"><\/div>         <\/div>     <\/div>      <div class=\"kksr-stars-active\" style=\"width: 130.9px;\">             <div class=\"kksr-star\" style=\"padding-right: 5px\">               <div class=\"kksr-icon\" style=\"width: 24px; height: 24px;\"><\/div>         <\/div>             <div class=\"kksr-star\" style=\"padding-right: 5px\">               <div class=\"kksr-icon\" style=\"width: 24px; height: 24px;\"><\/div>         <\/div>             <div class=\"kksr-star\" style=\"padding-right: 5px\">               <div class=\"kksr-icon\" style=\"width: 24px; height: 24px;\"><\/div>         <\/div>             <div class=\"kksr-star\" style=\"padding-right: 5px\">               <div class=\"kksr-icon\" style=\"width: 24px; height: 24px;\"><\/div>         <\/div>             <div class=\"kksr-star\" style=\"padding-right: 5px\">               <div class=\"kksr-icon\" style=\"width: 24px; height: 24px;\"><\/div>         <\/div>     <\/div> <\/div>                   <div class=\"kksr-legend\" style=\"font-size: 19.2px;\">             4,6\/5 - (12 votes)    <\/div>     <\/div>  <p class=\"translation-block\"><strong>Le yaourt<\/strong> machine de remplissage et de scellement de coupe ici est utilis\u00e9 pour l'emballage automatique de yaourt en gobelet. En fait, cette machine est non seulement adapt\u00e9e au remplissage et au scellement du yaourt, mais aussi \u00e0 de nombreux autres articles tels que le lait, le caf\u00e9, le jus, la cr\u00e8me glac\u00e9e, la confiture et d'autres boissons. Elle est id\u00e9ale pour les petits et moyens projets. Cette machine automatique de remplissage et de scellement de gobelets peut accomplir le processus de d\u00e9placement, de remplissage, de scellement et de finition des produits. Avec le design rotatif et la technologie avanc\u00e9e, la machine de remplissage et de scellement de yaourt offre une bonne performance et une haute efficacit\u00e9. De plus, Taizy Packaging Machinery propose des services OEM solides pour r\u00e9pondre \u00e0 vos exigences sp\u00e9cifiques. Laissez-nous un message et nous vous r\u00e9pondrons bient\u00f4t. <\/p>    <h2 class=\"wp-block-heading\">Vid\u00e9o de travail de la machine de remplissage de pots de yaourt<\/h2>   <figure class=\"wp-block-embed-youtube wp-block-embed is-type-video is-provider-youtube wp-embed-aspect-16-9 wp-has-aspect-ratio\"><div class=\"lyte-wrapper fourthree\" title=\"Machine de remplissage et de scellage de gobelets pour yaourt, type rotatif automatique, fabriqu\u00e9e en Chine\" style=\"width:960px;max-width:100%;margin:5px auto;\"><div class=\"lyMe hidef\" id=\"WYL_-WLq0PyuVQA\" itemprop=\"video\" itemscope itemtype=\"https:\/\/schema.org\/VideoObject\"><div><meta itemprop=\"thumbnailUrl\" content=\"https:\/\/taizypackaging.com\/wp-content\/plugins\/wp-youtube-lyte\/lyteCache.php?origThumbUrl=https%3A%2F%2Fi.ytimg.com%2Fvi%2F-WLq0PyuVQA%2Fmaxresdefault.jpg\" \/><meta itemprop=\"embedURL\" content=\"https:\/\/www.youtube.com\/embed\/-WLq0PyuVQA\" \/><meta itemprop=\"duration\" content=\"PT3M13S\" \/><meta itemprop=\"uploadDate\" content=\"2022-02-24T06:53:35Z\" \/><\/div><div id=\"lyte_-WLq0PyuVQA\" data-src=\"https:\/\/taizypackaging.com\/wp-content\/plugins\/wp-youtube-lyte\/lyteCache.php?origThumbUrl=https%3A%2F%2Fi.ytimg.com%2Fvi%2F-WLq0PyuVQA%2Fmaxresdefault.jpg\" class=\"pL\"><div class=\"tC\"><div class=\"tT\" itemprop=\"name\">Machine de remplissage et de scellage de gobelets pour yaourt, type rotatif automatique, fabriqu\u00e9e en Chine<\/div><\/div><div class=\"play\"><\/div><div class=\"ctrl\"><div class=\"Lctrl\"><\/div><div class=\"Rctrl\"><\/div><\/div><\/div><noscript><a href=\"https:\/\/youtu.be\/-WLq0PyuVQA\" rel=\"nofollow noopener\" target=\"_blank\"><img loading=\"lazy\" decoding=\"async\" src=\"https:\/\/taizypackaging.com\/wp-content\/plugins\/wp-youtube-lyte\/lyteCache.php?origThumbUrl=https%3A%2F%2Fi.ytimg.com%2Fvi%2F-WLq0PyuVQA%2F0.jpg\" alt=\"Machine de remplissage et de scellage de gobelets pour yaourt, type rotatif automatique, fabriqu\u00e9e en Chine\" width=\"960\" height=\"700\" \/><br \/>Watch this video on YouTube<\/a><\/noscript><meta itemprop=\"description\" content=\"#yogurtcupfilling #cupfillingmachine #fillingmachine EMAIL: info@taizypackaging.com TEL\/WHATSAPP: +86 18837171591 USEFUL LINK: https:\/\/taizypackaging.com\/yogurt-cup-filling-and-sealing-machine\/ This cup filling and sealing machine is designed for packing yogurt, water, fruit jams, coffee, dahi, etc. Yogurt filling and sealing machine is a packaging machine designed for beverage cup sealing. It can complete the process of automatic cup dropping, automatic filling, automatic film sealing, and automatic cup discharging. Easy to operate, stable performance, easy to maintain. It can be used as a stand-alone machine or connected to the production line. Automatic rotary filling and sealing machines for Packaging Solutions offer a competitive filling and sealing solution for liquid,semi-liquid and pasty food products. For example, oil, yogurt, fresh milk, milk tea, cosmetics, hair care products, fruit drinks, carbonated drinks, etc. Advantages of automatic rotary filling and sealing machine 1. The automatic rotary filling and sealing machine is fully functional and the smallest fully automatic machine with small space occupation. 2. The whole machine is made of stainless steel and aluminum alloy, sturdy and smooth, not easy to rust. 3. Advanced plc control system with display, support multiple languages. It is easy to understand the operation. 4. The electric eye automatically tracks and corrects the sealing position for precise film printing alignment. 5. The machine will stop automatically when it detects no cups to be filled and will start automatically when the cups are refilled. You may also interested in these videos: Automatic paste\/liquid filling machine: https:\/\/www.youtube.com\/watch?v=EwhasMp_vJI&amp;t=59s Automatic capping machine: https:\/\/www.youtube.com\/watch?v=w6hJUqlY1gk EMAIL: info@taizypackaging.com TEL\/WHATSAPP: +86 18837171591 USEFUL LINK: https:\/\/taizypackaging.com\/yogurt-cup-filling-and-sealing-machine\/\"><\/div><\/div><div class=\"lL\" style=\"max-width:100%;width:960px;margin:5px auto;\"><\/div><figcaption><\/figcaption><\/figure>   <h2 class=\"wp-block-heading\" id=\"h-the-brief-introduction-of-yogurt-cup-filling-and-sealing-machine\">Qu'est-ce qu'une machine de remplissage et de scellage de pots de yaourt\u00a0? <\/h2>    <p>La machine de remplissage et de scellage de yaourt est con\u00e7ue pour l'emballage de pots de yaourt. En outre, il convient \u00e0 plusieurs industries, notamment les boissons, l\u2019alimentation et le maquillage. Le yaourt est tr\u00e8s demand\u00e9 partout dans le monde. Par cons\u00e9quent, la machine de conditionnement de yaourt est tr\u00e8s demand\u00e9e et populaire. Il peut compl\u00e9ter le processus de chute automatique des gobelets, de remplissage, de scellage du film et de d\u00e9chargement des gobelets. Op\u00e9ration et entretien faciles, bonnes performances. la machine de remplissage et de scellage de yaourt peut consid\u00e9rablement am\u00e9liorer votre efficacit\u00e9 et b\u00e9n\u00e9ficier \u00e0 votre projet. Si vous poss\u00e9dez votre propre entreprise de yaourt ou d'autres boissons, ou si vous \u00eates un commer\u00e7ant de machines d'emballage, la machine de remplissage et de scellage de pots de yaourt est un excellent choix pour vous. <\/p>    <figure class=\"wp-block-image size-full\"><img decoding=\"async\" src=\"https:\/\/taizypackaging.com\/wp-content\/uploads\/2021\/08\/yougurt-cup-filling-and-sealing-machine.jpg\" alt=\"machine de remplissage et de scellage de gobelets \u00e0 yaourt\" class=\"wp-image-4009\"\/><figcaption class=\"wp-element-caption\">machine de remplissage et de scellage de pots de yaourt<\/figcaption><\/figure>    <h2 class=\"wp-block-heading\" id=\"h-applications-of-yogurt-cup-filling-mad-sealing-machine\">Applications de la machine de remplissage de pots de yaourt<\/h2>    <p>Cette machine de remplissage et de scellage de gobelets convient non seulement au yaourt mais \u00e9galement \u00e0 de nombreux produits, tels que l'huile, le yaourt, le lait frais, le th\u00e9 au lait, les cosm\u00e9tiques, les produits de soins capillaires, les boissons aux fruits, les boissons gazeuses, la cr\u00e8me glac\u00e9e, la gel\u00e9e, le lassi, le caill\u00e9. , eau pure, eau min\u00e9rale, caf\u00e9, jus, sauce, confiture, etc. La machine automatique de remplissage et de scellage de gobelets rotatifs a une gamme d'applications assez large. Cela peut \u00eatre un excellent outil pour votre projet. <\/p>    <figure class=\"wp-block-image size-full\"><img decoding=\"async\" src=\"https:\/\/taizypackaging.com\/wp-content\/uploads\/2021\/08\/cup-filling-sealing-machine-applications.jpg\" alt=\"applications de machines de remplissage et de scellage de gobelets\" class=\"wp-image-4000\"\/><figcaption class=\"wp-element-caption\">applications de machines de remplissage et de scellage de gobelets<\/figcaption><\/figure>    <h2 class=\"wp-block-heading\" id=\"h-technical-parameters-of-kis-1800\">Param\u00e8tres de la machine de remplissage et de scellage du yaourt <\/h2>    <figure class=\"wp-block-table is-style-stripes\"><table><tbody><tr><td>Pouvoir<\/td><td>220V\/1200W<\/td><\/tr><tr><td>Vitesse<\/td><td>800 ~ 900 bouteilles\/h (1600 ~ 1800 bouteilles\/h)<\/td><\/tr><tr><td>Pression<\/td><td>0,5MPa-0,75MPa<\/td><\/tr><tr><td>Consommation d'air maximale<\/td><td>0,45 m\u00b3\/m<\/td><\/tr><tr><td>Poids<\/td><td>350 kg<\/td><\/tr><tr><td>Taille de la machine<\/td><td>100*<em>80<\/em>*120cm<\/td><\/tr><\/tbody><\/table><\/figure>    <p>Remarque : Les param\u00e8tres peuvent \u00eatre personnalis\u00e9s en fonction de vos besoins sp\u00e9cifiques. <\/p>    <h2 class=\"wp-block-heading\" id=\"h-the-design-features-of-automatic-rotary-filling-and-sealing-machine\">Avantages de la machine de scellage de remplissage de gobelets rotatifs automatiques Taizy<\/h2>    <ul class=\"wp-block-list\"> <li>La machine de remplissage et de scellage rotative automatique est enti\u00e8rement fonctionnelle et est la plus petite machine enti\u00e8rement automatique avec un faible encombrement.<\/li>    <li>L'ensemble de la machine est en acier inoxydable et en alliage d'aluminium, robuste et lisse, pas facile \u00e0 rouiller.<\/li>    <li>Syst\u00e8me de contr\u00f4le PLC avanc\u00e9 avec affichage, prend en charge plusieurs langues. Il est facile de comprendre le fonctionnement.<\/li>    <li>L'\u0153il \u00e9lectrique suit et corrige automatiquement la position de scellage pour un alignement pr\u00e9cis de l'impression du film.<\/li>    <li>Quantit\u00e9 de remplissage pr\u00e9cise, alimentation automatique par contr\u00f4le du niveau de liquide du tambour de stockage, nettoyage automatique du tambour et remplissage du pipeline par CIP. Toute la tuyauterie r\u00e9pond aux r\u00e9glementations sanitaires de qualit\u00e9 alimentaire.<\/li>    <li>La machine s'arr\u00eatera automatiquement lorsqu'elle ne d\u00e9tectera aucune tasse \u00e0 remplir et d\u00e9marrera automatiquement lorsque les tasses seront remplies.<\/li> <\/ul>    <h2 class=\"wp-block-heading\">Structure de la machine de remplissage et de scellage de gobelets de yaourt<\/h2>    <p>La machine de remplissage et de scellage de pots de yaourt est compos\u00e9e d'un syst\u00e8me de scellage, d'un syst\u00e8me de remplissage, d'un syst\u00e8me de contr\u00f4le PLC, d'un syst\u00e8me de chute automatique de pots, d'un syst\u00e8me de lib\u00e9ration de film, d'un syst\u00e8me de d\u00e9chargement de pots, etc. Toutes ces pi\u00e8ces fonctionnent ensemble, il existe un remplissage de pots de yaourt enti\u00e8rement automatique. machine \u00e0 sceller disponible. Un grand \u00e9cran tactile facilite grandement l\u2019utilisation et le r\u00e9glage des param\u00e8tres. En outre, le mat\u00e9riau en acier inoxydable durable et la technologie de pointe conf\u00e8rent \u00e0 la machine de remplissage et de scellage de gobelets de bonnes performances et une longue dur\u00e9e de vie. <\/p>    <figure class=\"wp-block-image size-full\"><img decoding=\"async\" src=\"https:\/\/taizypackaging.com\/wp-content\/uploads\/2021\/08\/yogurt-packing-machine-structure.jpg\" alt=\"structure de la machine \u00e0 emballer le yaourt\" class=\"wp-image-4018\"\/><figcaption class=\"wp-element-caption\">structure de la machine \u00e0 emballer le yaourt<\/figcaption><\/figure>    <h2 class=\"wp-block-heading\" id=\"h-about-us\">Fabricant de machine de remplissage et de scellage automatique de gobelets \u2013 Taizy Packaging<\/h2>    <p>La machine de remplissage et de scellage de gobelets rotatifs est une ligne de conditionnement de yaourt enti\u00e8rement automatique qui int\u00e8gre l'alimentation, le remplissage, le scellage et le d\u00e9chargement des gobelets. Cette machine est constitu\u00e9e d'un corps en acier inoxydable, qui r\u00e9pond aux exigences sanitaires et est facile \u00e0 nettoyer et \u00e0 laver. En outre, il convient pour sceller des gobelets de cr\u00e8mes et autres produits, ainsi que pour sceller des gobelets en plastique, des gobelets en papier, des gobelets en aluminium et d'autres gobelets et bo\u00eetes.<\/p>    <p class=\"translation-block\"> En tant que puissant fabricant et fournisseur de machines d\u2019emballage, notre s\u00e9rie de produits b\u00e9n\u00e9ficie de plus de dix ans d\u2019exp\u00e9rience en production. Avec la technologie avanc\u00e9e, la machine enti\u00e8re adopte le syst\u00e8me de contr\u00f4le et les composants pneumatiques du Japon, de Ta\u00efwan et de nombreuses marques c\u00e9l\u00e8bres, qui pr\u00e9sentent des caract\u00e9ristiques de faible taux de d\u00e9faillance, performance stable et longue dur\u00e9e de vie. De plus, nous proposons<a href=\"https:\/\/taizypackaging.com\/fr\/category\/machines-category\/granule-packing-machine\/\" target=\"_blank\" rel=\"noreferrer noopener\">granule packing machine<\/a>s, des machines d\u2019emballage de poudre, <a href=\"https:\/\/taizypackaging.com\/fr\/category\/machines-category\/tea\/\" target=\"_blank\" rel=\"noreferrer noopener\">machines d\u2019emballage de th\u00e9<\/a>, etc. Bienvenue pour nous contacter pour une quote gratuite. <\/p>","protected":false},"excerpt":{"rendered":"<p>La machine de remplissage et de scellage de pots de yaourt est utilis\u00e9e pour l'emballage automatique de pots de yaourt. En fait, cette machine convient non seulement au remplissage et au scellage du yaourt, mais \u00e9galement \u00e0 de nombreux autres produits comme le lait, le caf\u00e9, les jus, la cr\u00e8me glac\u00e9e, la confiture et d'autres boissons.<\/p>","protected":false},"author":1,"featured_media":4881,"parent":0,"template":"","tags":[607,606],"product-type":[662],"class_list":["post-2756","product","type-product","status-publish","has-post-thumbnail","hentry","tag-cup-filling-and-sealing-machine","tag-yogurt-cup-filling-and-sealing-machine","product-type-paste-packing-machines"],"_links":{"self":[{"href":"https:\/\/taizypackaging.com\/fr\/wp-json\/wp\/v2\/product\/2756","targetHints":{"allow":["GET"]}}],"collection":[{"href":"https:\/\/taizypackaging.com\/fr\/wp-json\/wp\/v2\/product"}],"about":[{"href":"https:\/\/taizypackaging.com\/fr\/wp-json\/wp\/v2\/types\/product"}],"author":[{"embeddable":true,"href":"https:\/\/taizypackaging.com\/fr\/wp-json\/wp\/v2\/users\/1"}],"wp:featuredmedia":[{"embeddable":true,"href":"https:\/\/taizypackaging.com\/fr\/wp-json\/wp\/v2\/media\/4881"}],"wp:attachment":[{"href":"https:\/\/taizypackaging.com\/fr\/wp-json\/wp\/v2\/media?parent=2756"}],"wp:term":[{"taxonomy":"post_tag","embeddable":true,"href":"https:\/\/taizypackaging.com\/fr\/wp-json\/wp\/v2\/tags?post=2756"},{"taxonomy":"product-type","embeddable":true,"href":"https:\/\/taizypackaging.com\/fr\/wp-json\/wp\/v2\/product-type?post=2756"}],"curies":[{"name":"wp","href":"https:\/\/api.w.org\/{rel}","templated":true}]}}