{"id":293,"date":"2020-08-27T07:59:15","date_gmt":"2020-08-27T07:59:15","guid":{"rendered":"https:\/\/taizypackaging.com\/?p=293"},"modified":"2024-07-16T16:44:43","modified_gmt":"2024-07-16T08:44:43","slug":"lapel-combination-packaging-machine","status":"publish","type":"product","link":"https:\/\/taizypackaging.com\/fr\/lapel-combination-packaging-machine\/","title":{"rendered":"Machine \u00e0 emballer de peseuse associative"},"content":{"rendered":"<div class=\"kk-star-ratings kksr-auto kksr-align-left kksr-valign-top\"     data-payload='{&quot;align&quot;:&quot;left&quot;,&quot;id&quot;:&quot;293&quot;,&quot;slug&quot;:&quot;default&quot;,&quot;valign&quot;:&quot;top&quot;,&quot;ignore&quot;:&quot;&quot;,&quot;reference&quot;:&quot;auto&quot;,&quot;class&quot;:&quot;&quot;,&quot;count&quot;:&quot;10&quot;,&quot;legendonly&quot;:&quot;&quot;,&quot;readonly&quot;:&quot;&quot;,&quot;score&quot;:&quot;4.8&quot;,&quot;starsonly&quot;:&quot;&quot;,&quot;best&quot;:&quot;5&quot;,&quot;gap&quot;:&quot;5&quot;,&quot;greet&quot;:&quot;Rate this product&quot;,&quot;legend&quot;:&quot;4.8\\\/5 - (10 votes)&quot;,&quot;size&quot;:&quot;24&quot;,&quot;title&quot;:&quot;Multihead Weigher Packing Machine&quot;,&quot;width&quot;:&quot;136.7&quot;,&quot;_legend&quot;:&quot;{score}\\\/{best} - ({count} {votes})&quot;,&quot;font_factor&quot;:&quot;1.25&quot;}'>              <div class=\"kksr-stars\">      <div class=\"kksr-stars-inactive\">             <div class=\"kksr-star\" data-star=\"1\" style=\"padding-right: 5px\">               <div class=\"kksr-icon\" style=\"width: 24px; height: 24px;\"><\/div>         <\/div>             <div class=\"kksr-star\" data-star=\"2\" style=\"padding-right: 5px\">               <div class=\"kksr-icon\" style=\"width: 24px; height: 24px;\"><\/div>         <\/div>             <div class=\"kksr-star\" data-star=\"3\" style=\"padding-right: 5px\">               <div class=\"kksr-icon\" style=\"width: 24px; height: 24px;\"><\/div>         <\/div>             <div class=\"kksr-star\" data-star=\"4\" style=\"padding-right: 5px\">               <div class=\"kksr-icon\" style=\"width: 24px; height: 24px;\"><\/div>         <\/div>             <div class=\"kksr-star\" data-star=\"5\" style=\"padding-right: 5px\">               <div class=\"kksr-icon\" style=\"width: 24px; height: 24px;\"><\/div>         <\/div>     <\/div>      <div class=\"kksr-stars-active\" style=\"width: 136.7px;\">             <div class=\"kksr-star\" style=\"padding-right: 5px\">               <div class=\"kksr-icon\" style=\"width: 24px; height: 24px;\"><\/div>         <\/div>             <div class=\"kksr-star\" style=\"padding-right: 5px\">               <div class=\"kksr-icon\" style=\"width: 24px; height: 24px;\"><\/div>         <\/div>             <div class=\"kksr-star\" style=\"padding-right: 5px\">               <div class=\"kksr-icon\" style=\"width: 24px; height: 24px;\"><\/div>         <\/div>             <div class=\"kksr-star\" style=\"padding-right: 5px\">               <div class=\"kksr-icon\" style=\"width: 24px; height: 24px;\"><\/div>         <\/div>             <div class=\"kksr-star\" style=\"padding-right: 5px\">               <div class=\"kksr-icon\" style=\"width: 24px; height: 24px;\"><\/div>         <\/div>     <\/div> <\/div>                   <div class=\"kksr-legend\" style=\"font-size: 19.2px;\">             4,8\/5 - (10 votes)    <\/div>     <\/div>  <p class=\"translation-block\">La <strong>machine d'emballage \u00e0 peseuse associative<\/strong> est une solution d'emballage super efficace. Elle peut \u00eatre appliqu\u00e9e aux mat\u00e9riaux alimentaires et non alimentaires tels que les chips, le pop-corn, les noix, les c\u00e9r\u00e9ales, le sucre, le caf\u00e9, le sel, le chocolat, la quincaillerie, les plastiques, etc. Avec un haut niveau d'automatisation et une utilisation facile, une machine d'emballage \u00e0 sachet \u00e0 peseuse associative peut grandement am\u00e9liorer votre productivit\u00e9 et b\u00e9n\u00e9ficier \u00e0 votre projet. De plus, nous adoptons des dispositifs de s\u00e9curit\u00e9 d'urgence pour garantir un fonctionnement s\u00fbr. Toutes nos machines sont en acier inoxydable, durables et fiables. Si vous poss\u00e9dez une usine alimentaire, une machine \u00e0 peseuse associative est certainement votre bon choix. Contactez-nous d\u00e8s aujourd'hui pour plus d'informations.  <\/p>    <h2 class=\"wp-block-heading\" id=\"h-the-working-video-of-the-large-combination-weigher-packaging-machine\">La vid\u00e9o de travail de la grande machine de conditionnement peseuse combin\u00e9e<\/h2>   <figure class=\"wp-block-embed-youtube wp-block-embed is-type-video is-provider-youtube wp-embed-aspect-16-9 wp-has-aspect-ratio\"><div class=\"lyte-wrapper fourthree\" title=\"Machine d&#039;emballage de peseuse associative pour chips | Machine d&#039;emballage automatique de chips\" style=\"width:960px;max-width:100%;margin:5px auto;\"><div class=\"lyMe hidef\" id=\"WYL_mfQQ28r7qzY\" itemprop=\"video\" itemscope itemtype=\"https:\/\/schema.org\/VideoObject\"><div><meta itemprop=\"thumbnailUrl\" content=\"https:\/\/taizypackaging.com\/wp-content\/plugins\/wp-youtube-lyte\/lyteCache.php?origThumbUrl=https%3A%2F%2Fi.ytimg.com%2Fvi%2FmfQQ28r7qzY%2Fmaxresdefault.jpg\" \/><meta itemprop=\"embedURL\" content=\"https:\/\/www.youtube.com\/embed\/mfQQ28r7qzY\" \/><meta itemprop=\"duration\" content=\"PT50S\" \/><meta itemprop=\"uploadDate\" content=\"2022-01-25T03:01:53Z\" \/><\/div><div id=\"lyte_mfQQ28r7qzY\" data-src=\"https:\/\/taizypackaging.com\/wp-content\/plugins\/wp-youtube-lyte\/lyteCache.php?origThumbUrl=https%3A%2F%2Fi.ytimg.com%2Fvi%2FmfQQ28r7qzY%2Fmaxresdefault.jpg\" class=\"pL\"><div class=\"tC\"><div class=\"tT\" itemprop=\"name\">Machine d'emballage de peseuse associative pour chips | Machine d'emballage automatique de chips<\/div><\/div><div class=\"play\"><\/div><div class=\"ctrl\"><div class=\"Lctrl\"><\/div><div class=\"Rctrl\"><\/div><\/div><\/div><noscript><a href=\"https:\/\/youtu.be\/mfQQ28r7qzY\" rel=\"nofollow noopener\" target=\"_blank\"><img loading=\"lazy\" decoding=\"async\" src=\"https:\/\/taizypackaging.com\/wp-content\/plugins\/wp-youtube-lyte\/lyteCache.php?origThumbUrl=https%3A%2F%2Fi.ytimg.com%2Fvi%2FmfQQ28r7qzY%2F0.jpg\" alt=\"Machine d&#039;emballage de peseuse associative pour chips | Machine d&#039;emballage automatique de chips\" width=\"960\" height=\"700\" \/><br \/>Watch this video on YouTube<\/a><\/noscript><meta itemprop=\"description\" content=\"#chipspacking #multiheadweigher #packingbusiness EMAIL: info@taizypackaging.com TEL\/WHATSAPP: +86 18837171591 WEBSITE:https:\/\/taizypackaging.com\/lapel-combination-packaging-machine\/ This is a kind of multihead weigher packing machine for chips. It has absolutely a high efficiency and good performance. It can be applied to both food and non-food materials like chips, popcorn, nut, grains, sugar, coffee, salt, chocolate, hardware, plastic, etc. With a high degree of automation level and easy operation, a muli-head weigher pouch packing machine can greatly enhance your productivity and benefit your project. Generally, a multi-head weigher packing machine mainly consists of two parts, a feeding system, and a packaging system. They include a Z-type conveyor, multi head weigher, working platform, packaging machine, and output conveyor. You may also like these videos: Automatic small granule packing machine: https:\/\/www.youtube.com\/watch?v=RdSqEhdiWzU Premade bag packing machine: https:\/\/www.youtube.com\/watch?v=Xqb5_CFb_H8&amp;t=3s EMAIL: info@taizypackaging.com TEL\/WHATSAPP: +86 18837171591\"><\/div><\/div><div class=\"lL\" style=\"max-width:100%;width:960px;margin:5px auto;\"><\/div><figcaption><\/figcaption><\/figure>   <h2 class=\"wp-block-heading\" id=\"h-wide-applications-of-multi-head-weigher-packing-machine\">Applications larges de la machine d'emballage avec peseuse multi-t\u00eates<\/h2>    <p id=\"h-large-combination-weigher-packaging-machine-from-taizy-machinery-company-is-suitable-for-packaging-it-can-be-used-to-package-puffed-food-potato-chips-french-fries-peanuts-melon-seeds-msg-tea-dried-fruits-biscuits-cereals-hardware-plastics-and-other-granular-flake-strip-irregular-shapes-and-other-objects-it-can-be-wrapped-up-to-2-5-kg-so-how-do-you-pack-a-large-item-you-can-choose-this-machine-this-machine-is-the-first-choice-when-you-pack-fragile-items-for-example-potato-chips-french-fries-nigerian-chinchin-and-other-snacks\" class=\"translation-block\"><strong>Une machine d'emballage \u00e0 peseuse associative<\/strong> convient \u00e0 l'emballage de divers produits granulaires. Elle peut \u00eatre utilis\u00e9e pour emballer des aliments souffl\u00e9s, des chips de pommes de terre, des frites, des cacahu\u00e8tes, des c\u00e9r\u00e9ales, des snacks, des graines de melon, du th\u00e9, des fruits secs, des biscuits, des c\u00e9r\u00e9ales, de la quincaillerie, des plastiques, et de nombreux autres granul\u00e9s. Une machine d'emballage \u00e0 sachet \u00e0 peseuse associative est couramment utilis\u00e9e dans l'industrie alimentaire. Adoptant des mat\u00e9riaux de qualit\u00e9 alimentaire et une technologie avanc\u00e9e, elle est s\u00fbre et fiable. Pendant ce temps, nous fournissons divers \u00e9quipements de support pour r\u00e9pondre \u00e0 vos besoins. Par exemple, il existe un dispositif de remplissage d'azote pour garder les produits souffl\u00e9s frais et faciles \u00e0 transporter. <\/p>    <figure class=\"wp-block-image alignnone wp-image-825 size-full\"><img decoding=\"async\" src=\"https:\/\/taizypackaging.com\/wp-content\/uploads\/2020\/08\/packing-snacks-2.jpg\" alt=\"emballage de collations\" class=\"wp-image-825\"\/><figcaption class=\"wp-element-caption\">application d'emballage alimentaire<\/figcaption><\/figure>    <h2 class=\"wp-block-heading\" id=\"h-types-of-multihead-weigher-vffs-packing-machine-for-sale\">Types de machines d'emballage VFFS avec peseuse associative \u00e0 vendre <\/h2>    <p class=\"translation-block\">La machine d'emballage \u00e0 peseuse associative est diff\u00e9rente de nombreuses autres <a href=\"https:\/\/taizypackaging.com\/fr\/granule-packaging-machine\/\">machines d'emballage verticales<\/a>. La machine peut \u00eatre \u00e9quip\u00e9e de diff\u00e9rents syst\u00e8mes d'alimentation. Ce que nous utilisons habituellement, ce sont des peseuses \u00e0 4 t\u00eates, 10 t\u00eates et 14 t\u00eates. Diff\u00e9rentes peseuses associatives ont des avantages et des applications diff\u00e9rents. Par exemple, une machine d'emballage \u00e0 peseuse \u00e0 14 t\u00eates est plus efficace qu'une machine d'emballage \u00e0 peseuse \u00e0 4 t\u00eates. Cependant, son co\u00fbt est relativement plus \u00e9lev\u00e9. De plus, il existe trois types de syst\u00e8mes d'emballage pour cette machine, TH-420, TH-520 et TH-720. Ils conviennent aux longueurs de sachet, largeurs de sachet et vitesses d'emballage. Savez-vous lequel convient le mieux \u00e0 votre projet ? Envoyez-nous un e-mail ou appelez-nous pour des conseils d'achat professionnels. <\/p>    <figure class=\"wp-block-image size-large\"><img decoding=\"async\" src=\"https:\/\/taizypackaging.com\/wp-content\/uploads\/2020\/08\/large-combination-weigher-packaging-machine-1.jpg\" alt=\"grande machine d&#039;emballage peseuse combin\u00e9e\" class=\"wp-image-709\"\/><figcaption class=\"wp-element-caption\">Machine d'emballage peseuse combin\u00e9e multi-t\u00eates<\/figcaption><\/figure>    <h2 class=\"wp-block-heading\" id=\"taizy-multihead-weigher-machine-parameters\">Param\u00e8tres de la peseuse associative Taizy<\/h2>    <figure class=\"wp-block-table\"><table><tbody><tr><td>Taper<\/td><td>TH420<\/td><td>TH520<\/td><td>TH720<\/td><\/tr><tr><td>Longueur de sac<\/td><td>80-300mm<\/td><td>80-400mm<\/td><td>100-400mm<\/td><\/tr><tr><td>Largeur du sac<\/td><td>50-200mm<\/td><td>80-250mm<\/td><td>180-350mm<\/td><\/tr><tr><td>Largeur maximale du film en rouleau<\/td><td>420mm<\/td><td>520 mm<\/td><td>720mm<\/td><\/tr><tr><td>Vitesse d'emballage<\/td><td>5-30 sacs\/min<\/td><td>5-50 sacs\/min<\/td><td>5-50 sacs\/min<\/td><\/tr><tr><td>Consommation d'air<\/td><td>0,65 MPa<\/td><td>0,65 MPa<\/td><td>0,65 MPa<\/td><\/tr><tr><td>Consommation de gaz<\/td><td>0,3 m\u00b3\/min<\/td><td>0,4 m\u00b3\/min<\/td><td>0,4 m\u00b3\/min<\/td><\/tr><tr><td>Tension d'alimentation<\/td><td>220V<\/td><td>220 VCA\/50 Hz<\/td><td>220 VCA\/50 Hz<\/td><\/tr><tr><td>Dimension<\/td><td>(L)1320*(L)950*(H)1360<\/td><td>(L)1150\u00d7(L)1795\u00d7(H)1650mm<\/td><td>(L)1780\u00d7(L)1350\u00d7(H)1950mm<\/td><\/tr><\/tbody><\/table><\/figure>    <h2 class=\"wp-block-heading\" id=\"h-structures-of-multihead-weigher-packaging-machine\">Structures de la machine de conditionnement avec peseuse associative<\/h2>    <p>G\u00e9n\u00e9ralement, une machine d'emballage avec peseuse multi-t\u00eates se compose principalement de deux parties, un syst\u00e8me d'alimentation et un syst\u00e8me d'emballage.  Ils comprennent un \u00e9l\u00e9vateur de type Z, une peseuse associative, une plate-forme de travail, une machine d'emballage et un convoyeur de sortie. Ils sont regroup\u00e9s pour r\u00e9aliser le processus automatique d\u2019alimentation, de pesage, de remplissage, de scellage et de d\u00e9coupe. Equip\u00e9 d'une peseuse 10 t\u00eates ou d'une peseuse 14 t\u00eates, il est super efficace et fiable. En tant que fabricant solide de peseuses associatives, nous fournissons un excellent service de machines d\u2019emballage standard et personnalis\u00e9es. \u00cates-vous int\u00e9ress\u00e9 par cette machine? Contactez-nous pour plus d'informations. <\/p>    <figure class=\"wp-block-image size-full\"><img decoding=\"async\" src=\"https:\/\/taizypackaging.com\/wp-content\/uploads\/2020\/08\/multihead-weigher-machine-structure.jpg\" alt=\"structure de la peseuse associative\" class=\"wp-image-3298\"\/><figcaption class=\"wp-element-caption\">structure de machine de peseuse multi-t\u00eates<\/figcaption><\/figure>   <h2>Styles d'emballage de la machine d'emballage avec peseuse associative<\/h2> <p>Les styles d'emballage de la grande machine d'emballage \u00e0 peseuse combin\u00e9e verticale sont diversifi\u00e9s. Il peut s'agir d'une \u00e9tanch\u00e9it\u00e9 arri\u00e8re, mais il existe des diff\u00e9rences de taille.<\/p> <figure id=\"attachment_1126\" aria-describedby=\"caption-attachment-1126\" style=\"width: 720px\" class=\"wp-caption alignnone\"><img loading=\"lazy\" decoding=\"async\" class=\"wp-image-1126 size-full\" src=\"https:\/\/taizypackaging.com\/wp-content\/uploads\/2020\/08\/back-sealing.jpg\" alt=\"\u00e9tanch\u00e9it\u00e9 arri\u00e8re\" width=\"720\" height=\"540\"><figcaption id=\"caption-attachment-1126\" class=\"wp-caption-text\">types de sacs<\/figcaption><\/figure> <h2 id=\"h-the-advantages-of-large-packaging-machine\">Avantages de la machine d'emballage avec peseuse associative<\/h2>   <ol class=\"wp-block-list\" type=\"1\"> <li>Cette machine d'emballage adopte un thermocouple pour contr\u00f4ler la temp\u00e9rature de scellage horizontal et vertical.<\/li>    <li>Il adopte un h\u00f4te pneumatique \u00e0 forte puissance.<\/li>    <li>La roue de traction de la membrane est en caoutchouc, ce qui rend le sac d'emballage plus volumineux. La roue de traction du film est en caoutchouc, ce qui rend le sac d'emballage plus lisse.<\/li>    <li>L'emballage de la machine est impeccable et stable.<\/li>    <li>L'int\u00e9rieur du film d'emballage est constitu\u00e9 d'un film thermoscellable, ce qui est pratique pour le scellage.<\/li>    <li>Il peut \u00eatre \u00e9quip\u00e9 d'un dispositif de perforation afin que le sac d'emballage puisse \u00eatre accroch\u00e9 dans les supermarch\u00e9s.<\/li>    <li>Il peut \u00eatre \u00e9quip\u00e9 d'un gonfleur pour emballer des objets fragiles comme des frites, des chips, des snacks souffl\u00e9s, etc.<\/li> <\/ol>    <h2 class=\"wp-block-heading\" id=\"h-multihead-weigher-working-principle\">Principe de fonctionnement de la peseuse associative <\/h2>    <p>La peseuse associative, ou appel\u00e9e balance combin\u00e9e informatique, utilise souvent diff\u00e9rentes t\u00eates de pes\u00e9e pour mesurer le poids pr\u00e9cis du produit. L'\u00e9chelle au sommet de la combinaison de produits commencera \u00e0 fonctionner longtemps apr\u00e8s que l'\u00e9quilibre des syst\u00e8mes de dispersion interne commencera \u00e0 fonctionner. Le syst\u00e8me distribuera les produits \u00e0 l'aide de la plaque d'alimentation lin\u00e9aire, diff\u00e9rents alimentateurs lin\u00e9aires transporteront les produits dans la tr\u00e9mie. Par exemple, si vous utilisez une machine de pes\u00e9e et d'emballage \u00e0 14 t\u00eates, il y aura normalement 14 alimentateurs lin\u00e9aires pour transporter le produit vers 14 tr\u00e9mies apr\u00e8s que le produit soit transf\u00e9r\u00e9 vers la tr\u00e9mie. <\/p>    <h2 class=\"wp-block-heading\" id=\"h-customer-case\">Machine d'emballage de peseuse associative export\u00e9e vers la Malaisie<\/h2>    <p>Nous avons un client en Malaisie qui utilise cette machine pour conditionner 1,5 kg de lessive. De plus, il a ajout\u00e9 un dispositif qui perce l'angle des broches. Parce qu'il est fournisseur de supermarch\u00e9, il a emball\u00e9 de la lessive pour approvisionner le supermarch\u00e9.<\/p>    <figure class=\"wp-block-image size-full\"><img decoding=\"async\" src=\"https:\/\/taizypackaging.com\/wp-content\/uploads\/2020\/08\/multihead-weigher-packing-machine-factory.jpg\" alt=\"usine de machine d&#039;emballage de peseuse associative\" class=\"wp-image-3306\"\/><figcaption class=\"wp-element-caption\">usine de machine d'emballage de peseuse multi-t\u00eates<\/figcaption><\/figure>    <h2 class=\"wp-block-heading\" id=\"h-conclusion\">Conclusion<\/h2>    <p class=\"translation-block\">La machine d'emballage \u00e0 peseuse associative est un excellent outil d'emballage tr\u00e8s efficace. Elle peut absolument b\u00e9n\u00e9ficier \u00e0 votre entreprise alimentaire. Avec un mat\u00e9riau durable et une technologie avanc\u00e9e, nos machines \u00e0 peseuse associative ont de bonnes performances et une longue dur\u00e9e de vie. De plus, la peseuse associative et la <a href=\"https:\/\/taizypackaging.com\/fr\/\">machine d'emballage<\/a> peuvent \u00eatre vendues s\u00e9par\u00e9ment. Nous offrons de solides services personnalis\u00e9s pour r\u00e9pondre \u00e0 vos exigences sp\u00e9cifiques. Vous recherchez une machine \u00e0 peseuse associative de qualit\u00e9 pour r\u00e9aliser plus de profits ? Laissez-nous vos exigences et nous vous r\u00e9pondrons d\u00e8s que possible. <\/p>","protected":false},"excerpt":{"rendered":"<p>Multihead weigher packing machine is a super-efficient packaging solution. It can be applied to both food and non-food materials like chips, popcorn, nuts, grains, sugar, coffee, salt, chocolate, hardware, plastic, etc. With a high degree of automation level and easy operation, a muli-head weigher pouch packing machine can greatly enhance your productivity and benefit your [&hellip;]<\/p>\n","protected":false},"author":1,"featured_media":710,"parent":0,"template":"","tags":[594,593],"product-type":[659],"class_list":["post-293","product","type-product","status-publish","has-post-thumbnail","hentry","tag-multihead-weigher-machine","tag-multihead-weigher-packing-machine","product-type-granule-packing-machines"],"_links":{"self":[{"href":"https:\/\/taizypackaging.com\/fr\/wp-json\/wp\/v2\/product\/293","targetHints":{"allow":["GET"]}}],"collection":[{"href":"https:\/\/taizypackaging.com\/fr\/wp-json\/wp\/v2\/product"}],"about":[{"href":"https:\/\/taizypackaging.com\/fr\/wp-json\/wp\/v2\/types\/product"}],"author":[{"embeddable":true,"href":"https:\/\/taizypackaging.com\/fr\/wp-json\/wp\/v2\/users\/1"}],"wp:featuredmedia":[{"embeddable":true,"href":"https:\/\/taizypackaging.com\/fr\/wp-json\/wp\/v2\/media\/710"}],"wp:attachment":[{"href":"https:\/\/taizypackaging.com\/fr\/wp-json\/wp\/v2\/media?parent=293"}],"wp:term":[{"taxonomy":"post_tag","embeddable":true,"href":"https:\/\/taizypackaging.com\/fr\/wp-json\/wp\/v2\/tags?post=293"},{"taxonomy":"product-type","embeddable":true,"href":"https:\/\/taizypackaging.com\/fr\/wp-json\/wp\/v2\/product-type?post=293"}],"curies":[{"name":"wp","href":"https:\/\/api.w.org\/{rel}","templated":true}]}}