{"id":392,"date":"2020-09-10T01:59:30","date_gmt":"2020-09-10T01:59:30","guid":{"rendered":"https:\/\/taizypackaging.com\/?p=392"},"modified":"2024-07-17T18:00:41","modified_gmt":"2024-07-17T10:00:41","slug":"vacuum-packing-machine-2","status":"publish","type":"product","link":"https:\/\/taizypackaging.com\/fr\/vacuum-packing-machine\/","title":{"rendered":"Machine d'emballage sous vide de bureau"},"content":{"rendered":"<div class=\"kk-star-ratings kksr-auto kksr-align-left kksr-valign-top\"     data-payload='{&quot;align&quot;:&quot;left&quot;,&quot;id&quot;:&quot;392&quot;,&quot;slug&quot;:&quot;default&quot;,&quot;valign&quot;:&quot;top&quot;,&quot;ignore&quot;:&quot;&quot;,&quot;reference&quot;:&quot;auto&quot;,&quot;class&quot;:&quot;&quot;,&quot;count&quot;:&quot;13&quot;,&quot;legendonly&quot;:&quot;&quot;,&quot;readonly&quot;:&quot;&quot;,&quot;score&quot;:&quot;4.7&quot;,&quot;starsonly&quot;:&quot;&quot;,&quot;best&quot;:&quot;5&quot;,&quot;gap&quot;:&quot;5&quot;,&quot;greet&quot;:&quot;Rate this product&quot;,&quot;legend&quot;:&quot;4.7\\\/5 - (13 votes)&quot;,&quot;size&quot;:&quot;24&quot;,&quot;title&quot;:&quot;Desktop Vacuum Packaging Machine&quot;,&quot;width&quot;:&quot;133.8&quot;,&quot;_legend&quot;:&quot;{score}\\\/{best} - ({count} {votes})&quot;,&quot;font_factor&quot;:&quot;1.25&quot;}'>              <div class=\"kksr-stars\">      <div class=\"kksr-stars-inactive\">             <div class=\"kksr-star\" data-star=\"1\" style=\"padding-right: 5px\">               <div class=\"kksr-icon\" style=\"width: 24px; height: 24px;\"><\/div>         <\/div>             <div class=\"kksr-star\" data-star=\"2\" style=\"padding-right: 5px\">               <div class=\"kksr-icon\" style=\"width: 24px; height: 24px;\"><\/div>         <\/div>             <div class=\"kksr-star\" data-star=\"3\" style=\"padding-right: 5px\">               <div class=\"kksr-icon\" style=\"width: 24px; height: 24px;\"><\/div>         <\/div>             <div class=\"kksr-star\" data-star=\"4\" style=\"padding-right: 5px\">               <div class=\"kksr-icon\" style=\"width: 24px; height: 24px;\"><\/div>         <\/div>             <div class=\"kksr-star\" data-star=\"5\" style=\"padding-right: 5px\">               <div class=\"kksr-icon\" style=\"width: 24px; height: 24px;\"><\/div>         <\/div>     <\/div>      <div class=\"kksr-stars-active\" style=\"width: 133.8px;\">             <div class=\"kksr-star\" style=\"padding-right: 5px\">               <div class=\"kksr-icon\" style=\"width: 24px; height: 24px;\"><\/div>         <\/div>             <div class=\"kksr-star\" style=\"padding-right: 5px\">               <div class=\"kksr-icon\" style=\"width: 24px; height: 24px;\"><\/div>         <\/div>             <div class=\"kksr-star\" style=\"padding-right: 5px\">               <div class=\"kksr-icon\" style=\"width: 24px; height: 24px;\"><\/div>         <\/div>             <div class=\"kksr-star\" style=\"padding-right: 5px\">               <div class=\"kksr-icon\" style=\"width: 24px; height: 24px;\"><\/div>         <\/div>             <div class=\"kksr-star\" style=\"padding-right: 5px\">               <div class=\"kksr-icon\" style=\"width: 24px; height: 24px;\"><\/div>         <\/div>     <\/div> <\/div>                   <div class=\"kksr-legend\" style=\"font-size: 19.2px;\">             4,7\/5 - (13 votes)    <\/div>     <\/div>  <p class=\"translation-block\"><strong>Machine de conditionnement sous vide de bureau<\/strong> \u00e9galement appel\u00e9e scelleuse sous vide portable. Elle est tr\u00e8s pratique pour l'emballage sous vide des aliments tant \u00e0 des fins commerciales qu'\u00e0 domicile. Une machine de conditionnement sous vide de table a des caract\u00e9ristiques de petite taille, de faible co\u00fbt et de bonnes performances. Elle peut consid\u00e9rablement prolonger la dur\u00e9e de conservation des aliments et est \u00e9galement facile \u00e0 transporter. Par cons\u00e9quent, cette machine est tout \u00e0 fait id\u00e9ale pour vos applications dans une petite usine ou \u00e0 domicile. De plus, le march\u00e9 des machines de conditionnement sous vide cro\u00eet d'ann\u00e9e en ann\u00e9e. Vous souhaitez d\u00e9marrer votre projet ou \u00eatre notre agent ? Contactez-nous d\u00e8s aujourd'hui pour plus d'informations. <\/p>    <h2 class=\"wp-block-heading\" id=\"h-applications-of-vacuum-packing-machine\">Applications de la machine d'emballage sous vide<\/h2>    <p>La machine d'emballage sous vide de bureau\u00a0est principalement utilis\u00e9e pour emballer toutes sortes d'aliments, tels que les cuisses de poulet, le jambon, les pattes de poulet, la viande, les l\u00e9gumes, les fruits, les lani\u00e8res \u00e9pic\u00e9es, les filets de poisson grill\u00e9s, la viande de b\u0153uf s\u00e9ch\u00e9e, les saucisses, les fruits de mer, les liquides, les p\u00e2tes, les m\u00e9dicaments, De plus, il peut \u00e9galement emballer sous vide du mat\u00e9riel, du plastique, etc. En un mot, il a une tr\u00e8s large gamme d'applications, tant pour les produits alimentaires que non alimentaires. <\/p>    <figure class=\"wp-block-image size-full\"><img decoding=\"async\" src=\"https:\/\/taizypackaging.com\/wp-content\/uploads\/2020\/09\/desktop-vacuum-packing-machine-applications.jpg\" alt=\"applications de machine d&#039;emballage sous vide de bureau\" class=\"wp-image-4078\"\/><figcaption>applications de machine d'emballage sous vide de bureau<\/figcaption><\/figure>    <h2 class=\"wp-block-heading\" id=\"h-quality-desktop-vacuum-packaging-machine-for-sale\">Machine d'emballage sous vide de bureau de qualit\u00e9 \u00e0 vendre <\/h2>    <p class=\"translation-block\">La machine de conditionnement sous vide devient de plus en plus populaire dans le monde entier. De nombreuses familles l'utilisent pour sceller des aliments sous vide. Ainsi, les produits alimentaires sont faciles \u00e0 stocker et ont une longue dur\u00e9e de conservation. Il existe trois mod\u00e8les de machines de conditionnement sous vide de bureau disponibles chez Taizy Packaging Machinery, DZ-260A, DZ-260B et DZ-260C. Ils ont des puissances de pompe \u00e0 vide et des tailles de chambre \u00e0 vide diff\u00e9rentes. Lequel est le plus adapt\u00e9 doit \u00eatre d\u00e9termin\u00e9 en fonction de votre situation r\u00e9elle. De plus, nous proposons d'excellentes machines de conditionnement sous vide industrielles \u00e0 vendre, telles que <a href=\"https:\/\/taizypackaging.com\/fr\/single-chamber-vacuum-packing-machine\/\">scelleuse sous vide \u00e0 chambre unique<\/a> et <a href=\"https:\/\/taizypackaging.com\/fr\/double-chamber-vacuum-packing-machine\/\">scelleuse sous vide \u00e0 double chambre<\/a>. Elles ont une haute efficacit\u00e9 et sont nos scelleuses sous vide commerciales. Avec une structure simple et un design parfait, elles sont faciles \u00e0 utiliser et \u00e0 entretenir. Envoyez-nous un e-mail ou appelez-nous pour le meilleur devis.<\/p>    <figure class=\"wp-block-image size-full\"><img decoding=\"async\" src=\"https:\/\/taizypackaging.com\/wp-content\/uploads\/2020\/09\/portable-vacuum-packaging-machine.jpg\" alt=\"machine d&#039;emballage sous vide portable\" class=\"wp-image-3318\"\/><figcaption>machine d'emballage sous vide portable<\/figcaption><\/figure>    <h2 class=\"wp-block-heading\" id=\"h-parameters-of-taizy-desktop-vacuum-packing-machine\">Param\u00e8tres de la machine d'emballage sous vide de bureau Taizy<\/h2>    <figure class=\"wp-block-table\"><table><tbody><tr><td>Mod\u00e8le<\/td><td>DZ-260A<\/td><td>DZ-260B<\/td><td>DZ-260C<\/td><\/tr><tr><td>Source de courant<\/td><td>AC220V\/50Hz 110V\/60Hz<\/td><td>AC220V\/50Hz 110V\/60Hz<\/td><td>AC220V\/50Hz 110V\/60Hz<\/td><\/tr><tr><td>Puissance de la pompe \u00e0 vide<\/td><td>180W<\/td><td>180W<\/td><td>120W<\/td><\/tr><tr><td>Pouvoir de thermoscellage<\/td><td>260W<\/td><td>260W<\/td><td>260W<\/td><\/tr><tr><td>Taille de la salle sous vide<\/td><td>390*285*50mm<\/td><td>390*285*50mm<\/td><td>330*270*50mm<\/td><\/tr><tr><td>Mat\u00e9riau de la chambre sous vide<\/td><td>Acier inoxydable<\/td><td>Acier inoxydable<\/td><td>Acier inoxydable<\/td><\/tr><tr><td>Taille de la machine<\/td><td>490*340*380mm<\/td><td>490*340*380mm<\/td><td>405*320*340mm<\/td><\/tr><\/tbody><\/table><\/figure>    <h2 class=\"wp-block-heading\" id=\"h-structure-details-of-table-top-vacuum-packaging-machine\">D\u00e9tails de la structure de la machine d'emballage sous vide de table<\/h2>    <p>Une machine d'emballage sous vide de bureau se compose principalement d'une chambre sous vide, d'une pompe \u00e0 vide, d'un panneau de commande, d'une bande d'\u00e9tanch\u00e9it\u00e9, d'un corps en acier inoxydable et d'un couvercle transparent. Une structure simple et une conception raisonnable garantissent les hautes performances de la machine d'emballage sous vide portable. <\/p>    <figure class=\"wp-block-image size-full\"><img decoding=\"async\" src=\"https:\/\/taizypackaging.com\/wp-content\/uploads\/2020\/09\/portable-vacuum-packing-machine-details.jpg\" alt=\"d\u00e9tails de la machine d&#039;emballage sous vide portable\" class=\"wp-image-4079\"\/><figcaption>d\u00e9tails de la machine d'emballage sous vide portable<\/figcaption><\/figure>    <h2 class=\"wp-block-heading\" id=\"h-the-working-principle-of-desktop-vacuum-packaging-machine\">Le principe de fonctionnement de la machine d'emballage sous vide de bureau<\/h2>    <p>La fonction principale de l\u2019emballage sous vide est d\u2019\u00e9liminer l\u2019oxyg\u00e8ne pour aider \u00e0 pr\u00e9venir la d\u00e9t\u00e9rioration des aliments. Le principe d\u2019un emballage sous vide est donc relativement simple. \u00c9tant donn\u00e9 que la moisissure et la pourriture des aliments sont principalement caus\u00e9es par des micro-organismes, la plupart de ces derniers (comme les moisissures et les levures) ont besoin d\u2019oxyg\u00e8ne pour survivre. La machine d'emballage sous vide utilise ce principe pour extraire l'oxyg\u00e8ne du sac d'emballage et des cellules alimentaires afin que les micro-organismes perdent leur milieu de vie.<br>Des exp\u00e9riences ont prouv\u00e9 que lorsque la concentration en oxyg\u00e8ne dans le sac d'emballage est \u22641%, la vitesse de croissance et de reproduction des micro-organismes diminue fortement. Lorsque la concentration en oxyg\u00e8ne est \u22640,5%, la plupart des micro-organismes inhiberont et arr\u00eateront la reproduction. De plus, le pot de st\u00e9rilisation est associ\u00e9 \u00e0 notre machine d'emballage sous vide. Et les produits apr\u00e8s emballage entrent dans le pot de st\u00e9rilisation pour une st\u00e9rilisation ult\u00e9rieure. Cela peut ainsi garantir que les aliments peuvent se conserver plus longtemps.<\/p>    <h2 class=\"wp-block-heading\" id=\"h-advantages-of-small-vacuum-packing-machine\">Avantages de la petite machine d'emballage sous vide<\/h2>    <ul class=\"wp-block-list\"><li>L'air (oxyg\u00e8ne) dans le sac d'emballage est \u00e9limin\u00e9, ce qui peut emp\u00eacher efficacement la d\u00e9t\u00e9rioration des aliments.<\/li><li>Les mat\u00e9riaux d'emballage dot\u00e9s d'une excellente \u00e9tanch\u00e9it\u00e9 \u00e0 l'air, d'une technologie d'\u00e9tanch\u00e9it\u00e9 stricte et d'exigences peuvent emp\u00eacher efficacement l'\u00e9change de mat\u00e9riaux dans le sac d'emballage. En outre, cela peut \u00e9viter la perte de poids et de go\u00fbt des aliments, et pr\u00e9venir la pollution secondaire.<\/li><li>Le gaz \u00e0 l\u2019int\u00e9rieur du r\u00e9cipient sous vide a \u00e9t\u00e9 \u00e9limin\u00e9, ce qui acc\u00e9l\u00e8re le transfert de chaleur. Ainsi, il peut am\u00e9liorer l'efficacit\u00e9 de la st\u00e9rilisation thermique et \u00e9viter la rupture du r\u00e9cipient d'emballage en raison de la dilatation du gaz pendant la st\u00e9rilisation thermique.<\/li><li>L'op\u00e9ration est simple et pratique, et vous pouvez d\u00e9finir une date de codage sur l'\u00e9cran.<\/li><\/ul>    <div class=\"wp-block-columns is-layout-flex wp-container-core-columns-is-layout-9d6595d7 wp-block-columns-is-layout-flex\"> <div class=\"wp-block-column is-layout-flow wp-block-column-is-layout-flow\"> <figure class=\"wp-block-image size-full\"><img decoding=\"async\" src=\"https:\/\/taizypackaging.com\/wp-content\/uploads\/2020\/09\/quality-vacuum-pump.jpg\" alt=\"pompe \u00e0 vide de qualit\u00e9\" class=\"wp-image-4082\"\/><figcaption>pompe \u00e0 vide de qualit\u00e9<\/figcaption><\/figure> <\/div>    <div class=\"wp-block-column is-layout-flow wp-block-column-is-layout-flow\"> <figure class=\"wp-block-image size-full\"><img decoding=\"async\" src=\"https:\/\/taizypackaging.com\/wp-content\/uploads\/2020\/09\/PLC-control-panel.jpg\" alt=\"Panneau de commande API\" class=\"wp-image-4083\"\/><figcaption>Panneau de commande API<\/figcaption><\/figure> <\/div> <\/div>    <div class=\"wp-block-columns is-layout-flex wp-container-core-columns-is-layout-9d6595d7 wp-block-columns-is-layout-flex\"> <div class=\"wp-block-column is-layout-flow wp-block-column-is-layout-flow\"> <figure class=\"wp-block-image size-full\"><img decoding=\"async\" src=\"https:\/\/taizypackaging.com\/wp-content\/uploads\/2020\/09\/portable-size.jpg\" alt=\"taille portable\" class=\"wp-image-4084\"\/><figcaption>taille portable<\/figcaption><\/figure> <\/div>    <div class=\"wp-block-column is-layout-flow wp-block-column-is-layout-flow\"> <figure class=\"wp-block-image size-full\"><img decoding=\"async\" src=\"https:\/\/taizypackaging.com\/wp-content\/uploads\/2020\/09\/bag-styles.jpg\" alt=\"styles de sacs\" class=\"wp-image-4085\"\/><figcaption>styles de sacs<\/figcaption><\/figure> <\/div> <\/div>    <h2 class=\"wp-block-heading\" id=\"h-faq\">FAQ<\/h2>    <div class=\"schema-faq wp-block-yoast-faq-block\"><div class=\"schema-faq-section\" id=\"faq-question-1642743549517\"><strong class=\"schema-faq-question\">1. Cette machine est-elle enti\u00e8rement automatique\u00a0?<\/strong> <p class=\"schema-faq-answer\">Non, en fait, nous devons d'abord mettre les articles dans le sac sous vide, puis placer le sac sur la machine pour aspirer le sac avec le joint.<\/p> <\/div> <div class=\"schema-faq-section\" id=\"faq-question-1642743568200\"><strong class=\"schema-faq-question\">2. Tous les types de sacs peuvent-ils \u00eatre emball\u00e9s\u00a0?<\/strong> <p class=\"schema-faq-answer\">Bien entendu, notre machine de la soci\u00e9t\u00e9 Taizy convient \u00e0 la plupart des sacs sous vide. Nous pouvons \u00e9galement vous fournir des sacs sous vide si vous en avez besoin.<\/p> <\/div> <div class=\"schema-faq-section\" id=\"faq-question-1642743666041\"><strong class=\"schema-faq-question\">3. Existe-t-il une machine d'emballage sous vide plus rapide que celle-ci ?<\/strong> <p class=\"schema-faq-answer\">Oui, nous disposons de machines d'emballage sous vide \u00e0 une et deux chambres. En comparaison, l'efficacit\u00e9 d'emballage de ces deux machines est bien sup\u00e9rieure \u00e0 celle de cette machine. Cette machine est plus adapt\u00e9e \u00e0 la production \u00e0 petite \u00e9chelle et son prix est tr\u00e8s rentable. Si vous en avez besoin, veuillez nous contacter.<\/p> <\/div> <\/div>    <h2 class=\"wp-block-heading\" id=\"h-related-machines\">Machines connexes<\/h2>    <p>En tant que fabricant et fournisseur leader de machines d'emballage sous vide, nous proposons diff\u00e9rents types de machines d'emballage sous vide \u00e0 des clients du monde entier, des machines d'emballage sous vide de bureau \u00e0 domicile, des machines d'emballage sous vide commerciales \u00e0 pi\u00e8ce unique et des machines d'emballage sous vide commerciales \u00e0 double pi\u00e8ce. Ils ont des avantages et des prix diff\u00e9rents. Contactez-nous maintenant pour plus de d\u00e9tails. <\/p>    <figure class=\"wp-block-image size-full\"><img decoding=\"async\" src=\"https:\/\/taizypackaging.com\/wp-content\/uploads\/2020\/09\/single-chamber-sealer-and-double-chamber-sealer.jpg\" alt=\"scelleuse \u00e0 chambre unique et scelleuse \u00e0 double chambre\" class=\"wp-image-4075\"\/><figcaption>scelleuse \u00e0 chambre unique et scelleuse \u00e0 double chambre<\/figcaption><\/figure>","protected":false},"excerpt":{"rendered":"<p>Les machines d'emballage sous vide sont utilis\u00e9es dans diverses industries, dont la plupart sont utilis\u00e9es dans l'emballage de l'industrie alimentaire. Tels que l'emballage sous vide de viande, l'emballage sous vide d'\u0153ufs brais\u00e9s, l'emballage sous vide de saucisses, l'emballage sous vide de cuisses de poulet, l'emballage sous vide de ma\u00efs, etc. L'innovation technologique des machines d'emballage sous vide a continuellement am\u00e9lior\u00e9 notre qualit\u00e9 de vie.<\/p>","protected":false},"author":1,"featured_media":2629,"parent":0,"template":"","tags":[65,98,99,162,175,203,204,272,390,405,440,443,513],"product-type":[666],"class_list":["post-392","product","type-product","status-publish","has-post-thumbnail","hentry","tag-beef-jerky","tag-chicken-feet","tag-chicken-legs","tag-flowers","tag-fresh-fruits","tag-grilled-fish-fillets","tag-ham","tag-meat","tag-rice","tag-sausages","tag-spiced-corned-egg","tag-spicy-strips","tag-vegetables","product-type-vacuum-packaging-machines"],"_links":{"self":[{"href":"https:\/\/taizypackaging.com\/fr\/wp-json\/wp\/v2\/product\/392","targetHints":{"allow":["GET"]}}],"collection":[{"href":"https:\/\/taizypackaging.com\/fr\/wp-json\/wp\/v2\/product"}],"about":[{"href":"https:\/\/taizypackaging.com\/fr\/wp-json\/wp\/v2\/types\/product"}],"author":[{"embeddable":true,"href":"https:\/\/taizypackaging.com\/fr\/wp-json\/wp\/v2\/users\/1"}],"wp:featuredmedia":[{"embeddable":true,"href":"https:\/\/taizypackaging.com\/fr\/wp-json\/wp\/v2\/media\/2629"}],"wp:attachment":[{"href":"https:\/\/taizypackaging.com\/fr\/wp-json\/wp\/v2\/media?parent=392"}],"wp:term":[{"taxonomy":"post_tag","embeddable":true,"href":"https:\/\/taizypackaging.com\/fr\/wp-json\/wp\/v2\/tags?post=392"},{"taxonomy":"product-type","embeddable":true,"href":"https:\/\/taizypackaging.com\/fr\/wp-json\/wp\/v2\/product-type?post=392"}],"curies":[{"name":"wp","href":"https:\/\/api.w.org\/{rel}","templated":true}]}}