{"id":403,"date":"2020-09-10T07:01:03","date_gmt":"2020-09-10T07:01:03","guid":{"rendered":"https:\/\/taizypackaging.com\/?p=403"},"modified":"2024-07-17T17:44:44","modified_gmt":"2024-07-17T09:44:44","slug":"tea-packaging-machine","status":"publish","type":"product","link":"https:\/\/taizypackaging.com\/fr\/tea-packaging-machine\/","title":{"rendered":"Machine d'emballage de sachets de th\u00e9 int\u00e9rieurs et ext\u00e9rieurs"},"content":{"rendered":"<div class=\"kk-star-ratings kksr-auto kksr-align-left kksr-valign-top\"     data-payload='{&quot;align&quot;:&quot;left&quot;,&quot;id&quot;:&quot;403&quot;,&quot;slug&quot;:&quot;default&quot;,&quot;valign&quot;:&quot;top&quot;,&quot;ignore&quot;:&quot;&quot;,&quot;reference&quot;:&quot;auto&quot;,&quot;class&quot;:&quot;&quot;,&quot;count&quot;:&quot;30&quot;,&quot;legendonly&quot;:&quot;&quot;,&quot;readonly&quot;:&quot;&quot;,&quot;score&quot;:&quot;4.8&quot;,&quot;starsonly&quot;:&quot;&quot;,&quot;best&quot;:&quot;5&quot;,&quot;gap&quot;:&quot;5&quot;,&quot;greet&quot;:&quot;Rate this product&quot;,&quot;legend&quot;:&quot;4.8\\\/5 - (30 votes)&quot;,&quot;size&quot;:&quot;24&quot;,&quot;title&quot;:&quot;Inner \\u0026amp; Outer Tea Bag Packing Machine&quot;,&quot;width&quot;:&quot;136.7&quot;,&quot;_legend&quot;:&quot;{score}\\\/{best} - ({count} {votes})&quot;,&quot;font_factor&quot;:&quot;1.25&quot;}'>              <div class=\"kksr-stars\">      <div class=\"kksr-stars-inactive\">             <div class=\"kksr-star\" data-star=\"1\" style=\"padding-right: 5px\">               <div class=\"kksr-icon\" style=\"width: 24px; height: 24px;\"><\/div>         <\/div>             <div class=\"kksr-star\" data-star=\"2\" style=\"padding-right: 5px\">               <div class=\"kksr-icon\" style=\"width: 24px; height: 24px;\"><\/div>         <\/div>             <div class=\"kksr-star\" data-star=\"3\" style=\"padding-right: 5px\">               <div class=\"kksr-icon\" style=\"width: 24px; height: 24px;\"><\/div>         <\/div>             <div class=\"kksr-star\" data-star=\"4\" style=\"padding-right: 5px\">               <div class=\"kksr-icon\" style=\"width: 24px; height: 24px;\"><\/div>         <\/div>             <div class=\"kksr-star\" data-star=\"5\" style=\"padding-right: 5px\">               <div class=\"kksr-icon\" style=\"width: 24px; height: 24px;\"><\/div>         <\/div>     <\/div>      <div class=\"kksr-stars-active\" style=\"width: 136.7px;\">             <div class=\"kksr-star\" style=\"padding-right: 5px\">               <div class=\"kksr-icon\" style=\"width: 24px; height: 24px;\"><\/div>         <\/div>             <div class=\"kksr-star\" style=\"padding-right: 5px\">               <div class=\"kksr-icon\" style=\"width: 24px; height: 24px;\"><\/div>         <\/div>             <div class=\"kksr-star\" style=\"padding-right: 5px\">               <div class=\"kksr-icon\" style=\"width: 24px; height: 24px;\"><\/div>         <\/div>             <div class=\"kksr-star\" style=\"padding-right: 5px\">               <div class=\"kksr-icon\" style=\"width: 24px; height: 24px;\"><\/div>         <\/div>             <div class=\"kksr-star\" style=\"padding-right: 5px\">               <div class=\"kksr-icon\" style=\"width: 24px; height: 24px;\"><\/div>         <\/div>     <\/div> <\/div>                   <div class=\"kksr-legend\" style=\"font-size: 19.2px;\">             4,8\/5 - (30 votes)    <\/div>     <\/div>  <p class=\"translation-block\"><strong>Les machines d'emballage de sachets de th\u00e9<\/strong> sont un outil d'emballage indispensable pour l'industrie de la fabrication de th\u00e9. Elles peuvent lib\u00e9rer de la main-d'\u0153uvre et r\u00e9duire vos co\u00fbts. De plus, de superbes sacs d'emballage peuvent attirer plus de clients vers votre entreprise de th\u00e9. R\u00e9cemment, le th\u00e9 est devenu de plus en plus populaire et il y a une \u00e9norme demande pour les machines d'emballage de th\u00e9. La machine d'emballage de sachets de th\u00e9 peut emballer le sachet int\u00e9rieur et le sachet ext\u00e9rieur en une seule fois, et les combiner automatiquement en un emballage jetable. Elle est adapt\u00e9e \u00e0 l'emballage de divers th\u00e9s, tels que le th\u00e9 \u00e0 la citronnelle, le th\u00e9 noir, le th\u00e9 aux fleurs, le th\u00e9 blanc, le th\u00e9 vert, le th\u00e9 aux herbes, le th\u00e9 en vrac et d'autres th\u00e9s courants sur le march\u00e9. Elle peut \u00e9galement emballer de petits articles granulaires tels que le th\u00e9 m\u00e9dicamenteux et le th\u00e9 en poudre. Cherchez-vous une machine d'emballage de th\u00e9 fiable pour b\u00e9n\u00e9ficier de votre projet ? Contactez-nous pour plus de d\u00e9tails. <\/p>    <h2 class=\"wp-block-heading\">Vid\u00e9o de travail de l'\u00e9quipement d'emballage de th\u00e9<\/h2>   <figure class=\"wp-block-embed-youtube wp-block-embed is-type-video is-provider-youtube wp-embed-aspect-16-9 wp-has-aspect-ratio\"><div class=\"lyte-wrapper fourthree\" title=\"Machine d&#039;emballage de th\u00e9 | Machine d&#039;emballage de sachets de th\u00e9 \u00e0 l&#039;int\u00e9rieur et \u00e0 l&#039;ext\u00e9rieur\" style=\"width:960px;max-width:100%;margin:5px auto;\"><div class=\"lyMe hidef\" id=\"WYL_StbYeKbuokc\" itemprop=\"video\" itemscope itemtype=\"https:\/\/schema.org\/VideoObject\"><div><meta itemprop=\"thumbnailUrl\" content=\"https:\/\/taizypackaging.com\/wp-content\/plugins\/wp-youtube-lyte\/lyteCache.php?origThumbUrl=https%3A%2F%2Fi.ytimg.com%2Fvi%2FStbYeKbuokc%2Fmaxresdefault.jpg\" \/><meta itemprop=\"embedURL\" content=\"https:\/\/www.youtube.com\/embed\/StbYeKbuokc\" \/><meta itemprop=\"duration\" content=\"PT2M19S\" \/><meta itemprop=\"uploadDate\" content=\"2021-08-05T07:13:27Z\" \/><\/div><meta itemprop=\"accessibilityFeature\" content=\"captions\" \/><div id=\"lyte_StbYeKbuokc\" data-src=\"https:\/\/taizypackaging.com\/wp-content\/plugins\/wp-youtube-lyte\/lyteCache.php?origThumbUrl=https%3A%2F%2Fi.ytimg.com%2Fvi%2FStbYeKbuokc%2Fmaxresdefault.jpg\" class=\"pL\"><div class=\"tC\"><div class=\"tT\" itemprop=\"name\">Machine d'emballage de th\u00e9 | Machine d'emballage de sachets de th\u00e9 \u00e0 l'int\u00e9rieur et \u00e0 l'ext\u00e9rieur<\/div><\/div><div class=\"play\"><\/div><div class=\"ctrl\"><div class=\"Lctrl\"><\/div><div class=\"Rctrl\"><\/div><\/div><\/div><noscript><a href=\"https:\/\/youtu.be\/StbYeKbuokc\" rel=\"nofollow noopener\" target=\"_blank\"><img loading=\"lazy\" decoding=\"async\" src=\"https:\/\/taizypackaging.com\/wp-content\/plugins\/wp-youtube-lyte\/lyteCache.php?origThumbUrl=https%3A%2F%2Fi.ytimg.com%2Fvi%2FStbYeKbuokc%2F0.jpg\" alt=\"Machine d&#039;emballage de th\u00e9 | Machine d&#039;emballage de sachets de th\u00e9 \u00e0 l&#039;int\u00e9rieur et \u00e0 l&#039;ext\u00e9rieur\" width=\"960\" height=\"700\" \/><br \/>Watch this video on YouTube<\/a><\/noscript><meta itemprop=\"description\" content=\"WhatsApp\/Wechat\/Tel:+86 19139754781 This machine can pack the inner bag and the outer bag at one time, and automatically combine them into a disposable package.It is suitable for black tea, flower tea, white tea, green tea and other common tea on the market.If you are interested in it,click on:https:\/\/taizypackaging.com\/tea-packaging-machine\/\"><\/div><\/div><div class=\"lL\" style=\"max-width:100%;width:960px;margin:5px auto;\"><\/div><figcaption><\/figcaption><\/figure>   <h2 class=\"wp-block-heading\">Applications de la machine d'emballage automatique de sachets de th\u00e9<\/h2>    <p>La machine \u00e0 emballer le th\u00e9 a un large \u00e9ventail d'applications. Il convient au conditionnement de divers th\u00e9s comme le th\u00e9 vert, le th\u00e9 parfum\u00e9, les tisanes, le th\u00e9 en feuilles, le th\u00e9 sant\u00e9, le th\u00e9 \u00e0 la citronnelle, le th\u00e9 oolong, le th\u00e9 noir, etc. La machine d'emballage automatique de sachets de th\u00e9 remplace l'emballage manuel traditionnel. Cela am\u00e9liore consid\u00e9rablement la productivit\u00e9. De plus, c\u2019est plus s\u00fbr et plus hygi\u00e9nique. Nous utilisons des mat\u00e9riaux de qualit\u00e9 alimentaire pour garantir l'innocuit\u00e9 pour les humains. Si vous \u00eates impliqu\u00e9 dans le commerce du th\u00e9, la machine \u00e0 emballer le th\u00e9 est un excellent outil pour vous. <\/p>    <figure class=\"wp-block-image size-full\"><img loading=\"lazy\" decoding=\"async\" width=\"600\" height=\"450\" src=\"https:\/\/taizypackaging.com\/wp-content\/uploads\/2020\/09\/tea-bag-packing-machine-applications.jpg\" alt=\"applications de machine d&#039;emballage de sachets de th\u00e9\" class=\"wp-image-3336\" srcset=\"https:\/\/taizypackaging.com\/wp-content\/uploads\/2020\/09\/tea-bag-packing-machine-applications.jpg 600w, https:\/\/taizypackaging.com\/wp-content\/uploads\/2020\/09\/tea-bag-packing-machine-applications-300x225.jpg 300w\" sizes=\"auto, (max-width: 600px) 100vw, 600px\" \/><figcaption class=\"wp-element-caption\">applications de machine d'emballage de sachets de th\u00e9<\/figcaption><\/figure>    <h2 class=\"wp-block-heading\" id=\"h-features-of-taizy-tea-packing-machine\">Caract\u00e9ristiques de la machine d'emballage de th\u00e9 Taizy<\/h2>    <ul class=\"wp-block-list\"> <li>Le papier de scellage ext\u00e9rieur est contr\u00f4l\u00e9 par un moteur pas \u00e0 pas, avec une longueur de sac stable et un positionnement pr\u00e9cis.<\/li>    <li>En adoptant un contr\u00f4leur de temp\u00e9rature de r\u00e9glage PID, la temp\u00e9rature est contr\u00f4l\u00e9e avec plus de pr\u00e9cision.<\/li>    <li>Le PLC est utilis\u00e9 pour contr\u00f4ler le mouvement de l'ensemble de la machine, l'affichage de l'interface homme-machine, facile \u00e0 utiliser.<\/li>    <li>Toutes les pi\u00e8ces pouvant entrer en contact avec le mat\u00e9riau sont en acier inoxydable SUS304 pour garantir l'hygi\u00e8ne et la fiabilit\u00e9 des produits.<\/li>    <li>Une partie du cylindre de travail adopte des pi\u00e8ces originales import\u00e9es pour garantir son travail pr\u00e9cis et stable.<\/li>    <li>Le dispositif suppl\u00e9mentaire de cette machine, tel qu'une machine \u00e0 coder, peut compl\u00e9ter les fonctions de cisaillement \u00e0 bouche plate, d'impression de date, de bouche facile \u00e0 d\u00e9chirer, etc.<\/li> <\/ul>    <h2 class=\"wp-block-heading\" id=\"h-what-is-the-cost-of-tea-packing-machine\">Quel est le co\u00fbt de la machine \u00e0 emballer le th\u00e9\u00a0? <\/h2>    <p>En fait, le co\u00fbt des machines \u00e0 emballer le th\u00e9 des diff\u00e9rents fabricants de machines d\u2019emballage varie. Parce que le prix de la machine d'emballage de sachets de th\u00e9 est \u00e9troitement li\u00e9 \u00e0 de nombreux facteurs tels que le mat\u00e9riau de la machine, la structure de la machine, la configuration de la machine, les frais d'exp\u00e9dition, etc. En bref, les bonnes machines m\u00e9ritent de bons prix. Cependant, m\u00eame l\u2019homme d\u2019affaires le plus avis\u00e9 peut \u00eatre tromp\u00e9 par les fournisseurs. Il est donc clairement important de choisir un fournisseur fiable de machines \u00e0 emballer le th\u00e9. Avec de bonnes performances et des prix avantageux, les ensacheuses de th\u00e9 Taizy ont \u00e9t\u00e9 largement salu\u00e9es par les clients du monde entier. Si vous \u00eates int\u00e9ress\u00e9 par cette machine, contactez-nous maintenant pour une liste de prix gratuite de la machine \u00e0 emballer le th\u00e9. <\/p>    <figure class=\"wp-block-image size-full is-resized\"><img decoding=\"async\" src=\"https:\/\/taizypackaging.com\/wp-content\/uploads\/2020\/09\/customer-feedback-of-tea-packing-machine-1.jpg\" alt=\"commentaires des clients sur la machine \u00e0 emballer le th\u00e9\" class=\"wp-image-1144\" style=\"aspect-ratio:1.3333333333333333;width:720px;height:auto\"\/><figcaption class=\"wp-element-caption\">commentaires des clients sur la machine \u00e0 emballer le th\u00e9<\/figcaption><\/figure>    <h2 class=\"wp-block-heading\" id=\"h-technical-parameters-of-tea-bagging-machine\">Param\u00e8tres techniques de la machine \u00e0 ensacher le th\u00e9 <\/h2>    <figure class=\"wp-block-table\"><table><tbody><tr><td>Formulaire de scellement<\/td><td>Scellage sur trois c\u00f4t\u00e9s<\/td><\/tr><tr><td>Plage de pes\u00e9e<\/td><td>1-5 grammes\/sac<\/td><\/tr><tr><td>Taille du sac int\u00e9rieur<\/td><td>Longueur : 50-75 mm<br>Largeur : 50-75 mm<\/td><\/tr><tr><td>Taille du sac ext\u00e9rieur<\/td><td>Longueur : 85-120 mm<br>Largeur : 75-95 mm<\/td><\/tr><tr><td>Taille de l'\u00e9tiquette<\/td><td>25*25<\/td><\/tr><tr><td>Vitesse d'emballage<\/td><td>30-50 sacs\/min<\/td><\/tr><tr><td>pouvoir<\/td><td>220 V\/50 Hz<\/td><\/tr><tr><td>Pouvoir total<\/td><td>3,7 kW<\/td><\/tr><tr><td>Poids<\/td><td>650KG<\/td><\/tr><tr><td>Taille<\/td><td>1050*700*1300<\/td><\/tr><\/tbody><\/table><\/figure>    <h2 class=\"wp-block-heading\" id=\"h-structure-details-of-tea-bag-packaging-machine\">D\u00e9tails de structure de la machine de conditionnement de sachets de th\u00e9<\/h2>    <div class=\"wp-block-columns is-layout-flex wp-container-core-columns-is-layout-9d6595d7 wp-block-columns-is-layout-flex\"> <div class=\"wp-block-column is-layout-flow wp-block-column-is-layout-flow\"> <figure class=\"wp-block-image size-full\"><img decoding=\"async\" src=\"https:\/\/taizypackaging.com\/wp-content\/uploads\/2020\/09\/tea-bag-packing-machine-structure.jpg\" alt=\"structure de la machine \u00e0 emballer les sachets de th\u00e9\" class=\"wp-image-4101\"\/><figcaption class=\"wp-element-caption\">structure de la machine \u00e0 emballer les sachets de th\u00e9<\/figcaption><\/figure> <\/div>    <div class=\"wp-block-column is-layout-flow wp-block-column-is-layout-flow\"> <figure class=\"wp-block-image size-full\"><img decoding=\"async\" src=\"https:\/\/taizypackaging.com\/wp-content\/uploads\/2020\/09\/tea-packing-machine-parts.jpg\" alt=\"pi\u00e8ces de machine \u00e0 emballer le th\u00e9\" class=\"wp-image-4102\"\/><figcaption class=\"wp-element-caption\">pi\u00e8ces de machine \u00e0 emballer le th\u00e9<\/figcaption><\/figure> <\/div> <\/div>    <h2 class=\"wp-block-heading\">Le th\u00e9 est-il une activit\u00e9 rentable ? <\/h2>    <p class=\"translation-block\">Selon l'enqu\u00eate des experts,<a href=\"https:\/\/en.wikipedia.org\/wiki\/Tea\" target=\"_blank\" rel=\"noopener\"> le th\u00e9<\/a> est une cat\u00e9gorie de produit rentable et \u00e0 faible co\u00fbt pour les op\u00e9rateurs par rapport \u00e0 d'autres types de boissons. Selon une diapositive de pr\u00e9sentation d\u00e9taillant les marges b\u00e9n\u00e9ficiaires pour les op\u00e9rateurs commerciaux, \u00ab Le th\u00e9 a une marge b\u00e9n\u00e9ficiaire de 98 % et des co\u00fbts inf\u00e9rieurs. Cela se compare \u00e0 81 % pour le caf\u00e9, 75 % pour l'eau et 38 % pour les boissons non alcoolis\u00e9es. Par cons\u00e9quent, la popularit\u00e9 du th\u00e9 s'explique. Et la machine d'emballage de th\u00e9 a une forte demande. C'est le bon moment pour vous de commencer votre projet de th\u00e9. <\/p>    <h2 class=\"wp-block-heading\" id=\"h-advantages-of-small-tea-bag-packing-machine\">Avantages de la petite machine d\u2019emballage de sachets de th\u00e9<\/h2>    <ol class=\"wp-block-list\" type=\"1\"> <li>En termes d'efficacit\u00e9, c'est plus efficace que le travail manuel.<\/li>    <li>Du point de vue du co\u00fbt, il est inf\u00e9rieur \u00e0 l'emballage manuel.<\/li>    <li>Du point de vue de l'hygi\u00e8ne, il est plus hygi\u00e9nique que l'emballage manuel.<\/li>    <li>L'emballage des produits m\u00e9canis\u00e9s est plus exquis.<\/li> <\/ol>    <h2 class=\"wp-block-heading\" id=\"h-customer-case-from-taizy-packaging-machinery\">Cas client de Taizy Packaging Machinery<\/h2>    <p>Un client grec souhaitait une machine \u00e0 emballer le th\u00e9 pour emballer des sachets int\u00e9rieurs et ext\u00e9rieurs. Notre chef d\u2019entreprise a recommand\u00e9 ce mod\u00e8le, selon les besoins du client. Ce client poss\u00e9dait \u00e0 l\u2019origine une machine \u00e0 emballer le th\u00e9. Mais maintenant, il souhaite augmenter sa production, alors il en a achet\u00e9 une autre pour emballer des fleurs d'hibiscus.<\/p>    <figure class=\"wp-block-image size-large\"><img decoding=\"async\" src=\"https:\/\/taizypackaging.com\/wp-content\/uploads\/2020\/09\/customer-buy-teabag-packaging-machine.jpg\" alt=\"commentaires de notre client Afrique\" class=\"wp-image-697\"\/><figcaption class=\"wp-element-caption\">retour d'exp\u00e9rience de notre client africain<\/figcaption><\/figure>    <h2 class=\"wp-block-heading\">Services \u00e0 valeur ajout\u00e9e<\/h2>    <p>En plus de quelques outils pratiques, nous vous fournirons \u00e9galement les pi\u00e8ces n\u00e9cessaires \u00e0 la machine comme un arbre de m\u00e9lange, un fil de d\u00e9tection de temp\u00e9rature, un tube chauffant, etc. Notre technicien enroulera le fil sur l'emballage int\u00e9rieur directement sur la bobine avant la livraison pour votre convenance. D'ailleurs, notre machine peut \u00eatre utilis\u00e9e avec une machine \u00e0 coder pour faciliter l'impression de la date de production sur les sacs, si vous avez cette exigence, vous pouvez communiquer avec notre responsable \u00e0 l'avance.<\/p>    <figure class=\"wp-block-image size-full\"><img decoding=\"async\" src=\"https:\/\/taizypackaging.com\/wp-content\/uploads\/2021\/08\/01.jpg\" alt=\"\" class=\"wp-image-2598\"\/><figcaption class=\"wp-element-caption\">fil de d\u00e9tection de temp\u00e9rature et tube chauffant<\/figcaption><\/figure>    <figure class=\"wp-block-image size-full\"><img decoding=\"async\" src=\"https:\/\/taizypackaging.com\/wp-content\/uploads\/2021\/08\/02.jpg\" alt=\"\" class=\"wp-image-2599\"\/><figcaption class=\"wp-element-caption\">machine \u00e0 coder disponible<\/figcaption><\/figure>    <h2 class=\"wp-block-heading\">Pourquoi nous choisir?<\/h2>    <p>L'usine d'emballage de Taizy emploie des ing\u00e9nieurs exp\u00e9riment\u00e9s qui ma\u00eetrisent parfaitement les connaissances professionnelles pour garantir la qualit\u00e9 de nos machines et r\u00e9aliser constamment des perc\u00e9es et des innovations technologiques. Toutes nos machines peuvent \u00eatre personnalis\u00e9es selon les besoins des clients. Au cours des dix derni\u00e8res ann\u00e9es, notre usine a mis en place un processus complet et efficace depuis la production jusqu'\u00e0 la livraison. Satisfaire les clients est la premi\u00e8re ligne directrice de notre entreprise Taizy. Et nous recrutons des agents partout dans le monde. Bienvenue \u00e0 nous rejoindre pour un voyage r\u00e9ussi ensemble. <\/p>    <figure class=\"wp-block-image size-full\"><img loading=\"lazy\" decoding=\"async\" width=\"720\" height=\"540\" src=\"https:\/\/taizypackaging.com\/wp-content\/uploads\/2021\/08\/06.jpg\" alt=\"\" class=\"wp-image-2600\" srcset=\"https:\/\/taizypackaging.com\/wp-content\/uploads\/2021\/08\/06.jpg 720w, https:\/\/taizypackaging.com\/wp-content\/uploads\/2021\/08\/06-300x225.jpg 300w\" sizes=\"auto, (max-width: 720px) 100vw, 720px\" \/><figcaption class=\"wp-element-caption\">les photos en direct sont prises en usine<\/figcaption><\/figure>","protected":false},"excerpt":{"rendered":"<p>Notre machine de conditionnement de th\u00e9 peut r\u00e9aliser des emballages de sacs ext\u00e9rieurs, des emballages de sacs int\u00e9rieurs et ext\u00e9rieurs, des emballages de sachets de th\u00e9 avec marque de ligne, des emballages triangulaires en nylon. Zhengzhou Taizy Packaging Machinery est une entreprise moderne int\u00e9grant la R&amp;D, la conception, la fabrication, la vente et la maintenance. Il s'agit principalement de machines automatiques de conditionnement de th\u00e9, de machines de conditionnement de sachets de th\u00e9, etc.<\/p>","protected":false},"author":1,"featured_media":2565,"parent":0,"template":"","tags":[71,92,146,202,209,249,263,277,396,406,411,466,529],"product-type":[667],"class_list":["post-403","product","type-product","status-publish","has-post-thumbnail","hentry","tag-black-tea","tag-cassia","tag-eight-treasure-tea","tag-green-tea","tag-health-products","tag-lemon-tea","tag-longan","tag-medicines","tag-rose-black-tea","tag-scented-tea","tag-seeds","tag-tartary-buckwheat","tag-white-tea","product-type-tea-packing-machine"],"_links":{"self":[{"href":"https:\/\/taizypackaging.com\/fr\/wp-json\/wp\/v2\/product\/403","targetHints":{"allow":["GET"]}}],"collection":[{"href":"https:\/\/taizypackaging.com\/fr\/wp-json\/wp\/v2\/product"}],"about":[{"href":"https:\/\/taizypackaging.com\/fr\/wp-json\/wp\/v2\/types\/product"}],"author":[{"embeddable":true,"href":"https:\/\/taizypackaging.com\/fr\/wp-json\/wp\/v2\/users\/1"}],"wp:featuredmedia":[{"embeddable":true,"href":"https:\/\/taizypackaging.com\/fr\/wp-json\/wp\/v2\/media\/2565"}],"wp:attachment":[{"href":"https:\/\/taizypackaging.com\/fr\/wp-json\/wp\/v2\/media?parent=403"}],"wp:term":[{"taxonomy":"post_tag","embeddable":true,"href":"https:\/\/taizypackaging.com\/fr\/wp-json\/wp\/v2\/tags?post=403"},{"taxonomy":"product-type","embeddable":true,"href":"https:\/\/taizypackaging.com\/fr\/wp-json\/wp\/v2\/product-type?post=403"}],"curies":[{"name":"wp","href":"https:\/\/api.w.org\/{rel}","templated":true}]}}