{"id":4121,"date":"2022-03-03T09:29:14","date_gmt":"2022-03-03T09:29:14","guid":{"rendered":"https:\/\/taizypackaging.com\/?p=4121"},"modified":"2024-07-16T16:35:58","modified_gmt":"2024-07-16T08:35:58","slug":"jumbo-bag-filling-machine","status":"publish","type":"product","link":"https:\/\/taizypackaging.com\/fr\/jumbo-bag-filling-machine\/","title":{"rendered":"Machine de remplissage de sacs g\u00e9ants"},"content":{"rendered":"<div class=\"kk-star-ratings kksr-auto kksr-align-left kksr-valign-top\"     data-payload='{&quot;align&quot;:&quot;left&quot;,&quot;id&quot;:&quot;4121&quot;,&quot;slug&quot;:&quot;default&quot;,&quot;valign&quot;:&quot;top&quot;,&quot;ignore&quot;:&quot;&quot;,&quot;reference&quot;:&quot;auto&quot;,&quot;class&quot;:&quot;&quot;,&quot;count&quot;:&quot;29&quot;,&quot;legendonly&quot;:&quot;&quot;,&quot;readonly&quot;:&quot;&quot;,&quot;score&quot;:&quot;4.5&quot;,&quot;starsonly&quot;:&quot;&quot;,&quot;best&quot;:&quot;5&quot;,&quot;gap&quot;:&quot;5&quot;,&quot;greet&quot;:&quot;Rate this product&quot;,&quot;legend&quot;:&quot;4.5\\\/5 - (29 votes)&quot;,&quot;size&quot;:&quot;24&quot;,&quot;title&quot;:&quot;Jumbo Bag Filling Machine&quot;,&quot;width&quot;:&quot;128&quot;,&quot;_legend&quot;:&quot;{score}\\\/{best} - ({count} {votes})&quot;,&quot;font_factor&quot;:&quot;1.25&quot;}'>              <div class=\"kksr-stars\">      <div class=\"kksr-stars-inactive\">             <div class=\"kksr-star\" data-star=\"1\" style=\"padding-right: 5px\">               <div class=\"kksr-icon\" style=\"width: 24px; height: 24px;\"><\/div>         <\/div>             <div class=\"kksr-star\" data-star=\"2\" style=\"padding-right: 5px\">               <div class=\"kksr-icon\" style=\"width: 24px; height: 24px;\"><\/div>         <\/div>             <div class=\"kksr-star\" data-star=\"3\" style=\"padding-right: 5px\">               <div class=\"kksr-icon\" style=\"width: 24px; height: 24px;\"><\/div>         <\/div>             <div class=\"kksr-star\" data-star=\"4\" style=\"padding-right: 5px\">               <div class=\"kksr-icon\" style=\"width: 24px; height: 24px;\"><\/div>         <\/div>             <div class=\"kksr-star\" data-star=\"5\" style=\"padding-right: 5px\">               <div class=\"kksr-icon\" style=\"width: 24px; height: 24px;\"><\/div>         <\/div>     <\/div>      <div class=\"kksr-stars-active\" style=\"width: 128px;\">             <div class=\"kksr-star\" style=\"padding-right: 5px\">               <div class=\"kksr-icon\" style=\"width: 24px; height: 24px;\"><\/div>         <\/div>             <div class=\"kksr-star\" style=\"padding-right: 5px\">               <div class=\"kksr-icon\" style=\"width: 24px; height: 24px;\"><\/div>         <\/div>             <div class=\"kksr-star\" style=\"padding-right: 5px\">               <div class=\"kksr-icon\" style=\"width: 24px; height: 24px;\"><\/div>         <\/div>             <div class=\"kksr-star\" style=\"padding-right: 5px\">               <div class=\"kksr-icon\" style=\"width: 24px; height: 24px;\"><\/div>         <\/div>             <div class=\"kksr-star\" style=\"padding-right: 5px\">               <div class=\"kksr-icon\" style=\"width: 24px; height: 24px;\"><\/div>         <\/div>     <\/div> <\/div>                   <div class=\"kksr-legend\" style=\"font-size: 19.2px;\">             4,5\/5 - (29 votes)    <\/div>     <\/div>  <p class=\"translation-block\"><strong>Machine d filling de sac g\u00e9ant<\/strong>, ou machine d\u2019emballage de sac tonne, est un type d\u2019\u00e9quipement intelligent de pesage lourd et d\u2019emballage pour la demande de sacs g\u00e9ants. C\u2019est une solution d\u2019emballage multifonctionnelle avec des fonctions de pesage \u00e9lectrique, remplissage automatique, scellement, retrait du sac et nettoyage de poussi\u00e8re. De plus, la machine d filling de sac g\u00e9ant Taizy pr\u00e9sente les avantages d\u2019une structure raisonnable, d\u2019une performance stable, d\u2019une op\u00e9ration facile et d\u2019une grande pr\u00e9cision. <\/p>    <p class=\"translation-block\">De plus, cette <strong>machine d\u2019emballage de gros sacs<\/strong> a une large plage d\u2019applications. Elle s\u2019applique \u00e0 tous les secteurs tels que les produits min\u00e9raux, la chimie, les granul\u00e9s, les mat\u00e9riaux de construction, l\u2019exploitation mini\u00e8re, l\u2019alimentation et l\u2019industrie agro-alimentaire. Si vous recherchez une machine d\u2019emballage de sac g\u00e9ant fiable, envoyez une demande et nous vous r\u00e9pondrons bient\u00f4t. \u00a0\u00a0<\/p>    <h2 class=\"wp-block-heading\">Vid\u00e9o de fonctionnement de la remplisseuse de big bag<\/h2>   <figure class=\"wp-block-embed-youtube wp-block-embed is-type-video is-provider-youtube wp-embed-aspect-16-9 wp-has-aspect-ratio\"><div class=\"lyte-wrapper fourthree\" title=\"Machine de remplissage de sacs g\u00e9ants | Syst\u00e8me de remplissage de big bag haute efficacit\u00e9 et performances stables\" style=\"width:960px;max-width:100%;margin:5px auto;\"><div class=\"lyMe hidef\" id=\"WYL_hsMUZb38lFk\" itemprop=\"video\" itemscope itemtype=\"https:\/\/schema.org\/VideoObject\"><div><meta itemprop=\"thumbnailUrl\" content=\"https:\/\/taizypackaging.com\/wp-content\/plugins\/wp-youtube-lyte\/lyteCache.php?origThumbUrl=https%3A%2F%2Fi.ytimg.com%2Fvi%2FhsMUZb38lFk%2Fmaxresdefault.jpg\" \/><meta itemprop=\"embedURL\" content=\"https:\/\/www.youtube.com\/embed\/hsMUZb38lFk\" \/><meta itemprop=\"duration\" content=\"PT7M21S\" \/><meta itemprop=\"uploadDate\" content=\"2022-03-10T06:28:56Z\" \/><\/div><meta itemprop=\"accessibilityFeature\" content=\"captions\" \/><div id=\"lyte_hsMUZb38lFk\" data-src=\"https:\/\/taizypackaging.com\/wp-content\/plugins\/wp-youtube-lyte\/lyteCache.php?origThumbUrl=https%3A%2F%2Fi.ytimg.com%2Fvi%2FhsMUZb38lFk%2Fmaxresdefault.jpg\" class=\"pL\"><div class=\"tC\"><div class=\"tT\" itemprop=\"name\">Machine de remplissage de sacs g\u00e9ants | Syst\u00e8me de remplissage de big bag haute efficacit\u00e9 et performances stables<\/div><\/div><div class=\"play\"><\/div><div class=\"ctrl\"><div class=\"Lctrl\"><\/div><div class=\"Rctrl\"><\/div><\/div><\/div><noscript><a href=\"https:\/\/youtu.be\/hsMUZb38lFk\" rel=\"nofollow noopener\" target=\"_blank\"><img loading=\"lazy\" decoding=\"async\" src=\"https:\/\/taizypackaging.com\/wp-content\/plugins\/wp-youtube-lyte\/lyteCache.php?origThumbUrl=https%3A%2F%2Fi.ytimg.com%2Fvi%2FhsMUZb38lFk%2F0.jpg\" alt=\"Machine de remplissage de sacs g\u00e9ants | Syst\u00e8me de remplissage de big bag haute efficacit\u00e9 et performances stables\" width=\"960\" height=\"700\" \/><br \/>Watch this video on YouTube<\/a><\/noscript><meta itemprop=\"description\" content=\"#jumbobagfilling #bigbagpacking #fillingmachine Email: info@taizypackaging.com WeChat\/ WhatsApp: +86 18837171591 Useful link: https:\/\/taizypackaging.com\/jumbo-bag-filling-machine\/ This jumbo bag filling machine is designed for big bag packing. It applies to all walks of life like mineral products, chemistry, pellets, building materials, mining, feed, and the food industry. It is a multifunctional packaging solution with functions of electric weighing, automatic filling, sealing, bag removing, and dust cleaning. Performance features of Taizy Jumbo bag filling machine 1. Jumbo bag packing machine for sale is designed and manufactured according to different requirements of customers. The machine uses international standards and advance technology. 2. This machine adopts LCD touch screen to set parameters, easy to operate. 3. A big bag filling machine can equip with a feeding machine and conveyor to realize fully automatic control, which greatly improves efficiency and save cost. 4. We use durable stainless steel material as the machine body structure to ensure long service life. 5. The weighing and filling process of this ton bag packing machine has a high packing precision at high packing speed. 6. Multifunctional. It can packaging both particles and powder products, and is widely used in various industries. You may be also interested in these videos: Powder filling machine 10kg: https:\/\/www.youtube.com\/watch?v=6j2Dz4i-eWY&amp;t=9s Powder filling machine 50kg: https:\/\/www.youtube.com\/watch?v=F5tlcnSb8q4 Granule filling machine 50kg: https:\/\/www.youtube.com\/watch?v=_E3hqS6pwhY Email: info@taizypackaging.com WeChat\/ WhatsApp: +86 18837171591 Useful link: https:\/\/taizypackaging.com\/jumbo-bag-filling-machine\/\"><\/div><\/div><div class=\"lL\" style=\"max-width:100%;width:960px;margin:5px auto;\"><\/div><figcaption><\/figcaption><\/figure>   <h2 class=\"wp-block-heading\">Caract\u00e9ristiques de performance de la machine de remplissage de sacs Taizy Jumbo<\/h2>    <ol class=\"wp-block-list\" type=\"1\"> <li>La machine d'emballage de sacs g\u00e9ants \u00e0 vendre est con\u00e7ue et fabriqu\u00e9e selon les diff\u00e9rentes exigences des clients. La machine utilise des normes internationales et une technologie de pointe.<\/li>    <li>Cette machine adopte un \u00e9cran tactile LCD pour d\u00e9finir les param\u00e8tres, facile \u00e0 utiliser.<\/li>    <li>Une machine de remplissage de big bag peut \u00eatre \u00e9quip\u00e9e d'une machine d'alimentation et d'un convoyeur pour r\u00e9aliser un contr\u00f4le enti\u00e8rement automatique, ce qui am\u00e9liore consid\u00e9rablement l'efficacit\u00e9 et r\u00e9duit les co\u00fbts.<\/li>    <li>Nous utilisons un mat\u00e9riau en acier inoxydable durable comme structure du corps de la machine pour garantir une longue dur\u00e9e de vie.<\/li>    <li>Le processus de pesage et de remplissage de cette machine d'emballage de sacs d'une tonne pr\u00e9sente une pr\u00e9cision d'emballage \u00e9lev\u00e9e \u00e0 une vitesse d'emballage \u00e9lev\u00e9e.<\/li>    <li>Multifonctionnel. Il peut emballer \u00e0 la fois des particules et des produits en poudre et est largement utilis\u00e9 dans diverses industries.<\/li> <\/ol>    <figure class=\"wp-block-image size-full\"><img loading=\"lazy\" decoding=\"async\" width=\"720\" height=\"540\" src=\"https:\/\/taizypackaging.com\/wp-content\/uploads\/2022\/03\/Jumbo-bag-packing-machine-factory.jpg\" alt=\"Usine de machines d&#039;emballage de sacs g\u00e9ants\" class=\"wp-image-4127\" srcset=\"https:\/\/taizypackaging.com\/wp-content\/uploads\/2022\/03\/Jumbo-bag-packing-machine-factory.jpg 720w, https:\/\/taizypackaging.com\/wp-content\/uploads\/2022\/03\/Jumbo-bag-packing-machine-factory-300x225.jpg 300w\" sizes=\"auto, (max-width: 720px) 100vw, 720px\" \/><figcaption class=\"wp-element-caption\">Usine de machines d'emballage de sacs g\u00e9ants<\/figcaption><\/figure>    <h2 class=\"wp-block-heading\">Param\u00e8tres de la machine de remplissage de sacs g\u00e9ants<\/h2>    <figure class=\"wp-block-table\"><table><tbody><tr><td>Mod\u00e8le<\/td><td><strong>ph-2000T<\/strong><\/td><td><strong>ph-2000T<\/strong><\/td><\/tr><tr><td>Applications<\/td><td>Particules<\/td><td>poudre<\/td><\/tr><tr><td>Plage de pes\u00e9e<\/td><td>200-1000kg<\/td><td>200-1500kg<\/td><\/tr><tr><td>Degr\u00e9 de pr\u00e9cision<\/td><td>\u00b10,2%<\/td><td>\u00b10,5%<\/td><\/tr><tr><td>Vitesse d'emballage<\/td><td>Par sac\/2~3min<\/td><td>Min 15 sacs\/heure<\/td><\/tr><tr><td>M\u00e9thode d'alimentation<\/td><td>Alimentation par gravit\u00e9<\/td><td>Alimentation \u00e0 la tari\u00e8re<\/td><\/tr><tr><td>&nbsp;Pression de l'air<\/td><td>0,6-0,8 MPa<\/td><td>0,8 MPa<\/td><\/tr><tr><td>Consommation d'air<\/td><td>1 m3\/heure<\/td><td>1 m3\/heure<\/td><\/tr><tr><td>Consommation d'\u00e9nergie<\/td><td>380V\/8KW<\/td><td>380V\/8KW,50hz<\/td><\/tr><tr><td>Taille de la machine (mm)<\/td><td>2000\u00d72000\u00d73000<\/td><td>2000\u00d72000\u00d73400<\/td><\/tr><\/tbody><\/table><\/figure>    <h2 class=\"wp-block-heading\">Applications de la machine d'emballage de sacs g\u00e9ants \u00e0 vendre<\/h2>    <p>En tant que machine de remplissage de big bag, elle convient \u00e0 l'emballage quantitatif de niveau 200 kg ~ 1 500 kg. Cette machine de remplissage de sacs g\u00e9ants est id\u00e9ale pour divers granul\u00e9s et poudres, tels que la farine, les \u00e9pices, le lait en poudre, la poudre de d\u00e9tergent, la poudre min\u00e9rale, la poudre fine, la poudre de cuivre, la poudre de PVC, la poudre chimique, la nourriture pour animaux, la nourriture pour chiens, la nourriture pour chats, les aliments pour animaux. , haricots, c\u00e9r\u00e9ales, graines, riz, palette en bois, palette en plastique, farine de poisson, farine de ma\u00efs, amidon, etc. &nbsp;<\/p>    <h2 class=\"wp-block-heading\">Sacs de tonnes<\/h2>    <p> Ce big bag robuste est con\u00e7u pour la machine de remplissage de sacs jumbo. Il pr\u00e9sente les caract\u00e9ristiques d'un mat\u00e9riau durable et de bonnes performances. Le big bag ouvert \u00e0 vendre de Taizy utilise du polypropyl\u00e8ne vierge (PP) 100%, qui pr\u00e9sente un excellent caract\u00e8re de r\u00e9sistance. C'est solide et fiable. Les sacs g\u00e9ants adoptent un mat\u00e9riau de qualit\u00e9 alimentaire et peuvent \u00eatre utilis\u00e9s pour l'alimentation, les haricots, les c\u00e9r\u00e9ales, les noix, la construction, le recyclage, l'agriculture, les min\u00e9raux, les engrais et l'industrie alimentaire. <\/p>    <figure class=\"wp-block-image size-full\"><img decoding=\"async\" src=\"https:\/\/taizypackaging.com\/wp-content\/uploads\/2022\/03\/ton-bags.jpg\" alt=\"sacs de tonnes\" class=\"wp-image-4135\"\/><figcaption class=\"wp-element-caption\">sacs en vrac d'une tonne<\/figcaption><\/figure>    <h2 class=\"wp-block-heading\">Structures de la machine d'emballage de sacs d'une tonne <\/h2>    <p>Les principales structures d'une machine de remplissage de sacs jumbo se composent d'un syst\u00e8me de remplissage automatique, d'un support de sac, d'un convoyeur \u00e0 rouleaux, d'un syst\u00e8me de contr\u00f4le intelligent, d'une armoire de commande \u00e9lectrique, d'une balance automatique, d'une t\u00eate de remplissage, d'une structure de support, d'une table vibrante, etc. Une structure simple et raisonnable le rend facile \u00e0 utiliser et \u00e0 entretenir.<\/p>    <figure class=\"wp-block-image size-full\"><img loading=\"lazy\" decoding=\"async\" width=\"720\" height=\"540\" src=\"https:\/\/taizypackaging.com\/wp-content\/uploads\/2022\/03\/big-bag-filling-machine-parts.jpg\" alt=\"pi\u00e8ces de machine de remplissage de big bag\" class=\"wp-image-4128\" srcset=\"https:\/\/taizypackaging.com\/wp-content\/uploads\/2022\/03\/big-bag-filling-machine-parts.jpg 720w, https:\/\/taizypackaging.com\/wp-content\/uploads\/2022\/03\/big-bag-filling-machine-parts-300x225.jpg 300w\" sizes=\"auto, (max-width: 720px) 100vw, 720px\" \/><figcaption class=\"wp-element-caption\">pi\u00e8ces de machine de remplissage de big bag<\/figcaption><\/figure>    <h2 class=\"wp-block-heading\">Processus de travail<\/h2>    <ol class=\"wp-block-list\" type=\"1\"> <li>Sac pr\u00e9fabriqu\u00e9 et serr\u00e9 manuellement<\/li>    <li>Remplissage automatique<\/li>    <li>Pes\u00e9e automatique<\/li>    <li>Convoyeur automatique de sacs finis<\/li> <\/ol>    <h2 class=\"wp-block-heading\">Fabricant de machines de remplissage de sacs g\u00e9ants \u2013 Taizy Packaging <\/h2>    <p class=\"translation-block\">En tant que <a href=\"https:\/\/taizypackaging.com\/fr\/\">fournisseur de solutions d\u2019emballage de premier plan<\/a> en Chine, nous visons \u00e0 d\u00e9velopper des <a href=\"https:\/\/taizypackaging.com\/fr\/machines-category\/\">machines d\u2019emballage<\/a> fiables et comp\u00e9titives pour b\u00e9n\u00e9ficier aux petites entreprises du monde entier. Nous avons con\u00e7u et fabriqu\u00e9 diverses machines de remplissage pour sacs g\u00e9ants afin de r\u00e9pondre aux diff\u00e9rentes exigences des clients. Par ailleurs, nous proposons un service OEM solide pour r\u00e9ellement r\u00e9pondre \u00e0 vos besoins. De plus, il existe une gamme compl\u00e8te d\u2019\u00e9quipements d\u2019emballage disponibles depuis l\u2019usine Taizy. N\u2019h\u00e9sitez pas \u00e0 nous faire part de vos exigences, et nous ferons de notre mieux pour b\u00e9n\u00e9ficier \u00e0 votre activit\u00e9. <\/p>","protected":false},"excerpt":{"rendered":"<p>Jumbo bag filling machine, or ton bag packing machine, is a kind of intelligent heavy weigh and packing equipment for jumbo bags demand. It is a multifunctional packaging solution with functions of electric weighing, automatic filling, sealing, bag removing, and dust cleaning. Besides, Taizy jumbo bag filling machine has the advantages of reasonable structure, stable [&hellip;]<\/p>\n","protected":false},"author":1,"featured_media":4125,"parent":0,"template":"","tags":[621,620],"product-type":[659],"class_list":["post-4121","product","type-product","status-publish","has-post-thumbnail","hentry","tag-big-bag-filling-machine","tag-jumbo-bag-packing-machine","product-type-granule-packing-machines"],"_links":{"self":[{"href":"https:\/\/taizypackaging.com\/fr\/wp-json\/wp\/v2\/product\/4121","targetHints":{"allow":["GET"]}}],"collection":[{"href":"https:\/\/taizypackaging.com\/fr\/wp-json\/wp\/v2\/product"}],"about":[{"href":"https:\/\/taizypackaging.com\/fr\/wp-json\/wp\/v2\/types\/product"}],"author":[{"embeddable":true,"href":"https:\/\/taizypackaging.com\/fr\/wp-json\/wp\/v2\/users\/1"}],"wp:featuredmedia":[{"embeddable":true,"href":"https:\/\/taizypackaging.com\/fr\/wp-json\/wp\/v2\/media\/4125"}],"wp:attachment":[{"href":"https:\/\/taizypackaging.com\/fr\/wp-json\/wp\/v2\/media?parent=4121"}],"wp:term":[{"taxonomy":"post_tag","embeddable":true,"href":"https:\/\/taizypackaging.com\/fr\/wp-json\/wp\/v2\/tags?post=4121"},{"taxonomy":"product-type","embeddable":true,"href":"https:\/\/taizypackaging.com\/fr\/wp-json\/wp\/v2\/product-type?post=4121"}],"curies":[{"name":"wp","href":"https:\/\/api.w.org\/{rel}","templated":true}]}}