{"id":4178,"date":"2022-03-08T09:38:23","date_gmt":"2022-03-08T09:38:23","guid":{"rendered":"https:\/\/taizypackaging.com\/?p=4178"},"modified":"2024-07-10T18:39:46","modified_gmt":"2024-07-10T10:39:46","slug":"automatic-can-sealing-machine","status":"publish","type":"product","link":"https:\/\/taizypackaging.com\/fr\/automatic-can-sealing-machine\/","title":{"rendered":"Machine \u00e0 sceller les canettes automatique"},"content":{"rendered":"<div class=\"kk-star-ratings kksr-auto kksr-align-left kksr-valign-top\"     data-payload='{&quot;align&quot;:&quot;left&quot;,&quot;id&quot;:&quot;4178&quot;,&quot;slug&quot;:&quot;default&quot;,&quot;valign&quot;:&quot;top&quot;,&quot;ignore&quot;:&quot;&quot;,&quot;reference&quot;:&quot;auto&quot;,&quot;class&quot;:&quot;&quot;,&quot;count&quot;:&quot;13&quot;,&quot;legendonly&quot;:&quot;&quot;,&quot;readonly&quot;:&quot;&quot;,&quot;score&quot;:&quot;4.8&quot;,&quot;starsonly&quot;:&quot;&quot;,&quot;best&quot;:&quot;5&quot;,&quot;gap&quot;:&quot;5&quot;,&quot;greet&quot;:&quot;Rate this product&quot;,&quot;legend&quot;:&quot;4.8\\\/5 - (13 votes)&quot;,&quot;size&quot;:&quot;24&quot;,&quot;title&quot;:&quot;Automatic Can Sealing Machine&quot;,&quot;width&quot;:&quot;136.7&quot;,&quot;_legend&quot;:&quot;{score}\\\/{best} - ({count} {votes})&quot;,&quot;font_factor&quot;:&quot;1.25&quot;}'>              <div class=\"kksr-stars\">      <div class=\"kksr-stars-inactive\">             <div class=\"kksr-star\" data-star=\"1\" style=\"padding-right: 5px\">               <div class=\"kksr-icon\" style=\"width: 24px; height: 24px;\"><\/div>         <\/div>             <div class=\"kksr-star\" data-star=\"2\" style=\"padding-right: 5px\">               <div class=\"kksr-icon\" style=\"width: 24px; height: 24px;\"><\/div>         <\/div>             <div class=\"kksr-star\" data-star=\"3\" style=\"padding-right: 5px\">               <div class=\"kksr-icon\" style=\"width: 24px; height: 24px;\"><\/div>         <\/div>             <div class=\"kksr-star\" data-star=\"4\" style=\"padding-right: 5px\">               <div class=\"kksr-icon\" style=\"width: 24px; height: 24px;\"><\/div>         <\/div>             <div class=\"kksr-star\" data-star=\"5\" style=\"padding-right: 5px\">               <div class=\"kksr-icon\" style=\"width: 24px; height: 24px;\"><\/div>         <\/div>     <\/div>      <div class=\"kksr-stars-active\" style=\"width: 136.7px;\">             <div class=\"kksr-star\" style=\"padding-right: 5px\">               <div class=\"kksr-icon\" style=\"width: 24px; height: 24px;\"><\/div>         <\/div>             <div class=\"kksr-star\" style=\"padding-right: 5px\">               <div class=\"kksr-icon\" style=\"width: 24px; height: 24px;\"><\/div>         <\/div>             <div class=\"kksr-star\" style=\"padding-right: 5px\">               <div class=\"kksr-icon\" style=\"width: 24px; height: 24px;\"><\/div>         <\/div>             <div class=\"kksr-star\" style=\"padding-right: 5px\">               <div class=\"kksr-icon\" style=\"width: 24px; height: 24px;\"><\/div>         <\/div>             <div class=\"kksr-star\" style=\"padding-right: 5px\">               <div class=\"kksr-icon\" style=\"width: 24px; height: 24px;\"><\/div>         <\/div>     <\/div> <\/div>                   <div class=\"kksr-legend\" style=\"font-size: 19.2px;\">             4,8\/5 - (13 votes)    <\/div>     <\/div>  <p class=\"translation-block\"><strong>La machine de scellement automatique de canettes<\/strong> est adapt\u00e9e \u00e0 divers types de canettes en m\u00e9tal, comme les canettes en fer-blanc, les canettes en aluminium, etc. Elle est largement utilis\u00e9e dans l'industrie alimentaire et des boissons, l'industrie chimique et l'industrie pharmaceutique. En fait, c'est une sorte de machine de scellement de canettes intelligente. La machine de scellement de canettes utilise un syst\u00e8me de d\u00e9tection automatique, pas de canettes pas de scellement. De plus, adoptant un syst\u00e8me de contr\u00f4le PLC et un grand \u00e9cran tactile, la machine de scellement automatique de canettes est facile \u00e0 utiliser. Compar\u00e9e \u00e0 une machine de scellement de canettes manuelle, la productivit\u00e9 de cette machine de scellement est 3 fois sup\u00e9rieure. Nous croyons qu'elle am\u00e9liorera consid\u00e9rablement votre efficacit\u00e9 et b\u00e9n\u00e9ficiera \u00e0 votre entreprise. Envoyez-nous une demande de devis gratuit aujourd'hui.<\/p>    <h2 class=\"wp-block-heading\">Vid\u00e9o de fonctionnement de la machine \u00e0 coudre les bo\u00eetes automatiques<\/h2>   <figure class=\"wp-block-embed-youtube wp-block-embed is-type-video is-provider-youtube wp-embed-aspect-16-9 wp-has-aspect-ratio\"><div class=\"lyte-wrapper fourthree\" title=\"Machine automatique de scellage de bo\u00eetes m\u00e9talliques | Machine industrielle de sertissage de canettes en \u00e9tain\/aluminium pour aliments et boissons\" style=\"width:960px;max-width:100%;margin:5px auto;\"><div class=\"lyMe hidef\" id=\"WYL_hNiEN74gmak\" itemprop=\"video\" itemscope itemtype=\"https:\/\/schema.org\/VideoObject\"><div><meta itemprop=\"thumbnailUrl\" content=\"https:\/\/taizypackaging.com\/wp-content\/plugins\/wp-youtube-lyte\/lyteCache.php?origThumbUrl=https%3A%2F%2Fi.ytimg.com%2Fvi%2FhNiEN74gmak%2Fmaxresdefault.jpg\" \/><meta itemprop=\"embedURL\" content=\"https:\/\/www.youtube.com\/embed\/hNiEN74gmak\" \/><meta itemprop=\"duration\" content=\"PT2M30S\" \/><meta itemprop=\"uploadDate\" content=\"2022-03-09T07:04:03Z\" \/><\/div><div id=\"lyte_hNiEN74gmak\" data-src=\"https:\/\/taizypackaging.com\/wp-content\/plugins\/wp-youtube-lyte\/lyteCache.php?origThumbUrl=https%3A%2F%2Fi.ytimg.com%2Fvi%2FhNiEN74gmak%2Fmaxresdefault.jpg\" class=\"pL\"><div class=\"tC\"><div class=\"tT\" itemprop=\"name\">Machine automatique de scellage de bo\u00eetes m\u00e9talliques | Machine industrielle de sertissage de canettes en \u00e9tain\/aluminium pour aliments et boissons<\/div><\/div><div class=\"play\"><\/div><div class=\"ctrl\"><div class=\"Lctrl\"><\/div><div class=\"Rctrl\"><\/div><\/div><\/div><noscript><a href=\"https:\/\/youtu.be\/hNiEN74gmak\" rel=\"nofollow noopener\" target=\"_blank\"><img loading=\"lazy\" decoding=\"async\" src=\"https:\/\/taizypackaging.com\/wp-content\/plugins\/wp-youtube-lyte\/lyteCache.php?origThumbUrl=https%3A%2F%2Fi.ytimg.com%2Fvi%2FhNiEN74gmak%2F0.jpg\" alt=\"Machine automatique de scellage de bo\u00eetes m\u00e9talliques | Machine industrielle de sertissage de canettes en \u00e9tain\/aluminium pour aliments et boissons\" width=\"960\" height=\"700\" \/><br \/>Watch this video on YouTube<\/a><\/noscript><meta itemprop=\"description\" content=\"#cansealer #canseamer #cansealingmachine Email: info@taizypackaging.com WeChat\/ WhatsApp: +86 18837171591 Useful link: https:\/\/taizypackaging.com\/automatic-can-sealing-machine\/ --------------------------------------------------------------------------------------------------------------------- This automatic can sealing machine is designed for various round metal cans, such as tin cans, aluminum cans, etc. And it is widely applied in food&amp;beverage industry, chemical industry, and pharmaceutical industry. Automatic can sealing machine or automatic can seamer machine is applied for sealing various metal cans. It is suitable for sealing containers made up of plastic, tin, aluminum, glass, jar, pot, PET, paperboard, and others. Different from manual can sealer machine that needs a push-button or footswitch for operation, this fully automatic can sealing machine does not need any manual operation. Automatic can sealer is essential for factories with large production requirements. They need this machine for much higher efficiency and lower cost. ------------------------------------------------------------------------------------------------------------------------ You may also like these videos: Automatic round bottle labeling machine: https:\/\/www.youtube.com\/watch?v=CCdx5K88i5Q Automatic carton\/box packing machine: https:\/\/www.youtube.com\/watch?v=SpZuuzjcpSs&amp;t=3s ------------------------------------------------------------------------------------------------------------------------ Email: info@taizypackaging.com WeChat\/ WhatsApp: +86 18837171591 Useful link: https:\/\/taizypackaging.com\/automatic-can-sealing-machine\/\"><\/div><\/div><div class=\"lL\" style=\"max-width:100%;width:960px;margin:5px auto;\"><\/div><figcaption><\/figcaption><\/figure>   <h2 class=\"wp-block-heading\">Caract\u00e9ristiques de performance de la machine \u00e0 sceller les bo\u00eetes automatiques Taizy<\/h2>    <ol class=\"wp-block-list\" type=\"1\"> <li>Syst\u00e8me de d\u00e9tection intelligent. Ce n'est que lorsque la machine trouvera des canettes qu'elle fonctionnera. Et pas de canettes, pas de scellement.<\/li>    <li>Op\u00e9ration facile. La machine \u00e0 sceller les canettes automatique utilise un syst\u00e8me de contr\u00f4le intelligent et un grand \u00e9cran tactile, facile \u00e0 utiliser et \u00e0 entretenir. <\/li>    <li>Forte capacit\u00e9 de production. Niveau d'automatisation \u00e9lev\u00e9, c'est un \u00e9quipement adapt\u00e9 au remplissage de la ligne de production de scellage.<\/li>    <li>La roue d'\u00e9tanch\u00e9it\u00e9 import\u00e9e de Taiwan pr\u00e9sente une duret\u00e9 \u00e9lev\u00e9e, une bonne r\u00e9sistance \u00e0 l'usure, aucune rouille et d'excellentes performances d'\u00e9tanch\u00e9it\u00e9.<\/li>    <li>Structure du corps en acier inoxydable. Il est durable et a une longue dur\u00e9e de vie.<\/li>    <li>Applications larges. La scelleuse de bo\u00eetes industrielles est id\u00e9ale pour diverses bo\u00eetes de conserve, bo\u00eetes en aluminium et toutes sortes de bo\u00eetes m\u00e9talliques rondes.<\/li>    <li>Service OEM\/ODM. Nous avons une puissante capacit\u00e9 \u00e0 fournir des services de personnalisation pour r\u00e9pondre aux exigences des clients.<\/li> <\/ol>    <figure class=\"wp-block-image size-full\"><img decoding=\"async\" src=\"https:\/\/taizypackaging.com\/wp-content\/uploads\/2022\/03\/can-sealing-machine-factory.jpg\" alt=\"Usine de machine \u00e0 sceller les bo\u00eetes de conserve\" class=\"wp-image-4183\"\/><figcaption class=\"wp-element-caption\">Usine de machine \u00e0 sceller les bo\u00eetes de conserve<\/figcaption><\/figure>    <h2 class=\"wp-block-heading\">Param\u00e8tres de la machine \u00e0 sceller les bo\u00eetes automatiques<\/h2>    <figure class=\"wp-block-table\"><table><tbody><tr><td>Mod\u00e8le<\/td><td>LT1035<\/td><td>AT-FG<\/td><\/tr><tr><td>Pouvoir<\/td><td>220 V, 50-60 Hz<\/td><td>220 V, 50-60 Hz, 1,5 kW<\/td><\/tr><tr><td>Vitesse de production<\/td><td>30-60 canettes\/min<\/td><td>25-35 canettes\/min<\/td><\/tr><tr><td>Taille de bouteille applicable<\/td><td>\u03c6\u00a0: 70-130\u00a0mm<br>H : 60-190 mm<\/td><td>\u03c6 : 50-130 mm<br>H\uff1a\u226470 mm, 70-200 mm<\/td><\/tr><tr><td>Poids<\/td><td>350 kg<\/td><td>500 kg<\/td><\/tr><tr><td>Dimension<\/td><td>3000*1000*1500mm<\/td><td>3000*900*1800<\/td><\/tr><\/tbody><\/table><\/figure>    <p>Remarque\u00a0: le service OEM\/ODM est disponible<\/p>    <h2 class=\"wp-block-heading\">Marques d'accessoires c\u00e9l\u00e8bres de notre machine \u00e0 sceller les canettes<\/h2>    <figure class=\"wp-block-table\"><table><tbody><tr><td>\u00c9lectrovanne<\/td><td>AirTAC<\/td><\/tr><tr><td>Relais<\/td><td>Schneider<\/td><\/tr><tr><td>Contacteur CA<\/td><td>AUTONIQUE<\/td><\/tr><tr><td>D\u00e9tecteur de proximit\u00e9<\/td><td>AUTONIQUE<\/td><\/tr><tr><td>Interrupteur photo\u00e9lectrique<\/td><td>AUTONIQUE<\/td><\/tr><tr><td>Cylindre<\/td><td>AirTAC<\/td><\/tr><tr><td>Bouton<\/td><td>Schneider<\/td><\/tr><\/tbody><\/table><\/figure>    <h2 class=\"wp-block-heading\">Qu'est-ce qu'une scelleuse automatique de canettes ?<\/h2>    <p>Une machine \u00e0 sceller les bo\u00eetes automatiques ou une machine \u00e0 sertir les bo\u00eetes automatique est utilis\u00e9e pour sceller diverses bo\u00eetes m\u00e9talliques. Il convient pour sceller des r\u00e9cipients en plastique, \u00e9tain, aluminium, verre, bocal, pot, PET, carton et autres. Diff\u00e9rente d'une machine \u00e0 sceller les bo\u00eetes manuelle qui n\u00e9cessite un bouton-poussoir ou une p\u00e9dale pour fonctionner, cette machine \u00e0 sceller les bo\u00eetes enti\u00e8rement automatique ne n\u00e9cessite aucune op\u00e9ration manuelle.<\/p>    <p>La scelleuse automatique de bo\u00eetes de conserve est essentielle pour les usines ayant des besoins de production importants. Ils ont besoin de cette machine pour une efficacit\u00e9 bien sup\u00e9rieure et un co\u00fbt inf\u00e9rieur. De plus, cette machine peut fonctionner avec des machines de remplissage et d'emballage pour une ligne de production compl\u00e8te.<\/p>    <figure class=\"wp-block-image size-full\"><img decoding=\"async\" src=\"https:\/\/taizypackaging.com\/wp-content\/uploads\/2022\/03\/automatic-can-sealer-applications.jpg\" alt=\"applications de scelleuse automatique de bo\u00eetes de conserve\" class=\"wp-image-4184\"\/><figcaption class=\"wp-element-caption\">applications de scelleuse automatique de bo\u00eetes de conserve<\/figcaption><\/figure>    <h2 class=\"wp-block-heading\">Personnalisation de votre sertisseuse de bo\u00eetes automatique<\/h2>    <p class=\"translation-block\">En tant que l'un des principaux fabricants de solutions d'emballage en Chine, <a href=\"https:\/\/taizypackaging.com\/fr\/\">Taizy Packaging Machinery<\/a> a une forte capacit\u00e9 OEM\/ODM pour fournir d'excellentes machines de scellement de canettes pour b\u00e9n\u00e9ficier \u00e0 votre projet. Avant de commencer votre activit\u00e9, il est n\u00e9cessaire pour nous de vous aider \u00e0 comprendre vos besoins. Par exemple, quels produits et mat\u00e9riaux d'emballage souhaitez-vous utiliser ? Quelle est la demande de production de votre usine ? Quelle est la structure de votre usine ? Et vos autres exigences sp\u00e9ciales. Contactez-nous maintenant pour commencer votre projet. &nbsp;<\/p>","protected":false},"excerpt":{"rendered":"<p>Automatic can sealing machine is suitable for various metal cans, such as tin cans, aluminum cans, etc. It is widely applied in food&amp;beverage industry, chemical industry, and pharmaceutical industry. Actually, it is a kind of intelligent can sealing machine. The can sealing machine uses an automatic detection system, no cans no sealing. Besides, adopting a [&hellip;]<\/p>\n","protected":false},"author":1,"featured_media":4890,"parent":0,"template":"","tags":[612,548],"product-type":[663],"class_list":["post-4178","product","type-product","status-publish","has-post-thumbnail","hentry","tag-can-sealing-machine","tag-sealing-machine","product-type-bottle-filling-production-line"],"_links":{"self":[{"href":"https:\/\/taizypackaging.com\/fr\/wp-json\/wp\/v2\/product\/4178","targetHints":{"allow":["GET"]}}],"collection":[{"href":"https:\/\/taizypackaging.com\/fr\/wp-json\/wp\/v2\/product"}],"about":[{"href":"https:\/\/taizypackaging.com\/fr\/wp-json\/wp\/v2\/types\/product"}],"author":[{"embeddable":true,"href":"https:\/\/taizypackaging.com\/fr\/wp-json\/wp\/v2\/users\/1"}],"wp:featuredmedia":[{"embeddable":true,"href":"https:\/\/taizypackaging.com\/fr\/wp-json\/wp\/v2\/media\/4890"}],"wp:attachment":[{"href":"https:\/\/taizypackaging.com\/fr\/wp-json\/wp\/v2\/media?parent=4178"}],"wp:term":[{"taxonomy":"post_tag","embeddable":true,"href":"https:\/\/taizypackaging.com\/fr\/wp-json\/wp\/v2\/tags?post=4178"},{"taxonomy":"product-type","embeddable":true,"href":"https:\/\/taizypackaging.com\/fr\/wp-json\/wp\/v2\/product-type?post=4178"}],"curies":[{"name":"wp","href":"https:\/\/api.w.org\/{rel}","templated":true}]}}