{"id":4229,"date":"2022-03-11T09:42:24","date_gmt":"2022-03-11T09:42:24","guid":{"rendered":"https:\/\/taizypackaging.com\/?p=4229"},"modified":"2024-07-10T18:38:17","modified_gmt":"2024-07-10T10:38:17","slug":"bottle-washing-machine","status":"publish","type":"product","link":"https:\/\/taizypackaging.com\/fr\/bottle-washing-machine\/","title":{"rendered":"Machine \u00e0 laver les bouteilles"},"content":{"rendered":"<div class=\"kk-star-ratings kksr-auto kksr-align-left kksr-valign-top\"     data-payload='{&quot;align&quot;:&quot;left&quot;,&quot;id&quot;:&quot;4229&quot;,&quot;slug&quot;:&quot;default&quot;,&quot;valign&quot;:&quot;top&quot;,&quot;ignore&quot;:&quot;&quot;,&quot;reference&quot;:&quot;auto&quot;,&quot;class&quot;:&quot;&quot;,&quot;count&quot;:&quot;20&quot;,&quot;legendonly&quot;:&quot;&quot;,&quot;readonly&quot;:&quot;&quot;,&quot;score&quot;:&quot;4.6&quot;,&quot;starsonly&quot;:&quot;&quot;,&quot;best&quot;:&quot;5&quot;,&quot;gap&quot;:&quot;5&quot;,&quot;greet&quot;:&quot;Rate this product&quot;,&quot;legend&quot;:&quot;4.6\\\/5 - (20 votes)&quot;,&quot;size&quot;:&quot;24&quot;,&quot;title&quot;:&quot;Bottle Washing Machine&quot;,&quot;width&quot;:&quot;130.9&quot;,&quot;_legend&quot;:&quot;{score}\\\/{best} - ({count} {votes})&quot;,&quot;font_factor&quot;:&quot;1.25&quot;}'>              <div class=\"kksr-stars\">      <div class=\"kksr-stars-inactive\">             <div class=\"kksr-star\" data-star=\"1\" style=\"padding-right: 5px\">               <div class=\"kksr-icon\" style=\"width: 24px; height: 24px;\"><\/div>         <\/div>             <div class=\"kksr-star\" data-star=\"2\" style=\"padding-right: 5px\">               <div class=\"kksr-icon\" style=\"width: 24px; height: 24px;\"><\/div>         <\/div>             <div class=\"kksr-star\" data-star=\"3\" style=\"padding-right: 5px\">               <div class=\"kksr-icon\" style=\"width: 24px; height: 24px;\"><\/div>         <\/div>             <div class=\"kksr-star\" data-star=\"4\" style=\"padding-right: 5px\">               <div class=\"kksr-icon\" style=\"width: 24px; height: 24px;\"><\/div>         <\/div>             <div class=\"kksr-star\" data-star=\"5\" style=\"padding-right: 5px\">               <div class=\"kksr-icon\" style=\"width: 24px; height: 24px;\"><\/div>         <\/div>     <\/div>      <div class=\"kksr-stars-active\" style=\"width: 130.9px;\">             <div class=\"kksr-star\" style=\"padding-right: 5px\">               <div class=\"kksr-icon\" style=\"width: 24px; height: 24px;\"><\/div>         <\/div>             <div class=\"kksr-star\" style=\"padding-right: 5px\">               <div class=\"kksr-icon\" style=\"width: 24px; height: 24px;\"><\/div>         <\/div>             <div class=\"kksr-star\" style=\"padding-right: 5px\">               <div class=\"kksr-icon\" style=\"width: 24px; height: 24px;\"><\/div>         <\/div>             <div class=\"kksr-star\" style=\"padding-right: 5px\">               <div class=\"kksr-icon\" style=\"width: 24px; height: 24px;\"><\/div>         <\/div>             <div class=\"kksr-star\" style=\"padding-right: 5px\">               <div class=\"kksr-icon\" style=\"width: 24px; height: 24px;\"><\/div>         <\/div>     <\/div> <\/div>                   <div class=\"kksr-legend\" style=\"font-size: 19.2px;\">             4,6\/5 - (20 votes)    <\/div>     <\/div>  <p class=\"translation-block\"><strong>Machine \u00e0 laver les bouteilles<\/strong> ou <strong>laveuse de bouteilles<\/strong> est con\u00e7ue pour nettoyer les bouteilles avant le remplissage. Elle est largement utilis\u00e9e dans les usines d'eau, les usines de boissons, les usines de vin, les usines cosm\u00e9tiques, les usines pharmaceutiques et d'autres lignes de production. De plus, la <strong>machine de nettoyage des bouteilles<\/strong> est adapt\u00e9e \u00e0 divers types de bouteilles, telles que les bouteilles en plastique, les bouteilles en verre, les bouteilles PET, les bouteilles de lait, les bouteilles de bi\u00e8re, les bouteilles d'eau, les bouteilles de vin, les bouteilles de soda, etc. Elle peut traiter des dizaines de bouteilles \u00e0 la fois, de mani\u00e8re efficace et fiable. Et la capacit\u00e9 de production peut atteindre 3000 bouteilles en une heure. Les laveuses de bouteilles sont des \u00e9quipements essentiels pour de nombreuses grandes industries manufacturi\u00e8res. Elles peuvent grandement am\u00e9liorer votre efficacit\u00e9 et b\u00e9n\u00e9ficier \u00e0 votre entreprise. &nbsp;<\/p>    <h2 class=\"wp-block-heading\">Caract\u00e9ristiques de performances<\/h2>    <ol class=\"wp-block-list\" type=\"1\"><li>Adoptez un syst\u00e8me pneumatique et une pompe \u00e0 eau chaude en acier inoxydable, propre et hygi\u00e9nique, sans pollution.<\/li><li>Le r\u00e9servoir d'eau peut \u00eatre chauff\u00e9 \u00e0 la vapeur ou \u00e9lectrique, contr\u00f4le automatique de la temp\u00e9rature, syst\u00e8me de contr\u00f4le PLC, le temps de nettoyage par ultrasons peut \u00eatre r\u00e9gl\u00e9 librement.<\/li><li>La m\u00e9thode de nettoyage des plaques plates permet de r\u00e9aliser un faible taux de dommages aux bouteilles.<\/li><li>Le plateau \u00e0 flacons rempli d'ampoule peut \u00eatre directement mis dans le four de st\u00e9rilisation sans se retourner.<\/li><li>Le tuyau de pulv\u00e9risation peut \u00eatre ajust\u00e9 de haut en bas, adapt\u00e9 au nettoyage des bouteilles en verre et des bouteilles en plastique de diff\u00e9rentes hauteurs, qualit\u00e9 de nettoyage conforme aux exigences standard GMP.<\/li><li>Les deux c\u00f4t\u00e9s du rail de guidage du garde-corps peuvent \u00eatre r\u00e9gl\u00e9s \u00e0 gauche et \u00e0 droite, adapt\u00e9s au nettoyage de diff\u00e9rentes tailles de bouteilles en verre et de bouteilles en plastique.<\/li><li>Avec un dispositif d\u2019\u00e9limination de l\u2019eau r\u00e9siduelle, vous pouvez \u00e9conomiser les ressources en eau des usines.<\/li><\/ol>    <h2 class=\"wp-block-heading\">Vid\u00e9o de fonctionnement de la machine \u00e0 laver les bouteilles <\/h2>   <figure class=\"wp-block-embed-youtube wp-block-embed is-type-video is-provider-youtube wp-embed-aspect-16-9 wp-has-aspect-ratio\"><div class=\"lyte-wrapper fourthree\" title=\"Machine de nettoyage, de lavage et de rin\u00e7age automatique des bouteilles | Lave-bouteilles pour eau, bi\u00e8re, soda, vin, lait\" style=\"width:960px;max-width:100%;margin:5px auto;\"><div class=\"lyMe hidef\" id=\"WYL_Y02hdzKkCXo\" itemprop=\"video\" itemscope itemtype=\"https:\/\/schema.org\/VideoObject\"><div><meta itemprop=\"thumbnailUrl\" content=\"https:\/\/taizypackaging.com\/wp-content\/plugins\/wp-youtube-lyte\/lyteCache.php?origThumbUrl=https%3A%2F%2Fi.ytimg.com%2Fvi%2FY02hdzKkCXo%2Fmaxresdefault.jpg\" \/><meta itemprop=\"embedURL\" content=\"https:\/\/www.youtube.com\/embed\/Y02hdzKkCXo\" \/><meta itemprop=\"duration\" content=\"PT1M41S\" \/><meta itemprop=\"uploadDate\" content=\"2022-03-22T07:24:52Z\" \/><\/div><div id=\"lyte_Y02hdzKkCXo\" data-src=\"https:\/\/taizypackaging.com\/wp-content\/plugins\/wp-youtube-lyte\/lyteCache.php?origThumbUrl=https%3A%2F%2Fi.ytimg.com%2Fvi%2FY02hdzKkCXo%2Fmaxresdefault.jpg\" class=\"pL\"><div class=\"tC\"><div class=\"tT\" itemprop=\"name\">Machine de nettoyage, de lavage et de rin\u00e7age automatique des bouteilles | Lave-bouteilles pour eau, bi\u00e8re, soda, vin, lait<\/div><\/div><div class=\"play\"><\/div><div class=\"ctrl\"><div class=\"Lctrl\"><\/div><div class=\"Rctrl\"><\/div><\/div><\/div><noscript><a href=\"https:\/\/youtu.be\/Y02hdzKkCXo\" rel=\"nofollow noopener\" target=\"_blank\"><img loading=\"lazy\" decoding=\"async\" src=\"https:\/\/taizypackaging.com\/wp-content\/plugins\/wp-youtube-lyte\/lyteCache.php?origThumbUrl=https%3A%2F%2Fi.ytimg.com%2Fvi%2FY02hdzKkCXo%2F0.jpg\" alt=\"Machine de nettoyage, de lavage et de rin\u00e7age automatique des bouteilles | Lave-bouteilles pour eau, bi\u00e8re, soda, vin, lait\" width=\"960\" height=\"700\" \/><br \/>Watch this video on YouTube<\/a><\/noscript><meta itemprop=\"description\" content=\"#bottlewasher #bottlecleaningmachine #bottlerinsing Email: info@taizypackaging.com WhatsApp\/ WeChat: +86 18837171591 Useful link: https:\/\/taizypackaging.com\/bottle-washing-machine\/ ---------------------------------------------- Bottle washing machine is the equipment used for bottle cleaning and rinsing. We supply three types of bottle washers. One is equipped with 32 bottle placing positions. It occupied a small space, suitable for small and middle plants. When using the bottle cleaning machine, placing bottles upside down, bottles will rotate followed by a turntable. It will spray water into the bottles when the bottle reaches the spraying nozzles. The second type of water rinsing machine has 54 bottle holders. They are linked by a chain. Starting the bottle washer, the bottle holders will spin around two toothed gears. When the bottles are conveyed to spouts, it will spraying water into bottles. Besides, waters will drip on the bottles through the curtain above. The other one is an integrated cleaning and drying machine. As the name implies, it can complete the process of rinsing and drying automatically through multiple processes of washing. And the angel of rinsing is adjustable. The equipment can highly improve production efficiency. ---------------------------------------------- You may be also interested in these videos: Automatic bottle unscrambler machine: https:\/\/www.youtube.com\/watch?v=PGWp2gb0pns Automatic bottle filling machine: https:\/\/www.youtube.com\/watch?v=wRSdydlCgJM&amp;t=98s ---------------------------------------------- Email: info@taizypackaging.com WhatsApp\/ WeChat: +86 18837171591 Useful link: https:\/\/taizypackaging.com\/bottle-washing-machine\/\"><\/div><\/div><div class=\"lL\" style=\"max-width:100%;width:960px;margin:5px auto;\"><\/div><figcaption><\/figcaption><\/figure>   <h2 class=\"wp-block-heading\">Type de machine \u00e0 laver les bouteilles \u00e0 vendre<\/h2>    <p class=\"translation-block\">Il existe deux types de machines \u00e0 laver les bouteilles \u00e0 vendre chez <a href=\"https:\/\/taizypackaging.com\/fr\/\">Taizy Machinery Co., Ltd<\/a>, une petite machine \u00e0 laver les bouteilles rotative et une machine \u00e0 laver les bouteilles en ligne \u00e0 54 t\u00eates. Elles ont diff\u00e9rentes caract\u00e9ristiques de performance et avantages.<\/p>    <h3 class=\"wp-block-heading\">Type un\u00a0: petite machine \u00e0 laver les bouteilles rotative<\/h3>    <p>Cette machine \u00e0 laver les bouteilles rotative est un petit type de lave-bouteilles. Il pr\u00e9sente les avantages d\u2019une petite taille et d\u2019un prix avantageux. La capacit\u00e9 de production peut atteindre 2300 bouteilles par heure. Il convient aux petits projets. Une machine rotative de nettoyage de bouteilles couvre une petite zone de votre usine. En outre, le prix de la machine de nettoyage des petites bouteilles est abordable.<\/p>    <figure class=\"wp-block-image size-full\"><img decoding=\"async\" src=\"https:\/\/taizypackaging.com\/wp-content\/uploads\/2022\/03\/rotary-bottle-washing-machine.jpg\" alt=\"machine \u00e0 laver les bouteilles rotative\" class=\"wp-image-4234\"\/><figcaption>machine \u00e0 laver les bouteilles rotative<\/figcaption><\/figure>    <h3 class=\"wp-block-heading\">Type deux\u00a0: machine \u00e0 laver les bouteilles en ligne \u00e0 54 t\u00eates<\/h3>    <p>Cette machine a une efficacit\u00e9 sup\u00e9rieure \u00e0 celle de la machine rotative de nettoyage de bouteilles. Il peut laver 54 t\u00eates une fois. Sa capacit\u00e9 de production peut atteindre 3000 bouteilles en une heure. Il convient aux grands projets. La plage de hauteur de la bouteille est de 120 mm \u00e0 300 mm et le diam\u00e8tre de la bouteille est de 40 mm \u00e0 90 mm. En outre, nous prenons en charge un service OEM solide pour r\u00e9pondre avec pr\u00e9cision \u00e0 vos besoins.<\/p>    <figure class=\"wp-block-image size-full\"><img loading=\"lazy\" decoding=\"async\" width=\"720\" height=\"540\" src=\"https:\/\/taizypackaging.com\/wp-content\/uploads\/2022\/03\/bottle-cleaning-machine.jpg\" alt=\"machine de nettoyage de bouteilles\" class=\"wp-image-4233\" srcset=\"https:\/\/taizypackaging.com\/wp-content\/uploads\/2022\/03\/bottle-cleaning-machine.jpg 720w, https:\/\/taizypackaging.com\/wp-content\/uploads\/2022\/03\/bottle-cleaning-machine-300x225.jpg 300w\" sizes=\"auto, (max-width: 720px) 100vw, 720px\" \/><figcaption>machine de nettoyage de bouteilles<\/figcaption><\/figure>    <h2 class=\"wp-block-heading\">Avantages de la machine de nettoyage de bouteilles Taizy <\/h2>    <ol class=\"wp-block-list\" type=\"1\"><li>Applications larges. Cette machine \u00e0 laver les bouteilles est id\u00e9ale pour nettoyer les bouteilles en plastique, les bouteilles en verre, etc.<\/li><li>Mat\u00e9riau r\u00e9sistant. L'ensemble de la structure portante de la machine est en acier inoxydable 304.<\/li><li>Structure simple et conception raisonnable. Il est facile \u00e0 utiliser et \u00e0 entretenir.<\/li><li>La machine \u00e0 laver les bouteilles est \u00e9quip\u00e9e d'une roue universelle pour faciliter le d\u00e9placement de l'atelier.<\/li><li>Bonne performance. Il a de bien meilleures performances que les lave-bouteilles traditionnels.<\/li><li>Cette machine est utilis\u00e9e comme dispositif de contr\u00f4le de la temp\u00e9rature, l'\u00e9quipement lors de l'utilisation d'un contr\u00f4le uniforme de la temp\u00e9rature, l'effet de st\u00e9rilisation est bon.<\/li><li>La machine \u00e0 laver les bouteilles adopte un dispositif convertisseur de fr\u00e9quence, un \u00e9quipement permettant d'utiliser une vitesse pratique, un fonctionnement simple, prot\u00e8ge efficacement le moteur et prolonge la dur\u00e9e de vie du moteur.<\/li><li>Service OEM. Nous concevons et fabriquons des machines de nettoyage de bouteilles selon vos besoins sp\u00e9cifiques.<\/li><\/ol>    <h2 class=\"wp-block-heading\">Principe de fonctionnement de la machine \u00e0 laver les bouteilles <\/h2>    <p>Les bouteilles sont charg\u00e9es sur la section d'indexation suivante de la plate-forme et nettoy\u00e9es gr\u00e2ce \u00e0 une s\u00e9rie d'op\u00e9rations. Des porte-bouteilles sp\u00e9cialement con\u00e7us sont fournis pour contenir des bouteilles avec un diam\u00e8tre de col. Les bouteilles sont plac\u00e9es \u00e0 l'envers dans ces supports en forme de coupelle. Vaporisez pour nettoyer l\u2019ext\u00e9rieur de la bouteille. Des \u00e9lectrovannes sont fournies pour r\u00e9guler le temps de nettoyage. Pulv\u00e9risez de l'eau lorsque la bouteille s'arr\u00eate, assurez la conservation de l'eau et s\u00e9quencez divers produits de nettoyage pour r\u00e9pondre \u00e0 des exigences sp\u00e9cifiques.<\/p>    <figure class=\"wp-block-image size-full\"><img decoding=\"async\" src=\"https:\/\/taizypackaging.com\/wp-content\/uploads\/2022\/03\/Taizy-bottle-washers-factory.jpg\" alt=\"Usine de lave-bouteilles Taizy\" class=\"wp-image-4248\"\/><figcaption>Usine de lave-bouteilles Taizy<\/figcaption><\/figure>    <h2 class=\"wp-block-heading\">D\u00e9marrez votre entreprise<\/h2>    <p class=\"translation-block\">Ces deux machines \u00e0 laver les bouteilles semi-automatiques ont des caract\u00e9ristiques et des avantages diff\u00e9rents. Et elles sont adapt\u00e9es \u00e0 diff\u00e9rents environnements et conditions de travail. La machine de nettoyage des bouteilles fonctionne toujours avec d'autres \u00e9quipements comme la machine de remplissage de bouteilles, <a href=\"https:\/\/taizypackaging.com\/fr\/machines-category\/capping\/\">machine de capsulage de bouteilles<\/a>, machine \u00e0 \u00e9tiqueter les bouteilles. C'est une partie importante d'une <a href=\"https:\/\/taizypackaging.com\/fr\/machines-category\/bottle-filling-production-line\/\">ligne de production de liquides<\/a> compl\u00e8te. Si vous \u00eates int\u00e9ress\u00e9 par ces machines, contactez-nous pour une liste de prix gratuite. <\/p>","protected":false},"excerpt":{"rendered":"<p>Bottle washing machine or bottle washer is designed for cleaning bottles before filling. It is widely used in water, beverage factories, wine factories, cosmetic plants, pharmaceutical factories, and other production lines. Besides, the bottle cleaning machine is suitable for various bottle types, such as plastic bottles, glass bottles, PET bottles, milk bottles, beer bottles, water [&hellip;]<\/p>\n","protected":false},"author":1,"featured_media":4232,"parent":0,"template":"","tags":[618,191,619],"product-type":[663],"class_list":["post-4229","product","type-product","status-publish","has-post-thumbnail","hentry","tag-bottle-washing-machine","tag-glass-bottle","tag-plastic-bottle","product-type-bottle-filling-production-line"],"_links":{"self":[{"href":"https:\/\/taizypackaging.com\/fr\/wp-json\/wp\/v2\/product\/4229","targetHints":{"allow":["GET"]}}],"collection":[{"href":"https:\/\/taizypackaging.com\/fr\/wp-json\/wp\/v2\/product"}],"about":[{"href":"https:\/\/taizypackaging.com\/fr\/wp-json\/wp\/v2\/types\/product"}],"author":[{"embeddable":true,"href":"https:\/\/taizypackaging.com\/fr\/wp-json\/wp\/v2\/users\/1"}],"wp:featuredmedia":[{"embeddable":true,"href":"https:\/\/taizypackaging.com\/fr\/wp-json\/wp\/v2\/media\/4232"}],"wp:attachment":[{"href":"https:\/\/taizypackaging.com\/fr\/wp-json\/wp\/v2\/media?parent=4229"}],"wp:term":[{"taxonomy":"post_tag","embeddable":true,"href":"https:\/\/taizypackaging.com\/fr\/wp-json\/wp\/v2\/tags?post=4229"},{"taxonomy":"product-type","embeddable":true,"href":"https:\/\/taizypackaging.com\/fr\/wp-json\/wp\/v2\/product-type?post=4229"}],"curies":[{"name":"wp","href":"https:\/\/api.w.org\/{rel}","templated":true}]}}