{"id":4257,"date":"2022-03-15T07:30:21","date_gmt":"2022-03-15T07:30:21","guid":{"rendered":"https:\/\/taizypackaging.com\/?p=4257"},"modified":"2024-07-10T18:37:19","modified_gmt":"2024-07-10T10:37:19","slug":"pet-bottle-blowing-machine","status":"publish","type":"product","link":"https:\/\/taizypackaging.com\/fr\/pet-bottle-blowing-machine\/","title":{"rendered":"Machine de soufflage de bouteilles PET"},"content":{"rendered":"<div class=\"kk-star-ratings kksr-auto kksr-align-left kksr-valign-top\"     data-payload='{&quot;align&quot;:&quot;left&quot;,&quot;id&quot;:&quot;4257&quot;,&quot;slug&quot;:&quot;default&quot;,&quot;valign&quot;:&quot;top&quot;,&quot;ignore&quot;:&quot;&quot;,&quot;reference&quot;:&quot;auto&quot;,&quot;class&quot;:&quot;&quot;,&quot;count&quot;:&quot;16&quot;,&quot;legendonly&quot;:&quot;&quot;,&quot;readonly&quot;:&quot;&quot;,&quot;score&quot;:&quot;4.7&quot;,&quot;starsonly&quot;:&quot;&quot;,&quot;best&quot;:&quot;5&quot;,&quot;gap&quot;:&quot;5&quot;,&quot;greet&quot;:&quot;Rate this product&quot;,&quot;legend&quot;:&quot;4.7\\\/5 - (16 votes)&quot;,&quot;size&quot;:&quot;24&quot;,&quot;title&quot;:&quot;PET Bottle Blowing Machine&quot;,&quot;width&quot;:&quot;133.8&quot;,&quot;_legend&quot;:&quot;{score}\\\/{best} - ({count} {votes})&quot;,&quot;font_factor&quot;:&quot;1.25&quot;}'>              <div class=\"kksr-stars\">      <div class=\"kksr-stars-inactive\">             <div class=\"kksr-star\" data-star=\"1\" style=\"padding-right: 5px\">               <div class=\"kksr-icon\" style=\"width: 24px; height: 24px;\"><\/div>         <\/div>             <div class=\"kksr-star\" data-star=\"2\" style=\"padding-right: 5px\">               <div class=\"kksr-icon\" style=\"width: 24px; height: 24px;\"><\/div>         <\/div>             <div class=\"kksr-star\" data-star=\"3\" style=\"padding-right: 5px\">               <div class=\"kksr-icon\" style=\"width: 24px; height: 24px;\"><\/div>         <\/div>             <div class=\"kksr-star\" data-star=\"4\" style=\"padding-right: 5px\">               <div class=\"kksr-icon\" style=\"width: 24px; height: 24px;\"><\/div>         <\/div>             <div class=\"kksr-star\" data-star=\"5\" style=\"padding-right: 5px\">               <div class=\"kksr-icon\" style=\"width: 24px; height: 24px;\"><\/div>         <\/div>     <\/div>      <div class=\"kksr-stars-active\" style=\"width: 133.8px;\">             <div class=\"kksr-star\" style=\"padding-right: 5px\">               <div class=\"kksr-icon\" style=\"width: 24px; height: 24px;\"><\/div>         <\/div>             <div class=\"kksr-star\" style=\"padding-right: 5px\">               <div class=\"kksr-icon\" style=\"width: 24px; height: 24px;\"><\/div>         <\/div>             <div class=\"kksr-star\" style=\"padding-right: 5px\">               <div class=\"kksr-icon\" style=\"width: 24px; height: 24px;\"><\/div>         <\/div>             <div class=\"kksr-star\" style=\"padding-right: 5px\">               <div class=\"kksr-icon\" style=\"width: 24px; height: 24px;\"><\/div>         <\/div>             <div class=\"kksr-star\" style=\"padding-right: 5px\">               <div class=\"kksr-icon\" style=\"width: 24px; height: 24px;\"><\/div>         <\/div>     <\/div> <\/div>                   <div class=\"kksr-legend\" style=\"font-size: 19.2px;\">             4,7\/5 - (16 votes)    <\/div>     <\/div>  <p class=\"translation-block\">La <strong>machine de soufflage de bouteilles PET<\/strong> est id\u00e9ale pour la fabrication de bouteilles en PET\/PE\/PC de diff\u00e9rentes formes et tailles. C'est la solution la plus performante en termes de co\u00fbt pour les exigences de production \u00e9lev\u00e9es de bouteilles en plastique. Cette <strong>machine de moulage de bouteilles PET<\/strong> est tout \u00e0 fait adapt\u00e9e aux projets de petite et moyenne envergure. Elle est largement utilis\u00e9e dans de nombreuses industries, telles que l'industrie de l'eau min\u00e9rale, de l'eau pure, des boissons, des cosm\u00e9tiques, des produits pharmaceutiques, de l'huile de cuisson, des d\u00e9tergents liquides, etc. Une machine de soufflage de bouteilles est un \u00e9quipement essentiel pour une ligne de fabrication compl\u00e8te dans de nombreuses industries. <\/p>    <h2 class=\"wp-block-heading\">Vid\u00e9o de travail de la machine de moulage de bouteilles PET semi-automatique<\/h2>   <figure class=\"wp-block-embed-youtube wp-block-embed is-type-video is-provider-youtube wp-embed-aspect-16-9 wp-has-aspect-ratio\"><div class=\"lyte-wrapper fourthree\" title=\"Grande vitesse de soufflement de conception de machine de bouteille semi automatique d&#039;ANIMAL FAMILIER nouvelle\" style=\"width:960px;max-width:100%;margin:5px auto;\"><div class=\"lyMe hidef\" id=\"WYL_v7ah4l_6rIQ\" itemprop=\"video\" itemscope itemtype=\"https:\/\/schema.org\/VideoObject\"><div><meta itemprop=\"thumbnailUrl\" content=\"https:\/\/taizypackaging.com\/wp-content\/plugins\/wp-youtube-lyte\/lyteCache.php?origThumbUrl=https%3A%2F%2Fi.ytimg.com%2Fvi%2Fv7ah4l_6rIQ%2Fmaxresdefault.jpg\" \/><meta itemprop=\"embedURL\" content=\"https:\/\/www.youtube.com\/embed\/v7ah4l_6rIQ\" \/><meta itemprop=\"duration\" content=\"PT3M36S\" \/><meta itemprop=\"uploadDate\" content=\"2022-04-06T06:51:11Z\" \/><\/div><div id=\"lyte_v7ah4l_6rIQ\" data-src=\"https:\/\/taizypackaging.com\/wp-content\/plugins\/wp-youtube-lyte\/lyteCache.php?origThumbUrl=https%3A%2F%2Fi.ytimg.com%2Fvi%2Fv7ah4l_6rIQ%2Fmaxresdefault.jpg\" class=\"pL\"><div class=\"tC\"><div class=\"tT\" itemprop=\"name\">Grande vitesse de soufflement de conception de machine de bouteille semi automatique d'ANIMAL FAMILIER nouvelle<\/div><\/div><div class=\"play\"><\/div><div class=\"ctrl\"><div class=\"Lctrl\"><\/div><div class=\"Rctrl\"><\/div><\/div><\/div><noscript><a href=\"https:\/\/youtu.be\/v7ah4l_6rIQ\" rel=\"nofollow noopener\" target=\"_blank\"><img loading=\"lazy\" decoding=\"async\" src=\"https:\/\/taizypackaging.com\/wp-content\/plugins\/wp-youtube-lyte\/lyteCache.php?origThumbUrl=https%3A%2F%2Fi.ytimg.com%2Fvi%2Fv7ah4l_6rIQ%2F0.jpg\" alt=\"Grande vitesse de soufflement de conception de machine de bouteille semi automatique d&#039;ANIMAL FAMILIER nouvelle\" width=\"960\" height=\"700\" \/><br \/>Watch this video on YouTube<\/a><\/noscript><meta itemprop=\"description\" content=\"#petbottle #bottleblowingmachine #bottlemouldingmachine Email: info@taizypackaging.com WhatsApp: +86 18837171591 Useful link: https:\/\/taizypackaging.com\/pet-bottle-blowing-machine\/ ---------------------------------------------------- PET bottle blowing machine is ideal to manufacture different shapes and sizes of PET\/PE\/PC bottles. It is the most high-cost performance solution for large production requirements of plastic bottles And this pet bottle molding machine is quite suitable for small and medium-scale projects. It is widely used in lots of industries, such as mineral water, pure water industry, beverage industry, cosmetic industry, pharmaceutical industry, cooking oil industry, liquid detergent industry, etc. A bottle blow machine is essential equipment for a complete manufacturing line in many industries. There are fully and semi automatic plastic bottle blowing machine available from Taizy machinery. They are suitable for different working requirements and working conditions. ---------------------------------------------------- You may also like these videos: Automatic bottle washing machine: https:\/\/www.youtube.com\/watch?v=Y02hdzKkCXo Fully automatic pet bottle filling line: https:\/\/youtu.be\/wRSdydlCgJM ---------------------------------------------------- Email: info@taizypackaging.com WhatsApp: +86 18837171591 Useful link: https:\/\/taizypackaging.com\/pet-bottle-blowing-machine\/\"><\/div><\/div><div class=\"lL\" style=\"max-width:100%;width:960px;margin:5px auto;\"><\/div><figcaption><\/figcaption><\/figure>   <h2 class=\"wp-block-heading\">Qu\u2019est-ce que le soufflage de bouteilles PET ?<\/h2>    <p>G\u00e9n\u00e9ralement, il existe un proc\u00e9d\u00e9 de soufflage de bouteilles PET lors de la fabrication d\u2019une bouteille en plastique. Et ce processus est g\u00e9n\u00e9ralement termin\u00e9 par une machine de soufflage de bouteilles. Et il existe une souffleuse de bouteilles PET semi-automatique et une souffleuse de bouteilles PET enti\u00e8rement automatique. Ces machines peuvent \u00e0 la fois compl\u00e9ter le processus d\u2019\u00e9tirement et de soufflage. Ils pr\u00e9sentent des caract\u00e9ristiques et des avantages diff\u00e9rents. Si vous recherchez une machine de moulage de bouteilles fiable, il est n\u00e9cessaire que vous d\u00e9finissiez clairement vos exigences.<\/p>    <figure class=\"wp-block-image size-full\"><img decoding=\"async\" src=\"https:\/\/taizypackaging.com\/wp-content\/uploads\/2022\/03\/two-stage-bottle-moulding-machine.jpg\" alt=\"machine de moulage de bouteilles en deux \u00e9tapes\" class=\"wp-image-4266\"\/><figcaption class=\"wp-element-caption\">machine de moulage de bouteilles en deux \u00e9tapes<\/figcaption><\/figure>    <h2 class=\"wp-block-heading\">Caract\u00e9ristiques de performance de la machine de soufflage de bouteilles PET Taizy<\/h2>    <ul class=\"wp-block-list\" type=\"1\"> <li>La lumi\u00e8re infrarouge est m\u00e9lang\u00e9e au pr\u00e9chauffeur pour garantir que la pr\u00e9forme de la bouteille PET est chauff\u00e9e uniform\u00e9ment.<\/li>    <li>Les bras m\u00e9caniques sont endormis pour garantir que le moule est bien ferm\u00e9 \u00e0 haute temp\u00e9rature.<\/li> <\/ul>    <ul class=\"wp-block-list\"> <li>Le syst\u00e8me pneumatique se compose de deux parties\u00a0: la partie \u00e0 action pneumatique et la partie de la bouteille de soufflage. Afin de r\u00e9pondre aux diff\u00e9rentes exigences d'action et de soufflage, il fournit une pression suffisamment \u00e9lev\u00e9e et stable pour le soufflage. Il fournit une haute pression stable pour souffler de grandes bouteilles aux formes irr\u00e9guli\u00e8res.<\/li>    <li>Elle est \u00e9quip\u00e9e d'un silencieux et d'un syst\u00e8me de graissage pour lubrifier les parties m\u00e9caniques de la machine.<\/li>    <li>Conception et structure raisonnables. La machine de soufflage de bouteilles en plastique est facile \u00e0 utiliser et \u00e0 entretenir.<\/li>    <li>Applications larges. Il peut fabriquer diverses bouteilles PET en rempla\u00e7ant diff\u00e9rents moules. \u00a0<\/li> <\/ul>    <h2 class=\"wp-block-heading\">Param\u00e8tres de la machine de soufflage de bouteilles PET<\/h2>    <figure class=\"wp-block-table is-style-regular\" style=\"font-size:12px\"><table><tbody><tr><td>TAPER<\/td><td>ARTICLE<\/td><td>LA MESURE<\/td><td>Type combin\u00e9 HZ-880<\/td><td>Type standard HZ-880<\/td><\/tr><tr><td>PRODUIT FINI<\/td><td>Mat\u00e9riel<\/td><td>\/<\/td><td>PET\/PP\/PE\/PC<\/td><td>PET\/PP\/PE\/PC<\/td><\/tr><tr><td>&nbsp;<\/td><td>Volume<\/td><td>L<\/td><td>0,05-2,5 (2 cavit\u00e9s) 3-6 (1 cavit\u00e9)<\/td><td>0,05-2,5 (2 cavit\u00e9s) 3-6 (1 cavit\u00e9)<\/td><\/tr><tr><td>&nbsp;<\/td><td>R\u00e9sultats th\u00e9oriques<\/td><td>Pi\u00e8ces\/h<\/td><td>0,05-2,5L\/17003-6L\/800<\/td><td>0,05-2,5L\/8503-6L\/400<\/td><\/tr><tr><td>&nbsp;<\/td><td>maximum. diam\u00e8tre<\/td><td>mm<\/td><td>360<\/td><td>360<\/td><\/tr><tr><td>&nbsp;<\/td><td>Max. plaque de moule<br>dimension (L\u00d7H)<\/td><td>mm<\/td><td>180<\/td><td>180<\/td><\/tr><tr><td>PLAQUE DE MOULE<\/td><td>Max. \u00e9paisseur du moule<\/td><td>mm<\/td><td>420\u00d7500<\/td><td>420\u00d7500<\/td><\/tr><tr><td>&nbsp;<\/td><td>Course d'ouverture du moule (r\u00e9glable)<\/td><td>mm<\/td><td>160-240<\/td><td>160-240<\/td><\/tr><tr><td>&nbsp;<\/td><td>Force de serrage<\/td><td>KN<\/td><td>90<\/td><td>90<\/td><\/tr><tr><td>&nbsp;<\/td><td>Compresseur haute pression\u00a0M3\/Mpa<\/td><td>mm<\/td><td>200<\/td><td>200<\/td><\/tr><tr><td>AUXILIAIRE<\/td><td>Tension\/Fr\u00e9quence<\/td><td>KW<\/td><td>&gt;=0,70\/3,0 \u00d7 1 jeu 22<\/td><td>&gt;=0,7\/3,0\u00d72ensembles 22<\/td><\/tr><tr><td>&nbsp;<\/td><td>Filtres \u00e0 air de pr\u00e9cision<\/td><td>M3\/Mpa<\/td><td>&gt;=1.0\/3.0\u00d72 pi\u00e8ces<\/td><td>&gt;=1.0\/3.0\u00d72 pi\u00e8ces<\/td><\/tr><tr><td>\u00c9LECTRICIT\u00c9 DE LA MACHINE PRINCIPALE<\/td><td>Pouvoir<\/td><td>KW<\/td><td>12<\/td><td>12<\/td><\/tr><tr><td><\/td><td>Voltae\/Fr\u00e9quence<\/td><td>V\/HZ<\/td><td>220-380\/50-60<\/td><td><\/td><\/tr><tr><td>TAILLE DE LA MACHINE<br>ET POIDS<\/td><td>Dimension du corps principal (L\u00d7L\u00d7H)<\/td><td>M<\/td><td>1,45\u00d70,6\u00d71,75<\/td><td>1,45\u00d70,6\u00d71,75<\/td><\/tr><tr><td>&nbsp;<\/td><td>Poids corporel principal<\/td><td>T<\/td><td>0.6<\/td><td>0.6<\/td><\/tr><tr><td>&nbsp;<\/td><td>Dimension du convoyeur (L*W*H)<\/td><td>M<\/td><td>1,40\u00d70,62\u00d71,25<\/td><td>1,40\u00d70,62\u00d71,25<\/td><\/tr><tr><td>&nbsp;<\/td><td>Poids du convoyeur<\/td><td>T<\/td><td>0.22<\/td><td>0.22<\/td><\/tr><\/tbody><\/table><\/figure>    <h2 class=\"wp-block-heading\">Une br\u00e8ve introduction aux bouteilles en plastique<\/h2>    <p>Aujourd'hui, plus de 801\u00a0TP3T de bouteilles produites sont destin\u00e9es \u00e0 l'industrie des boissons, dont la grande majorit\u00e9 sont fabriqu\u00e9es \u00e0 l'aide d'une technologie en deux \u00e9tapes.\u00a0Les 15% restants \u00e0 20% peuvent choisir l'un ou l'autre proc\u00e9d\u00e9 et bon nombre de d\u00e9cisions sont en fait motiv\u00e9es par des prix d'outils inf\u00e9rieurs \u00e0 200 (la production en m\/an repr\u00e9sente de nombreuses applications personnalis\u00e9es), et m\u00eame l'achat d'outils \u00e0 quatre cavit\u00e9s \u00e0 un \u00e9tage pour acheter des bouteilles performantes est Il est \u00e9galement difficile de prouver sa rationalit\u00e9 et de fonctionner avec une double cavit\u00e9, et le moteur n\u00e9cessite moins de d\u00e9penses en capital. Au cours des 10 derni\u00e8res ann\u00e9es, le nombre de bouteilles de billettes disponibles a consid\u00e9rablement augment\u00e9 partout dans le monde.\u00a0Parce que les performances sont diff\u00e9rentes de celles des bouteilles, son co\u00fbt de transport est rentable.<\/p>    <figure class=\"wp-block-image size-full\"><img decoding=\"async\" src=\"https:\/\/taizypackaging.com\/wp-content\/uploads\/2022\/03\/plastic-bottles.jpg\" alt=\"bouteilles en plastique\" class=\"wp-image-4263\"\/><figcaption class=\"wp-element-caption\">bouteilles en plastique<\/figcaption><\/figure>    <h2 class=\"wp-block-heading\">Comment fonctionnent les machines de soufflage PET ?<\/h2>    <p>Bref, une souffleuse automatique de bouteilles PET est intelligente. Actuellement, dans la machine de moulage par soufflage lin\u00e9aire en deux \u00e9tapes, l'ensemble du processus de moulage par soufflage est divis\u00e9 en pr\u00e9chauffage et moulage par soufflage. Le principe de fonctionnement sp\u00e9cifique est le suivant.<\/p>    <ol class=\"wp-block-list\"> <li>Le chargeur automatique de transfert de flans de bouteilles enti\u00e8res charge le flan de bouteille dans la position de serrage, et le dispositif de serrage retire le flan de bouteille et entre dans le four de chauffage. &nbsp;<\/li>    <li>Par la cha\u00eene du convoyeur. Le four infrarouge comporte deux rang\u00e9es de lampes horizontales \u00e0 ligne rouge. La temp\u00e9rature de chaque tube peut \u00eatre ajust\u00e9e par un microcontr\u00f4leur PLC. Les lampes de ligne rouge sup\u00e9rieure et inf\u00e9rieure sont stables \u00e0 temp\u00e9rature constante, mais la hauteur est diff\u00e9rente. Dans le m\u00eame temps, en raison de l'environnement \u00e0 haute temp\u00e9rature, la temp\u00e9rature du milieu de l'\u00e9bauche de la bouteille jusqu'au fond de la bouteille est contr\u00f4l\u00e9e par une temp\u00e9rature constante \u00e0 travers le tube de dispersion dans le refroidisseur. \u00c0 mesure que l\u2019air chaud s\u2019\u00e9vapore vers le haut, la temp\u00e9rature au fond de la bouteille est relativement basse.<\/li>    <li>Souffler dans la bouteille. Pr\u00e9forme chauff\u00e9e dans le dispositif de serrage pour souffler la pr\u00e9forme de bouteille chaude dans la billette de verrerie du dispositif de serrage. Lors du soufflage, la bouteille effectue un \u00e9tirement au bas de la tige, un certain degr\u00e9 de soufflage, un soufflage \u00e0 basse pression et un soufflage \u00e0 haute pression en m\u00eame temps. Dans un laps de temps tr\u00e8s court, moulage instantan\u00e9 de la bouteille et soufflage de la bouteille. Avant de souffler le gaz, une personne est g\u00e9n\u00e9ralement install\u00e9e. Le gaz passe \u00e0 travers le filtre pour filtrer l\u2019eau pr\u00e9sente dans l\u2019air et l\u2019huile lors de la lubrification de l\u2019\u00e9quipement. Le gaz est propre et la bouteille form\u00e9e n'a aucune odeur d'huile. De plus, l'\u00e9bauche de bouteille chaude dans le dispositif de fermeture du moule augmentera la temp\u00e9rature dans le moule, affectant ainsi la bouteille et l'\u00e9quipement.<\/li>    <li>Recyclez le gaz haute pression et basse pression dans la bouteille de gaz en exc\u00e8s apr\u00e8s avoir souffl\u00e9 une fois, l'\u00e9chappement du gaz entra\u00eenera un gaspillage d'\u00e9nergie et augmentera la consommation d'\u00e9nergie en installant le dispositif de r\u00e9cup\u00e9ration de gaz, en soufflant et en soufflant \u00e0 travers le clapet anti-retour dans le r\u00e9servoir de stockage de gaz peut \u00e9conomiser 25% de la consommation d'\u00e9nergie. \u00a0\u00a0\u00a0<\/li> <\/ol>    <figure class=\"wp-block-image size-full\"><img decoding=\"async\" src=\"https:\/\/taizypackaging.com\/wp-content\/uploads\/2022\/03\/plastic-bottle-blow-machine-working-process.jpg\" alt=\"Processus de travail de la machine de soufflage de bouteilles en plastique\" class=\"wp-image-4262\"\/><figcaption class=\"wp-element-caption\">Processus de travail de la machine de soufflage de bouteilles en plastique<\/figcaption><\/figure>    <h2 class=\"wp-block-heading\">Contactez nous pour une citation gratuite<\/h2>    <p class=\"translation-block\">Taizy machinery propose des machines de soufflage de bouteilles en plastique enti\u00e8rement automatiques et semi-automatiques. Elles conviennent \u00e0 diff\u00e9rentes exigences de travail et conditions d'utilisation. G\u00e9n\u00e9ralement, une machine de soufflage de bouteilles est une partie importante d'une ligne de production de boissons compl\u00e8te. Elle peut r\u00e9duire consid\u00e9rablement vos co\u00fbts et am\u00e9liorer votre productivit\u00e9. En tant que fournisseur de solutions d'emballage de premier plan, nous fournissons de nombreux autres \u00e9quipements pour r\u00e9pondre \u00e0 votre demande, tels que des machines de tri, des <a href=\"https:\/\/taizypackaging.com\/fr\/automatic-liquid-filling-machine\/\">machines de remplissage de liquides<\/a>, des machines d'\u00e9tiquetage de bouteilles et des <a href=\"https:\/\/taizypackaging.com\/fr\/machines-category\/capping\/\">machines de capsulage<\/a>. Si vous \u00eates int\u00e9ress\u00e9, contactez-nous pour obtenir une liste de prix gratuite. <\/p>","protected":false},"excerpt":{"rendered":"<p>PET bottle blowing machine is ideal for manufacturing different shapes and sizes of PET\/PE\/PC bottles. It is the most high-cost performance solution for large production requirements of plastic bottles. This pet bottle molding machine is quite suitable for small and medium-scale projects. It is widely used in lots of industries, such as mineral water, pure [&hellip;]<\/p>\n","protected":false},"author":1,"featured_media":4261,"parent":0,"template":"","tags":[623,622],"product-type":[663],"class_list":["post-4257","product","type-product","status-publish","has-post-thumbnail","hentry","tag-bottle-blowing-machine","tag-pet-bottle","product-type-bottle-filling-production-line"],"_links":{"self":[{"href":"https:\/\/taizypackaging.com\/fr\/wp-json\/wp\/v2\/product\/4257","targetHints":{"allow":["GET"]}}],"collection":[{"href":"https:\/\/taizypackaging.com\/fr\/wp-json\/wp\/v2\/product"}],"about":[{"href":"https:\/\/taizypackaging.com\/fr\/wp-json\/wp\/v2\/types\/product"}],"author":[{"embeddable":true,"href":"https:\/\/taizypackaging.com\/fr\/wp-json\/wp\/v2\/users\/1"}],"wp:featuredmedia":[{"embeddable":true,"href":"https:\/\/taizypackaging.com\/fr\/wp-json\/wp\/v2\/media\/4261"}],"wp:attachment":[{"href":"https:\/\/taizypackaging.com\/fr\/wp-json\/wp\/v2\/media?parent=4257"}],"wp:term":[{"taxonomy":"post_tag","embeddable":true,"href":"https:\/\/taizypackaging.com\/fr\/wp-json\/wp\/v2\/tags?post=4257"},{"taxonomy":"product-type","embeddable":true,"href":"https:\/\/taizypackaging.com\/fr\/wp-json\/wp\/v2\/product-type?post=4257"}],"curies":[{"name":"wp","href":"https:\/\/api.w.org\/{rel}","templated":true}]}}