{"id":4278,"date":"2022-03-16T09:06:47","date_gmt":"2022-03-16T09:06:47","guid":{"rendered":"https:\/\/taizypackaging.com\/?p=4278"},"modified":"2024-07-17T16:57:10","modified_gmt":"2024-07-17T08:57:10","slug":"water-treatment-equipment","status":"publish","type":"product","link":"https:\/\/taizypackaging.com\/fr\/water-treatment-equipment\/","title":{"rendered":"\u00c9quipement de traitement de l'eau"},"content":{"rendered":"<div class=\"kk-star-ratings kksr-auto kksr-align-left kksr-valign-top\"     data-payload='{&quot;align&quot;:&quot;left&quot;,&quot;id&quot;:&quot;4278&quot;,&quot;slug&quot;:&quot;default&quot;,&quot;valign&quot;:&quot;top&quot;,&quot;ignore&quot;:&quot;&quot;,&quot;reference&quot;:&quot;auto&quot;,&quot;class&quot;:&quot;&quot;,&quot;count&quot;:&quot;25&quot;,&quot;legendonly&quot;:&quot;&quot;,&quot;readonly&quot;:&quot;&quot;,&quot;score&quot;:&quot;4.8&quot;,&quot;starsonly&quot;:&quot;&quot;,&quot;best&quot;:&quot;5&quot;,&quot;gap&quot;:&quot;5&quot;,&quot;greet&quot;:&quot;Rate this product&quot;,&quot;legend&quot;:&quot;4.8\\\/5 - (25 votes)&quot;,&quot;size&quot;:&quot;24&quot;,&quot;title&quot;:&quot;Water Treatment Equipment&quot;,&quot;width&quot;:&quot;136.7&quot;,&quot;_legend&quot;:&quot;{score}\\\/{best} - ({count} {votes})&quot;,&quot;font_factor&quot;:&quot;1.25&quot;}'>              <div class=\"kksr-stars\">      <div class=\"kksr-stars-inactive\">             <div class=\"kksr-star\" data-star=\"1\" style=\"padding-right: 5px\">               <div class=\"kksr-icon\" style=\"width: 24px; height: 24px;\"><\/div>         <\/div>             <div class=\"kksr-star\" data-star=\"2\" style=\"padding-right: 5px\">               <div class=\"kksr-icon\" style=\"width: 24px; height: 24px;\"><\/div>         <\/div>             <div class=\"kksr-star\" data-star=\"3\" style=\"padding-right: 5px\">               <div class=\"kksr-icon\" style=\"width: 24px; height: 24px;\"><\/div>         <\/div>             <div class=\"kksr-star\" data-star=\"4\" style=\"padding-right: 5px\">               <div class=\"kksr-icon\" style=\"width: 24px; height: 24px;\"><\/div>         <\/div>             <div class=\"kksr-star\" data-star=\"5\" style=\"padding-right: 5px\">               <div class=\"kksr-icon\" style=\"width: 24px; height: 24px;\"><\/div>         <\/div>     <\/div>      <div class=\"kksr-stars-active\" style=\"width: 136.7px;\">             <div class=\"kksr-star\" style=\"padding-right: 5px\">               <div class=\"kksr-icon\" style=\"width: 24px; height: 24px;\"><\/div>         <\/div>             <div class=\"kksr-star\" style=\"padding-right: 5px\">               <div class=\"kksr-icon\" style=\"width: 24px; height: 24px;\"><\/div>         <\/div>             <div class=\"kksr-star\" style=\"padding-right: 5px\">               <div class=\"kksr-icon\" style=\"width: 24px; height: 24px;\"><\/div>         <\/div>             <div class=\"kksr-star\" style=\"padding-right: 5px\">               <div class=\"kksr-icon\" style=\"width: 24px; height: 24px;\"><\/div>         <\/div>             <div class=\"kksr-star\" style=\"padding-right: 5px\">               <div class=\"kksr-icon\" style=\"width: 24px; height: 24px;\"><\/div>         <\/div>     <\/div> <\/div>                   <div class=\"kksr-legend\" style=\"font-size: 19.2px;\">             4,8\/5 - (25 votes)    <\/div>     <\/div>  <p class=\"translation-block\"><strong>\u00c9quipement de traitement de l'eau<\/strong> voici un syst\u00e8me commercial d'osmose inverse. Le <strong>syst\u00e8me d'osmose inverse<\/strong> est tr\u00e8s populaire et constitue le meilleur syst\u00e8me de traitement de l'eau. Il se compose d'un filtre \u00e0 sable de quartz, d'un filtre \u00e0 charbon actif, d'un filtre \u00e0 r\u00e9sine, d'une osmose inverse RO, d'une pompe haute pression et d'un filtre de s\u00e9curit\u00e9. L'<strong>\u00e9quipement de purification de l'eau<\/strong> a une large gamme d'applications. Il est id\u00e9al pour les usines de fabrication, les usines de transformation des aliments et des boissons, les restaurants, les \u00e9coles, les fermes, les h\u00f4pitaux, les h\u00f4tels, les appartements, etc. De plus, ce <strong>syst\u00e8me industriel de traitement de l'eau<\/strong> utilise une technologie avanc\u00e9e et des mat\u00e9riaux durables, ce qui garantit de bonnes performances et une longue dur\u00e9e de vie.<\/p>    <h2 class=\"wp-block-heading\">Domaine d'application de l'\u00e9quipement de traitement de l'eau Taizy <\/h2>    <ol class=\"wp-block-list\" type=\"1\"> <li>H\u00f4tels, appartements, restaurants et autres lieux commerciaux<\/li>    <li>Nourriture, eau potable \u00e0 domicile, eau potable en usine, eau potable en bouteille<\/li>    <li>Traitement des eaux us\u00e9es industrielles<\/li>    <li>\u00c9cole, h\u00f4pital, traitement de surface, laboratoire, chaudi\u00e8re industrielle, essai hydraulique, traitement de l'eau de chaudi\u00e8re haute pression, chaudi\u00e8re de centrale \u00e9lectrique<\/li>    <li>Traitement de l'eau pour l'industrie \u00e9lectronique<\/li>    <li>Vie quotidienne, eau chimique, industrie agricole<\/li> <\/ol>    <figure class=\"wp-block-image size-full\"><img decoding=\"async\" src=\"https:\/\/taizypackaging.com\/wp-content\/uploads\/2022\/03\/water-treatment-equipment-application.jpg\" alt=\"application d&#039;\u00e9quipement de traitement de l&#039;eau\" class=\"wp-image-4297\"\/><figcaption class=\"wp-element-caption\">application d'\u00e9quipement de traitement de l'eau<\/figcaption><\/figure>    <h2 class=\"wp-block-heading\">Caract\u00e9ristiques de performances <\/h2>    <ol class=\"wp-block-list\" type=\"1\"> <li>Taux de rejet de sel \u00e9lev\u00e9 sup\u00e9rieur \u00e0 99%<\/li>    <li>Structure simple, conception parfaite, facile \u00e0 utiliser et \u00e0 entretenir<\/li>    <li>Technologie avanc\u00e9e et mat\u00e9riau en acier inoxydable durable, longue dur\u00e9e de vie et performances stables<\/li>    <li>\u00c9conomie d'\u00e9nergie et faible co\u00fbt de maintenance<\/li>    <li>Le syst\u00e8me de contr\u00f4le automatique, de petite taille<\/li>    <li>Applications larges. Il convient \u00e0 diverses industries<\/li> <\/ol>    <h2 class=\"wp-block-heading\">Pourquoi choisir la machine de traitement de l'eau Taizy comme premier choix\u00a0?<\/h2>    <p class=\"translation-block\">En tant que fabricant et exportateur r\u00e9put\u00e9 d'\u00e9quipements de purification de l'eau, <a href=\"https:\/\/taizypackaging.com\/fr\/\">Taizy Machinery<\/a> propose d'excellents \u00e9quipements de traitement par osmose inverse \u00e0 vendre. Voici quelques raisons de choisir le syst\u00e8me de traitement de l'eau commercial Taizy comme votre meilleur choix.<\/p>    <ol class=\"wp-block-list\" type=\"1\"> <li>\u00c9conomise de l'argent. Avec l\u2019\u00e9quipement de purification d\u2019eau Taizy, vous pouvez arr\u00eater d\u2019acheter de l\u2019eau en bouteille et dissimuler votre livraison d\u2019eau. Notre machine de purification d'eau multifonctionnelle peut grandement vous aider \u00e0 \u00e9conomiser votre argent.<\/li>    <li>Am\u00e9liorer le go\u00fbt. Le syst\u00e8me de traitement de l\u2019eau Taizy am\u00e9liore le go\u00fbt, l\u2019apparence et l\u2019odeur de l\u2019eau.<\/li>    <li>\u00c9limine les impuret\u00e9s. Notre syst\u00e8me RO \u00e9limine les polluants de l'eau, notamment les pesiticides, les niteates, les sulfates, etc. Un filtre RO \u00e9limine \u00e9galement les chloramines et le chlore.<\/li>    <li>Entretien simple. Le syst\u00e8me de filtre \u00e0 eau par osmose inverse et le peu de pi\u00e8ces rempla\u00e7ables ou mobiles le rendent facile \u00e0 utiliser et \u00e0 entretenir.<\/li> <\/ol>    <figure class=\"wp-block-image size-full\"><img decoding=\"async\" src=\"https:\/\/taizypackaging.com\/wp-content\/uploads\/2022\/03\/water-treatment-machine-factory.jpg\" alt=\"usine de machines de traitement de l&#039;eau\" class=\"wp-image-4287\"\/><figcaption class=\"wp-element-caption\">usine de machines de traitement de l'eau<\/figcaption><\/figure>    <h2 class=\"wp-block-heading\">Principe de fonctionnement du syst\u00e8me de traitement de l'eau <\/h2>    <ul class=\"wp-block-list\" type=\"1\"> <li>Pr\u00e9traitement de premi\u00e8re \u00e9tape. (filtre \u00e0 sable)<\/li> <\/ul>    <p>Adoptez un filtre \u00e0 sable de quartz multi-moyen, l'objectif principal est d'\u00e9liminer l'eau contenant des pr\u00e9cipit\u00e9s, du mangan\u00e8se, de la rouille, des substances collo\u00efdales, des impuret\u00e9s m\u00e9caniques, des solides en suspension et d'autres particules de plus de 20 UM nocives pour la sant\u00e9.<\/p>    <ul class=\"wp-block-list\"> <li>Pr\u00e9traitement de deuxi\u00e8me \u00e9tape (filtre \u00e0 charbon)<\/li> <\/ul>    <p>Les filtres \u00e0 charbon actif sont utilis\u00e9s pour \u00e9liminer les pigments, les odeurs et un grand nombre d'organismes chimiques et biologiques de l'eau, et r\u00e9duire la valeur r\u00e9siduelle de l'eau et les polluants nocifs tels que la pollution par les pesticides.<\/p>    <ul class=\"wp-block-list\"> <li>Pr\u00e9traitement de troisi\u00e8me \u00e9tape (filtre \u00e0 charbon)<\/li> <\/ul>    <p>Les \u00e9changeurs d'ions sont utilis\u00e9s pour adoucir l'eau, principalement pour \u00e9liminer la duret\u00e9 de l'eau. Emp\u00eachant ainsi efficacement la pollution de la membrane d'osmose inverse. Le syst\u00e8me peut reculer automatiquement.<\/p>    <ul class=\"wp-block-list\"> <li>Pr\u00e9traitement de quatri\u00e8me \u00e9tape (filtre de pr\u00e9cision)<\/li> <\/ul>    <p>La taille des particules peut \u00e9liminer les petites particules dans l'eau, un filtre \u00e0 sable peut \u00e9liminer les petites particules collo\u00efdales dans l'eau afin que la turbidit\u00e9 atteigne 1 degr\u00e9.<\/p>    <ul class=\"wp-block-list\"> <li>Syst\u00e8me RO<\/li> <\/ul>    <p>L'\u00e9quipement de base de la pompe est import\u00e9 et la membrane est import\u00e9e d'HYDRAutics USA. Equip\u00e9 d'un ensemble complet d'unit\u00e9s de nettoyage. Il pr\u00e9sente les caract\u00e9ristiques d\u2019une structure simple, d\u2019un fonctionnement pratique et d\u2019un niveau technique \u00e9lev\u00e9.<\/p>    <h2 class=\"wp-block-heading\">Service apr\u00e8s-vente<\/h2>    <ol class=\"wp-block-list\" type=\"1\"> <li>Nous envoyons des ing\u00e9nieurs pour vous aider \u00e0 installer, former et entretenir si n\u00e9cessaire.<\/li>    <li>Service en ligne 24 heures\/7 jours.<\/li>    <li>Nous fournissons les documents n\u00e9cessaires avec la machine comme suit\u00a0: <ol class=\"wp-block-list\"> <li>sch\u00e9ma \u00e9lectrique<\/li>    <li>Disposition des machines<\/li>    <li>Manuel<\/li>    <li>Certificat de machine<\/li> <\/ol> <\/li>    <li>Apr\u00e8s un an de garantie, nous proposons un service de visite et des pi\u00e8ces de rechange payants pour un technicien.<\/li> <\/ol>    <h2 class=\"wp-block-heading\">Conclusion <\/h2>    <p class=\"translation-block\">En tant que soci\u00e9t\u00e9 de machines solide avec un puissant service OEM, nous fournissons d'excellents \u00e9quipements de traitement de l'eau \u00e0 vendre \u00e0 des clients du monde entier. En plus de la machine de traitement de l'eau, une <a href=\"https:\/\/taizypackaging.com\/fr\/bottle-filling-machine\/\">ligne de remplissage de bouteilles d'eau<\/a> compl\u00e8te est disponible dans notre usine. De plus, nous fournissons diverses <a href=\"https:\/\/taizypackaging.com\/fr\/machines-category\/capping\/\">machines de bouchage de bouteilles<\/a> et des machines d'\u00e9tiquetage de bouteilles. Si vous \u00eates int\u00e9ress\u00e9, contactez-nous pour une liste de prix gratuite. <\/p>","protected":false},"excerpt":{"rendered":"<p>Water treatment equipment here is a commercial revere osmosis system. The reverse osmosis system is very popular and it is the best water treatment system. It consists of a quartz sand filter, activated carbon filter, resin filter, RO reverse osmosis, high-pressure pump, and security filter. Water purification equipment has a wide range of applications. It [&hellip;]<\/p>\n","protected":false},"author":1,"featured_media":4284,"parent":0,"template":"","tags":[624,625],"product-type":[663],"class_list":["post-4278","product","type-product","status-publish","has-post-thumbnail","hentry","tag-water-treatment","tag-water-treatment-equipment","product-type-bottle-filling-production-line"],"_links":{"self":[{"href":"https:\/\/taizypackaging.com\/fr\/wp-json\/wp\/v2\/product\/4278","targetHints":{"allow":["GET"]}}],"collection":[{"href":"https:\/\/taizypackaging.com\/fr\/wp-json\/wp\/v2\/product"}],"about":[{"href":"https:\/\/taizypackaging.com\/fr\/wp-json\/wp\/v2\/types\/product"}],"author":[{"embeddable":true,"href":"https:\/\/taizypackaging.com\/fr\/wp-json\/wp\/v2\/users\/1"}],"wp:featuredmedia":[{"embeddable":true,"href":"https:\/\/taizypackaging.com\/fr\/wp-json\/wp\/v2\/media\/4284"}],"wp:attachment":[{"href":"https:\/\/taizypackaging.com\/fr\/wp-json\/wp\/v2\/media?parent=4278"}],"wp:term":[{"taxonomy":"post_tag","embeddable":true,"href":"https:\/\/taizypackaging.com\/fr\/wp-json\/wp\/v2\/tags?post=4278"},{"taxonomy":"product-type","embeddable":true,"href":"https:\/\/taizypackaging.com\/fr\/wp-json\/wp\/v2\/product-type?post=4278"}],"curies":[{"name":"wp","href":"https:\/\/api.w.org\/{rel}","templated":true}]}}