{"id":4356,"date":"2022-03-18T10:26:08","date_gmt":"2022-03-18T10:26:08","guid":{"rendered":"https:\/\/taizypackaging.com\/?p=4356"},"modified":"2024-07-16T18:16:08","modified_gmt":"2024-07-16T10:16:08","slug":"rotary-premade-pouch-packing-machine","status":"publish","type":"product","link":"https:\/\/taizypackaging.com\/fr\/rotary-premade-pouch-packing-machine\/","title":{"rendered":"Machine \u00e0 emballer rotative de pochettes pr\u00e9fabriqu\u00e9es"},"content":{"rendered":"<div class=\"kk-star-ratings kksr-auto kksr-align-left kksr-valign-top\"     data-payload='{&quot;align&quot;:&quot;left&quot;,&quot;id&quot;:&quot;4356&quot;,&quot;slug&quot;:&quot;default&quot;,&quot;valign&quot;:&quot;top&quot;,&quot;ignore&quot;:&quot;&quot;,&quot;reference&quot;:&quot;auto&quot;,&quot;class&quot;:&quot;&quot;,&quot;count&quot;:&quot;6&quot;,&quot;legendonly&quot;:&quot;&quot;,&quot;readonly&quot;:&quot;&quot;,&quot;score&quot;:&quot;4.8&quot;,&quot;starsonly&quot;:&quot;&quot;,&quot;best&quot;:&quot;5&quot;,&quot;gap&quot;:&quot;5&quot;,&quot;greet&quot;:&quot;Rate this product&quot;,&quot;legend&quot;:&quot;4.8\\\/5 - (6 votes)&quot;,&quot;size&quot;:&quot;24&quot;,&quot;title&quot;:&quot;Rotary Premade Pouch Packing Machine&quot;,&quot;width&quot;:&quot;136.7&quot;,&quot;_legend&quot;:&quot;{score}\\\/{best} - ({count} {votes})&quot;,&quot;font_factor&quot;:&quot;1.25&quot;}'>              <div class=\"kksr-stars\">      <div class=\"kksr-stars-inactive\">             <div class=\"kksr-star\" data-star=\"1\" style=\"padding-right: 5px\">               <div class=\"kksr-icon\" style=\"width: 24px; height: 24px;\"><\/div>         <\/div>             <div class=\"kksr-star\" data-star=\"2\" style=\"padding-right: 5px\">               <div class=\"kksr-icon\" style=\"width: 24px; height: 24px;\"><\/div>         <\/div>             <div class=\"kksr-star\" data-star=\"3\" style=\"padding-right: 5px\">               <div class=\"kksr-icon\" style=\"width: 24px; height: 24px;\"><\/div>         <\/div>             <div class=\"kksr-star\" data-star=\"4\" style=\"padding-right: 5px\">               <div class=\"kksr-icon\" style=\"width: 24px; height: 24px;\"><\/div>         <\/div>             <div class=\"kksr-star\" data-star=\"5\" style=\"padding-right: 5px\">               <div class=\"kksr-icon\" style=\"width: 24px; height: 24px;\"><\/div>         <\/div>     <\/div>      <div class=\"kksr-stars-active\" style=\"width: 136.7px;\">             <div class=\"kksr-star\" style=\"padding-right: 5px\">               <div class=\"kksr-icon\" style=\"width: 24px; height: 24px;\"><\/div>         <\/div>             <div class=\"kksr-star\" style=\"padding-right: 5px\">               <div class=\"kksr-icon\" style=\"width: 24px; height: 24px;\"><\/div>         <\/div>             <div class=\"kksr-star\" style=\"padding-right: 5px\">               <div class=\"kksr-icon\" style=\"width: 24px; height: 24px;\"><\/div>         <\/div>             <div class=\"kksr-star\" style=\"padding-right: 5px\">               <div class=\"kksr-icon\" style=\"width: 24px; height: 24px;\"><\/div>         <\/div>             <div class=\"kksr-star\" style=\"padding-right: 5px\">               <div class=\"kksr-icon\" style=\"width: 24px; height: 24px;\"><\/div>         <\/div>     <\/div> <\/div>                   <div class=\"kksr-legend\" style=\"font-size: 19.2px;\">             4,8\/5 - (6 votes)    <\/div>     <\/div>  <p class=\"translation-block\"><strong>La machine d'emballage de poche pr\u00e9fabriqu\u00e9e rotative<\/strong> ici est con\u00e7ue pour une demande de production moyenne et grande. Elle a un niveau d'automatisation \u00e9lev\u00e9 et une super efficacit\u00e9. Cette <strong>machine de remplissage et de scellage de poche pr\u00e9fabriqu\u00e9e<\/strong> peut automatiquement compl\u00e9ter le processus de prise du sac, d'ouverture du sac, de remplissage, de scellage, d'impression de date et de sortie. La <strong>machine d'emballage de poche pr\u00e9fabriqu\u00e9e rotative<\/strong> dispose de la derni\u00e8re technologie, d'un syst\u00e8me de contr\u00f4le PLC, d'un moteur r\u00e9put\u00e9, d'une structure m\u00e9canique, d'une op\u00e9ration facile, d'un entretien et d'une performance stable. De plus, la machine d'emballage de poche pr\u00e9fabriqu\u00e9e \u00e0 vendre de notre usine a un prix assez comp\u00e9titif. Bienvenue \u00e0 nous contacter pour une liste de prix gratuite.<\/p>    <h2 class=\"wp-block-heading\">Vid\u00e9o de travail de la machine d'emballage de sachets pr\u00e9fabriqu\u00e9s rotatifs<\/h2>   <figure class=\"wp-block-embed-youtube wp-block-embed is-type-video is-provider-youtube wp-embed-aspect-16-9 wp-has-aspect-ratio\"><div class=\"lyte-wrapper fourthree\" title=\"Machine de remplissage et de scellage de sacs pr\u00e9fabriqu\u00e9s | Ensacheuse rotative - Excellente solution d&#039;emballage alimentaire\" style=\"width:960px;max-width:100%;margin:5px auto;\"><div class=\"lyMe hidef\" id=\"WYL_2SdTCor5Un4\" itemprop=\"video\" itemscope itemtype=\"https:\/\/schema.org\/VideoObject\"><div><meta itemprop=\"thumbnailUrl\" content=\"https:\/\/taizypackaging.com\/wp-content\/plugins\/wp-youtube-lyte\/lyteCache.php?origThumbUrl=https%3A%2F%2Fi.ytimg.com%2Fvi%2F2SdTCor5Un4%2Fmaxresdefault.jpg\" \/><meta itemprop=\"embedURL\" content=\"https:\/\/www.youtube.com\/embed\/2SdTCor5Un4\" \/><meta itemprop=\"duration\" content=\"PT2M11S\" \/><meta itemprop=\"uploadDate\" content=\"2022-02-22T08:53:55Z\" \/><\/div><meta itemprop=\"accessibilityFeature\" content=\"captions\" \/><div id=\"lyte_2SdTCor5Un4\" data-src=\"https:\/\/taizypackaging.com\/wp-content\/plugins\/wp-youtube-lyte\/lyteCache.php?origThumbUrl=https%3A%2F%2Fi.ytimg.com%2Fvi%2F2SdTCor5Un4%2Fmaxresdefault.jpg\" class=\"pL\"><div class=\"tC\"><div class=\"tT\" itemprop=\"name\">Machine de remplissage et de scellage de sacs pr\u00e9fabriqu\u00e9s | Ensacheuse rotative - Excellente solution d'emballage alimentaire<\/div><\/div><div class=\"play\"><\/div><div class=\"ctrl\"><div class=\"Lctrl\"><\/div><div class=\"Rctrl\"><\/div><\/div><\/div><noscript><a href=\"https:\/\/youtu.be\/2SdTCor5Un4\" rel=\"nofollow noopener\" target=\"_blank\"><img loading=\"lazy\" decoding=\"async\" src=\"https:\/\/taizypackaging.com\/wp-content\/plugins\/wp-youtube-lyte\/lyteCache.php?origThumbUrl=https%3A%2F%2Fi.ytimg.com%2Fvi%2F2SdTCor5Un4%2F0.jpg\" alt=\"Machine de remplissage et de scellage de sacs pr\u00e9fabriqu\u00e9s | Ensacheuse rotative - Excellente solution d&#039;emballage alimentaire\" width=\"960\" height=\"700\" \/><br \/>Watch this video on YouTube<\/a><\/noscript><meta itemprop=\"description\" content=\"#premadebagmachine #foodpackaging #fillingsealingmachine #packingmachine EMAIL: info@taizypackaging.com TEL\/WHATSAPP: +86 18837171591 USEFUL LINK: https:\/\/taizypackaging.com\/horizontal-bag-feeding-machine\/ This premade bag filling and sealing machine is suitable for various products and bag styles. It has a very wide range of applications. Performance features of this premade pouch feeding machine 1. PLC intelligent control system, support multi-language, parameter setting, machine control are particularly convenient. 2. The long dragging plate at the seal is also made of stainless steel, which is not only beautiful as a whole but also plays a role in buffering the packaged items to a certain extent. 3. The equipment meets the sanitary standards of food processing machinery, and the parts of the equipment in contact with materials are processed with 304 stainless steel or other materials that meet the requirements of food hygiene. Besides, it is designed in line with GMP standards. 4. Intelligent alarm system, when the plastic bag sealing place is melted by high temperature, stick to the copper block when the machine will automatically alarm and stop operation timely. This premade pouch feeding machine has multi-function by changing feeding systems. This machine can be divided into a horizontal bag feeding machine for granules, a horizontal bag feeding machine for powders, horizontal bag feeding machine for liquids. You may also like these videos about food packaging: 14-head multihead weigher packing machine: https:\/\/www.youtube.com\/watch?v=GtA66u8XLv8 Premade bag feeding machine with 10-head multihead weigher: https:\/\/www.youtube.com\/watch?v=Xqb5_CFb_H8&amp;t=42s EMAIL: info@taizypackaging.com TEL\/WHATSAPP: +86 18837171591 USEFUL LINK: https:\/\/taizypackaging.com\/horizontal-bag-feeding-machine\/\"><\/div><\/div><div class=\"lL\" style=\"max-width:100%;width:960px;margin:5px auto;\"><\/div><figcaption><\/figcaption><\/figure>   <h2 class=\"wp-block-heading\">Caract\u00e9ristiques de performance de la machine d'emballage de sachets pr\u00e9fabriqu\u00e9s<\/h2>    <ol class=\"wp-block-list\" type=\"1\"> <li>Excellente conception. Il peut garantir la stabilit\u00e9 du fonctionnement de l'\u00e9quipement, r\u00e9duire les pertes de mat\u00e9riaux et prolonger le taux de d\u00e9fauts r\u00e9duit.<\/li>    <li>Adoptez le syst\u00e8me de contr\u00f4le \u00e9lectrique avanc\u00e9 PLC + POD (\u00e9cran tactile), facile et pratique \u00e0 utiliser.<\/li>    <li>Large gamme d'applications. Il s'agit d'une machine d'emballage rotative \u00e0 grande vitesse pour divers produits, tels que liquides, p\u00e2tes, granul\u00e9s, poudres et solides. Diff\u00e9rents syst\u00e8mes d'alimentation et syst\u00e8mes d'emballage pour diff\u00e9rentes exigences d'emballage sp\u00e9cifiques.<\/li>    <li>La largeur du sac peut \u00eatre automatiquement ajust\u00e9e par un seul bouton.<\/li>    <li>Les dispositifs de contr\u00f4le pr\u00e9cis de la temp\u00e9rature, le chauffage modulaire et les d\u00e9fauts de chauffage comportent des messages d'alarme.<\/li>    <li>Mat\u00e9riau enti\u00e8rement en acier inoxydable durable, mat\u00e9riau de qualit\u00e9 alimentaire. &nbsp;&nbsp;<\/li> <\/ol>    <figure class=\"wp-block-image size-full\"><img decoding=\"async\" src=\"https:\/\/taizypackaging.com\/wp-content\/uploads\/2022\/03\/premade-pouch-packing-machine-applications.jpg\" alt=\"applications de machines d&#039;emballage de sachets pr\u00e9fabriqu\u00e9s\" class=\"wp-image-4365\"\/><figcaption class=\"wp-element-caption\">applications de machines d'emballage de sachets pr\u00e9fabriqu\u00e9s<\/figcaption><\/figure>    <h2 class=\"wp-block-heading\">D\u00e9tails de structure de la machine de remplissage de sacs pr\u00e9fabriqu\u00e9s<\/h2>    <p>La machine d'emballage de sachets pr\u00e9fabriqu\u00e9s rotative se compose principalement d'une plate-forme de travail, d'une peseuse multi-t\u00eates, d'un palan \u00e0 mat\u00e9riaux, d'une machine de d\u00e9tection de m\u00e9taux, d'un alimentateur vibrant, d'un ascenseur, d'un onduleur, d'un syst\u00e8me de contr\u00f4le PLC, d'une pompe \u00e0 vide, d'un cylindre, d'un dispositif d'ouverture de sac, d'un contr\u00f4leur de temp\u00e9rature, d'un syst\u00e8me de sortie, etc. De plus, l'utilisation de l'acier inoxydable 304 comme mat\u00e9riau de structure du corps principal garantit une longue dur\u00e9e de vie et est facile \u00e0 nettoyer.<\/p>    <h2 class=\"wp-block-heading\">Pourquoi avez-vous besoin d\u2019une machine de remplissage et de scellage de sacs pr\u00e9fabriqu\u00e9s\u00a0?<\/h2>    <p>La machine de remplissage et de scellage de sachets pr\u00e9fabriqu\u00e9s est une grande innovation dans l\u2019industrie de l\u2019emballage. Elle pr\u00e9sente des caract\u00e9ristiques et des avantages incomparables par rapport \u00e0 une machine d\u2019emballage de sachets ou une machine de remplissage courante.<\/p>    <h3 class=\"wp-block-heading\"># Un \u00e9norme attrait pour les consommateurs<\/h3>    <p>Les emballages en sachets stand-up ont gagn\u00e9 une part de march\u00e9 importante dans les rayons des supermarch\u00e9s au cours de ces ann\u00e9es. Ce type de sac est id\u00e9al pour de nombreux produits comme les chips, le pop-corn, les collations, les jus, les sauces et de nombreux autres produits alimentaires et boissons. De plus, ces pochettes souples sont \u00e9galement plus respectueuses de l\u2019environnement que les contenants rigides. Sa fabrication n\u00e9cessite moins de ressources et d\u2019\u00e9nergie et permet d\u2019obtenir un produit attrayant pour l\u2019utilisateur final.<\/p>    <h3 class=\"wp-block-heading\"># Flexibilit\u00e9 pour les fabricants<\/h3>    <p class=\"translation-block\">Avec des caract\u00e9ristiques et des structures uniques, cette machine de remplissage de poche pr\u00e9fabriqu\u00e9e rotative est tr\u00e8s flexible pour les fabricants de machines d'emballage. Quelle en est la raison ? Parce que cette machine se compose principalement de deux parties, un syst\u00e8me de remplissage et un syst\u00e8me de scellage. Le syst\u00e8me de remplissage peut \u00eatre de diff\u00e9rents types. Par exemple, si vous souhaitez emballer des chips, il existe un <a href=\"https:\/\/taizypackaging.com\/fr\/lapel-combination-packaging-machine\/\">p\u00e8se-multi-t\u00eates<\/a> disponible avec une grande vitesse et une super efficacit\u00e9. Et si vous souhaitez emballer du jus ou de l'huile, il existe une pompe \u00e0 liquide disponible pour r\u00e9pondre \u00e0 votre demande. Par cons\u00e9quent, cette machine de poche pr\u00e9fabriqu\u00e9e peut r\u00e9pondre \u00e0 vos diff\u00e9rentes exigences.<\/p>    <figure class=\"wp-block-image size-full\"><img decoding=\"async\" src=\"https:\/\/taizypackaging.com\/wp-content\/uploads\/2022\/03\/premade-bag-filling-machine.jpg\" alt=\"machine de remplissage de sacs pr\u00e9fabriqu\u00e9s\" class=\"wp-image-4363\"\/><figcaption class=\"wp-element-caption\">machine de remplissage de sacs pr\u00e9fabriqu\u00e9s<\/figcaption><\/figure>    <h2 class=\"wp-block-heading\">Types de sacs de la machine de remplissage de sacs pr\u00e9fabriqu\u00e9s<\/h2>    <p>Sac debout, sac \u00e0 fermeture \u00e9clair, sac portable, sac de fermeture \u00e0 3 c\u00f4t\u00e9s, sac de fermeture \u00e0 4 c\u00f4t\u00e9s et tous types de sacs compos\u00e9s.<\/p>    <h2 class=\"wp-block-heading\">Processus de travail<\/h2>    <ol class=\"wp-block-list\" type=\"1\"> <li>Alimentation en sac<\/li>    <li>Impression des dates<\/li>    <li>Ouverture du sac<\/li>    <li>Remplissage<\/li>    <li>Remplissage<\/li>    <li>Thermoscellage<\/li>    <li>Formant<\/li>    <li>Produits de sortie<\/li> <\/ol>    <h2 class=\"wp-block-heading\">Dispositif de s\u00e9curit\u00e9 de la machine d'emballage rotative de sacs pr\u00e9fabriqu\u00e9s Taizy<\/h2>    <ol class=\"wp-block-list\" type=\"1\"> <li>Pas de pochette, pas de remplissage, pas de fermeture herm\u00e9tique<\/li>    <li>Pas de ruban de codage, d'arr\u00eat d'urgence et d'alarme<\/li>    <li>L'anomalie de temp\u00e9rature de scellage, alarme<\/li>    <li>Pas de pochette ou erreur d'ouverture, pas de remplissage<\/li>    <li>La pression de l'air n'est pas suffisante et l'alarme<\/li>    <li>Pas de pochette ou erreur d'ouverture, pas de remplissage<\/li> <\/ol>","protected":false},"excerpt":{"rendered":"<p>The rotary premade pouch packing machine here is designed for medium and large production demand. It has a high automation level and super efficiency. This premade pouch fill and seal machine can automatically complete the process of taking the bag, opening the bag, filling, sealing, date printing, and output. The rotary premade bag packing machine [&hellip;]<\/p>\n","protected":false},"author":1,"featured_media":4361,"parent":0,"template":"","tags":[628,630,629],"product-type":[665],"class_list":["post-4356","product","type-product","status-publish","has-post-thumbnail","hentry","tag-premade-bag","tag-premade-bag-packing-machine","tag-premade-pouch","product-type-premade-pouch-packing-machine"],"_links":{"self":[{"href":"https:\/\/taizypackaging.com\/fr\/wp-json\/wp\/v2\/product\/4356","targetHints":{"allow":["GET"]}}],"collection":[{"href":"https:\/\/taizypackaging.com\/fr\/wp-json\/wp\/v2\/product"}],"about":[{"href":"https:\/\/taizypackaging.com\/fr\/wp-json\/wp\/v2\/types\/product"}],"author":[{"embeddable":true,"href":"https:\/\/taizypackaging.com\/fr\/wp-json\/wp\/v2\/users\/1"}],"wp:featuredmedia":[{"embeddable":true,"href":"https:\/\/taizypackaging.com\/fr\/wp-json\/wp\/v2\/media\/4361"}],"wp:attachment":[{"href":"https:\/\/taizypackaging.com\/fr\/wp-json\/wp\/v2\/media?parent=4356"}],"wp:term":[{"taxonomy":"post_tag","embeddable":true,"href":"https:\/\/taizypackaging.com\/fr\/wp-json\/wp\/v2\/tags?post=4356"},{"taxonomy":"product-type","embeddable":true,"href":"https:\/\/taizypackaging.com\/fr\/wp-json\/wp\/v2\/product-type?post=4356"}],"curies":[{"name":"wp","href":"https:\/\/api.w.org\/{rel}","templated":true}]}}