{"id":4396,"date":"2022-03-24T10:36:10","date_gmt":"2022-03-24T10:36:10","guid":{"rendered":"https:\/\/taizypackaging.com\/?p=4396"},"modified":"2024-07-16T16:47:18","modified_gmt":"2024-07-16T08:47:18","slug":"face-mask-packing-machine","status":"publish","type":"product","link":"https:\/\/taizypackaging.com\/fr\/face-mask-packing-machine\/","title":{"rendered":"Machine d'emballage de masques faciaux"},"content":{"rendered":"<div class=\"kk-star-ratings kksr-auto kksr-align-left kksr-valign-top\"     data-payload='{&quot;align&quot;:&quot;left&quot;,&quot;id&quot;:&quot;4396&quot;,&quot;slug&quot;:&quot;default&quot;,&quot;valign&quot;:&quot;top&quot;,&quot;ignore&quot;:&quot;&quot;,&quot;reference&quot;:&quot;auto&quot;,&quot;class&quot;:&quot;&quot;,&quot;count&quot;:&quot;24&quot;,&quot;legendonly&quot;:&quot;&quot;,&quot;readonly&quot;:&quot;&quot;,&quot;score&quot;:&quot;4.7&quot;,&quot;starsonly&quot;:&quot;&quot;,&quot;best&quot;:&quot;5&quot;,&quot;gap&quot;:&quot;5&quot;,&quot;greet&quot;:&quot;Rate this product&quot;,&quot;legend&quot;:&quot;4.7\\\/5 - (24 votes)&quot;,&quot;size&quot;:&quot;24&quot;,&quot;title&quot;:&quot;Face Mask Packing Machine&quot;,&quot;width&quot;:&quot;133.8&quot;,&quot;_legend&quot;:&quot;{score}\\\/{best} - ({count} {votes})&quot;,&quot;font_factor&quot;:&quot;1.25&quot;}'>              <div class=\"kksr-stars\">      <div class=\"kksr-stars-inactive\">             <div class=\"kksr-star\" data-star=\"1\" style=\"padding-right: 5px\">               <div class=\"kksr-icon\" style=\"width: 24px; height: 24px;\"><\/div>         <\/div>             <div class=\"kksr-star\" data-star=\"2\" style=\"padding-right: 5px\">               <div class=\"kksr-icon\" style=\"width: 24px; height: 24px;\"><\/div>         <\/div>             <div class=\"kksr-star\" data-star=\"3\" style=\"padding-right: 5px\">               <div class=\"kksr-icon\" style=\"width: 24px; height: 24px;\"><\/div>         <\/div>             <div class=\"kksr-star\" data-star=\"4\" style=\"padding-right: 5px\">               <div class=\"kksr-icon\" style=\"width: 24px; height: 24px;\"><\/div>         <\/div>             <div class=\"kksr-star\" data-star=\"5\" style=\"padding-right: 5px\">               <div class=\"kksr-icon\" style=\"width: 24px; height: 24px;\"><\/div>         <\/div>     <\/div>      <div class=\"kksr-stars-active\" style=\"width: 133.8px;\">             <div class=\"kksr-star\" style=\"padding-right: 5px\">               <div class=\"kksr-icon\" style=\"width: 24px; height: 24px;\"><\/div>         <\/div>             <div class=\"kksr-star\" style=\"padding-right: 5px\">               <div class=\"kksr-icon\" style=\"width: 24px; height: 24px;\"><\/div>         <\/div>             <div class=\"kksr-star\" style=\"padding-right: 5px\">               <div class=\"kksr-icon\" style=\"width: 24px; height: 24px;\"><\/div>         <\/div>             <div class=\"kksr-star\" style=\"padding-right: 5px\">               <div class=\"kksr-icon\" style=\"width: 24px; height: 24px;\"><\/div>         <\/div>             <div class=\"kksr-star\" style=\"padding-right: 5px\">               <div class=\"kksr-icon\" style=\"width: 24px; height: 24px;\"><\/div>         <\/div>     <\/div> <\/div>                   <div class=\"kksr-legend\" style=\"font-size: 19.2px;\">             4,7\/5 - (24 votes)    <\/div>     <\/div>  <p class=\"translation-block\"><strong>La machine d'emballage de masques faciaux<\/strong> est d'une importance vitale dans l'industrie de la fabrication de masques. En r\u00e9alit\u00e9, la machine d'emballage des masques faciaux ici est une machine de flux horizontal de type wrapping. Elle peut automatiquement r\u00e9aliser le processus de livraison, d'emballage, de coupe, de scellement et de finition des produits. En adoptant une technologie avanc\u00e9e et des pi\u00e8ces de qualit\u00e9, cette machine d'emballage de poche de masque peut fortement am\u00e9liorer votre efficacit\u00e9 et r\u00e9duire vos co\u00fbts de main-d\u2019\u0153uvre. De plus, toutes nos machines sont con\u00e7ues et fabriqu\u00e9es selon les normes internationales CE et ISO. Forts d'une exp\u00e9rience extr\u00eamement riche dans l'industrie de l'emballage, nous proposons des machines d'emballage standard et sur mesure pour masques m\u00e9dicaux pour des clients du monde entier.<\/p>    <h2 class=\"wp-block-heading\">Vid\u00e9o de travail de la machine d'emballage de masques faciaux<\/h2>   <figure class=\"wp-block-embed-youtube wp-block-embed is-type-video is-provider-youtube wp-embed-aspect-16-9 wp-has-aspect-ratio\"><div class=\"lyte-wrapper fourthree\" title=\"Machine d&#039;emballage automatique de masques faciaux | Efficacit\u00e9 superbe de solution d&#039;emballage de masque facial jetable\" style=\"width:960px;max-width:100%;margin:5px auto;\"><div class=\"lyMe hidef\" id=\"WYL_2l5oCE_eUDE\" itemprop=\"video\" itemscope itemtype=\"https:\/\/schema.org\/VideoObject\"><div><meta itemprop=\"thumbnailUrl\" content=\"https:\/\/taizypackaging.com\/wp-content\/plugins\/wp-youtube-lyte\/lyteCache.php?origThumbUrl=https%3A%2F%2Fi.ytimg.com%2Fvi%2F2l5oCE_eUDE%2Fmaxresdefault.jpg\" \/><meta itemprop=\"embedURL\" content=\"https:\/\/www.youtube.com\/embed\/2l5oCE_eUDE\" \/><meta itemprop=\"duration\" content=\"PT1M4S\" \/><meta itemprop=\"uploadDate\" content=\"2022-03-03T06:55:37Z\" \/><\/div><meta itemprop=\"accessibilityFeature\" content=\"captions\" \/><div id=\"lyte_2l5oCE_eUDE\" data-src=\"https:\/\/taizypackaging.com\/wp-content\/plugins\/wp-youtube-lyte\/lyteCache.php?origThumbUrl=https%3A%2F%2Fi.ytimg.com%2Fvi%2F2l5oCE_eUDE%2Fmaxresdefault.jpg\" class=\"pL\"><div class=\"tC\"><div class=\"tT\" itemprop=\"name\">Machine d'emballage automatique de masques faciaux | Efficacit\u00e9 superbe de solution d'emballage de masque facial jetable<\/div><\/div><div class=\"play\"><\/div><div class=\"ctrl\"><div class=\"Lctrl\"><\/div><div class=\"Rctrl\"><\/div><\/div><\/div><noscript><a href=\"https:\/\/youtu.be\/2l5oCE_eUDE\" rel=\"nofollow noopener\" target=\"_blank\"><img loading=\"lazy\" decoding=\"async\" src=\"https:\/\/taizypackaging.com\/wp-content\/plugins\/wp-youtube-lyte\/lyteCache.php?origThumbUrl=https%3A%2F%2Fi.ytimg.com%2Fvi%2F2l5oCE_eUDE%2F0.jpg\" alt=\"Machine d&#039;emballage automatique de masques faciaux | Efficacit\u00e9 superbe de solution d&#039;emballage de masque facial jetable\" width=\"960\" height=\"700\" \/><br \/>Watch this video on YouTube<\/a><\/noscript><meta itemprop=\"description\" content=\"#facemaskpacking #maskpackaging #facemaskmachine EMAIL: info@taizypackaging.com WECHAT\/WHATSAPP: +86 18837171591 USEFUL LINK: https:\/\/taizypackaging.com\/horizontal-packing-machine\/ This face mask packing machine is ideal for single or multiple mask packaging. It is cleaner and hygienic than manual packaging, and its speed is many times faster than that of manual packaging. It meets the National Health standards Performance features of the efficient face mask packaging machine 1. It&#039;s widely used for many kinds of products, such as Disposable mask packaging, N95 mask packaging, medical masks, N95 \/ kn95 masks, biscuits, rice noodles, snow cakes, egg yolk pie, chocolate, bread, instant noodles, moon cake medicine, daily necessities, industrial parts, cartons or trays, and other regular objects. 2. The control and drive core is composed of servo motor, programmable controller, and large color touch LCD, which greatly improves the control accuracy, speed range, reliability, and intelligence of the whole machine; the locking of bag forming, cutting length, sealing temperature and other parameters is more accurate. 3. The servo motor drive realizes the feeding, film feeding, longitudinal sealing, transverse sealing, and output of the packaging machine, simplifies the mechanical transmission system, makes the packaging machine run stably and reliably, and significantly reduces the mechanical noise and mechanical failure rate. 4. Adopting double drive vertical seal and advanced horizontal seal heating technology, the longitudinal sealing temperature is low, so as to minimize the possibility of scalding film in the process of operation and shutdown; moreover, it is well sealed with smooth and beautiful lines. 5. The user can set the packaging parameters of various products in the control panel, and only need to transfer the corresponding data from the memory and execute it, so that the packaging operation can be carried out, and the professional skills of operators are reduced. With super efficiency and good quality, the face mask packing machine can greatly improve your productivity and benefit your project. You may also like these videos about the horizontal flow wrap machine: Soap packing machine: https:\/\/www.youtube.com\/watch?v=omb3vEXZlIE Shisha charcoal packing machine: https:\/\/www.youtube.com\/watch?v=isZgH2NxMVs&amp;t=13s EMAIL: info@taizypackaging.com WECHAT\/WHATSAPP: +86 18837171591 USEFUL LINK: https:\/\/taizypackaging.com\/horizontal-packing-machine\/\"><\/div><\/div><div class=\"lL\" style=\"max-width:100%;width:960px;margin:5px auto;\"><\/div><figcaption><\/figcaption><\/figure>   <h2 class=\"wp-block-heading\">Quelle machine est utilis\u00e9e pour emballer les masques ?<\/h2>    <p class=\"translation-block\">En r\u00e9alit\u00e9, il existe de nombreuses solutions d\u2019emballage de masques \u00e0 travers le monde. Cependant, nous croyons qu'une <a href=\"https:\/\/taizypackaging.com\/fr\/horizontal-packing-machine\/\">machine d'emballage en forme d'oreiller<\/a> est l'\u00e9quipement le plus adapt\u00e9 pour l'emballage des masques. Comme nous le savons tous, un masque facial jetable non tiss\u00e9 est souple et facile \u00e0 d\u00e9former. Une machine d'emballage en forme d'oreiller peut r\u00e9soudre parfaitement ce probl\u00e8me. De plus, cette machine offre des performances stables et une grande efficacit\u00e9. Et elle r\u00e9sout parfaitement la question de la vitesse d'emballage et de la performance d'emballage. Sans aucun doute, une machine d'emballage par flux horizontal est une excellente solution pour l'emballage des masques. &nbsp;<\/p>    <figure class=\"wp-block-image size-full\"><img loading=\"lazy\" decoding=\"async\" width=\"720\" height=\"540\" src=\"https:\/\/taizypackaging.com\/wp-content\/uploads\/2022\/03\/face-mask-packing-machine-1.jpg\" alt=\"machine d&#039;emballage de masques faciaux\" class=\"wp-image-4408\" srcset=\"https:\/\/taizypackaging.com\/wp-content\/uploads\/2022\/03\/face-mask-packing-machine-1.jpg 720w, https:\/\/taizypackaging.com\/wp-content\/uploads\/2022\/03\/face-mask-packing-machine-1-300x225.jpg 300w\" sizes=\"auto, (max-width: 720px) 100vw, 720px\" \/><figcaption class=\"wp-element-caption\">machine d'emballage de masques faciaux<\/figcaption><\/figure>    <h2 class=\"wp-block-heading\">Quel type de masque convient \u00e0 cette machine d'emballage\u00a0?<\/h2>    <p>Cette machine d'emballage de masques faciaux de type oreiller est id\u00e9ale pour manipuler divers masques, tels que les masques jetables non tiss\u00e9s, les masques chirurgicaux, les masques N95, les masques m\u00e9dicaux, les masques simples, les masques \u00e0 3 \u00e9paisseurs, etc. En bref, cette machine d'emballage de pochettes de masques peut emballer diff\u00e9rents types de masques. En outre, nous proposons un service personnalis\u00e9 solide pour r\u00e9pondre \u00e0 vos besoins sp\u00e9cifiques.<\/p>    <figure class=\"wp-block-image size-full\"><img decoding=\"async\" src=\"https:\/\/taizypackaging.com\/wp-content\/uploads\/2022\/03\/disposable-face-masks.jpg\" alt=\"masques jetables\" class=\"wp-image-4413\"\/><figcaption class=\"wp-element-caption\">masques jetables<\/figcaption><\/figure>    <h2 class=\"wp-block-heading\">Caract\u00e9ristiques de performance de la machine d'emballage de masques Taizy<\/h2>    <ol class=\"wp-block-list\"> <li>Structure simple et compacte. Facile \u00e0 installer, \u00e0 utiliser et \u00e0 entretenir <\/li>    <li>Syst\u00e8me de contr\u00f4le PLC avanc\u00e9 et grand \u00e9cran tactile, param\u00e8tres faciles \u00e0 d\u00e9finir et performances stables<\/li>    <li>Corps de structure de machine en acier inoxydable, aspect durable et \u00e9l\u00e9gant<\/li>    <li>Applications larges. Non seulement id\u00e9al pour les masques mais convient \u00e9galement pour les l\u00e9gumes, les fruits, le charbon de chicha, les biscuits, le pain, le chocolat, etc.<\/li>    <li>Contr\u00f4le ind\u00e9pendant de la temp\u00e9rature de scellage, adapt\u00e9 \u00e0 divers mat\u00e9riaux d'emballage<\/li>    <li>Syst\u00e8me de suivi de nuancier photo\u00e9lectrique \u00e0 capteur \u00e9lev\u00e9, position de coupe pr\u00e9cise <\/li>    <li>Contr\u00f4leur de convertisseur de fr\u00e9quence double, bonnes performances, gain de temps et de film<\/li>    <li>Niveau d'automatisation \u00e9lev\u00e9, super efficacit\u00e9, r\u00e9duction des co\u00fbts de main-d'\u0153uvre et avantage du projet<\/li> <\/ol>    <h2 class=\"wp-block-heading\">O\u00f9 trouver le meilleur fabricant de machines d\u2019emballage de masques faciaux ?<\/h2>    <p class=\"translation-block\">En effet, une machine d\u2019emballage \u00e0 flux horizontal est l\u2019\u00e9quipement le plus adapt\u00e9 pour l\u2019emballage des masques faciaux. Elle offre les avantages d\u2019une bonne performance, d\u2019une grande efficacit\u00e9 et d\u2019une facilit\u00e9 d\u2019utilisation. En tant que <a href=\"https:\/\/taizypackaging.com\/fr\/\">fabricant et fournisseur professionnel de machines d\u2019emballage<\/a> en Chine, nous poss\u00e9dons un personnel hautement qualifi\u00e9 pour assurer la bonne qualit\u00e9 et une livraison rapide de nos machines. Nos produits ont \u00e9t\u00e9 export\u00e9s avec succ\u00e8s vers plus de 80 pays et r\u00e9gions. De plus, tout notre mat\u00e9riel d\u2019emballage est con\u00e7u et produit selon les normes internationales. Nous visons \u00e0 faire en sorte que nos produits aident les petits entrepreneurs \u00e0 se d\u00e9velopper davantage. Et aider plus de personnes \u00e0 tirer davantage de b\u00e9n\u00e9fices de nos machines. <\/p>    <figure class=\"wp-block-image size-full\"><img decoding=\"async\" src=\"https:\/\/taizypackaging.com\/wp-content\/uploads\/2022\/03\/flow-wrapping-machine-factory.jpg\" alt=\"usine de machines d&#039;emballage sous flux\" class=\"wp-image-4409\"\/><figcaption class=\"wp-element-caption\">usine de machines d'emballage sous flux<\/figcaption><\/figure>    <h2 class=\"wp-block-heading\">Avantages et applications de la machine d'emballage de masques<\/h2>    <p>Une machine d'emballage de masques est un appareil utilis\u00e9 pour emballer des masques, g\u00e9n\u00e9ralement des masques chirurgicaux ou respiratoires. Ces machines sont con\u00e7ues pour fonctionner avec une vari\u00e9t\u00e9 de types et de tailles de masques et peuvent \u00eatre utilis\u00e9es pour emballer des masques dans des sacs individuels ou en vrac. Certaines caract\u00e9ristiques communes des machines d'emballage de masques incluent le comptage et le remplissage automatiques, la possibilit\u00e9 de sceller les sacs et la possibilit\u00e9 d'imprimer des informations telles que les dates de p\u00e9remption sur l'emballage. Les applications des machines d'emballage de masques incluent les soins de sant\u00e9, la fabrication et la distribution de masques.<\/p>    <h2 class=\"wp-block-heading\">Quel est le prix de la machine d\u2019emballage de masques ?<\/h2>    <p>Le prix de la machine d'emballage de masques est proche de nombreux facteurs tels que la marque, les moteurs, le mat\u00e9riau de la structure du corps, les mod\u00e8les, les frais d'exp\u00e9dition, etc. Chaque facteur peut avoir un impact consid\u00e9rable sur le prix de la machine d'emballage de masques faciaux. En fait, nous ne pouvons pas sacrifier la qualit\u00e9 pour r\u00e9duire les co\u00fbts lorsque nous choisissons une machine d'emballage de masques. Nous devons nous assurer de la bonne qualit\u00e9 d\u2019une machine, c\u2019est le meilleur moyen d\u2019\u00e9conomiser vos co\u00fbts et votre \u00e9nergie. Ainsi, vous n\u2019avez pas besoin de consacrer beaucoup de temps au remplacement et \u00e0 l\u2019entretien d\u2019une machine.<\/p>","protected":false},"excerpt":{"rendered":"<p>Face mask packing machine is vitally important in the mask manufacturing industry. Actually, the face mask packaging machine here is a horizontal type flow wrap machine. It can automatically complete the process of mask delivering, wrapping, cutting, sealing, and finishing products. Adopting advanced technology and quality parts, this mask pouch packing machine can highly improve [&hellip;]<\/p>\n","protected":false},"author":1,"featured_media":4408,"parent":0,"template":"","tags":[633,269,635,634],"product-type":[664],"class_list":["post-4396","product","type-product","status-publish","has-post-thumbnail","hentry","tag-face-mask","tag-mask","tag-medical-mask","tag-surgical-mask","product-type-horizontal-flow-wrapping-machines"],"_links":{"self":[{"href":"https:\/\/taizypackaging.com\/fr\/wp-json\/wp\/v2\/product\/4396","targetHints":{"allow":["GET"]}}],"collection":[{"href":"https:\/\/taizypackaging.com\/fr\/wp-json\/wp\/v2\/product"}],"about":[{"href":"https:\/\/taizypackaging.com\/fr\/wp-json\/wp\/v2\/types\/product"}],"author":[{"embeddable":true,"href":"https:\/\/taizypackaging.com\/fr\/wp-json\/wp\/v2\/users\/1"}],"wp:featuredmedia":[{"embeddable":true,"href":"https:\/\/taizypackaging.com\/fr\/wp-json\/wp\/v2\/media\/4408"}],"wp:attachment":[{"href":"https:\/\/taizypackaging.com\/fr\/wp-json\/wp\/v2\/media?parent=4396"}],"wp:term":[{"taxonomy":"post_tag","embeddable":true,"href":"https:\/\/taizypackaging.com\/fr\/wp-json\/wp\/v2\/tags?post=4396"},{"taxonomy":"product-type","embeddable":true,"href":"https:\/\/taizypackaging.com\/fr\/wp-json\/wp\/v2\/product-type?post=4396"}],"curies":[{"name":"wp","href":"https:\/\/api.w.org\/{rel}","templated":true}]}}