{"id":4997,"date":"2023-12-12T13:45:24","date_gmt":"2023-12-12T05:45:24","guid":{"rendered":"https:\/\/taizypackaging.com\/?post_type=product&#038;p=4997"},"modified":"2024-07-16T17:59:50","modified_gmt":"2024-07-16T09:59:50","slug":"multi-lane-stick-pack-machine","status":"publish","type":"product","link":"https:\/\/taizypackaging.com\/fr\/multi-lane-stick-pack-machine\/","title":{"rendered":"Machine d'emballage de b\u00e2tonnets multi-voies pour poudre, liquide et granul\u00e9s"},"content":{"rendered":"<div class=\"kk-star-ratings kksr-auto kksr-align-left kksr-valign-top\"     data-payload='{&quot;align&quot;:&quot;left&quot;,&quot;id&quot;:&quot;4997&quot;,&quot;slug&quot;:&quot;default&quot;,&quot;valign&quot;:&quot;top&quot;,&quot;ignore&quot;:&quot;&quot;,&quot;reference&quot;:&quot;auto&quot;,&quot;class&quot;:&quot;&quot;,&quot;count&quot;:&quot;25&quot;,&quot;legendonly&quot;:&quot;&quot;,&quot;readonly&quot;:&quot;&quot;,&quot;score&quot;:&quot;4.7&quot;,&quot;starsonly&quot;:&quot;&quot;,&quot;best&quot;:&quot;5&quot;,&quot;gap&quot;:&quot;5&quot;,&quot;greet&quot;:&quot;Rate this product&quot;,&quot;legend&quot;:&quot;4.7\\\/5 - (25 votes)&quot;,&quot;size&quot;:&quot;24&quot;,&quot;title&quot;:&quot;Multi Lane Stick Pack Machine for Powder, Liquid, Granules&quot;,&quot;width&quot;:&quot;133.8&quot;,&quot;_legend&quot;:&quot;{score}\\\/{best} - ({count} {votes})&quot;,&quot;font_factor&quot;:&quot;1.25&quot;}'>              <div class=\"kksr-stars\">      <div class=\"kksr-stars-inactive\">             <div class=\"kksr-star\" data-star=\"1\" style=\"padding-right: 5px\">               <div class=\"kksr-icon\" style=\"width: 24px; height: 24px;\"><\/div>         <\/div>             <div class=\"kksr-star\" data-star=\"2\" style=\"padding-right: 5px\">               <div class=\"kksr-icon\" style=\"width: 24px; height: 24px;\"><\/div>         <\/div>             <div class=\"kksr-star\" data-star=\"3\" style=\"padding-right: 5px\">               <div class=\"kksr-icon\" style=\"width: 24px; height: 24px;\"><\/div>         <\/div>             <div class=\"kksr-star\" data-star=\"4\" style=\"padding-right: 5px\">               <div class=\"kksr-icon\" style=\"width: 24px; height: 24px;\"><\/div>         <\/div>             <div class=\"kksr-star\" data-star=\"5\" style=\"padding-right: 5px\">               <div class=\"kksr-icon\" style=\"width: 24px; height: 24px;\"><\/div>         <\/div>     <\/div>      <div class=\"kksr-stars-active\" style=\"width: 133.8px;\">             <div class=\"kksr-star\" style=\"padding-right: 5px\">               <div class=\"kksr-icon\" style=\"width: 24px; height: 24px;\"><\/div>         <\/div>             <div class=\"kksr-star\" style=\"padding-right: 5px\">               <div class=\"kksr-icon\" style=\"width: 24px; height: 24px;\"><\/div>         <\/div>             <div class=\"kksr-star\" style=\"padding-right: 5px\">               <div class=\"kksr-icon\" style=\"width: 24px; height: 24px;\"><\/div>         <\/div>             <div class=\"kksr-star\" style=\"padding-right: 5px\">               <div class=\"kksr-icon\" style=\"width: 24px; height: 24px;\"><\/div>         <\/div>             <div class=\"kksr-star\" style=\"padding-right: 5px\">               <div class=\"kksr-icon\" style=\"width: 24px; height: 24px;\"><\/div>         <\/div>     <\/div> <\/div>                   <div class=\"kksr-legend\" style=\"font-size: 19.2px;\">             4,7\/5 - (25 votes)    <\/div>     <\/div>  <p>Machine de stick pack multi-voies pour un emballage efficace et rapide de poudres, de granul\u00e9s et de mat\u00e9riaux liquides. La taille finie de cette machine d'emballage peut \u00eatre ajust\u00e9e entre 50 et 150 en longueur et entre 15 et 80 en largeur. Ensuite, nous vous pr\u00e9senterons cette machine en d\u00e9tail.<\/p>   <div class=\"wp-block-image\"> <figure class=\"aligncenter size-full\"><img loading=\"lazy\" decoding=\"async\" width=\"720\" height=\"540\" src=\"https:\/\/taizypackaging.com\/wp-content\/uploads\/2023\/12\/stick-pack-machine.webp\" alt=\"machine \u00e0 emballer des b\u00e2tonnets\" class=\"wp-image-5010\" srcset=\"https:\/\/taizypackaging.com\/wp-content\/uploads\/2023\/12\/stick-pack-machine.webp 720w, https:\/\/taizypackaging.com\/wp-content\/uploads\/2023\/12\/stick-pack-machine-300x225.webp 300w\" sizes=\"auto, (max-width: 720px) 100vw, 720px\" \/><figcaption class=\"wp-element-caption\">machine \u00e0 emballer des b\u00e2tonnets<\/figcaption><\/figure> <\/div>   <h2 class=\"wp-block-heading\">Qu'est-ce qu'une machine \u00e0 emballer multi-voies ?<\/h2>    <p class=\"translation-block\">La machine \u00e0 sachets stick \u00e0 plusieurs voies est un type d'\u00e9quipement d'emballage automatis\u00e9 utilis\u00e9 dans des secteurs tels que l'alimentation, <a href=\"https:\/\/en.wikipedia.org\/wiki\/Pharmaceutical_industry\" target=\"_blank\" rel=\"noopener\">pharmaceutique<\/a>, les produits de consommation courante et les cosm\u00e9tiques. Elle est capable d'emballer simultan\u00e9ment plusieurs produits dans des sachets avec pr\u00e9cision. La conception de la machine de remplissage \u00e0 sachets stick \u00e0 plusieurs voies peut \u00eatre ajust\u00e9e selon les besoins pour s'adapter \u00e0 des produits avec diff\u00e9rentes sp\u00e9cifications, tailles et exigences d'emballage.<\/p>    <p>Par rapport \u00e0 une machine de conditionnement \u00e0 une seule voie, cette machine de remplissage de stick packs \u00e0 plusieurs voies pr\u00e9sente un grand avantage en termes de capacit\u00e9 de production et de vitesse de production. De plus, cette machine est plus fonctionnelle.<\/p>   <div class=\"wp-block-image\"> <figure class=\"aligncenter size-full\"><img loading=\"lazy\" decoding=\"async\" width=\"720\" height=\"540\" src=\"https:\/\/taizypackaging.com\/wp-content\/uploads\/2023\/12\/multi-lane-stick-sachet-packing-machine.webp\" alt=\"machine d&#039;emballage de sachets \u00e0 plusieurs voies\" class=\"wp-image-5005\" srcset=\"https:\/\/taizypackaging.com\/wp-content\/uploads\/2023\/12\/multi-lane-stick-sachet-packing-machine.webp 720w, https:\/\/taizypackaging.com\/wp-content\/uploads\/2023\/12\/multi-lane-stick-sachet-packing-machine-300x225.webp 300w\" sizes=\"auto, (max-width: 720px) 100vw, 720px\" \/><figcaption class=\"wp-element-caption\">machine d'emballage de sachets \u00e0 plusieurs voies<\/figcaption><\/figure> <\/div>   <h2 class=\"wp-block-heading\">Comment fonctionnent les machines stick pack multi-voies\u00a0?<\/h2>    <p>Une machine stick pack multi-voies fonctionne en combinant plusieurs unit\u00e9s de travail d'emballage pour manipuler plusieurs produits en m\u00eame temps et les emballer en produits finis. Son principe de fonctionnement comprend les principales \u00e9tapes suivantes :<\/p>    <h3 class=\"wp-block-heading\">Alimentation<\/h3>    <p>Tout d'abord, les produits sont introduits dans la zone de travail de la machine d'emballage en stick multi-pistes via un alimentateur sous vide. Il s\u2019agit d\u2019acheminer des produits en poudre, liquides ou granul\u00e9s depuis la zone de stockage jusqu\u2019au poste de conditionnement.<\/p>    <h3 class=\"wp-block-heading\">Pr\u00e9paration des sacs\/conteneurs<\/h3>    <p>Au poste de conditionnement, la machine pr\u00e9pare les sacs \u00e0 utiliser. L'ensacheur cr\u00e9e des sacs aux dimensions adapt\u00e9es aux exigences du produit afin d'assurer le chargement du produit \u00e0 emballer.<\/p>    <h3 class=\"wp-block-heading\">Remplissage et scellage<\/h3>    <p>Une fois pr\u00e9par\u00e9, le produit est pr\u00e9cis\u00e9ment vers\u00e9 dans le sachet. Ce processus implique un dosage pr\u00e9cis pour garantir que la quantit\u00e9 de produit dans chaque unit\u00e9 de conditionnement est exacte. Le sac est ensuite scell\u00e9 pour garantir que le produit est scell\u00e9 et s\u00e9curis\u00e9.<\/p>    <h3 class=\"wp-block-heading\">D\u00e9charge<\/h3>    <p>Enfin, le produit emball\u00e9 est \u00e9vacu\u00e9 vers la sortie puis via la sortie.<\/p>    <h3 class=\"wp-block-heading\">Autres fonctions suppl\u00e9mentaires<\/h3>    <p>En plus du remplissage et du scellage, selon la configuration de la machine stick pack multi-pistes, plusieurs fonctions suppl\u00e9mentaires sont ex\u00e9cut\u00e9es, telles que l'impression d'\u00e9tiquettes, le codage, l'\u00e9tiquetage, etc., pour fournir une identification et des informations sur le produit emball\u00e9.<\/p>    <figure class=\"wp-block-gallery has-nested-images columns-default is-cropped wp-block-gallery-2 is-layout-flex wp-block-gallery-is-layout-flex\"> <figure class=\"wp-block-image size-large\"><img loading=\"lazy\" decoding=\"async\" width=\"720\" height=\"540\" data-id=\"5014\" src=\"https:\/\/taizypackaging.com\/wp-content\/uploads\/2023\/12\/working-process.webp\" alt=\"processus de travail\" class=\"wp-image-5014\" srcset=\"https:\/\/taizypackaging.com\/wp-content\/uploads\/2023\/12\/working-process.webp 720w, https:\/\/taizypackaging.com\/wp-content\/uploads\/2023\/12\/working-process-300x225.webp 300w\" sizes=\"auto, (max-width: 720px) 100vw, 720px\" \/><figcaption class=\"wp-element-caption\">processus de travail<\/figcaption><\/figure>    <figure class=\"wp-block-image size-large\"><img loading=\"lazy\" decoding=\"async\" width=\"720\" height=\"540\" data-id=\"5009\" src=\"https:\/\/taizypackaging.com\/wp-content\/uploads\/2023\/12\/ribbon-coding-machine.webp\" alt=\"machine de codage de ruban\" class=\"wp-image-5009\" srcset=\"https:\/\/taizypackaging.com\/wp-content\/uploads\/2023\/12\/ribbon-coding-machine.webp 720w, https:\/\/taizypackaging.com\/wp-content\/uploads\/2023\/12\/ribbon-coding-machine-300x225.webp 300w\" sizes=\"auto, (max-width: 720px) 100vw, 720px\" \/><figcaption class=\"wp-element-caption\">machine de codage de ruban<\/figcaption><\/figure>    <figure class=\"wp-block-image size-large\"><img loading=\"lazy\" decoding=\"async\" width=\"720\" height=\"540\" data-id=\"5007\" src=\"https:\/\/taizypackaging.com\/wp-content\/uploads\/2023\/12\/outlet.webp\" alt=\"sortie\" class=\"wp-image-5007\" srcset=\"https:\/\/taizypackaging.com\/wp-content\/uploads\/2023\/12\/outlet.webp 720w, https:\/\/taizypackaging.com\/wp-content\/uploads\/2023\/12\/outlet-300x225.webp 300w\" sizes=\"auto, (max-width: 720px) 100vw, 720px\" \/><figcaption class=\"wp-element-caption\">sortie<\/figcaption><\/figure> <\/figure>    <h2 class=\"wp-block-heading\">Structure flexible de machine d'emballage de sachets \u00e0 plusieurs voies<\/h2>    <p>La structure d'une machine d'emballage de sachets \u00e0 plusieurs voies comprend une pompe \u00e0 liquide ou une remplisseuse \u00e0 vis pour diff\u00e9rents mat\u00e9riaux, une structure de tension de guide de film de d\u00e9roulement, une formeuse, une scelleuse verticale, une unit\u00e9 de scellage\/tirage de film horizontale, une unit\u00e9 d'encoche de d\u00e9chirure facile, une poin\u00e7onneuse \u00e0 coins ronds, des roues mobiles. , bobine de tirage de film motoris\u00e9e et IHM \u00e0 \u00e9cran tactile.<\/p>   <div class=\"wp-block-image\"> <figure class=\"aligncenter size-full\"><img loading=\"lazy\" decoding=\"async\" width=\"720\" height=\"540\" src=\"https:\/\/taizypackaging.com\/wp-content\/uploads\/2023\/12\/machine-structure.webp\" alt=\"structure de la machine\" class=\"wp-image-5001\" srcset=\"https:\/\/taizypackaging.com\/wp-content\/uploads\/2023\/12\/machine-structure.webp 720w, https:\/\/taizypackaging.com\/wp-content\/uploads\/2023\/12\/machine-structure-300x225.webp 300w\" sizes=\"auto, (max-width: 720px) 100vw, 720px\" \/><figcaption class=\"wp-element-caption\">structure de la machine<\/figcaption><\/figure> <\/div>   <h2 class=\"wp-block-heading\">Trois options de coupe diff\u00e9rentes<\/h2>    <p>Notre machine d'emballage en stick multi-voies offre trois options de d\u00e9coupe diff\u00e9rentes pour r\u00e9pondre \u00e0 diff\u00e9rents types et formes de besoins d'emballage. Ces trois options de coupe incluent la coupe droite, la coupe ronde et la coupe en zigzag.<\/p>   <div class=\"wp-block-image\"> <figure class=\"aligncenter size-full\"><img loading=\"lazy\" decoding=\"async\" width=\"510\" height=\"630\" src=\"https:\/\/taizypackaging.com\/wp-content\/uploads\/2023\/12\/three-different-cutting-option.webp\" alt=\"trois options de coupe diff\u00e9rentes\" class=\"wp-image-5012\" srcset=\"https:\/\/taizypackaging.com\/wp-content\/uploads\/2023\/12\/three-different-cutting-option.webp 510w, https:\/\/taizypackaging.com\/wp-content\/uploads\/2023\/12\/three-different-cutting-option-243x300.webp 243w\" sizes=\"auto, (max-width: 510px) 100vw, 510px\" \/><figcaption class=\"wp-element-caption\">trois options de coupe diff\u00e9rentes<\/figcaption><\/figure> <\/div>   <h2 class=\"wp-block-heading\">Donn\u00e9es techniques de trois machines d'emballage multi-pistes<\/h2>    <figure class=\"wp-block-table\"><table><tbody><tr><td>Num\u00e9ro de mod\u00e8le<\/td><td>WP-480Y<\/td><td>WP-680Y<\/td><td>WP-880Y<\/td><\/tr><tr><td>Capacit\u00e9 (sac\/min)<\/td><td colspan=\"3\">25-35 battements\/min<\/td><\/tr><tr><td>Plage de mesure (g)<\/td><td colspan=\"3\">1-20g (selon la taille du produit)<\/td><\/tr><tr><td>Taille du sac (mm)<\/td><td colspan=\"3\">(L)50-150 (F)15-80<\/td><\/tr><tr><td>Puissance (W)<\/td><td>4200w<\/td><td>5200w<\/td><td>5800w<\/td><\/tr><tr><td>Tension source<\/td><td colspan=\"3\">380\u00a0V\/50\u00a0Hz\u00a0220\u00a0V\/50-60\u00a0Hz<\/td><\/tr><tr><td>Mat\u00e9riau d'emballage<\/td><td colspan=\"3\">Film lamin\u00e9 PE, aluminium pur, nylon plaqu\u00e9 aluminium, etc.<\/td><\/tr><tr><td>Poids d'emballage (kg)<\/td><td>850 kg<\/td><td>950 kg<\/td><td>1050 kg<\/td><\/tr><tr><td>Dimensions hors tout<\/td><td>1670x1320x2720mm<\/td><td>1670x1420x2720mm<\/td><td>1670x1520x2720mm<\/td><\/tr><\/tbody><\/table><\/figure>    <p>Ce ne sont que les param\u00e8tres techniques de 3 machines les plus vendues. Outre ces trois machines, nous avons \u00e9galement d\u2019autres mod\u00e8les de machines d\u2019emballage multi-pistes \u00e0 vendre. Pour des informations plus sp\u00e9cifiques, n'h\u00e9sitez pas \u00e0 nous contacter.<\/p>   <div class=\"wp-block-image\"> <figure class=\"aligncenter size-full\"><img loading=\"lazy\" decoding=\"async\" width=\"720\" height=\"540\" src=\"https:\/\/taizypackaging.com\/wp-content\/uploads\/2023\/12\/multi-lane-stick-pack-machine.webp\" alt=\"machine d&#039;emballage de b\u00e2tons multi-voies\" class=\"wp-image-5003\" srcset=\"https:\/\/taizypackaging.com\/wp-content\/uploads\/2023\/12\/multi-lane-stick-pack-machine.webp 720w, https:\/\/taizypackaging.com\/wp-content\/uploads\/2023\/12\/multi-lane-stick-pack-machine-300x225.webp 300w\" sizes=\"auto, (max-width: 720px) 100vw, 720px\" \/><figcaption class=\"wp-element-caption\">machine d'emballage de b\u00e2tons multi-voies<\/figcaption><\/figure> <\/div>   <h2 class=\"wp-block-heading\">Champ d'application de la machine de pack de b\u00e2tons multi-voies<\/h2>    <p class=\"translation-block\"><strong>Industrie alimentaire<\/strong> : utilis\u00e9e pour l'emballage d'aliments en poudre, granulaires ou liquides, tels que la farine, le lait en poudre, le caf\u00e9 en poudre, le glucose, le sucre, les ar\u00f4mes, etc.<\/p>    <p class=\"translation-block\"><strong>Industrie pharmaceutique<\/strong> : pour l'emballage de m\u00e9dicaments, de poudres \u00e0 base de plantes et d'autres m\u00e9dicaments granulaires ou liquides.<\/p>    <p class=\"translation-block\"><strong>Produits cosm\u00e9tiques et de soins personnels<\/strong> : Utilis\u00e9e pour l'emballage de shampoing, de gel douche, de produits de soin de la peau et d'autres produits.<\/p>    <p class=\"translation-block\"><strong>Produits industriels et chimiques<\/strong> : Ils peuvent \u00eatre utilis\u00e9s pour l'emballage de produits chimiques, de peintures, etc.<\/p>    <p class=\"translation-block\"><strong>Domaine agricole<\/strong> : Utilis\u00e9e pour l'emballage de produits agricoles tels que des semences, des engrais, des pesticides, etc.<\/p>   <div class=\"wp-block-image\"> <figure class=\"aligncenter size-full\"><img loading=\"lazy\" decoding=\"async\" width=\"720\" height=\"540\" src=\"https:\/\/taizypackaging.com\/wp-content\/uploads\/2023\/12\/packaging-product-display.webp\" alt=\"affichage des produits d&#039;emballage\" class=\"wp-image-5008\" srcset=\"https:\/\/taizypackaging.com\/wp-content\/uploads\/2023\/12\/packaging-product-display.webp 720w, https:\/\/taizypackaging.com\/wp-content\/uploads\/2023\/12\/packaging-product-display-300x225.webp 300w\" sizes=\"auto, (max-width: 720px) 100vw, 720px\" \/><figcaption class=\"wp-element-caption\">affichage des produits d'emballage<\/figcaption><\/figure> <\/div>   <h2 class=\"wp-block-heading\">Avantages de la machine d'emballage de sachets multi-voies<\/h2>    <ol class=\"wp-block-list\"> <li>Production efficace\u00a0: les machines d'emballage de sachets multi-voies peuvent g\u00e9rer plusieurs unit\u00e9s de travail d'emballage simultan\u00e9ment, permettant de parall\u00e9liser le processus d'emballage.<\/li>    <li>Polyvalence\u00a0: la machine peut s'adapter \u00e0 diff\u00e9rentes formes, tailles et types d'emballages de produits. Diverses configurations et options de personnalisation sont disponibles pour r\u00e9pondre aux besoins des diff\u00e9rents produits.<\/li>    <li>Dosage pr\u00e9cis : les machines stick pack multi-voies ont des capacit\u00e9s de remplissage et de dosage pr\u00e9cises pour garantir que la quantit\u00e9 de produit dans chaque unit\u00e9 d'emballage est exacte.<\/li>    <li>Normes hygi\u00e9niques\u00a0: La structure de la machine est con\u00e7ue pour r\u00e9pondre aux exigences hygi\u00e9niques. L'ensemble de la machine est en acier inoxydable 304. Par cons\u00e9quent, la machine peut s\u2019adapter aux exigences strictes d\u2019hygi\u00e8ne des aliments, des m\u00e9dicaments et d\u2019autres normes industrielles.<\/li>    <li>Flexibilit\u00e9 : La machine peut faire face \u00e0 diff\u00e9rents besoins d\u2019emballage. Une vari\u00e9t\u00e9 d\u2019options de d\u00e9coupe, de scellage et de marquage sont disponibles pour diff\u00e9rentes conceptions et exigences d\u2019emballage de produits.<\/li>    <li>Contr\u00f4le d'automatisation : La machine adopte un ensemble complet de syst\u00e8mes de contr\u00f4le Siemens, tels que le contr\u00f4le de programme PLC, qui peuvent r\u00e9aliser un fonctionnement automatis\u00e9 et un contr\u00f4le pr\u00e9cis de l'emballage.<\/li> <\/ol>    <h2 class=\"wp-block-heading\">Machine d'emballage de b\u00e2tons multi-voies \u00e0 vendre<\/h2>    <p class=\"translation-block\">Chez <a href=\"https:\/\/taizypackaging.com\/fr\/\">Taizy Packaging Machinery<\/a>, nous avons une large gamme de machines de remplissage \u00e0 sachets stick \u00e0 plusieurs voies \u00e0 vendre. Les clients ach\u00e8tent souvent des machines \u00e0 4 et 8 rang\u00e9es. Il y a aussi quelques clients qui ach\u00e8tent des machines de remplissage \u00e0 sachets stick \u00e0 12 colonnes. Si vous avez d'autres exigences en mati\u00e8re de colonnes, nous pouvons fournir des services de personnalisation uniques. Veuillez croire que nous ferons de notre mieux pour satisfaire vos exigences.<\/p>   <div class=\"wp-block-image\"> <figure class=\"aligncenter size-full\"><img loading=\"lazy\" decoding=\"async\" width=\"720\" height=\"540\" src=\"https:\/\/taizypackaging.com\/wp-content\/uploads\/2023\/12\/stock-of-stick-pack-filling-machine.webp\" alt=\"stock de machine de remplissage de stick packs\" class=\"wp-image-5011\" srcset=\"https:\/\/taizypackaging.com\/wp-content\/uploads\/2023\/12\/stock-of-stick-pack-filling-machine.webp 720w, https:\/\/taizypackaging.com\/wp-content\/uploads\/2023\/12\/stock-of-stick-pack-filling-machine-300x225.webp 300w\" sizes=\"auto, (max-width: 720px) 100vw, 720px\" \/><figcaption class=\"wp-element-caption\">stock de machine de remplissage de stick packs<\/figcaption><\/figure> <\/div>   <h2 class=\"wp-block-heading\">Fabricant fiable de machines d'emballage de b\u00e2tonnets multi-voies en Chine<\/h2>    <p class=\"translation-block\">Taizy Packaging Machinery est un fabricant de machines d'emballage bien connu en Chine. En plus de la machine \u00e0 sachets stick \u00e0 plusieurs voies, nous avons \u00e9galement des <a href=\"https:\/\/taizypackaging.com\/fr\/tea-packing-machine-sold-to-sri-lanka\/\">machines d'emballage de th\u00e9<\/a>, des <a href=\"https:\/\/taizypackaging.com\/fr\/fully-automatic-paste-filling-machine-for-100-5000ml\/\">machines \u00e0 emballer des p\u00e2tes<\/a>, des <a href=\"https:\/\/taizypackaging.com\/fr\/how-to-package-chinchin-snacks\/\">machines d'emballage de chin chin<\/a>, des <a href=\"https:\/\/taizypackaging.com\/fr\/sugar-sachet-packing-machine-performance-features-and-advantages\/\">machines \u00e0 emballer des sachets de sucre<\/a>, des <a href=\"https:\/\/taizypackaging.com\/fr\/meat-vacuum-packaging-machine-exported-to-ghana\/\">machines d'emballage sous vide<\/a>, etc. Vous pouvez choisir la bonne machine en fonction de vos besoins. <\/p>   <div class=\"wp-block-image\"> <figure class=\"aligncenter size-full\"><img loading=\"lazy\" decoding=\"async\" width=\"720\" height=\"540\" src=\"https:\/\/taizypackaging.com\/wp-content\/uploads\/2023\/12\/our-certifications.webp\" alt=\"nos certifications\" class=\"wp-image-5006\" srcset=\"https:\/\/taizypackaging.com\/wp-content\/uploads\/2023\/12\/our-certifications.webp 720w, https:\/\/taizypackaging.com\/wp-content\/uploads\/2023\/12\/our-certifications-300x225.webp 300w\" sizes=\"auto, (max-width: 720px) 100vw, 720px\" \/><figcaption class=\"wp-element-caption\">nos certifications<\/figcaption><\/figure> <\/div>   <p>Jusqu'\u00e0 pr\u00e9sent, nos machines ont \u00e9t\u00e9 export\u00e9es vers le Canada, l'Allemagne, le S\u00e9n\u00e9gal, la Nouvelle-Z\u00e9lande, l'Espagne, le Nigeria, le Japon, la Gr\u00e8ce et bien d'autres pays. Vous pouvez donc pleinement faire confiance \u00e0 la qualit\u00e9 de nos machines. Notre riche exp\u00e9rience \u00e0 l\u2019exportation nous permet \u00e9galement de vous livrer les machines dans les plus brefs d\u00e9lais. Qu'est-ce que tu attends? Contactez-nous rapidement !<\/p>","protected":false},"excerpt":{"rendered":"<p>Multi lane stick pack machine for efficient and fast packaging of powders, granules, and liquid materials. The finished size of this packaging machine can be adjusted between 50-150 in length and 15-80 in width. Next, we will introduce this machine to you in detail. What is multi lane stick pack machine? Multi lane stick pack [&hellip;]<\/p>\n","protected":false},"author":1,"featured_media":5002,"parent":0,"template":"","tags":[],"product-type":[660],"class_list":["post-4997","product","type-product","status-publish","has-post-thumbnail","hentry","product-type-powder-packing-machines"],"_links":{"self":[{"href":"https:\/\/taizypackaging.com\/fr\/wp-json\/wp\/v2\/product\/4997","targetHints":{"allow":["GET"]}}],"collection":[{"href":"https:\/\/taizypackaging.com\/fr\/wp-json\/wp\/v2\/product"}],"about":[{"href":"https:\/\/taizypackaging.com\/fr\/wp-json\/wp\/v2\/types\/product"}],"author":[{"embeddable":true,"href":"https:\/\/taizypackaging.com\/fr\/wp-json\/wp\/v2\/users\/1"}],"wp:featuredmedia":[{"embeddable":true,"href":"https:\/\/taizypackaging.com\/fr\/wp-json\/wp\/v2\/media\/5002"}],"wp:attachment":[{"href":"https:\/\/taizypackaging.com\/fr\/wp-json\/wp\/v2\/media?parent=4997"}],"wp:term":[{"taxonomy":"post_tag","embeddable":true,"href":"https:\/\/taizypackaging.com\/fr\/wp-json\/wp\/v2\/tags?post=4997"},{"taxonomy":"product-type","embeddable":true,"href":"https:\/\/taizypackaging.com\/fr\/wp-json\/wp\/v2\/product-type?post=4997"}],"curies":[{"name":"wp","href":"https:\/\/api.w.org\/{rel}","templated":true}]}}