{"id":5071,"date":"2024-07-11T10:49:10","date_gmt":"2024-07-11T02:49:10","guid":{"rendered":"https:\/\/taizypackaging.com\/?post_type=product&#038;p=5071"},"modified":"2024-07-11T14:06:01","modified_gmt":"2024-07-11T06:06:01","slug":"heat-shrink-wrap-machine","status":"publish","type":"product","link":"https:\/\/taizypackaging.com\/fr\/heat-shrink-wrap-machine\/","title":{"rendered":"Machine d'emballage thermor\u00e9tractable LC-560B"},"content":{"rendered":"<div class=\"kk-star-ratings kksr-auto kksr-align-left kksr-valign-top\"     data-payload='{&quot;align&quot;:&quot;left&quot;,&quot;id&quot;:&quot;5071&quot;,&quot;slug&quot;:&quot;default&quot;,&quot;valign&quot;:&quot;top&quot;,&quot;ignore&quot;:&quot;&quot;,&quot;reference&quot;:&quot;auto&quot;,&quot;class&quot;:&quot;&quot;,&quot;count&quot;:&quot;26&quot;,&quot;legendonly&quot;:&quot;&quot;,&quot;readonly&quot;:&quot;&quot;,&quot;score&quot;:&quot;4.9&quot;,&quot;starsonly&quot;:&quot;&quot;,&quot;best&quot;:&quot;5&quot;,&quot;gap&quot;:&quot;5&quot;,&quot;greet&quot;:&quot;Rate this product&quot;,&quot;legend&quot;:&quot;4.9\\\/5 - (26 votes)&quot;,&quot;size&quot;:&quot;24&quot;,&quot;title&quot;:&quot;LC-560B Heat Shrink Wrap Machine&quot;,&quot;width&quot;:&quot;139.6&quot;,&quot;_legend&quot;:&quot;{score}\\\/{best} - ({count} {votes})&quot;,&quot;font_factor&quot;:&quot;1.25&quot;}'>              <div class=\"kksr-stars\">      <div class=\"kksr-stars-inactive\">             <div class=\"kksr-star\" data-star=\"1\" style=\"padding-right: 5px\">               <div class=\"kksr-icon\" style=\"width: 24px; height: 24px;\"><\/div>         <\/div>             <div class=\"kksr-star\" data-star=\"2\" style=\"padding-right: 5px\">               <div class=\"kksr-icon\" style=\"width: 24px; height: 24px;\"><\/div>         <\/div>             <div class=\"kksr-star\" data-star=\"3\" style=\"padding-right: 5px\">               <div class=\"kksr-icon\" style=\"width: 24px; height: 24px;\"><\/div>         <\/div>             <div class=\"kksr-star\" data-star=\"4\" style=\"padding-right: 5px\">               <div class=\"kksr-icon\" style=\"width: 24px; height: 24px;\"><\/div>         <\/div>             <div class=\"kksr-star\" data-star=\"5\" style=\"padding-right: 5px\">               <div class=\"kksr-icon\" style=\"width: 24px; height: 24px;\"><\/div>         <\/div>     <\/div>      <div class=\"kksr-stars-active\" style=\"width: 139.6px;\">             <div class=\"kksr-star\" style=\"padding-right: 5px\">               <div class=\"kksr-icon\" style=\"width: 24px; height: 24px;\"><\/div>         <\/div>             <div class=\"kksr-star\" style=\"padding-right: 5px\">               <div class=\"kksr-icon\" style=\"width: 24px; height: 24px;\"><\/div>         <\/div>             <div class=\"kksr-star\" style=\"padding-right: 5px\">               <div class=\"kksr-icon\" style=\"width: 24px; height: 24px;\"><\/div>         <\/div>             <div class=\"kksr-star\" style=\"padding-right: 5px\">               <div class=\"kksr-icon\" style=\"width: 24px; height: 24px;\"><\/div>         <\/div>             <div class=\"kksr-star\" style=\"padding-right: 5px\">               <div class=\"kksr-icon\" style=\"width: 24px; height: 24px;\"><\/div>         <\/div>     <\/div> <\/div>                   <div class=\"kksr-legend\" style=\"font-size: 19.2px;\">             4,9\/5 - (26 votes)    <\/div>     <\/div>  <p>La machine d'emballage thermor\u00e9tractable enveloppe compl\u00e8tement le produit avec un film thermor\u00e9tractable pour prot\u00e9ger et embellir le produit. <\/p>    <p>La machine d'emballage thermor\u00e9tractable enti\u00e8rement scell\u00e9e, d\u00e9velopp\u00e9e ind\u00e9pendamment par notre soci\u00e9t\u00e9, est largement utilis\u00e9e dans l'emballage de produits dans des industries telles que les boissons, l'alimentation, les m\u00e9dicaments et les produits chimiques.<\/p>   <figure class=\"wp-block-embed-youtube wp-block-embed is-type-video is-provider-youtube wp-embed-aspect-16-9 wp-has-aspect-ratio\"><div class=\"lyte-wrapper fourthree\" title=\"Machine d&#039;emballage r\u00e9tractable automatique | Coupeur thermor\u00e9tractable automatique\" style=\"width:960px;max-width:100%;margin:5px auto;\"><div class=\"lyMe hidef\" id=\"WYL_dyFayXTAn-s\" itemprop=\"video\" itemscope itemtype=\"https:\/\/schema.org\/VideoObject\"><div><meta itemprop=\"thumbnailUrl\" content=\"https:\/\/taizypackaging.com\/wp-content\/plugins\/wp-youtube-lyte\/lyteCache.php?origThumbUrl=https%3A%2F%2Fi.ytimg.com%2Fvi%2FdyFayXTAn-s%2Fmaxresdefault.jpg\" \/><meta itemprop=\"embedURL\" content=\"https:\/\/www.youtube.com\/embed\/dyFayXTAn-s\" \/><meta itemprop=\"duration\" content=\"PT1M52S\" \/><meta itemprop=\"uploadDate\" content=\"2021-07-28T09:46:36Z\" \/><\/div><meta itemprop=\"accessibilityFeature\" content=\"captions\" \/><div id=\"lyte_dyFayXTAn-s\" data-src=\"https:\/\/taizypackaging.com\/wp-content\/plugins\/wp-youtube-lyte\/lyteCache.php?origThumbUrl=https%3A%2F%2Fi.ytimg.com%2Fvi%2FdyFayXTAn-s%2Fmaxresdefault.jpg\" class=\"pL\"><div class=\"tC\"><div class=\"tT\" itemprop=\"name\">Machine d'emballage r\u00e9tractable automatique | Coupeur thermor\u00e9tractable automatique<\/div><\/div><div class=\"play\"><\/div><div class=\"ctrl\"><div class=\"Lctrl\"><\/div><div class=\"Rctrl\"><\/div><\/div><\/div><noscript><a href=\"https:\/\/youtu.be\/dyFayXTAn-s\" rel=\"nofollow noopener\" target=\"_blank\"><img loading=\"lazy\" decoding=\"async\" src=\"https:\/\/taizypackaging.com\/wp-content\/plugins\/wp-youtube-lyte\/lyteCache.php?origThumbUrl=https%3A%2F%2Fi.ytimg.com%2Fvi%2FdyFayXTAn-s%2F0.jpg\" alt=\"Machine d&#039;emballage r\u00e9tractable automatique | Coupeur thermor\u00e9tractable automatique\" width=\"960\" height=\"700\" \/><br \/>Watch this video on YouTube<\/a><\/noscript><meta itemprop=\"description\" content=\"WhatsApp\/Wechat\/Tel:+86 19139754781 Our company&#039;s automatic shrink wrap machine is an L-type heat shrink film wrapping machine, widely used for mass production packaging flowing operation. You can learn more information on :https:\/\/taizypackaging.com\/automatic-shrink-wrap-machine\/\"><\/div><\/div><div class=\"lL\" style=\"max-width:100%;width:960px;margin:5px auto;\"><\/div><figcaption>la vid\u00e9o de travail de la machine d'emballage r\u00e9tractable automatique<\/figcaption><\/figure>   <h2 class=\"wp-block-heading\">Avantages de la machine d'emballage thermor\u00e9tractable<\/h2>    <ol class=\"wp-block-list\"> <li>Haute qualit\u00e9. L'ensemble de la machine d'emballage sous film thermor\u00e9tractable est fabriqu\u00e9 en acier de haute qualit\u00e9 et en acier inoxydable.<\/li>    <li>Ajustable dans la structure de circulation d'air chaud. Cette machine d'emballage sous film r\u00e9tractable s'applique \u00e0 la vari\u00e9t\u00e9 existante de films thermor\u00e9tractables (y compris l'impression couleur).<\/li>    <li>Le haut degr\u00e9 d'automatisation. Notre machine d'emballage thermor\u00e9tractable enti\u00e8rement scell\u00e9e est \u00e9quip\u00e9e d'une alimentation automatique, d'un scellage automatique, d'une d\u00e9coupe automatique du film et d'autres fonctions.<\/li>    <li>Large gamme d'applications. Convient pour l'alimentation, les boissons, les m\u00e9dicaments, les n\u00e9cessit\u00e9s quotidiennes, les produits \u00e9lectroniques et d'autres industries.<\/li>    <li>Op\u00e9ration facile. L'\u00e9quipement est \u00e9quip\u00e9 d'un syst\u00e8me de contr\u00f4le intelligent.<\/li>    <li>Haute efficacit\u00e9 et \u00e9conomie d'\u00e9nergie. Le syst\u00e8me de chauffage \u00e9conome en \u00e9nergie peut atteindre rapidement la temp\u00e9rature de fonctionnement pour r\u00e9duire la consommation d'\u00e9nergie.<\/li> <\/ol>    <h2 class=\"wp-block-heading\">Domaine d'application de la machine d'emballage thermor\u00e9tractable<\/h2>    <ul class=\"wp-block-list\"> <li>Industrie agroalimentaire : biscuiterie, <a href=\"https:\/\/en.wikipedia.org\/wiki\/Chocolate\" target=\"_blank\" rel=\"noopener\">chocolat<\/a>, pain, boissons gazeuses, eau min\u00e9rale, soda, nouilles instantan\u00e9es en bo\u00eete.<\/li>    <li>Produits de premi\u00e8re n\u00e9cessit\u00e9 : shampoing, gel douche, cr\u00e8me visage, lessive, liquide vaisselle.<\/li>    <li>Industrie pharmaceutique : flacons de m\u00e9dicaments, bo\u00eetes de m\u00e9dicaments, seringues, kits de tests.<\/li>    <li>Produits \u00e9lectroniques : collecte, t\u00e9l\u00e9commande, etc.<\/li>    <li>Livres : magazines, manuels scolaires, cahiers, etc.<\/li> <\/ul>    <h2 class=\"wp-block-heading\">Param\u00e8tres de l'\u00e9quipement d'emballage r\u00e9tractable Taizy<\/h2>    <figure class=\"wp-block-table\"><table><tbody><tr><td>Mod\u00e8le<\/td><td>LC-560B<\/td><\/tr><tr><td>Type d'\u00e9tanch\u00e9it\u00e9<\/td><td>Enti\u00e8rement ferm\u00e9<\/td><\/tr><tr><td>Source de courant<\/td><td>380V \/ 50 \u4e00 60Hz\/3 phases<\/td><\/tr><tr><td>Capacit\u00e9 d'emballage maximale<\/td><td>35 sacs\/min (d\u00e9pend de la taille du produit)<\/td><\/tr><tr><td>Hauteur de soudure<\/td><td>\u2264125mm<\/td><\/tr><tr><td>Largeur d'emballage<\/td><td>\u2264350mm<\/td><\/tr><tr><td>Taille du produit fini<\/td><td>Largeur + hauteur\u2264400\u00a0mmLongueur\u00a0+ hauteur\u2264480\u00a0mm<\/td><\/tr><tr><td>Type de film<\/td><td>Film de polyol\u00e9fine ( POF ) pli\u00e9 au centre<\/td><\/tr><tr><td>Pouvoir total<\/td><td>1,5KW<\/td><\/tr><tr><td>Hauteur de travail<\/td><td>780-850 millim\u00e8tres<\/td><\/tr><tr><td>Pression de l'air<\/td><td>\u22640,5MPa\uff085bar\uff09<\/td><\/tr><tr><td>Syst\u00e8me d'\u00e9tanch\u00e9it\u00e9<\/td><td>Syst\u00e8me de chauffage \u00e0 temp\u00e9rature constante<\/td><\/tr><tr><td>Mat\u00e9riel de machine<\/td><td>Acier Carbone<\/td><\/tr><tr><td>Poids<\/td><td>300 kg<\/td><\/tr><\/tbody><\/table><figcaption class=\"wp-element-caption\">\u00e9quipement d'emballage r\u00e9tractable<\/figcaption><\/figure>    <p>Dans le tableau ci-dessus, vous pouvez voir les donn\u00e9es techniques du mod\u00e8le LC-560B. Si vous souhaitez en savoir plus sur cette machine \u00e0 film thermor\u00e9tractable, n'h\u00e9sitez pas \u00e0 nous contacter.<\/p>    <h2 class=\"wp-block-heading\">Processus de travail de la machine d'emballage thermor\u00e9tractable<\/h2>    <p>Tout d\u2019abord, la bouteille \u00e0 emballer doit \u00eatre plac\u00e9e sur le m\u00e9canisme de transport des bouteilles. Ensuite, la bo\u00eete d'emballage atteint le d\u00e9flecteur de bouteilles le long du canal form\u00e9 par le m\u00e9canisme de s\u00e9paration des bouteilles.<\/p>    <p>Ensuite, la t\u00eate de d\u00e9tection photo\u00e9lectrique situ\u00e9e sur la partie sup\u00e9rieure de la machine d'emballage thermor\u00e9tractable donnera un signal pour arr\u00eater la machine de transport.<\/p>    <p>Ensuite, le d\u00e9flecteur recule pour rel\u00e2cher la pression de la production de transport et d'extrusion. Ensuite, la cloison se l\u00e8ve pour s\u00e9parer le flacon (bo\u00eete) de conditionnement du flacon (bo\u00eete) \u00e0 emballer.<\/p>    <p>Ensuite, le m\u00e9canisme de transport de la machine avancera pour amener la bouteille d'emballage (bo\u00eete) le long du m\u00e9canisme de guidage de la bouteille (bo\u00eete) avec le film pour atteindre la position de scellage et de d\u00e9coupe.<\/p>    <p>En m\u00eame temps, le dispositif de transport pousse la bouteille d'emballage film\u00e9e devant sur la bande transporteuse de la machine d'emballage sous film thermor\u00e9tractable. \u00c0 ce moment-l\u00e0, le m\u00e9canisme d\u2019alimentation du film fonctionne \u00e9galement en m\u00eame temps.<\/p>    <p>Ensuite, le coupeur de thermoscellage se d\u00e9place vers le bas pour terminer la fonction de scellage et de d\u00e9coupe.<\/p>    <p>La bouteille d'emballage pouss\u00e9e sur la bande transporteuse \u00e0 haute temp\u00e9rature avancera dans l'\u00e9quipement de thermor\u00e9traction tout en compl\u00e9tant la fonction de thermor\u00e9traction.<\/p>    <p>Enfin, le produit emball\u00e9 arrivera au transporteur de produit fini apr\u00e8s avoir \u00e9t\u00e9 refroidi et r\u00e9tr\u00e9ci par l'air froid.<\/p>    <h2 class=\"wp-block-heading\">Contactez-nous<\/h2>    <p class=\"translation-block\">Taizy Machinery est un fabricant professionnel de machines d'emballage. En plus des machines d'emballage sous film r\u00e9tractable automatiques, nous proposons \u00e9galement des <a href=\"https:\/\/taizypackaging.com\/fr\/powder-packaging-machine\/\">machines d'emballage de poudre<\/a>, des <a href=\"https:\/\/taizypackaging.com\/fr\/automatic-liquid-filling-machine\/\">machines de remplissage de liquide<\/a>, des <a href=\"https:\/\/taizypackaging.com\/fr\/vacuum-packing-machine\/\">machines sous vide<\/a>, et des <a href=\"https:\/\/taizypackaging.com\/fr\/granule-packaging-machine\/\">machines d'emballage de granul\u00e9s<\/a> \u00e0 vendre. <\/p>    <p>Si vous recherchez des machines d'emballage sous film r\u00e9tractable de haute qualit\u00e9, n'h\u00e9sitez pas \u00e0 nous contacter.<\/p>","protected":false},"excerpt":{"rendered":"<p>La machine d'emballage thermor\u00e9tractable est largement utilis\u00e9e dans l'emballage de produits dans des industries telles que les boissons, l'alimentation, les m\u00e9dicaments et les produits chimiques.<\/p>","protected":false},"author":1,"featured_media":5073,"parent":0,"template":"","tags":[672],"product-type":[668],"class_list":["post-5071","product","type-product","status-publish","has-post-thumbnail","hentry","tag-heat-shrink","product-type-supporting-equipment"],"_links":{"self":[{"href":"https:\/\/taizypackaging.com\/fr\/wp-json\/wp\/v2\/product\/5071","targetHints":{"allow":["GET"]}}],"collection":[{"href":"https:\/\/taizypackaging.com\/fr\/wp-json\/wp\/v2\/product"}],"about":[{"href":"https:\/\/taizypackaging.com\/fr\/wp-json\/wp\/v2\/types\/product"}],"author":[{"embeddable":true,"href":"https:\/\/taizypackaging.com\/fr\/wp-json\/wp\/v2\/users\/1"}],"wp:featuredmedia":[{"embeddable":true,"href":"https:\/\/taizypackaging.com\/fr\/wp-json\/wp\/v2\/media\/5073"}],"wp:attachment":[{"href":"https:\/\/taizypackaging.com\/fr\/wp-json\/wp\/v2\/media?parent=5071"}],"wp:term":[{"taxonomy":"post_tag","embeddable":true,"href":"https:\/\/taizypackaging.com\/fr\/wp-json\/wp\/v2\/tags?post=5071"},{"taxonomy":"product-type","embeddable":true,"href":"https:\/\/taizypackaging.com\/fr\/wp-json\/wp\/v2\/product-type?post=5071"}],"curies":[{"name":"wp","href":"https:\/\/api.w.org\/{rel}","templated":true}]}}