{"id":5080,"date":"2024-07-11T14:05:51","date_gmt":"2024-07-11T06:05:51","guid":{"rendered":"https:\/\/taizypackaging.com\/?post_type=product&#038;p=5080"},"modified":"2024-07-11T14:12:25","modified_gmt":"2024-07-11T06:12:25","slug":"shrink-packing-machine","status":"publish","type":"product","link":"https:\/\/taizypackaging.com\/fr\/shrink-packing-machine\/","title":{"rendered":"Machine d'emballage r\u00e9tractable d'oreiller LC-590"},"content":{"rendered":"<div class=\"kk-star-ratings kksr-auto kksr-align-left kksr-valign-top\"     data-payload='{&quot;align&quot;:&quot;left&quot;,&quot;id&quot;:&quot;5080&quot;,&quot;slug&quot;:&quot;default&quot;,&quot;valign&quot;:&quot;top&quot;,&quot;ignore&quot;:&quot;&quot;,&quot;reference&quot;:&quot;auto&quot;,&quot;class&quot;:&quot;&quot;,&quot;count&quot;:&quot;5&quot;,&quot;legendonly&quot;:&quot;&quot;,&quot;readonly&quot;:&quot;&quot;,&quot;score&quot;:&quot;4.8&quot;,&quot;starsonly&quot;:&quot;&quot;,&quot;best&quot;:&quot;5&quot;,&quot;gap&quot;:&quot;5&quot;,&quot;greet&quot;:&quot;Rate this product&quot;,&quot;legend&quot;:&quot;4.8\\\/5 - (5 votes)&quot;,&quot;size&quot;:&quot;24&quot;,&quot;title&quot;:&quot;LC-590 Pillow Shrink Packing Machine&quot;,&quot;width&quot;:&quot;136.7&quot;,&quot;_legend&quot;:&quot;{score}\\\/{best} - ({count} {votes})&quot;,&quot;font_factor&quot;:&quot;1.25&quot;}'>              <div class=\"kksr-stars\">      <div class=\"kksr-stars-inactive\">             <div class=\"kksr-star\" data-star=\"1\" style=\"padding-right: 5px\">               <div class=\"kksr-icon\" style=\"width: 24px; height: 24px;\"><\/div>         <\/div>             <div class=\"kksr-star\" data-star=\"2\" style=\"padding-right: 5px\">               <div class=\"kksr-icon\" style=\"width: 24px; height: 24px;\"><\/div>         <\/div>             <div class=\"kksr-star\" data-star=\"3\" style=\"padding-right: 5px\">               <div class=\"kksr-icon\" style=\"width: 24px; height: 24px;\"><\/div>         <\/div>             <div class=\"kksr-star\" data-star=\"4\" style=\"padding-right: 5px\">               <div class=\"kksr-icon\" style=\"width: 24px; height: 24px;\"><\/div>         <\/div>             <div class=\"kksr-star\" data-star=\"5\" style=\"padding-right: 5px\">               <div class=\"kksr-icon\" style=\"width: 24px; height: 24px;\"><\/div>         <\/div>     <\/div>      <div class=\"kksr-stars-active\" style=\"width: 136.7px;\">             <div class=\"kksr-star\" style=\"padding-right: 5px\">               <div class=\"kksr-icon\" style=\"width: 24px; height: 24px;\"><\/div>         <\/div>             <div class=\"kksr-star\" style=\"padding-right: 5px\">               <div class=\"kksr-icon\" style=\"width: 24px; height: 24px;\"><\/div>         <\/div>             <div class=\"kksr-star\" style=\"padding-right: 5px\">               <div class=\"kksr-icon\" style=\"width: 24px; height: 24px;\"><\/div>         <\/div>             <div class=\"kksr-star\" style=\"padding-right: 5px\">               <div class=\"kksr-icon\" style=\"width: 24px; height: 24px;\"><\/div>         <\/div>             <div class=\"kksr-star\" style=\"padding-right: 5px\">               <div class=\"kksr-icon\" style=\"width: 24px; height: 24px;\"><\/div>         <\/div>     <\/div> <\/div>                   <div class=\"kksr-legend\" style=\"font-size: 19.2px;\">             4,8\/5 - (5 votes)    <\/div>     <\/div>  <p>Les machines d'emballage r\u00e9tractable pour oreillers sont largement utilis\u00e9es dans les industries pharmaceutique, alimentaire, cosm\u00e9tique, culturelle, \u00e9lectronique, de premi\u00e8re n\u00e9cessit\u00e9 et de jouets. <\/p>    <p>La machine ne n\u00e9cessite pas de plateaux ni de cartons pendant le processus d'emballage. Que le produit soit carr\u00e9, rond ou plat, cette machine d'emballage sous film r\u00e9tractable \u00e0 grande vitesse peut l'emballer parfaitement.<\/p>    <h2 class=\"wp-block-heading\">Caract\u00e9ristiques de la machine d'emballage r\u00e9tractable pour oreillers<\/h2>    <ol class=\"wp-block-list\"> <li>La machine dispose d'un dispositif d'embrayage de s\u00e9curit\u00e9 anti-coupure. Cela peut \u00e9viter d'endommager les marchandises emball\u00e9es.<\/li>    <li>Le dispositif unique de recyclage des d\u00e9chets peut rendre l'emballage plus beau. Dans le m\u00eame temps, cela permet \u00e9galement d'\u00e9conomiser environ 3%-10% de mat\u00e9riaux par rapport aux machines d'emballage traditionnelles.<\/li>    <li>Le syst\u00e8me de commande \u00e0 \u00e9cran tactile couleur facilite l\u2019utilisation de la machine. Et le contr\u00f4le PLC rend le syst\u00e8me plus stable.<\/li>    <li>La longueur du sac d'emballage, la vitesse d'emballage et la temp\u00e9rature peuvent \u00eatre ajust\u00e9es s\u00e9par\u00e9ment.<\/li>    <li>La machine d'emballage sous film r\u00e9tractable \u00e0 grande vitesse peut \u00eatre \u00e9quip\u00e9e d'une machine \u00e0 coder ou d'une imprimante \u00e0 jet d'encre. Aucune op\u00e9ration manuelle n\u2019est requise pendant le processus d\u2019emballage.<\/li>    <li>Avec la commande du frein moteur, l'\u00e9quipement est sensible \u00e0 la r\u00e9ponse.<\/li>    <li>Le syst\u00e8me efficace de circulation d'air chaud et le syst\u00e8me de contr\u00f4le automatique de la temp\u00e9rature peuvent garantir la qualit\u00e9 du r\u00e9tr\u00e9cissement.<\/li> <\/ol>    <h2 class=\"wp-block-heading\">Donn\u00e9es techniques de la machine d'emballage r\u00e9tractable pour oreillers<\/h2>    <figure class=\"wp-block-table\"><table><tbody><tr><td>Mod\u00e8le<\/td><td>LC-590<\/td><\/tr><tr><td>Vitesse d'emballage<\/td><td>30-135 sacs\/min<\/td><\/tr><tr><td>Not\u00e9 <a href=\"https:\/\/en.wikipedia.org\/wiki\/Power_(physics)\" target=\"_blank\" rel=\"noopener\">pouvoir<\/a><\/td><td>3,6(KW)+16,5(KW)<\/td><\/tr><tr><td>Source de courant<\/td><td>Machine principale\u00a0: 220\u00a0V, 50\u00a0HZ\u00a0; Machine de r\u00e9tr\u00e9cissement\u00a0: 380\u00a0V, 50\u00a0HZ<\/td><\/tr><tr><td>Taille<\/td><td>Machine principale\u00a0: 5000x965x1450mm\u00a0; machine \u00e0 r\u00e9tr\u00e9cir 2600x600x1750mm<\/td><\/tr><tr><td>Poids<\/td><td>Machine principale\u00a0: 1000\u00a0kg\u00a0; machine de r\u00e9tr\u00e9cissement : 600kg<\/td><\/tr><\/tbody><\/table><figcaption class=\"wp-element-caption\">Param\u00e8tres de la machine d'emballage sous film r\u00e9tractable<\/figcaption><\/figure>    <p>La vitesse d'emballage de cette machine d'emballage r\u00e9tractable \u00e0 grande vitesse est de 30 \u00e0 135 sacs\/min. Cela peut s\u2019adapter \u00e0 la plupart des besoins d\u2019emballage. La taille de la machine principale est de 5 000 x 965 x 1 450 mm et la taille de la machine d'emballage est de 2 600 x 600 x 1 750 mm.<\/p>    <h2 class=\"wp-block-heading\">Contactez-nous pour le dernier devis<\/h2>    <p class=\"translation-block\">Vous cherchez une machine efficace d'emballage sous vide r\u00e9tractable ? Taizy Machinery est un bon choix. En tant que fabricant professionnel de machines d'emballage r\u00e9tractable, nous avons aussi des <a href=\"https:\/\/taizypackaging.com\/fr\/bottle-filling-machine\/\">machines de remplissage de bouteilles<\/a>, des <a href=\"https:\/\/taizypackaging.com\/fr\/powder-filling-machine\/\">machines de remplissage en poudre<\/a>, des <a href=\"https:\/\/taizypackaging.com\/fr\/double-chamber-vacuum-packing-machine\/\">machines d'emballage sous vide \u00e0 double chambre<\/a>, et des <a href=\"https:\/\/taizypackaging.com\/fr\/multi-lane-stick-pack-machine\/\">machines d'emballage en sticks multi-pistes<\/a> \u00e0 vendre. Si vous en avez besoin, n'h\u00e9sitez pas \u00e0 nous contacter via la fen\u00eatre pop-up dans le coin inf\u00e9rieur droit.<\/p>","protected":false},"excerpt":{"rendered":"<p>Les machines d'emballage r\u00e9tractable pour oreillers sont largement utilis\u00e9es dans les secteurs pharmaceutique, alimentaire, cosm\u00e9tique, culturel, \u00e9lectronique, de premi\u00e8re n\u00e9cessit\u00e9, etc. <\/p>","protected":false},"author":1,"featured_media":5082,"parent":0,"template":"","tags":[672],"product-type":[668],"class_list":["post-5080","product","type-product","status-publish","has-post-thumbnail","hentry","tag-heat-shrink","product-type-supporting-equipment"],"_links":{"self":[{"href":"https:\/\/taizypackaging.com\/fr\/wp-json\/wp\/v2\/product\/5080","targetHints":{"allow":["GET"]}}],"collection":[{"href":"https:\/\/taizypackaging.com\/fr\/wp-json\/wp\/v2\/product"}],"about":[{"href":"https:\/\/taizypackaging.com\/fr\/wp-json\/wp\/v2\/types\/product"}],"author":[{"embeddable":true,"href":"https:\/\/taizypackaging.com\/fr\/wp-json\/wp\/v2\/users\/1"}],"wp:featuredmedia":[{"embeddable":true,"href":"https:\/\/taizypackaging.com\/fr\/wp-json\/wp\/v2\/media\/5082"}],"wp:attachment":[{"href":"https:\/\/taizypackaging.com\/fr\/wp-json\/wp\/v2\/media?parent=5080"}],"wp:term":[{"taxonomy":"post_tag","embeddable":true,"href":"https:\/\/taizypackaging.com\/fr\/wp-json\/wp\/v2\/tags?post=5080"},{"taxonomy":"product-type","embeddable":true,"href":"https:\/\/taizypackaging.com\/fr\/wp-json\/wp\/v2\/product-type?post=5080"}],"curies":[{"name":"wp","href":"https:\/\/api.w.org\/{rel}","templated":true}]}}