{"id":536,"date":"2020-10-15T06:01:20","date_gmt":"2020-10-15T06:01:20","guid":{"rendered":"https:\/\/taizypackaging.com\/?p=536"},"modified":"2024-07-17T17:34:53","modified_gmt":"2024-07-17T09:34:53","slug":"incense-stick-counting-and-packing-machine","status":"publish","type":"product","link":"https:\/\/taizypackaging.com\/fr\/incense-stick-counting-and-packing-machine\/","title":{"rendered":"Machine de comptage et d'emballage de b\u00e2tons d'encens"},"content":{"rendered":"<div class=\"kk-star-ratings kksr-auto kksr-align-left kksr-valign-top\"     data-payload='{&quot;align&quot;:&quot;left&quot;,&quot;id&quot;:&quot;536&quot;,&quot;slug&quot;:&quot;default&quot;,&quot;valign&quot;:&quot;top&quot;,&quot;ignore&quot;:&quot;&quot;,&quot;reference&quot;:&quot;auto&quot;,&quot;class&quot;:&quot;&quot;,&quot;count&quot;:&quot;15&quot;,&quot;legendonly&quot;:&quot;&quot;,&quot;readonly&quot;:&quot;&quot;,&quot;score&quot;:&quot;4.8&quot;,&quot;starsonly&quot;:&quot;&quot;,&quot;best&quot;:&quot;5&quot;,&quot;gap&quot;:&quot;5&quot;,&quot;greet&quot;:&quot;Rate this product&quot;,&quot;legend&quot;:&quot;4.8\\\/5 - (15 votes)&quot;,&quot;size&quot;:&quot;24&quot;,&quot;title&quot;:&quot;Incense Stick Counting and Packaging Machine&quot;,&quot;width&quot;:&quot;136.7&quot;,&quot;_legend&quot;:&quot;{score}\\\/{best} - ({count} {votes})&quot;,&quot;font_factor&quot;:&quot;1.25&quot;}'>              <div class=\"kksr-stars\">      <div class=\"kksr-stars-inactive\">             <div class=\"kksr-star\" data-star=\"1\" style=\"padding-right: 5px\">               <div class=\"kksr-icon\" style=\"width: 24px; height: 24px;\"><\/div>         <\/div>             <div class=\"kksr-star\" data-star=\"2\" style=\"padding-right: 5px\">               <div class=\"kksr-icon\" style=\"width: 24px; height: 24px;\"><\/div>         <\/div>             <div class=\"kksr-star\" data-star=\"3\" style=\"padding-right: 5px\">               <div class=\"kksr-icon\" style=\"width: 24px; height: 24px;\"><\/div>         <\/div>             <div class=\"kksr-star\" data-star=\"4\" style=\"padding-right: 5px\">               <div class=\"kksr-icon\" style=\"width: 24px; height: 24px;\"><\/div>         <\/div>             <div class=\"kksr-star\" data-star=\"5\" style=\"padding-right: 5px\">               <div class=\"kksr-icon\" style=\"width: 24px; height: 24px;\"><\/div>         <\/div>     <\/div>      <div class=\"kksr-stars-active\" style=\"width: 136.7px;\">             <div class=\"kksr-star\" style=\"padding-right: 5px\">               <div class=\"kksr-icon\" style=\"width: 24px; height: 24px;\"><\/div>         <\/div>             <div class=\"kksr-star\" style=\"padding-right: 5px\">               <div class=\"kksr-icon\" style=\"width: 24px; height: 24px;\"><\/div>         <\/div>             <div class=\"kksr-star\" style=\"padding-right: 5px\">               <div class=\"kksr-icon\" style=\"width: 24px; height: 24px;\"><\/div>         <\/div>             <div class=\"kksr-star\" style=\"padding-right: 5px\">               <div class=\"kksr-icon\" style=\"width: 24px; height: 24px;\"><\/div>         <\/div>             <div class=\"kksr-star\" style=\"padding-right: 5px\">               <div class=\"kksr-icon\" style=\"width: 24px; height: 24px;\"><\/div>         <\/div>     <\/div> <\/div>                   <div class=\"kksr-legend\" style=\"font-size: 19.2px;\">             4,8\/5 - (15 votes)    <\/div>     <\/div>  <p class=\"translation-block\">La <strong>machine d'emballage de b\u00e2ton d'encens<\/strong> est \u00e9galement appel\u00e9e machine d'emballage d'agarbatti. Nous avons produit cette machine de comptage et de scellage d'agarbatti en fonction des caract\u00e9ristiques de divers encens dans le monde. Maintenant, nous avons une machine d'emballage de b\u00e2ton d'encens, une machine d'emballage de sachet d'agarbatti, une machine d'emballage d'agarbatti Indiamart, une machine de comptage et d'emballage d'agarbatti, une machine d'emballage d'agarbatti automatique, etc.<\/p>    <p class=\"translation-block\">Une s\u00e9rie de machines d'emballage d'encens que nous avons produites \u00e0 partir de <a href=\"https:\/\/taizypackaging.com\/fr\/\" target=\"_blank\" rel=\"noreferrer noopener\">la soci\u00e9t\u00e9 Taizy<\/a> peuvent \u00eatre utilis\u00e9es pour le comptage et l'emballage d'encens tels que l'encens de Bouddha, l'encens anti-moustiques, l'encens long, l'encens \u00e0 mouches, l'encens de sixi\u00e8me g\u00e9n\u00e9ration, l'encens en b\u00e2ton, l'encens en b\u00e2ton de bambou, etc.<\/p>    <figure class=\"wp-block-image size-large\"><img decoding=\"async\" src=\"https:\/\/taizypackaging.com\/wp-content\/uploads\/2020\/10\/various-incenses-in-the-world.jpg\" alt=\"divers encens dans le monde\" class=\"wp-image-666\"\/><figcaption>divers encens dans le monde<\/figcaption><\/figure>    <h2 class=\"wp-block-heading\" id=\"h-the-features-and-characteristics-of-agarbatti-incense-stick-packing-machine\">Les caract\u00e9ristiques et caract\u00e9ristiques de la machine d'emballage de b\u00e2tons d'encens Agarbatti<\/h2>    <ul class=\"wp-block-list\"><li>Cette machine adopte un contr\u00f4le par \u00e9cran tactile et un contr\u00f4le intelligent du circuit de commande principal PLC. Et il a une mesure pr\u00e9cise.<\/li><\/ul>    <ul class=\"wp-block-list\"><li>Il peut d\u00e9tecter automatiquement les d\u00e9fauts. Son fonctionnement est donc simple et son r\u00e9glage pratique.<\/li><li>La machine adopte une structure \u00e0 double servo de haute qualit\u00e9 et elle est facile \u00e0 entretenir. Il s'use moins et a une longue dur\u00e9e de vie.<\/li><\/ul>    <ul class=\"wp-block-list\"><li>La machine d'emballage de b\u00e2tons d'encens adopte une d\u00e9tection de fibre optique de haute pr\u00e9cision. L'emballage est donc pr\u00e9cis et fiable.<\/li><li>La longueur du sac n'a pas besoin d'\u00eatre r\u00e9gl\u00e9e manuellement et elle est r\u00e9gl\u00e9e par la machine.<\/li><li>Le joint d'extr\u00e9mit\u00e9 a une structure r\u00e9glable qui peut rendre le joint magnifique et \u00e9limine le ph\u00e9nom\u00e8ne de coupe du sac.<\/li><li>La machine h\u00f4te est pulv\u00e9ris\u00e9e de peinture plastique. De plus, il peut \u00eatre fabriqu\u00e9 enti\u00e8rement en acier inoxydable selon les besoins du client.<\/li><li>La cha\u00eene d'assemblage d'emballages est enti\u00e8rement automatis\u00e9e avec un contr\u00f4le simple, une stabilit\u00e9 \u00e9lev\u00e9e et un faible taux de rebut. Cela permet d'\u00e9conomiser consid\u00e9rablement du travail et d'am\u00e9liorer l'efficacit\u00e9 de la production.<\/li><\/ul>    <ul class=\"wp-block-list\"><li>Efficacit\u00e9 d'emballage \u00e9lev\u00e9e, performances stables, fonctionnement et maintenance pratiques et faible taux de d\u00e9faillance.<\/li><\/ul>    <figure class=\"wp-block-image size-large\"><img decoding=\"async\" src=\"https:\/\/taizypackaging.com\/wp-content\/uploads\/2020\/10\/the-structure-incense-stick-packing-machine.jpg\" alt=\"la machine d&#039;emballage de b\u00e2tons d&#039;encens de structure\" class=\"wp-image-667\"\/><figcaption>la machine d'emballage de b\u00e2tons d'encens de structure<\/figcaption><\/figure>    <h2 class=\"wp-block-heading\" id=\"h-technical-parameters\">Param\u00e8tres de la machine d'emballage de b\u00e2tons d'encens<\/h2>    <figure class=\"wp-block-table\"><table><tbody><tr><td>Mod\u00e8le<\/td><td>CX-300<\/td><td>CX-500<\/td><\/tr><tr><td>M\u00e9thode de scellement <\/td><td>Scellement arri\u00e8re <\/td><td>Scellement arri\u00e8re<\/td><\/tr><tr><td>Vitesse d'emballage <\/td><td>20-50 sacs\/min <\/td><td>20-70 sacs\/min<\/td><\/tr><tr><td>\u00c9paisseur du film d'emballage<\/td><td>2,0-5,2 um<\/td><td>1,0-2,2 um<\/td><\/tr><tr><td>Largeur du film d'emballage<\/td><td>300 mm<\/td><td>300 mm<\/td><\/tr><tr><td>Longueur de sac <\/td><td>300-600 millim\u00e8tres <\/td><td>300-600 millim\u00e8tres<\/td><\/tr><tr><td>Largeur du sac <\/td><td>10-150 millim\u00e8tres<\/td><td>10-150 millim\u00e8tres<\/td><\/tr><tr><td>Mat\u00e9riaux de film de sac <\/td><td>BOPP, PE\/OPP<\/td><td>BOP<\/td><\/tr><\/tbody><\/table><\/figure>    <h2 class=\"wp-block-heading\" id=\"h-the-advantages-of-incense-stick-packaging-machine\">Les avantages de la machine d'emballage de b\u00e2tons d'encens<\/h2>    <p>Il peut fonctionner en continu pendant une longue p\u00e9riode.<\/p>    <p>Bonnes performances d'\u00e9tanch\u00e9it\u00e9 et bel effet d'emballage.<\/p>    <p>Il peut \u00e9galement imprimer simultan\u00e9ment la date de production et les trous de per\u00e7age (trous ronds, trous triangulaires, etc.).<\/p>    <p>Large gamme d'emballages : la gamme d'utilisation est adapt\u00e9e pour l'emballage d'encens Bouddha, encens longs (1 \u00e0 100 pi\u00e8ces).<\/p>    <p>Tapez les param\u00e8tres, et automatiquement compt\u00e9s et emball\u00e9s<\/p>    <figure class=\"wp-block-image size-large\"><img decoding=\"async\" src=\"https:\/\/taizypackaging.com\/wp-content\/uploads\/2020\/10\/pack-display-of-Counting-Agarbatti-Incense-Stick-Packing-Machine-.jpg\" alt=\"affichage du pack de machine \u00e0 emballer de b\u00e2tons d&#039;encens Agarbatti\" class=\"wp-image-668\"\/><figcaption>affichage du pack de machine \u00e0 emballer de b\u00e2tons d'encens Agarbatti<\/figcaption><\/figure>    <h2 class=\"wp-block-heading\" id=\"h-the-incense-stick-packing-machine-manufacturer\">Le fabricant de machines d'emballage de b\u00e2tons d'encens<\/h2>    <p class=\"translation-block\">Nous sommes le fabricant de la machine d'emballage. Nous sommes une entreprise sp\u00e9cialis\u00e9e dans la recherche et la vente de machines d'emballage. Maintenant, nos principales machines d'emballage incluent <a href=\"https:\/\/taizypackaging.com\/fr\/granule-packaging-machine\/\" target=\"_blank\" rel=\"noreferrer noopener\">machine d'emballage de granules<\/a>, machine d'emballage en poudre, machine d'emballage de p\u00e2te, <a href=\"https:\/\/taizypackaging.com\/fr\/machines-category\/vpm\/\" target=\"_blank\" rel=\"noreferrer noopener\">machine d'emballage sous vide<\/a>, machine d'emballage d'encens, etc.<\/p>    <h2 class=\"wp-block-heading\" id=\"h-customer-case\">Cas client<\/h2>    <p>Les clients argentins ont achet\u00e9 ce type de machine d'emballage de b\u00e2tons d'encens aupr\u00e8s d'autres soci\u00e9t\u00e9s en 2017 et nous ont contact\u00e9s en octobre de cette ann\u00e9e pour acheter une machine d'emballage plus avanc\u00e9e. Notre conseiller commercial a donc envoy\u00e9 la photo de la machine d'emballage automatique d'agarbatti et les param\u00e8tres au client. Le client \u00e9tait tr\u00e8s satisfait et a d\u00e9cid\u00e9 de nous verser d'abord un acompte de 50%. Le client nous a envoy\u00e9 un retour vid\u00e9o apr\u00e8s avoir re\u00e7u la machine, et celle-ci fonctionne tr\u00e8s bien.<\/p>","protected":false},"excerpt":{"rendered":"<p>The incense stick packaging machine is also called agarbatti packing machine. We have produced this agarbatti counting and sealing packaging machine according to the characteristics of various incense in the world. Now, we have&nbsp;an incense stick packing machine, agarbatti pouch packing machine, Indiamart agarbatti packing machine, agarbatti counting and packing machine, automatic agarbatti packing machine, [&hellip;]<\/p>\n","protected":false},"author":1,"featured_media":670,"parent":0,"template":"","tags":[],"product-type":[668],"class_list":["post-536","product","type-product","status-publish","has-post-thumbnail","hentry","product-type-supporting-equipment"],"_links":{"self":[{"href":"https:\/\/taizypackaging.com\/fr\/wp-json\/wp\/v2\/product\/536","targetHints":{"allow":["GET"]}}],"collection":[{"href":"https:\/\/taizypackaging.com\/fr\/wp-json\/wp\/v2\/product"}],"about":[{"href":"https:\/\/taizypackaging.com\/fr\/wp-json\/wp\/v2\/types\/product"}],"author":[{"embeddable":true,"href":"https:\/\/taizypackaging.com\/fr\/wp-json\/wp\/v2\/users\/1"}],"wp:featuredmedia":[{"embeddable":true,"href":"https:\/\/taizypackaging.com\/fr\/wp-json\/wp\/v2\/media\/670"}],"wp:attachment":[{"href":"https:\/\/taizypackaging.com\/fr\/wp-json\/wp\/v2\/media?parent=536"}],"wp:term":[{"taxonomy":"post_tag","embeddable":true,"href":"https:\/\/taizypackaging.com\/fr\/wp-json\/wp\/v2\/tags?post=536"},{"taxonomy":"product-type","embeddable":true,"href":"https:\/\/taizypackaging.com\/fr\/wp-json\/wp\/v2\/product-type?post=536"}],"curies":[{"name":"wp","href":"https:\/\/api.w.org\/{rel}","templated":true}]}}