{"id":772,"date":"2020-11-21T06:47:00","date_gmt":"2020-11-21T06:47:00","guid":{"rendered":"https:\/\/taizypackaging.com\/?p=772"},"modified":"2024-07-17T17:58:18","modified_gmt":"2024-07-17T09:58:18","slug":"single-chamber-vacuum-packing-machine","status":"publish","type":"product","link":"https:\/\/taizypackaging.com\/fr\/single-chamber-vacuum-packing-machine\/","title":{"rendered":"Machine d'emballage sous vide \u00e0 chambre unique"},"content":{"rendered":"<div class=\"kk-star-ratings kksr-auto kksr-align-left kksr-valign-top\"     data-payload='{&quot;align&quot;:&quot;left&quot;,&quot;id&quot;:&quot;772&quot;,&quot;slug&quot;:&quot;default&quot;,&quot;valign&quot;:&quot;top&quot;,&quot;ignore&quot;:&quot;&quot;,&quot;reference&quot;:&quot;auto&quot;,&quot;class&quot;:&quot;&quot;,&quot;count&quot;:&quot;8&quot;,&quot;legendonly&quot;:&quot;&quot;,&quot;readonly&quot;:&quot;&quot;,&quot;score&quot;:&quot;4.8&quot;,&quot;starsonly&quot;:&quot;&quot;,&quot;best&quot;:&quot;5&quot;,&quot;gap&quot;:&quot;5&quot;,&quot;greet&quot;:&quot;Rate this product&quot;,&quot;legend&quot;:&quot;4.8\\\/5 - (8 votes)&quot;,&quot;size&quot;:&quot;24&quot;,&quot;title&quot;:&quot;Single Chamber Vacuum Packing Machine&quot;,&quot;width&quot;:&quot;136.7&quot;,&quot;_legend&quot;:&quot;{score}\\\/{best} - ({count} {votes})&quot;,&quot;font_factor&quot;:&quot;1.25&quot;}'>              <div class=\"kksr-stars\">      <div class=\"kksr-stars-inactive\">             <div class=\"kksr-star\" data-star=\"1\" style=\"padding-right: 5px\">               <div class=\"kksr-icon\" style=\"width: 24px; height: 24px;\"><\/div>         <\/div>             <div class=\"kksr-star\" data-star=\"2\" style=\"padding-right: 5px\">               <div class=\"kksr-icon\" style=\"width: 24px; height: 24px;\"><\/div>         <\/div>             <div class=\"kksr-star\" data-star=\"3\" style=\"padding-right: 5px\">               <div class=\"kksr-icon\" style=\"width: 24px; height: 24px;\"><\/div>         <\/div>             <div class=\"kksr-star\" data-star=\"4\" style=\"padding-right: 5px\">               <div class=\"kksr-icon\" style=\"width: 24px; height: 24px;\"><\/div>         <\/div>             <div class=\"kksr-star\" data-star=\"5\" style=\"padding-right: 5px\">               <div class=\"kksr-icon\" style=\"width: 24px; height: 24px;\"><\/div>         <\/div>     <\/div>      <div class=\"kksr-stars-active\" style=\"width: 136.7px;\">             <div class=\"kksr-star\" style=\"padding-right: 5px\">               <div class=\"kksr-icon\" style=\"width: 24px; height: 24px;\"><\/div>         <\/div>             <div class=\"kksr-star\" style=\"padding-right: 5px\">               <div class=\"kksr-icon\" style=\"width: 24px; height: 24px;\"><\/div>         <\/div>             <div class=\"kksr-star\" style=\"padding-right: 5px\">               <div class=\"kksr-icon\" style=\"width: 24px; height: 24px;\"><\/div>         <\/div>             <div class=\"kksr-star\" style=\"padding-right: 5px\">               <div class=\"kksr-icon\" style=\"width: 24px; height: 24px;\"><\/div>         <\/div>             <div class=\"kksr-star\" style=\"padding-right: 5px\">               <div class=\"kksr-icon\" style=\"width: 24px; height: 24px;\"><\/div>         <\/div>     <\/div> <\/div>                   <div class=\"kksr-legend\" style=\"font-size: 19.2px;\">             4,8\/5 - (8 votes)    <\/div>     <\/div>  <p class=\"translation-block\">La <strong>machine d'emballage sous vide \u00e0 chambre unique<\/strong> fait r\u00e9f\u00e9rence aux scelleuses sous vide avec une seule chambre. Les machines d'emballage sous vide sont largement utilis\u00e9es dans l'industrie alimentaire, comme pour la viande, les l\u00e9gumes, les fruits, le ma\u00efs, le riz, la saucisse, etc. Elle peut extraire automatiquement l'air du sac et terminer le processus d'emballage. Elle peut \u00e9galement \u00eatre remplie d'azote ou d'autres m\u00e9langes gazeux pour terminer le processus d'emballage. Apr\u00e8s l'emballage sous vide, les aliments peuvent \u00eatre prot\u00e9g\u00e9s contre l'oxydation, afin d'atteindre le but de conservation \u00e0 long terme. Une machine d'emballage sous vide \u00e0 chambre unique est une scelleuse sous vide petite et portable. Elle convient aussi bien aux applications domestiques qu'industrielles.  <\/p>    <h2 class=\"wp-block-heading\" id=\"h-how-does-this-kind-of-vacuum-packing-machine-work\">Comment fonctionne la machine d'emballage sous vide monopi\u00e8ce ?<\/h2>   <figure class=\"wp-block-embed-youtube wp-block-embed is-type-video is-provider-youtube wp-embed-aspect-16-9 wp-has-aspect-ratio\"><div class=\"lyte-wrapper fourthree\" title=\"Machine d&#039;emballage sous vide \u00e0 chambre unique | Machine d&#039;emballage sous vide commerciale \u00e0 haute efficacit\u00e9\" style=\"width:960px;max-width:100%;margin:5px auto;\"><div class=\"lyMe hidef\" id=\"WYL_ogHoh9d3IKc\" itemprop=\"video\" itemscope itemtype=\"https:\/\/schema.org\/VideoObject\"><div><meta itemprop=\"thumbnailUrl\" content=\"https:\/\/taizypackaging.com\/wp-content\/plugins\/wp-youtube-lyte\/lyteCache.php?origThumbUrl=https%3A%2F%2Fi.ytimg.com%2Fvi%2FogHoh9d3IKc%2Fmaxresdefault.jpg\" \/><meta itemprop=\"embedURL\" content=\"https:\/\/www.youtube.com\/embed\/ogHoh9d3IKc\" \/><meta itemprop=\"duration\" content=\"PT47S\" \/><meta itemprop=\"uploadDate\" content=\"2021-08-13T00:52:06Z\" \/><\/div><div id=\"lyte_ogHoh9d3IKc\" data-src=\"https:\/\/taizypackaging.com\/wp-content\/plugins\/wp-youtube-lyte\/lyteCache.php?origThumbUrl=https%3A%2F%2Fi.ytimg.com%2Fvi%2FogHoh9d3IKc%2Fmaxresdefault.jpg\" class=\"pL\"><div class=\"tC\"><div class=\"tT\" itemprop=\"name\">Machine d'emballage sous vide \u00e0 chambre unique | Machine d'emballage sous vide commerciale \u00e0 haute efficacit\u00e9<\/div><\/div><div class=\"play\"><\/div><div class=\"ctrl\"><div class=\"Lctrl\"><\/div><div class=\"Rctrl\"><\/div><\/div><\/div><noscript><a href=\"https:\/\/youtu.be\/ogHoh9d3IKc\" rel=\"nofollow noopener\" target=\"_blank\"><img loading=\"lazy\" decoding=\"async\" src=\"https:\/\/taizypackaging.com\/wp-content\/plugins\/wp-youtube-lyte\/lyteCache.php?origThumbUrl=https%3A%2F%2Fi.ytimg.com%2Fvi%2FogHoh9d3IKc%2F0.jpg\" alt=\"Machine d&#039;emballage sous vide \u00e0 chambre unique | Machine d&#039;emballage sous vide commerciale \u00e0 haute efficacit\u00e9\" width=\"960\" height=\"700\" \/><br \/>Watch this video on YouTube<\/a><\/noscript><meta itemprop=\"description\" content=\"#vacuumpacking #vacuumsealer #vacuumpacker Email: info@taizypackaging.com WhatsApp\/Wechat\/Tel:+86 18837171591 Useful link: https:\/\/taizypackaging.com\/single-chamber-vacuum-packing-machine\/ ---------------------------------------------------- This vacuum packaging machine has only one vacuum chamber to work. It is mainly used for packaging all kinds of snack foods, such as chicken legs, ham, chicken feet, spiced corned egg, spicy strips, grilled fish fillets, beef jerky, sausages, meat, etc. Compared with a double chamber vacuum packing machine, it has a smaller size and a cheaper price. Single chamber vacuum packaging machine is a small and portable vacuum sealer. It is both suitable for home and industrial applications. Taizy is a professional vacuum sealer manufacturer and exporter, providing various vacuum packing machines for sale. Contact us today for the best quote. You may also like this video: Double chamber vacuum packing machine: https:\/\/www.youtube.com\/watch?v=aPYp44oAyio ---------------------------------------------------- Email: info@taizypackaging.com WhatsApp\/Wechat\/Tel:+86 18837171591 Useful link: https:\/\/taizypackaging.com\/single-chamber-vacuum-packing-machine\/\"><\/div><\/div><div class=\"lL\" style=\"max-width:100%;width:960px;margin:5px auto;\"><\/div><figcaption><\/figcaption><\/figure>   <h2 class=\"wp-block-heading\" id=\"h-what-can-single-chamber-vacuum-packaging-machine-pack\">Que peut emballer une machine d'emballage sous vide \u00e0 chambre unique\u00a0? <\/h2>    <p>Une machine d'emballage sous vide \u00e0 chambre unique convient \u00e0 l'emballage de divers aliments en utilisant diverses membranes composites en plastique ou en feuille d'aluminium. Il peut emballer des aliments liquides, semi-fluides, granulaires solides, en poudre, p\u00e2teux, des fruits frais, des l\u00e9gumes, du riz, des fleurs, des produits chimiques, des mati\u00e8res m\u00e9dicinales pr\u00e9cieuses, de la calligraphie et de la peinture pr\u00e9cieuses, des composants \u00e9lectroniques, divers anti-mites, anti-corrosion , produits r\u00e9sistants \u00e0 l'humidit\u00e9, anti-moisissure et antioxydants.<\/p>    <figure class=\"wp-block-image size-full\"><img decoding=\"async\" src=\"https:\/\/taizypackaging.com\/wp-content\/uploads\/2020\/11\/single-chamber-vacuum-sealer-applications.jpg\" alt=\"applications de mise sous vide \u00e0 chambre unique\" class=\"wp-image-4089\"\/><figcaption class=\"wp-element-caption\">applications de mise sous vide \u00e0 chambre unique<\/figcaption><\/figure>    <h2 class=\"wp-block-heading\" id=\"h-technical-parameters\">Param\u00e8tres techniques de la scelleuse sous vide \u00e0 chambre unique<\/h2>    <figure class=\"wp-block-table\"><table><tbody><tr><td>Mod\u00e8le<\/td><td>DZ400\/2E<\/td><td>DZ500\/2E<\/td><td>DZ600\/2E<\/td><\/tr><tr><td>Pouvoir<\/td><td>220V\/110V<\/td><td>220V\/110V<\/td><td>220V\/110V<\/td><\/tr><tr><td>Puissance de la pompe \u00e0 vide<\/td><td>900W<\/td><td>900W<\/td><td>1800W<\/td><\/tr><tr><td>Pouvoir d'\u00e9tanch\u00e9it\u00e9<\/td><td>600W<\/td><td>750W<\/td><td>1200W<\/td><\/tr><tr><td>Pression absolue la plus basse<\/td><td>1Kpa<\/td><td>1Kpa<\/td><td>1Kpa<\/td><\/tr><tr><td>Bande d'\u00e9tanch\u00e9it\u00e9<\/td><td>2<\/td><td>2<\/td><td>2<\/td><\/tr><tr><td>Taille de la chambre \u00e0 vide<\/td><td>430*<em>420<\/em>*75mm<\/td><td>530*<em>520<\/em>*75mm<\/td><td>650*<em>620<\/em>*100mm<\/td><\/tr><tr><td>Taille du joint<\/td><td>400*10mm<\/td><td>500*10mm<\/td><td>600*10mm<\/td><\/tr><tr><td>Poids<\/td><td>80 kg<\/td><td>100 kg<\/td><td>150 kg<\/td><\/tr><tr><td>Taille de la machine<\/td><td>540*<em>500<\/em>*950mm<\/td><td>580*<em>630<\/em>*1000 mm<\/td><td>750*<em>710<\/em>*1000 mm<\/td><\/tr><\/tbody><\/table><\/figure>    <h2 class=\"wp-block-heading\">Machine d'emballage sous vide \u00e0 chambre unique VS double chambre<\/h2>    <h3 class=\"wp-block-heading\">Similitudes<\/h3>    <p>Les machines d'emballage sous vide \u00e0 chambre unique et les machines d'emballage sous vide \u00e0 double chambre sont les deux principales machines d'emballage sous vide couramment utilis\u00e9es. Comme son nom l'indique, la machine d'emballage sous vide \u00e0 chambre unique ne dispose que d'une seule pi\u00e8ce et la machine \u00e0 double chambre dispose de deux pi\u00e8ces. Ils ont le m\u00eame principe de fonctionnement et le m\u00eame objectif. L'ensemble du produit est plac\u00e9 dans la machine \u00e0 l'int\u00e9rieur du sac en plastique, scell\u00e9, et le couvercle est \u00e9quip\u00e9 d'une puissante pompe \u00e0 vide pour \u00e9liminer l'air, une fois que tout l'air est \u00e9limin\u00e9. Ouvrez ensuite le couvercle et retirez le produit fini.<\/p>    <h3 class=\"wp-block-heading\">Diff\u00e9rences<\/h3>    <p>La diff\u00e9rence entre les deux machines sous vide ne r\u00e9side pas dans la mani\u00e8re de sceller mais dans la capacit\u00e9 de scellage. Les machines sous vide \u00e0 chambre unique sont plus adapt\u00e9es \u00e0 la demande d'emballages de volumes moyens et faibles, car plus d'une certaine taille d'emballage ne pourra pas s'ins\u00e9rer correctement dans la machine \u00e0 chambre unique. Pendant ce temps, comme leur nom l\u2019indique, les machines sous vide \u00e0 deux chambres ont une plus grande capacit\u00e9 et une plus grande taille pour sceller les articles, et elles sont utilis\u00e9es pour les emballages de capacit\u00e9 moyenne. Il est couramment utilis\u00e9 pour emballer des produits laitiers, de la viande, des conserves et des confiseries. <\/p>    <p>En termes de performances, ils s\u2019en sortent tous les deux bien. Celui qui convient le mieux \u00e0 votre projet d\u00e9pend simplement de la taille des \u00e9l\u00e9ments que vous devez sceller. Si vous n'\u00eates pas s\u00fbr de vos besoins, demandez conseil \u00e0 notre personnel qualifi\u00e9. <\/p>    <figure class=\"wp-block-image size-full\"><img loading=\"lazy\" decoding=\"async\" width=\"720\" height=\"540\" src=\"https:\/\/taizypackaging.com\/wp-content\/uploads\/2020\/11\/single-chamber-vacuum-packaging-machine-2.jpg\" alt=\"machine d&#039;emballage sous vide \u00e0 chambre unique\" class=\"wp-image-4087\" srcset=\"https:\/\/taizypackaging.com\/wp-content\/uploads\/2020\/11\/single-chamber-vacuum-packaging-machine-2.jpg 720w, https:\/\/taizypackaging.com\/wp-content\/uploads\/2020\/11\/single-chamber-vacuum-packaging-machine-2-300x225.jpg 300w\" sizes=\"auto, (max-width: 720px) 100vw, 720px\" \/><figcaption class=\"wp-element-caption\">machine d'emballage sous vide \u00e0 chambre unique<\/figcaption><\/figure>    <h2 class=\"wp-block-heading\" id=\"h-what-are-the-advantages-of-the-single-chamber-vacuum-packaging-machine\">Avantages de la machine d'emballage sous vide mono-chambre<\/h2>    <ul class=\"wp-block-list\"> <li>Le syst\u00e8me de contr\u00f4le par micro-ordinateur est adopt\u00e9 pour rendre le r\u00e9glage des param\u00e8tres d'emballage plus pr\u00e9cis et l'op\u00e9ration est pratique<\/li>    <li>Les machines d'emballage sous vide pour aliments \u00e0 base de viande peuvent r\u00e9gler le temps de mise sous vide et le temps de scellage de l'emballage pour s'adapter aux emballages de diff\u00e9rentes sp\u00e9cifications et mat\u00e9riaux.<\/li>    <li>Notre machine est \u00e9quip\u00e9e d'une pompe \u00e0 vide haute puissance, de sorte que le sac d'emballage peut obtenir un vide important en peu de temps, ce qui am\u00e9liore l'efficacit\u00e9 de fonctionnement de l'\u00e9quipement.<\/li>    <li>L'ensemble du mat\u00e9riau de la machine d'emballage sous vide est en acier inoxydable 304, qui a un effet anticorrosion lorsqu'il est utilis\u00e9 dans des environnements tr\u00e8s corrosifs.<\/li>    <li>La chambre \u00e0 vide adopte la bande d'\u00e9tanch\u00e9it\u00e9 en forme de V compos\u00e9e de mat\u00e9riaux \u00e0 haute densit\u00e9 pour garantir l'\u00e9tanch\u00e9it\u00e9 \u00e0 l'air de l'\u00e9quipement dans le travail quotidien, la r\u00e9sistance \u00e0 la pression et \u00e0 l'usure du mat\u00e9riau, et prolonger la dur\u00e9e de vie de la bande d'\u00e9tanch\u00e9it\u00e9.<\/li> <\/ul>    <h2 class=\"wp-block-heading\" id=\"h-related-machine\">Machines associ\u00e9es \u00e0 la machine sous vide \u00e0 chambre unique<\/h2>    <p class=\"translation-block\">En plus de la machine d'emballage sous vide \u00e0 chambre unique, il existe des machines d'emballage sous vide de table et des machines d'emballage sous vide \u00e0 double chambre disponibles \u00e0 l'usine Taizy. La machine d'emballage sous vide de table est une sorte de petite scelleuse sous vide, id\u00e9ale pour un usage domestique avec une petite taille et un faible co\u00fbt. Et la <a href=\"https:\/\/taizypackaging.com\/fr\/double-chamber-vacuum-packing-machine\/\">machine d'emballage sous vide \u00e0 double chambre<\/a> convient aux applications commerciales. Parce qu'elle a une grande efficacit\u00e9 et de bonnes performances. Ces trois types de machines d'emballage sous vide \u00e0 vendre chez nous ont des caract\u00e9ristiques et des prix diff\u00e9rents. \u00cates-vous int\u00e9ress\u00e9 par celles-ci ? Contactez-nous pour plus d'informations utiles. <\/p>    <figure class=\"wp-block-image size-full\"><img decoding=\"async\" src=\"https:\/\/taizypackaging.com\/wp-content\/uploads\/2021\/08\/\u753b\u677f-11.jpg\" alt=\"Machine sous vide de bureau et machine sous vide \u00e0 double chambre\" class=\"wp-image-2654\"\/><figcaption class=\"wp-element-caption\">Machine sous vide de bureau et machine sous vide \u00e0 double chambre<\/figcaption><\/figure>    <h2 class=\"wp-block-heading\" id=\"h-about-us\">Pourquoi nous choisir comme premier fabricant de machines d'emballage sous vide ? <\/h2>    <p class=\"translation-block\">La soci\u00e9t\u00e9 Taizy se concentre sur l'industrie des <a href=\"https:\/\/taizypackaging.com\/fr\/\">machines d'emballage<\/a> depuis plus de 10 ans. Nous avons attir\u00e9 des clients du monde entier gr\u00e2ce \u00e0 notre bonne r\u00e9putation, \u00e0 nos produits de haute qualit\u00e9 et \u00e0 nos prix abordables. L'usine a rassembl\u00e9 des ing\u00e9nieurs exp\u00e9riment\u00e9s et des techniciens de premi\u00e8re classe pour contr\u00f4ler strictement la qualit\u00e9 des produits. De plus, notre directeur commercial vous pr\u00e9sentera la machine sous tous ses aspects par divers moyens, tels que des photos et des vid\u00e9os, et vous recommandera la machine la plus adapt\u00e9e \u00e0 vos besoins. <\/p>    <p>Si n\u00e9cessaire, vous pouvez en informer le responsable \u00e0 l'avance et notre personnel technique personnalisera la machine pour votre projet. Et notre soci\u00e9t\u00e9 entretient une coop\u00e9ration \u00e0 long terme avec de grandes entreprises de transport nationales pour garantir que vos marchandises sont exp\u00e9di\u00e9es avec le moins de pertes inutiles. Dans le m\u00eame temps, apr\u00e8s r\u00e9ception de la marchandise, notre personnel apr\u00e8s-vente est toujours pr\u00eat \u00e0 r\u00e9pondre \u00e0 votre confusion et \u00e0 vous donner des conseils sur l'entretien et l'entretien de la machine. <\/p>    <figure class=\"wp-block-image size-full\"><img decoding=\"async\" src=\"https:\/\/taizypackaging.com\/wp-content\/uploads\/2021\/08\/\u753b\u677f-10-1.jpg\" alt=\"machine d&#039;emballage sous vide \u00e0 chambre unique en stock\" class=\"wp-image-2655\"\/><figcaption class=\"wp-element-caption\">machine d'emballage sous vide \u00e0 chambre unique en stock<\/figcaption><\/figure>    <figure class=\"wp-block-image size-full\"><img decoding=\"async\" src=\"https:\/\/taizypackaging.com\/wp-content\/uploads\/2021\/08\/\u753b\u677f-9-2.jpg\" alt=\"usine de scellage sous vide \u00e0 chambre unique\" class=\"wp-image-2656\"\/><figcaption class=\"wp-element-caption\">usine de scellage sous vide \u00e0 chambre unique<\/figcaption><\/figure>","protected":false},"excerpt":{"rendered":"<p>Selon les diff\u00e9rentes exigences de rendement d'emballage, vous pouvez choisir une machine d'emballage sous vide de type unique ou une machine d'emballage sous vide \u00e0 double chambre.<\/p>","protected":false},"author":1,"featured_media":2660,"parent":0,"template":"","tags":[],"product-type":[666],"class_list":["post-772","product","type-product","status-publish","has-post-thumbnail","hentry","product-type-vacuum-packaging-machines"],"_links":{"self":[{"href":"https:\/\/taizypackaging.com\/fr\/wp-json\/wp\/v2\/product\/772","targetHints":{"allow":["GET"]}}],"collection":[{"href":"https:\/\/taizypackaging.com\/fr\/wp-json\/wp\/v2\/product"}],"about":[{"href":"https:\/\/taizypackaging.com\/fr\/wp-json\/wp\/v2\/types\/product"}],"author":[{"embeddable":true,"href":"https:\/\/taizypackaging.com\/fr\/wp-json\/wp\/v2\/users\/1"}],"wp:featuredmedia":[{"embeddable":true,"href":"https:\/\/taizypackaging.com\/fr\/wp-json\/wp\/v2\/media\/2660"}],"wp:attachment":[{"href":"https:\/\/taizypackaging.com\/fr\/wp-json\/wp\/v2\/media?parent=772"}],"wp:term":[{"taxonomy":"post_tag","embeddable":true,"href":"https:\/\/taizypackaging.com\/fr\/wp-json\/wp\/v2\/tags?post=772"},{"taxonomy":"product-type","embeddable":true,"href":"https:\/\/taizypackaging.com\/fr\/wp-json\/wp\/v2\/product-type?post=772"}],"curies":[{"name":"wp","href":"https:\/\/api.w.org\/{rel}","templated":true}]}}