{"id":16,"date":"2020-08-20T03:18:08","date_gmt":"2020-08-20T03:18:08","guid":{"rendered":"https:\/\/taizypackaging.com\/?page_id=16"},"modified":"2025-12-05T13:18:53","modified_gmt":"2025-12-05T05:18:53","slug":"contact-us","status":"publish","type":"page","link":"https:\/\/taizypackaging.com\/pt\/contact-us\/","title":{"rendered":"Contate-nos"},"content":{"rendered":"<div class=\"wp-block-columns is-layout-flex wp-container-core-columns-is-layout-9d6595d7 wp-block-columns-is-layout-flex\"> <div class=\"wp-block-column is-layout-flow wp-block-column-is-layout-flow\"> <h2 class=\"wp-block-heading\">O que voc\u00ea ganha<\/h2>    <ul class=\"wp-block-list\"> <li>Uma resposta oportuna do nosso especialista em embalagens<\/li>    <li>Solu\u00e7\u00f5es detalhadas de embalagens e cota\u00e7\u00e3o para o seu projeto <\/li>    <li>Uma chamada ou videoconfer\u00eancia para discutir os detalhes mais sutis <\/li>    <li>Privacidade 100% garantida, seus dados est\u00e3o seguros e protegidos<\/li> <\/ul> <\/div>    <div class=\"wp-block-column is-layout-flow wp-block-column-is-layout-flow\"> <h2 class=\"wp-block-heading\" id=\"h-contact-information\">Informa\u00e7\u00f5es de contato<\/h2>    <ul class=\"wp-block-list\"> <li>M\u00e1quinas Co. de Zhengzhou Taizy, Ltd<\/li>    <li>Whatsapp\/tel: + 86 15838192276<\/li>    <li>E-mail: info@taizypackaging.com<\/li>    <li>Endere\u00e7o: Hanghai Road East, Zona de Desenvolvimento Econ\u00f4mico e Tecnol\u00f3gico, cidade de Zhengzhou, China<\/li> <\/ul> <\/div> <\/div>","protected":false},"excerpt":{"rendered":"<p>O que voc\u00ea obt\u00e9m Informa\u00e7\u00f5es de contato<\/p>","protected":false},"author":1,"featured_media":0,"parent":0,"menu_order":0,"comment_status":"closed","ping_status":"closed","template":"","meta":{"footnotes":""},"class_list":["post-16","page","type-page","status-publish","hentry"],"_links":{"self":[{"href":"https:\/\/taizypackaging.com\/pt\/wp-json\/wp\/v2\/pages\/16","targetHints":{"allow":["GET"]}}],"collection":[{"href":"https:\/\/taizypackaging.com\/pt\/wp-json\/wp\/v2\/pages"}],"about":[{"href":"https:\/\/taizypackaging.com\/pt\/wp-json\/wp\/v2\/types\/page"}],"author":[{"embeddable":true,"href":"https:\/\/taizypackaging.com\/pt\/wp-json\/wp\/v2\/users\/1"}],"replies":[{"embeddable":true,"href":"https:\/\/taizypackaging.com\/pt\/wp-json\/wp\/v2\/comments?post=16"}],"version-history":[{"count":0,"href":"https:\/\/taizypackaging.com\/pt\/wp-json\/wp\/v2\/pages\/16\/revisions"}],"wp:attachment":[{"href":"https:\/\/taizypackaging.com\/pt\/wp-json\/wp\/v2\/media?parent=16"}],"curies":[{"name":"wp","href":"https:\/\/api.w.org\/{rel}","templated":true}]}}