{"id":18,"date":"2020-08-20T03:18:31","date_gmt":"2020-08-20T03:18:31","guid":{"rendered":"https:\/\/taizypackaging.com\/?page_id=18"},"modified":"2026-02-13T11:43:23","modified_gmt":"2026-02-13T03:43:23","slug":"about-us","status":"publish","type":"page","link":"https:\/\/taizypackaging.com\/pt\/about-us\/","title":{"rendered":"Sobre n\u00f3s"},"content":{"rendered":"<div class=\"wp-block-group alignfull\"><div class=\"wp-block-group__inner-container is-layout-flow wp-block-group-is-layout-flow\"> <div class=\"wp-block-columns alignwide are-vertically-aligned-center is-layout-flex wp-container-core-columns-is-layout-9d6595d7 wp-block-columns-is-layout-flex\"> <div class=\"wp-block-column is-layout-flow wp-block-column-is-layout-flow\" style=\"flex-basis:50%\"> <p class=\"has-text-color translation-block\" style=\"color:#000000;font-size:30px;line-height:1.1\"><strong> Taizy Machinery <\/strong><\/p> <\/div>    <div class=\"wp-block-column is-layout-flow wp-block-column-is-layout-flow\" style=\"flex-basis:50%\"> <hr class=\"wp-block-separator has-text-color has-css-opacity has-background is-style-wide\" style=\"background-color:#000000;color:#000000\"\/> <\/div> <\/div>    <div class=\"wp-block-columns alignwide is-layout-flex wp-container-core-columns-is-layout-9d6595d7 wp-block-columns-is-layout-flex\"> <div class=\"wp-block-column is-layout-flow wp-block-column-is-layout-flow\"> <figure class=\"wp-block-image size-full\"><img loading=\"lazy\" decoding=\"async\" width=\"720\" height=\"540\" src=\"https:\/\/taizypackaging.com\/wp-content\/uploads\/2026\/02\/Shuliy-packaging-machine-factory.webp\" alt=\"F\u00e1brica de m\u00e1quinas de embalagem Shuliy\" class=\"wp-image-5160\" srcset=\"https:\/\/taizypackaging.com\/wp-content\/uploads\/2026\/02\/Shuliy-packaging-machine-factory.webp 720w, https:\/\/taizypackaging.com\/wp-content\/uploads\/2026\/02\/Shuliy-packaging-machine-factory-300x225.webp 300w, https:\/\/taizypackaging.com\/wp-content\/uploads\/2026\/02\/Shuliy-packaging-machine-factory-16x12.webp 16w\" sizes=\"auto, (max-width: 720px) 100vw, 720px\" \/><figcaption class=\"wp-element-caption\">F\u00e1brica de m\u00e1quinas de embalagem Shuliy<\/figcaption><\/figure> <\/div>    <div class=\"wp-block-column is-layout-flow wp-block-column-is-layout-flow\"> <p class=\"translation-block\">A Taizy Packaging Machinery Co. LTD \u00e9 a marca Taizy sob o guarda-chuva do Grupo Shuliy, especializada no design, fabrica\u00e7\u00e3o e exporta\u00e7\u00e3o de equipamentos de processamento de alimentos e m\u00e1quinas de embalagem. Com sua pr\u00f3pria f\u00e1brica e capacidades avan\u00e7adas de produ\u00e7\u00e3o, a Taizy oferece uma gama completa de m\u00e1quinas de embalagem \u2014 desde enchimentos de p\u00f3 e <strong><a href=\"https:\/\/taizypackaging.com\/pt\/spice-packing-machine\/\" data-type=\"link\" data-id=\"https:\/\/taizypackaging.com\/spice-packing-machine\/\">m\u00e1quina de embalagem de especiarias<\/a><\/strong> at\u00e9 sistemas de embalagem de l\u00edquidos, gr\u00e2nulos e <strong><a href=\"https:\/\/taizypackaging.com\/pt\/lapel-combination-packaging-machine\/\" data-type=\"link\" data-id=\"https:\/\/taizypackaging.com\/lapel-combination-packaging-machine\/\">sistemas de embalagem de bolsas<\/a><\/strong> \u2014 e pode fornecer solu\u00e7\u00f5es de embalagem turnkey personalizadas, adaptadas \u00e0s diversas necessidades de produtos.<\/p> <\/div> <\/div> <\/div><\/div>    <p>Aproveitando mais de uma d\u00e9cada de experi\u00eancia na ind\u00fastria e uma forte equipa de engenharia, a Taizy garante um controlo de qualidade rigoroso e um desempenho de fabrica\u00e7\u00e3o fi\u00e1vel, enquanto continua a inovar as suas linhas de produtos para atender \u00e0s necessidades do mercado global. Os seus equipamentos s\u00e3o amplamente utilizados nos setores de alimentos, farmac\u00eautico, cosm\u00e9ticos e outros.<\/p>    <figure class=\"wp-block-gallery has-nested-images columns-2 is-cropped wp-block-gallery-2 is-layout-flex wp-block-gallery-is-layout-flex\"> <figure class=\"wp-block-image size-large\"><img loading=\"lazy\" decoding=\"async\" width=\"720\" height=\"540\" data-id=\"5169\" src=\"https:\/\/taizypackaging.com\/wp-content\/uploads\/2026\/02\/large-packaging-machines.webp\" alt=\"grandes m\u00e1quinas de embalagem\" class=\"wp-image-5169\" srcset=\"https:\/\/taizypackaging.com\/wp-content\/uploads\/2026\/02\/large-packaging-machines.webp 720w, https:\/\/taizypackaging.com\/wp-content\/uploads\/2026\/02\/large-packaging-machines-300x225.webp 300w, https:\/\/taizypackaging.com\/wp-content\/uploads\/2026\/02\/large-packaging-machines-16x12.webp 16w\" sizes=\"auto, (max-width: 720px) 100vw, 720px\" \/><figcaption class=\"wp-element-caption\">grandes m\u00e1quinas de embalagem<\/figcaption><\/figure>    <figure class=\"wp-block-image size-large\"><img loading=\"lazy\" decoding=\"async\" width=\"720\" height=\"540\" data-id=\"5170\" src=\"https:\/\/taizypackaging.com\/wp-content\/uploads\/2026\/02\/Taizy-packaging-machine-factory.webp\" alt=\"F\u00e1brica de m\u00e1quinas de embalagem Taizy\" class=\"wp-image-5170\" srcset=\"https:\/\/taizypackaging.com\/wp-content\/uploads\/2026\/02\/Taizy-packaging-machine-factory.webp 720w, https:\/\/taizypackaging.com\/wp-content\/uploads\/2026\/02\/Taizy-packaging-machine-factory-300x225.webp 300w, https:\/\/taizypackaging.com\/wp-content\/uploads\/2026\/02\/Taizy-packaging-machine-factory-16x12.webp 16w\" sizes=\"auto, (max-width: 720px) 100vw, 720px\" \/><figcaption class=\"wp-element-caption\">F\u00e1brica de m\u00e1quinas de embalagem Taizy<\/figcaption><\/figure>    <figure class=\"wp-block-image size-large\"><img loading=\"lazy\" decoding=\"async\" width=\"720\" height=\"540\" data-id=\"5171\" src=\"https:\/\/taizypackaging.com\/wp-content\/uploads\/2026\/02\/various-packing-machines-are-available.webp\" alt=\"v\u00e1rias m\u00e1quinas de embalagem est\u00e3o dispon\u00edveis\" class=\"wp-image-5171\" srcset=\"https:\/\/taizypackaging.com\/wp-content\/uploads\/2026\/02\/various-packing-machines-are-available.webp 720w, https:\/\/taizypackaging.com\/wp-content\/uploads\/2026\/02\/various-packing-machines-are-available-300x225.webp 300w, https:\/\/taizypackaging.com\/wp-content\/uploads\/2026\/02\/various-packing-machines-are-available-16x12.webp 16w\" sizes=\"auto, (max-width: 720px) 100vw, 720px\" \/><figcaption class=\"wp-element-caption\">v\u00e1rias m\u00e1quinas de embalagem est\u00e3o dispon\u00edveis<\/figcaption><\/figure>    <figure class=\"wp-block-image size-large\"><img loading=\"lazy\" decoding=\"async\" width=\"720\" height=\"540\" data-id=\"5172\" src=\"https:\/\/taizypackaging.com\/wp-content\/uploads\/2026\/02\/packaging-machine-manufacture-workshop.webp\" alt=\"oficina de fabrica\u00e7\u00e3o de m\u00e1quinas de embalagem\" class=\"wp-image-5172\" srcset=\"https:\/\/taizypackaging.com\/wp-content\/uploads\/2026\/02\/packaging-machine-manufacture-workshop.webp 720w, https:\/\/taizypackaging.com\/wp-content\/uploads\/2026\/02\/packaging-machine-manufacture-workshop-300x225.webp 300w, https:\/\/taizypackaging.com\/wp-content\/uploads\/2026\/02\/packaging-machine-manufacture-workshop-16x12.webp 16w\" sizes=\"auto, (max-width: 720px) 100vw, 720px\" \/><figcaption class=\"wp-element-caption\">oficina de fabrica\u00e7\u00e3o de m\u00e1quinas de embalagem<\/figcaption><\/figure> <\/figure>    <p>Com uma rede de exporta\u00e7\u00e3o bem estabelecida e parcerias internacionais, as m\u00e1quinas de embalagem Taizy foram enviadas para in\u00fameros pa\u00edses e regi\u00f5es, demonstrando a capacidade de exporta\u00e7\u00e3o global da marca e a for\u00e7a de fabrica\u00e7\u00e3o. <\/p>    <p>Atualmente, as nossas m\u00e1quinas foram exportadas para Qu\u00e9nia, \u00c1frica do Sul, Gana, Congo, Eti\u00f3pia, Nam\u00edbia, Marrocos, Botsuana, Zimbabu\u00e9, Uganda, Arg\u00e9lia, Camar\u00f5es, Austr\u00e1lia, Estados Unidos, Reino Unido, etc.<\/p>    <figure class=\"wp-block-gallery has-nested-images columns-default is-cropped wp-block-gallery-3 is-layout-flex wp-block-gallery-is-layout-flex\"> <figure class=\"wp-block-image size-large\"><img loading=\"lazy\" decoding=\"async\" width=\"720\" height=\"540\" data-id=\"5173\" src=\"https:\/\/taizypackaging.com\/wp-content\/uploads\/2026\/02\/customer-visit-for-ten-head-potato-chips-packing-machine.webp\" alt=\"visita de cliente para m\u00e1quina de embalagem de batatas fritas de dez cabe\u00e7as\" class=\"wp-image-5173\" srcset=\"https:\/\/taizypackaging.com\/wp-content\/uploads\/2026\/02\/customer-visit-for-ten-head-potato-chips-packing-machine.webp 720w, https:\/\/taizypackaging.com\/wp-content\/uploads\/2026\/02\/customer-visit-for-ten-head-potato-chips-packing-machine-300x225.webp 300w, https:\/\/taizypackaging.com\/wp-content\/uploads\/2026\/02\/customer-visit-for-ten-head-potato-chips-packing-machine-16x12.webp 16w\" sizes=\"auto, (max-width: 720px) 100vw, 720px\" \/><figcaption class=\"wp-element-caption\">visita de cliente para m\u00e1quina de embalagem de batatas fritas de dez cabe\u00e7as<\/figcaption><\/figure>    <figure class=\"wp-block-image size-large\"><img loading=\"lazy\" decoding=\"async\" width=\"540\" height=\"720\" data-id=\"5174\" src=\"https:\/\/taizypackaging.com\/wp-content\/uploads\/2026\/02\/Japanese-customer-visiting.webp\" alt=\"cliente japon\u00eas a visitar\" class=\"wp-image-5174\" srcset=\"https:\/\/taizypackaging.com\/wp-content\/uploads\/2026\/02\/Japanese-customer-visiting.webp 540w, https:\/\/taizypackaging.com\/wp-content\/uploads\/2026\/02\/Japanese-customer-visiting-225x300.webp 225w, https:\/\/taizypackaging.com\/wp-content\/uploads\/2026\/02\/Japanese-customer-visiting-9x12.webp 9w\" sizes=\"auto, (max-width: 540px) 100vw, 540px\" \/><figcaption class=\"wp-element-caption\">cliente japon\u00eas a visitar<\/figcaption><\/figure>    <figure class=\"wp-block-image size-large\"><img loading=\"lazy\" decoding=\"async\" width=\"540\" height=\"720\" data-id=\"5175\" src=\"https:\/\/taizypackaging.com\/wp-content\/uploads\/2026\/02\/Zimbabwean-customer-visiting.webp\" alt=\"cliente zimbabuano a visitar\" class=\"wp-image-5175\" srcset=\"https:\/\/taizypackaging.com\/wp-content\/uploads\/2026\/02\/Zimbabwean-customer-visiting.webp 540w, https:\/\/taizypackaging.com\/wp-content\/uploads\/2026\/02\/Zimbabwean-customer-visiting-225x300.webp 225w, https:\/\/taizypackaging.com\/wp-content\/uploads\/2026\/02\/Zimbabwean-customer-visiting-9x12.webp 9w\" sizes=\"auto, (max-width: 540px) 100vw, 540px\" \/><figcaption class=\"wp-element-caption\">cliente zimbabuano a visitar<\/figcaption><\/figure>    <figure class=\"wp-block-image size-large\"><img loading=\"lazy\" decoding=\"async\" width=\"720\" height=\"540\" data-id=\"5176\" src=\"https:\/\/taizypackaging.com\/wp-content\/uploads\/2026\/02\/South-African-customer-visiting.webp\" alt=\"cliente sul-africano a visitar\" class=\"wp-image-5176\" srcset=\"https:\/\/taizypackaging.com\/wp-content\/uploads\/2026\/02\/South-African-customer-visiting.webp 720w, https:\/\/taizypackaging.com\/wp-content\/uploads\/2026\/02\/South-African-customer-visiting-300x225.webp 300w, https:\/\/taizypackaging.com\/wp-content\/uploads\/2026\/02\/South-African-customer-visiting-16x12.webp 16w\" sizes=\"auto, (max-width: 720px) 100vw, 720px\" \/><figcaption class=\"wp-element-caption\">cliente sul-africano a visitar<\/figcaption><\/figure>    <figure class=\"wp-block-image size-large\"><img loading=\"lazy\" decoding=\"async\" width=\"720\" height=\"540\" data-id=\"5178\" src=\"https:\/\/taizypackaging.com\/wp-content\/uploads\/2026\/02\/customer-visit-for-french-fries-packaging-machine.webp\" alt=\"visita de cliente para m\u00e1quina de embalagem de batatas fritas\" class=\"wp-image-5178\" srcset=\"https:\/\/taizypackaging.com\/wp-content\/uploads\/2026\/02\/customer-visit-for-french-fries-packaging-machine.webp 720w, https:\/\/taizypackaging.com\/wp-content\/uploads\/2026\/02\/customer-visit-for-french-fries-packaging-machine-300x225.webp 300w, https:\/\/taizypackaging.com\/wp-content\/uploads\/2026\/02\/customer-visit-for-french-fries-packaging-machine-16x12.webp 16w\" sizes=\"auto, (max-width: 720px) 100vw, 720px\" \/><figcaption class=\"wp-element-caption\">visita de cliente para m\u00e1quina de embalagem de batatas fritas<\/figcaption><\/figure>    <figure class=\"wp-block-image size-large\"><img loading=\"lazy\" decoding=\"async\" width=\"720\" height=\"540\" data-id=\"5179\" src=\"https:\/\/taizypackaging.com\/wp-content\/uploads\/2026\/02\/customer-visit-for-vacuum-packaging-machine.webp\" alt=\"visita de cliente para m\u00e1quina de embalagem a v\u00e1cuo\" class=\"wp-image-5179\" srcset=\"https:\/\/taizypackaging.com\/wp-content\/uploads\/2026\/02\/customer-visit-for-vacuum-packaging-machine.webp 720w, https:\/\/taizypackaging.com\/wp-content\/uploads\/2026\/02\/customer-visit-for-vacuum-packaging-machine-300x225.webp 300w, https:\/\/taizypackaging.com\/wp-content\/uploads\/2026\/02\/customer-visit-for-vacuum-packaging-machine-16x12.webp 16w\" sizes=\"auto, (max-width: 720px) 100vw, 720px\" \/><figcaption class=\"wp-element-caption\">visita de cliente para m\u00e1quina de embalagem a v\u00e1cuo<\/figcaption><\/figure>    <figure class=\"wp-block-image size-large\"><img loading=\"lazy\" decoding=\"async\" width=\"720\" height=\"540\" data-id=\"5177\" src=\"https:\/\/taizypackaging.com\/wp-content\/uploads\/2026\/02\/customer-visit-for-coffee-powder-packing-machine.webp\" alt=\"visita de cliente para m\u00e1quina de embalagem de caf\u00e9 em p\u00f3\" class=\"wp-image-5177\" srcset=\"https:\/\/taizypackaging.com\/wp-content\/uploads\/2026\/02\/customer-visit-for-coffee-powder-packing-machine.webp 720w, https:\/\/taizypackaging.com\/wp-content\/uploads\/2026\/02\/customer-visit-for-coffee-powder-packing-machine-300x225.webp 300w, https:\/\/taizypackaging.com\/wp-content\/uploads\/2026\/02\/customer-visit-for-coffee-powder-packing-machine-16x12.webp 16w\" sizes=\"auto, (max-width: 720px) 100vw, 720px\" \/><figcaption class=\"wp-element-caption\">visita de cliente para m\u00e1quina de embalagem de caf\u00e9 em p\u00f3<\/figcaption><\/figure>    <figure class=\"wp-block-image size-large\"><img loading=\"lazy\" decoding=\"async\" width=\"720\" height=\"540\" data-id=\"5180\" src=\"https:\/\/taizypackaging.com\/wp-content\/uploads\/2026\/02\/customer-visit-for-horizontal-packing-machine.webp\" alt=\"visita de cliente para m\u00e1quina de embalagem horizontal\" class=\"wp-image-5180\" srcset=\"https:\/\/taizypackaging.com\/wp-content\/uploads\/2026\/02\/customer-visit-for-horizontal-packing-machine.webp 720w, https:\/\/taizypackaging.com\/wp-content\/uploads\/2026\/02\/customer-visit-for-horizontal-packing-machine-300x225.webp 300w, https:\/\/taizypackaging.com\/wp-content\/uploads\/2026\/02\/customer-visit-for-horizontal-packing-machine-16x12.webp 16w\" sizes=\"auto, (max-width: 720px) 100vw, 720px\" \/><figcaption class=\"wp-element-caption\">visita de cliente para m\u00e1quina de embalagem horizontal<\/figcaption><\/figure> <\/figure>    <p>A Taizy tamb\u00e9m d\u00e1 \u00eanfase a um servi\u00e7o centrado no cliente, com suporte p\u00f3s-venda abrangente, incluindo consulta t\u00e9cnica, solu\u00e7\u00f5es de design personalizadas e orienta\u00e7\u00e3o operacional cont\u00ednua para ajudar os clientes a otimizar a produ\u00e7\u00e3o e garantir o desempenho a longo prazo das m\u00e1quinas.<\/p>   <div class=\"wp-block-image\"> <figure class=\"aligncenter size-full\"><img loading=\"lazy\" decoding=\"async\" width=\"720\" height=\"540\" src=\"https:\/\/taizypackaging.com\/wp-content\/uploads\/2026\/02\/Welcome-to-visit-Taizy-packing-machine-factory.webp\" alt=\"Bem-vindo \u00e0 visita \u00e0 f\u00e1brica de m\u00e1quinas de embalagem Taizy\" class=\"wp-image-5181\" srcset=\"https:\/\/taizypackaging.com\/wp-content\/uploads\/2026\/02\/Welcome-to-visit-Taizy-packing-machine-factory.webp 720w, https:\/\/taizypackaging.com\/wp-content\/uploads\/2026\/02\/Welcome-to-visit-Taizy-packing-machine-factory-300x225.webp 300w, https:\/\/taizypackaging.com\/wp-content\/uploads\/2026\/02\/Welcome-to-visit-Taizy-packing-machine-factory-16x12.webp 16w\" sizes=\"auto, (max-width: 720px) 100vw, 720px\" \/><figcaption class=\"wp-element-caption\">Bem-vindo \u00e0 visita \u00e0 f\u00e1brica de m\u00e1quinas de embalagem Taizy<\/figcaption><\/figure> <\/div>   <div class=\"wp-block-columns alignfull has-text-color is-layout-flex wp-container-core-columns-is-layout-9d6595d7 wp-block-columns-is-layout-flex\" style=\"color:#000000\"> <div class=\"wp-block-column is-layout-flow wp-block-column-is-layout-flow\"> <h3 class=\"wp-block-heading\" style=\"font-size:24px;line-height:1.3\"><strong>Profissional \u2197<\/strong><\/h3>    <p>Existem agora mais de 20 funcion\u00e1rios cient\u00edficos e t\u00e9cnicos e cooperamos com muitas universidades. Em termos de tecnologia, tem a garantia de estar na vanguarda do setor.<\/p> <\/div>    <div class=\"wp-block-column is-layout-flow wp-block-column-is-layout-flow\"> <h3 class=\"wp-block-heading\" style=\"font-size:24px;line-height:1.3\"><strong>Confi\u00e1vel \u2197<\/strong><\/h3>    <p>N\u00f3s nos concentramos na produ\u00e7\u00e3o de m\u00e1quinas de embalagem h\u00e1 mais de dez anos. Agora os tipos de m\u00e1quinas de embalagem est\u00e3o completos e podem ser customizados de acordo com a necessidade do cliente.<\/p> <\/div>    <div class=\"wp-block-column is-layout-flow wp-block-column-is-layout-flow\"> <h3 class=\"wp-block-heading\" style=\"font-size:24px;line-height:1.3\"><strong> Cliente em primeiro lugar\u2197<\/strong><\/h3>    <p>Tudo est\u00e1 centrado nas necessidades dos clientes e esperamos trazer o m\u00e1ximo de benef\u00edcios econ\u00f3micos aos clientes atrav\u00e9s de profissionalismo e esfor\u00e7os incessantes.<\/p> <\/div> <\/div>    <h2 class=\"wp-block-heading\">Bem-vindo a contactar-nos e visitar a nossa f\u00e1brica de m\u00e1quinas de embalagem<\/h2>    <p class=\"translation-block\">Recebemos calorosamente clientes de todo o mundo para nos enviarem consultas e visitarem a nossa f\u00e1brica para ver as nossas m\u00e1quinas de embalagem em funcionamento. Cerca de <strong>90% dos nossos modelos mais vendidos est\u00e3o dispon\u00edveis em stock<\/strong>, garantindo uma entrega r\u00e1pida e um tempo de espera m\u00ednimo. Mesmo para m\u00e1quinas personalizadas, podemos completar a produ\u00e7\u00e3o e organizar o envio dentro de <strong>15 dias<\/strong> para atender a prazos de projetos urgentes.<\/p>    <p class=\"translation-block\">Ap\u00f3s o envio, fornecemos atualiza\u00e7\u00f5es oportunas sobre as informa\u00e7\u00f5es log\u00edsticas para que possa acompanhar claramente o estado do seu equipamento. Assim que a m\u00e1quina chegar, a nossa equipa t\u00e9cnica enviar\u00e1 imediatamente manuais detalhados de instala\u00e7\u00e3o e opera\u00e7\u00e3o, e tamb\u00e9m oferecemos <strong>orienta\u00e7\u00e3o online e suporte remoto<\/strong> para garantir uma comissionamento suave e produ\u00e7\u00e3o eficiente.<\/p>    <figure class=\"wp-block-gallery has-nested-images columns-2 is-cropped wp-block-gallery-4 is-layout-flex wp-block-gallery-is-layout-flex\"> <figure class=\"wp-block-image size-large\"><img loading=\"lazy\" decoding=\"async\" width=\"720\" height=\"540\" data-id=\"5185\" src=\"https:\/\/taizypackaging.com\/wp-content\/uploads\/2026\/02\/packaging-machine-with-wooden-box-packing.jpg\" alt=\"m\u00e1quina de embalagem com embalagem em caixa de madeira\" class=\"wp-image-5185\" srcset=\"https:\/\/taizypackaging.com\/wp-content\/uploads\/2026\/02\/packaging-machine-with-wooden-box-packing.jpg 720w, https:\/\/taizypackaging.com\/wp-content\/uploads\/2026\/02\/packaging-machine-with-wooden-box-packing-300x225.jpg 300w, https:\/\/taizypackaging.com\/wp-content\/uploads\/2026\/02\/packaging-machine-with-wooden-box-packing-16x12.jpg 16w\" sizes=\"auto, (max-width: 720px) 100vw, 720px\" \/><figcaption class=\"wp-element-caption\">m\u00e1quina de embalagem com embalagem em caixa de madeira<\/figcaption><\/figure>    <figure class=\"wp-block-image size-large\"><img loading=\"lazy\" decoding=\"async\" width=\"720\" height=\"540\" data-id=\"5186\" src=\"https:\/\/taizypackaging.com\/wp-content\/uploads\/2026\/02\/granule-packaging-machine-for-shipping.jpg\" alt=\"m\u00e1quina de embalagem de gr\u00e2nulos para envio\" class=\"wp-image-5186\" srcset=\"https:\/\/taizypackaging.com\/wp-content\/uploads\/2026\/02\/granule-packaging-machine-for-shipping.jpg 720w, https:\/\/taizypackaging.com\/wp-content\/uploads\/2026\/02\/granule-packaging-machine-for-shipping-300x225.jpg 300w, https:\/\/taizypackaging.com\/wp-content\/uploads\/2026\/02\/granule-packaging-machine-for-shipping-16x12.jpg 16w\" sizes=\"auto, (max-width: 720px) 100vw, 720px\" \/><figcaption class=\"wp-element-caption\">m\u00e1quina de embalagem de gr\u00e2nulos para envio<\/figcaption><\/figure>    <figure class=\"wp-block-image size-large\"><img loading=\"lazy\" decoding=\"async\" width=\"720\" height=\"540\" data-id=\"5184\" src=\"https:\/\/taizypackaging.com\/wp-content\/uploads\/2026\/02\/packaging-machine-exporting.jpg\" alt=\"m\u00e1quina de embalagem exportando\" class=\"wp-image-5184\" srcset=\"https:\/\/taizypackaging.com\/wp-content\/uploads\/2026\/02\/packaging-machine-exporting.jpg 720w, https:\/\/taizypackaging.com\/wp-content\/uploads\/2026\/02\/packaging-machine-exporting-300x225.jpg 300w, https:\/\/taizypackaging.com\/wp-content\/uploads\/2026\/02\/packaging-machine-exporting-16x12.jpg 16w\" sizes=\"auto, (max-width: 720px) 100vw, 720px\" \/><figcaption class=\"wp-element-caption\">m\u00e1quina de embalagem exportando<\/figcaption><\/figure>    <figure class=\"wp-block-image size-large\"><img loading=\"lazy\" decoding=\"async\" width=\"720\" height=\"540\" data-id=\"5187\" src=\"https:\/\/taizypackaging.com\/wp-content\/uploads\/2026\/02\/packing-machine-delivery.jpg\" alt=\"entrega de m\u00e1quina de embalagem\" class=\"wp-image-5187\" srcset=\"https:\/\/taizypackaging.com\/wp-content\/uploads\/2026\/02\/packing-machine-delivery.jpg 720w, https:\/\/taizypackaging.com\/wp-content\/uploads\/2026\/02\/packing-machine-delivery-300x225.jpg 300w, https:\/\/taizypackaging.com\/wp-content\/uploads\/2026\/02\/packing-machine-delivery-16x12.jpg 16w\" sizes=\"auto, (max-width: 720px) 100vw, 720px\" \/><figcaption class=\"wp-element-caption\">entrega de m\u00e1quina de embalagem<\/figcaption><\/figure> <\/figure>    <p>Contacte-nos hoje para uma cota\u00e7\u00e3o profissional e uma solu\u00e7\u00e3o de embalagem personalizada \u2014 esperamos construir uma parceria de longo prazo consigo.<\/p>","protected":false},"excerpt":{"rendered":"<p>Taizy Machinery Taizy Packaging Machinery Co. LTD is the Taizy brand under the umbrella of Shuliy Group, specializing in the design, manufacture, and export of food processing equipment and packaging machinery. With its own factory and advanced production capabilities, Taizy offers a complete range of packaging machines \u2014 from powder fillers and spice packing machines [&hellip;]<\/p>\n","protected":false},"author":1,"featured_media":0,"parent":0,"menu_order":0,"comment_status":"closed","ping_status":"closed","template":"","meta":{"footnotes":""},"class_list":["post-18","page","type-page","status-publish","hentry"],"_links":{"self":[{"href":"https:\/\/taizypackaging.com\/pt\/wp-json\/wp\/v2\/pages\/18","targetHints":{"allow":["GET"]}}],"collection":[{"href":"https:\/\/taizypackaging.com\/pt\/wp-json\/wp\/v2\/pages"}],"about":[{"href":"https:\/\/taizypackaging.com\/pt\/wp-json\/wp\/v2\/types\/page"}],"author":[{"embeddable":true,"href":"https:\/\/taizypackaging.com\/pt\/wp-json\/wp\/v2\/users\/1"}],"replies":[{"embeddable":true,"href":"https:\/\/taizypackaging.com\/pt\/wp-json\/wp\/v2\/comments?post=18"}],"version-history":[{"count":8,"href":"https:\/\/taizypackaging.com\/pt\/wp-json\/wp\/v2\/pages\/18\/revisions"}],"predecessor-version":[{"id":5190,"href":"https:\/\/taizypackaging.com\/pt\/wp-json\/wp\/v2\/pages\/18\/revisions\/5190"}],"wp:attachment":[{"href":"https:\/\/taizypackaging.com\/pt\/wp-json\/wp\/v2\/media?parent=18"}],"curies":[{"name":"wp","href":"https:\/\/api.w.org\/{rel}","templated":true}]}}