{"id":1099,"date":"2021-02-05T09:44:16","date_gmt":"2021-02-05T09:44:16","guid":{"rendered":"https:\/\/taizypackaging.com\/?p=1099"},"modified":"2024-07-17T17:42:13","modified_gmt":"2024-07-17T09:42:13","slug":"dip-tea-bags-packing-machine","status":"publish","type":"product","link":"https:\/\/taizypackaging.com\/pt\/dip-tea-bags-packing-machine\/","title":{"rendered":"M\u00e1quina de embalagem de saquinhos de ch\u00e1 com barbante e etiqueta"},"content":{"rendered":"<div class=\"kk-star-ratings kksr-auto kksr-align-left kksr-valign-top\"     data-payload='{&quot;align&quot;:&quot;left&quot;,&quot;id&quot;:&quot;1099&quot;,&quot;slug&quot;:&quot;default&quot;,&quot;valign&quot;:&quot;top&quot;,&quot;ignore&quot;:&quot;&quot;,&quot;reference&quot;:&quot;auto&quot;,&quot;class&quot;:&quot;&quot;,&quot;count&quot;:&quot;19&quot;,&quot;legendonly&quot;:&quot;&quot;,&quot;readonly&quot;:&quot;&quot;,&quot;score&quot;:&quot;4.8&quot;,&quot;starsonly&quot;:&quot;&quot;,&quot;best&quot;:&quot;5&quot;,&quot;gap&quot;:&quot;5&quot;,&quot;greet&quot;:&quot;Rate this product&quot;,&quot;legend&quot;:&quot;4.8\\\/5 - (19 votes)&quot;,&quot;size&quot;:&quot;24&quot;,&quot;title&quot;:&quot;Tea Pouch Packing Machine with String and Tag&quot;,&quot;width&quot;:&quot;136.7&quot;,&quot;_legend&quot;:&quot;{score}\\\/{best} - ({count} {votes})&quot;,&quot;font_factor&quot;:&quot;1.25&quot;}'>              <div class=\"kksr-stars\">      <div class=\"kksr-stars-inactive\">             <div class=\"kksr-star\" data-star=\"1\" style=\"padding-right: 5px\">               <div class=\"kksr-icon\" style=\"width: 24px; height: 24px;\"><\/div>         <\/div>             <div class=\"kksr-star\" data-star=\"2\" style=\"padding-right: 5px\">               <div class=\"kksr-icon\" style=\"width: 24px; height: 24px;\"><\/div>         <\/div>             <div class=\"kksr-star\" data-star=\"3\" style=\"padding-right: 5px\">               <div class=\"kksr-icon\" style=\"width: 24px; height: 24px;\"><\/div>         <\/div>             <div class=\"kksr-star\" data-star=\"4\" style=\"padding-right: 5px\">               <div class=\"kksr-icon\" style=\"width: 24px; height: 24px;\"><\/div>         <\/div>             <div class=\"kksr-star\" data-star=\"5\" style=\"padding-right: 5px\">               <div class=\"kksr-icon\" style=\"width: 24px; height: 24px;\"><\/div>         <\/div>     <\/div>      <div class=\"kksr-stars-active\" style=\"width: 136.7px;\">             <div class=\"kksr-star\" style=\"padding-right: 5px\">               <div class=\"kksr-icon\" style=\"width: 24px; height: 24px;\"><\/div>         <\/div>             <div class=\"kksr-star\" style=\"padding-right: 5px\">               <div class=\"kksr-icon\" style=\"width: 24px; height: 24px;\"><\/div>         <\/div>             <div class=\"kksr-star\" style=\"padding-right: 5px\">               <div class=\"kksr-icon\" style=\"width: 24px; height: 24px;\"><\/div>         <\/div>             <div class=\"kksr-star\" style=\"padding-right: 5px\">               <div class=\"kksr-icon\" style=\"width: 24px; height: 24px;\"><\/div>         <\/div>             <div class=\"kksr-star\" style=\"padding-right: 5px\">               <div class=\"kksr-icon\" style=\"width: 24px; height: 24px;\"><\/div>         <\/div>     <\/div> <\/div>                   <div class=\"kksr-legend\" style=\"font-size: 19.2px;\">             4,8\/5 - (19 votos)    <\/div>     <\/div>  <p class=\"translation-block\"><strong>A m\u00e1quina<\/strong> de embalagem de saco de ch\u00e1 realiza a embalagem integrada de saquinhos de ch\u00e1 com corda e etiqueta. Esta m\u00e1quina de embalagem de saquinhos de ch\u00e1 com etiqueta \u00e9 diferente da m\u00e1quina de embalagem de saco interno e externo de ch\u00e1, e esta \u00faltima pode embalar o saco interno e o saco externo. Esta m\u00e1quina \u00e9 um equipamento autom\u00e1tico multifuncional de embalagem de saquinhos de ch\u00e1 interno com um novo tipo de selagem a quente. A corda e a etiqueta est\u00e3o conectadas ao saco interno atrav\u00e9s de um dispositivo de selagem a quente. A forma\u00e7\u00e3o da corda e da etiqueta \u00e9 conclu\u00edda ao mesmo tempo, o que evita o contato direto com o material de embalagem e melhora a efici\u00eancia do trabalho.<\/p>    <h2 class=\"wp-block-heading\" id=\"tea-packaging-machine-with-string-and-tag-working-video\">M\u00e1quina de embalagem de ch\u00e1 com v\u00eddeo de funcionamento de barbante e etiqueta<\/h2>   <figure class=\"wp-block-embed-youtube wp-block-embed is-type-video is-provider-youtube wp-embed-aspect-16-9 wp-has-aspect-ratio\"><div class=\"lyte-wrapper fourthree\" title=\"M\u00e1quina de embalagem de saquinhos de ch\u00e1 com barbante e etiqueta autom\u00e1tica para pequenas empresas\" style=\"width:960px;max-width:100%;margin:5px auto;\"><div class=\"lyMe hidef\" id=\"WYL_LG-3fs_L1ks\" itemprop=\"video\" itemscope itemtype=\"https:\/\/schema.org\/VideoObject\"><div><meta itemprop=\"thumbnailUrl\" content=\"https:\/\/taizypackaging.com\/wp-content\/plugins\/wp-youtube-lyte\/lyteCache.php?origThumbUrl=https%3A%2F%2Fi.ytimg.com%2Fvi%2FLG-3fs_L1ks%2Fmaxresdefault.jpg\" \/><meta itemprop=\"embedURL\" content=\"https:\/\/www.youtube.com\/embed\/LG-3fs_L1ks\" \/><meta itemprop=\"duration\" content=\"PT1M30S\" \/><meta itemprop=\"uploadDate\" content=\"2022-02-17T07:24:12Z\" \/><\/div><div id=\"lyte_LG-3fs_L1ks\" data-src=\"https:\/\/taizypackaging.com\/wp-content\/plugins\/wp-youtube-lyte\/lyteCache.php?origThumbUrl=https%3A%2F%2Fi.ytimg.com%2Fvi%2FLG-3fs_L1ks%2Fmaxresdefault.jpg\" class=\"pL\"><div class=\"tC\"><div class=\"tT\" itemprop=\"name\">M\u00e1quina de embalagem de saquinhos de ch\u00e1 com barbante e etiqueta autom\u00e1tica para pequenas empresas<\/div><\/div><div class=\"play\"><\/div><div class=\"ctrl\"><div class=\"Lctrl\"><\/div><div class=\"Rctrl\"><\/div><\/div><\/div><noscript><a href=\"https:\/\/youtu.be\/LG-3fs_L1ks\" rel=\"nofollow noopener\" target=\"_blank\"><img loading=\"lazy\" decoding=\"async\" src=\"https:\/\/taizypackaging.com\/wp-content\/plugins\/wp-youtube-lyte\/lyteCache.php?origThumbUrl=https%3A%2F%2Fi.ytimg.com%2Fvi%2FLG-3fs_L1ks%2F0.jpg\" alt=\"M\u00e1quina de embalagem de saquinhos de ch\u00e1 com barbante e etiqueta autom\u00e1tica para pequenas empresas\" width=\"960\" height=\"700\" \/><br \/>Assista a este v\u00eddeo no YouTube<\/a><\/noscript><meta itemprop=\"description\" content=\"#teabagpacking #teapackingmachine EMAIL: info@taizypackaging.com TEL\/WHATSAPP: +86 18837171591 USEFUL LINK: https:\/\/taizypackaging.com\/dip-tea-bags-packing-machine\/ This tea bag packing machine with string and tag is a great tea pouch packaging solution. This machine realizes the integrated tea bag packing with string and tag. This machine is an automatic multi-functional inner tea bag packaging equipment with a new heat sealing type. The string and tag are connected to the inner bag through a heat sealing device. The string and tag forming are finished at the same time, which avoids direct contact with the packing material and improves working efficiency. This kind of tea pouch packing machine with string and tag mainly consists of two systems, a feeding system, and a packaging system. It is suitable for automatic packaging of lemongrass tea, broken tea, herbal tea, coffee, plant scented tea, green tea, black tea, grain tea, barley tea, rose tea, health care tea, loose tea, etc. You may also like these videos about tea packaging equipment: Pyramid tea bag packing machine: https:\/\/www.youtube.com\/watch?v=kbEO73W2QQQ Tea packing machine with outer bag: https:\/\/www.youtube.com\/watch?v=StbYeKbuokc EMAIL: info@taizypackaging.com TEL\/WHATSAPP: +86 18837171591 USEFUL LINK: https:\/\/taizypackaging.com\/dip-tea-bags-packing-machine\/\"><\/div><\/div><div class=\"lL\" style=\"max-width:100%;width:960px;margin:5px auto;\"><\/div><figcaption><\/figcaption><\/figure>   <h2 class=\"wp-block-heading\" id=\"h-application-of-tea-inner-bag-packing-machine-with-tag\">Aplica\u00e7\u00e3o de m\u00e1quina de embalagem de saquinhos de ch\u00e1 com barbante e etiqueta<\/h2>    <p>\u00c9 adequado para o empacotamento autom\u00e1tico de ch\u00e1 de capim-lim\u00e3o, ch\u00e1 quebrado, ch\u00e1 de ervas, caf\u00e9, ch\u00e1 com aroma de plantas, ch\u00e1 verde, ch\u00e1 preto, ch\u00e1 de gr\u00e3os, ch\u00e1 de cevada, ch\u00e1 de rosa, ch\u00e1 para cuidados de sa\u00fade, ch\u00e1 a granel, etc.<\/p>    <figure class=\"wp-block-image size-full\"><img decoding=\"async\" src=\"https:\/\/taizypackaging.com\/wp-content\/uploads\/2021\/08\/\u5185\u888b\u7ebf\u8336\u53f6\u5305\u88c5\u673a_02.jpg\" alt=\"aplica\u00e7\u00f5es de m\u00e1quinas de embalagem de saquinhos de ch\u00e1\" class=\"wp-image-2587\"\/><figcaption class=\"wp-element-caption\">aplica\u00e7\u00f5es de m\u00e1quinas de embalagem de saquinhos de ch\u00e1<\/figcaption><\/figure>    <h2 class=\"wp-block-heading\" id=\"h-technical-parameters\">Par\u00e2metros t\u00e9cnicos desta m\u00e1quina de embalagem de ch\u00e1<\/h2>    <figure class=\"wp-block-table\"><table><tbody><tr><td>Medir o escopo<\/td><td>1-10g<\/td><\/tr><tr><td>tamanho da bolsa<\/td><td>50-80mm (C),45-80mm(L)<\/td><\/tr><tr><td>Tamanho da etiqueta<\/td><td>(C*L) 20*28mm\/ 20*25mm \/ 20*20mm<\/td><\/tr><tr><td>Velocidade de embalagem<\/td><td>30-60 sacos\/min<\/td><\/tr><tr><td>Dimens\u00e3o (C*L*A)<\/td><td>1250*750*1750mm<\/td><\/tr><tr><td>Peso<\/td><td>380kg<\/td><\/tr><tr><td>Poder total<\/td><td>CA 220V50HZ 1,6KW<\/td><\/tr><\/tbody><\/table><\/figure>    <h2 class=\"wp-block-heading\" id=\"h-the-details-of-tea-inner-bag-packing-machine-with-tag\">Vantagens da m\u00e1quina de embalagem de saquinhos de ch\u00e1 com etiqueta e barbante<\/h2>    <ol class=\"wp-block-list\"> <li>Painel de controle inteligente, opera\u00e7\u00e3o f\u00e1cil, controle preciso, seguro e conveniente<\/li>    <li>Conclua automaticamente o processo de alimenta\u00e7\u00e3o, pesagem, enchimento, selagem e corte.<\/li>    <li>Material de qualidade alimentar em a\u00e7o inoxid\u00e1vel 304, higi\u00eanico e confi\u00e1vel<\/li>    <li>Sistema de parada de emerg\u00eancia para garantir a seguran\u00e7a dos operadores<\/li>    <li>Servi\u00e7os padr\u00e3o e personalizados dispon\u00edveis <\/li> <\/ol>    <figure class=\"wp-block-image size-full\"><img decoding=\"async\" src=\"https:\/\/taizypackaging.com\/wp-content\/uploads\/2021\/08\/\u5185\u888b\u7ebf\u8336\u53f6\u5305\u88c5\u673a_05.jpg\" alt=\"detalhes da m\u00e1quina de embalagem de saquinhos de ch\u00e1\" class=\"wp-image-2589\"\/><figcaption class=\"wp-element-caption\">detalhes da m\u00e1quina de embalagem de saquinhos de ch\u00e1<\/figcaption><\/figure>    <h2 class=\"wp-block-heading\" id=\"h-measurement-method\">M\u00e9todos de medi\u00e7\u00e3o<\/h2>    <p>M\u00e9todo volum\u00e9trico. O copo medidor \u00e9 feito de a\u00e7o inoxid\u00e1vel 304, que \u00e9 dur\u00e1vel e confi\u00e1vel. <\/p>   <div class=\"wp-block-image wp-image-1103 size-full\"> <figure class=\"aligncenter\"><img decoding=\"async\" src=\"https:\/\/taizypackaging.com\/wp-content\/uploads\/2021\/02\/tea-packing-machine-with-string-and-tag.jpg\" alt=\"m\u00e1quina de embalagem de ch\u00e1 com barbante e etiqueta\" class=\"wp-image-3397\"\/><figcaption class=\"wp-element-caption\">m\u00e1quina de embalagem de ch\u00e1 com barbante e etiqueta<\/figcaption><\/figure> <\/div>   <h2 class=\"wp-block-heading\" id=\"h-faq-of-tea-bags-packing-machine\">Perguntas frequentes sobre m\u00e1quina de enchimento e selagem de saquinhos de ch\u00e1<\/h2>    <ul class=\"wp-block-list\"> <li>Como encontrar uma m\u00e1quina de embalagem de saquinhos de ch\u00e1 adequada? <\/li> <\/ul>    <p>Conte-nos sobre os detalhes do seu produto: Que tipo de materiais voc\u00ea precisa embalar, O tamanho dos seus materiais (voc\u00ea pode me dar uma foto).<\/p>    <ul class=\"wp-block-list\"> <li>Voc\u00ea \u00e9 uma f\u00e1brica ou empresa comercial?<\/li> <\/ul>    <p>N\u00f3s somos a f\u00e1brica e especialmente a P&amp;D. Al\u00e9m disso, fabricamos e vendemos diversas m\u00e1quinas de embalagem. Atualmente, vendemos cinco tipos de m\u00e1quinas de embalagem, e tamb\u00e9m temos m\u00e1quinas de embalagem de p\u00f3, m\u00e1quinas de embalagem granular, m\u00e1quinas de embalagem de l\u00edquidos, embalagens de pasta, etc.<\/p>    <ul class=\"wp-block-list\" start=\"3\"> <li>Qual \u00e9 a sua forma de pagamento?<\/li> <\/ul>    <p>Atualmente, nossas m\u00e1quinas foram exportadas para todo o mundo, por isso oferecemos suporte a uma variedade de m\u00e9todos de pagamento.<\/p>    <ul class=\"wp-block-list\" start=\"4\"> <li>Como podemos ter certeza da qualidade da m\u00e1quina depois de fazer o pedido?<\/li> <\/ul>    <p>Antes da entrega, enviaremos fotos e v\u00eddeos para voc\u00ea testar a qualidade da m\u00e1quina. E tamb\u00e9m voc\u00ea pode providenciar para que seus amigos na China verifiquem voc\u00ea mesmo.<\/p>    <ul class=\"wp-block-list\" start=\"5\"> <li>Por que devemos escolher sua empresa?<\/li> <\/ul>    <p>Somos profissionais em m\u00e1quinas de embalagem h\u00e1 mais de 10 anos e oferecemos um melhor servi\u00e7o p\u00f3s-venda. N\u00e3o garantimos nenhum risco para o nosso neg\u00f3cio.<\/p>    <ul class=\"wp-block-list\"> <li>Que tal o pre\u00e7o da m\u00e1quina de embalagem de saquinho interno de ch\u00e1?<\/li> <\/ul>    <p>Conforme mencionado acima, atualmente vendemos muitos tipos de m\u00e1quinas de embalagem de saquinhos de ch\u00e1 da Taizy Company, portanto os pre\u00e7os variam. Al\u00e9m disso, os pre\u00e7os que marcamos na Internet tamb\u00e9m fazem refer\u00eancia a pre\u00e7os. Porque os materiais de embalagem e a faixa de peso da embalagem determinar\u00e3o o pre\u00e7o da m\u00e1quina. Se voc\u00ea est\u00e1 pensando em comprar uma m\u00e1quina de embalar ch\u00e1, entre em contato com nosso gerente t\u00e9cnico. Ele lhe dar\u00e1 um or\u00e7amento de acordo com sua necessidade.<\/p>    <h2 class=\"wp-block-heading\" id=\"structures-of-tea-packing-machine-with-string-and-tag\">Estruturas de m\u00e1quina de embalagem de ch\u00e1 com barbante e etiqueta<\/h2>    <p>Este tipo de m\u00e1quina de embalagem de saquinhos de ch\u00e1 com barbante e etiqueta consiste principalmente em dois sistemas, um sistema de alimenta\u00e7\u00e3o e um sistema de embalagem. Para completar o processo de embalagem autom\u00e1tica de ch\u00e1, existem muitas pe\u00e7as que funcionam juntas, como funil de alimenta\u00e7\u00e3o, bandeja de alimenta\u00e7\u00e3o rotativa, painel de controle, formador de saco, transportador, etc. como ch\u00e1, r\u00f3tulos e materiais de embalagem. <\/p>    <figure class=\"wp-block-image size-full\"><img decoding=\"async\" src=\"https:\/\/taizypackaging.com\/wp-content\/uploads\/2021\/08\/\u5185\u888b\u7ebf\u8336\u53f6\u5305\u88c5\u673a_03.jpg\" alt=\"m\u00e1quina de embalagem de ch\u00e1 com estrutura de barbante e etiqueta\" class=\"wp-image-2586\"\/><figcaption class=\"wp-element-caption\">m\u00e1quina de embalagem de ch\u00e1 com estrutura de barbante e etiqueta<\/figcaption><\/figure>    <h2 class=\"wp-block-heading\" id=\"h-customer-case\">Caso do cliente<\/h2>    <p class=\"translation-block\">Um cliente africano encomendou uma m\u00e1quina de embalagem de saquinhos de ch\u00e1 de n\u00f3s para embalar ch\u00e1s soltos. Ela queria iniciar seu pr\u00f3prio neg\u00f3cio. Ap\u00f3s comunicar-se com nosso gerente t\u00e9cnico sobre os detalhes da embalagem, o pedido foi realizado. Depois de receber a m\u00e1quina, o cliente fez um teste da m\u00e1quina. Al\u00e9m disso, ele afirmou que o efeito da embalagem era muito bom. O saquinho de ch\u00e1 embalado com um envelope externo que ele embala \u00e9 muito popular no mercado. Finalmente, o cliente disse que quando o neg\u00f3cio atual se estabilizar, ele ir\u00e1 encomendar outra <a href=\"https:\/\/taizypackaging.com\/pt\/tea-packaging-machine\/\">m\u00e1quina de embalagem de saco interno e externo de ch\u00e1<\/a> de n\u00f3s para expandir seu neg\u00f3cio.<\/p>    <figure class=\"wp-block-image size-full\"><img decoding=\"async\" src=\"https:\/\/taizypackaging.com\/wp-content\/uploads\/2021\/02\/customer-feedback-of-quality-tea-bag-packing-equipment.jpg\" alt=\"feedback do cliente sobre equipamento de embalagem de saquinhos de ch\u00e1 de qualidade\" class=\"wp-image-3398\"\/><figcaption class=\"wp-element-caption\">feedback do cliente sobre equipamentos de embalagem de saquinhos de ch\u00e1 de qualidade<\/figcaption><\/figure>    <h2 class=\"wp-block-heading\" id=\"contact-us-today-to-start-your-tea-project\">Contate-nos hoje para iniciar seu projeto de ch\u00e1!<\/h2>    <p class=\"translation-block\">O ch\u00e1 de infus\u00e3o \u00e9 t\u00e3o popular quanto caf\u00e9 e ch\u00e1 com leite. E esta \u00e9 uma grande oportunidade para o neg\u00f3cio de embalagem de ch\u00e1. Uma m\u00e1quina de embalagem de saco de ch\u00e1 com corda e etiqueta \u00e9 o principal tipo de solu\u00e7\u00e3o de embalagem de ch\u00e1. Tem um tamanho pequeno e baixo custo, portanto \u00e9 bastante adequada para o seu pequeno neg\u00f3cio. Al\u00e9m disso, existem <a href=\"https:\/\/taizypackaging.com\/pt\/pyramid-tea-bag-packing-machine-price\/\">m\u00e1quinas de embalagem de ch\u00e1 em pir\u00e2mide<\/a> e m\u00e1quinas de embalagem de ch\u00e1 interno e externo da <a href=\"https:\/\/taizypackaging.com\/pt\/\">Taizy Packaging Machinery<\/a>. Se voc\u00ea est\u00e1 procurando uma m\u00e1quina de embalagem de ch\u00e1 confi\u00e1vel, entre em contato conosco para mais informa\u00e7\u00f5es \u00fateis. <\/p>","protected":false},"excerpt":{"rendered":"<p>The tea pouch packing machine realizes the integrated tea bag packing with string and tag. This dip tea bag packing machine with tag unity is different from the tea inner and outer bag packaging machine, and the latter can package the inner bag and the outer bag. This machine is an automatic multi-functional inner tea [&hellip;]<\/p>\n","protected":false},"author":1,"featured_media":2584,"parent":0,"template":"","tags":[470,482,563],"product-type":[667],"class_list":["post-1099","product","type-product","status-publish","has-post-thumbnail","hentry","tag-tea-bag-packing-machine","tag-tea-packing-machine","tag-tea-pouch-packing-machine","product-type-tea-packing-machine"],"_links":{"self":[{"href":"https:\/\/taizypackaging.com\/pt\/wp-json\/wp\/v2\/product\/1099","targetHints":{"allow":["GET"]}}],"collection":[{"href":"https:\/\/taizypackaging.com\/pt\/wp-json\/wp\/v2\/product"}],"about":[{"href":"https:\/\/taizypackaging.com\/pt\/wp-json\/wp\/v2\/types\/product"}],"author":[{"embeddable":true,"href":"https:\/\/taizypackaging.com\/pt\/wp-json\/wp\/v2\/users\/1"}],"wp:featuredmedia":[{"embeddable":true,"href":"https:\/\/taizypackaging.com\/pt\/wp-json\/wp\/v2\/media\/2584"}],"wp:attachment":[{"href":"https:\/\/taizypackaging.com\/pt\/wp-json\/wp\/v2\/media?parent=1099"}],"wp:term":[{"taxonomy":"post_tag","embeddable":true,"href":"https:\/\/taizypackaging.com\/pt\/wp-json\/wp\/v2\/tags?post=1099"},{"taxonomy":"product-type","embeddable":true,"href":"https:\/\/taizypackaging.com\/pt\/wp-json\/wp\/v2\/product-type?post=1099"}],"curies":[{"name":"wp","href":"https:\/\/api.w.org\/{rel}","templated":true}]}}