{"id":1146,"date":"2021-03-08T10:41:07","date_gmt":"2021-03-08T10:41:07","guid":{"rendered":"https:\/\/taizypackaging.com\/?p=1146"},"modified":"2024-07-17T17:38:54","modified_gmt":"2024-07-17T09:38:54","slug":"pyramid-tea-bag-packing-machine-price","status":"publish","type":"product","link":"https:\/\/taizypackaging.com\/pt\/pyramid-tea-bag-packing-machine-price\/","title":{"rendered":"M\u00e1quina de embalagem de saquinhos de ch\u00e1 em pir\u00e2mide"},"content":{"rendered":"<div class=\"kk-star-ratings kksr-auto kksr-align-left kksr-valign-top\"     data-payload='{&quot;align&quot;:&quot;left&quot;,&quot;id&quot;:&quot;1146&quot;,&quot;slug&quot;:&quot;default&quot;,&quot;valign&quot;:&quot;top&quot;,&quot;ignore&quot;:&quot;&quot;,&quot;reference&quot;:&quot;auto&quot;,&quot;class&quot;:&quot;&quot;,&quot;count&quot;:&quot;11&quot;,&quot;legendonly&quot;:&quot;&quot;,&quot;readonly&quot;:&quot;&quot;,&quot;score&quot;:&quot;4.9&quot;,&quot;starsonly&quot;:&quot;&quot;,&quot;best&quot;:&quot;5&quot;,&quot;gap&quot;:&quot;5&quot;,&quot;greet&quot;:&quot;Rate this product&quot;,&quot;legend&quot;:&quot;4.9\\\/5 - (11 votes)&quot;,&quot;size&quot;:&quot;24&quot;,&quot;title&quot;:&quot;Pyramid Tea Bag Packing Machine&quot;,&quot;width&quot;:&quot;139.6&quot;,&quot;_legend&quot;:&quot;{score}\\\/{best} - ({count} {votes})&quot;,&quot;font_factor&quot;:&quot;1.25&quot;}'>              <div class=\"kksr-stars\">      <div class=\"kksr-stars-inactive\">             <div class=\"kksr-star\" data-star=\"1\" style=\"padding-right: 5px\">               <div class=\"kksr-icon\" style=\"width: 24px; height: 24px;\"><\/div>         <\/div>             <div class=\"kksr-star\" data-star=\"2\" style=\"padding-right: 5px\">               <div class=\"kksr-icon\" style=\"width: 24px; height: 24px;\"><\/div>         <\/div>             <div class=\"kksr-star\" data-star=\"3\" style=\"padding-right: 5px\">               <div class=\"kksr-icon\" style=\"width: 24px; height: 24px;\"><\/div>         <\/div>             <div class=\"kksr-star\" data-star=\"4\" style=\"padding-right: 5px\">               <div class=\"kksr-icon\" style=\"width: 24px; height: 24px;\"><\/div>         <\/div>             <div class=\"kksr-star\" data-star=\"5\" style=\"padding-right: 5px\">               <div class=\"kksr-icon\" style=\"width: 24px; height: 24px;\"><\/div>         <\/div>     <\/div>      <div class=\"kksr-stars-active\" style=\"width: 139.6px;\">             <div class=\"kksr-star\" style=\"padding-right: 5px\">               <div class=\"kksr-icon\" style=\"width: 24px; height: 24px;\"><\/div>         <\/div>             <div class=\"kksr-star\" style=\"padding-right: 5px\">               <div class=\"kksr-icon\" style=\"width: 24px; height: 24px;\"><\/div>         <\/div>             <div class=\"kksr-star\" style=\"padding-right: 5px\">               <div class=\"kksr-icon\" style=\"width: 24px; height: 24px;\"><\/div>         <\/div>             <div class=\"kksr-star\" style=\"padding-right: 5px\">               <div class=\"kksr-icon\" style=\"width: 24px; height: 24px;\"><\/div>         <\/div>             <div class=\"kksr-star\" style=\"padding-right: 5px\">               <div class=\"kksr-icon\" style=\"width: 24px; height: 24px;\"><\/div>         <\/div>     <\/div> <\/div>                   <div class=\"kksr-legend\" style=\"font-size: 19.2px;\">             4,9\/5 - (11 votos)    <\/div>     <\/div>  <p class=\"translation-block\"><strong>M\u00e1quina de embalar saco de ch\u00e1 em pir\u00e2mide<\/strong>, ou m\u00e1quina de embalar ch\u00e1 em tri\u00e2ngulo de nylon, \u00e9 projetada para embalar produtos como ch\u00e1 verde, ch\u00e1 preto, ch\u00e1 solto, ch\u00e1 de flores, ch\u00e1 de ervas chinesas, etc. Ela pode finalizar automaticamente o processo de alimenta\u00e7\u00e3o, pesagem, enchimento, selagem e corte, de forma eficiente e segura. <\/p>    <h2 class=\"wp-block-heading\">V\u00eddeo de trabalho da m\u00e1quina de embalagem de saquinhos de ch\u00e1 em pir\u00e2mide<\/h2>   <figure class=\"wp-block-embed-youtube wp-block-embed is-type-video is-provider-youtube wp-embed-aspect-16-9 wp-has-aspect-ratio\"><div class=\"lyte-wrapper fourthree\" title=\"M\u00e1quina de embalagem de ch\u00e1 pir\u00e2mide\" style=\"width:960px;max-width:100%;margin:5px auto;\"><div class=\"lyMe hidef\" id=\"WYL_kbEO73W2QQQ\" itemprop=\"video\" itemscope itemtype=\"https:\/\/schema.org\/VideoObject\"><div><meta itemprop=\"thumbnailUrl\" content=\"https:\/\/taizypackaging.com\/wp-content\/plugins\/wp-youtube-lyte\/lyteCache.php?origThumbUrl=https%3A%2F%2Fi.ytimg.com%2Fvi%2FkbEO73W2QQQ%2Fmaxresdefault.jpg\" \/><meta itemprop=\"embedURL\" content=\"https:\/\/www.youtube.com\/embed\/kbEO73W2QQQ\" \/><meta itemprop=\"duration\" content=\"PT59S\" \/><meta itemprop=\"uploadDate\" content=\"2021-08-07T11:00:08Z\" \/><\/div><div id=\"lyte_kbEO73W2QQQ\" data-src=\"https:\/\/taizypackaging.com\/wp-content\/plugins\/wp-youtube-lyte\/lyteCache.php?origThumbUrl=https%3A%2F%2Fi.ytimg.com%2Fvi%2FkbEO73W2QQQ%2Fmaxresdefault.jpg\" class=\"pL\"><div class=\"tC\"><div class=\"tT\" itemprop=\"name\">M\u00e1quina de embalagem de ch\u00e1 pir\u00e2mide<\/div><\/div><div class=\"play\"><\/div><div class=\"ctrl\"><div class=\"Lctrl\"><\/div><div class=\"Rctrl\"><\/div><\/div><\/div><noscript><a href=\"https:\/\/youtu.be\/kbEO73W2QQQ\" rel=\"nofollow noopener\" target=\"_blank\"><img loading=\"lazy\" decoding=\"async\" src=\"https:\/\/taizypackaging.com\/wp-content\/plugins\/wp-youtube-lyte\/lyteCache.php?origThumbUrl=https%3A%2F%2Fi.ytimg.com%2Fvi%2FkbEO73W2QQQ%2F0.jpg\" alt=\"M\u00e1quina de embalagem de ch\u00e1 pir\u00e2mide\" width=\"960\" height=\"700\" \/><br \/>Assista a este v\u00eddeo no YouTube<\/a><\/noscript><meta itemprop=\"description\" content=\"WhatsApp\/Wechat\/Tel:+86 19139754781 The nylon triangle tea bag is a popular style recently, and nowadays, pyramid tea bags can be purchased in various stores around the world. As its name suggests, when you take the teabag out of the box and place it on the counter, the teabag is like a triangular pyramid. It is very suitable for brewing a cup of tea quickly. Also, there is a convenient string for drinking from the cup.If you want to learn more:https:\/\/taizypackaging.com\/pyramid-tea-bag-packing-machine-price\/\"><\/div><\/div><div class=\"lL\" style=\"max-width:100%;width:960px;margin:5px auto;\"><\/div><figcaption><\/figcaption><\/figure>   <h2 class=\"wp-block-heading\" id=\"h-applicable-materials-of-nylon-triangle-tea-packaging-machine\">Aplica\u00e7\u00f5es da m\u00e1quina embaladora de saquinhos de ch\u00e1 em pir\u00e2mide<\/h2>    <p>A m\u00e1quina de embalagem pode embalar ch\u00e1 de capim-lim\u00e3o, ch\u00e1 verde, ch\u00e1 preto, ch\u00e1 perfumado, caf\u00e9, ch\u00e1 chin\u00eas, ch\u00e1 saud\u00e1vel, ch\u00e1 de ervas, ch\u00e1 oolong, ch\u00e1 de flores, gr\u00e2nulos e assim por diante. Com um dispositivo de controle PLC inteligente, a pequena m\u00e1quina embaladora de ch\u00e1 \u00e9 muito f\u00e1cil de operar e manter. Al\u00e9m disso, possui tamanho pequeno e pre\u00e7o acess\u00edvel. Resumindo, baixo custo e alto retorno. <\/p>    <figure class=\"wp-block-image size-full\"><img decoding=\"async\" src=\"https:\/\/taizypackaging.com\/wp-content\/uploads\/2021\/08\/\u4e09\u89d2\u5305\u8336\u53f6\u5305\u88c5\u673a_02.jpg\" alt=\"M\u00e1quina de embalagem de saquinhos de ch\u00e1 em pir\u00e2mide usa\" class=\"wp-image-2604\"\/><figcaption class=\"wp-element-caption\">M\u00e1quina de embalagem de saquinhos de ch\u00e1 em pir\u00e2mide usa<\/figcaption><\/figure>    <h2 class=\"wp-block-heading\" id=\"h-the-design-features-of-pyramid-tea-bag-machine\">Caracter\u00edsticas de design da m\u00e1quina de saquinhos de ch\u00e1 em pir\u00e2mide<\/h2>    <ul class=\"wp-block-list\"> <li>Como o nome sugere, o saquinho de ch\u00e1 em pir\u00e2mide lembra uma pir\u00e2mide triangular. Al\u00e9m disso, possui cord\u00e3o para fazer ch\u00e1. Pendure a etiqueta fora da x\u00edcara ao fazer ch\u00e1. Em termos de apar\u00eancia, o saquinho de ch\u00e1 triangular \u00e9 mais atraente para os consumidores jovens.<\/li>    <li>O saquinho de ch\u00e1 Triangle tem melhor desempenho. Podemos calcular isso especificamente para dois saquinhos de ch\u00e1 com o mesmo volume. O saquinho de ch\u00e1 triangular possui maior \u00e1rea de superf\u00edcie em contato com a \u00e1gua quente. O saquinho de ch\u00e1 tradicional pode ter apenas cerca de 1\/2 da \u00e1rea de contato, enquanto o saquinho de ch\u00e1 triangular pode atingir 3\/4 da \u00e1rea de contato. Esta solu\u00e7\u00e3o de embalagem melhora o efeito de libera\u00e7\u00e3o do ch\u00e1. E \u00e9 mais f\u00e1cil fazer ch\u00e1 em pouco tempo. Al\u00e9m disso, \u00e9 mais conveniente para a loja de bebidas extrair rapidamente o ch\u00e1.<\/li>    <li>Processo de prepara\u00e7\u00e3o de ch\u00e1 mais demorado. O saquinho de ch\u00e1 em pir\u00e2mide tem uma vantagem \u00f3bvia na apar\u00eancia em rela\u00e7\u00e3o ao saquinho de ch\u00e1 tradicional. O ch\u00e1 fica no saquinho triangular para que o cervejeiro possa sentir a flutua\u00e7\u00e3o graciosa do sabor do ch\u00e1 e da \u00e1gua quente. E a experi\u00eancia de fazer ch\u00e1 mais elegante do que as embalagens de ch\u00e1 comuns.<\/li> <\/ul>   <div class=\"wp-block-image wp-image-1160 size-full\"> <figure class=\"aligncenter\"><img decoding=\"async\" src=\"https:\/\/taizypackaging.com\/wp-content\/uploads\/2021\/03\/pyramid-tea-bag-packing-machine.jpg\" alt=\"m\u00e1quina de embalagem de saquinhos de ch\u00e1 em pir\u00e2mide\" class=\"wp-image-3419\"\/><figcaption class=\"wp-element-caption\">m\u00e1quina de embalagem de saquinhos de ch\u00e1 em pir\u00e2mide<\/figcaption><\/figure> <\/div>   <h2 class=\"wp-block-heading\" id=\"h-the-details-of-pyramid-tea-packing-machine\">Detalhes da estrutura da m\u00e1quina embaladora de ch\u00e1 em pir\u00e2mide<\/h2>    <p>Uma m\u00e1quina embaladora de saquinhos de ch\u00e1 em pir\u00e2mide consiste principalmente em tr\u00eas sistemas, um sistema de controle de automa\u00e7\u00e3o, um sistema de transmiss\u00e3o de mecanismo de precis\u00e3o e um sistema de transmiss\u00e3o pneum\u00e1tica. <\/p>    <figure class=\"wp-block-image size-full\"><img loading=\"lazy\" decoding=\"async\" width=\"720\" height=\"540\" src=\"https:\/\/taizypackaging.com\/wp-content\/uploads\/2021\/03\/pyramid-tea-bag-packing-machine-parts.jpg\" alt=\"Pe\u00e7as da m\u00e1quina de embalagem de saquinhos de ch\u00e1 pir\u00e2midePe\u00e7as da m\u00e1quina de embalagem de saquinhos de ch\u00e1 pir\u00e2mide\" class=\"wp-image-4094\" srcset=\"https:\/\/taizypackaging.com\/wp-content\/uploads\/2021\/03\/pyramid-tea-bag-packing-machine-parts.jpg 720w, https:\/\/taizypackaging.com\/wp-content\/uploads\/2021\/03\/pyramid-tea-bag-packing-machine-parts-300x225.jpg 300w\" sizes=\"auto, (max-width: 720px) 100vw, 720px\" \/><figcaption class=\"wp-element-caption\">Pe\u00e7as para m\u00e1quinas de embalagem de saquinhos de ch\u00e1 em pir\u00e2mide<\/figcaption><\/figure>    <h2 class=\"wp-block-heading\" id=\"h-packaging-form-and-materials\">Forma e materiais de embalagem<\/h2>    <p class=\"translation-block\"><strong>Formas de embalagem:<\/strong> Pode ser utilizada para embalagem em saco plano, embalagem triangular, etc.<\/p>    <p class=\"translation-block\"><strong>Materiais de embalagem:<\/strong> nylon, PET, tecido n\u00e3o tecido, fibra de milho.<\/p>    <figure class=\"wp-block-gallery has-nested-images columns-3 is-cropped wp-block-gallery-2 is-layout-flex wp-block-gallery-is-layout-flex\"> <figure class=\"wp-block-image size-large\"><a href=\"https:\/\/taizypackaging.com\/wp-content\/uploads\/2021\/03\/Nylon-filter-bag.jpg\"><img decoding=\"async\" data-id=\"1158\" src=\"https:\/\/taizypackaging.com\/wp-content\/uploads\/2021\/03\/Nylon-filter-bag.jpg\" alt=\"Saco de filtro de nylon\" class=\"wp-image-1158\"\/><\/a><\/figure>    <figure class=\"wp-block-image size-large\"><a href=\"https:\/\/taizypackaging.com\/wp-content\/uploads\/2021\/03\/nylon-tea-bag-2.jpg\"><img decoding=\"async\" data-id=\"1157\" src=\"https:\/\/taizypackaging.com\/wp-content\/uploads\/2021\/03\/nylon-tea-bag-2.jpg\" alt=\"saquinho de ch\u00e1 de nylon-2\" class=\"wp-image-1157\"\/><\/a><\/figure>    <figure class=\"wp-block-image size-large\"><a href=\"https:\/\/taizypackaging.com\/wp-content\/uploads\/2021\/03\/nylon-tea-bag.jpg\"><img decoding=\"async\" data-id=\"1156\" src=\"https:\/\/taizypackaging.com\/wp-content\/uploads\/2021\/03\/nylon-tea-bag.jpg\" alt=\"saquinho de ch\u00e1 de n\u00e1ilon\" class=\"wp-image-1156\"\/><\/a><\/figure> <\/figure>    <h2 class=\"wp-block-heading\" id=\"h-technical-parameters\">Par\u00e2metros t\u00e9cnicos da m\u00e1quina embaladora de ch\u00e1 em pir\u00e2mide<\/h2>    <figure class=\"wp-block-table is-style-stripes\"><table><tbody><tr><td>Largura da bolsa<\/td><td>60-80 mm<\/td><\/tr><tr><td>Comprimento do saco<\/td><td>&nbsp;40-80 mm<\/td><\/tr><tr><td>Velocidade de embalagem<\/td><td>20, 40, 60 sacos\/min<\/td><\/tr><tr><td>Faixa de pesagem<\/td><td>1-7g<\/td><\/tr><tr><td>Poder<\/td><td>220V\/2KW<\/td><\/tr><tr><td>Press\u00e3o do ar<\/td><td>bomba de ar<\/td><\/tr><tr><td>Consumo de ar<\/td><td>0,6m3\/min<\/td><\/tr><tr><td>Peso total<\/td><td>400kg<\/td><\/tr><tr><td>Tamanho<\/td><td>&nbsp;1200*920*2060mm<\/td><\/tr><\/tbody><\/table><\/figure>    <h2 class=\"wp-block-heading\" id=\"h-difference-between-a-labeled-tea-bag-and-a-nylon-triangle-tea-bag\">Diferen\u00e7as entre um saquinho de ch\u00e1 rotulado e um saquinho de ch\u00e1 triangular de n\u00e1ilon<\/h2>    <p>O produto acabado embalado pela m\u00e1quina embaladora de ch\u00e1 em pir\u00e2mide \u00e9 diferente de outras embalagens de ch\u00e1. Os saquinhos de ch\u00e1 rotulados s\u00e3o saquinhos de ch\u00e1 retangulares padr\u00e3o. Ele \u00e9 preenchido com folhas de ch\u00e1, um cord\u00e3o \u00e9 costurado na parte superior e uma pequena etiqueta \u00e9 pregada na outra ponta do cord\u00e3o. \u00c9 conveniente preparar cerveja em uma x\u00edcara. Esses saquinhos de ch\u00e1 s\u00e3o geralmente embalados individualmente em um saco ou caixa de papel selado para ficarem o mais frescos poss\u00edvel.<\/p>    <p>O saquinho de ch\u00e1 triangular de n\u00e1ilon \u00e9 um estilo popular recentemente e, hoje em dia, os saquinhos de ch\u00e1 em pir\u00e2mide podem ser adquiridos em v\u00e1rias lojas ao redor do mundo. Como o pr\u00f3prio nome sugere, quando voc\u00ea tira o saquinho de ch\u00e1 da caixa e o coloca sobre o balc\u00e3o, o saquinho de ch\u00e1 parece uma pir\u00e2mide triangular. \u00c9 muito adequado para preparar uma x\u00edcara de ch\u00e1 rapidamente. Al\u00e9m disso, h\u00e1 um cord\u00e3o conveniente para beber no copo.<\/p>   <div class=\"wp-block-image wp-image-1147 size-full\"> <figure class=\"aligncenter\"><img decoding=\"async\" src=\"https:\/\/taizypackaging.com\/wp-content\/uploads\/2021\/03\/nylon-triangle-tea-bag.jpg\" alt=\"saquinho de ch\u00e1 triangular de n\u00e1ilon\" class=\"wp-image-1147\"\/><figcaption class=\"wp-element-caption\">saquinho de ch\u00e1 triangular de n\u00e1ilon<\/figcaption><\/figure> <\/div>   <h2 class=\"wp-block-heading\" id=\"h-pyramid-tea-bag-packing-machine-price\">Qual \u00e9 o pre\u00e7o da m\u00e1quina embaladora de saquinhos de ch\u00e1 em pir\u00e2mide? <\/h2>    <p>O pre\u00e7o da m\u00e1quina embaladora de saquinhos de ch\u00e1 em pir\u00e2mide \u00e9 bastante diferente devido \u00e0s diferentes configura\u00e7\u00f5es. Equipamos a m\u00e1quina embaladora de sacos triangulares de ch\u00e1 com balan\u00e7as. Atualmente, temos uma m\u00e1quina embaladora de ch\u00e1 em pir\u00e2mide com duas balan\u00e7as, uma m\u00e1quina embaladora triangular de ch\u00e1 com quatro balan\u00e7as e uma m\u00e1quina embaladora de ch\u00e1 triangular em n\u00e1ilon com seis balan\u00e7as.<\/p>    <p>Portanto, a velocidade de embalagem \u00e9 diferente.  Al\u00e9m disso, o pre\u00e7o da m\u00e1quina de embalagem de ch\u00e1 em pir\u00e2mide est\u00e1 relacionado a muitos outros fatores, como material da m\u00e1quina, marca do motor, custo de envio, etc. Portanto, o pre\u00e7o da m\u00e1quina de embalagem em tri\u00e2ngulo de ch\u00e1 n\u00e3o \u00e9 fixo. Se pretende conhecer uma tabela de pre\u00e7os detalhada, contacte-nos j\u00e1. Recomendamos uma m\u00e1quina de embalagem de ch\u00e1 precisa para suas necessidades reais.<\/p>    <h2 class=\"wp-block-heading\" id=\"h-why-choose-a-nylon-triangle-tea-packaging-machine\">Por que escolher uma m\u00e1quina de embalagem de ch\u00e1 triangular de nylon?<\/h2>    <ul class=\"wp-block-list\"> <li>Pode ter um efeito tridimensional. E h\u00e1 espa\u00e7o para mat\u00e9rias-primas como ch\u00e1 original, ch\u00e1 de ervas, ch\u00e1 de ginseng, ch\u00e1 de frutas, etc., se desdobrarem totalmente e exalarem sabor.<\/li>    <li>Pode ser preparado v\u00e1rias vezes e por muito tempo para aproveitar ao m\u00e1ximo o ch\u00e1 original.<\/li>    <li>Liberar\u00e1 o sabor do ch\u00e1 em pouco tempo.<\/li>    <li>Adota a onda ultrass\u00f4nica para selar sem deixar vest\u00edgios e criar a imagem de saquinhos de ch\u00e1 de alta qualidade.<\/li>    <li>\u00c9 transparente, os consumidores podem ver claramente os materiais de embalagem em seu interior.<\/li> <\/ul>    <figure class=\"wp-block-image size-full\"><img decoding=\"async\" src=\"https:\/\/taizypackaging.com\/wp-content\/uploads\/2021\/03\/pyramid-tea-bag-machine.jpg\" alt=\"m\u00e1quina de saquinho de ch\u00e1 pir\u00e2mide\" class=\"wp-image-3422\"\/><figcaption class=\"wp-element-caption\">m\u00e1quina de saquinho de ch\u00e1 pir\u00e2mide<\/figcaption><\/figure>    <h2 class=\"wp-block-heading\" id=\"h-our-service\">Quais servi\u00e7os oferecemos? <\/h2>    <p>Somos um dos principais fabricantes de m\u00e1quinas de embalagem na China. Al\u00e9m da alta qualidade e bom pre\u00e7o de nossas m\u00e1quinas, tamb\u00e9m prestamos esses servi\u00e7os. <\/p>    <ol class=\"wp-block-list\"> <li><strong>Controle de qualidade:<\/strong>  Temos um rigoroso sistema de controle de qualidade. Antes do envio, tiraremos fotos e v\u00eddeos para voc\u00ea.<\/li>    <li><strong>Servi\u00e7o p\u00f3s-venda:<\/strong> 24 horas online, manuten\u00e7\u00e3o vital\u00edcia. Manual de ingl\u00eas e ensino de v\u00eddeo.<\/li>    <li><strong>Tempo de produ\u00e7\u00e3o:<\/strong> 10-20 dias.<\/li>    <li><strong>Tens\u00e3o:<\/strong> Personalize a voltagem para o seu pa\u00eds.  <\/li> <\/ol>","protected":false},"excerpt":{"rendered":"<p>Pyramid tea bag packing machine, or nylon triangle tea packing machine, is designed for packing products like green tea, black tea, loose tea, flower tea, Chinese herb tea, etc. It can automatically finish the feeding, weighing, filling, sealing, and cutting process, efficiently and safely. Working Video of Pyramid Tea Bag Packing Machine Applications of Pyramid [&hellip;]<\/p>\n","protected":false},"author":1,"featured_media":2602,"parent":0,"template":"","tags":[307,309,383,385],"product-type":[667],"class_list":["post-1146","product","type-product","status-publish","has-post-thumbnail","hentry","tag-nylon-triangle-tea","tag-nylon-triangle-tea-packaging","tag-pyramid-tea-bag","tag-pyramid-tea-packing","product-type-tea-packing-machine"],"_links":{"self":[{"href":"https:\/\/taizypackaging.com\/pt\/wp-json\/wp\/v2\/product\/1146","targetHints":{"allow":["GET"]}}],"collection":[{"href":"https:\/\/taizypackaging.com\/pt\/wp-json\/wp\/v2\/product"}],"about":[{"href":"https:\/\/taizypackaging.com\/pt\/wp-json\/wp\/v2\/types\/product"}],"author":[{"embeddable":true,"href":"https:\/\/taizypackaging.com\/pt\/wp-json\/wp\/v2\/users\/1"}],"wp:featuredmedia":[{"embeddable":true,"href":"https:\/\/taizypackaging.com\/pt\/wp-json\/wp\/v2\/media\/2602"}],"wp:attachment":[{"href":"https:\/\/taizypackaging.com\/pt\/wp-json\/wp\/v2\/media?parent=1146"}],"wp:term":[{"taxonomy":"post_tag","embeddable":true,"href":"https:\/\/taizypackaging.com\/pt\/wp-json\/wp\/v2\/tags?post=1146"},{"taxonomy":"product-type","embeddable":true,"href":"https:\/\/taizypackaging.com\/pt\/wp-json\/wp\/v2\/product-type?post=1146"}],"curies":[{"name":"wp","href":"https:\/\/api.w.org\/{rel}","templated":true}]}}