{"id":1495,"date":"2021-05-05T01:39:03","date_gmt":"2021-05-05T01:39:03","guid":{"rendered":"https:\/\/taizypackaging.com\/?p=1495"},"modified":"2023-10-24T16:54:02","modified_gmt":"2023-10-24T08:54:02","slug":"liquid-pouch-packing-machine","status":"publish","type":"product","link":"https:\/\/taizypackaging.com\/pt\/liquid-pouch-packing-machine\/","title":{"rendered":"M\u00e1quina de embalagem de bolsas l\u00edquidas"},"content":{"rendered":"<div class=\"kk-star-ratings kksr-auto kksr-align-left kksr-valign-top\"     data-payload='{&quot;align&quot;:&quot;left&quot;,&quot;id&quot;:&quot;1495&quot;,&quot;slug&quot;:&quot;default&quot;,&quot;valign&quot;:&quot;top&quot;,&quot;ignore&quot;:&quot;&quot;,&quot;reference&quot;:&quot;auto&quot;,&quot;class&quot;:&quot;&quot;,&quot;count&quot;:&quot;9&quot;,&quot;legendonly&quot;:&quot;&quot;,&quot;readonly&quot;:&quot;&quot;,&quot;score&quot;:&quot;4.5&quot;,&quot;starsonly&quot;:&quot;&quot;,&quot;best&quot;:&quot;5&quot;,&quot;gap&quot;:&quot;5&quot;,&quot;greet&quot;:&quot;Rate this product&quot;,&quot;legend&quot;:&quot;4.5\\\/5 - (9 votes)&quot;,&quot;size&quot;:&quot;24&quot;,&quot;title&quot;:&quot;Liquid Pouch Packing Machine&quot;,&quot;width&quot;:&quot;128&quot;,&quot;_legend&quot;:&quot;{score}\\\/{best} - ({count} {votes})&quot;,&quot;font_factor&quot;:&quot;1.25&quot;}'>              <div class=\"kksr-stars\">      <div class=\"kksr-stars-inactive\">             <div class=\"kksr-star\" data-star=\"1\" style=\"padding-right: 5px\">               <div class=\"kksr-icon\" style=\"width: 24px; height: 24px;\"><\/div>         <\/div>             <div class=\"kksr-star\" data-star=\"2\" style=\"padding-right: 5px\">               <div class=\"kksr-icon\" style=\"width: 24px; height: 24px;\"><\/div>         <\/div>             <div class=\"kksr-star\" data-star=\"3\" style=\"padding-right: 5px\">               <div class=\"kksr-icon\" style=\"width: 24px; height: 24px;\"><\/div>         <\/div>             <div class=\"kksr-star\" data-star=\"4\" style=\"padding-right: 5px\">               <div class=\"kksr-icon\" style=\"width: 24px; height: 24px;\"><\/div>         <\/div>             <div class=\"kksr-star\" data-star=\"5\" style=\"padding-right: 5px\">               <div class=\"kksr-icon\" style=\"width: 24px; height: 24px;\"><\/div>         <\/div>     <\/div>      <div class=\"kksr-stars-active\" style=\"width: 128px;\">             <div class=\"kksr-star\" style=\"padding-right: 5px\">               <div class=\"kksr-icon\" style=\"width: 24px; height: 24px;\"><\/div>         <\/div>             <div class=\"kksr-star\" style=\"padding-right: 5px\">               <div class=\"kksr-icon\" style=\"width: 24px; height: 24px;\"><\/div>         <\/div>             <div class=\"kksr-star\" style=\"padding-right: 5px\">               <div class=\"kksr-icon\" style=\"width: 24px; height: 24px;\"><\/div>         <\/div>             <div class=\"kksr-star\" style=\"padding-right: 5px\">               <div class=\"kksr-icon\" style=\"width: 24px; height: 24px;\"><\/div>         <\/div>             <div class=\"kksr-star\" style=\"padding-right: 5px\">               <div class=\"kksr-icon\" style=\"width: 24px; height: 24px;\"><\/div>         <\/div>     <\/div> <\/div>                   <div class=\"kksr-legend\" style=\"font-size: 19.2px;\">             4,5\/5 - (9 votos)    <\/div>     <\/div>  <p class=\"translation-block\">A <strong>m\u00e1quina de embalagem de l\u00edquidos em sach\u00eas<\/strong> \u00e9 um tipo de m\u00e1quina autom\u00e1tica de enchimento e selagem de l\u00edquidos. \u00c9 adequada para embalar v\u00e1rios produtos l\u00edquidos, como \u00e1gua, sumo, \u00f3leo, leite, detergente, refrigerante, caf\u00e9, antiss\u00e9ptico, etc. A <strong>m\u00e1quina de embalagem de l\u00edquidos em sach\u00eas<\/strong> pode completar automaticamente o processo de forma\u00e7\u00e3o de filme, medi\u00e7\u00e3o, enchimento, selagem, corte, contagem e impress\u00e3o. Com uma estrutura simples e um ecr\u00e3 t\u00e1til de controlo PLC inteligente, \u00e9 muito f\u00e1cil de operar. Al\u00e9m disso, o <strong>equipamento de embalagem de l\u00edquidos<\/strong> foi concebido para poupar energia. A Taizy Machinery tem uma vasta experi\u00eancia na investiga\u00e7\u00e3o e fabrico de m\u00e1quinas de embalagem de l\u00edquidos e m\u00e1quinas de enchimento de l\u00edquidos de qualidade. Se estiver interessado, contacte-nos para obter o melhor pre\u00e7o. <\/p>   <figure class=\"wp-block-embed-youtube wp-block-embed is-type-video is-provider-youtube wp-embed-aspect-16-9 wp-has-aspect-ratio\"><div class=\"lyte-wrapper fourthree\" title=\"M\u00e1quina autom\u00e1tica de embalagem de bolsas l\u00edquidas para \u00e1gua, leite, \u00f3leo, suco, m\u00e1quina de enchimento e selagem\" style=\"width:960px;max-width:100%;margin:5px auto;\"><div class=\"lyMe hidef\" id=\"WYL_LPHOoR0sagI\" itemprop=\"video\" itemscope itemtype=\"https:\/\/schema.org\/VideoObject\"><div><meta itemprop=\"thumbnailUrl\" content=\"https:\/\/taizypackaging.com\/wp-content\/plugins\/wp-youtube-lyte\/lyteCache.php?origThumbUrl=https%3A%2F%2Fi.ytimg.com%2Fvi%2FLPHOoR0sagI%2Fmaxresdefault.jpg\" \/><meta itemprop=\"embedURL\" content=\"https:\/\/www.youtube.com\/embed\/LPHOoR0sagI\" \/><meta itemprop=\"duration\" content=\"PT2M7S\" \/><meta itemprop=\"uploadDate\" content=\"2022-01-18T04:01:43Z\" \/><\/div><div id=\"lyte_LPHOoR0sagI\" data-src=\"https:\/\/taizypackaging.com\/wp-content\/plugins\/wp-youtube-lyte\/lyteCache.php?origThumbUrl=https%3A%2F%2Fi.ytimg.com%2Fvi%2FLPHOoR0sagI%2Fmaxresdefault.jpg\" class=\"pL\"><div class=\"tC\"><div class=\"tT\" itemprop=\"name\">M\u00e1quina autom\u00e1tica de embalagem de bolsas l\u00edquidas para \u00e1gua, leite, \u00f3leo, suco, m\u00e1quina de enchimento e selagem<\/div><\/div><div class=\"play\"><\/div><div class=\"ctrl\"><div class=\"Lctrl\"><\/div><div class=\"Rctrl\"><\/div><\/div><\/div><noscript><a href=\"https:\/\/youtu.be\/LPHOoR0sagI\" rel=\"nofollow noopener\" target=\"_blank\"><img loading=\"lazy\" decoding=\"async\" src=\"https:\/\/taizypackaging.com\/wp-content\/plugins\/wp-youtube-lyte\/lyteCache.php?origThumbUrl=https%3A%2F%2Fi.ytimg.com%2Fvi%2FLPHOoR0sagI%2F0.jpg\" alt=\"M\u00e1quina autom\u00e1tica de embalagem de bolsas l\u00edquidas para \u00e1gua, leite, \u00f3leo, suco, m\u00e1quina de enchimento e selagem\" width=\"960\" height=\"700\" \/><br \/>Assista a este v\u00eddeo no YouTube<\/a><\/noscript><meta itemprop=\"description\" content=\"Email: info@taizypackaging.com Tel\/ WhatsApp: +86 18837171591 Website: https:\/\/taizypackaging.com\/liquid-packaging-machine-liquid-pouch-packing-machine\/ Automatic liquid pouch packing machine is designed and manufactured for pure water, mineral water, oil, juice, etc. It is a type of small vertical form filling sealing machine. With small size and affordable price, liquid pouch packing machine is absolutely suitable for your small business. The liquid packaging machine is suitable for packing milk, soy milk, soy sauce, vinegar, butter, and various liquids. The machine can automatically complete film-forming, measuring, filling, sealing, cutting, counting, and printing the production date. Stainless steel is used for the contact part of the machine and the material. The packaging form is back seal. The metering method adopts valve plug pump filling. The packaging film is sterilized. The finished bag is beautifully packed, safe, and hygienic. The packaging material adopts heat-sealable plastic film such as polyethylene or PE. Are you looking for a quality liquid sachet packing machine to benefit your factory? This automatic liquid pouch packing machine may be ideal for your project. Welcome to leave your comment to discuss with us or contact us for more details. Email: info@taizypackaging.com Tel\/ WhatsApp: +86 18837171591\"><\/div><\/div><div class=\"lL\" style=\"max-width:100%;width:960px;margin:5px auto;\"><\/div><figcaption><\/figcaption><\/figure>   <h2 class=\"wp-block-heading\" id=\"applications-of-liquid-pouch-packing-machine\">Aplica\u00e7\u00f5es da m\u00e1quina de embalagem de bolsas l\u00edquidas<\/h2>    <p class=\"translation-block\">A m\u00e1quina de embalagem de l\u00edquidos em sach\u00eas \u00e9 amplamente utilizada na ind\u00fastria de l\u00edquidos, como \u00e1gua pura, \u00e1gua mineral, \u00f3leo, sumo, leite, mel, ketchup, etc. Com alta efici\u00eancia e bom desempenho, pode melhorar extremamente a sua produtividade. Al\u00e9m disso, se precisar de uma <a href=\"https:\/\/taizypackaging.com\/pt\/bottle-filling-machine\/\">linha de enchimento de l\u00edquidos em garrafa<\/a>, est\u00e1 dispon\u00edvel connosco. Contacte-nos para mais detalhes \u00fateis. <\/p>    <figure class=\"wp-block-image size-full\"><img loading=\"lazy\" decoding=\"async\" width=\"600\" height=\"450\" src=\"https:\/\/taizypackaging.com\/wp-content\/uploads\/2021\/05\/liquid-packing-machine-applications.jpg\" alt=\"aplica\u00e7\u00f5es de m\u00e1quinas de embalagem de l\u00edquidos\" class=\"wp-image-3472\" srcset=\"https:\/\/taizypackaging.com\/wp-content\/uploads\/2021\/05\/liquid-packing-machine-applications.jpg 600w, https:\/\/taizypackaging.com\/wp-content\/uploads\/2021\/05\/liquid-packing-machine-applications-300x225.jpg 300w\" sizes=\"auto, (max-width: 600px) 100vw, 600px\" \/><figcaption class=\"wp-element-caption\">aplica\u00e7\u00f5es de m\u00e1quinas de embalagem de l\u00edquidos<\/figcaption><\/figure>    <h2 class=\"wp-block-heading\" id=\"h-main-structures-of-liquid-packing-machine\">Caracter\u00edsticas estruturais da\u00a0m\u00e1quina embaladora autom\u00e1tica de bolsas para l\u00edquidos<\/h2>    <p>A m\u00e1quina embaladora autom\u00e1tica de bolsas para l\u00edquidos conclui principalmente o formador de saco, dispositivo de veda\u00e7\u00e3o vertical, extra\u00e7\u00e3o de filme, palete inferior de descarga, painel de controle, corpo de a\u00e7o inoxid\u00e1vel, bomba de l\u00edquido. O a\u00e7o inoxid\u00e1vel \u00e9 utilizado na parte de contato da m\u00e1quina e do material. A forma de embalagem \u00e9 com lacre traseiro. O m\u00e9todo de medi\u00e7\u00e3o adota o enchimento da bomba com plugue de v\u00e1lvula. O filme da embalagem \u00e9 esterilizado. A sacola finalizada \u00e9 lindamente embalada, segura e higi\u00eanica. O material de embalagem adota filme pl\u00e1stico termosel\u00e1vel, como polietileno ou PE.<\/p>    <figure class=\"wp-block-image size-full\"><img loading=\"lazy\" decoding=\"async\" width=\"600\" height=\"450\" src=\"https:\/\/taizypackaging.com\/wp-content\/uploads\/2021\/05\/liquid-pouch-packing-machine-structure.jpg\" alt=\"estrutura da m\u00e1quina de embalagem de bolsas l\u00edquidas\" class=\"wp-image-3471\" srcset=\"https:\/\/taizypackaging.com\/wp-content\/uploads\/2021\/05\/liquid-pouch-packing-machine-structure.jpg 600w, https:\/\/taizypackaging.com\/wp-content\/uploads\/2021\/05\/liquid-pouch-packing-machine-structure-300x225.jpg 300w\" sizes=\"auto, (max-width: 600px) 100vw, 600px\" \/><figcaption class=\"wp-element-caption\">estrutura da m\u00e1quina de embalagem de bolsas l\u00edquidas<\/figcaption><\/figure>    <p>O formador de filme pode dobrar o filme pl\u00e1stico plano na embalagem do produto.\u00a0A veda\u00e7\u00e3o vertical transforma o filme da embalagem no estilo de veda\u00e7\u00e3o traseira. Ent\u00e3o, puxar o filme pode transportar o filme pl\u00e1stico de forma constante. O saco embalado com l\u00edquido sai do palete inferior de descarga, o que pode amortecer a gravidade do produto e evitar danos. O painel de controle pode controlar a temperatura de veda\u00e7\u00e3o, aquecimento, esteriliza\u00e7\u00e3o e contagem. Voc\u00ea pode ajustar a chave de acordo com suas necessidades. Materiais l\u00edquidos podem ser transportados quantitativamente.\u00a0O peso do l\u00edquido transportado \u00e9 preciso.\u00a0A bomba tem um efeito de refluxo. A v\u00e1lvula est\u00e1 aberta quando a m\u00e1quina est\u00e1 funcionando e o excesso de l\u00edquido fluir\u00e1 de volta. <\/p>    <figure class=\"wp-block-gallery has-nested-images columns-default is-cropped wp-block-gallery-2 is-layout-flex wp-block-gallery-is-layout-flex\"> <figure class=\"wp-block-image size-large\"><img decoding=\"async\" data-id=\"2188\" src=\"https:\/\/taizypackaging.com\/wp-content\/uploads\/2021\/05\/sachet-water.jpg\" alt=\"sach\u00ea de \u00e1gua\" class=\"wp-image-2188\"\/><figcaption class=\"wp-element-caption\">sach\u00ea de \u00e1gua<\/figcaption><\/figure>    <figure class=\"wp-block-image size-large\"><img decoding=\"async\" data-id=\"2187\" src=\"https:\/\/taizypackaging.com\/wp-content\/uploads\/2021\/05\/bagged-milk-1.jpg\" alt=\"leite ensacado\" class=\"wp-image-2187\"\/><figcaption class=\"wp-element-caption\">leite ensacado<\/figcaption><\/figure> <\/figure>    <h2 class=\"wp-block-heading\" id=\"h-parameter-of-liquid-pouch-packing-machine\">Par\u00e2metros da m\u00e1quina de embalagem de bolsas l\u00edquidas<\/h2>    <figure class=\"wp-block-table\"><table><tbody><tr><td>Modelo <strong><\/strong><\/td><td>AS-1000<strong><\/strong><\/td><\/tr><tr><td>Comprimento do saco<strong><\/strong><\/td><td>50-150 mm<strong><\/strong><\/td><\/tr><tr><td>Largura da bolsa<strong><\/strong><\/td><td>40-150mm<strong><\/strong><\/td><\/tr><tr><td>Largura do filme de embalagem<strong><\/strong><\/td><td>100-320mm<strong><\/strong><\/td><\/tr><tr><td>Capacidade de embalagem<strong><\/strong><\/td><td>50-500 mm<strong><\/strong><\/td><\/tr><tr><td>Velocidade de embalagem<strong><\/strong><\/td><td>2.000-2.200 mm<strong><\/strong><\/td><\/tr><tr><td>poder<strong><\/strong><\/td><td>1,6 kW<strong><\/strong><\/td><\/tr><tr><td>Dimens\u00f5es<strong><\/strong><\/td><td>880*760*1800mm<strong><\/strong><\/td><\/tr><tr><td>Qualidade geral<strong><\/strong><\/td><td>275kg<strong><\/strong><\/td><\/tr><\/tbody><\/table><\/figure>    <h2 class=\"wp-block-heading\" id=\"h-features-of-liquid-packer\"><strong> <\/strong>Processo de trabalho autom\u00e1tico da m\u00e1quina de embalagem de bolsas para l\u00edquidos<\/h2>    <p>Todo o processo de trabalho da\u00a0m\u00e1quina de embalagem de bolsas para l\u00edquidos: entrega de filme-esteriliza\u00e7\u00e3o ultravioleta-fabrica\u00e7\u00e3o de saco-enchimento e enchimento-corte de saco-produto acabado.<\/p>    <figure class=\"wp-block-image size-large is-resized\"><img decoding=\"async\" src=\"https:\/\/taizypackaging.com\/wp-content\/uploads\/2021\/05\/working-process-of-liquid-packing-machine-2.jpg\" alt=\"processo de trabalho da m\u00e1quina de embalagem de l\u00edquidos\" class=\"wp-image-1589\" style=\"width:720px;height:400px\"\/><figcaption class=\"wp-element-caption\">processo de trabalho da m\u00e1quina de embalagem de l\u00edquidos<\/figcaption><\/figure>    <h2 class=\"wp-block-heading\" id=\"features-of-automatic-liquid-packaging-machine\">Caracter\u00edsticas da m\u00e1quina autom\u00e1tica de embalagem de l\u00edquidos<\/h2>    <ol class=\"wp-block-list\"> <li>A m\u00e1quina de embalagem de l\u00edquidos pode completar automaticamente o processo de forma\u00e7\u00e3o, medi\u00e7\u00e3o, enchimento, selagem, corte, contagem e impress\u00e3o da data do saco. Ao mesmo tempo, pode ser personalizado de acordo com as necessidades do cliente.<\/li>    <li>Esta m\u00e1quina tem bom desempenho e f\u00e1cil opera\u00e7\u00e3o.<\/li>    <li> Todas as partes de contato entre a m\u00e1quina embaladora de bolsas para l\u00edquidos e o l\u00edquido usam a\u00e7o inoxid\u00e1vel 304. Al\u00e9m do mais, esta m\u00e1quina atende aos padr\u00f5es de licen\u00e7a de saneamento de alimentos e medicamentos. Pode ser equipado com esteriliza\u00e7\u00e3o UV.<\/li>    <li>O m\u00e9todo de medi\u00e7\u00e3o adota uma bomba de deslocamento positivo de \u00eambolo para enchimento e dosagem. O ajuste e a medi\u00e7\u00e3o s\u00e3o simples.<\/li>    <li>O design avan\u00e7ado garante que a m\u00e1quina seja adequada para diferentes setores. \u00c9 muito conveniente ajustar, operar e manter quando usado. Pode ser usado com diversos equipamentos de medi\u00e7\u00e3o autom\u00e1tica no pa\u00eds e no exterior.<\/li> <\/ol>    <h2 class=\"wp-block-heading\" id=\"how-much-does-a-liquid-filling-packing-machine-cost\">Quanto custa uma m\u00e1quina de embalagem para envase de l\u00edquidos? <\/h2>    <p>Existem muitos tipos de m\u00e1quinas de embalagem de bolsas para l\u00edquidos no mercado. A mesma m\u00e1quina de embalagem de l\u00edquidos de diferentes fabricantes de m\u00e1quinas de embalagem pode variar de 200 d\u00f3lares a 600 d\u00f3lares. Portanto, escolher a m\u00e1quina correta \u00e9 dif\u00edcil para os clientes. Se voc\u00ea comprar uma m\u00e1quina apenas com base no custo, a m\u00e1quina que voc\u00ea comprou pode n\u00e3o ser confi\u00e1vel. Qualidade e servi\u00e7o devem ser levados seriamente em considera\u00e7\u00e3o. E o pre\u00e7o da m\u00e1quina embaladora de bolsas para l\u00edquidos \u00e9 decidido pelo seu valor. Em suma, qualidade e servi\u00e7o s\u00e3o prioridades. Porque quanto mais tempo voc\u00ea usar uma m\u00e1quina de embalagem, menor ser\u00e1 o custo. <\/p>    <figure class=\"wp-block-image size-full\"><img decoding=\"async\" src=\"https:\/\/taizypackaging.com\/wp-content\/uploads\/2021\/05\/liquid-packing-machine-factory.jpg\" alt=\"f\u00e1brica de m\u00e1quinas de embalagem de l\u00edquidos\" class=\"wp-image-3473\"\/><figcaption class=\"wp-element-caption\">f\u00e1brica de m\u00e1quinas de embalagem de l\u00edquidos<\/figcaption><\/figure>    <h2 class=\"wp-block-heading\" id=\"h-advantages-of-automatic-liquid-packing-machine\">Vantagens da m\u00e1quina autom\u00e1tica de embalagem de sach\u00eas l\u00edquidos<\/h2>    <ol class=\"wp-block-list\"> <li>Ampla gama de embalagens: adequadas para l\u00edquidos de diversos estados e propriedades;<\/li>    <li>Opera\u00e7\u00e3o conveniente: o controle PLC e o sistema operacional de interface homem-m\u00e1quina tornam a opera\u00e7\u00e3o intuitiva e conveniente;<\/li>    <li>Adequado para diferentes tipos de embalagens;<\/li>    <li>Sistema de parada de energia perfeito para garantir o rendimento e n\u00e3o desperdi\u00e7ar sacos e materiais;<\/li>    <li>A parte de embalagem da m\u00e1quina adota materiais de a\u00e7o inoxid\u00e1vel para garantir a higieniza\u00e7\u00e3o dos materiais e atender aos padr\u00f5es GMP;<\/li>    <li>O alto grau de automa\u00e7\u00e3o: n\u00e3o tripulado em todo o processo de pesagem e embalagem, alarme autom\u00e1tico quando ocorre uma falha;<\/li>    <li>A m\u00e1quina de embalagem de l\u00edquidos adota um design \u00e0 prova d'\u00e1gua. Voc\u00ea pode lav\u00e1-lo com \u00e1gua. reduzir\u00e1 a dificuldade de manuten\u00e7\u00e3o e aumentar\u00e1 a vida \u00fatil da m\u00e1quina.<\/li> <\/ol>    <figure class=\"wp-block-image size-large\"><img decoding=\"async\" src=\"https:\/\/taizypackaging.com\/wp-content\/uploads\/2021\/05\/liquid-packing-machine-details.jpg\" alt=\"detalhes da m\u00e1quina de embalagem de l\u00edquidos\" class=\"wp-image-1586\"\/><figcaption class=\"wp-element-caption\">detalhes da m\u00e1quina de embalagem de l\u00edquidos<\/figcaption><\/figure>    <h2 class=\"wp-block-heading\" id=\"h-working-principle-of-liquid-packaging-euipment\">Princ\u00edpio de funcionamento da m\u00e1quina autom\u00e1tica de embalagem de l\u00edquidos <\/h2>    <p>O material l\u00edquido passa pela parte superior da m\u00e1quina de embalagem vindo da caixa de alimenta\u00e7\u00e3o. O material l\u00edquido fluir\u00e1 para o cilindro de alimenta\u00e7\u00e3o ap\u00f3s ser medido.\u00a0O material de embalagem (como filme de polipropileno) no rolo \u00e9 guiado para dentro da parede externa do cilindro de alimenta\u00e7\u00e3o por tr\u00eas rolos de tra\u00e7\u00e3o. Em seguida, ele \u00e9 gradualmente enrolado no cilindro adjacente pelo formador do saco de lapela e um par de revers\u00f5es cont\u00ednuas no selador longitudinal. O rolo de veda\u00e7\u00e3o longitudinal rotativo \u00e9 aquecido e pressurizado na junta de topo para ved\u00e1-lo firmemente na dire\u00e7\u00e3o longitudinal.<\/p>    <p>O rolo de veda\u00e7\u00e3o longitudinal pode desempenhar o papel de veda\u00e7\u00e3o t\u00e9rmica. Al\u00e9m disso, pode puxar e alimentar o filme ao mesmo tempo.\u00a0O material a ser embalado \u00e9 introduzido no saco pl\u00e1stico pelo cilindro de enchimento composto pela calha de alimenta\u00e7\u00e3o e pela parede interna da mesma. A veda\u00e7\u00e3o t\u00e9rmica transversal pode formar uma veda\u00e7\u00e3o transversal. Quando o cortador rotativo no dispositivo de corte entra em contato com o cortador fixo, a veda\u00e7\u00e3o transversal \u00e9 cortada ao longo da linha central. Tem como objetivo completar a veda\u00e7\u00e3o superior da embalagem e a veda\u00e7\u00e3o inferior da pr\u00f3xima sacola. O saco de embalagem com veda\u00e7\u00e3o inferior pode ser alimentado diretamente no saco e, em seguida, movido para uma esta\u00e7\u00e3o para completar a veda\u00e7\u00e3o com veda\u00e7\u00e3o superior. Depois disso, corte o dispositivo de corte para completar o processo de embalagem. Por \u00faltimo, o dispositivo de transporte transporta o produto.\u00a0Todo o processo de embalagem \u00e9 totalmente autom\u00e1tico e cont\u00ednuo.<\/p>    <h2 class=\"wp-block-heading\" id=\"h-f-q\">F&amp;Qs sobre m\u00e1quina de embalagem de l\u00edquidos<\/h2>    <ol class=\"wp-block-list\"> <li>Esta m\u00e1quina pode embalar bebidas carbonatadas?<br>A m\u00e1quina de embalagem de sacos para l\u00edquidos n\u00e3o pode embalar bebidas carbonatadas. Se quiser embalar bebidas carbonatadas, voc\u00ea pode comprar um <a href=\"https:\/\/taizypackaging.com\/pt\/automatic-liquid-filling-machine\/\" target=\"_blank\" rel=\"noreferrer noopener\">m\u00e1quina de enchimento de l\u00edquidos<\/a>.<\/li>    <li>A m\u00e1quina de embalagem de l\u00edquidos pode imprimir a data?<br>Sim. Esta m\u00e1quina est\u00e1 equipada com um dispositivo de codifica\u00e7\u00e3o para realizar a codifica\u00e7\u00e3o da data de produ\u00e7\u00e3o. O formato de codifica\u00e7\u00e3o \u00e9 a codifica\u00e7\u00e3o de carimbo de a\u00e7o.<\/li>    <li>Quanto custa a m\u00e1quina de embalagem de sacos para l\u00edquidos?<br>A m\u00e1quina possui diferentes modelos. Al\u00e9m disso, a m\u00e1quina tamb\u00e9m pode ser customizada de acordo com suas necessidades. Ent\u00e3o o pre\u00e7o \u00e9 diferente. Voc\u00ea pode entrar em contato conosco para mais detalhes.<\/li>    <li>Esta m\u00e1quina tem fun\u00e7\u00e3o de esteriliza\u00e7\u00e3o UV?<br>Sim, os raios ultravioleta esterilizam o filme da embalagem.<\/li>    <li>Como exatamente a m\u00e1quina de embalagem de l\u00edquidos carrega? Voc\u00ea precisa de um compressor de ar?<br>A bomba aspira o material de carga e flui atrav\u00e9s da tubula\u00e7\u00e3o. Nenhum compressor de ar \u00e9 necess\u00e1rio.<\/li>    <li>O peso da embalagem e o comprimento do saco s\u00e3o ajust\u00e1veis?<br>H\u00e1 um bloco de ajuste atr\u00e1s da caixa. E pode ajustar o peso e o comprimento da embalagem.<\/li> <\/ol>","protected":false},"excerpt":{"rendered":"<p>Liquid pouch packing machine here is a type of automatic liquid filling sealing machine. It is suitable for packaging various liquid products, such as water, juice, oil, milk, detergent, soda, coffee, antiseptic, etc. The liquid sachet packing machine can automatically complete the process of film-forming, measuring, filling, sealing, cutting, counting, and printing. With a simple [&hellip;]<\/p>\n","protected":false},"author":1,"featured_media":4050,"parent":0,"template":"","tags":[592,258,591],"product-type":[661],"class_list":["post-1495","product","type-product","status-publish","has-post-thumbnail","hentry","tag-automatic-liquid-packing-machine","tag-liquid-packing-machine","tag-liquid-pouch-packing-machine","product-type-liquid-packing-machines"],"_links":{"self":[{"href":"https:\/\/taizypackaging.com\/pt\/wp-json\/wp\/v2\/product\/1495","targetHints":{"allow":["GET"]}}],"collection":[{"href":"https:\/\/taizypackaging.com\/pt\/wp-json\/wp\/v2\/product"}],"about":[{"href":"https:\/\/taizypackaging.com\/pt\/wp-json\/wp\/v2\/types\/product"}],"author":[{"embeddable":true,"href":"https:\/\/taizypackaging.com\/pt\/wp-json\/wp\/v2\/users\/1"}],"wp:featuredmedia":[{"embeddable":true,"href":"https:\/\/taizypackaging.com\/pt\/wp-json\/wp\/v2\/media\/4050"}],"wp:attachment":[{"href":"https:\/\/taizypackaging.com\/pt\/wp-json\/wp\/v2\/media?parent=1495"}],"wp:term":[{"taxonomy":"post_tag","embeddable":true,"href":"https:\/\/taizypackaging.com\/pt\/wp-json\/wp\/v2\/tags?post=1495"},{"taxonomy":"product-type","embeddable":true,"href":"https:\/\/taizypackaging.com\/pt\/wp-json\/wp\/v2\/product-type?post=1495"}],"curies":[{"name":"wp","href":"https:\/\/api.w.org\/{rel}","templated":true}]}}